{"id":22893,"date":"2026-01-30T17:11:22","date_gmt":"2026-01-30T15:11:22","guid":{"rendered":"https:\/\/skaitytaknyga.lt\/?post_type=product&#038;p=22893"},"modified":"2026-03-18T11:44:41","modified_gmt":"2026-03-18T09:44:41","slug":"palaimintasis-jurgis-matulaitis-strichai-portretui","status":"publish","type":"product","link":"https:\/\/skaitytaknyga.lt\/en\/produktas\/palaimintasis-jurgis-matulaitis-strichai-portretui\/","title":{"rendered":"Palaimintasis Jurgis Matulaitis: \u0161trichai portretui"},"content":{"rendered":"<p>\u201eSteb\u0117tinu keliu patinka Tau, Vie\u0161patie, mane vesti. Bet kas Tavo kelius ir sumanymus atsp\u0117s&#8221;, \u2013 savo dienora\u0161tyje ra\u0161\u0117 palaimintasis Jurgis.<\/p>\n<p>Kai sklaidysite \u0161ios knygos puslapius, kvie\u010diu jus susitikti Lietuvos palaimint\u0105j\u012f, arkivyskup\u0105 Jurg\u012f Matulait\u012f. \u017dvelkime \u012f jo gyvenim\u0105, nuspalvint\u0105 na\u0161lai\u010dio patirtimi, pa\u017eenklint\u0105 liga ir kan\u010dia, atsakingomis pareigomis ir vienuoliniu nuolankumu, uolia tarnyste \u017emon\u0117ms, meile ir i\u0161tikimybe Dievui ir Jo Ba\u017eny\u010diai. Atpa\u017einkime jo dr\u0105si\u0173 \u017eingsni\u0173, \u012f\u017evalg\u0173, pranokstan\u010di\u0173 laikmet\u012f, kantriai pakeliam\u0173 sunkum\u0173, pikta nugal\u0117jimo gerumu versm\u0119.<\/p>\n<p>\u201eVie\u0161patie, kaip a\u0161 Tave myliu. Duok, kad ir myl\u0117\u010diau, ir myl\u0117ti nenusto\u010diau niekados. \u0160irdis mano dega.&#8221; Palaimintojo Jurgio \u0161irdis nor\u0117jo visus apgl\u0117bti, visiems pad\u0117ti. Jis buvo bi\u010diulis neturt\u0117liams ir nelaimingiesiems. R\u016bpinosi, kad vie\u0161pataut\u0173 meil\u0117, kad neb\u016bt\u0173 barni\u0173, nuoskaud\u0173. Buvo atlaidus piktiems, parama silpniems, u\u017euov\u0117ja geriems. Jis \u017evelg\u0117 ne \u012f save, galvojo ne apie save. Taip i\u0161dalijo savo laik\u0105, sveikat\u0105&#8230;<\/p>\n<p>Tegu palaimintojo Jurgio u\u017etarimas ir gyvenimo pavyzdys jus padr\u0105sins eiti jo pramintu keliu, \u201edr\u0105siai ir narsiai prie tikslo keliu, kur\u012f Dievas mums rodo, kur Dvasia mus veda&#8221;.<\/p>\n<p>\u0160v\u010d. M. Marijos Nekaltojo Prasid\u0117jimo<br \/>\nvargdieni\u0173 seser\u0173 vienuolijos vyresnioji<br \/>\nsesuo Jolita Matulaityt\u0117<\/p>\n<p>Nereikia nei susi\u017eav\u0117jim\u0105 kelian\u010di\u0173 darb\u0173, nei stebukl\u0173, bet vien tik nuolankios, ramios, i\u0161tvermingos i\u0161tikimyb\u0117s ma\u017euose dalykuose. Tai ir yra pats did\u017eiausias stebuklas. Tai tiesa, kurios vykdymas pripildo \u017eem\u0119 dorybe, o dang\u0173 \u2013 \u0161ventaisiais.<\/p>\n<p>Pal. Jurgis Matulaitis<br \/>\nManuscripta polona,<br \/>\nasketin\u0117 konferencija \u201eDe Beata Maria Virgine&#8221;<br \/>\n(Apie \u0160v\u010d. Mergel\u0119 Marij\u0105)<\/p>\n","protected":false},"excerpt":{"rendered":"<p>\u201eSteb\u0117tinu keliu patinka Tau, Vie\u0161patie, mane vesti. Bet kas Tavo kelius ir sumanymus atsp\u0117s&#8221;, \u2013 savo dienora\u0161tyje ra\u0161\u0117 palaimintasis Jurgis. Kai sklaidysite \u0161ios knygos puslapius, kvie\u010diu jus susitikti Lietuvos palaimint\u0105j\u012f, arkivyskup\u0105 Jurg\u012f Matulait\u012f. \u017dvelkime \u012f jo gyvenim\u0105, nuspalvint\u0105 na\u0161lai\u010dio patirtimi, pa\u017eenklint\u0105 liga ir kan\u010dia, atsakingomis pareigomis ir vienuoliniu nuolankumu, uolia tarnyste \u017emon\u0117ms, meile ir i\u0161tikimybe Dievui ir Jo Ba\u017eny\u010diai. Atpa\u017einkime jo dr\u0105si\u0173 \u017eingsni\u0173, \u012f\u017evalg\u0173, pranokstan\u010di\u0173 laikmet\u012f, kantriai pakeliam\u0173 sunkum\u0173, pikta nugal\u0117jimo gerumu versm\u0119. \u201eVie\u0161patie, kaip a\u0161 Tave myliu. Duok, kad ir myl\u0117\u010diau, ir myl\u0117ti nenusto\u010diau niekados. \u0160irdis mano dega.&#8221; Palaimintojo Jurgio \u0161irdis nor\u0117jo visus apgl\u0117bti, visiems pad\u0117ti. Jis buvo bi\u010diulis neturt\u0117liams ir nelaimingiesiems. R\u016bpinosi, kad vie\u0161pataut\u0173 meil\u0117, kad neb\u016bt\u0173 barni\u0173, nuoskaud\u0173. Buvo atlaidus piktiems, parama silpniems, u\u017euov\u0117ja geriems. Jis \u017evelg\u0117 ne \u012f save, galvojo ne apie save. Taip i\u0161dalijo savo laik\u0105, sveikat\u0105&#8230; Tegu palaimintojo Jurgio u\u017etarimas ir gyvenimo pavyzdys jus padr\u0105sins eiti jo pramintu keliu, \u201edr\u0105siai ir narsiai prie tikslo keliu, kur\u012f Dievas mums rodo, kur Dvasia mus veda&#8221;. \u0160v\u010d. M. Marijos Nekaltojo Prasid\u0117jimo vargdieni\u0173 seser\u0173 vienuolijos vyresnioji sesuo Jolita Matulaityt\u0117 Nereikia nei susi\u017eav\u0117jim\u0105 kelian\u010di\u0173 darb\u0173, nei stebukl\u0173, bet vien tik nuolankios, ramios, i\u0161tvermingos i\u0161tikimyb\u0117s ma\u017euose dalykuose. Tai ir yra pats did\u017eiausias stebuklas. Tai tiesa, kurios vykdymas pripildo \u017eem\u0119 dorybe, o dang\u0173 \u2013 \u0161ventaisiais. Pal. Jurgis Matulaitis Manuscripta polona, asketin\u0117 konferencija \u201eDe Beata Maria Virgine&#8221; (Apie \u0160v\u010d. Mergel\u0119 Marij\u0105)<\/p>\n","protected":false},"featured_media":22899,"comment_status":"open","ping_status":"closed","template":"","meta":{"_acf_changed":false,"site-sidebar-layout":"default","site-content-layout":"","ast-site-content-layout":"default","site-content-style":"default","site-sidebar-style":"default","ast-global-header-display":"","ast-banner-title-visibility":"","ast-main-header-display":"","ast-hfb-above-header-display":"","ast-hfb-below-header-display":"","ast-hfb-mobile-header-display":"","site-post-title":"","ast-breadcrumbs-content":"","ast-featured-img":"","footer-sml-layout":"","ast-disable-related-posts":"","theme-transparent-header-meta":"","adv-header-id-meta":"","stick-header-meta":"","header-above-stick-meta":"","header-main-stick-meta":"","header-below-stick-meta":"","astra-migrate-meta-layouts":"default","ast-page-background-enabled":"default","ast-page-background-meta":{"desktop":{"background-color":"","background-image":"","background-repeat":"repeat","background-position":"center center","background-size":"auto","background-attachment":"scroll","background-type":"","background-media":"","overlay-type":"","overlay-color":"","overlay-opacity":"","overlay-gradient":""},"tablet":{"background-color":"","background-image":"","background-repeat":"repeat","background-position":"center center","background-size":"auto","background-attachment":"scroll","background-type":"","background-media":"","overlay-type":"","overlay-color":"","overlay-opacity":"","overlay-gradient":""},"mobile":{"background-color":"","background-image":"","background-repeat":"repeat","background-position":"center center","background-size":"auto","background-attachment":"scroll","background-type":"","background-media":"","overlay-type":"","overlay-color":"","overlay-opacity":"","overlay-gradient":""}},"ast-content-background-meta":{"desktop":{"background-color":"var(--ast-global-color-4)","background-image":"","background-repeat":"repeat","background-position":"center center","background-size":"auto","background-attachment":"scroll","background-type":"","background-media":"","overlay-type":"","overlay-color":"","overlay-opacity":"","overlay-gradient":""},"tablet":{"background-color":"var(--ast-global-color-4)","background-image":"","background-repeat":"repeat","background-position":"center center","background-size":"auto","background-attachment":"scroll","background-type":"","background-media":"","overlay-type":"","overlay-color":"","overlay-opacity":"","overlay-gradient":""},"mobile":{"background-color":"var(--ast-global-color-4)","background-image":"","background-repeat":"repeat","background-position":"center center","background-size":"auto","background-attachment":"scroll","background-type":"","background-media":"","overlay-type":"","overlay-color":"","overlay-opacity":"","overlay-gradient":""}}},"product_brand":[],"product_cat":[9753],"product_tag":[9351],"class_list":{"0":"post-22893","1":"product","2":"type-product","3":"status-publish","4":"has-post-thumbnail","6":"product_cat-religija","7":"product_tag-viktorija-pleckaityte","8":"desktop-align-left","9":"tablet-align-left","10":"mobile-align-left","12":"first","13":"instock","14":"shipping-taxable","15":"purchasable","16":"product-type-simple"},"acf":[],"yoast_head":"<!-- This site is optimized with the Yoast SEO plugin v27.0 - https:\/\/yoast.com\/product\/yoast-seo-wordpress\/ -->\n<title>Palaimintasis Jurgis Matulaitis: \u0161trichai portretui<\/title>\n<meta name=\"description\" content=\"\u201eSteb\u0117tinu keliu patinka Tau, Vie\u0161patie, mane vesti. Bet kas Tavo kelius ir sumanymus atsp\u0117s&quot;, \u2013 savo dienora\u0161tyje ra\u0161\u0117 palaimintasis Jurgis. Kai\" \/>\n<meta name=\"robots\" content=\"index, follow, max-snippet:-1, max-image-preview:large, max-video-preview:-1\" \/>\n<link rel=\"canonical\" href=\"https:\/\/skaitytaknyga.lt\/en\/produktas\/palaimintasis-jurgis-matulaitis-strichai-portretui\/\" \/>\n<meta property=\"og:locale\" content=\"en_GB\" \/>\n<meta property=\"og:locale:alternate\" content=\"lt_LT\" \/>\n<meta property=\"og:type\" content=\"article\" \/>\n<meta property=\"og:title\" content=\"Palaimintasis Jurgis Matulaitis: \u0161trichai portretui\" \/>\n<meta property=\"og:description\" content=\"\u201eSteb\u0117tinu keliu patinka Tau, Vie\u0161patie, mane vesti. Bet kas Tavo kelius ir sumanymus atsp\u0117s&quot;, \u2013 savo dienora\u0161tyje ra\u0161\u0117 palaimintasis Jurgis. Kai\" \/>\n<meta property=\"og:url\" content=\"https:\/\/skaitytaknyga.lt\/en\/produktas\/palaimintasis-jurgis-matulaitis-strichai-portretui\/\" \/>\n<meta property=\"og:site_name\" content=\"Skaitytaknyga\" \/>\n<meta property=\"article:publisher\" content=\"https:\/\/www.facebook.com\/skaitytaknyga\/\" \/>\n<meta property=\"article:modified_time\" content=\"2026-03-18T09:44:41+00:00\" \/>\n<meta property=\"og:image\" content=\"https:\/\/skaitytaknyga.lt\/wp-content\/uploads\/2026\/01\/1657282985_vp_pjm-strichai_vir-1.webp\" \/>\n\t<meta property=\"og:image:width\" content=\"300\" \/>\n\t<meta property=\"og:image:height\" content=\"443\" \/>\n\t<meta property=\"og:image:type\" content=\"image\/webp\" \/>\n<meta name=\"twitter:card\" content=\"summary_large_image\" \/>\n<meta name=\"twitter:label1\" content=\"Estimated reading time\" \/>\n\t<meta name=\"twitter:data1\" content=\"1 minute\" \/>\n<script type=\"application\/ld+json\" class=\"yoast-schema-graph\">{\"@context\":\"https:\/\/schema.org\",\"@graph\":[{\"@type\":\"WebPage\",\"@id\":\"https:\/\/skaitytaknyga.lt\/produktas\/palaimintasis-jurgis-matulaitis-strichai-portretui\/\",\"url\":\"https:\/\/skaitytaknyga.lt\/produktas\/palaimintasis-jurgis-matulaitis-strichai-portretui\/\",\"name\":\"Palaimintasis Jurgis Matulaitis: \u0161trichai portretui\",\"isPartOf\":{\"@id\":\"https:\/\/skaitytaknyga.lt\/#website\"},\"primaryImageOfPage\":{\"@id\":\"https:\/\/skaitytaknyga.lt\/produktas\/palaimintasis-jurgis-matulaitis-strichai-portretui\/#primaryimage\"},\"image\":{\"@id\":\"https:\/\/skaitytaknyga.lt\/produktas\/palaimintasis-jurgis-matulaitis-strichai-portretui\/#primaryimage\"},\"thumbnailUrl\":\"https:\/\/skaitytaknyga.lt\/wp-content\/uploads\/2026\/01\/1657282985_vp_pjm-strichai_vir-1.webp\",\"datePublished\":\"2026-01-30T15:11:22+00:00\",\"dateModified\":\"2026-03-18T09:44:41+00:00\",\"description\":\"\u201eSteb\u0117tinu keliu patinka Tau, Vie\u0161patie, mane vesti. Bet kas Tavo kelius ir sumanymus atsp\u0117s\\\", \u2013 savo dienora\u0161tyje ra\u0161\u0117 palaimintasis Jurgis. Kai\",\"breadcrumb\":{\"@id\":\"https:\/\/skaitytaknyga.lt\/produktas\/palaimintasis-jurgis-matulaitis-strichai-portretui\/#breadcrumb\"},\"inLanguage\":\"en-GB\",\"potentialAction\":[{\"@type\":\"ReadAction\",\"target\":[\"https:\/\/skaitytaknyga.lt\/produktas\/palaimintasis-jurgis-matulaitis-strichai-portretui\/\"]}]},{\"@type\":\"ImageObject\",\"inLanguage\":\"en-GB\",\"@id\":\"https:\/\/skaitytaknyga.lt\/produktas\/palaimintasis-jurgis-matulaitis-strichai-portretui\/#primaryimage\",\"url\":\"https:\/\/skaitytaknyga.lt\/wp-content\/uploads\/2026\/01\/1657282985_vp_pjm-strichai_vir-1.webp\",\"contentUrl\":\"https:\/\/skaitytaknyga.lt\/wp-content\/uploads\/2026\/01\/1657282985_vp_pjm-strichai_vir-1.webp\",\"width\":300,\"height\":443,\"caption\":\"Palaimintasis Jurgis Matulaitis: \u0161trichai portretui\"},{\"@type\":\"BreadcrumbList\",\"@id\":\"https:\/\/skaitytaknyga.lt\/produktas\/palaimintasis-jurgis-matulaitis-strichai-portretui\/#breadcrumb\",\"itemListElement\":[{\"@type\":\"ListItem\",\"position\":1,\"name\":\"Home\",\"item\":\"https:\/\/skaitytaknyga.lt\/\"},{\"@type\":\"ListItem\",\"position\":2,\"name\":\"Parduotuv\u0117\",\"item\":\"https:\/\/skaitytaknyga.lt\/knygu-parduotuve\/\"},{\"@type\":\"ListItem\",\"position\":3,\"name\":\"Palaimintasis Jurgis Matulaitis: \u0161trichai portretui\"}]},{\"@type\":\"WebSite\",\"@id\":\"https:\/\/skaitytaknyga.lt\/#website\",\"url\":\"https:\/\/skaitytaknyga.lt\/\",\"name\":\"skaitytaknyga.lt\",\"description\":\"Skaitytaknyga.lt \u2013 tai ma\u017eas \u0161eimos verslas, kuris prasid\u0117jo nuo meil\u0117s knygoms ir siekio i\u0161gelb\u0117ti knygas nuo likimo prie konteinerio. Kas vienam nereikalingas daiktas \u2013 kitam lobis, o mes esame tarpininkai, kurie padeda abiems tapti laimingesniems ???? \u017dinome kaip nelengva i\u0161gyventi ma\u017eiems verslams, tad nuo \u0161iol, \u010dia rasite ir kit\u0173, ma\u017e\u0173 \u0161eim\u0173 versl\u0173, rank\u0173 darbo, dovan\u0173 sau ir artimiesiems.\",\"publisher\":{\"@id\":\"https:\/\/skaitytaknyga.lt\/#organization\"},\"potentialAction\":[{\"@type\":\"SearchAction\",\"target\":{\"@type\":\"EntryPoint\",\"urlTemplate\":\"https:\/\/skaitytaknyga.lt\/?s={search_term_string}\"},\"query-input\":{\"@type\":\"PropertyValueSpecification\",\"valueRequired\":true,\"valueName\":\"search_term_string\"}}],\"inLanguage\":\"en-GB\"},{\"@type\":\"Organization\",\"@id\":\"https:\/\/skaitytaknyga.lt\/#organization\",\"name\":\"skaitytaknyga.lt\",\"url\":\"https:\/\/skaitytaknyga.lt\/\",\"logo\":{\"@type\":\"ImageObject\",\"inLanguage\":\"en-GB\",\"@id\":\"https:\/\/skaitytaknyga.lt\/#\/schema\/logo\/image\/\",\"url\":\"https:\/\/skaitytaknyga.lt\/wp-content\/uploads\/2024\/05\/cropped-cropped-cropped-02_00843_jt3bggkj1j3HLc7SyY6rEUpg.jpeg\",\"contentUrl\":\"https:\/\/skaitytaknyga.lt\/wp-content\/uploads\/2024\/05\/cropped-cropped-cropped-02_00843_jt3bggkj1j3HLc7SyY6rEUpg.jpeg\",\"width\":1600,\"height\":1600,\"caption\":\"skaitytaknyga.lt\"},\"image\":{\"@id\":\"https:\/\/skaitytaknyga.lt\/#\/schema\/logo\/image\/\"},\"sameAs\":[\"https:\/\/www.facebook.com\/skaitytaknyga\/\"]}]}<\/script>\n<!-- \/ Yoast SEO plugin. -->","yoast_head_json":{"title":"Palaimintasis Jurgis Matulaitis: \u0161trichai portretui","description":"\u201eSteb\u0117tinu keliu patinka Tau, Vie\u0161patie, mane vesti. Bet kas Tavo kelius ir sumanymus atsp\u0117s\", \u2013 savo dienora\u0161tyje ra\u0161\u0117 palaimintasis Jurgis. Kai","robots":{"index":"index","follow":"follow","max-snippet":"max-snippet:-1","max-image-preview":"max-image-preview:large","max-video-preview":"max-video-preview:-1"},"canonical":"https:\/\/skaitytaknyga.lt\/en\/produktas\/palaimintasis-jurgis-matulaitis-strichai-portretui\/","og_locale":"en_GB","og_type":"article","og_title":"[:lt]Palaimintasis Jurgis Matulaitis: \u0161trichai portretui[:] - Skaitytaknyga","og_description":"\u201eSteb\u0117tinu keliu patinka Tau, Vie\u0161patie, mane vesti. Bet kas Tavo kelius ir sumanymus atsp\u0117s\", \u2013 savo dienora\u0161tyje ra\u0161\u0117 palaimintasis Jurgis. Kai","og_url":"https:\/\/skaitytaknyga.lt\/en\/produktas\/palaimintasis-jurgis-matulaitis-strichai-portretui\/","og_site_name":"Skaitytaknyga","article_publisher":"https:\/\/www.facebook.com\/skaitytaknyga\/","article_modified_time":"2026-03-18T09:44:41+00:00","og_image":[{"width":300,"height":443,"url":"https:\/\/skaitytaknyga.lt\/wp-content\/uploads\/2026\/01\/1657282985_vp_pjm-strichai_vir-1.webp","type":"image\/webp"}],"twitter_card":"summary_large_image","twitter_misc":{"Estimated reading time":"1 minute"},"schema":{"@context":"https:\/\/schema.org","@graph":[{"@type":"WebPage","@id":"https:\/\/skaitytaknyga.lt\/produktas\/palaimintasis-jurgis-matulaitis-strichai-portretui\/","url":"https:\/\/skaitytaknyga.lt\/produktas\/palaimintasis-jurgis-matulaitis-strichai-portretui\/","name":"Palaimintasis Jurgis Matulaitis: \u0161trichai portretui","isPartOf":{"@id":"https:\/\/skaitytaknyga.lt\/#website"},"primaryImageOfPage":{"@id":"https:\/\/skaitytaknyga.lt\/produktas\/palaimintasis-jurgis-matulaitis-strichai-portretui\/#primaryimage"},"image":{"@id":"https:\/\/skaitytaknyga.lt\/produktas\/palaimintasis-jurgis-matulaitis-strichai-portretui\/#primaryimage"},"thumbnailUrl":"https:\/\/skaitytaknyga.lt\/wp-content\/uploads\/2026\/01\/1657282985_vp_pjm-strichai_vir-1.webp","datePublished":"2026-01-30T15:11:22+00:00","dateModified":"2026-03-18T09:44:41+00:00","description":"\u201eSteb\u0117tinu keliu patinka Tau, Vie\u0161patie, mane vesti. Bet kas Tavo kelius ir sumanymus atsp\u0117s\", \u2013 savo dienora\u0161tyje ra\u0161\u0117 palaimintasis Jurgis. Kai","breadcrumb":{"@id":"https:\/\/skaitytaknyga.lt\/produktas\/palaimintasis-jurgis-matulaitis-strichai-portretui\/#breadcrumb"},"inLanguage":"en-GB","potentialAction":[{"@type":"ReadAction","target":["https:\/\/skaitytaknyga.lt\/produktas\/palaimintasis-jurgis-matulaitis-strichai-portretui\/"]}]},{"@type":"ImageObject","inLanguage":"en-GB","@id":"https:\/\/skaitytaknyga.lt\/produktas\/palaimintasis-jurgis-matulaitis-strichai-portretui\/#primaryimage","url":"https:\/\/skaitytaknyga.lt\/wp-content\/uploads\/2026\/01\/1657282985_vp_pjm-strichai_vir-1.webp","contentUrl":"https:\/\/skaitytaknyga.lt\/wp-content\/uploads\/2026\/01\/1657282985_vp_pjm-strichai_vir-1.webp","width":300,"height":443,"caption":"Palaimintasis Jurgis Matulaitis: \u0161trichai portretui"},{"@type":"BreadcrumbList","@id":"https:\/\/skaitytaknyga.lt\/produktas\/palaimintasis-jurgis-matulaitis-strichai-portretui\/#breadcrumb","itemListElement":[{"@type":"ListItem","position":1,"name":"Home","item":"https:\/\/skaitytaknyga.lt\/"},{"@type":"ListItem","position":2,"name":"Parduotuv\u0117","item":"https:\/\/skaitytaknyga.lt\/knygu-parduotuve\/"},{"@type":"ListItem","position":3,"name":"Palaimintasis Jurgis Matulaitis: \u0161trichai portretui"}]},{"@type":"WebSite","@id":"https:\/\/skaitytaknyga.lt\/#website","url":"https:\/\/skaitytaknyga.lt\/","name":"skaitytaknyga.lt","description":"Skaitytaknyga.lt \u2013 tai ma\u017eas \u0161eimos verslas, kuris prasid\u0117jo nuo meil\u0117s knygoms ir siekio i\u0161gelb\u0117ti knygas nuo likimo prie konteinerio. Kas vienam nereikalingas daiktas \u2013 kitam lobis, o mes esame tarpininkai, kurie padeda abiems tapti laimingesniems ???? \u017dinome kaip nelengva i\u0161gyventi ma\u017eiems verslams, tad nuo \u0161iol, \u010dia rasite ir kit\u0173, ma\u017e\u0173 \u0161eim\u0173 versl\u0173, rank\u0173 darbo, dovan\u0173 sau ir artimiesiems.","publisher":{"@id":"https:\/\/skaitytaknyga.lt\/#organization"},"potentialAction":[{"@type":"SearchAction","target":{"@type":"EntryPoint","urlTemplate":"https:\/\/skaitytaknyga.lt\/?s={search_term_string}"},"query-input":{"@type":"PropertyValueSpecification","valueRequired":true,"valueName":"search_term_string"}}],"inLanguage":"en-GB"},{"@type":"Organization","@id":"https:\/\/skaitytaknyga.lt\/#organization","name":"skaitytaknyga.lt","url":"https:\/\/skaitytaknyga.lt\/","logo":{"@type":"ImageObject","inLanguage":"en-GB","@id":"https:\/\/skaitytaknyga.lt\/#\/schema\/logo\/image\/","url":"https:\/\/skaitytaknyga.lt\/wp-content\/uploads\/2024\/05\/cropped-cropped-cropped-02_00843_jt3bggkj1j3HLc7SyY6rEUpg.jpeg","contentUrl":"https:\/\/skaitytaknyga.lt\/wp-content\/uploads\/2024\/05\/cropped-cropped-cropped-02_00843_jt3bggkj1j3HLc7SyY6rEUpg.jpeg","width":1600,"height":1600,"caption":"skaitytaknyga.lt"},"image":{"@id":"https:\/\/skaitytaknyga.lt\/#\/schema\/logo\/image\/"},"sameAs":["https:\/\/www.facebook.com\/skaitytaknyga\/"]}]}},"_links":{"self":[{"href":"https:\/\/skaitytaknyga.lt\/en\/wp-json\/wp\/v2\/product\/22893","targetHints":{"allow":["GET"]}}],"collection":[{"href":"https:\/\/skaitytaknyga.lt\/en\/wp-json\/wp\/v2\/product"}],"about":[{"href":"https:\/\/skaitytaknyga.lt\/en\/wp-json\/wp\/v2\/types\/product"}],"replies":[{"embeddable":true,"href":"https:\/\/skaitytaknyga.lt\/en\/wp-json\/wp\/v2\/comments?post=22893"}],"wp:featuredmedia":[{"embeddable":true,"href":"https:\/\/skaitytaknyga.lt\/en\/wp-json\/wp\/v2\/media\/22899"}],"wp:attachment":[{"href":"https:\/\/skaitytaknyga.lt\/en\/wp-json\/wp\/v2\/media?parent=22893"}],"wp:term":[{"taxonomy":"product_brand","embeddable":true,"href":"https:\/\/skaitytaknyga.lt\/en\/wp-json\/wp\/v2\/product_brand?post=22893"},{"taxonomy":"product_cat","embeddable":true,"href":"https:\/\/skaitytaknyga.lt\/en\/wp-json\/wp\/v2\/product_cat?post=22893"},{"taxonomy":"product_tag","embeddable":true,"href":"https:\/\/skaitytaknyga.lt\/en\/wp-json\/wp\/v2\/product_tag?post=22893"}],"curies":[{"name":"wp","href":"https:\/\/api.w.org\/{rel}","templated":true}]}}