{"id":22886,"date":"2026-01-30T12:38:09","date_gmt":"2026-01-30T10:38:09","guid":{"rendered":"https:\/\/skaitytaknyga.lt\/?post_type=product&#038;p=22886"},"modified":"2026-03-18T14:59:38","modified_gmt":"2026-03-18T12:59:38","slug":"rumu-istorija-vardai-vertybes-tradicijos-prekybos-pramones-ir-amatu-rumai-lietuvoje-1925-2010-m","status":"publish","type":"product","link":"https:\/\/skaitytaknyga.lt\/en\/produktas\/rumu-istorija-vardai-vertybes-tradicijos-prekybos-pramones-ir-amatu-rumai-lietuvoje-1925-2010-m\/","title":{"rendered":"R\u016bm\u0173 istorija: vardai, vertyb\u0117s, tradicijos. Prekybos, pramon\u0117s ir amat\u0173 r\u016bmai Lietuvoje 1925\u20132010 m."},"content":{"rendered":"<p>R\u016bm\u0173 jubiliejui skiriama knyga, kurioje surinkti dokumentai, nuotraukos, prane\u0161imai i\u0161 Lietuvos centrinio valstyb\u0117s archyvo, to meto spaudos, statistikos \u017einyn\u0173 ir kit\u0173 \u0161altini\u0173, pasakoja apie svarbiausius 1925\u20131990 m. R\u016bm\u0173 istorijos faktus, o dabartiniai am\u017eininkai liudija apie paskutinio dvide\u0161imtme\u010dio i\u0161\u0161\u016bkius.<\/p>\n<p>Tai yra atminties ir pagarbos \u017eenklas visiems, k\u016brusiems R\u016bmus kaip verslo savivald\u0105 ir puosel\u0117jusiems R\u016bm\u0173 vertybes ir tradicijas.<\/p>\n","protected":false},"excerpt":{"rendered":"<p>R\u016bm\u0173 jubiliejui skiriama knyga, kurioje surinkti dokumentai, nuotraukos, prane\u0161imai i\u0161 Lietuvos centrinio valstyb\u0117s archyvo, to meto spaudos, statistikos \u017einyn\u0173 ir kit\u0173 \u0161altini\u0173, pasakoja apie svarbiausius 1925\u20131990 m. R\u016bm\u0173 istorijos faktus, o dabartiniai am\u017eininkai liudija apie paskutinio dvide\u0161imtme\u010dio i\u0161\u0161\u016bkius. Tai yra atminties ir pagarbos \u017eenklas visiems, k\u016brusiems R\u016bmus kaip verslo savivald\u0105 ir puosel\u0117jusiems R\u016bm\u0173 vertybes ir tradicijas.<\/p>\n","protected":false},"featured_media":22891,"comment_status":"open","ping_status":"closed","template":"","meta":{"_acf_changed":false,"site-sidebar-layout":"default","site-content-layout":"","ast-site-content-layout":"default","site-content-style":"default","site-sidebar-style":"default","ast-global-header-display":"","ast-banner-title-visibility":"","ast-main-header-display":"","ast-hfb-above-header-display":"","ast-hfb-below-header-display":"","ast-hfb-mobile-header-display":"","site-post-title":"","ast-breadcrumbs-content":"","ast-featured-img":"","footer-sml-layout":"","ast-disable-related-posts":"","theme-transparent-header-meta":"","adv-header-id-meta":"","stick-header-meta":"","header-above-stick-meta":"","header-main-stick-meta":"","header-below-stick-meta":"","astra-migrate-meta-layouts":"default","ast-page-background-enabled":"default","ast-page-background-meta":{"desktop":{"background-color":"","background-image":"","background-repeat":"repeat","background-position":"center center","background-size":"auto","background-attachment":"scroll","background-type":"","background-media":"","overlay-type":"","overlay-color":"","overlay-opacity":"","overlay-gradient":""},"tablet":{"background-color":"","background-image":"","background-repeat":"repeat","background-position":"center center","background-size":"auto","background-attachment":"scroll","background-type":"","background-media":"","overlay-type":"","overlay-color":"","overlay-opacity":"","overlay-gradient":""},"mobile":{"background-color":"","background-image":"","background-repeat":"repeat","background-position":"center center","background-size":"auto","background-attachment":"scroll","background-type":"","background-media":"","overlay-type":"","overlay-color":"","overlay-opacity":"","overlay-gradient":""}},"ast-content-background-meta":{"desktop":{"background-color":"var(--ast-global-color-4)","background-image":"","background-repeat":"repeat","background-position":"center center","background-size":"auto","background-attachment":"scroll","background-type":"","background-media":"","overlay-type":"","overlay-color":"","overlay-opacity":"","overlay-gradient":""},"tablet":{"background-color":"var(--ast-global-color-4)","background-image":"","background-repeat":"repeat","background-position":"center center","background-size":"auto","background-attachment":"scroll","background-type":"","background-media":"","overlay-type":"","overlay-color":"","overlay-opacity":"","overlay-gradient":""},"mobile":{"background-color":"var(--ast-global-color-4)","background-image":"","background-repeat":"repeat","background-position":"center center","background-size":"auto","background-attachment":"scroll","background-type":"","background-media":"","overlay-type":"","overlay-color":"","overlay-opacity":"","overlay-gradient":""}}},"product_brand":[],"product_cat":[9862,174],"product_tag":[],"class_list":{"0":"post-22886","1":"product","2":"type-product","3":"status-publish","4":"has-post-thumbnail","6":"product_cat-lietuvos-istorija","7":"product_cat-istorija-ir-politologija","8":"desktop-align-left","9":"tablet-align-left","10":"mobile-align-left","12":"first","13":"instock","14":"shipping-taxable","15":"purchasable","16":"product-type-simple"},"acf":[],"yoast_head":"<!-- This site is optimized with the Yoast SEO plugin v27.0 - https:\/\/yoast.com\/product\/yoast-seo-wordpress\/ -->\n<title>R\u016bm\u0173 istorija: vardai, vertyb\u0117s, tradicijos. Prekybos, pramon\u0117s ir amat\u0173 r\u016bmai Lietuvoje 1925\u20132010 m.<\/title>\n<meta name=\"description\" content=\"R\u016bm\u0173 jubiliejui skiriama knyga, kurioje surinkti dokumentai, nuotraukos, prane\u0161imai i\u0161 Lietuvos centrinio valstyb\u0117s archyvo, to meto spaudos, statistikos\" \/>\n<meta name=\"robots\" content=\"index, follow, max-snippet:-1, max-image-preview:large, max-video-preview:-1\" \/>\n<link rel=\"canonical\" href=\"https:\/\/skaitytaknyga.lt\/en\/produktas\/rumu-istorija-vardai-vertybes-tradicijos-prekybos-pramones-ir-amatu-rumai-lietuvoje-1925-2010-m\/\" \/>\n<meta property=\"og:locale\" content=\"en_GB\" \/>\n<meta property=\"og:locale:alternate\" content=\"lt_LT\" \/>\n<meta property=\"og:type\" content=\"article\" \/>\n<meta property=\"og:title\" content=\"R\u016bm\u0173 istorija: vardai, vertyb\u0117s, tradicijos. Prekybos, pramon\u0117s ir amat\u0173 r\u016bmai Lietuvoje 1925\u20132010 m.\" \/>\n<meta property=\"og:description\" content=\"R\u016bm\u0173 jubiliejui skiriama knyga, kurioje surinkti dokumentai, nuotraukos, prane\u0161imai i\u0161 Lietuvos centrinio valstyb\u0117s archyvo, to meto spaudos, statistikos\" \/>\n<meta property=\"og:url\" content=\"https:\/\/skaitytaknyga.lt\/en\/produktas\/rumu-istorija-vardai-vertybes-tradicijos-prekybos-pramones-ir-amatu-rumai-lietuvoje-1925-2010-m\/\" \/>\n<meta property=\"og:site_name\" content=\"Skaitytaknyga\" \/>\n<meta property=\"article:publisher\" content=\"https:\/\/www.facebook.com\/skaitytaknyga\/\" \/>\n<meta property=\"article:modified_time\" content=\"2026-03-18T12:59:38+00:00\" \/>\n<meta property=\"og:image\" content=\"https:\/\/skaitytaknyga.lt\/wp-content\/uploads\/2026\/01\/Rumu-istorija-vardai-vertybes-tradicijos.-Prekybos-pramones-ir-amatu-rumai-Lietuvoje-1925\u20132010-m.webp\" \/>\n\t<meta property=\"og:image:width\" content=\"300\" \/>\n\t<meta property=\"og:image:height\" content=\"437\" \/>\n\t<meta property=\"og:image:type\" content=\"image\/webp\" \/>\n<meta name=\"twitter:card\" content=\"summary_large_image\" \/>\n<script type=\"application\/ld+json\" class=\"yoast-schema-graph\">{\"@context\":\"https:\/\/schema.org\",\"@graph\":[{\"@type\":\"WebPage\",\"@id\":\"https:\/\/skaitytaknyga.lt\/produktas\/rumu-istorija-vardai-vertybes-tradicijos-prekybos-pramones-ir-amatu-rumai-lietuvoje-1925-2010-m\/\",\"url\":\"https:\/\/skaitytaknyga.lt\/produktas\/rumu-istorija-vardai-vertybes-tradicijos-prekybos-pramones-ir-amatu-rumai-lietuvoje-1925-2010-m\/\",\"name\":\"R\u016bm\u0173 istorija: vardai, vertyb\u0117s, tradicijos. Prekybos, pramon\u0117s ir amat\u0173 r\u016bmai Lietuvoje 1925\u20132010 m.\",\"isPartOf\":{\"@id\":\"https:\/\/skaitytaknyga.lt\/#website\"},\"primaryImageOfPage\":{\"@id\":\"https:\/\/skaitytaknyga.lt\/produktas\/rumu-istorija-vardai-vertybes-tradicijos-prekybos-pramones-ir-amatu-rumai-lietuvoje-1925-2010-m\/#primaryimage\"},\"image\":{\"@id\":\"https:\/\/skaitytaknyga.lt\/produktas\/rumu-istorija-vardai-vertybes-tradicijos-prekybos-pramones-ir-amatu-rumai-lietuvoje-1925-2010-m\/#primaryimage\"},\"thumbnailUrl\":\"https:\/\/skaitytaknyga.lt\/wp-content\/uploads\/2026\/01\/Rumu-istorija-vardai-vertybes-tradicijos.-Prekybos-pramones-ir-amatu-rumai-Lietuvoje-1925\u20132010-m.webp\",\"datePublished\":\"2026-01-30T10:38:09+00:00\",\"dateModified\":\"2026-03-18T12:59:38+00:00\",\"description\":\"R\u016bm\u0173 jubiliejui skiriama knyga, kurioje surinkti dokumentai, nuotraukos, prane\u0161imai i\u0161 Lietuvos centrinio valstyb\u0117s archyvo, to meto spaudos, statistikos\",\"breadcrumb\":{\"@id\":\"https:\/\/skaitytaknyga.lt\/produktas\/rumu-istorija-vardai-vertybes-tradicijos-prekybos-pramones-ir-amatu-rumai-lietuvoje-1925-2010-m\/#breadcrumb\"},\"inLanguage\":\"en-GB\",\"potentialAction\":[{\"@type\":\"ReadAction\",\"target\":[\"https:\/\/skaitytaknyga.lt\/produktas\/rumu-istorija-vardai-vertybes-tradicijos-prekybos-pramones-ir-amatu-rumai-lietuvoje-1925-2010-m\/\"]}]},{\"@type\":\"ImageObject\",\"inLanguage\":\"en-GB\",\"@id\":\"https:\/\/skaitytaknyga.lt\/produktas\/rumu-istorija-vardai-vertybes-tradicijos-prekybos-pramones-ir-amatu-rumai-lietuvoje-1925-2010-m\/#primaryimage\",\"url\":\"https:\/\/skaitytaknyga.lt\/wp-content\/uploads\/2026\/01\/Rumu-istorija-vardai-vertybes-tradicijos.-Prekybos-pramones-ir-amatu-rumai-Lietuvoje-1925\u20132010-m.webp\",\"contentUrl\":\"https:\/\/skaitytaknyga.lt\/wp-content\/uploads\/2026\/01\/Rumu-istorija-vardai-vertybes-tradicijos.-Prekybos-pramones-ir-amatu-rumai-Lietuvoje-1925\u20132010-m.webp\",\"width\":300,\"height\":437},{\"@type\":\"BreadcrumbList\",\"@id\":\"https:\/\/skaitytaknyga.lt\/produktas\/rumu-istorija-vardai-vertybes-tradicijos-prekybos-pramones-ir-amatu-rumai-lietuvoje-1925-2010-m\/#breadcrumb\",\"itemListElement\":[{\"@type\":\"ListItem\",\"position\":1,\"name\":\"Home\",\"item\":\"https:\/\/skaitytaknyga.lt\/\"},{\"@type\":\"ListItem\",\"position\":2,\"name\":\"Parduotuv\u0117\",\"item\":\"https:\/\/skaitytaknyga.lt\/knygu-parduotuve\/\"},{\"@type\":\"ListItem\",\"position\":3,\"name\":\"R\u016bm\u0173 istorija: vardai, vertyb\u0117s, tradicijos. Prekybos, pramon\u0117s ir amat\u0173 r\u016bmai Lietuvoje 1925\u20132010 m.\"}]},{\"@type\":\"WebSite\",\"@id\":\"https:\/\/skaitytaknyga.lt\/#website\",\"url\":\"https:\/\/skaitytaknyga.lt\/\",\"name\":\"skaitytaknyga.lt\",\"description\":\"Skaitytaknyga.lt \u2013 tai ma\u017eas \u0161eimos verslas, kuris prasid\u0117jo nuo meil\u0117s knygoms ir siekio i\u0161gelb\u0117ti knygas nuo likimo prie konteinerio. Kas vienam nereikalingas daiktas \u2013 kitam lobis, o mes esame tarpininkai, kurie padeda abiems tapti laimingesniems ???? \u017dinome kaip nelengva i\u0161gyventi ma\u017eiems verslams, tad nuo \u0161iol, \u010dia rasite ir kit\u0173, ma\u017e\u0173 \u0161eim\u0173 versl\u0173, rank\u0173 darbo, dovan\u0173 sau ir artimiesiems.\",\"publisher\":{\"@id\":\"https:\/\/skaitytaknyga.lt\/#organization\"},\"potentialAction\":[{\"@type\":\"SearchAction\",\"target\":{\"@type\":\"EntryPoint\",\"urlTemplate\":\"https:\/\/skaitytaknyga.lt\/?s={search_term_string}\"},\"query-input\":{\"@type\":\"PropertyValueSpecification\",\"valueRequired\":true,\"valueName\":\"search_term_string\"}}],\"inLanguage\":\"en-GB\"},{\"@type\":\"Organization\",\"@id\":\"https:\/\/skaitytaknyga.lt\/#organization\",\"name\":\"skaitytaknyga.lt\",\"url\":\"https:\/\/skaitytaknyga.lt\/\",\"logo\":{\"@type\":\"ImageObject\",\"inLanguage\":\"en-GB\",\"@id\":\"https:\/\/skaitytaknyga.lt\/#\/schema\/logo\/image\/\",\"url\":\"https:\/\/skaitytaknyga.lt\/wp-content\/uploads\/2024\/05\/cropped-cropped-cropped-02_00843_jt3bggkj1j3HLc7SyY6rEUpg.jpeg\",\"contentUrl\":\"https:\/\/skaitytaknyga.lt\/wp-content\/uploads\/2024\/05\/cropped-cropped-cropped-02_00843_jt3bggkj1j3HLc7SyY6rEUpg.jpeg\",\"width\":1600,\"height\":1600,\"caption\":\"skaitytaknyga.lt\"},\"image\":{\"@id\":\"https:\/\/skaitytaknyga.lt\/#\/schema\/logo\/image\/\"},\"sameAs\":[\"https:\/\/www.facebook.com\/skaitytaknyga\/\"]}]}<\/script>\n<!-- \/ Yoast SEO plugin. -->","yoast_head_json":{"title":"R\u016bm\u0173 istorija: vardai, vertyb\u0117s, tradicijos. Prekybos, pramon\u0117s ir amat\u0173 r\u016bmai Lietuvoje 1925\u20132010 m.","description":"R\u016bm\u0173 jubiliejui skiriama knyga, kurioje surinkti dokumentai, nuotraukos, prane\u0161imai i\u0161 Lietuvos centrinio valstyb\u0117s archyvo, to meto spaudos, statistikos","robots":{"index":"index","follow":"follow","max-snippet":"max-snippet:-1","max-image-preview":"max-image-preview:large","max-video-preview":"max-video-preview:-1"},"canonical":"https:\/\/skaitytaknyga.lt\/en\/produktas\/rumu-istorija-vardai-vertybes-tradicijos-prekybos-pramones-ir-amatu-rumai-lietuvoje-1925-2010-m\/","og_locale":"en_GB","og_type":"article","og_title":"[:lt]R\u016bm\u0173 istorija: vardai, vertyb\u0117s, tradicijos. Prekybos, pramon\u0117s ir amat\u0173 r\u016bmai Lietuvoje 1925\u20132010 m.[:] - Skaitytaknyga","og_description":"R\u016bm\u0173 jubiliejui skiriama knyga, kurioje surinkti dokumentai, nuotraukos, prane\u0161imai i\u0161 Lietuvos centrinio valstyb\u0117s archyvo, to meto spaudos, statistikos","og_url":"https:\/\/skaitytaknyga.lt\/en\/produktas\/rumu-istorija-vardai-vertybes-tradicijos-prekybos-pramones-ir-amatu-rumai-lietuvoje-1925-2010-m\/","og_site_name":"Skaitytaknyga","article_publisher":"https:\/\/www.facebook.com\/skaitytaknyga\/","article_modified_time":"2026-03-18T12:59:38+00:00","og_image":[{"width":300,"height":437,"url":"https:\/\/skaitytaknyga.lt\/wp-content\/uploads\/2026\/01\/Rumu-istorija-vardai-vertybes-tradicijos.-Prekybos-pramones-ir-amatu-rumai-Lietuvoje-1925\u20132010-m.webp","type":"image\/webp"}],"twitter_card":"summary_large_image","schema":{"@context":"https:\/\/schema.org","@graph":[{"@type":"WebPage","@id":"https:\/\/skaitytaknyga.lt\/produktas\/rumu-istorija-vardai-vertybes-tradicijos-prekybos-pramones-ir-amatu-rumai-lietuvoje-1925-2010-m\/","url":"https:\/\/skaitytaknyga.lt\/produktas\/rumu-istorija-vardai-vertybes-tradicijos-prekybos-pramones-ir-amatu-rumai-lietuvoje-1925-2010-m\/","name":"R\u016bm\u0173 istorija: vardai, vertyb\u0117s, tradicijos. Prekybos, pramon\u0117s ir amat\u0173 r\u016bmai Lietuvoje 1925\u20132010 m.","isPartOf":{"@id":"https:\/\/skaitytaknyga.lt\/#website"},"primaryImageOfPage":{"@id":"https:\/\/skaitytaknyga.lt\/produktas\/rumu-istorija-vardai-vertybes-tradicijos-prekybos-pramones-ir-amatu-rumai-lietuvoje-1925-2010-m\/#primaryimage"},"image":{"@id":"https:\/\/skaitytaknyga.lt\/produktas\/rumu-istorija-vardai-vertybes-tradicijos-prekybos-pramones-ir-amatu-rumai-lietuvoje-1925-2010-m\/#primaryimage"},"thumbnailUrl":"https:\/\/skaitytaknyga.lt\/wp-content\/uploads\/2026\/01\/Rumu-istorija-vardai-vertybes-tradicijos.-Prekybos-pramones-ir-amatu-rumai-Lietuvoje-1925\u20132010-m.webp","datePublished":"2026-01-30T10:38:09+00:00","dateModified":"2026-03-18T12:59:38+00:00","description":"R\u016bm\u0173 jubiliejui skiriama knyga, kurioje surinkti dokumentai, nuotraukos, prane\u0161imai i\u0161 Lietuvos centrinio valstyb\u0117s archyvo, to meto spaudos, statistikos","breadcrumb":{"@id":"https:\/\/skaitytaknyga.lt\/produktas\/rumu-istorija-vardai-vertybes-tradicijos-prekybos-pramones-ir-amatu-rumai-lietuvoje-1925-2010-m\/#breadcrumb"},"inLanguage":"en-GB","potentialAction":[{"@type":"ReadAction","target":["https:\/\/skaitytaknyga.lt\/produktas\/rumu-istorija-vardai-vertybes-tradicijos-prekybos-pramones-ir-amatu-rumai-lietuvoje-1925-2010-m\/"]}]},{"@type":"ImageObject","inLanguage":"en-GB","@id":"https:\/\/skaitytaknyga.lt\/produktas\/rumu-istorija-vardai-vertybes-tradicijos-prekybos-pramones-ir-amatu-rumai-lietuvoje-1925-2010-m\/#primaryimage","url":"https:\/\/skaitytaknyga.lt\/wp-content\/uploads\/2026\/01\/Rumu-istorija-vardai-vertybes-tradicijos.-Prekybos-pramones-ir-amatu-rumai-Lietuvoje-1925\u20132010-m.webp","contentUrl":"https:\/\/skaitytaknyga.lt\/wp-content\/uploads\/2026\/01\/Rumu-istorija-vardai-vertybes-tradicijos.-Prekybos-pramones-ir-amatu-rumai-Lietuvoje-1925\u20132010-m.webp","width":300,"height":437},{"@type":"BreadcrumbList","@id":"https:\/\/skaitytaknyga.lt\/produktas\/rumu-istorija-vardai-vertybes-tradicijos-prekybos-pramones-ir-amatu-rumai-lietuvoje-1925-2010-m\/#breadcrumb","itemListElement":[{"@type":"ListItem","position":1,"name":"Home","item":"https:\/\/skaitytaknyga.lt\/"},{"@type":"ListItem","position":2,"name":"Parduotuv\u0117","item":"https:\/\/skaitytaknyga.lt\/knygu-parduotuve\/"},{"@type":"ListItem","position":3,"name":"R\u016bm\u0173 istorija: vardai, vertyb\u0117s, tradicijos. Prekybos, pramon\u0117s ir amat\u0173 r\u016bmai Lietuvoje 1925\u20132010 m."}]},{"@type":"WebSite","@id":"https:\/\/skaitytaknyga.lt\/#website","url":"https:\/\/skaitytaknyga.lt\/","name":"skaitytaknyga.lt","description":"Skaitytaknyga.lt \u2013 tai ma\u017eas \u0161eimos verslas, kuris prasid\u0117jo nuo meil\u0117s knygoms ir siekio i\u0161gelb\u0117ti knygas nuo likimo prie konteinerio. Kas vienam nereikalingas daiktas \u2013 kitam lobis, o mes esame tarpininkai, kurie padeda abiems tapti laimingesniems ???? \u017dinome kaip nelengva i\u0161gyventi ma\u017eiems verslams, tad nuo \u0161iol, \u010dia rasite ir kit\u0173, ma\u017e\u0173 \u0161eim\u0173 versl\u0173, rank\u0173 darbo, dovan\u0173 sau ir artimiesiems.","publisher":{"@id":"https:\/\/skaitytaknyga.lt\/#organization"},"potentialAction":[{"@type":"SearchAction","target":{"@type":"EntryPoint","urlTemplate":"https:\/\/skaitytaknyga.lt\/?s={search_term_string}"},"query-input":{"@type":"PropertyValueSpecification","valueRequired":true,"valueName":"search_term_string"}}],"inLanguage":"en-GB"},{"@type":"Organization","@id":"https:\/\/skaitytaknyga.lt\/#organization","name":"skaitytaknyga.lt","url":"https:\/\/skaitytaknyga.lt\/","logo":{"@type":"ImageObject","inLanguage":"en-GB","@id":"https:\/\/skaitytaknyga.lt\/#\/schema\/logo\/image\/","url":"https:\/\/skaitytaknyga.lt\/wp-content\/uploads\/2024\/05\/cropped-cropped-cropped-02_00843_jt3bggkj1j3HLc7SyY6rEUpg.jpeg","contentUrl":"https:\/\/skaitytaknyga.lt\/wp-content\/uploads\/2024\/05\/cropped-cropped-cropped-02_00843_jt3bggkj1j3HLc7SyY6rEUpg.jpeg","width":1600,"height":1600,"caption":"skaitytaknyga.lt"},"image":{"@id":"https:\/\/skaitytaknyga.lt\/#\/schema\/logo\/image\/"},"sameAs":["https:\/\/www.facebook.com\/skaitytaknyga\/"]}]}},"_links":{"self":[{"href":"https:\/\/skaitytaknyga.lt\/en\/wp-json\/wp\/v2\/product\/22886","targetHints":{"allow":["GET"]}}],"collection":[{"href":"https:\/\/skaitytaknyga.lt\/en\/wp-json\/wp\/v2\/product"}],"about":[{"href":"https:\/\/skaitytaknyga.lt\/en\/wp-json\/wp\/v2\/types\/product"}],"replies":[{"embeddable":true,"href":"https:\/\/skaitytaknyga.lt\/en\/wp-json\/wp\/v2\/comments?post=22886"}],"wp:featuredmedia":[{"embeddable":true,"href":"https:\/\/skaitytaknyga.lt\/en\/wp-json\/wp\/v2\/media\/22891"}],"wp:attachment":[{"href":"https:\/\/skaitytaknyga.lt\/en\/wp-json\/wp\/v2\/media?parent=22886"}],"wp:term":[{"taxonomy":"product_brand","embeddable":true,"href":"https:\/\/skaitytaknyga.lt\/en\/wp-json\/wp\/v2\/product_brand?post=22886"},{"taxonomy":"product_cat","embeddable":true,"href":"https:\/\/skaitytaknyga.lt\/en\/wp-json\/wp\/v2\/product_cat?post=22886"},{"taxonomy":"product_tag","embeddable":true,"href":"https:\/\/skaitytaknyga.lt\/en\/wp-json\/wp\/v2\/product_tag?post=22886"}],"curies":[{"name":"wp","href":"https:\/\/api.w.org\/{rel}","templated":true}]}}