{"id":22885,"date":"2026-01-30T12:38:09","date_gmt":"2026-01-30T10:38:09","guid":{"rendered":"https:\/\/skaitytaknyga.lt\/?post_type=product&#038;p=22885"},"modified":"2026-02-26T09:56:12","modified_gmt":"2026-02-26T07:56:12","slug":"keturi-atsisveikinimas-su-diktaturos-karta","status":"publish","type":"product","link":"https:\/\/skaitytaknyga.lt\/en\/produktas\/keturi-atsisveikinimas-su-diktaturos-karta\/","title":{"rendered":"Keturi. Atsisveikinimas su Diktat\u016bros karta"},"content":{"rendered":"<p>Praktinis ir ideologinis vadov\u0117lis XXI am\u017eiaus nacionalistui. Knygoje apra\u0161oma \u0161iandieninio jaun\u0173j\u0173 nacionalist\u0173 bendruomen\u0117s ir jud\u0117jimo gimimas, istorija ir formavimasis. Kritikuojami netinkami ir \u017ealingi jud\u0117jimo elementai, akcentuojamos daromos klaidos ir bandoma ie\u0161koti b\u016bd\u0173, kaip pakelti mir\u0161tan\u010di\u0105 lietuvi\u0173 taut\u0105 \u012f dar vien\u0105 tautin\u0117s dvasios s\u0105j\u016bd\u012f.<\/p>\n","protected":false},"excerpt":{"rendered":"<p>Praktinis ir ideologinis vadov\u0117lis XXI am\u017eiaus nacionalistui. Knygoje apra\u0161oma \u0161iandieninio jaun\u0173j\u0173 nacionalist\u0173 bendruomen\u0117s ir jud\u0117jimo gimimas, istorija ir formavimasis. Kritikuojami netinkami ir \u017ealingi jud\u0117jimo elementai, akcentuojamos daromos klaidos ir bandoma ie\u0161koti b\u016bd\u0173, kaip pakelti mir\u0161tan\u010di\u0105 lietuvi\u0173 taut\u0105 \u012f dar vien\u0105 tautin\u0117s dvasios s\u0105j\u016bd\u012f.<\/p>\n","protected":false},"featured_media":22890,"comment_status":"open","ping_status":"closed","template":"","meta":{"_acf_changed":false,"site-sidebar-layout":"default","site-content-layout":"","ast-site-content-layout":"default","site-content-style":"default","site-sidebar-style":"default","ast-global-header-display":"","ast-banner-title-visibility":"","ast-main-header-display":"","ast-hfb-above-header-display":"","ast-hfb-below-header-display":"","ast-hfb-mobile-header-display":"","site-post-title":"","ast-breadcrumbs-content":"","ast-featured-img":"","footer-sml-layout":"","ast-disable-related-posts":"","theme-transparent-header-meta":"","adv-header-id-meta":"","stick-header-meta":"","header-above-stick-meta":"","header-main-stick-meta":"","header-below-stick-meta":"","astra-migrate-meta-layouts":"default","ast-page-background-enabled":"default","ast-page-background-meta":{"desktop":{"background-color":"","background-image":"","background-repeat":"repeat","background-position":"center center","background-size":"auto","background-attachment":"scroll","background-type":"","background-media":"","overlay-type":"","overlay-color":"","overlay-opacity":"","overlay-gradient":""},"tablet":{"background-color":"","background-image":"","background-repeat":"repeat","background-position":"center center","background-size":"auto","background-attachment":"scroll","background-type":"","background-media":"","overlay-type":"","overlay-color":"","overlay-opacity":"","overlay-gradient":""},"mobile":{"background-color":"","background-image":"","background-repeat":"repeat","background-position":"center center","background-size":"auto","background-attachment":"scroll","background-type":"","background-media":"","overlay-type":"","overlay-color":"","overlay-opacity":"","overlay-gradient":""}},"ast-content-background-meta":{"desktop":{"background-color":"var(--ast-global-color-4)","background-image":"","background-repeat":"repeat","background-position":"center center","background-size":"auto","background-attachment":"scroll","background-type":"","background-media":"","overlay-type":"","overlay-color":"","overlay-opacity":"","overlay-gradient":""},"tablet":{"background-color":"var(--ast-global-color-4)","background-image":"","background-repeat":"repeat","background-position":"center center","background-size":"auto","background-attachment":"scroll","background-type":"","background-media":"","overlay-type":"","overlay-color":"","overlay-opacity":"","overlay-gradient":""},"mobile":{"background-color":"var(--ast-global-color-4)","background-image":"","background-repeat":"repeat","background-position":"center center","background-size":"auto","background-attachment":"scroll","background-type":"","background-media":"","overlay-type":"","overlay-color":"","overlay-opacity":"","overlay-gradient":""}}},"product_brand":[],"product_cat":[174],"product_tag":[9348],"class_list":{"0":"post-22885","1":"product","2":"type-product","3":"status-publish","4":"has-post-thumbnail","6":"product_cat-istorija-ir-politologija","7":"product_tag-edmundas-girskis","8":"desktop-align-left","9":"tablet-align-left","10":"mobile-align-left","12":"first","13":"outofstock","14":"shipping-taxable","15":"purchasable","16":"product-type-simple"},"acf":[],"yoast_head":"<!-- This site is optimized with the Yoast SEO plugin v27.0 - https:\/\/yoast.com\/product\/yoast-seo-wordpress\/ -->\n<title>Keturi. Atsisveikinimas su Diktat\u016bros karta<\/title>\n<meta name=\"description\" content=\"Praktinis ir ideologinis vadov\u0117lis XXI am\u017eiaus nacionalistui. Knygoje apra\u0161oma \u0161iandieninio jaun\u0173j\u0173 nacionalist\u0173 bendruomen\u0117s ir jud\u0117jimo gimimas,\" \/>\n<meta name=\"robots\" content=\"index, follow, max-snippet:-1, max-image-preview:large, max-video-preview:-1\" \/>\n<link rel=\"canonical\" href=\"https:\/\/skaitytaknyga.lt\/en\/produktas\/keturi-atsisveikinimas-su-diktaturos-karta\/\" \/>\n<meta property=\"og:locale\" content=\"en_GB\" \/>\n<meta property=\"og:locale:alternate\" content=\"lt_LT\" \/>\n<meta property=\"og:type\" content=\"article\" \/>\n<meta property=\"og:title\" content=\"Keturi. Atsisveikinimas su Diktat\u016bros karta\" \/>\n<meta property=\"og:description\" content=\"Praktinis ir ideologinis vadov\u0117lis XXI am\u017eiaus nacionalistui. Knygoje apra\u0161oma \u0161iandieninio jaun\u0173j\u0173 nacionalist\u0173 bendruomen\u0117s ir jud\u0117jimo gimimas,\" \/>\n<meta property=\"og:url\" content=\"https:\/\/skaitytaknyga.lt\/en\/produktas\/keturi-atsisveikinimas-su-diktaturos-karta\/\" \/>\n<meta property=\"og:site_name\" content=\"Skaitytaknyga\" \/>\n<meta property=\"article:publisher\" content=\"https:\/\/www.facebook.com\/skaitytaknyga\/\" \/>\n<meta property=\"article:modified_time\" content=\"2026-02-26T07:56:12+00:00\" \/>\n<meta property=\"og:image\" content=\"https:\/\/skaitytaknyga.lt\/wp-content\/uploads\/2026\/01\/Keturi.-Atsisveikinimas-su-Diktaturos-karta.webp\" \/>\n\t<meta property=\"og:image:width\" content=\"300\" \/>\n\t<meta property=\"og:image:height\" content=\"426\" \/>\n\t<meta property=\"og:image:type\" content=\"image\/webp\" \/>\n<meta name=\"twitter:card\" content=\"summary_large_image\" \/>\n<script type=\"application\/ld+json\" class=\"yoast-schema-graph\">{\"@context\":\"https:\/\/schema.org\",\"@graph\":[{\"@type\":\"WebPage\",\"@id\":\"https:\/\/skaitytaknyga.lt\/produktas\/keturi-atsisveikinimas-su-diktaturos-karta\/\",\"url\":\"https:\/\/skaitytaknyga.lt\/produktas\/keturi-atsisveikinimas-su-diktaturos-karta\/\",\"name\":\"Keturi. Atsisveikinimas su Diktat\u016bros karta\",\"isPartOf\":{\"@id\":\"https:\/\/skaitytaknyga.lt\/#website\"},\"primaryImageOfPage\":{\"@id\":\"https:\/\/skaitytaknyga.lt\/produktas\/keturi-atsisveikinimas-su-diktaturos-karta\/#primaryimage\"},\"image\":{\"@id\":\"https:\/\/skaitytaknyga.lt\/produktas\/keturi-atsisveikinimas-su-diktaturos-karta\/#primaryimage\"},\"thumbnailUrl\":\"https:\/\/skaitytaknyga.lt\/wp-content\/uploads\/2026\/01\/Keturi.-Atsisveikinimas-su-Diktaturos-karta.webp\",\"datePublished\":\"2026-01-30T10:38:09+00:00\",\"dateModified\":\"2026-02-26T07:56:12+00:00\",\"description\":\"Praktinis ir ideologinis vadov\u0117lis XXI am\u017eiaus nacionalistui. Knygoje apra\u0161oma \u0161iandieninio jaun\u0173j\u0173 nacionalist\u0173 bendruomen\u0117s ir jud\u0117jimo gimimas,\",\"breadcrumb\":{\"@id\":\"https:\/\/skaitytaknyga.lt\/produktas\/keturi-atsisveikinimas-su-diktaturos-karta\/#breadcrumb\"},\"inLanguage\":\"en-GB\",\"potentialAction\":[{\"@type\":\"ReadAction\",\"target\":[\"https:\/\/skaitytaknyga.lt\/produktas\/keturi-atsisveikinimas-su-diktaturos-karta\/\"]}]},{\"@type\":\"ImageObject\",\"inLanguage\":\"en-GB\",\"@id\":\"https:\/\/skaitytaknyga.lt\/produktas\/keturi-atsisveikinimas-su-diktaturos-karta\/#primaryimage\",\"url\":\"https:\/\/skaitytaknyga.lt\/wp-content\/uploads\/2026\/01\/Keturi.-Atsisveikinimas-su-Diktaturos-karta.webp\",\"contentUrl\":\"https:\/\/skaitytaknyga.lt\/wp-content\/uploads\/2026\/01\/Keturi.-Atsisveikinimas-su-Diktaturos-karta.webp\",\"width\":300,\"height\":426},{\"@type\":\"BreadcrumbList\",\"@id\":\"https:\/\/skaitytaknyga.lt\/produktas\/keturi-atsisveikinimas-su-diktaturos-karta\/#breadcrumb\",\"itemListElement\":[{\"@type\":\"ListItem\",\"position\":1,\"name\":\"Home\",\"item\":\"https:\/\/skaitytaknyga.lt\/\"},{\"@type\":\"ListItem\",\"position\":2,\"name\":\"Parduotuv\u0117\",\"item\":\"https:\/\/skaitytaknyga.lt\/knygu-parduotuve\/\"},{\"@type\":\"ListItem\",\"position\":3,\"name\":\"Keturi. Atsisveikinimas su Diktat\u016bros karta\"}]},{\"@type\":\"WebSite\",\"@id\":\"https:\/\/skaitytaknyga.lt\/#website\",\"url\":\"https:\/\/skaitytaknyga.lt\/\",\"name\":\"skaitytaknyga.lt\",\"description\":\"Skaitytaknyga.lt \u2013 tai ma\u017eas \u0161eimos verslas, kuris prasid\u0117jo nuo meil\u0117s knygoms ir siekio i\u0161gelb\u0117ti knygas nuo likimo prie konteinerio. Kas vienam nereikalingas daiktas \u2013 kitam lobis, o mes esame tarpininkai, kurie padeda abiems tapti laimingesniems ???? \u017dinome kaip nelengva i\u0161gyventi ma\u017eiems verslams, tad nuo \u0161iol, \u010dia rasite ir kit\u0173, ma\u017e\u0173 \u0161eim\u0173 versl\u0173, rank\u0173 darbo, dovan\u0173 sau ir artimiesiems.\",\"publisher\":{\"@id\":\"https:\/\/skaitytaknyga.lt\/#organization\"},\"potentialAction\":[{\"@type\":\"SearchAction\",\"target\":{\"@type\":\"EntryPoint\",\"urlTemplate\":\"https:\/\/skaitytaknyga.lt\/?s={search_term_string}\"},\"query-input\":{\"@type\":\"PropertyValueSpecification\",\"valueRequired\":true,\"valueName\":\"search_term_string\"}}],\"inLanguage\":\"en-GB\"},{\"@type\":\"Organization\",\"@id\":\"https:\/\/skaitytaknyga.lt\/#organization\",\"name\":\"skaitytaknyga.lt\",\"url\":\"https:\/\/skaitytaknyga.lt\/\",\"logo\":{\"@type\":\"ImageObject\",\"inLanguage\":\"en-GB\",\"@id\":\"https:\/\/skaitytaknyga.lt\/#\/schema\/logo\/image\/\",\"url\":\"https:\/\/skaitytaknyga.lt\/wp-content\/uploads\/2024\/05\/cropped-cropped-cropped-02_00843_jt3bggkj1j3HLc7SyY6rEUpg.jpeg\",\"contentUrl\":\"https:\/\/skaitytaknyga.lt\/wp-content\/uploads\/2024\/05\/cropped-cropped-cropped-02_00843_jt3bggkj1j3HLc7SyY6rEUpg.jpeg\",\"width\":1600,\"height\":1600,\"caption\":\"skaitytaknyga.lt\"},\"image\":{\"@id\":\"https:\/\/skaitytaknyga.lt\/#\/schema\/logo\/image\/\"},\"sameAs\":[\"https:\/\/www.facebook.com\/skaitytaknyga\/\"]}]}<\/script>\n<!-- \/ Yoast SEO plugin. -->","yoast_head_json":{"title":"Keturi. Atsisveikinimas su Diktat\u016bros karta","description":"Praktinis ir ideologinis vadov\u0117lis XXI am\u017eiaus nacionalistui. Knygoje apra\u0161oma \u0161iandieninio jaun\u0173j\u0173 nacionalist\u0173 bendruomen\u0117s ir jud\u0117jimo gimimas,","robots":{"index":"index","follow":"follow","max-snippet":"max-snippet:-1","max-image-preview":"max-image-preview:large","max-video-preview":"max-video-preview:-1"},"canonical":"https:\/\/skaitytaknyga.lt\/en\/produktas\/keturi-atsisveikinimas-su-diktaturos-karta\/","og_locale":"en_GB","og_type":"article","og_title":"[:lt]Keturi. Atsisveikinimas su Diktat\u016bros karta[:] - Skaitytaknyga","og_description":"Praktinis ir ideologinis vadov\u0117lis XXI am\u017eiaus nacionalistui. Knygoje apra\u0161oma \u0161iandieninio jaun\u0173j\u0173 nacionalist\u0173 bendruomen\u0117s ir jud\u0117jimo gimimas,","og_url":"https:\/\/skaitytaknyga.lt\/en\/produktas\/keturi-atsisveikinimas-su-diktaturos-karta\/","og_site_name":"Skaitytaknyga","article_publisher":"https:\/\/www.facebook.com\/skaitytaknyga\/","article_modified_time":"2026-02-26T07:56:12+00:00","og_image":[{"width":300,"height":426,"url":"https:\/\/skaitytaknyga.lt\/wp-content\/uploads\/2026\/01\/Keturi.-Atsisveikinimas-su-Diktaturos-karta.webp","type":"image\/webp"}],"twitter_card":"summary_large_image","schema":{"@context":"https:\/\/schema.org","@graph":[{"@type":"WebPage","@id":"https:\/\/skaitytaknyga.lt\/produktas\/keturi-atsisveikinimas-su-diktaturos-karta\/","url":"https:\/\/skaitytaknyga.lt\/produktas\/keturi-atsisveikinimas-su-diktaturos-karta\/","name":"Keturi. Atsisveikinimas su Diktat\u016bros karta","isPartOf":{"@id":"https:\/\/skaitytaknyga.lt\/#website"},"primaryImageOfPage":{"@id":"https:\/\/skaitytaknyga.lt\/produktas\/keturi-atsisveikinimas-su-diktaturos-karta\/#primaryimage"},"image":{"@id":"https:\/\/skaitytaknyga.lt\/produktas\/keturi-atsisveikinimas-su-diktaturos-karta\/#primaryimage"},"thumbnailUrl":"https:\/\/skaitytaknyga.lt\/wp-content\/uploads\/2026\/01\/Keturi.-Atsisveikinimas-su-Diktaturos-karta.webp","datePublished":"2026-01-30T10:38:09+00:00","dateModified":"2026-02-26T07:56:12+00:00","description":"Praktinis ir ideologinis vadov\u0117lis XXI am\u017eiaus nacionalistui. Knygoje apra\u0161oma \u0161iandieninio jaun\u0173j\u0173 nacionalist\u0173 bendruomen\u0117s ir jud\u0117jimo gimimas,","breadcrumb":{"@id":"https:\/\/skaitytaknyga.lt\/produktas\/keturi-atsisveikinimas-su-diktaturos-karta\/#breadcrumb"},"inLanguage":"en-GB","potentialAction":[{"@type":"ReadAction","target":["https:\/\/skaitytaknyga.lt\/produktas\/keturi-atsisveikinimas-su-diktaturos-karta\/"]}]},{"@type":"ImageObject","inLanguage":"en-GB","@id":"https:\/\/skaitytaknyga.lt\/produktas\/keturi-atsisveikinimas-su-diktaturos-karta\/#primaryimage","url":"https:\/\/skaitytaknyga.lt\/wp-content\/uploads\/2026\/01\/Keturi.-Atsisveikinimas-su-Diktaturos-karta.webp","contentUrl":"https:\/\/skaitytaknyga.lt\/wp-content\/uploads\/2026\/01\/Keturi.-Atsisveikinimas-su-Diktaturos-karta.webp","width":300,"height":426},{"@type":"BreadcrumbList","@id":"https:\/\/skaitytaknyga.lt\/produktas\/keturi-atsisveikinimas-su-diktaturos-karta\/#breadcrumb","itemListElement":[{"@type":"ListItem","position":1,"name":"Home","item":"https:\/\/skaitytaknyga.lt\/"},{"@type":"ListItem","position":2,"name":"Parduotuv\u0117","item":"https:\/\/skaitytaknyga.lt\/knygu-parduotuve\/"},{"@type":"ListItem","position":3,"name":"Keturi. Atsisveikinimas su Diktat\u016bros karta"}]},{"@type":"WebSite","@id":"https:\/\/skaitytaknyga.lt\/#website","url":"https:\/\/skaitytaknyga.lt\/","name":"skaitytaknyga.lt","description":"Skaitytaknyga.lt \u2013 tai ma\u017eas \u0161eimos verslas, kuris prasid\u0117jo nuo meil\u0117s knygoms ir siekio i\u0161gelb\u0117ti knygas nuo likimo prie konteinerio. Kas vienam nereikalingas daiktas \u2013 kitam lobis, o mes esame tarpininkai, kurie padeda abiems tapti laimingesniems ???? \u017dinome kaip nelengva i\u0161gyventi ma\u017eiems verslams, tad nuo \u0161iol, \u010dia rasite ir kit\u0173, ma\u017e\u0173 \u0161eim\u0173 versl\u0173, rank\u0173 darbo, dovan\u0173 sau ir artimiesiems.","publisher":{"@id":"https:\/\/skaitytaknyga.lt\/#organization"},"potentialAction":[{"@type":"SearchAction","target":{"@type":"EntryPoint","urlTemplate":"https:\/\/skaitytaknyga.lt\/?s={search_term_string}"},"query-input":{"@type":"PropertyValueSpecification","valueRequired":true,"valueName":"search_term_string"}}],"inLanguage":"en-GB"},{"@type":"Organization","@id":"https:\/\/skaitytaknyga.lt\/#organization","name":"skaitytaknyga.lt","url":"https:\/\/skaitytaknyga.lt\/","logo":{"@type":"ImageObject","inLanguage":"en-GB","@id":"https:\/\/skaitytaknyga.lt\/#\/schema\/logo\/image\/","url":"https:\/\/skaitytaknyga.lt\/wp-content\/uploads\/2024\/05\/cropped-cropped-cropped-02_00843_jt3bggkj1j3HLc7SyY6rEUpg.jpeg","contentUrl":"https:\/\/skaitytaknyga.lt\/wp-content\/uploads\/2024\/05\/cropped-cropped-cropped-02_00843_jt3bggkj1j3HLc7SyY6rEUpg.jpeg","width":1600,"height":1600,"caption":"skaitytaknyga.lt"},"image":{"@id":"https:\/\/skaitytaknyga.lt\/#\/schema\/logo\/image\/"},"sameAs":["https:\/\/www.facebook.com\/skaitytaknyga\/"]}]}},"_links":{"self":[{"href":"https:\/\/skaitytaknyga.lt\/en\/wp-json\/wp\/v2\/product\/22885","targetHints":{"allow":["GET"]}}],"collection":[{"href":"https:\/\/skaitytaknyga.lt\/en\/wp-json\/wp\/v2\/product"}],"about":[{"href":"https:\/\/skaitytaknyga.lt\/en\/wp-json\/wp\/v2\/types\/product"}],"replies":[{"embeddable":true,"href":"https:\/\/skaitytaknyga.lt\/en\/wp-json\/wp\/v2\/comments?post=22885"}],"wp:featuredmedia":[{"embeddable":true,"href":"https:\/\/skaitytaknyga.lt\/en\/wp-json\/wp\/v2\/media\/22890"}],"wp:attachment":[{"href":"https:\/\/skaitytaknyga.lt\/en\/wp-json\/wp\/v2\/media?parent=22885"}],"wp:term":[{"taxonomy":"product_brand","embeddable":true,"href":"https:\/\/skaitytaknyga.lt\/en\/wp-json\/wp\/v2\/product_brand?post=22885"},{"taxonomy":"product_cat","embeddable":true,"href":"https:\/\/skaitytaknyga.lt\/en\/wp-json\/wp\/v2\/product_cat?post=22885"},{"taxonomy":"product_tag","embeddable":true,"href":"https:\/\/skaitytaknyga.lt\/en\/wp-json\/wp\/v2\/product_tag?post=22885"}],"curies":[{"name":"wp","href":"https:\/\/api.w.org\/{rel}","templated":true}]}}