{"id":22883,"date":"2026-01-30T12:38:07","date_gmt":"2026-01-30T10:38:07","guid":{"rendered":"https:\/\/skaitytaknyga.lt\/?post_type=product&#038;p=22883"},"modified":"2026-01-30T17:31:52","modified_gmt":"2026-01-30T15:31:52","slug":"atrakintas-dienorastis","status":"publish","type":"product","link":"https:\/\/skaitytaknyga.lt\/en\/produktas\/atrakintas-dienorastis\/","title":{"rendered":"Atrakintas dienora\u0161tis"},"content":{"rendered":"<p>Matilda Olkinait\u0117 (1922\u20131941) \u2013 jauna Lietuvos \u017eyd\u0173 poet\u0117, k\u016brusi lietuvi\u0173 kalba, nu\u017eudyta Holokausto metu. Gim\u0117 Panemun\u0117lio miestelyje (Roki\u0161kio rajone), vaistininko \u0161eimoje. Baig\u0117 Roki\u0161kio J. Tumo-Vai\u017eganto gimnazij\u0105. Studijavo pranc\u016bz\u0173 kalb\u0105 ir literat\u016br\u0105 Vytauto Did\u017eiojo ir Vilniaus universitetuose. Nuo 1932 m. skelb\u0117 eil\u0117ra\u0161\u010dius ir proz\u0105 Lietuvos spaudoje, reng\u0117 debiutin\u012f poezijos rinkin\u012f. 1941 m. liepos 10 d. lietuvi\u0173 \u017eyd\u0161aud\u017ei\u0173 buvo \u017eiauriai nu\u017eudyta Kavoli\u0161kio mi\u0161ke prie Roki\u0161kio kartu su Olkin\u0173 ir Jofi\u0173 \u0161eimomis. Matildos eil\u0117ra\u0161\u010di\u0173 s\u0105siuvin\u012f i\u0161gelb\u0117jo kunigas Juozapas Matelionis, 1941 m. pasl\u0117p\u0119s j\u012f Panemun\u0117lio ba\u017eny\u010dioje, po altoriumi \u012frengtoje sl\u0117ptuv\u0117je. XX a. 9-ajame de\u0161imtmetyje j\u012f atrado disidentas, vargonininkas Alfredas Andrijauskas, perdav\u0119s saugoti profesorei Irenai Veisaitei. V\u0117liau profesorei pavyko atrasti ir 1940\u20131941 m. ra\u0161yt\u0105 poet\u0117s dienora\u0161t\u012f \u2013 tragi\u0161k\u0173 istorini\u0173 met\u0173 ir jos vidinio gyvenimo dokument\u0105. 2018 m. liep\u0105 Veisait\u0117 \u0161iuos rankra\u0161\u010dius perdav\u0117 Lietuvi\u0173 literat\u016bros ir tautosakos institutui, patik\u0117dama parengti ir i\u0161leisti Matildos knyg\u0105.<\/p>\n<p>\u201eAtrakintas dienora\u0161tis&#8221; \u2013 tai pirm\u0105 kart\u0105 i\u0161 u\u017emar\u0161ties i\u0161kylanti poet\u0117s k\u016brybos visuma. Knyg\u0105 sudaro Matildos dienora\u0161tis, eil\u0117ra\u0161\u010diai ir ma\u017eoji proza, biografin\u0117 med\u017eiaga ir nuotraukos, surinktos i\u0161 \u012fvairi\u0173 valstybini\u0173 ir asmenini\u0173 archyv\u0173. K\u016brybos publikacijas lydi sudarytojo Mindaugo Kvietkausko \u012fvadinis straipsnis, Irenos Veisait\u0117s palydimasis \u017eodis, ra\u0161ytojos Laimos Vinc\u0117s es\u0117 \u201eNutildyta m\u016bza&#8221;. .<\/p>\n<p>Irena Veisait\u0117 knygoje pasakoja apie Matildos k\u016brybos atradim\u0105 ir i\u0161gelb\u0117jim\u0105: \u201eKai man \u012f rankas pateko Matildos eil\u0117ra\u0161\u010di\u0173 s\u0105siuvinis, tiesiog fizi\u0161kai pajutau: turiu suteikti jai bals\u0105, kad i\u0161girst\u0173 kiti. Perskai\u010diusi jos eil\u0117ra\u0161\u010dius, supratau, kad ji labai daug k\u0105 nujaut\u0117 ir nor\u0117jo b\u016bti i\u0161girsta, kalb\u0117ti \u201eminioms ir tautoms&#8221;. Ji jau suvok\u0117 turinti poet\u0117s pa\u0161aukim\u0105, buvo labai jautri, giedros dvasios. Kartu linkusi \u012f apm\u0105stymus: ra\u0161\u0117 turin\u010dius filosofin\u0119 prasm\u0119 eil\u0117ra\u0161\u010dius, tarkime, apie Kain\u0105 ir Abel\u012f. (&#8230;) D\u017eiaugiausi, kad savo eil\u0117se Matilda rei\u0161k\u0117 meil\u0119 Lietuvai, kad dienora\u0161tyje nepritar\u0117 komunistams, nors tuo keliu \u0117jo jos brolis. Ne\u017einau, kiek nakt\u0173 nemiegojau, gavusi jos s\u0105siuvin\u012f&#8230;&#8221;<\/p>\n<p>\u201e\u0160i knyga yra pirmoji i\u0161sami ir reprezentatyvi Matildos Olkinait\u0117s k\u016brybinio palikimo publikacija. Tai ne tik svarbus literat\u016bros \u0161altinis, bet ir moralin\u0117 duokl\u0117, kuri\u0105 b\u016btina atiduoti, prikeliant i\u0161 u\u017emar\u0161ties Holokausto metais be laiko nutildyt\u0105 jaunos Lietuvos \u017eyd\u0173 poet\u0117s talent\u0105.&#8221;<\/p>\n<p>Mindaugas Kvietkauskas<\/p>\n","protected":false},"excerpt":{"rendered":"<p>Matilda Olkinait\u0117 (1922\u20131941) \u2013 jauna Lietuvos \u017eyd\u0173 poet\u0117, k\u016brusi lietuvi\u0173 kalba, nu\u017eudyta Holokausto metu. Gim\u0117 Panemun\u0117lio miestelyje (Roki\u0161kio rajone), vaistininko \u0161eimoje. Baig\u0117 Roki\u0161kio J. Tumo-Vai\u017eganto gimnazij\u0105. Studijavo pranc\u016bz\u0173 kalb\u0105 ir literat\u016br\u0105 Vytauto Did\u017eiojo ir Vilniaus universitetuose. Nuo 1932 m. skelb\u0117 eil\u0117ra\u0161\u010dius ir proz\u0105 Lietuvos spaudoje, reng\u0117 debiutin\u012f poezijos rinkin\u012f. 1941 m. liepos 10 d. lietuvi\u0173 \u017eyd\u0161aud\u017ei\u0173 buvo \u017eiauriai nu\u017eudyta Kavoli\u0161kio mi\u0161ke prie Roki\u0161kio kartu su Olkin\u0173 ir Jofi\u0173 \u0161eimomis. Matildos eil\u0117ra\u0161\u010di\u0173 s\u0105siuvin\u012f i\u0161gelb\u0117jo kunigas Juozapas Matelionis, 1941 m. pasl\u0117p\u0119s j\u012f Panemun\u0117lio ba\u017eny\u010dioje, po altoriumi \u012frengtoje sl\u0117ptuv\u0117je. XX a. 9-ajame de\u0161imtmetyje j\u012f atrado disidentas, vargonininkas Alfredas Andrijauskas, perdav\u0119s saugoti profesorei Irenai Veisaitei. V\u0117liau profesorei pavyko atrasti ir 1940\u20131941 m. ra\u0161yt\u0105 poet\u0117s dienora\u0161t\u012f \u2013 tragi\u0161k\u0173 istorini\u0173 met\u0173 ir jos vidinio gyvenimo dokument\u0105. 2018 m. liep\u0105 Veisait\u0117 \u0161iuos rankra\u0161\u010dius perdav\u0117 Lietuvi\u0173 literat\u016bros ir tautosakos institutui, patik\u0117dama parengti ir i\u0161leisti Matildos knyg\u0105. \u201eAtrakintas dienora\u0161tis&#8221; \u2013 tai pirm\u0105 kart\u0105 i\u0161 u\u017emar\u0161ties i\u0161kylanti poet\u0117s k\u016brybos visuma. Knyg\u0105 sudaro Matildos dienora\u0161tis, eil\u0117ra\u0161\u010diai ir ma\u017eoji proza, biografin\u0117 med\u017eiaga ir nuotraukos, surinktos i\u0161 \u012fvairi\u0173 valstybini\u0173 ir asmenini\u0173 archyv\u0173. K\u016brybos publikacijas lydi sudarytojo Mindaugo Kvietkausko \u012fvadinis straipsnis, Irenos Veisait\u0117s palydimasis \u017eodis, ra\u0161ytojos Laimos Vinc\u0117s es\u0117 \u201eNutildyta m\u016bza&#8221;. . Irena Veisait\u0117 knygoje pasakoja apie Matildos k\u016brybos atradim\u0105 ir i\u0161gelb\u0117jim\u0105: \u201eKai man \u012f rankas pateko Matildos eil\u0117ra\u0161\u010di\u0173 s\u0105siuvinis, tiesiog fizi\u0161kai pajutau: turiu suteikti jai bals\u0105, kad i\u0161girst\u0173 kiti. Perskai\u010diusi jos eil\u0117ra\u0161\u010dius, supratau, kad ji labai daug k\u0105 nujaut\u0117 ir nor\u0117jo b\u016bti i\u0161girsta, kalb\u0117ti \u201eminioms ir tautoms&#8221;. Ji jau suvok\u0117 turinti poet\u0117s pa\u0161aukim\u0105, buvo labai jautri, giedros dvasios. Kartu linkusi \u012f apm\u0105stymus: ra\u0161\u0117 turin\u010dius filosofin\u0119 prasm\u0119 eil\u0117ra\u0161\u010dius, tarkime, apie Kain\u0105 ir Abel\u012f. (&#8230;) D\u017eiaugiausi, kad savo eil\u0117se Matilda rei\u0161k\u0117 meil\u0119 Lietuvai, kad dienora\u0161tyje nepritar\u0117 komunistams, nors tuo keliu \u0117jo jos brolis. Ne\u017einau, kiek nakt\u0173 nemiegojau, gavusi jos s\u0105siuvin\u012f&#8230;&#8221; \u201e\u0160i knyga yra pirmoji i\u0161sami ir reprezentatyvi Matildos Olkinait\u0117s k\u016brybinio palikimo publikacija. Tai ne tik svarbus literat\u016bros \u0161altinis, bet ir moralin\u0117 duokl\u0117, kuri\u0105 b\u016btina atiduoti, prikeliant i\u0161 u\u017emar\u0161ties Holokausto metais be laiko nutildyt\u0105 jaunos Lietuvos \u017eyd\u0173 poet\u0117s talent\u0105.&#8221; Mindaugas Kvietkauskas<\/p>\n","protected":false},"featured_media":22888,"comment_status":"open","ping_status":"closed","template":"","meta":{"_acf_changed":false,"site-sidebar-layout":"default","site-content-layout":"","ast-site-content-layout":"default","site-content-style":"default","site-sidebar-style":"default","ast-global-header-display":"","ast-banner-title-visibility":"","ast-main-header-display":"","ast-hfb-above-header-display":"","ast-hfb-below-header-display":"","ast-hfb-mobile-header-display":"","site-post-title":"","ast-breadcrumbs-content":"","ast-featured-img":"","footer-sml-layout":"","ast-disable-related-posts":"","theme-transparent-header-meta":"","adv-header-id-meta":"","stick-header-meta":"","header-above-stick-meta":"","header-main-stick-meta":"","header-below-stick-meta":"","astra-migrate-meta-layouts":"default","ast-page-background-enabled":"default","ast-page-background-meta":{"desktop":{"background-color":"","background-image":"","background-repeat":"repeat","background-position":"center center","background-size":"auto","background-attachment":"scroll","background-type":"","background-media":"","overlay-type":"","overlay-color":"","overlay-opacity":"","overlay-gradient":""},"tablet":{"background-color":"","background-image":"","background-repeat":"repeat","background-position":"center center","background-size":"auto","background-attachment":"scroll","background-type":"","background-media":"","overlay-type":"","overlay-color":"","overlay-opacity":"","overlay-gradient":""},"mobile":{"background-color":"","background-image":"","background-repeat":"repeat","background-position":"center center","background-size":"auto","background-attachment":"scroll","background-type":"","background-media":"","overlay-type":"","overlay-color":"","overlay-opacity":"","overlay-gradient":""}},"ast-content-background-meta":{"desktop":{"background-color":"var(--ast-global-color-4)","background-image":"","background-repeat":"repeat","background-position":"center center","background-size":"auto","background-attachment":"scroll","background-type":"","background-media":"","overlay-type":"","overlay-color":"","overlay-opacity":"","overlay-gradient":""},"tablet":{"background-color":"var(--ast-global-color-4)","background-image":"","background-repeat":"repeat","background-position":"center center","background-size":"auto","background-attachment":"scroll","background-type":"","background-media":"","overlay-type":"","overlay-color":"","overlay-opacity":"","overlay-gradient":""},"mobile":{"background-color":"var(--ast-global-color-4)","background-image":"","background-repeat":"repeat","background-position":"center center","background-size":"auto","background-attachment":"scroll","background-type":"","background-media":"","overlay-type":"","overlay-color":"","overlay-opacity":"","overlay-gradient":""}}},"product_brand":[],"product_cat":[31],"product_tag":[9344],"class_list":{"0":"post-22883","1":"product","2":"type-product","3":"status-publish","4":"has-post-thumbnail","6":"product_cat-grozine-literatura","7":"product_tag-matilda-olkinaite","8":"desktop-align-left","9":"tablet-align-left","10":"mobile-align-left","12":"first","13":"instock","14":"shipping-taxable","15":"purchasable","16":"product-type-simple"},"acf":[],"yoast_head":"<!-- This site is optimized with the Yoast SEO plugin v27.0 - https:\/\/yoast.com\/product\/yoast-seo-wordpress\/ -->\n<title>Atrakintas dienora\u0161tis<\/title>\n<meta name=\"description\" content=\"Matilda Olkinait\u0117 (1922\u20131941) \u2013 jauna Lietuvos \u017eyd\u0173 poet\u0117, k\u016brusi lietuvi\u0173 kalba, nu\u017eudyta Holokausto metu. Gim\u0117 Panemun\u0117lio miestelyje (Roki\u0161kio rajone),\" \/>\n<meta name=\"robots\" content=\"index, follow, max-snippet:-1, max-image-preview:large, max-video-preview:-1\" \/>\n<link rel=\"canonical\" href=\"https:\/\/skaitytaknyga.lt\/en\/produktas\/atrakintas-dienorastis\/\" \/>\n<meta property=\"og:locale\" content=\"en_GB\" \/>\n<meta property=\"og:locale:alternate\" content=\"lt_LT\" \/>\n<meta property=\"og:type\" content=\"article\" \/>\n<meta property=\"og:title\" content=\"Atrakintas dienora\u0161tis\" \/>\n<meta property=\"og:description\" content=\"Matilda Olkinait\u0117 (1922\u20131941) \u2013 jauna Lietuvos \u017eyd\u0173 poet\u0117, k\u016brusi lietuvi\u0173 kalba, nu\u017eudyta Holokausto metu. Gim\u0117 Panemun\u0117lio miestelyje (Roki\u0161kio rajone),\" \/>\n<meta property=\"og:url\" content=\"https:\/\/skaitytaknyga.lt\/en\/produktas\/atrakintas-dienorastis\/\" \/>\n<meta property=\"og:site_name\" content=\"Skaitytaknyga\" \/>\n<meta property=\"article:publisher\" content=\"https:\/\/www.facebook.com\/skaitytaknyga\/\" \/>\n<meta property=\"article:modified_time\" content=\"2026-01-30T15:31:52+00:00\" \/>\n<meta property=\"og:image\" content=\"https:\/\/skaitytaknyga.lt\/wp-content\/uploads\/2026\/01\/Matilda-Olkinaite.-Atrakintas-dienorastis.webp\" \/>\n\t<meta property=\"og:image:width\" content=\"300\" \/>\n\t<meta property=\"og:image:height\" content=\"425\" \/>\n\t<meta property=\"og:image:type\" content=\"image\/webp\" \/>\n<meta name=\"twitter:card\" content=\"summary_large_image\" \/>\n<meta name=\"twitter:label1\" content=\"Estimated reading time\" \/>\n\t<meta name=\"twitter:data1\" content=\"2 minutes\" \/>\n<script type=\"application\/ld+json\" class=\"yoast-schema-graph\">{\"@context\":\"https:\/\/schema.org\",\"@graph\":[{\"@type\":\"WebPage\",\"@id\":\"https:\/\/skaitytaknyga.lt\/produktas\/atrakintas-dienorastis\/\",\"url\":\"https:\/\/skaitytaknyga.lt\/produktas\/atrakintas-dienorastis\/\",\"name\":\"Atrakintas dienora\u0161tis\",\"isPartOf\":{\"@id\":\"https:\/\/skaitytaknyga.lt\/#website\"},\"primaryImageOfPage\":{\"@id\":\"https:\/\/skaitytaknyga.lt\/produktas\/atrakintas-dienorastis\/#primaryimage\"},\"image\":{\"@id\":\"https:\/\/skaitytaknyga.lt\/produktas\/atrakintas-dienorastis\/#primaryimage\"},\"thumbnailUrl\":\"https:\/\/skaitytaknyga.lt\/wp-content\/uploads\/2026\/01\/Matilda-Olkinaite.-Atrakintas-dienorastis.webp\",\"datePublished\":\"2026-01-30T10:38:07+00:00\",\"dateModified\":\"2026-01-30T15:31:52+00:00\",\"description\":\"Matilda Olkinait\u0117 (1922\u20131941) \u2013 jauna Lietuvos \u017eyd\u0173 poet\u0117, k\u016brusi lietuvi\u0173 kalba, nu\u017eudyta Holokausto metu. Gim\u0117 Panemun\u0117lio miestelyje (Roki\u0161kio rajone),\",\"breadcrumb\":{\"@id\":\"https:\/\/skaitytaknyga.lt\/produktas\/atrakintas-dienorastis\/#breadcrumb\"},\"inLanguage\":\"en-GB\",\"potentialAction\":[{\"@type\":\"ReadAction\",\"target\":[\"https:\/\/skaitytaknyga.lt\/produktas\/atrakintas-dienorastis\/\"]}]},{\"@type\":\"ImageObject\",\"inLanguage\":\"en-GB\",\"@id\":\"https:\/\/skaitytaknyga.lt\/produktas\/atrakintas-dienorastis\/#primaryimage\",\"url\":\"https:\/\/skaitytaknyga.lt\/wp-content\/uploads\/2026\/01\/Matilda-Olkinaite.-Atrakintas-dienorastis.webp\",\"contentUrl\":\"https:\/\/skaitytaknyga.lt\/wp-content\/uploads\/2026\/01\/Matilda-Olkinaite.-Atrakintas-dienorastis.webp\",\"width\":300,\"height\":425,\"caption\":\"Matilda Olkinait\u0117. Atrakintas dienora\u0161tis\"},{\"@type\":\"BreadcrumbList\",\"@id\":\"https:\/\/skaitytaknyga.lt\/produktas\/atrakintas-dienorastis\/#breadcrumb\",\"itemListElement\":[{\"@type\":\"ListItem\",\"position\":1,\"name\":\"Home\",\"item\":\"https:\/\/skaitytaknyga.lt\/\"},{\"@type\":\"ListItem\",\"position\":2,\"name\":\"Parduotuv\u0117\",\"item\":\"https:\/\/skaitytaknyga.lt\/knygu-parduotuve\/\"},{\"@type\":\"ListItem\",\"position\":3,\"name\":\"Atrakintas dienora\u0161tis\"}]},{\"@type\":\"WebSite\",\"@id\":\"https:\/\/skaitytaknyga.lt\/#website\",\"url\":\"https:\/\/skaitytaknyga.lt\/\",\"name\":\"skaitytaknyga.lt\",\"description\":\"Skaitytaknyga.lt \u2013 tai ma\u017eas \u0161eimos verslas, kuris prasid\u0117jo nuo meil\u0117s knygoms ir siekio i\u0161gelb\u0117ti knygas nuo likimo prie konteinerio. Kas vienam nereikalingas daiktas \u2013 kitam lobis, o mes esame tarpininkai, kurie padeda abiems tapti laimingesniems ???? \u017dinome kaip nelengva i\u0161gyventi ma\u017eiems verslams, tad nuo \u0161iol, \u010dia rasite ir kit\u0173, ma\u017e\u0173 \u0161eim\u0173 versl\u0173, rank\u0173 darbo, dovan\u0173 sau ir artimiesiems.\",\"publisher\":{\"@id\":\"https:\/\/skaitytaknyga.lt\/#organization\"},\"potentialAction\":[{\"@type\":\"SearchAction\",\"target\":{\"@type\":\"EntryPoint\",\"urlTemplate\":\"https:\/\/skaitytaknyga.lt\/?s={search_term_string}\"},\"query-input\":{\"@type\":\"PropertyValueSpecification\",\"valueRequired\":true,\"valueName\":\"search_term_string\"}}],\"inLanguage\":\"en-GB\"},{\"@type\":\"Organization\",\"@id\":\"https:\/\/skaitytaknyga.lt\/#organization\",\"name\":\"skaitytaknyga.lt\",\"url\":\"https:\/\/skaitytaknyga.lt\/\",\"logo\":{\"@type\":\"ImageObject\",\"inLanguage\":\"en-GB\",\"@id\":\"https:\/\/skaitytaknyga.lt\/#\/schema\/logo\/image\/\",\"url\":\"https:\/\/skaitytaknyga.lt\/wp-content\/uploads\/2024\/05\/cropped-cropped-cropped-02_00843_jt3bggkj1j3HLc7SyY6rEUpg.jpeg\",\"contentUrl\":\"https:\/\/skaitytaknyga.lt\/wp-content\/uploads\/2024\/05\/cropped-cropped-cropped-02_00843_jt3bggkj1j3HLc7SyY6rEUpg.jpeg\",\"width\":1600,\"height\":1600,\"caption\":\"skaitytaknyga.lt\"},\"image\":{\"@id\":\"https:\/\/skaitytaknyga.lt\/#\/schema\/logo\/image\/\"},\"sameAs\":[\"https:\/\/www.facebook.com\/skaitytaknyga\/\"]}]}<\/script>\n<!-- \/ Yoast SEO plugin. -->","yoast_head_json":{"title":"Atrakintas dienora\u0161tis","description":"Matilda Olkinait\u0117 (1922\u20131941) \u2013 jauna Lietuvos \u017eyd\u0173 poet\u0117, k\u016brusi lietuvi\u0173 kalba, nu\u017eudyta Holokausto metu. Gim\u0117 Panemun\u0117lio miestelyje (Roki\u0161kio rajone),","robots":{"index":"index","follow":"follow","max-snippet":"max-snippet:-1","max-image-preview":"max-image-preview:large","max-video-preview":"max-video-preview:-1"},"canonical":"https:\/\/skaitytaknyga.lt\/en\/produktas\/atrakintas-dienorastis\/","og_locale":"en_GB","og_type":"article","og_title":"[:lt]Atrakintas dienora\u0161tis[:] - Skaitytaknyga","og_description":"Matilda Olkinait\u0117 (1922\u20131941) \u2013 jauna Lietuvos \u017eyd\u0173 poet\u0117, k\u016brusi lietuvi\u0173 kalba, nu\u017eudyta Holokausto metu. Gim\u0117 Panemun\u0117lio miestelyje (Roki\u0161kio rajone),","og_url":"https:\/\/skaitytaknyga.lt\/en\/produktas\/atrakintas-dienorastis\/","og_site_name":"Skaitytaknyga","article_publisher":"https:\/\/www.facebook.com\/skaitytaknyga\/","article_modified_time":"2026-01-30T15:31:52+00:00","og_image":[{"width":300,"height":425,"url":"https:\/\/skaitytaknyga.lt\/wp-content\/uploads\/2026\/01\/Matilda-Olkinaite.-Atrakintas-dienorastis.webp","type":"image\/webp"}],"twitter_card":"summary_large_image","twitter_misc":{"Estimated reading time":"2 minutes"},"schema":{"@context":"https:\/\/schema.org","@graph":[{"@type":"WebPage","@id":"https:\/\/skaitytaknyga.lt\/produktas\/atrakintas-dienorastis\/","url":"https:\/\/skaitytaknyga.lt\/produktas\/atrakintas-dienorastis\/","name":"Atrakintas dienora\u0161tis","isPartOf":{"@id":"https:\/\/skaitytaknyga.lt\/#website"},"primaryImageOfPage":{"@id":"https:\/\/skaitytaknyga.lt\/produktas\/atrakintas-dienorastis\/#primaryimage"},"image":{"@id":"https:\/\/skaitytaknyga.lt\/produktas\/atrakintas-dienorastis\/#primaryimage"},"thumbnailUrl":"https:\/\/skaitytaknyga.lt\/wp-content\/uploads\/2026\/01\/Matilda-Olkinaite.-Atrakintas-dienorastis.webp","datePublished":"2026-01-30T10:38:07+00:00","dateModified":"2026-01-30T15:31:52+00:00","description":"Matilda Olkinait\u0117 (1922\u20131941) \u2013 jauna Lietuvos \u017eyd\u0173 poet\u0117, k\u016brusi lietuvi\u0173 kalba, nu\u017eudyta Holokausto metu. Gim\u0117 Panemun\u0117lio miestelyje (Roki\u0161kio rajone),","breadcrumb":{"@id":"https:\/\/skaitytaknyga.lt\/produktas\/atrakintas-dienorastis\/#breadcrumb"},"inLanguage":"en-GB","potentialAction":[{"@type":"ReadAction","target":["https:\/\/skaitytaknyga.lt\/produktas\/atrakintas-dienorastis\/"]}]},{"@type":"ImageObject","inLanguage":"en-GB","@id":"https:\/\/skaitytaknyga.lt\/produktas\/atrakintas-dienorastis\/#primaryimage","url":"https:\/\/skaitytaknyga.lt\/wp-content\/uploads\/2026\/01\/Matilda-Olkinaite.-Atrakintas-dienorastis.webp","contentUrl":"https:\/\/skaitytaknyga.lt\/wp-content\/uploads\/2026\/01\/Matilda-Olkinaite.-Atrakintas-dienorastis.webp","width":300,"height":425,"caption":"Matilda Olkinait\u0117. Atrakintas dienora\u0161tis"},{"@type":"BreadcrumbList","@id":"https:\/\/skaitytaknyga.lt\/produktas\/atrakintas-dienorastis\/#breadcrumb","itemListElement":[{"@type":"ListItem","position":1,"name":"Home","item":"https:\/\/skaitytaknyga.lt\/"},{"@type":"ListItem","position":2,"name":"Parduotuv\u0117","item":"https:\/\/skaitytaknyga.lt\/knygu-parduotuve\/"},{"@type":"ListItem","position":3,"name":"Atrakintas dienora\u0161tis"}]},{"@type":"WebSite","@id":"https:\/\/skaitytaknyga.lt\/#website","url":"https:\/\/skaitytaknyga.lt\/","name":"skaitytaknyga.lt","description":"Skaitytaknyga.lt \u2013 tai ma\u017eas \u0161eimos verslas, kuris prasid\u0117jo nuo meil\u0117s knygoms ir siekio i\u0161gelb\u0117ti knygas nuo likimo prie konteinerio. Kas vienam nereikalingas daiktas \u2013 kitam lobis, o mes esame tarpininkai, kurie padeda abiems tapti laimingesniems ???? \u017dinome kaip nelengva i\u0161gyventi ma\u017eiems verslams, tad nuo \u0161iol, \u010dia rasite ir kit\u0173, ma\u017e\u0173 \u0161eim\u0173 versl\u0173, rank\u0173 darbo, dovan\u0173 sau ir artimiesiems.","publisher":{"@id":"https:\/\/skaitytaknyga.lt\/#organization"},"potentialAction":[{"@type":"SearchAction","target":{"@type":"EntryPoint","urlTemplate":"https:\/\/skaitytaknyga.lt\/?s={search_term_string}"},"query-input":{"@type":"PropertyValueSpecification","valueRequired":true,"valueName":"search_term_string"}}],"inLanguage":"en-GB"},{"@type":"Organization","@id":"https:\/\/skaitytaknyga.lt\/#organization","name":"skaitytaknyga.lt","url":"https:\/\/skaitytaknyga.lt\/","logo":{"@type":"ImageObject","inLanguage":"en-GB","@id":"https:\/\/skaitytaknyga.lt\/#\/schema\/logo\/image\/","url":"https:\/\/skaitytaknyga.lt\/wp-content\/uploads\/2024\/05\/cropped-cropped-cropped-02_00843_jt3bggkj1j3HLc7SyY6rEUpg.jpeg","contentUrl":"https:\/\/skaitytaknyga.lt\/wp-content\/uploads\/2024\/05\/cropped-cropped-cropped-02_00843_jt3bggkj1j3HLc7SyY6rEUpg.jpeg","width":1600,"height":1600,"caption":"skaitytaknyga.lt"},"image":{"@id":"https:\/\/skaitytaknyga.lt\/#\/schema\/logo\/image\/"},"sameAs":["https:\/\/www.facebook.com\/skaitytaknyga\/"]}]}},"_links":{"self":[{"href":"https:\/\/skaitytaknyga.lt\/en\/wp-json\/wp\/v2\/product\/22883","targetHints":{"allow":["GET"]}}],"collection":[{"href":"https:\/\/skaitytaknyga.lt\/en\/wp-json\/wp\/v2\/product"}],"about":[{"href":"https:\/\/skaitytaknyga.lt\/en\/wp-json\/wp\/v2\/types\/product"}],"replies":[{"embeddable":true,"href":"https:\/\/skaitytaknyga.lt\/en\/wp-json\/wp\/v2\/comments?post=22883"}],"wp:featuredmedia":[{"embeddable":true,"href":"https:\/\/skaitytaknyga.lt\/en\/wp-json\/wp\/v2\/media\/22888"}],"wp:attachment":[{"href":"https:\/\/skaitytaknyga.lt\/en\/wp-json\/wp\/v2\/media?parent=22883"}],"wp:term":[{"taxonomy":"product_brand","embeddable":true,"href":"https:\/\/skaitytaknyga.lt\/en\/wp-json\/wp\/v2\/product_brand?post=22883"},{"taxonomy":"product_cat","embeddable":true,"href":"https:\/\/skaitytaknyga.lt\/en\/wp-json\/wp\/v2\/product_cat?post=22883"},{"taxonomy":"product_tag","embeddable":true,"href":"https:\/\/skaitytaknyga.lt\/en\/wp-json\/wp\/v2\/product_tag?post=22883"}],"curies":[{"name":"wp","href":"https:\/\/api.w.org\/{rel}","templated":true}]}}