{"id":2288,"date":"2024-04-17T13:07:14","date_gmt":"2024-04-17T13:07:14","guid":{"rendered":"https:\/\/skaitytaknyga.lt\/?post_type=product&#038;p=2288"},"modified":"2024-05-03T07:14:23","modified_gmt":"2024-05-03T07:14:23","slug":"a-tylerantrasis-kvepavimas","status":"publish","type":"product","link":"https:\/\/skaitytaknyga.lt\/en\/produktas\/a-tylerantrasis-kvepavimas\/","title":{"rendered":"A. Tyler\u201eAntrasis kv\u0117pavimas\u201c"},"content":{"rendered":"<p>Anne Tyler (g. 1941) \u2013 viena i\u0161 \u012fdomiausi\u0173 Amerikos moter\u0173 ra\u0161ytoj\u0173, Pulicerio premijos laureat\u0117, garsi \u0161iltais ir jaukiais romanais apie \u201epaprastus \u017emones\u201c.<\/p>\n<p>Jos romanai \u2013 nuostabaus graudulio ir humoro mi\u0161inys. Ypa\u010d \u201eAntrasis kv\u0117pavimas\u201c \u2013 meil\u0117s istorija, teigianti santuok\u0105, kupina i\u0161minties \u017emogi\u0161koji komedija, daug analog\u0173 pasaulio literat\u016broje turintis \u201ekelio romanas\u201c. Jo herojai, vaikus u\u017eauginusi pora, kantruolis Aiva ir i\u0161sibla\u0161k\u0117l\u0117 Meg\u0117, bandanti rikiuoti vis\u0173 gyvenim\u0105, i\u0161sirengia \u012f draug\u0117s vyro laidotuves. Kelion\u0117je per t\u0105 vien\u0105 dien\u0105 jie patiria svarbiausia \u2013 koks nepaprastas j\u0173 paprastutis gyvenimas&#8230;<\/p>\n","protected":false},"excerpt":{"rendered":"<p>Anne Tyler (g. 1941) \u2013 viena i\u0161 \u012fdomiausi\u0173 Amerikos moter\u0173 ra\u0161ytoj\u0173, Pulicerio premijos laureat\u0117, garsi \u0161iltais ir jaukiais romanais apie \u201epaprastus \u017emones\u201c.<\/p>\n<p>Jos romanai \u2013 nuostabaus graudulio ir humoro mi\u0161inys. Ypa\u010d \u201eAntrasis kv\u0117pavimas\u201c \u2013 meil\u0117s istorija, teigianti santuok\u0105, kupina i\u0161minties \u017emogi\u0161koji komedija, daug analog\u0173 pasaulio literat\u016broje turintis \u201ekelio romanas\u201c. Jo herojai, vaikus u\u017eauginusi pora, kantruolis Aiva ir i\u0161sibla\u0161k\u0117l\u0117 Meg\u0117, bandanti rikiuoti vis\u0173 gyvenim\u0105, i\u0161sirengia \u012f draug\u0117s vyro laidotuves. Kelion\u0117je per t\u0105 vien\u0105 dien\u0105 jie patiria svarbiausia \u2013 koks nepaprastas j\u0173 paprastutis gyvenimas&#8230;<\/p>\n","protected":false},"featured_media":2329,"comment_status":"closed","ping_status":"closed","template":"","meta":{"_acf_changed":false,"site-sidebar-layout":"default","site-content-layout":"","ast-site-content-layout":"default","site-content-style":"default","site-sidebar-style":"default","ast-global-header-display":"","ast-banner-title-visibility":"","ast-main-header-display":"","ast-hfb-above-header-display":"","ast-hfb-below-header-display":"","ast-hfb-mobile-header-display":"","site-post-title":"","ast-breadcrumbs-content":"","ast-featured-img":"","footer-sml-layout":"","ast-disable-related-posts":"","theme-transparent-header-meta":"","adv-header-id-meta":"","stick-header-meta":"","header-above-stick-meta":"","header-main-stick-meta":"","header-below-stick-meta":"","astra-migrate-meta-layouts":"default","ast-page-background-enabled":"default","ast-page-background-meta":{"desktop":{"background-color":"","background-image":"","background-repeat":"repeat","background-position":"center center","background-size":"auto","background-attachment":"scroll","background-type":"","background-media":"","overlay-type":"","overlay-color":"","overlay-opacity":"","overlay-gradient":""},"tablet":{"background-color":"","background-image":"","background-repeat":"repeat","background-position":"center center","background-size":"auto","background-attachment":"scroll","background-type":"","background-media":"","overlay-type":"","overlay-color":"","overlay-opacity":"","overlay-gradient":""},"mobile":{"background-color":"","background-image":"","background-repeat":"repeat","background-position":"center center","background-size":"auto","background-attachment":"scroll","background-type":"","background-media":"","overlay-type":"","overlay-color":"","overlay-opacity":"","overlay-gradient":""}},"ast-content-background-meta":{"desktop":{"background-color":"var(--ast-global-color-4)","background-image":"","background-repeat":"repeat","background-position":"center center","background-size":"auto","background-attachment":"scroll","background-type":"","background-media":"","overlay-type":"","overlay-color":"","overlay-opacity":"","overlay-gradient":""},"tablet":{"background-color":"var(--ast-global-color-4)","background-image":"","background-repeat":"repeat","background-position":"center center","background-size":"auto","background-attachment":"scroll","background-type":"","background-media":"","overlay-type":"","overlay-color":"","overlay-opacity":"","overlay-gradient":""},"mobile":{"background-color":"var(--ast-global-color-4)","background-image":"","background-repeat":"repeat","background-position":"center center","background-size":"auto","background-attachment":"scroll","background-type":"","background-media":"","overlay-type":"","overlay-color":"","overlay-opacity":"","overlay-gradient":""}}},"product_brand":[],"product_cat":[31],"product_tag":[63],"class_list":{"0":"post-2288","1":"product","2":"type-product","3":"status-publish","4":"has-post-thumbnail","6":"product_cat-grozine-literatura","7":"product_tag-xx-a-aukso-fondas","8":"desktop-align-left","9":"tablet-align-left","10":"mobile-align-left","12":"first","13":"outofstock","14":"shipping-taxable","15":"purchasable","16":"product-type-simple"},"acf":[],"yoast_head":"<!-- This site is optimized with the Yoast SEO plugin v27.0 - https:\/\/yoast.com\/product\/yoast-seo-wordpress\/ -->\n<title>A. Tyler\u201eAntrasis kv\u0117pavimas\u201c - Skaitytaknyga<\/title>\n<meta name=\"description\" content=\"Anne Tyler (g. 1941) \u2013 viena i\u0161 \u012fdomiausi\u0173 Amerikos moter\u0173 ra\u0161ytoj\u0173, Pulicerio premijos laureat\u0117, garsi \u0161iltais ir jaukiais romanais apie \u201epaprastus \u017emones\u201c.  Jos romanai \u2013 nuostabaus graudulio ir humoro mi\u0161inys. Ypa\u010d \u201eAntrasis kv\u0117pavimas\u201c \u2013 meil\u0117s istorija, teigianti santuok\u0105, kupina i\u0161minties \u017emogi\u0161koji komedija, daug analog\u0173 pasaulio literat\u016broje turintis \u201ekelio romanas\u201c. Jo herojai, vaikus u\u017eauginusi pora, kantruolis Aiva ir i\u0161sibla\u0161k\u0117l\u0117 Meg\u0117, bandanti rikiuoti vis\u0173 gyvenim\u0105, i\u0161sirengia \u012f draug\u0117s vyro laidotuves. Kelion\u0117je per t\u0105 vien\u0105 dien\u0105 jie patiria svarbiausia \u2013 koks nepaprastas j\u0173 paprastutis gyvenimas...\" \/>\n<meta name=\"robots\" content=\"index, follow, max-snippet:-1, max-image-preview:large, max-video-preview:-1\" \/>\n<link rel=\"canonical\" href=\"https:\/\/skaitytaknyga.lt\/en\/produktas\/a-tylerantrasis-kvepavimas\/\" \/>\n<meta property=\"og:locale\" content=\"en_GB\" \/>\n<meta property=\"og:locale:alternate\" content=\"lt_LT\" \/>\n<meta property=\"og:type\" content=\"article\" \/>\n<meta property=\"og:title\" content=\"A. Tyler\u201eAntrasis kv\u0117pavimas\u201c - Skaitytaknyga\" \/>\n<meta property=\"og:description\" content=\"Anne Tyler (g. 1941) \u2013 viena i\u0161 \u012fdomiausi\u0173 Amerikos moter\u0173 ra\u0161ytoj\u0173, Pulicerio premijos laureat\u0117, garsi \u0161iltais ir jaukiais romanais apie \u201epaprastus \u017emones\u201c.  Jos romanai \u2013 nuostabaus graudulio ir humoro mi\u0161inys. Ypa\u010d \u201eAntrasis kv\u0117pavimas\u201c \u2013 meil\u0117s istorija, teigianti santuok\u0105, kupina i\u0161minties \u017emogi\u0161koji komedija, daug analog\u0173 pasaulio literat\u016broje turintis \u201ekelio romanas\u201c. Jo herojai, vaikus u\u017eauginusi pora, kantruolis Aiva ir i\u0161sibla\u0161k\u0117l\u0117 Meg\u0117, bandanti rikiuoti vis\u0173 gyvenim\u0105, i\u0161sirengia \u012f draug\u0117s vyro laidotuves. Kelion\u0117je per t\u0105 vien\u0105 dien\u0105 jie patiria svarbiausia \u2013 koks nepaprastas j\u0173 paprastutis gyvenimas...\" \/>\n<meta property=\"og:url\" content=\"https:\/\/skaitytaknyga.lt\/en\/produktas\/a-tylerantrasis-kvepavimas\/\" \/>\n<meta property=\"og:site_name\" content=\"Skaitytaknyga\" \/>\n<meta property=\"article:publisher\" content=\"https:\/\/www.facebook.com\/skaitytaknyga\/\" \/>\n<meta property=\"article:modified_time\" content=\"2024-05-03T07:14:23+00:00\" \/>\n<meta property=\"og:image\" content=\"https:\/\/skaitytaknyga.lt\/wp-content\/uploads\/2024\/04\/img.jpg\" \/>\n\t<meta property=\"og:image:width\" content=\"484\" \/>\n\t<meta property=\"og:image:height\" content=\"800\" \/>\n\t<meta property=\"og:image:type\" content=\"image\/jpeg\" \/>\n<meta name=\"twitter:card\" content=\"summary_large_image\" \/>\n<script type=\"application\/ld+json\" class=\"yoast-schema-graph\">{\"@context\":\"https:\/\/schema.org\",\"@graph\":[{\"@type\":\"WebPage\",\"@id\":\"https:\/\/skaitytaknyga.lt\/produktas\/a-tylerantrasis-kvepavimas\/\",\"url\":\"https:\/\/skaitytaknyga.lt\/produktas\/a-tylerantrasis-kvepavimas\/\",\"name\":\"A. Tyler\u201eAntrasis kv\u0117pavimas\u201c - Skaitytaknyga\",\"isPartOf\":{\"@id\":\"https:\/\/skaitytaknyga.lt\/#website\"},\"primaryImageOfPage\":{\"@id\":\"https:\/\/skaitytaknyga.lt\/produktas\/a-tylerantrasis-kvepavimas\/#primaryimage\"},\"image\":{\"@id\":\"https:\/\/skaitytaknyga.lt\/produktas\/a-tylerantrasis-kvepavimas\/#primaryimage\"},\"thumbnailUrl\":\"https:\/\/skaitytaknyga.lt\/wp-content\/uploads\/2024\/04\/img.jpg\",\"datePublished\":\"2024-04-17T13:07:14+00:00\",\"dateModified\":\"2024-05-03T07:14:23+00:00\",\"description\":\"Anne Tyler (g. 1941) \u2013 viena i\u0161 \u012fdomiausi\u0173 Amerikos moter\u0173 ra\u0161ytoj\u0173, Pulicerio premijos laureat\u0117, garsi \u0161iltais ir jaukiais romanais apie \u201epaprastus \u017emones\u201c. Jos romanai \u2013 nuostabaus graudulio ir humoro mi\u0161inys. Ypa\u010d \u201eAntrasis kv\u0117pavimas\u201c \u2013 meil\u0117s istorija, teigianti santuok\u0105, kupina i\u0161minties \u017emogi\u0161koji komedija, daug analog\u0173 pasaulio literat\u016broje turintis \u201ekelio romanas\u201c. Jo herojai, vaikus u\u017eauginusi pora, kantruolis Aiva ir i\u0161sibla\u0161k\u0117l\u0117 Meg\u0117, bandanti rikiuoti vis\u0173 gyvenim\u0105, i\u0161sirengia \u012f draug\u0117s vyro laidotuves. Kelion\u0117je per t\u0105 vien\u0105 dien\u0105 jie patiria svarbiausia \u2013 koks nepaprastas j\u0173 paprastutis gyvenimas...\",\"breadcrumb\":{\"@id\":\"https:\/\/skaitytaknyga.lt\/produktas\/a-tylerantrasis-kvepavimas\/#breadcrumb\"},\"inLanguage\":\"en-GB\",\"potentialAction\":[{\"@type\":\"ReadAction\",\"target\":[\"https:\/\/skaitytaknyga.lt\/produktas\/a-tylerantrasis-kvepavimas\/\"]}]},{\"@type\":\"ImageObject\",\"inLanguage\":\"en-GB\",\"@id\":\"https:\/\/skaitytaknyga.lt\/produktas\/a-tylerantrasis-kvepavimas\/#primaryimage\",\"url\":\"https:\/\/skaitytaknyga.lt\/wp-content\/uploads\/2024\/04\/img.jpg\",\"contentUrl\":\"https:\/\/skaitytaknyga.lt\/wp-content\/uploads\/2024\/04\/img.jpg\",\"width\":484,\"height\":800,\"caption\":\"img\"},{\"@type\":\"BreadcrumbList\",\"@id\":\"https:\/\/skaitytaknyga.lt\/produktas\/a-tylerantrasis-kvepavimas\/#breadcrumb\",\"itemListElement\":[{\"@type\":\"ListItem\",\"position\":1,\"name\":\"Home\",\"item\":\"https:\/\/skaitytaknyga.lt\/\"},{\"@type\":\"ListItem\",\"position\":2,\"name\":\"Parduotuv\u0117\",\"item\":\"https:\/\/skaitytaknyga.lt\/knygu-parduotuve\/\"},{\"@type\":\"ListItem\",\"position\":3,\"name\":\"A. Tyler\u201eAntrasis kv\u0117pavimas\u201c\"}]},{\"@type\":\"WebSite\",\"@id\":\"https:\/\/skaitytaknyga.lt\/#website\",\"url\":\"https:\/\/skaitytaknyga.lt\/\",\"name\":\"skaitytaknyga.lt\",\"description\":\"Skaitytaknyga.lt \u2013 tai ma\u017eas \u0161eimos verslas, kuris prasid\u0117jo nuo meil\u0117s knygoms ir siekio i\u0161gelb\u0117ti knygas nuo likimo prie konteinerio. Kas vienam nereikalingas daiktas \u2013 kitam lobis, o mes esame tarpininkai, kurie padeda abiems tapti laimingesniems ???? \u017dinome kaip nelengva i\u0161gyventi ma\u017eiems verslams, tad nuo \u0161iol, \u010dia rasite ir kit\u0173, ma\u017e\u0173 \u0161eim\u0173 versl\u0173, rank\u0173 darbo, dovan\u0173 sau ir artimiesiems.\",\"publisher\":{\"@id\":\"https:\/\/skaitytaknyga.lt\/#organization\"},\"potentialAction\":[{\"@type\":\"SearchAction\",\"target\":{\"@type\":\"EntryPoint\",\"urlTemplate\":\"https:\/\/skaitytaknyga.lt\/?s={search_term_string}\"},\"query-input\":{\"@type\":\"PropertyValueSpecification\",\"valueRequired\":true,\"valueName\":\"search_term_string\"}}],\"inLanguage\":\"en-GB\"},{\"@type\":\"Organization\",\"@id\":\"https:\/\/skaitytaknyga.lt\/#organization\",\"name\":\"skaitytaknyga.lt\",\"url\":\"https:\/\/skaitytaknyga.lt\/\",\"logo\":{\"@type\":\"ImageObject\",\"inLanguage\":\"en-GB\",\"@id\":\"https:\/\/skaitytaknyga.lt\/#\/schema\/logo\/image\/\",\"url\":\"https:\/\/skaitytaknyga.lt\/wp-content\/uploads\/2024\/05\/cropped-cropped-cropped-02_00843_jt3bggkj1j3HLc7SyY6rEUpg.jpeg\",\"contentUrl\":\"https:\/\/skaitytaknyga.lt\/wp-content\/uploads\/2024\/05\/cropped-cropped-cropped-02_00843_jt3bggkj1j3HLc7SyY6rEUpg.jpeg\",\"width\":1600,\"height\":1600,\"caption\":\"skaitytaknyga.lt\"},\"image\":{\"@id\":\"https:\/\/skaitytaknyga.lt\/#\/schema\/logo\/image\/\"},\"sameAs\":[\"https:\/\/www.facebook.com\/skaitytaknyga\/\"]}]}<\/script>\n<!-- \/ Yoast SEO plugin. -->","yoast_head_json":{"title":"A. Tyler\u201eAntrasis kv\u0117pavimas\u201c - Skaitytaknyga","description":"Anne Tyler (g. 1941) \u2013 viena i\u0161 \u012fdomiausi\u0173 Amerikos moter\u0173 ra\u0161ytoj\u0173, Pulicerio premijos laureat\u0117, garsi \u0161iltais ir jaukiais romanais apie \u201epaprastus \u017emones\u201c.  Jos romanai \u2013 nuostabaus graudulio ir humoro mi\u0161inys. Ypa\u010d \u201eAntrasis kv\u0117pavimas\u201c \u2013 meil\u0117s istorija, teigianti santuok\u0105, kupina i\u0161minties \u017emogi\u0161koji komedija, daug analog\u0173 pasaulio literat\u016broje turintis \u201ekelio romanas\u201c. Jo herojai, vaikus u\u017eauginusi pora, kantruolis Aiva ir i\u0161sibla\u0161k\u0117l\u0117 Meg\u0117, bandanti rikiuoti vis\u0173 gyvenim\u0105, i\u0161sirengia \u012f draug\u0117s vyro laidotuves. Kelion\u0117je per t\u0105 vien\u0105 dien\u0105 jie patiria svarbiausia \u2013 koks nepaprastas j\u0173 paprastutis gyvenimas...","robots":{"index":"index","follow":"follow","max-snippet":"max-snippet:-1","max-image-preview":"max-image-preview:large","max-video-preview":"max-video-preview:-1"},"canonical":"https:\/\/skaitytaknyga.lt\/en\/produktas\/a-tylerantrasis-kvepavimas\/","og_locale":"en_GB","og_type":"article","og_title":"A. Tyler\u201eAntrasis kv\u0117pavimas\u201c - Skaitytaknyga","og_description":"Anne Tyler (g. 1941) \u2013 viena i\u0161 \u012fdomiausi\u0173 Amerikos moter\u0173 ra\u0161ytoj\u0173, Pulicerio premijos laureat\u0117, garsi \u0161iltais ir jaukiais romanais apie \u201epaprastus \u017emones\u201c.  Jos romanai \u2013 nuostabaus graudulio ir humoro mi\u0161inys. Ypa\u010d \u201eAntrasis kv\u0117pavimas\u201c \u2013 meil\u0117s istorija, teigianti santuok\u0105, kupina i\u0161minties \u017emogi\u0161koji komedija, daug analog\u0173 pasaulio literat\u016broje turintis \u201ekelio romanas\u201c. Jo herojai, vaikus u\u017eauginusi pora, kantruolis Aiva ir i\u0161sibla\u0161k\u0117l\u0117 Meg\u0117, bandanti rikiuoti vis\u0173 gyvenim\u0105, i\u0161sirengia \u012f draug\u0117s vyro laidotuves. Kelion\u0117je per t\u0105 vien\u0105 dien\u0105 jie patiria svarbiausia \u2013 koks nepaprastas j\u0173 paprastutis gyvenimas...","og_url":"https:\/\/skaitytaknyga.lt\/en\/produktas\/a-tylerantrasis-kvepavimas\/","og_site_name":"Skaitytaknyga","article_publisher":"https:\/\/www.facebook.com\/skaitytaknyga\/","article_modified_time":"2024-05-03T07:14:23+00:00","og_image":[{"width":484,"height":800,"url":"https:\/\/skaitytaknyga.lt\/wp-content\/uploads\/2024\/04\/img.jpg","type":"image\/jpeg"}],"twitter_card":"summary_large_image","schema":{"@context":"https:\/\/schema.org","@graph":[{"@type":"WebPage","@id":"https:\/\/skaitytaknyga.lt\/produktas\/a-tylerantrasis-kvepavimas\/","url":"https:\/\/skaitytaknyga.lt\/produktas\/a-tylerantrasis-kvepavimas\/","name":"A. Tyler\u201eAntrasis kv\u0117pavimas\u201c - Skaitytaknyga","isPartOf":{"@id":"https:\/\/skaitytaknyga.lt\/#website"},"primaryImageOfPage":{"@id":"https:\/\/skaitytaknyga.lt\/produktas\/a-tylerantrasis-kvepavimas\/#primaryimage"},"image":{"@id":"https:\/\/skaitytaknyga.lt\/produktas\/a-tylerantrasis-kvepavimas\/#primaryimage"},"thumbnailUrl":"https:\/\/skaitytaknyga.lt\/wp-content\/uploads\/2024\/04\/img.jpg","datePublished":"2024-04-17T13:07:14+00:00","dateModified":"2024-05-03T07:14:23+00:00","description":"Anne Tyler (g. 1941) \u2013 viena i\u0161 \u012fdomiausi\u0173 Amerikos moter\u0173 ra\u0161ytoj\u0173, Pulicerio premijos laureat\u0117, garsi \u0161iltais ir jaukiais romanais apie \u201epaprastus \u017emones\u201c. Jos romanai \u2013 nuostabaus graudulio ir humoro mi\u0161inys. Ypa\u010d \u201eAntrasis kv\u0117pavimas\u201c \u2013 meil\u0117s istorija, teigianti santuok\u0105, kupina i\u0161minties \u017emogi\u0161koji komedija, daug analog\u0173 pasaulio literat\u016broje turintis \u201ekelio romanas\u201c. Jo herojai, vaikus u\u017eauginusi pora, kantruolis Aiva ir i\u0161sibla\u0161k\u0117l\u0117 Meg\u0117, bandanti rikiuoti vis\u0173 gyvenim\u0105, i\u0161sirengia \u012f draug\u0117s vyro laidotuves. Kelion\u0117je per t\u0105 vien\u0105 dien\u0105 jie patiria svarbiausia \u2013 koks nepaprastas j\u0173 paprastutis gyvenimas...","breadcrumb":{"@id":"https:\/\/skaitytaknyga.lt\/produktas\/a-tylerantrasis-kvepavimas\/#breadcrumb"},"inLanguage":"en-GB","potentialAction":[{"@type":"ReadAction","target":["https:\/\/skaitytaknyga.lt\/produktas\/a-tylerantrasis-kvepavimas\/"]}]},{"@type":"ImageObject","inLanguage":"en-GB","@id":"https:\/\/skaitytaknyga.lt\/produktas\/a-tylerantrasis-kvepavimas\/#primaryimage","url":"https:\/\/skaitytaknyga.lt\/wp-content\/uploads\/2024\/04\/img.jpg","contentUrl":"https:\/\/skaitytaknyga.lt\/wp-content\/uploads\/2024\/04\/img.jpg","width":484,"height":800,"caption":"img"},{"@type":"BreadcrumbList","@id":"https:\/\/skaitytaknyga.lt\/produktas\/a-tylerantrasis-kvepavimas\/#breadcrumb","itemListElement":[{"@type":"ListItem","position":1,"name":"Home","item":"https:\/\/skaitytaknyga.lt\/"},{"@type":"ListItem","position":2,"name":"Parduotuv\u0117","item":"https:\/\/skaitytaknyga.lt\/knygu-parduotuve\/"},{"@type":"ListItem","position":3,"name":"A. Tyler\u201eAntrasis kv\u0117pavimas\u201c"}]},{"@type":"WebSite","@id":"https:\/\/skaitytaknyga.lt\/#website","url":"https:\/\/skaitytaknyga.lt\/","name":"skaitytaknyga.lt","description":"Skaitytaknyga.lt \u2013 tai ma\u017eas \u0161eimos verslas, kuris prasid\u0117jo nuo meil\u0117s knygoms ir siekio i\u0161gelb\u0117ti knygas nuo likimo prie konteinerio. Kas vienam nereikalingas daiktas \u2013 kitam lobis, o mes esame tarpininkai, kurie padeda abiems tapti laimingesniems ???? \u017dinome kaip nelengva i\u0161gyventi ma\u017eiems verslams, tad nuo \u0161iol, \u010dia rasite ir kit\u0173, ma\u017e\u0173 \u0161eim\u0173 versl\u0173, rank\u0173 darbo, dovan\u0173 sau ir artimiesiems.","publisher":{"@id":"https:\/\/skaitytaknyga.lt\/#organization"},"potentialAction":[{"@type":"SearchAction","target":{"@type":"EntryPoint","urlTemplate":"https:\/\/skaitytaknyga.lt\/?s={search_term_string}"},"query-input":{"@type":"PropertyValueSpecification","valueRequired":true,"valueName":"search_term_string"}}],"inLanguage":"en-GB"},{"@type":"Organization","@id":"https:\/\/skaitytaknyga.lt\/#organization","name":"skaitytaknyga.lt","url":"https:\/\/skaitytaknyga.lt\/","logo":{"@type":"ImageObject","inLanguage":"en-GB","@id":"https:\/\/skaitytaknyga.lt\/#\/schema\/logo\/image\/","url":"https:\/\/skaitytaknyga.lt\/wp-content\/uploads\/2024\/05\/cropped-cropped-cropped-02_00843_jt3bggkj1j3HLc7SyY6rEUpg.jpeg","contentUrl":"https:\/\/skaitytaknyga.lt\/wp-content\/uploads\/2024\/05\/cropped-cropped-cropped-02_00843_jt3bggkj1j3HLc7SyY6rEUpg.jpeg","width":1600,"height":1600,"caption":"skaitytaknyga.lt"},"image":{"@id":"https:\/\/skaitytaknyga.lt\/#\/schema\/logo\/image\/"},"sameAs":["https:\/\/www.facebook.com\/skaitytaknyga\/"]}]}},"_links":{"self":[{"href":"https:\/\/skaitytaknyga.lt\/en\/wp-json\/wp\/v2\/product\/2288","targetHints":{"allow":["GET"]}}],"collection":[{"href":"https:\/\/skaitytaknyga.lt\/en\/wp-json\/wp\/v2\/product"}],"about":[{"href":"https:\/\/skaitytaknyga.lt\/en\/wp-json\/wp\/v2\/types\/product"}],"replies":[{"embeddable":true,"href":"https:\/\/skaitytaknyga.lt\/en\/wp-json\/wp\/v2\/comments?post=2288"}],"wp:featuredmedia":[{"embeddable":true,"href":"https:\/\/skaitytaknyga.lt\/en\/wp-json\/wp\/v2\/media\/2329"}],"wp:attachment":[{"href":"https:\/\/skaitytaknyga.lt\/en\/wp-json\/wp\/v2\/media?parent=2288"}],"wp:term":[{"taxonomy":"product_brand","embeddable":true,"href":"https:\/\/skaitytaknyga.lt\/en\/wp-json\/wp\/v2\/product_brand?post=2288"},{"taxonomy":"product_cat","embeddable":true,"href":"https:\/\/skaitytaknyga.lt\/en\/wp-json\/wp\/v2\/product_cat?post=2288"},{"taxonomy":"product_tag","embeddable":true,"href":"https:\/\/skaitytaknyga.lt\/en\/wp-json\/wp\/v2\/product_tag?post=2288"}],"curies":[{"name":"wp","href":"https:\/\/api.w.org\/{rel}","templated":true}]}}