{"id":22877,"date":"2026-01-30T12:11:50","date_gmt":"2026-01-30T10:11:50","guid":{"rendered":"https:\/\/skaitytaknyga.lt\/?post_type=product&#038;p=22877"},"modified":"2026-03-18T11:43:09","modified_gmt":"2026-03-18T09:43:09","slug":"dialogai-apie-sielos-didybe-apie-sielos-nemirtinguma-2","status":"publish","type":"product","link":"https:\/\/skaitytaknyga.lt\/en\/produktas\/dialogai-apie-sielos-didybe-apie-sielos-nemirtinguma-2\/","title":{"rendered":"Dialogai. Apie sielos didyb\u0119. Apie sielos nemirtingum\u0105"},"content":{"rendered":"<p>Dialogais priimta vadinti grup\u0119 ankstyv\u0173j\u0173 Augustino k\u016brini\u0173, kuriems suteiktas gerokai suliterat\u016brinto filosofinio pokalbio pavidalas. Tuo jie skiriasi nuo v\u0117lyvesni\u0173 polemini\u0173 k\u016brini\u0173, pagr\u012fst\u0173 realiai vykusi\u0173 debat\u0173 stenogramomis. Laikantis paties Augustino \u012fvesto jo ra\u0161t\u0173 skirstymo \u012f knygas, lai\u0161kus ir traktatus, dialogus dera priskirti \u201eknyg\u0173&#8221; grupei. Dialogai, kuri\u0173 yra buv\u0119 10 (i\u0161lik\u0119 9), toliau skirstomi \u012f Kasiciako, Milano (prie\u0161 krik\u0161t\u0105), Romos ir Tagast\u0117s (po krik\u0161to) periodus. Visi dialogai para\u0161yti 386-391 metais po Kr.<\/p>\n<p>\u201eApie sielos didyb\u0119&#8221; \u2013 tai dialogas tarp Augustino ir jo bi\u010diulio Evodijaus, atstovaujan\u010dio tuo metu paplitusi\u0173 klaiding\u0173 mokym\u0173 nuomonei. Sielos didyb\u0117 atskleid\u017eiama, ai\u0161kiai atsiribojant nuo neoplatonik\u0173, kadangi sielai skiriamas vaidmuo sujungti ideal\u0173j\u012f pasaul\u012f ir \u017eemi\u0161kum\u0105, nuo jutiminio pasaulio sugr\u012f\u017etant pas Diev\u0105.<\/p>\n<p>\u201eApie sielos nemirtingum\u0105&#8221; \u2013 lik\u0119s neu\u017ebaigtas veikalas, kuriame \u012frodin\u0117jamas sielos am\u017einumas: siela n\u0117ra k\u016bno darna, ji auk\u0161tesn\u0117 u\u017e b\u016bv\u012f, am\u017eina ne tik savyje, bet ir m\u0105stan\u010diame subjekte, ji negali b\u016bti \u012ftraukta \u012f nykimo proces\u0105. \u0160io k\u016brin\u0117lio \u012frodym\u0173 painum\u0105 senatv\u0117je pripa\u017eino pats Augustinas.<\/p>\n","protected":false},"excerpt":{"rendered":"<p>Dialogais priimta vadinti grup\u0119 ankstyv\u0173j\u0173 Augustino k\u016brini\u0173, kuriems suteiktas gerokai suliterat\u016brinto filosofinio pokalbio pavidalas. Tuo jie skiriasi nuo v\u0117lyvesni\u0173 polemini\u0173 k\u016brini\u0173, pagr\u012fst\u0173 realiai vykusi\u0173 debat\u0173 stenogramomis. Laikantis paties Augustino \u012fvesto jo ra\u0161t\u0173 skirstymo \u012f knygas, lai\u0161kus ir traktatus, dialogus dera priskirti \u201eknyg\u0173&#8221; grupei. Dialogai, kuri\u0173 yra buv\u0119 10 (i\u0161lik\u0119 9), toliau skirstomi \u012f Kasiciako, Milano (prie\u0161 krik\u0161t\u0105), Romos ir Tagast\u0117s (po krik\u0161to) periodus. Visi dialogai para\u0161yti 386-391 metais po Kr. \u201eApie sielos didyb\u0119&#8221; \u2013 tai dialogas tarp Augustino ir jo bi\u010diulio Evodijaus, atstovaujan\u010dio tuo metu paplitusi\u0173 klaiding\u0173 mokym\u0173 nuomonei. Sielos didyb\u0117 atskleid\u017eiama, ai\u0161kiai atsiribojant nuo neoplatonik\u0173, kadangi sielai skiriamas vaidmuo sujungti ideal\u0173j\u012f pasaul\u012f ir \u017eemi\u0161kum\u0105, nuo jutiminio pasaulio sugr\u012f\u017etant pas Diev\u0105. \u201eApie sielos nemirtingum\u0105&#8221; \u2013 lik\u0119s neu\u017ebaigtas veikalas, kuriame \u012frodin\u0117jamas sielos am\u017einumas: siela n\u0117ra k\u016bno darna, ji auk\u0161tesn\u0117 u\u017e b\u016bv\u012f, am\u017eina ne tik savyje, bet ir m\u0105stan\u010diame subjekte, ji negali b\u016bti \u012ftraukta \u012f nykimo proces\u0105. \u0160io k\u016brin\u0117lio \u012frodym\u0173 painum\u0105 senatv\u0117je pripa\u017eino pats Augustinas.<\/p>\n","protected":false},"featured_media":22882,"comment_status":"open","ping_status":"closed","template":"","meta":{"_acf_changed":false,"site-sidebar-layout":"default","site-content-layout":"","ast-site-content-layout":"default","site-content-style":"default","site-sidebar-style":"default","ast-global-header-display":"","ast-banner-title-visibility":"","ast-main-header-display":"","ast-hfb-above-header-display":"","ast-hfb-below-header-display":"","ast-hfb-mobile-header-display":"","site-post-title":"","ast-breadcrumbs-content":"","ast-featured-img":"","footer-sml-layout":"","ast-disable-related-posts":"","theme-transparent-header-meta":"","adv-header-id-meta":"","stick-header-meta":"","header-above-stick-meta":"","header-main-stick-meta":"","header-below-stick-meta":"","astra-migrate-meta-layouts":"default","ast-page-background-enabled":"default","ast-page-background-meta":{"desktop":{"background-color":"","background-image":"","background-repeat":"repeat","background-position":"center center","background-size":"auto","background-attachment":"scroll","background-type":"","background-media":"","overlay-type":"","overlay-color":"","overlay-opacity":"","overlay-gradient":""},"tablet":{"background-color":"","background-image":"","background-repeat":"repeat","background-position":"center center","background-size":"auto","background-attachment":"scroll","background-type":"","background-media":"","overlay-type":"","overlay-color":"","overlay-opacity":"","overlay-gradient":""},"mobile":{"background-color":"","background-image":"","background-repeat":"repeat","background-position":"center center","background-size":"auto","background-attachment":"scroll","background-type":"","background-media":"","overlay-type":"","overlay-color":"","overlay-opacity":"","overlay-gradient":""}},"ast-content-background-meta":{"desktop":{"background-color":"var(--ast-global-color-4)","background-image":"","background-repeat":"repeat","background-position":"center center","background-size":"auto","background-attachment":"scroll","background-type":"","background-media":"","overlay-type":"","overlay-color":"","overlay-opacity":"","overlay-gradient":""},"tablet":{"background-color":"var(--ast-global-color-4)","background-image":"","background-repeat":"repeat","background-position":"center center","background-size":"auto","background-attachment":"scroll","background-type":"","background-media":"","overlay-type":"","overlay-color":"","overlay-opacity":"","overlay-gradient":""},"mobile":{"background-color":"var(--ast-global-color-4)","background-image":"","background-repeat":"repeat","background-position":"center center","background-size":"auto","background-attachment":"scroll","background-type":"","background-media":"","overlay-type":"","overlay-color":"","overlay-opacity":"","overlay-gradient":""}}},"product_brand":[],"product_cat":[9753],"product_tag":[9342],"class_list":{"0":"post-22877","1":"product","2":"type-product","3":"status-publish","4":"has-post-thumbnail","6":"product_cat-religija","7":"product_tag-aurelijus-augustinas","8":"desktop-align-left","9":"tablet-align-left","10":"mobile-align-left","12":"first","13":"instock","14":"shipping-taxable","15":"purchasable","16":"product-type-simple"},"acf":[],"yoast_head":"<!-- This site is optimized with the Yoast SEO plugin v27.0 - https:\/\/yoast.com\/product\/yoast-seo-wordpress\/ -->\n<title>Dialogai. Apie sielos didyb\u0119. Apie sielos nemirtingum\u0105<\/title>\n<meta name=\"description\" content=\"Dialogais priimta vadinti grup\u0119 ankstyv\u0173j\u0173 Augustino k\u016brini\u0173, kuriems suteiktas gerokai suliterat\u016brinto filosofinio pokalbio pavidalas. Tuo jie skiriasi\" \/>\n<meta name=\"robots\" content=\"index, follow, max-snippet:-1, max-image-preview:large, max-video-preview:-1\" \/>\n<link rel=\"canonical\" href=\"https:\/\/skaitytaknyga.lt\/en\/produktas\/dialogai-apie-sielos-didybe-apie-sielos-nemirtinguma-2\/\" \/>\n<meta property=\"og:locale\" content=\"en_GB\" \/>\n<meta property=\"og:locale:alternate\" content=\"lt_LT\" \/>\n<meta property=\"og:type\" content=\"article\" \/>\n<meta property=\"og:title\" content=\"Dialogai. Apie sielos didyb\u0119. Apie sielos nemirtingum\u0105\" \/>\n<meta property=\"og:description\" content=\"Dialogais priimta vadinti grup\u0119 ankstyv\u0173j\u0173 Augustino k\u016brini\u0173, kuriems suteiktas gerokai suliterat\u016brinto filosofinio pokalbio pavidalas. Tuo jie skiriasi\" \/>\n<meta property=\"og:url\" content=\"https:\/\/skaitytaknyga.lt\/en\/produktas\/dialogai-apie-sielos-didybe-apie-sielos-nemirtinguma-2\/\" \/>\n<meta property=\"og:site_name\" content=\"Skaitytaknyga\" \/>\n<meta property=\"article:publisher\" content=\"https:\/\/www.facebook.com\/skaitytaknyga\/\" \/>\n<meta property=\"article:modified_time\" content=\"2026-03-18T09:43:09+00:00\" \/>\n<meta property=\"og:image\" content=\"https:\/\/skaitytaknyga.lt\/wp-content\/uploads\/2026\/01\/Dialogai.-Apie-sielos-didybe.-Apie-sielos-nemirtinguma.webp\" \/>\n\t<meta property=\"og:image:width\" content=\"300\" \/>\n\t<meta property=\"og:image:height\" content=\"466\" \/>\n\t<meta property=\"og:image:type\" content=\"image\/webp\" \/>\n<meta name=\"twitter:card\" content=\"summary_large_image\" \/>\n<meta name=\"twitter:label1\" content=\"Estimated reading time\" \/>\n\t<meta name=\"twitter:data1\" content=\"1 minute\" \/>\n<script type=\"application\/ld+json\" class=\"yoast-schema-graph\">{\"@context\":\"https:\/\/schema.org\",\"@graph\":[{\"@type\":\"WebPage\",\"@id\":\"https:\/\/skaitytaknyga.lt\/produktas\/dialogai-apie-sielos-didybe-apie-sielos-nemirtinguma-2\/\",\"url\":\"https:\/\/skaitytaknyga.lt\/produktas\/dialogai-apie-sielos-didybe-apie-sielos-nemirtinguma-2\/\",\"name\":\"Dialogai. Apie sielos didyb\u0119. Apie sielos nemirtingum\u0105\",\"isPartOf\":{\"@id\":\"https:\/\/skaitytaknyga.lt\/#website\"},\"primaryImageOfPage\":{\"@id\":\"https:\/\/skaitytaknyga.lt\/produktas\/dialogai-apie-sielos-didybe-apie-sielos-nemirtinguma-2\/#primaryimage\"},\"image\":{\"@id\":\"https:\/\/skaitytaknyga.lt\/produktas\/dialogai-apie-sielos-didybe-apie-sielos-nemirtinguma-2\/#primaryimage\"},\"thumbnailUrl\":\"https:\/\/skaitytaknyga.lt\/wp-content\/uploads\/2026\/01\/Dialogai.-Apie-sielos-didybe.-Apie-sielos-nemirtinguma.webp\",\"datePublished\":\"2026-01-30T10:11:50+00:00\",\"dateModified\":\"2026-03-18T09:43:09+00:00\",\"description\":\"Dialogais priimta vadinti grup\u0119 ankstyv\u0173j\u0173 Augustino k\u016brini\u0173, kuriems suteiktas gerokai suliterat\u016brinto filosofinio pokalbio pavidalas. Tuo jie skiriasi\",\"breadcrumb\":{\"@id\":\"https:\/\/skaitytaknyga.lt\/produktas\/dialogai-apie-sielos-didybe-apie-sielos-nemirtinguma-2\/#breadcrumb\"},\"inLanguage\":\"en-GB\",\"potentialAction\":[{\"@type\":\"ReadAction\",\"target\":[\"https:\/\/skaitytaknyga.lt\/produktas\/dialogai-apie-sielos-didybe-apie-sielos-nemirtinguma-2\/\"]}]},{\"@type\":\"ImageObject\",\"inLanguage\":\"en-GB\",\"@id\":\"https:\/\/skaitytaknyga.lt\/produktas\/dialogai-apie-sielos-didybe-apie-sielos-nemirtinguma-2\/#primaryimage\",\"url\":\"https:\/\/skaitytaknyga.lt\/wp-content\/uploads\/2026\/01\/Dialogai.-Apie-sielos-didybe.-Apie-sielos-nemirtinguma.webp\",\"contentUrl\":\"https:\/\/skaitytaknyga.lt\/wp-content\/uploads\/2026\/01\/Dialogai.-Apie-sielos-didybe.-Apie-sielos-nemirtinguma.webp\",\"width\":300,\"height\":466,\"caption\":\"Dialogai. Apie sielos didyb\u0119. Apie sielos nemirtingum\u0105\"},{\"@type\":\"BreadcrumbList\",\"@id\":\"https:\/\/skaitytaknyga.lt\/produktas\/dialogai-apie-sielos-didybe-apie-sielos-nemirtinguma-2\/#breadcrumb\",\"itemListElement\":[{\"@type\":\"ListItem\",\"position\":1,\"name\":\"Home\",\"item\":\"https:\/\/skaitytaknyga.lt\/\"},{\"@type\":\"ListItem\",\"position\":2,\"name\":\"Parduotuv\u0117\",\"item\":\"https:\/\/skaitytaknyga.lt\/knygu-parduotuve\/\"},{\"@type\":\"ListItem\",\"position\":3,\"name\":\"Dialogai. Apie sielos didyb\u0119. Apie sielos nemirtingum\u0105\"}]},{\"@type\":\"WebSite\",\"@id\":\"https:\/\/skaitytaknyga.lt\/#website\",\"url\":\"https:\/\/skaitytaknyga.lt\/\",\"name\":\"skaitytaknyga.lt\",\"description\":\"Skaitytaknyga.lt \u2013 tai ma\u017eas \u0161eimos verslas, kuris prasid\u0117jo nuo meil\u0117s knygoms ir siekio i\u0161gelb\u0117ti knygas nuo likimo prie konteinerio. Kas vienam nereikalingas daiktas \u2013 kitam lobis, o mes esame tarpininkai, kurie padeda abiems tapti laimingesniems ???? \u017dinome kaip nelengva i\u0161gyventi ma\u017eiems verslams, tad nuo \u0161iol, \u010dia rasite ir kit\u0173, ma\u017e\u0173 \u0161eim\u0173 versl\u0173, rank\u0173 darbo, dovan\u0173 sau ir artimiesiems.\",\"publisher\":{\"@id\":\"https:\/\/skaitytaknyga.lt\/#organization\"},\"potentialAction\":[{\"@type\":\"SearchAction\",\"target\":{\"@type\":\"EntryPoint\",\"urlTemplate\":\"https:\/\/skaitytaknyga.lt\/?s={search_term_string}\"},\"query-input\":{\"@type\":\"PropertyValueSpecification\",\"valueRequired\":true,\"valueName\":\"search_term_string\"}}],\"inLanguage\":\"en-GB\"},{\"@type\":\"Organization\",\"@id\":\"https:\/\/skaitytaknyga.lt\/#organization\",\"name\":\"skaitytaknyga.lt\",\"url\":\"https:\/\/skaitytaknyga.lt\/\",\"logo\":{\"@type\":\"ImageObject\",\"inLanguage\":\"en-GB\",\"@id\":\"https:\/\/skaitytaknyga.lt\/#\/schema\/logo\/image\/\",\"url\":\"https:\/\/skaitytaknyga.lt\/wp-content\/uploads\/2024\/05\/cropped-cropped-cropped-02_00843_jt3bggkj1j3HLc7SyY6rEUpg.jpeg\",\"contentUrl\":\"https:\/\/skaitytaknyga.lt\/wp-content\/uploads\/2024\/05\/cropped-cropped-cropped-02_00843_jt3bggkj1j3HLc7SyY6rEUpg.jpeg\",\"width\":1600,\"height\":1600,\"caption\":\"skaitytaknyga.lt\"},\"image\":{\"@id\":\"https:\/\/skaitytaknyga.lt\/#\/schema\/logo\/image\/\"},\"sameAs\":[\"https:\/\/www.facebook.com\/skaitytaknyga\/\"]}]}<\/script>\n<!-- \/ Yoast SEO plugin. -->","yoast_head_json":{"title":"Dialogai. Apie sielos didyb\u0119. Apie sielos nemirtingum\u0105","description":"Dialogais priimta vadinti grup\u0119 ankstyv\u0173j\u0173 Augustino k\u016brini\u0173, kuriems suteiktas gerokai suliterat\u016brinto filosofinio pokalbio pavidalas. Tuo jie skiriasi","robots":{"index":"index","follow":"follow","max-snippet":"max-snippet:-1","max-image-preview":"max-image-preview:large","max-video-preview":"max-video-preview:-1"},"canonical":"https:\/\/skaitytaknyga.lt\/en\/produktas\/dialogai-apie-sielos-didybe-apie-sielos-nemirtinguma-2\/","og_locale":"en_GB","og_type":"article","og_title":"[:lt]Dialogai. Apie sielos didyb\u0119. Apie sielos nemirtingum\u0105[:] - Skaitytaknyga","og_description":"Dialogais priimta vadinti grup\u0119 ankstyv\u0173j\u0173 Augustino k\u016brini\u0173, kuriems suteiktas gerokai suliterat\u016brinto filosofinio pokalbio pavidalas. Tuo jie skiriasi","og_url":"https:\/\/skaitytaknyga.lt\/en\/produktas\/dialogai-apie-sielos-didybe-apie-sielos-nemirtinguma-2\/","og_site_name":"Skaitytaknyga","article_publisher":"https:\/\/www.facebook.com\/skaitytaknyga\/","article_modified_time":"2026-03-18T09:43:09+00:00","og_image":[{"width":300,"height":466,"url":"https:\/\/skaitytaknyga.lt\/wp-content\/uploads\/2026\/01\/Dialogai.-Apie-sielos-didybe.-Apie-sielos-nemirtinguma.webp","type":"image\/webp"}],"twitter_card":"summary_large_image","twitter_misc":{"Estimated reading time":"1 minute"},"schema":{"@context":"https:\/\/schema.org","@graph":[{"@type":"WebPage","@id":"https:\/\/skaitytaknyga.lt\/produktas\/dialogai-apie-sielos-didybe-apie-sielos-nemirtinguma-2\/","url":"https:\/\/skaitytaknyga.lt\/produktas\/dialogai-apie-sielos-didybe-apie-sielos-nemirtinguma-2\/","name":"Dialogai. Apie sielos didyb\u0119. Apie sielos nemirtingum\u0105","isPartOf":{"@id":"https:\/\/skaitytaknyga.lt\/#website"},"primaryImageOfPage":{"@id":"https:\/\/skaitytaknyga.lt\/produktas\/dialogai-apie-sielos-didybe-apie-sielos-nemirtinguma-2\/#primaryimage"},"image":{"@id":"https:\/\/skaitytaknyga.lt\/produktas\/dialogai-apie-sielos-didybe-apie-sielos-nemirtinguma-2\/#primaryimage"},"thumbnailUrl":"https:\/\/skaitytaknyga.lt\/wp-content\/uploads\/2026\/01\/Dialogai.-Apie-sielos-didybe.-Apie-sielos-nemirtinguma.webp","datePublished":"2026-01-30T10:11:50+00:00","dateModified":"2026-03-18T09:43:09+00:00","description":"Dialogais priimta vadinti grup\u0119 ankstyv\u0173j\u0173 Augustino k\u016brini\u0173, kuriems suteiktas gerokai suliterat\u016brinto filosofinio pokalbio pavidalas. Tuo jie skiriasi","breadcrumb":{"@id":"https:\/\/skaitytaknyga.lt\/produktas\/dialogai-apie-sielos-didybe-apie-sielos-nemirtinguma-2\/#breadcrumb"},"inLanguage":"en-GB","potentialAction":[{"@type":"ReadAction","target":["https:\/\/skaitytaknyga.lt\/produktas\/dialogai-apie-sielos-didybe-apie-sielos-nemirtinguma-2\/"]}]},{"@type":"ImageObject","inLanguage":"en-GB","@id":"https:\/\/skaitytaknyga.lt\/produktas\/dialogai-apie-sielos-didybe-apie-sielos-nemirtinguma-2\/#primaryimage","url":"https:\/\/skaitytaknyga.lt\/wp-content\/uploads\/2026\/01\/Dialogai.-Apie-sielos-didybe.-Apie-sielos-nemirtinguma.webp","contentUrl":"https:\/\/skaitytaknyga.lt\/wp-content\/uploads\/2026\/01\/Dialogai.-Apie-sielos-didybe.-Apie-sielos-nemirtinguma.webp","width":300,"height":466,"caption":"Dialogai. Apie sielos didyb\u0119. Apie sielos nemirtingum\u0105"},{"@type":"BreadcrumbList","@id":"https:\/\/skaitytaknyga.lt\/produktas\/dialogai-apie-sielos-didybe-apie-sielos-nemirtinguma-2\/#breadcrumb","itemListElement":[{"@type":"ListItem","position":1,"name":"Home","item":"https:\/\/skaitytaknyga.lt\/"},{"@type":"ListItem","position":2,"name":"Parduotuv\u0117","item":"https:\/\/skaitytaknyga.lt\/knygu-parduotuve\/"},{"@type":"ListItem","position":3,"name":"Dialogai. Apie sielos didyb\u0119. Apie sielos nemirtingum\u0105"}]},{"@type":"WebSite","@id":"https:\/\/skaitytaknyga.lt\/#website","url":"https:\/\/skaitytaknyga.lt\/","name":"skaitytaknyga.lt","description":"Skaitytaknyga.lt \u2013 tai ma\u017eas \u0161eimos verslas, kuris prasid\u0117jo nuo meil\u0117s knygoms ir siekio i\u0161gelb\u0117ti knygas nuo likimo prie konteinerio. Kas vienam nereikalingas daiktas \u2013 kitam lobis, o mes esame tarpininkai, kurie padeda abiems tapti laimingesniems ???? \u017dinome kaip nelengva i\u0161gyventi ma\u017eiems verslams, tad nuo \u0161iol, \u010dia rasite ir kit\u0173, ma\u017e\u0173 \u0161eim\u0173 versl\u0173, rank\u0173 darbo, dovan\u0173 sau ir artimiesiems.","publisher":{"@id":"https:\/\/skaitytaknyga.lt\/#organization"},"potentialAction":[{"@type":"SearchAction","target":{"@type":"EntryPoint","urlTemplate":"https:\/\/skaitytaknyga.lt\/?s={search_term_string}"},"query-input":{"@type":"PropertyValueSpecification","valueRequired":true,"valueName":"search_term_string"}}],"inLanguage":"en-GB"},{"@type":"Organization","@id":"https:\/\/skaitytaknyga.lt\/#organization","name":"skaitytaknyga.lt","url":"https:\/\/skaitytaknyga.lt\/","logo":{"@type":"ImageObject","inLanguage":"en-GB","@id":"https:\/\/skaitytaknyga.lt\/#\/schema\/logo\/image\/","url":"https:\/\/skaitytaknyga.lt\/wp-content\/uploads\/2024\/05\/cropped-cropped-cropped-02_00843_jt3bggkj1j3HLc7SyY6rEUpg.jpeg","contentUrl":"https:\/\/skaitytaknyga.lt\/wp-content\/uploads\/2024\/05\/cropped-cropped-cropped-02_00843_jt3bggkj1j3HLc7SyY6rEUpg.jpeg","width":1600,"height":1600,"caption":"skaitytaknyga.lt"},"image":{"@id":"https:\/\/skaitytaknyga.lt\/#\/schema\/logo\/image\/"},"sameAs":["https:\/\/www.facebook.com\/skaitytaknyga\/"]}]}},"_links":{"self":[{"href":"https:\/\/skaitytaknyga.lt\/en\/wp-json\/wp\/v2\/product\/22877","targetHints":{"allow":["GET"]}}],"collection":[{"href":"https:\/\/skaitytaknyga.lt\/en\/wp-json\/wp\/v2\/product"}],"about":[{"href":"https:\/\/skaitytaknyga.lt\/en\/wp-json\/wp\/v2\/types\/product"}],"replies":[{"embeddable":true,"href":"https:\/\/skaitytaknyga.lt\/en\/wp-json\/wp\/v2\/comments?post=22877"}],"wp:featuredmedia":[{"embeddable":true,"href":"https:\/\/skaitytaknyga.lt\/en\/wp-json\/wp\/v2\/media\/22882"}],"wp:attachment":[{"href":"https:\/\/skaitytaknyga.lt\/en\/wp-json\/wp\/v2\/media?parent=22877"}],"wp:term":[{"taxonomy":"product_brand","embeddable":true,"href":"https:\/\/skaitytaknyga.lt\/en\/wp-json\/wp\/v2\/product_brand?post=22877"},{"taxonomy":"product_cat","embeddable":true,"href":"https:\/\/skaitytaknyga.lt\/en\/wp-json\/wp\/v2\/product_cat?post=22877"},{"taxonomy":"product_tag","embeddable":true,"href":"https:\/\/skaitytaknyga.lt\/en\/wp-json\/wp\/v2\/product_tag?post=22877"}],"curies":[{"name":"wp","href":"https:\/\/api.w.org\/{rel}","templated":true}]}}