{"id":22875,"date":"2026-01-30T12:11:49","date_gmt":"2026-01-30T10:11:49","guid":{"rendered":"https:\/\/skaitytaknyga.lt\/?post_type=product&#038;p=22875"},"modified":"2026-03-18T20:03:20","modified_gmt":"2026-03-18T18:03:20","slug":"sviesa-tyloje","status":"publish","type":"product","link":"https:\/\/skaitytaknyga.lt\/en\/produktas\/sviesa-tyloje\/","title":{"rendered":"\u0160viesa tyloje"},"content":{"rendered":"<p>\u0160iame nuotrauk\u0173 albume pateikiama originalaus \u0161iuolaikinio fotografo Sauliaus Kirvelos pastar\u0173j\u0173 met\u0173 darbai.<\/p>\n<p>Fotografas atskleid\u017eia sl\u0117piningo vandens gelmi\u0173 pasaulio spalvas, gyvyb\u0117s ritm\u0105, \u0161viesos \u017eaism\u0105. Tai pirmoji Kirvelos povandenini\u0173 nuotrauk\u0173 rinktin\u0117, kurioje publikuojami Lietuvos vandenyse \u012fam\u017einti vaizdai.<\/p>\n<p>Skiriama visiems, kurie domisi \u0161iuolaikine fotografija ir unikalia Lietuvos gamta.<\/p>\n<p>Autorius apie save<\/p>\n<p>Gimiau 1960 m. Ukmerg\u0117s rajone. 1978 m. baigiau to paties rajono Vidi\u0161ki\u0173 vidurin\u0119 mokykl\u0105.<\/p>\n<p>Visos vaikyst\u0117s svajon\u0117s apie biologijos studijas pakrypo taip, kad pom\u0117gis tapo profesija, o biologija liko pom\u0117giu. Taigi 1979 m. \u012fstojau \u012f tuometin\u012f Vilniaus technologijos technikum\u0105, pasirinkdamas fototechnikos specialyb\u0119.<\/p>\n<p>1982 m. \u012fgijau naro m\u0117g\u0117jo kvalifikacij\u0105 ir po met\u0173 nardym\u0105 susiejau su fotografija \u2013 parengiau diplomin\u012f darb\u0105 tema \u201eFotografija po vandeniu\u201c.<\/p>\n<p>Toliau tinkama dirva gamtos tematikos, taip pat ir povandeninei, fotografijai buvo darbas Gamtos apsaugos komitete, v\u0117liau departamente. \u0160iuo metu privatus verslas \u2013 vadovauju profesionalios fotografijos centrui \u2013 taip pat palankus fotografo veiklai.<\/p>\n","protected":false},"excerpt":{"rendered":"<p>\u0160iame nuotrauk\u0173 albume pateikiama originalaus \u0161iuolaikinio fotografo Sauliaus Kirvelos pastar\u0173j\u0173 met\u0173 darbai. Fotografas atskleid\u017eia sl\u0117piningo vandens gelmi\u0173 pasaulio spalvas, gyvyb\u0117s ritm\u0105, \u0161viesos \u017eaism\u0105. Tai pirmoji Kirvelos povandenini\u0173 nuotrauk\u0173 rinktin\u0117, kurioje publikuojami Lietuvos vandenyse \u012fam\u017einti vaizdai. Skiriama visiems, kurie domisi \u0161iuolaikine fotografija ir unikalia Lietuvos gamta. Autorius apie save Gimiau 1960 m. Ukmerg\u0117s rajone. 1978 m. baigiau to paties rajono Vidi\u0161ki\u0173 vidurin\u0119 mokykl\u0105. Visos vaikyst\u0117s svajon\u0117s apie biologijos studijas pakrypo taip, kad pom\u0117gis tapo profesija, o biologija liko pom\u0117giu. Taigi 1979 m. \u012fstojau \u012f tuometin\u012f Vilniaus technologijos technikum\u0105, pasirinkdamas fototechnikos specialyb\u0119. 1982 m. \u012fgijau naro m\u0117g\u0117jo kvalifikacij\u0105 ir po met\u0173 nardym\u0105 susiejau su fotografija \u2013 parengiau diplomin\u012f darb\u0105 tema \u201eFotografija po vandeniu\u201c. Toliau tinkama dirva gamtos tematikos, taip pat ir povandeninei, fotografijai buvo darbas Gamtos apsaugos komitete, v\u0117liau departamente. \u0160iuo metu privatus verslas \u2013 vadovauju profesionalios fotografijos centrui \u2013 taip pat palankus fotografo veiklai.<\/p>\n","protected":false},"featured_media":22880,"comment_status":"open","ping_status":"closed","template":"","meta":{"_acf_changed":false,"site-sidebar-layout":"default","site-content-layout":"","ast-site-content-layout":"default","site-content-style":"default","site-sidebar-style":"default","ast-global-header-display":"","ast-banner-title-visibility":"","ast-main-header-display":"","ast-hfb-above-header-display":"","ast-hfb-below-header-display":"","ast-hfb-mobile-header-display":"","site-post-title":"","ast-breadcrumbs-content":"","ast-featured-img":"","footer-sml-layout":"","ast-disable-related-posts":"","theme-transparent-header-meta":"","adv-header-id-meta":"","stick-header-meta":"","header-above-stick-meta":"","header-main-stick-meta":"","header-below-stick-meta":"","astra-migrate-meta-layouts":"default","ast-page-background-enabled":"default","ast-page-background-meta":{"desktop":{"background-color":"","background-image":"","background-repeat":"repeat","background-position":"center center","background-size":"auto","background-attachment":"scroll","background-type":"","background-media":"","overlay-type":"","overlay-color":"","overlay-opacity":"","overlay-gradient":""},"tablet":{"background-color":"","background-image":"","background-repeat":"repeat","background-position":"center center","background-size":"auto","background-attachment":"scroll","background-type":"","background-media":"","overlay-type":"","overlay-color":"","overlay-opacity":"","overlay-gradient":""},"mobile":{"background-color":"","background-image":"","background-repeat":"repeat","background-position":"center center","background-size":"auto","background-attachment":"scroll","background-type":"","background-media":"","overlay-type":"","overlay-color":"","overlay-opacity":"","overlay-gradient":""}},"ast-content-background-meta":{"desktop":{"background-color":"var(--ast-global-color-4)","background-image":"","background-repeat":"repeat","background-position":"center center","background-size":"auto","background-attachment":"scroll","background-type":"","background-media":"","overlay-type":"","overlay-color":"","overlay-opacity":"","overlay-gradient":""},"tablet":{"background-color":"var(--ast-global-color-4)","background-image":"","background-repeat":"repeat","background-position":"center center","background-size":"auto","background-attachment":"scroll","background-type":"","background-media":"","overlay-type":"","overlay-color":"","overlay-opacity":"","overlay-gradient":""},"mobile":{"background-color":"var(--ast-global-color-4)","background-image":"","background-repeat":"repeat","background-position":"center center","background-size":"auto","background-attachment":"scroll","background-type":"","background-media":"","overlay-type":"","overlay-color":"","overlay-opacity":"","overlay-gradient":""}}},"product_brand":[],"product_cat":[57],"product_tag":[9338],"class_list":{"0":"post-22875","1":"product","2":"type-product","3":"status-publish","4":"has-post-thumbnail","6":"product_cat-menas-ir-albumai","7":"product_tag-saulius-kirvela","8":"desktop-align-left","9":"tablet-align-left","10":"mobile-align-left","12":"first","13":"instock","14":"shipping-taxable","15":"purchasable","16":"product-type-simple"},"acf":[],"yoast_head":"<!-- This site is optimized with the Yoast SEO plugin v27.0 - https:\/\/yoast.com\/product\/yoast-seo-wordpress\/ -->\n<title>\u0160viesa tyloje<\/title>\n<meta name=\"description\" content=\"\u0160iame nuotrauk\u0173 albume pateikiama originalaus \u0161iuolaikinio fotografo Sauliaus Kirvelos pastar\u0173j\u0173 met\u0173 darbai. Fotografas atskleid\u017eia sl\u0117piningo vandens\" \/>\n<meta name=\"robots\" content=\"index, follow, max-snippet:-1, max-image-preview:large, max-video-preview:-1\" \/>\n<link rel=\"canonical\" href=\"https:\/\/skaitytaknyga.lt\/en\/produktas\/sviesa-tyloje\/\" \/>\n<meta property=\"og:locale\" content=\"en_GB\" \/>\n<meta property=\"og:locale:alternate\" content=\"lt_LT\" \/>\n<meta property=\"og:type\" content=\"article\" \/>\n<meta property=\"og:title\" content=\"\u0160viesa tyloje\" \/>\n<meta property=\"og:description\" content=\"\u0160iame nuotrauk\u0173 albume pateikiama originalaus \u0161iuolaikinio fotografo Sauliaus Kirvelos pastar\u0173j\u0173 met\u0173 darbai. Fotografas atskleid\u017eia sl\u0117piningo vandens\" \/>\n<meta property=\"og:url\" content=\"https:\/\/skaitytaknyga.lt\/en\/produktas\/sviesa-tyloje\/\" \/>\n<meta property=\"og:site_name\" content=\"Skaitytaknyga\" \/>\n<meta property=\"article:publisher\" content=\"https:\/\/www.facebook.com\/skaitytaknyga\/\" \/>\n<meta property=\"article:modified_time\" content=\"2026-03-18T18:03:20+00:00\" \/>\n<meta property=\"og:image\" content=\"https:\/\/skaitytaknyga.lt\/wp-content\/uploads\/2026\/01\/Sviesa-tyloje.webp\" \/>\n\t<meta property=\"og:image:width\" content=\"300\" \/>\n\t<meta property=\"og:image:height\" content=\"337\" \/>\n\t<meta property=\"og:image:type\" content=\"image\/webp\" \/>\n<meta name=\"twitter:card\" content=\"summary_large_image\" \/>\n<meta name=\"twitter:label1\" content=\"Estimated reading time\" \/>\n\t<meta name=\"twitter:data1\" content=\"1 minute\" \/>\n<script type=\"application\/ld+json\" class=\"yoast-schema-graph\">{\"@context\":\"https:\/\/schema.org\",\"@graph\":[{\"@type\":\"WebPage\",\"@id\":\"https:\/\/skaitytaknyga.lt\/produktas\/sviesa-tyloje\/\",\"url\":\"https:\/\/skaitytaknyga.lt\/produktas\/sviesa-tyloje\/\",\"name\":\"\u0160viesa tyloje\",\"isPartOf\":{\"@id\":\"https:\/\/skaitytaknyga.lt\/#website\"},\"primaryImageOfPage\":{\"@id\":\"https:\/\/skaitytaknyga.lt\/produktas\/sviesa-tyloje\/#primaryimage\"},\"image\":{\"@id\":\"https:\/\/skaitytaknyga.lt\/produktas\/sviesa-tyloje\/#primaryimage\"},\"thumbnailUrl\":\"https:\/\/skaitytaknyga.lt\/wp-content\/uploads\/2026\/01\/Sviesa-tyloje.webp\",\"datePublished\":\"2026-01-30T10:11:49+00:00\",\"dateModified\":\"2026-03-18T18:03:20+00:00\",\"description\":\"\u0160iame nuotrauk\u0173 albume pateikiama originalaus \u0161iuolaikinio fotografo Sauliaus Kirvelos pastar\u0173j\u0173 met\u0173 darbai. Fotografas atskleid\u017eia sl\u0117piningo vandens\",\"breadcrumb\":{\"@id\":\"https:\/\/skaitytaknyga.lt\/produktas\/sviesa-tyloje\/#breadcrumb\"},\"inLanguage\":\"en-GB\",\"potentialAction\":[{\"@type\":\"ReadAction\",\"target\":[\"https:\/\/skaitytaknyga.lt\/produktas\/sviesa-tyloje\/\"]}]},{\"@type\":\"ImageObject\",\"inLanguage\":\"en-GB\",\"@id\":\"https:\/\/skaitytaknyga.lt\/produktas\/sviesa-tyloje\/#primaryimage\",\"url\":\"https:\/\/skaitytaknyga.lt\/wp-content\/uploads\/2026\/01\/Sviesa-tyloje.webp\",\"contentUrl\":\"https:\/\/skaitytaknyga.lt\/wp-content\/uploads\/2026\/01\/Sviesa-tyloje.webp\",\"width\":300,\"height\":337,\"caption\":\"\u0160viesa tyloje\"},{\"@type\":\"BreadcrumbList\",\"@id\":\"https:\/\/skaitytaknyga.lt\/produktas\/sviesa-tyloje\/#breadcrumb\",\"itemListElement\":[{\"@type\":\"ListItem\",\"position\":1,\"name\":\"Home\",\"item\":\"https:\/\/skaitytaknyga.lt\/\"},{\"@type\":\"ListItem\",\"position\":2,\"name\":\"Parduotuv\u0117\",\"item\":\"https:\/\/skaitytaknyga.lt\/knygu-parduotuve\/\"},{\"@type\":\"ListItem\",\"position\":3,\"name\":\"\u0160viesa tyloje\"}]},{\"@type\":\"WebSite\",\"@id\":\"https:\/\/skaitytaknyga.lt\/#website\",\"url\":\"https:\/\/skaitytaknyga.lt\/\",\"name\":\"skaitytaknyga.lt\",\"description\":\"Skaitytaknyga.lt \u2013 tai ma\u017eas \u0161eimos verslas, kuris prasid\u0117jo nuo meil\u0117s knygoms ir siekio i\u0161gelb\u0117ti knygas nuo likimo prie konteinerio. Kas vienam nereikalingas daiktas \u2013 kitam lobis, o mes esame tarpininkai, kurie padeda abiems tapti laimingesniems ???? \u017dinome kaip nelengva i\u0161gyventi ma\u017eiems verslams, tad nuo \u0161iol, \u010dia rasite ir kit\u0173, ma\u017e\u0173 \u0161eim\u0173 versl\u0173, rank\u0173 darbo, dovan\u0173 sau ir artimiesiems.\",\"publisher\":{\"@id\":\"https:\/\/skaitytaknyga.lt\/#organization\"},\"potentialAction\":[{\"@type\":\"SearchAction\",\"target\":{\"@type\":\"EntryPoint\",\"urlTemplate\":\"https:\/\/skaitytaknyga.lt\/?s={search_term_string}\"},\"query-input\":{\"@type\":\"PropertyValueSpecification\",\"valueRequired\":true,\"valueName\":\"search_term_string\"}}],\"inLanguage\":\"en-GB\"},{\"@type\":\"Organization\",\"@id\":\"https:\/\/skaitytaknyga.lt\/#organization\",\"name\":\"skaitytaknyga.lt\",\"url\":\"https:\/\/skaitytaknyga.lt\/\",\"logo\":{\"@type\":\"ImageObject\",\"inLanguage\":\"en-GB\",\"@id\":\"https:\/\/skaitytaknyga.lt\/#\/schema\/logo\/image\/\",\"url\":\"https:\/\/skaitytaknyga.lt\/wp-content\/uploads\/2024\/05\/cropped-cropped-cropped-02_00843_jt3bggkj1j3HLc7SyY6rEUpg.jpeg\",\"contentUrl\":\"https:\/\/skaitytaknyga.lt\/wp-content\/uploads\/2024\/05\/cropped-cropped-cropped-02_00843_jt3bggkj1j3HLc7SyY6rEUpg.jpeg\",\"width\":1600,\"height\":1600,\"caption\":\"skaitytaknyga.lt\"},\"image\":{\"@id\":\"https:\/\/skaitytaknyga.lt\/#\/schema\/logo\/image\/\"},\"sameAs\":[\"https:\/\/www.facebook.com\/skaitytaknyga\/\"]}]}<\/script>\n<!-- \/ Yoast SEO plugin. -->","yoast_head_json":{"title":"\u0160viesa tyloje","description":"\u0160iame nuotrauk\u0173 albume pateikiama originalaus \u0161iuolaikinio fotografo Sauliaus Kirvelos pastar\u0173j\u0173 met\u0173 darbai. Fotografas atskleid\u017eia sl\u0117piningo vandens","robots":{"index":"index","follow":"follow","max-snippet":"max-snippet:-1","max-image-preview":"max-image-preview:large","max-video-preview":"max-video-preview:-1"},"canonical":"https:\/\/skaitytaknyga.lt\/en\/produktas\/sviesa-tyloje\/","og_locale":"en_GB","og_type":"article","og_title":"[:lt]\u0160viesa tyloje[:] - Skaitytaknyga","og_description":"\u0160iame nuotrauk\u0173 albume pateikiama originalaus \u0161iuolaikinio fotografo Sauliaus Kirvelos pastar\u0173j\u0173 met\u0173 darbai. Fotografas atskleid\u017eia sl\u0117piningo vandens","og_url":"https:\/\/skaitytaknyga.lt\/en\/produktas\/sviesa-tyloje\/","og_site_name":"Skaitytaknyga","article_publisher":"https:\/\/www.facebook.com\/skaitytaknyga\/","article_modified_time":"2026-03-18T18:03:20+00:00","og_image":[{"width":300,"height":337,"url":"https:\/\/skaitytaknyga.lt\/wp-content\/uploads\/2026\/01\/Sviesa-tyloje.webp","type":"image\/webp"}],"twitter_card":"summary_large_image","twitter_misc":{"Estimated reading time":"1 minute"},"schema":{"@context":"https:\/\/schema.org","@graph":[{"@type":"WebPage","@id":"https:\/\/skaitytaknyga.lt\/produktas\/sviesa-tyloje\/","url":"https:\/\/skaitytaknyga.lt\/produktas\/sviesa-tyloje\/","name":"\u0160viesa tyloje","isPartOf":{"@id":"https:\/\/skaitytaknyga.lt\/#website"},"primaryImageOfPage":{"@id":"https:\/\/skaitytaknyga.lt\/produktas\/sviesa-tyloje\/#primaryimage"},"image":{"@id":"https:\/\/skaitytaknyga.lt\/produktas\/sviesa-tyloje\/#primaryimage"},"thumbnailUrl":"https:\/\/skaitytaknyga.lt\/wp-content\/uploads\/2026\/01\/Sviesa-tyloje.webp","datePublished":"2026-01-30T10:11:49+00:00","dateModified":"2026-03-18T18:03:20+00:00","description":"\u0160iame nuotrauk\u0173 albume pateikiama originalaus \u0161iuolaikinio fotografo Sauliaus Kirvelos pastar\u0173j\u0173 met\u0173 darbai. Fotografas atskleid\u017eia sl\u0117piningo vandens","breadcrumb":{"@id":"https:\/\/skaitytaknyga.lt\/produktas\/sviesa-tyloje\/#breadcrumb"},"inLanguage":"en-GB","potentialAction":[{"@type":"ReadAction","target":["https:\/\/skaitytaknyga.lt\/produktas\/sviesa-tyloje\/"]}]},{"@type":"ImageObject","inLanguage":"en-GB","@id":"https:\/\/skaitytaknyga.lt\/produktas\/sviesa-tyloje\/#primaryimage","url":"https:\/\/skaitytaknyga.lt\/wp-content\/uploads\/2026\/01\/Sviesa-tyloje.webp","contentUrl":"https:\/\/skaitytaknyga.lt\/wp-content\/uploads\/2026\/01\/Sviesa-tyloje.webp","width":300,"height":337,"caption":"\u0160viesa tyloje"},{"@type":"BreadcrumbList","@id":"https:\/\/skaitytaknyga.lt\/produktas\/sviesa-tyloje\/#breadcrumb","itemListElement":[{"@type":"ListItem","position":1,"name":"Home","item":"https:\/\/skaitytaknyga.lt\/"},{"@type":"ListItem","position":2,"name":"Parduotuv\u0117","item":"https:\/\/skaitytaknyga.lt\/knygu-parduotuve\/"},{"@type":"ListItem","position":3,"name":"\u0160viesa tyloje"}]},{"@type":"WebSite","@id":"https:\/\/skaitytaknyga.lt\/#website","url":"https:\/\/skaitytaknyga.lt\/","name":"skaitytaknyga.lt","description":"Skaitytaknyga.lt \u2013 tai ma\u017eas \u0161eimos verslas, kuris prasid\u0117jo nuo meil\u0117s knygoms ir siekio i\u0161gelb\u0117ti knygas nuo likimo prie konteinerio. Kas vienam nereikalingas daiktas \u2013 kitam lobis, o mes esame tarpininkai, kurie padeda abiems tapti laimingesniems ???? \u017dinome kaip nelengva i\u0161gyventi ma\u017eiems verslams, tad nuo \u0161iol, \u010dia rasite ir kit\u0173, ma\u017e\u0173 \u0161eim\u0173 versl\u0173, rank\u0173 darbo, dovan\u0173 sau ir artimiesiems.","publisher":{"@id":"https:\/\/skaitytaknyga.lt\/#organization"},"potentialAction":[{"@type":"SearchAction","target":{"@type":"EntryPoint","urlTemplate":"https:\/\/skaitytaknyga.lt\/?s={search_term_string}"},"query-input":{"@type":"PropertyValueSpecification","valueRequired":true,"valueName":"search_term_string"}}],"inLanguage":"en-GB"},{"@type":"Organization","@id":"https:\/\/skaitytaknyga.lt\/#organization","name":"skaitytaknyga.lt","url":"https:\/\/skaitytaknyga.lt\/","logo":{"@type":"ImageObject","inLanguage":"en-GB","@id":"https:\/\/skaitytaknyga.lt\/#\/schema\/logo\/image\/","url":"https:\/\/skaitytaknyga.lt\/wp-content\/uploads\/2024\/05\/cropped-cropped-cropped-02_00843_jt3bggkj1j3HLc7SyY6rEUpg.jpeg","contentUrl":"https:\/\/skaitytaknyga.lt\/wp-content\/uploads\/2024\/05\/cropped-cropped-cropped-02_00843_jt3bggkj1j3HLc7SyY6rEUpg.jpeg","width":1600,"height":1600,"caption":"skaitytaknyga.lt"},"image":{"@id":"https:\/\/skaitytaknyga.lt\/#\/schema\/logo\/image\/"},"sameAs":["https:\/\/www.facebook.com\/skaitytaknyga\/"]}]}},"_links":{"self":[{"href":"https:\/\/skaitytaknyga.lt\/en\/wp-json\/wp\/v2\/product\/22875","targetHints":{"allow":["GET"]}}],"collection":[{"href":"https:\/\/skaitytaknyga.lt\/en\/wp-json\/wp\/v2\/product"}],"about":[{"href":"https:\/\/skaitytaknyga.lt\/en\/wp-json\/wp\/v2\/types\/product"}],"replies":[{"embeddable":true,"href":"https:\/\/skaitytaknyga.lt\/en\/wp-json\/wp\/v2\/comments?post=22875"}],"wp:featuredmedia":[{"embeddable":true,"href":"https:\/\/skaitytaknyga.lt\/en\/wp-json\/wp\/v2\/media\/22880"}],"wp:attachment":[{"href":"https:\/\/skaitytaknyga.lt\/en\/wp-json\/wp\/v2\/media?parent=22875"}],"wp:term":[{"taxonomy":"product_brand","embeddable":true,"href":"https:\/\/skaitytaknyga.lt\/en\/wp-json\/wp\/v2\/product_brand?post=22875"},{"taxonomy":"product_cat","embeddable":true,"href":"https:\/\/skaitytaknyga.lt\/en\/wp-json\/wp\/v2\/product_cat?post=22875"},{"taxonomy":"product_tag","embeddable":true,"href":"https:\/\/skaitytaknyga.lt\/en\/wp-json\/wp\/v2\/product_tag?post=22875"}],"curies":[{"name":"wp","href":"https:\/\/api.w.org\/{rel}","templated":true}]}}