{"id":22866,"date":"2026-01-29T18:57:21","date_gmt":"2026-01-29T16:57:21","guid":{"rendered":"https:\/\/skaitytaknyga.lt\/?post_type=product&#038;p=22866"},"modified":"2026-01-30T12:35:52","modified_gmt":"2026-01-30T10:35:52","slug":"oligarcho-zmona","status":"publish","type":"product","link":"https:\/\/skaitytaknyga.lt\/en\/produktas\/oligarcho-zmona\/","title":{"rendered":"Oligarcho \u017emona"},"content":{"rendered":"<p>Jis gal\u0117jo nusipirkti vis\u0105 pasaul\u012f, bet ar gal\u0117jo nusipirkti jos meil\u0119?<\/p>\n<p>Sukre\u010dianti drama apie skurd\u0105 ir pasaki\u0161kus turtus, apie tris \u017emones ir j\u0173 likimus. Ni\u016briame \u0161al\u010dio kaustomame Rusijos mieste u\u017eaugusi Katia svajoja i\u0161tr\u016bkti i\u0161 skurdaus ir neteisingo gyvenimo. Katios gro\u017eis \u2013 pasas \u012f gyvenim\u0105, apie kok\u012f ji n\u0117 nesapnavo. Pavelas Ivan\u010denka, prival\u0117damas i\u0161laikyti jaunesn\u012f brol\u012f ir sergan\u010di\u0105 mam\u0105, nuo pat ma\u017e\u0173 dien\u0173 pradeda suktis nelegalaus verslo u\u017ekulisiuose. Pavelas \u017eino, kad susikursi\u0105s geresn\u012f gyvenim\u0105 nei aplinkiniai. Ta\u010diau nenumano, kad atkaklumas j\u012f nuves tiesiai \u012f turtuoli\u0173 olimp\u0105.<\/p>\n<p>Anglijoje gyvenanti Mo i\u0161siruo\u0161ia \u012f Maskv\u0105 n\u0117 nesusim\u0105stydama, kad atsitiktinis susitikimas su Katia ir Pavelu nulems vis\u0105 tolesn\u012f jos gyvenim\u0105. Mat jiedvi su Katia pirmiausia taps draug\u0117mis, paskui var\u017eov\u0117mis d\u0117l oligarcho \u0161irdies, o galiausiai \u2013 j\u012f su\u017elugdyti ketinan\u010diomis s\u0105junginink\u0117mis.<\/p>\n","protected":false},"excerpt":{"rendered":"<p>Jis gal\u0117jo nusipirkti vis\u0105 pasaul\u012f, bet ar gal\u0117jo nusipirkti jos meil\u0119? Sukre\u010dianti drama apie skurd\u0105 ir pasaki\u0161kus turtus, apie tris \u017emones ir j\u0173 likimus. Ni\u016briame \u0161al\u010dio kaustomame Rusijos mieste u\u017eaugusi Katia svajoja i\u0161tr\u016bkti i\u0161 skurdaus ir neteisingo gyvenimo. Katios gro\u017eis \u2013 pasas \u012f gyvenim\u0105, apie kok\u012f ji n\u0117 nesapnavo. Pavelas Ivan\u010denka, prival\u0117damas i\u0161laikyti jaunesn\u012f brol\u012f ir sergan\u010di\u0105 mam\u0105, nuo pat ma\u017e\u0173 dien\u0173 pradeda suktis nelegalaus verslo u\u017ekulisiuose. Pavelas \u017eino, kad susikursi\u0105s geresn\u012f gyvenim\u0105 nei aplinkiniai. Ta\u010diau nenumano, kad atkaklumas j\u012f nuves tiesiai \u012f turtuoli\u0173 olimp\u0105. Anglijoje gyvenanti Mo i\u0161siruo\u0161ia \u012f Maskv\u0105 n\u0117 nesusim\u0105stydama, kad atsitiktinis susitikimas su Katia ir Pavelu nulems vis\u0105 tolesn\u012f jos gyvenim\u0105. Mat jiedvi su Katia pirmiausia taps draug\u0117mis, paskui var\u017eov\u0117mis d\u0117l oligarcho \u0161irdies, o galiausiai \u2013 j\u012f su\u017elugdyti ketinan\u010diomis s\u0105junginink\u0117mis.<\/p>\n","protected":false},"featured_media":22872,"comment_status":"open","ping_status":"closed","template":"","meta":{"_acf_changed":false,"site-sidebar-layout":"default","site-content-layout":"","ast-site-content-layout":"default","site-content-style":"default","site-sidebar-style":"default","ast-global-header-display":"","ast-banner-title-visibility":"","ast-main-header-display":"","ast-hfb-above-header-display":"","ast-hfb-below-header-display":"","ast-hfb-mobile-header-display":"","site-post-title":"","ast-breadcrumbs-content":"","ast-featured-img":"","footer-sml-layout":"","ast-disable-related-posts":"","theme-transparent-header-meta":"","adv-header-id-meta":"","stick-header-meta":"","header-above-stick-meta":"","header-main-stick-meta":"","header-below-stick-meta":"","astra-migrate-meta-layouts":"default","ast-page-background-enabled":"default","ast-page-background-meta":{"desktop":{"background-color":"","background-image":"","background-repeat":"repeat","background-position":"center center","background-size":"auto","background-attachment":"scroll","background-type":"","background-media":"","overlay-type":"","overlay-color":"","overlay-opacity":"","overlay-gradient":""},"tablet":{"background-color":"","background-image":"","background-repeat":"repeat","background-position":"center center","background-size":"auto","background-attachment":"scroll","background-type":"","background-media":"","overlay-type":"","overlay-color":"","overlay-opacity":"","overlay-gradient":""},"mobile":{"background-color":"","background-image":"","background-repeat":"repeat","background-position":"center center","background-size":"auto","background-attachment":"scroll","background-type":"","background-media":"","overlay-type":"","overlay-color":"","overlay-opacity":"","overlay-gradient":""}},"ast-content-background-meta":{"desktop":{"background-color":"var(--ast-global-color-4)","background-image":"","background-repeat":"repeat","background-position":"center center","background-size":"auto","background-attachment":"scroll","background-type":"","background-media":"","overlay-type":"","overlay-color":"","overlay-opacity":"","overlay-gradient":""},"tablet":{"background-color":"var(--ast-global-color-4)","background-image":"","background-repeat":"repeat","background-position":"center center","background-size":"auto","background-attachment":"scroll","background-type":"","background-media":"","overlay-type":"","overlay-color":"","overlay-opacity":"","overlay-gradient":""},"mobile":{"background-color":"var(--ast-global-color-4)","background-image":"","background-repeat":"repeat","background-position":"center center","background-size":"auto","background-attachment":"scroll","background-type":"","background-media":"","overlay-type":"","overlay-color":"","overlay-opacity":"","overlay-gradient":""}}},"product_brand":[],"product_cat":[15],"product_tag":[9337],"class_list":{"0":"post-22866","1":"product","2":"type-product","3":"status-publish","4":"has-post-thumbnail","6":"product_cat-uncategorized","7":"product_tag-anna-blundy","8":"desktop-align-left","9":"tablet-align-left","10":"mobile-align-left","12":"first","13":"instock","14":"shipping-taxable","15":"purchasable","16":"product-type-simple"},"acf":[],"yoast_head":"<!-- This site is optimized with the Yoast SEO plugin v27.0 - https:\/\/yoast.com\/product\/yoast-seo-wordpress\/ -->\n<title>Oligarcho \u017emona<\/title>\n<meta name=\"description\" content=\"Jis gal\u0117jo nusipirkti vis\u0105 pasaul\u012f, bet ar gal\u0117jo nusipirkti jos meil\u0119? Sukre\u010dianti drama apie skurd\u0105 ir pasaki\u0161kus turtus, apie tris \u017emones ir j\u0173\" \/>\n<meta name=\"robots\" content=\"index, follow, max-snippet:-1, max-image-preview:large, max-video-preview:-1\" \/>\n<link rel=\"canonical\" href=\"https:\/\/skaitytaknyga.lt\/en\/produktas\/oligarcho-zmona\/\" \/>\n<meta property=\"og:locale\" content=\"en_GB\" \/>\n<meta property=\"og:locale:alternate\" content=\"lt_LT\" \/>\n<meta property=\"og:type\" content=\"article\" \/>\n<meta property=\"og:title\" content=\"Oligarcho \u017emona\" \/>\n<meta property=\"og:description\" content=\"Jis gal\u0117jo nusipirkti vis\u0105 pasaul\u012f, bet ar gal\u0117jo nusipirkti jos meil\u0119? Sukre\u010dianti drama apie skurd\u0105 ir pasaki\u0161kus turtus, apie tris \u017emones ir j\u0173\" \/>\n<meta property=\"og:url\" content=\"https:\/\/skaitytaknyga.lt\/en\/produktas\/oligarcho-zmona\/\" \/>\n<meta property=\"og:site_name\" content=\"Skaitytaknyga\" \/>\n<meta property=\"article:publisher\" content=\"https:\/\/www.facebook.com\/skaitytaknyga\/\" \/>\n<meta property=\"article:modified_time\" content=\"2026-01-30T10:35:52+00:00\" \/>\n<meta property=\"og:image\" content=\"https:\/\/skaitytaknyga.lt\/wp-content\/uploads\/2026\/01\/Oligarcho-zmona.webp\" \/>\n\t<meta property=\"og:image:width\" content=\"300\" \/>\n\t<meta property=\"og:image:height\" content=\"487\" \/>\n\t<meta property=\"og:image:type\" content=\"image\/webp\" \/>\n<meta name=\"twitter:card\" content=\"summary_large_image\" \/>\n<meta name=\"twitter:label1\" content=\"Estimated reading time\" \/>\n\t<meta name=\"twitter:data1\" content=\"1 minute\" \/>\n<script type=\"application\/ld+json\" class=\"yoast-schema-graph\">{\"@context\":\"https:\/\/schema.org\",\"@graph\":[{\"@type\":\"WebPage\",\"@id\":\"https:\/\/skaitytaknyga.lt\/produktas\/oligarcho-zmona\/\",\"url\":\"https:\/\/skaitytaknyga.lt\/produktas\/oligarcho-zmona\/\",\"name\":\"Oligarcho \u017emona\",\"isPartOf\":{\"@id\":\"https:\/\/skaitytaknyga.lt\/#website\"},\"primaryImageOfPage\":{\"@id\":\"https:\/\/skaitytaknyga.lt\/produktas\/oligarcho-zmona\/#primaryimage\"},\"image\":{\"@id\":\"https:\/\/skaitytaknyga.lt\/produktas\/oligarcho-zmona\/#primaryimage\"},\"thumbnailUrl\":\"https:\/\/skaitytaknyga.lt\/wp-content\/uploads\/2026\/01\/Oligarcho-zmona.webp\",\"datePublished\":\"2026-01-29T16:57:21+00:00\",\"dateModified\":\"2026-01-30T10:35:52+00:00\",\"description\":\"Jis gal\u0117jo nusipirkti vis\u0105 pasaul\u012f, bet ar gal\u0117jo nusipirkti jos meil\u0119? Sukre\u010dianti drama apie skurd\u0105 ir pasaki\u0161kus turtus, apie tris \u017emones ir j\u0173\",\"breadcrumb\":{\"@id\":\"https:\/\/skaitytaknyga.lt\/produktas\/oligarcho-zmona\/#breadcrumb\"},\"inLanguage\":\"en-GB\",\"potentialAction\":[{\"@type\":\"ReadAction\",\"target\":[\"https:\/\/skaitytaknyga.lt\/produktas\/oligarcho-zmona\/\"]}]},{\"@type\":\"ImageObject\",\"inLanguage\":\"en-GB\",\"@id\":\"https:\/\/skaitytaknyga.lt\/produktas\/oligarcho-zmona\/#primaryimage\",\"url\":\"https:\/\/skaitytaknyga.lt\/wp-content\/uploads\/2026\/01\/Oligarcho-zmona.webp\",\"contentUrl\":\"https:\/\/skaitytaknyga.lt\/wp-content\/uploads\/2026\/01\/Oligarcho-zmona.webp\",\"width\":300,\"height\":487},{\"@type\":\"BreadcrumbList\",\"@id\":\"https:\/\/skaitytaknyga.lt\/produktas\/oligarcho-zmona\/#breadcrumb\",\"itemListElement\":[{\"@type\":\"ListItem\",\"position\":1,\"name\":\"Home\",\"item\":\"https:\/\/skaitytaknyga.lt\/\"},{\"@type\":\"ListItem\",\"position\":2,\"name\":\"Parduotuv\u0117\",\"item\":\"https:\/\/skaitytaknyga.lt\/knygu-parduotuve\/\"},{\"@type\":\"ListItem\",\"position\":3,\"name\":\"Oligarcho \u017emona\"}]},{\"@type\":\"WebSite\",\"@id\":\"https:\/\/skaitytaknyga.lt\/#website\",\"url\":\"https:\/\/skaitytaknyga.lt\/\",\"name\":\"skaitytaknyga.lt\",\"description\":\"Skaitytaknyga.lt \u2013 tai ma\u017eas \u0161eimos verslas, kuris prasid\u0117jo nuo meil\u0117s knygoms ir siekio i\u0161gelb\u0117ti knygas nuo likimo prie konteinerio. Kas vienam nereikalingas daiktas \u2013 kitam lobis, o mes esame tarpininkai, kurie padeda abiems tapti laimingesniems ???? \u017dinome kaip nelengva i\u0161gyventi ma\u017eiems verslams, tad nuo \u0161iol, \u010dia rasite ir kit\u0173, ma\u017e\u0173 \u0161eim\u0173 versl\u0173, rank\u0173 darbo, dovan\u0173 sau ir artimiesiems.\",\"publisher\":{\"@id\":\"https:\/\/skaitytaknyga.lt\/#organization\"},\"potentialAction\":[{\"@type\":\"SearchAction\",\"target\":{\"@type\":\"EntryPoint\",\"urlTemplate\":\"https:\/\/skaitytaknyga.lt\/?s={search_term_string}\"},\"query-input\":{\"@type\":\"PropertyValueSpecification\",\"valueRequired\":true,\"valueName\":\"search_term_string\"}}],\"inLanguage\":\"en-GB\"},{\"@type\":\"Organization\",\"@id\":\"https:\/\/skaitytaknyga.lt\/#organization\",\"name\":\"skaitytaknyga.lt\",\"url\":\"https:\/\/skaitytaknyga.lt\/\",\"logo\":{\"@type\":\"ImageObject\",\"inLanguage\":\"en-GB\",\"@id\":\"https:\/\/skaitytaknyga.lt\/#\/schema\/logo\/image\/\",\"url\":\"https:\/\/skaitytaknyga.lt\/wp-content\/uploads\/2024\/05\/cropped-cropped-cropped-02_00843_jt3bggkj1j3HLc7SyY6rEUpg.jpeg\",\"contentUrl\":\"https:\/\/skaitytaknyga.lt\/wp-content\/uploads\/2024\/05\/cropped-cropped-cropped-02_00843_jt3bggkj1j3HLc7SyY6rEUpg.jpeg\",\"width\":1600,\"height\":1600,\"caption\":\"skaitytaknyga.lt\"},\"image\":{\"@id\":\"https:\/\/skaitytaknyga.lt\/#\/schema\/logo\/image\/\"},\"sameAs\":[\"https:\/\/www.facebook.com\/skaitytaknyga\/\"]}]}<\/script>\n<!-- \/ Yoast SEO plugin. -->","yoast_head_json":{"title":"Oligarcho \u017emona","description":"Jis gal\u0117jo nusipirkti vis\u0105 pasaul\u012f, bet ar gal\u0117jo nusipirkti jos meil\u0119? Sukre\u010dianti drama apie skurd\u0105 ir pasaki\u0161kus turtus, apie tris \u017emones ir j\u0173","robots":{"index":"index","follow":"follow","max-snippet":"max-snippet:-1","max-image-preview":"max-image-preview:large","max-video-preview":"max-video-preview:-1"},"canonical":"https:\/\/skaitytaknyga.lt\/en\/produktas\/oligarcho-zmona\/","og_locale":"en_GB","og_type":"article","og_title":"[:lt]Oligarcho \u017emona[:] - Skaitytaknyga","og_description":"Jis gal\u0117jo nusipirkti vis\u0105 pasaul\u012f, bet ar gal\u0117jo nusipirkti jos meil\u0119? Sukre\u010dianti drama apie skurd\u0105 ir pasaki\u0161kus turtus, apie tris \u017emones ir j\u0173","og_url":"https:\/\/skaitytaknyga.lt\/en\/produktas\/oligarcho-zmona\/","og_site_name":"Skaitytaknyga","article_publisher":"https:\/\/www.facebook.com\/skaitytaknyga\/","article_modified_time":"2026-01-30T10:35:52+00:00","og_image":[{"width":300,"height":487,"url":"https:\/\/skaitytaknyga.lt\/wp-content\/uploads\/2026\/01\/Oligarcho-zmona.webp","type":"image\/webp"}],"twitter_card":"summary_large_image","twitter_misc":{"Estimated reading time":"1 minute"},"schema":{"@context":"https:\/\/schema.org","@graph":[{"@type":"WebPage","@id":"https:\/\/skaitytaknyga.lt\/produktas\/oligarcho-zmona\/","url":"https:\/\/skaitytaknyga.lt\/produktas\/oligarcho-zmona\/","name":"Oligarcho \u017emona","isPartOf":{"@id":"https:\/\/skaitytaknyga.lt\/#website"},"primaryImageOfPage":{"@id":"https:\/\/skaitytaknyga.lt\/produktas\/oligarcho-zmona\/#primaryimage"},"image":{"@id":"https:\/\/skaitytaknyga.lt\/produktas\/oligarcho-zmona\/#primaryimage"},"thumbnailUrl":"https:\/\/skaitytaknyga.lt\/wp-content\/uploads\/2026\/01\/Oligarcho-zmona.webp","datePublished":"2026-01-29T16:57:21+00:00","dateModified":"2026-01-30T10:35:52+00:00","description":"Jis gal\u0117jo nusipirkti vis\u0105 pasaul\u012f, bet ar gal\u0117jo nusipirkti jos meil\u0119? Sukre\u010dianti drama apie skurd\u0105 ir pasaki\u0161kus turtus, apie tris \u017emones ir j\u0173","breadcrumb":{"@id":"https:\/\/skaitytaknyga.lt\/produktas\/oligarcho-zmona\/#breadcrumb"},"inLanguage":"en-GB","potentialAction":[{"@type":"ReadAction","target":["https:\/\/skaitytaknyga.lt\/produktas\/oligarcho-zmona\/"]}]},{"@type":"ImageObject","inLanguage":"en-GB","@id":"https:\/\/skaitytaknyga.lt\/produktas\/oligarcho-zmona\/#primaryimage","url":"https:\/\/skaitytaknyga.lt\/wp-content\/uploads\/2026\/01\/Oligarcho-zmona.webp","contentUrl":"https:\/\/skaitytaknyga.lt\/wp-content\/uploads\/2026\/01\/Oligarcho-zmona.webp","width":300,"height":487},{"@type":"BreadcrumbList","@id":"https:\/\/skaitytaknyga.lt\/produktas\/oligarcho-zmona\/#breadcrumb","itemListElement":[{"@type":"ListItem","position":1,"name":"Home","item":"https:\/\/skaitytaknyga.lt\/"},{"@type":"ListItem","position":2,"name":"Parduotuv\u0117","item":"https:\/\/skaitytaknyga.lt\/knygu-parduotuve\/"},{"@type":"ListItem","position":3,"name":"Oligarcho \u017emona"}]},{"@type":"WebSite","@id":"https:\/\/skaitytaknyga.lt\/#website","url":"https:\/\/skaitytaknyga.lt\/","name":"skaitytaknyga.lt","description":"Skaitytaknyga.lt \u2013 tai ma\u017eas \u0161eimos verslas, kuris prasid\u0117jo nuo meil\u0117s knygoms ir siekio i\u0161gelb\u0117ti knygas nuo likimo prie konteinerio. Kas vienam nereikalingas daiktas \u2013 kitam lobis, o mes esame tarpininkai, kurie padeda abiems tapti laimingesniems ???? \u017dinome kaip nelengva i\u0161gyventi ma\u017eiems verslams, tad nuo \u0161iol, \u010dia rasite ir kit\u0173, ma\u017e\u0173 \u0161eim\u0173 versl\u0173, rank\u0173 darbo, dovan\u0173 sau ir artimiesiems.","publisher":{"@id":"https:\/\/skaitytaknyga.lt\/#organization"},"potentialAction":[{"@type":"SearchAction","target":{"@type":"EntryPoint","urlTemplate":"https:\/\/skaitytaknyga.lt\/?s={search_term_string}"},"query-input":{"@type":"PropertyValueSpecification","valueRequired":true,"valueName":"search_term_string"}}],"inLanguage":"en-GB"},{"@type":"Organization","@id":"https:\/\/skaitytaknyga.lt\/#organization","name":"skaitytaknyga.lt","url":"https:\/\/skaitytaknyga.lt\/","logo":{"@type":"ImageObject","inLanguage":"en-GB","@id":"https:\/\/skaitytaknyga.lt\/#\/schema\/logo\/image\/","url":"https:\/\/skaitytaknyga.lt\/wp-content\/uploads\/2024\/05\/cropped-cropped-cropped-02_00843_jt3bggkj1j3HLc7SyY6rEUpg.jpeg","contentUrl":"https:\/\/skaitytaknyga.lt\/wp-content\/uploads\/2024\/05\/cropped-cropped-cropped-02_00843_jt3bggkj1j3HLc7SyY6rEUpg.jpeg","width":1600,"height":1600,"caption":"skaitytaknyga.lt"},"image":{"@id":"https:\/\/skaitytaknyga.lt\/#\/schema\/logo\/image\/"},"sameAs":["https:\/\/www.facebook.com\/skaitytaknyga\/"]}]}},"_links":{"self":[{"href":"https:\/\/skaitytaknyga.lt\/en\/wp-json\/wp\/v2\/product\/22866","targetHints":{"allow":["GET"]}}],"collection":[{"href":"https:\/\/skaitytaknyga.lt\/en\/wp-json\/wp\/v2\/product"}],"about":[{"href":"https:\/\/skaitytaknyga.lt\/en\/wp-json\/wp\/v2\/types\/product"}],"replies":[{"embeddable":true,"href":"https:\/\/skaitytaknyga.lt\/en\/wp-json\/wp\/v2\/comments?post=22866"}],"wp:featuredmedia":[{"embeddable":true,"href":"https:\/\/skaitytaknyga.lt\/en\/wp-json\/wp\/v2\/media\/22872"}],"wp:attachment":[{"href":"https:\/\/skaitytaknyga.lt\/en\/wp-json\/wp\/v2\/media?parent=22866"}],"wp:term":[{"taxonomy":"product_brand","embeddable":true,"href":"https:\/\/skaitytaknyga.lt\/en\/wp-json\/wp\/v2\/product_brand?post=22866"},{"taxonomy":"product_cat","embeddable":true,"href":"https:\/\/skaitytaknyga.lt\/en\/wp-json\/wp\/v2\/product_cat?post=22866"},{"taxonomy":"product_tag","embeddable":true,"href":"https:\/\/skaitytaknyga.lt\/en\/wp-json\/wp\/v2\/product_tag?post=22866"}],"curies":[{"name":"wp","href":"https:\/\/api.w.org\/{rel}","templated":true}]}}