{"id":22863,"date":"2026-01-29T18:57:20","date_gmt":"2026-01-29T16:57:20","guid":{"rendered":"https:\/\/skaitytaknyga.lt\/?post_type=product&#038;p=22863"},"modified":"2026-03-18T14:59:38","modified_gmt":"2026-03-18T12:59:38","slug":"blaivybe-lietuvoje-istorija-ir-dabartis-yra-skaitymo-zymiu","status":"publish","type":"product","link":"https:\/\/skaitytaknyga.lt\/en\/produktas\/blaivybe-lietuvoje-istorija-ir-dabartis-yra-skaitymo-zymiu\/","title":{"rendered":"Blaivyb\u0117 Lietuvoje. Istorija ir dabartis (yra skaitymo \u017eymi\u0173)"},"content":{"rendered":"<p>Blaivyb\u0117 yra g\u0117ris. Tai \u2013 sveika, darb\u0161ti, k\u016brybinga visuomen\u0117, tai \u2013 laimingos \u0161eimos, kuri\u0173 laisvalaikis yra prasmingas, tai \u2013 pastangos gyvenim\u0105 palikti gra\u017eesn\u012f negu atradai. \u0160i\u0105 nuostat\u0105 gerai perprato prie\u0161 tris m\u0117nesius i\u0161leistos monografijos \u201eBlaivyb\u0117 Lietuvoje. Istorija ir dabartis\u201c autorius Jonas Ka\u010derauskas. Pats b\u016bdamas abstinentas, Vyskupo M. Valan\u010diaus blaivyst\u0117s s\u0105j\u016bd\u017eio narys knygoje ap\u017evelg\u0117 laikotarp\u012f nuo \u017eilos senov\u0117s iki XXI am\u017eiaus prad\u017eios. Gil\u0173 \u012fsp\u016bd\u012f skaitytojui palieka blaivyb\u0117s organizacij\u0173 veikla nepriklausomoje Lietuvoje 1918\u20131940 metais. \u201eBuvo sustabdytas alkoholio vartojimo did\u0117jimas, augo sveika, dvasi\u0161kai stipri jaunoji abstinent\u0173 karta. Vieni j\u0173 tapo kovotojais u\u017e laisv\u0119, kiti \u2013 gerais specialistais, mokslininkais, treti \u2013 dorais valstie\u010diais, darbininkais, tarnautojais\u201c, \u2013 pastebi autorius.<\/p>\n<p>Pirmoji blaivyb\u0117s propagavimo aprai\u0161ka sovietme\u010diu \u2013 1979 metais. Nors blaivininkai, vadovaujami in\u017e. Juozo Kan\u010dio, buvo visaip persekiojami \u012f\u017evelgiant rezistencij\u0105 (tai buvo tiesa, nes niekada nebuvo prarasta viltis sulaukti nepriklausomyb\u0117s, tod\u0117l dedamos pastangos nenutaut\u0117ti, neprasigerti), blaivinink\u0173 b\u016brys augo ir stipr\u0117jo, nors ir veik\u0117 pogrind\u017eio s\u0105lygomis.<\/p>\n<p>Tai, kas vyksta dabar, matome visi. Autorius kreipiasi \u012f Seim\u0105 ir Vyriausyb\u0119, ragindamas imtis efektyvi\u0173 priemoni\u0173 gelbstint nykstan\u010di\u0105 lietuvi\u0173 taut\u0105 ne tik d\u0117l emigracijos, bet ir d\u0117l girtavimo.<\/p>\n<p>Knyga gausiai iliustruota fotografijomis, lentel\u0117mis, diagramomis.<\/p>\n<p>Monografija buvo pristatyta visuomenei rugs\u0117jo 26 dien\u0105 Lietuvos S\u0105j\u016bd\u017eio (LS) sal\u0117je. Rengin\u012f ved\u0117 ir knyg\u0105 teigiamai \u012fvertino LS pirmininkas \u0160al\u010dinink\u0173 Lietuvos T\u016bkstantme\u010dio gimnazijos direktorius Vidmantas \u017dilius, blaivyb\u0117s s\u0105j\u016bd\u017eio valdybos narys Vytautas Uogel\u0117, in\u017e. Bronius Strikulis, kalb\u0117jo muziejinink\u0117 Genovait\u0117 Vai\u0161norien\u0117.<\/p>\n<p>Papra\u0161ytas tarti \u017eod\u012f, autorius prad\u0117jo prie\u0161kario mokytojo Vaclovo \u010ci\u017ei\u016bno \u012f\u017evalga: Tik blaivioje tautoje gali i\u0161augti ir pra\u017eysti galinga, visoms svetimoms \u012ftakoms atspari savaranki\u0161ka kult\u016bra. Autorius apgailestavo, kad d\u0117l l\u0117\u0161\u0173 stokos blaivyb\u0117s s\u0105j\u016bd\u017eio veikla \u0117m\u0117 merd\u0117ti: nustojo \u0117j\u0119s laikra\u0161tis \u201eBlaivioji Lietuva\u201c, \u201eValan\u010diukas\u201c tepasirodo tik kart\u0105 per metus. Be to, vienas po kito \u012f Am\u017eimyb\u0119 i\u0161keliauja veteranai, j\u0173 vietas u\u017epildyti ma\u017eai kas teateina. Pad\u0117koj\u0119s visiems r\u0117m\u0117jams, autorius savo kalb\u0105 baig\u0117 optimisti\u0161kai. Jis tikisi, kad jo ketveri\u0173 met\u0173 darbas rengiant knyg\u0105 duos ger\u0173 rezultat\u0173 blaivyb\u0117s id\u0117j\u0173 sklaidoje.<\/p>\n","protected":false},"excerpt":{"rendered":"<p>Blaivyb\u0117 yra g\u0117ris. Tai \u2013 sveika, darb\u0161ti, k\u016brybinga visuomen\u0117, tai \u2013 laimingos \u0161eimos, kuri\u0173 laisvalaikis yra prasmingas, tai \u2013 pastangos gyvenim\u0105 palikti gra\u017eesn\u012f negu atradai. \u0160i\u0105 nuostat\u0105 gerai perprato prie\u0161 tris m\u0117nesius i\u0161leistos monografijos \u201eBlaivyb\u0117 Lietuvoje. Istorija ir dabartis\u201c autorius Jonas Ka\u010derauskas. Pats b\u016bdamas abstinentas, Vyskupo M. Valan\u010diaus blaivyst\u0117s s\u0105j\u016bd\u017eio narys knygoje ap\u017evelg\u0117 laikotarp\u012f nuo \u017eilos senov\u0117s iki XXI am\u017eiaus prad\u017eios. Gil\u0173 \u012fsp\u016bd\u012f skaitytojui palieka blaivyb\u0117s organizacij\u0173 veikla nepriklausomoje Lietuvoje 1918\u20131940 metais. \u201eBuvo sustabdytas alkoholio vartojimo did\u0117jimas, augo sveika, dvasi\u0161kai stipri jaunoji abstinent\u0173 karta. Vieni j\u0173 tapo kovotojais u\u017e laisv\u0119, kiti \u2013 gerais specialistais, mokslininkais, treti \u2013 dorais valstie\u010diais, darbininkais, tarnautojais\u201c, \u2013 pastebi autorius. Pirmoji blaivyb\u0117s propagavimo aprai\u0161ka sovietme\u010diu \u2013 1979 metais. Nors blaivininkai, vadovaujami in\u017e. Juozo Kan\u010dio, buvo visaip persekiojami \u012f\u017evelgiant rezistencij\u0105 (tai buvo tiesa, nes niekada nebuvo prarasta viltis sulaukti nepriklausomyb\u0117s, tod\u0117l dedamos pastangos nenutaut\u0117ti, neprasigerti), blaivinink\u0173 b\u016brys augo ir stipr\u0117jo, nors ir veik\u0117 pogrind\u017eio s\u0105lygomis. Tai, kas vyksta dabar, matome visi. Autorius kreipiasi \u012f Seim\u0105 ir Vyriausyb\u0119, ragindamas imtis efektyvi\u0173 priemoni\u0173 gelbstint nykstan\u010di\u0105 lietuvi\u0173 taut\u0105 ne tik d\u0117l emigracijos, bet ir d\u0117l girtavimo. Knyga gausiai iliustruota fotografijomis, lentel\u0117mis, diagramomis. Monografija buvo pristatyta visuomenei rugs\u0117jo 26 dien\u0105 Lietuvos S\u0105j\u016bd\u017eio (LS) sal\u0117je. Rengin\u012f ved\u0117 ir knyg\u0105 teigiamai \u012fvertino LS pirmininkas \u0160al\u010dinink\u0173 Lietuvos T\u016bkstantme\u010dio gimnazijos direktorius Vidmantas \u017dilius, blaivyb\u0117s s\u0105j\u016bd\u017eio valdybos narys Vytautas Uogel\u0117, in\u017e. Bronius Strikulis, kalb\u0117jo muziejinink\u0117 Genovait\u0117 Vai\u0161norien\u0117. Papra\u0161ytas tarti \u017eod\u012f, autorius prad\u0117jo prie\u0161kario mokytojo Vaclovo \u010ci\u017ei\u016bno \u012f\u017evalga: Tik blaivioje tautoje gali i\u0161augti ir pra\u017eysti galinga, visoms svetimoms \u012ftakoms atspari savaranki\u0161ka kult\u016bra. Autorius apgailestavo, kad d\u0117l l\u0117\u0161\u0173 stokos blaivyb\u0117s s\u0105j\u016bd\u017eio veikla \u0117m\u0117 merd\u0117ti: nustojo \u0117j\u0119s laikra\u0161tis \u201eBlaivioji Lietuva\u201c, \u201eValan\u010diukas\u201c tepasirodo tik kart\u0105 per metus. Be to, vienas po kito \u012f Am\u017eimyb\u0119 i\u0161keliauja veteranai, j\u0173 vietas u\u017epildyti ma\u017eai kas teateina. Pad\u0117koj\u0119s visiems r\u0117m\u0117jams, autorius savo kalb\u0105 baig\u0117 optimisti\u0161kai. Jis tikisi, kad jo ketveri\u0173 met\u0173 darbas rengiant knyg\u0105 duos ger\u0173 rezultat\u0173 blaivyb\u0117s id\u0117j\u0173 sklaidoje.<\/p>\n","protected":false},"featured_media":22868,"comment_status":"open","ping_status":"closed","template":"","meta":{"_acf_changed":false,"site-sidebar-layout":"default","site-content-layout":"","ast-site-content-layout":"default","site-content-style":"default","site-sidebar-style":"default","ast-global-header-display":"","ast-banner-title-visibility":"","ast-main-header-display":"","ast-hfb-above-header-display":"","ast-hfb-below-header-display":"","ast-hfb-mobile-header-display":"","site-post-title":"","ast-breadcrumbs-content":"","ast-featured-img":"","footer-sml-layout":"","ast-disable-related-posts":"","theme-transparent-header-meta":"","adv-header-id-meta":"","stick-header-meta":"","header-above-stick-meta":"","header-main-stick-meta":"","header-below-stick-meta":"","astra-migrate-meta-layouts":"default","ast-page-background-enabled":"default","ast-page-background-meta":{"desktop":{"background-color":"","background-image":"","background-repeat":"repeat","background-position":"center center","background-size":"auto","background-attachment":"scroll","background-type":"","background-media":"","overlay-type":"","overlay-color":"","overlay-opacity":"","overlay-gradient":""},"tablet":{"background-color":"","background-image":"","background-repeat":"repeat","background-position":"center center","background-size":"auto","background-attachment":"scroll","background-type":"","background-media":"","overlay-type":"","overlay-color":"","overlay-opacity":"","overlay-gradient":""},"mobile":{"background-color":"","background-image":"","background-repeat":"repeat","background-position":"center center","background-size":"auto","background-attachment":"scroll","background-type":"","background-media":"","overlay-type":"","overlay-color":"","overlay-opacity":"","overlay-gradient":""}},"ast-content-background-meta":{"desktop":{"background-color":"var(--ast-global-color-4)","background-image":"","background-repeat":"repeat","background-position":"center center","background-size":"auto","background-attachment":"scroll","background-type":"","background-media":"","overlay-type":"","overlay-color":"","overlay-opacity":"","overlay-gradient":""},"tablet":{"background-color":"var(--ast-global-color-4)","background-image":"","background-repeat":"repeat","background-position":"center center","background-size":"auto","background-attachment":"scroll","background-type":"","background-media":"","overlay-type":"","overlay-color":"","overlay-opacity":"","overlay-gradient":""},"mobile":{"background-color":"var(--ast-global-color-4)","background-image":"","background-repeat":"repeat","background-position":"center center","background-size":"auto","background-attachment":"scroll","background-type":"","background-media":"","overlay-type":"","overlay-color":"","overlay-opacity":"","overlay-gradient":""}}},"product_brand":[],"product_cat":[9862,174],"product_tag":[9336],"class_list":{"0":"post-22863","1":"product","2":"type-product","3":"status-publish","4":"has-post-thumbnail","6":"product_cat-lietuvos-istorija","7":"product_cat-istorija-ir-politologija","8":"product_tag-ltjonas-kacerauskas","9":"desktop-align-left","10":"tablet-align-left","11":"mobile-align-left","13":"first","14":"instock","15":"shipping-taxable","16":"purchasable","17":"product-type-simple"},"acf":[],"yoast_head":"<!-- This site is optimized with the Yoast SEO plugin v27.0 - https:\/\/yoast.com\/product\/yoast-seo-wordpress\/ -->\n<title>Blaivyb\u0117 Lietuvoje. Istorija ir dabartis (yra skaitymo \u017eymi\u0173)<\/title>\n<meta name=\"description\" content=\"Blaivyb\u0117 yra g\u0117ris. Tai \u2013 sveika, darb\u0161ti, k\u016brybinga visuomen\u0117, tai \u2013 laimingos \u0161eimos, kuri\u0173 laisvalaikis yra prasmingas, tai \u2013 pastangos gyvenim\u0105\" \/>\n<meta name=\"robots\" content=\"index, follow, max-snippet:-1, max-image-preview:large, max-video-preview:-1\" \/>\n<link rel=\"canonical\" href=\"https:\/\/skaitytaknyga.lt\/en\/produktas\/blaivybe-lietuvoje-istorija-ir-dabartis-yra-skaitymo-zymiu\/\" \/>\n<meta property=\"og:locale\" content=\"en_GB\" \/>\n<meta property=\"og:locale:alternate\" content=\"lt_LT\" \/>\n<meta property=\"og:type\" content=\"article\" \/>\n<meta property=\"og:title\" content=\"Blaivyb\u0117 Lietuvoje. Istorija ir dabartis (yra skaitymo \u017eymi\u0173)\" \/>\n<meta property=\"og:description\" content=\"Blaivyb\u0117 yra g\u0117ris. Tai \u2013 sveika, darb\u0161ti, k\u016brybinga visuomen\u0117, tai \u2013 laimingos \u0161eimos, kuri\u0173 laisvalaikis yra prasmingas, tai \u2013 pastangos gyvenim\u0105\" \/>\n<meta property=\"og:url\" content=\"https:\/\/skaitytaknyga.lt\/en\/produktas\/blaivybe-lietuvoje-istorija-ir-dabartis-yra-skaitymo-zymiu\/\" \/>\n<meta property=\"og:site_name\" content=\"Skaitytaknyga\" \/>\n<meta property=\"article:publisher\" content=\"https:\/\/www.facebook.com\/skaitytaknyga\/\" \/>\n<meta property=\"article:modified_time\" content=\"2026-03-18T12:59:38+00:00\" \/>\n<meta property=\"og:image\" content=\"https:\/\/skaitytaknyga.lt\/wp-content\/uploads\/2026\/01\/Blaivybe-Lietuvoje.-Istorija-ir-dabartis-1-e1769706183875.webp\" \/>\n\t<meta property=\"og:image:width\" content=\"313\" \/>\n\t<meta property=\"og:image:height\" content=\"470\" \/>\n\t<meta property=\"og:image:type\" content=\"image\/webp\" \/>\n<meta name=\"twitter:card\" content=\"summary_large_image\" \/>\n<meta name=\"twitter:label1\" content=\"Estimated reading time\" \/>\n\t<meta name=\"twitter:data1\" content=\"2 minutes\" \/>\n<script type=\"application\/ld+json\" class=\"yoast-schema-graph\">{\"@context\":\"https:\/\/schema.org\",\"@graph\":[{\"@type\":\"WebPage\",\"@id\":\"https:\/\/skaitytaknyga.lt\/produktas\/blaivybe-lietuvoje-istorija-ir-dabartis-yra-skaitymo-zymiu\/\",\"url\":\"https:\/\/skaitytaknyga.lt\/produktas\/blaivybe-lietuvoje-istorija-ir-dabartis-yra-skaitymo-zymiu\/\",\"name\":\"Blaivyb\u0117 Lietuvoje. Istorija ir dabartis (yra skaitymo \u017eymi\u0173)\",\"isPartOf\":{\"@id\":\"https:\/\/skaitytaknyga.lt\/#website\"},\"primaryImageOfPage\":{\"@id\":\"https:\/\/skaitytaknyga.lt\/produktas\/blaivybe-lietuvoje-istorija-ir-dabartis-yra-skaitymo-zymiu\/#primaryimage\"},\"image\":{\"@id\":\"https:\/\/skaitytaknyga.lt\/produktas\/blaivybe-lietuvoje-istorija-ir-dabartis-yra-skaitymo-zymiu\/#primaryimage\"},\"thumbnailUrl\":\"https:\/\/skaitytaknyga.lt\/wp-content\/uploads\/2026\/01\/Blaivybe-Lietuvoje.-Istorija-ir-dabartis-1-e1769706183875.webp\",\"datePublished\":\"2026-01-29T16:57:20+00:00\",\"dateModified\":\"2026-03-18T12:59:38+00:00\",\"description\":\"Blaivyb\u0117 yra g\u0117ris. Tai \u2013 sveika, darb\u0161ti, k\u016brybinga visuomen\u0117, tai \u2013 laimingos \u0161eimos, kuri\u0173 laisvalaikis yra prasmingas, tai \u2013 pastangos gyvenim\u0105\",\"breadcrumb\":{\"@id\":\"https:\/\/skaitytaknyga.lt\/produktas\/blaivybe-lietuvoje-istorija-ir-dabartis-yra-skaitymo-zymiu\/#breadcrumb\"},\"inLanguage\":\"en-GB\",\"potentialAction\":[{\"@type\":\"ReadAction\",\"target\":[\"https:\/\/skaitytaknyga.lt\/produktas\/blaivybe-lietuvoje-istorija-ir-dabartis-yra-skaitymo-zymiu\/\"]}]},{\"@type\":\"ImageObject\",\"inLanguage\":\"en-GB\",\"@id\":\"https:\/\/skaitytaknyga.lt\/produktas\/blaivybe-lietuvoje-istorija-ir-dabartis-yra-skaitymo-zymiu\/#primaryimage\",\"url\":\"https:\/\/skaitytaknyga.lt\/wp-content\/uploads\/2026\/01\/Blaivybe-Lietuvoje.-Istorija-ir-dabartis-1-e1769706183875.webp\",\"contentUrl\":\"https:\/\/skaitytaknyga.lt\/wp-content\/uploads\/2026\/01\/Blaivybe-Lietuvoje.-Istorija-ir-dabartis-1-e1769706183875.webp\",\"width\":313,\"height\":470},{\"@type\":\"BreadcrumbList\",\"@id\":\"https:\/\/skaitytaknyga.lt\/produktas\/blaivybe-lietuvoje-istorija-ir-dabartis-yra-skaitymo-zymiu\/#breadcrumb\",\"itemListElement\":[{\"@type\":\"ListItem\",\"position\":1,\"name\":\"Home\",\"item\":\"https:\/\/skaitytaknyga.lt\/\"},{\"@type\":\"ListItem\",\"position\":2,\"name\":\"Parduotuv\u0117\",\"item\":\"https:\/\/skaitytaknyga.lt\/knygu-parduotuve\/\"},{\"@type\":\"ListItem\",\"position\":3,\"name\":\"Blaivyb\u0117 Lietuvoje. Istorija ir dabartis (yra skaitymo \u017eymi\u0173)\"}]},{\"@type\":\"WebSite\",\"@id\":\"https:\/\/skaitytaknyga.lt\/#website\",\"url\":\"https:\/\/skaitytaknyga.lt\/\",\"name\":\"skaitytaknyga.lt\",\"description\":\"Skaitytaknyga.lt \u2013 tai ma\u017eas \u0161eimos verslas, kuris prasid\u0117jo nuo meil\u0117s knygoms ir siekio i\u0161gelb\u0117ti knygas nuo likimo prie konteinerio. Kas vienam nereikalingas daiktas \u2013 kitam lobis, o mes esame tarpininkai, kurie padeda abiems tapti laimingesniems ???? \u017dinome kaip nelengva i\u0161gyventi ma\u017eiems verslams, tad nuo \u0161iol, \u010dia rasite ir kit\u0173, ma\u017e\u0173 \u0161eim\u0173 versl\u0173, rank\u0173 darbo, dovan\u0173 sau ir artimiesiems.\",\"publisher\":{\"@id\":\"https:\/\/skaitytaknyga.lt\/#organization\"},\"potentialAction\":[{\"@type\":\"SearchAction\",\"target\":{\"@type\":\"EntryPoint\",\"urlTemplate\":\"https:\/\/skaitytaknyga.lt\/?s={search_term_string}\"},\"query-input\":{\"@type\":\"PropertyValueSpecification\",\"valueRequired\":true,\"valueName\":\"search_term_string\"}}],\"inLanguage\":\"en-GB\"},{\"@type\":\"Organization\",\"@id\":\"https:\/\/skaitytaknyga.lt\/#organization\",\"name\":\"skaitytaknyga.lt\",\"url\":\"https:\/\/skaitytaknyga.lt\/\",\"logo\":{\"@type\":\"ImageObject\",\"inLanguage\":\"en-GB\",\"@id\":\"https:\/\/skaitytaknyga.lt\/#\/schema\/logo\/image\/\",\"url\":\"https:\/\/skaitytaknyga.lt\/wp-content\/uploads\/2024\/05\/cropped-cropped-cropped-02_00843_jt3bggkj1j3HLc7SyY6rEUpg.jpeg\",\"contentUrl\":\"https:\/\/skaitytaknyga.lt\/wp-content\/uploads\/2024\/05\/cropped-cropped-cropped-02_00843_jt3bggkj1j3HLc7SyY6rEUpg.jpeg\",\"width\":1600,\"height\":1600,\"caption\":\"skaitytaknyga.lt\"},\"image\":{\"@id\":\"https:\/\/skaitytaknyga.lt\/#\/schema\/logo\/image\/\"},\"sameAs\":[\"https:\/\/www.facebook.com\/skaitytaknyga\/\"]}]}<\/script>\n<!-- \/ Yoast SEO plugin. -->","yoast_head_json":{"title":"Blaivyb\u0117 Lietuvoje. Istorija ir dabartis (yra skaitymo \u017eymi\u0173)","description":"Blaivyb\u0117 yra g\u0117ris. Tai \u2013 sveika, darb\u0161ti, k\u016brybinga visuomen\u0117, tai \u2013 laimingos \u0161eimos, kuri\u0173 laisvalaikis yra prasmingas, tai \u2013 pastangos gyvenim\u0105","robots":{"index":"index","follow":"follow","max-snippet":"max-snippet:-1","max-image-preview":"max-image-preview:large","max-video-preview":"max-video-preview:-1"},"canonical":"https:\/\/skaitytaknyga.lt\/en\/produktas\/blaivybe-lietuvoje-istorija-ir-dabartis-yra-skaitymo-zymiu\/","og_locale":"en_GB","og_type":"article","og_title":"[:lt]Blaivyb\u0117 Lietuvoje. Istorija ir dabartis (yra skaitymo \u017eymi\u0173)[:] - Skaitytaknyga","og_description":"Blaivyb\u0117 yra g\u0117ris. Tai \u2013 sveika, darb\u0161ti, k\u016brybinga visuomen\u0117, tai \u2013 laimingos \u0161eimos, kuri\u0173 laisvalaikis yra prasmingas, tai \u2013 pastangos gyvenim\u0105","og_url":"https:\/\/skaitytaknyga.lt\/en\/produktas\/blaivybe-lietuvoje-istorija-ir-dabartis-yra-skaitymo-zymiu\/","og_site_name":"Skaitytaknyga","article_publisher":"https:\/\/www.facebook.com\/skaitytaknyga\/","article_modified_time":"2026-03-18T12:59:38+00:00","og_image":[{"width":313,"height":470,"url":"https:\/\/skaitytaknyga.lt\/wp-content\/uploads\/2026\/01\/Blaivybe-Lietuvoje.-Istorija-ir-dabartis-1-e1769706183875.webp","type":"image\/webp"}],"twitter_card":"summary_large_image","twitter_misc":{"Estimated reading time":"2 minutes"},"schema":{"@context":"https:\/\/schema.org","@graph":[{"@type":"WebPage","@id":"https:\/\/skaitytaknyga.lt\/produktas\/blaivybe-lietuvoje-istorija-ir-dabartis-yra-skaitymo-zymiu\/","url":"https:\/\/skaitytaknyga.lt\/produktas\/blaivybe-lietuvoje-istorija-ir-dabartis-yra-skaitymo-zymiu\/","name":"Blaivyb\u0117 Lietuvoje. Istorija ir dabartis (yra skaitymo \u017eymi\u0173)","isPartOf":{"@id":"https:\/\/skaitytaknyga.lt\/#website"},"primaryImageOfPage":{"@id":"https:\/\/skaitytaknyga.lt\/produktas\/blaivybe-lietuvoje-istorija-ir-dabartis-yra-skaitymo-zymiu\/#primaryimage"},"image":{"@id":"https:\/\/skaitytaknyga.lt\/produktas\/blaivybe-lietuvoje-istorija-ir-dabartis-yra-skaitymo-zymiu\/#primaryimage"},"thumbnailUrl":"https:\/\/skaitytaknyga.lt\/wp-content\/uploads\/2026\/01\/Blaivybe-Lietuvoje.-Istorija-ir-dabartis-1-e1769706183875.webp","datePublished":"2026-01-29T16:57:20+00:00","dateModified":"2026-03-18T12:59:38+00:00","description":"Blaivyb\u0117 yra g\u0117ris. Tai \u2013 sveika, darb\u0161ti, k\u016brybinga visuomen\u0117, tai \u2013 laimingos \u0161eimos, kuri\u0173 laisvalaikis yra prasmingas, tai \u2013 pastangos gyvenim\u0105","breadcrumb":{"@id":"https:\/\/skaitytaknyga.lt\/produktas\/blaivybe-lietuvoje-istorija-ir-dabartis-yra-skaitymo-zymiu\/#breadcrumb"},"inLanguage":"en-GB","potentialAction":[{"@type":"ReadAction","target":["https:\/\/skaitytaknyga.lt\/produktas\/blaivybe-lietuvoje-istorija-ir-dabartis-yra-skaitymo-zymiu\/"]}]},{"@type":"ImageObject","inLanguage":"en-GB","@id":"https:\/\/skaitytaknyga.lt\/produktas\/blaivybe-lietuvoje-istorija-ir-dabartis-yra-skaitymo-zymiu\/#primaryimage","url":"https:\/\/skaitytaknyga.lt\/wp-content\/uploads\/2026\/01\/Blaivybe-Lietuvoje.-Istorija-ir-dabartis-1-e1769706183875.webp","contentUrl":"https:\/\/skaitytaknyga.lt\/wp-content\/uploads\/2026\/01\/Blaivybe-Lietuvoje.-Istorija-ir-dabartis-1-e1769706183875.webp","width":313,"height":470},{"@type":"BreadcrumbList","@id":"https:\/\/skaitytaknyga.lt\/produktas\/blaivybe-lietuvoje-istorija-ir-dabartis-yra-skaitymo-zymiu\/#breadcrumb","itemListElement":[{"@type":"ListItem","position":1,"name":"Home","item":"https:\/\/skaitytaknyga.lt\/"},{"@type":"ListItem","position":2,"name":"Parduotuv\u0117","item":"https:\/\/skaitytaknyga.lt\/knygu-parduotuve\/"},{"@type":"ListItem","position":3,"name":"Blaivyb\u0117 Lietuvoje. Istorija ir dabartis (yra skaitymo \u017eymi\u0173)"}]},{"@type":"WebSite","@id":"https:\/\/skaitytaknyga.lt\/#website","url":"https:\/\/skaitytaknyga.lt\/","name":"skaitytaknyga.lt","description":"Skaitytaknyga.lt \u2013 tai ma\u017eas \u0161eimos verslas, kuris prasid\u0117jo nuo meil\u0117s knygoms ir siekio i\u0161gelb\u0117ti knygas nuo likimo prie konteinerio. Kas vienam nereikalingas daiktas \u2013 kitam lobis, o mes esame tarpininkai, kurie padeda abiems tapti laimingesniems ???? \u017dinome kaip nelengva i\u0161gyventi ma\u017eiems verslams, tad nuo \u0161iol, \u010dia rasite ir kit\u0173, ma\u017e\u0173 \u0161eim\u0173 versl\u0173, rank\u0173 darbo, dovan\u0173 sau ir artimiesiems.","publisher":{"@id":"https:\/\/skaitytaknyga.lt\/#organization"},"potentialAction":[{"@type":"SearchAction","target":{"@type":"EntryPoint","urlTemplate":"https:\/\/skaitytaknyga.lt\/?s={search_term_string}"},"query-input":{"@type":"PropertyValueSpecification","valueRequired":true,"valueName":"search_term_string"}}],"inLanguage":"en-GB"},{"@type":"Organization","@id":"https:\/\/skaitytaknyga.lt\/#organization","name":"skaitytaknyga.lt","url":"https:\/\/skaitytaknyga.lt\/","logo":{"@type":"ImageObject","inLanguage":"en-GB","@id":"https:\/\/skaitytaknyga.lt\/#\/schema\/logo\/image\/","url":"https:\/\/skaitytaknyga.lt\/wp-content\/uploads\/2024\/05\/cropped-cropped-cropped-02_00843_jt3bggkj1j3HLc7SyY6rEUpg.jpeg","contentUrl":"https:\/\/skaitytaknyga.lt\/wp-content\/uploads\/2024\/05\/cropped-cropped-cropped-02_00843_jt3bggkj1j3HLc7SyY6rEUpg.jpeg","width":1600,"height":1600,"caption":"skaitytaknyga.lt"},"image":{"@id":"https:\/\/skaitytaknyga.lt\/#\/schema\/logo\/image\/"},"sameAs":["https:\/\/www.facebook.com\/skaitytaknyga\/"]}]}},"_links":{"self":[{"href":"https:\/\/skaitytaknyga.lt\/en\/wp-json\/wp\/v2\/product\/22863","targetHints":{"allow":["GET"]}}],"collection":[{"href":"https:\/\/skaitytaknyga.lt\/en\/wp-json\/wp\/v2\/product"}],"about":[{"href":"https:\/\/skaitytaknyga.lt\/en\/wp-json\/wp\/v2\/types\/product"}],"replies":[{"embeddable":true,"href":"https:\/\/skaitytaknyga.lt\/en\/wp-json\/wp\/v2\/comments?post=22863"}],"wp:featuredmedia":[{"embeddable":true,"href":"https:\/\/skaitytaknyga.lt\/en\/wp-json\/wp\/v2\/media\/22868"}],"wp:attachment":[{"href":"https:\/\/skaitytaknyga.lt\/en\/wp-json\/wp\/v2\/media?parent=22863"}],"wp:term":[{"taxonomy":"product_brand","embeddable":true,"href":"https:\/\/skaitytaknyga.lt\/en\/wp-json\/wp\/v2\/product_brand?post=22863"},{"taxonomy":"product_cat","embeddable":true,"href":"https:\/\/skaitytaknyga.lt\/en\/wp-json\/wp\/v2\/product_cat?post=22863"},{"taxonomy":"product_tag","embeddable":true,"href":"https:\/\/skaitytaknyga.lt\/en\/wp-json\/wp\/v2\/product_tag?post=22863"}],"curies":[{"name":"wp","href":"https:\/\/api.w.org\/{rel}","templated":true}]}}