{"id":22855,"date":"2026-01-29T18:38:20","date_gmt":"2026-01-29T16:38:20","guid":{"rendered":"https:\/\/skaitytaknyga.lt\/?post_type=product&#038;p=22855"},"modified":"2026-01-30T12:14:36","modified_gmt":"2026-01-30T10:14:36","slug":"skambantys-operos-klavyrai-atsiminimai","status":"publish","type":"product","link":"https:\/\/skaitytaknyga.lt\/en\/produktas\/skambantys-operos-klavyrai-atsiminimai\/","title":{"rendered":"Skambantys operos klavyrai. Atsiminimai"},"content":{"rendered":"<p>Tai jau antra garsios operos solist\u0117s, Nepriklausomyb\u0117s akto signatar\u0117s atsiminim\u0173 knyga. Pirmojoje, Vir\u0161 m\u016bs\u0173 \u2013 poliarin\u0117 pa\u0161vaist\u0117 (2005), autor\u0117 prisimin\u0117 vaikyst\u0119 ir jaunyst\u0119 Sibire (Igarkoje).<\/p>\n<p>\u0160ie memuarai atskleid\u017eia studij\u0173 metus Valstybin\u0117je konservatorijoje ir darb\u0105 Akademinio operos ir baleto teatro scenoje, kur daininink\u0117 atliko daugyb\u0119 pagrindini\u0173 mecosoprano partij\u0173, daininink\u0117s karjer\u0105. Prisimenami publikos pam\u0117gti scenos k\u016briniai, vaidmen\u0173 k\u016brimas, spektakli\u0173 ir koncert\u0173 \u012fsp\u016bd\u017eiai, kelion\u0117s po u\u017esien\u012f bei gastrol\u0117s po Soviet\u0173 S\u0105jung\u0105, \u017eeminusios talent\u0173 ignoravimu, Goskoncerto valdinink\u0173 savanaudi\u0161kumu.<\/p>\n","protected":false},"excerpt":{"rendered":"<p>Tai jau antra garsios operos solist\u0117s, Nepriklausomyb\u0117s akto signatar\u0117s atsiminim\u0173 knyga. Pirmojoje, Vir\u0161 m\u016bs\u0173 \u2013 poliarin\u0117 pa\u0161vaist\u0117 (2005), autor\u0117 prisimin\u0117 vaikyst\u0119 ir jaunyst\u0119 Sibire (Igarkoje). \u0160ie memuarai atskleid\u017eia studij\u0173 metus Valstybin\u0117je konservatorijoje ir darb\u0105 Akademinio operos ir baleto teatro scenoje, kur daininink\u0117 atliko daugyb\u0119 pagrindini\u0173 mecosoprano partij\u0173, daininink\u0117s karjer\u0105. Prisimenami publikos pam\u0117gti scenos k\u016briniai, vaidmen\u0173 k\u016brimas, spektakli\u0173 ir koncert\u0173 \u012fsp\u016bd\u017eiai, kelion\u0117s po u\u017esien\u012f bei gastrol\u0117s po Soviet\u0173 S\u0105jung\u0105, \u017eeminusios talent\u0173 ignoravimu, Goskoncerto valdinink\u0173 savanaudi\u0161kumu.<\/p>\n","protected":false},"featured_media":22860,"comment_status":"open","ping_status":"closed","template":"","meta":{"_acf_changed":false,"site-sidebar-layout":"default","site-content-layout":"","ast-site-content-layout":"default","site-content-style":"default","site-sidebar-style":"default","ast-global-header-display":"","ast-banner-title-visibility":"","ast-main-header-display":"","ast-hfb-above-header-display":"","ast-hfb-below-header-display":"","ast-hfb-mobile-header-display":"","site-post-title":"","ast-breadcrumbs-content":"","ast-featured-img":"","footer-sml-layout":"","ast-disable-related-posts":"","theme-transparent-header-meta":"","adv-header-id-meta":"","stick-header-meta":"","header-above-stick-meta":"","header-main-stick-meta":"","header-below-stick-meta":"","astra-migrate-meta-layouts":"default","ast-page-background-enabled":"default","ast-page-background-meta":{"desktop":{"background-color":"","background-image":"","background-repeat":"repeat","background-position":"center center","background-size":"auto","background-attachment":"scroll","background-type":"","background-media":"","overlay-type":"","overlay-color":"","overlay-opacity":"","overlay-gradient":""},"tablet":{"background-color":"","background-image":"","background-repeat":"repeat","background-position":"center center","background-size":"auto","background-attachment":"scroll","background-type":"","background-media":"","overlay-type":"","overlay-color":"","overlay-opacity":"","overlay-gradient":""},"mobile":{"background-color":"","background-image":"","background-repeat":"repeat","background-position":"center center","background-size":"auto","background-attachment":"scroll","background-type":"","background-media":"","overlay-type":"","overlay-color":"","overlay-opacity":"","overlay-gradient":""}},"ast-content-background-meta":{"desktop":{"background-color":"var(--ast-global-color-4)","background-image":"","background-repeat":"repeat","background-position":"center center","background-size":"auto","background-attachment":"scroll","background-type":"","background-media":"","overlay-type":"","overlay-color":"","overlay-opacity":"","overlay-gradient":""},"tablet":{"background-color":"var(--ast-global-color-4)","background-image":"","background-repeat":"repeat","background-position":"center center","background-size":"auto","background-attachment":"scroll","background-type":"","background-media":"","overlay-type":"","overlay-color":"","overlay-opacity":"","overlay-gradient":""},"mobile":{"background-color":"var(--ast-global-color-4)","background-image":"","background-repeat":"repeat","background-position":"center center","background-size":"auto","background-attachment":"scroll","background-type":"","background-media":"","overlay-type":"","overlay-color":"","overlay-opacity":"","overlay-gradient":""}}},"product_brand":[],"product_cat":[33],"product_tag":[9335],"class_list":{"0":"post-22855","1":"product","2":"type-product","3":"status-publish","4":"has-post-thumbnail","6":"product_cat-biografijos","7":"product_tag-ltnijole-ambrazaityte","8":"desktop-align-left","9":"tablet-align-left","10":"mobile-align-left","12":"first","13":"instock","14":"shipping-taxable","15":"purchasable","16":"product-type-simple"},"acf":[],"yoast_head":"<!-- This site is optimized with the Yoast SEO plugin v27.0 - https:\/\/yoast.com\/product\/yoast-seo-wordpress\/ -->\n<title>Skambantys operos klavyrai. Atsiminimai<\/title>\n<meta name=\"description\" content=\"Tai jau antra garsios operos solist\u0117s, Nepriklausomyb\u0117s akto signatar\u0117s atsiminim\u0173 knyga. Pirmojoje, Vir\u0161 m\u016bs\u0173 \u2013 poliarin\u0117 pa\u0161vaist\u0117 (2005), autor\u0117\" \/>\n<meta name=\"robots\" content=\"index, follow, max-snippet:-1, max-image-preview:large, max-video-preview:-1\" \/>\n<link rel=\"canonical\" href=\"https:\/\/skaitytaknyga.lt\/en\/produktas\/skambantys-operos-klavyrai-atsiminimai\/\" \/>\n<meta property=\"og:locale\" content=\"en_GB\" \/>\n<meta property=\"og:locale:alternate\" content=\"lt_LT\" \/>\n<meta property=\"og:type\" content=\"article\" \/>\n<meta property=\"og:title\" content=\"Skambantys operos klavyrai. Atsiminimai\" \/>\n<meta property=\"og:description\" content=\"Tai jau antra garsios operos solist\u0117s, Nepriklausomyb\u0117s akto signatar\u0117s atsiminim\u0173 knyga. Pirmojoje, Vir\u0161 m\u016bs\u0173 \u2013 poliarin\u0117 pa\u0161vaist\u0117 (2005), autor\u0117\" \/>\n<meta property=\"og:url\" content=\"https:\/\/skaitytaknyga.lt\/en\/produktas\/skambantys-operos-klavyrai-atsiminimai\/\" \/>\n<meta property=\"og:site_name\" content=\"Skaitytaknyga\" \/>\n<meta property=\"article:publisher\" content=\"https:\/\/www.facebook.com\/skaitytaknyga\/\" \/>\n<meta property=\"article:modified_time\" content=\"2026-01-30T10:14:36+00:00\" \/>\n<meta property=\"og:image\" content=\"https:\/\/skaitytaknyga.lt\/wp-content\/uploads\/2026\/01\/Skambantys-operos-klavyrai.-Atsiminimai-1.webp\" \/>\n\t<meta property=\"og:image:width\" content=\"300\" \/>\n\t<meta property=\"og:image:height\" content=\"484\" \/>\n\t<meta property=\"og:image:type\" content=\"image\/webp\" \/>\n<meta name=\"twitter:card\" content=\"summary_large_image\" \/>\n<script type=\"application\/ld+json\" class=\"yoast-schema-graph\">{\"@context\":\"https:\/\/schema.org\",\"@graph\":[{\"@type\":\"WebPage\",\"@id\":\"https:\/\/skaitytaknyga.lt\/produktas\/skambantys-operos-klavyrai-atsiminimai\/\",\"url\":\"https:\/\/skaitytaknyga.lt\/produktas\/skambantys-operos-klavyrai-atsiminimai\/\",\"name\":\"Skambantys operos klavyrai. Atsiminimai\",\"isPartOf\":{\"@id\":\"https:\/\/skaitytaknyga.lt\/#website\"},\"primaryImageOfPage\":{\"@id\":\"https:\/\/skaitytaknyga.lt\/produktas\/skambantys-operos-klavyrai-atsiminimai\/#primaryimage\"},\"image\":{\"@id\":\"https:\/\/skaitytaknyga.lt\/produktas\/skambantys-operos-klavyrai-atsiminimai\/#primaryimage\"},\"thumbnailUrl\":\"https:\/\/skaitytaknyga.lt\/wp-content\/uploads\/2026\/01\/Skambantys-operos-klavyrai.-Atsiminimai-1.webp\",\"datePublished\":\"2026-01-29T16:38:20+00:00\",\"dateModified\":\"2026-01-30T10:14:36+00:00\",\"description\":\"Tai jau antra garsios operos solist\u0117s, Nepriklausomyb\u0117s akto signatar\u0117s atsiminim\u0173 knyga. Pirmojoje, Vir\u0161 m\u016bs\u0173 \u2013 poliarin\u0117 pa\u0161vaist\u0117 (2005), autor\u0117\",\"breadcrumb\":{\"@id\":\"https:\/\/skaitytaknyga.lt\/produktas\/skambantys-operos-klavyrai-atsiminimai\/#breadcrumb\"},\"inLanguage\":\"en-GB\",\"potentialAction\":[{\"@type\":\"ReadAction\",\"target\":[\"https:\/\/skaitytaknyga.lt\/produktas\/skambantys-operos-klavyrai-atsiminimai\/\"]}]},{\"@type\":\"ImageObject\",\"inLanguage\":\"en-GB\",\"@id\":\"https:\/\/skaitytaknyga.lt\/produktas\/skambantys-operos-klavyrai-atsiminimai\/#primaryimage\",\"url\":\"https:\/\/skaitytaknyga.lt\/wp-content\/uploads\/2026\/01\/Skambantys-operos-klavyrai.-Atsiminimai-1.webp\",\"contentUrl\":\"https:\/\/skaitytaknyga.lt\/wp-content\/uploads\/2026\/01\/Skambantys-operos-klavyrai.-Atsiminimai-1.webp\",\"width\":300,\"height\":484},{\"@type\":\"BreadcrumbList\",\"@id\":\"https:\/\/skaitytaknyga.lt\/produktas\/skambantys-operos-klavyrai-atsiminimai\/#breadcrumb\",\"itemListElement\":[{\"@type\":\"ListItem\",\"position\":1,\"name\":\"Home\",\"item\":\"https:\/\/skaitytaknyga.lt\/\"},{\"@type\":\"ListItem\",\"position\":2,\"name\":\"Parduotuv\u0117\",\"item\":\"https:\/\/skaitytaknyga.lt\/knygu-parduotuve\/\"},{\"@type\":\"ListItem\",\"position\":3,\"name\":\"Skambantys operos klavyrai. Atsiminimai\"}]},{\"@type\":\"WebSite\",\"@id\":\"https:\/\/skaitytaknyga.lt\/#website\",\"url\":\"https:\/\/skaitytaknyga.lt\/\",\"name\":\"skaitytaknyga.lt\",\"description\":\"Skaitytaknyga.lt \u2013 tai ma\u017eas \u0161eimos verslas, kuris prasid\u0117jo nuo meil\u0117s knygoms ir siekio i\u0161gelb\u0117ti knygas nuo likimo prie konteinerio. Kas vienam nereikalingas daiktas \u2013 kitam lobis, o mes esame tarpininkai, kurie padeda abiems tapti laimingesniems ???? \u017dinome kaip nelengva i\u0161gyventi ma\u017eiems verslams, tad nuo \u0161iol, \u010dia rasite ir kit\u0173, ma\u017e\u0173 \u0161eim\u0173 versl\u0173, rank\u0173 darbo, dovan\u0173 sau ir artimiesiems.\",\"publisher\":{\"@id\":\"https:\/\/skaitytaknyga.lt\/#organization\"},\"potentialAction\":[{\"@type\":\"SearchAction\",\"target\":{\"@type\":\"EntryPoint\",\"urlTemplate\":\"https:\/\/skaitytaknyga.lt\/?s={search_term_string}\"},\"query-input\":{\"@type\":\"PropertyValueSpecification\",\"valueRequired\":true,\"valueName\":\"search_term_string\"}}],\"inLanguage\":\"en-GB\"},{\"@type\":\"Organization\",\"@id\":\"https:\/\/skaitytaknyga.lt\/#organization\",\"name\":\"skaitytaknyga.lt\",\"url\":\"https:\/\/skaitytaknyga.lt\/\",\"logo\":{\"@type\":\"ImageObject\",\"inLanguage\":\"en-GB\",\"@id\":\"https:\/\/skaitytaknyga.lt\/#\/schema\/logo\/image\/\",\"url\":\"https:\/\/skaitytaknyga.lt\/wp-content\/uploads\/2024\/05\/cropped-cropped-cropped-02_00843_jt3bggkj1j3HLc7SyY6rEUpg.jpeg\",\"contentUrl\":\"https:\/\/skaitytaknyga.lt\/wp-content\/uploads\/2024\/05\/cropped-cropped-cropped-02_00843_jt3bggkj1j3HLc7SyY6rEUpg.jpeg\",\"width\":1600,\"height\":1600,\"caption\":\"skaitytaknyga.lt\"},\"image\":{\"@id\":\"https:\/\/skaitytaknyga.lt\/#\/schema\/logo\/image\/\"},\"sameAs\":[\"https:\/\/www.facebook.com\/skaitytaknyga\/\"]}]}<\/script>\n<!-- \/ Yoast SEO plugin. -->","yoast_head_json":{"title":"Skambantys operos klavyrai. Atsiminimai","description":"Tai jau antra garsios operos solist\u0117s, Nepriklausomyb\u0117s akto signatar\u0117s atsiminim\u0173 knyga. Pirmojoje, Vir\u0161 m\u016bs\u0173 \u2013 poliarin\u0117 pa\u0161vaist\u0117 (2005), autor\u0117","robots":{"index":"index","follow":"follow","max-snippet":"max-snippet:-1","max-image-preview":"max-image-preview:large","max-video-preview":"max-video-preview:-1"},"canonical":"https:\/\/skaitytaknyga.lt\/en\/produktas\/skambantys-operos-klavyrai-atsiminimai\/","og_locale":"en_GB","og_type":"article","og_title":"[:lt]Skambantys operos klavyrai. Atsiminimai[:] - Skaitytaknyga","og_description":"Tai jau antra garsios operos solist\u0117s, Nepriklausomyb\u0117s akto signatar\u0117s atsiminim\u0173 knyga. Pirmojoje, Vir\u0161 m\u016bs\u0173 \u2013 poliarin\u0117 pa\u0161vaist\u0117 (2005), autor\u0117","og_url":"https:\/\/skaitytaknyga.lt\/en\/produktas\/skambantys-operos-klavyrai-atsiminimai\/","og_site_name":"Skaitytaknyga","article_publisher":"https:\/\/www.facebook.com\/skaitytaknyga\/","article_modified_time":"2026-01-30T10:14:36+00:00","og_image":[{"width":300,"height":484,"url":"https:\/\/skaitytaknyga.lt\/wp-content\/uploads\/2026\/01\/Skambantys-operos-klavyrai.-Atsiminimai-1.webp","type":"image\/webp"}],"twitter_card":"summary_large_image","schema":{"@context":"https:\/\/schema.org","@graph":[{"@type":"WebPage","@id":"https:\/\/skaitytaknyga.lt\/produktas\/skambantys-operos-klavyrai-atsiminimai\/","url":"https:\/\/skaitytaknyga.lt\/produktas\/skambantys-operos-klavyrai-atsiminimai\/","name":"Skambantys operos klavyrai. Atsiminimai","isPartOf":{"@id":"https:\/\/skaitytaknyga.lt\/#website"},"primaryImageOfPage":{"@id":"https:\/\/skaitytaknyga.lt\/produktas\/skambantys-operos-klavyrai-atsiminimai\/#primaryimage"},"image":{"@id":"https:\/\/skaitytaknyga.lt\/produktas\/skambantys-operos-klavyrai-atsiminimai\/#primaryimage"},"thumbnailUrl":"https:\/\/skaitytaknyga.lt\/wp-content\/uploads\/2026\/01\/Skambantys-operos-klavyrai.-Atsiminimai-1.webp","datePublished":"2026-01-29T16:38:20+00:00","dateModified":"2026-01-30T10:14:36+00:00","description":"Tai jau antra garsios operos solist\u0117s, Nepriklausomyb\u0117s akto signatar\u0117s atsiminim\u0173 knyga. Pirmojoje, Vir\u0161 m\u016bs\u0173 \u2013 poliarin\u0117 pa\u0161vaist\u0117 (2005), autor\u0117","breadcrumb":{"@id":"https:\/\/skaitytaknyga.lt\/produktas\/skambantys-operos-klavyrai-atsiminimai\/#breadcrumb"},"inLanguage":"en-GB","potentialAction":[{"@type":"ReadAction","target":["https:\/\/skaitytaknyga.lt\/produktas\/skambantys-operos-klavyrai-atsiminimai\/"]}]},{"@type":"ImageObject","inLanguage":"en-GB","@id":"https:\/\/skaitytaknyga.lt\/produktas\/skambantys-operos-klavyrai-atsiminimai\/#primaryimage","url":"https:\/\/skaitytaknyga.lt\/wp-content\/uploads\/2026\/01\/Skambantys-operos-klavyrai.-Atsiminimai-1.webp","contentUrl":"https:\/\/skaitytaknyga.lt\/wp-content\/uploads\/2026\/01\/Skambantys-operos-klavyrai.-Atsiminimai-1.webp","width":300,"height":484},{"@type":"BreadcrumbList","@id":"https:\/\/skaitytaknyga.lt\/produktas\/skambantys-operos-klavyrai-atsiminimai\/#breadcrumb","itemListElement":[{"@type":"ListItem","position":1,"name":"Home","item":"https:\/\/skaitytaknyga.lt\/"},{"@type":"ListItem","position":2,"name":"Parduotuv\u0117","item":"https:\/\/skaitytaknyga.lt\/knygu-parduotuve\/"},{"@type":"ListItem","position":3,"name":"Skambantys operos klavyrai. Atsiminimai"}]},{"@type":"WebSite","@id":"https:\/\/skaitytaknyga.lt\/#website","url":"https:\/\/skaitytaknyga.lt\/","name":"skaitytaknyga.lt","description":"Skaitytaknyga.lt \u2013 tai ma\u017eas \u0161eimos verslas, kuris prasid\u0117jo nuo meil\u0117s knygoms ir siekio i\u0161gelb\u0117ti knygas nuo likimo prie konteinerio. Kas vienam nereikalingas daiktas \u2013 kitam lobis, o mes esame tarpininkai, kurie padeda abiems tapti laimingesniems ???? \u017dinome kaip nelengva i\u0161gyventi ma\u017eiems verslams, tad nuo \u0161iol, \u010dia rasite ir kit\u0173, ma\u017e\u0173 \u0161eim\u0173 versl\u0173, rank\u0173 darbo, dovan\u0173 sau ir artimiesiems.","publisher":{"@id":"https:\/\/skaitytaknyga.lt\/#organization"},"potentialAction":[{"@type":"SearchAction","target":{"@type":"EntryPoint","urlTemplate":"https:\/\/skaitytaknyga.lt\/?s={search_term_string}"},"query-input":{"@type":"PropertyValueSpecification","valueRequired":true,"valueName":"search_term_string"}}],"inLanguage":"en-GB"},{"@type":"Organization","@id":"https:\/\/skaitytaknyga.lt\/#organization","name":"skaitytaknyga.lt","url":"https:\/\/skaitytaknyga.lt\/","logo":{"@type":"ImageObject","inLanguage":"en-GB","@id":"https:\/\/skaitytaknyga.lt\/#\/schema\/logo\/image\/","url":"https:\/\/skaitytaknyga.lt\/wp-content\/uploads\/2024\/05\/cropped-cropped-cropped-02_00843_jt3bggkj1j3HLc7SyY6rEUpg.jpeg","contentUrl":"https:\/\/skaitytaknyga.lt\/wp-content\/uploads\/2024\/05\/cropped-cropped-cropped-02_00843_jt3bggkj1j3HLc7SyY6rEUpg.jpeg","width":1600,"height":1600,"caption":"skaitytaknyga.lt"},"image":{"@id":"https:\/\/skaitytaknyga.lt\/#\/schema\/logo\/image\/"},"sameAs":["https:\/\/www.facebook.com\/skaitytaknyga\/"]}]}},"_links":{"self":[{"href":"https:\/\/skaitytaknyga.lt\/en\/wp-json\/wp\/v2\/product\/22855","targetHints":{"allow":["GET"]}}],"collection":[{"href":"https:\/\/skaitytaknyga.lt\/en\/wp-json\/wp\/v2\/product"}],"about":[{"href":"https:\/\/skaitytaknyga.lt\/en\/wp-json\/wp\/v2\/types\/product"}],"replies":[{"embeddable":true,"href":"https:\/\/skaitytaknyga.lt\/en\/wp-json\/wp\/v2\/comments?post=22855"}],"wp:featuredmedia":[{"embeddable":true,"href":"https:\/\/skaitytaknyga.lt\/en\/wp-json\/wp\/v2\/media\/22860"}],"wp:attachment":[{"href":"https:\/\/skaitytaknyga.lt\/en\/wp-json\/wp\/v2\/media?parent=22855"}],"wp:term":[{"taxonomy":"product_brand","embeddable":true,"href":"https:\/\/skaitytaknyga.lt\/en\/wp-json\/wp\/v2\/product_brand?post=22855"},{"taxonomy":"product_cat","embeddable":true,"href":"https:\/\/skaitytaknyga.lt\/en\/wp-json\/wp\/v2\/product_cat?post=22855"},{"taxonomy":"product_tag","embeddable":true,"href":"https:\/\/skaitytaknyga.lt\/en\/wp-json\/wp\/v2\/product_tag?post=22855"}],"curies":[{"name":"wp","href":"https:\/\/api.w.org\/{rel}","templated":true}]}}