{"id":2285,"date":"2024-04-17T13:07:14","date_gmt":"2024-04-17T13:07:14","guid":{"rendered":"https:\/\/skaitytaknyga.lt\/?post_type=product&#038;p=2285"},"modified":"2025-08-01T07:57:54","modified_gmt":"2025-08-01T04:57:54","slug":"f-sagan-po-menesio-po-metu","status":"publish","type":"product","link":"https:\/\/skaitytaknyga.lt\/en\/produktas\/f-sagan-po-menesio-po-metu\/","title":{"rendered":"Francoise Sagan \u201ePo m\u0117nesio, po met\u0173\u201c"},"content":{"rendered":"<p>Francoise Sagan (1935\u20132004) \u2013 viena \u017eymiausi\u0173 XX a. pranc\u016bz\u0173 ra\u0161ytoj\u0173. B\u016bdama vos devyniolikos met\u0173, ji i\u0161gars\u0117jo visame pasaulyje pirmuoju romanu \u201eSveikas, li\u016bdesy\u201c. \u0160ioje knygoje \u2013 trys romanai: \u201ePo m\u0117nesio, po met\u0173\u201c, \u201eAr m\u0117gstate Brams\u0105?\u201c, \u201eKapituliacijos signalas\u201c.<\/p>\n<p>Gyvenusi audring\u0105 gyvenim\u0105, bendravusi su Holivudo \u017evaig\u017ed\u0117mis, buvusi aistringa lo\u0161\u0117ja, tur\u0117jusi problem\u0173 su alkoholiu ir netgi teista d\u0117l mokes\u010di\u0173 vengimo, apie savo gyvenim\u0105 Sagan sak\u0117: \u201eJei nera\u0161y\u010diau, gyven\u010diau blogai. O jei negyven\u010diau, ra\u0161y\u010diau blogai\u201c.<\/p>\n<p>Jos roman\u0173 temos \u2013 meil\u0117, \u017emoni\u0173 tarpusavio santykiai ir j\u0173 \u017elugimas d\u0117l nuobodulio ir abejingumo. Meil\u0117 sukre\u010dia jos veik\u0117j\u0173 kasdienyb\u0119, sujaukia jausmus, bet palieka vien skausm\u0105 ir ilges\u012f, nes Sagan pasakoja sunkiausias ir painiausias istorijas. Kur\u012f vyr\u0105 rinktis moteriai \u2013 bendraam\u017e\u012f nuobod\u0105 ar miel\u0105, aistring\u0105, bet penkiolika met\u0173 jaunesn\u012f? Kaip myl\u0117ti \u0161alt\u0105 ir i\u0161puikusi\u0105 moter\u012f? Tokie klausimai kyla trij\u0173 \u012f \u0161i\u0105 knyg\u0105 sud\u0117t\u0173 roman\u0173 veik\u0117jams.<\/p>\n","protected":false},"excerpt":{"rendered":"<p>PAGELT\u0118 LAPAI<\/p>\n<p>Francoise Sagan (1935\u20132004) \u2013 viena \u017eymiausi\u0173 XX a. pranc\u016bz\u0173 ra\u0161ytoj\u0173. B\u016bdama vos devyniolikos met\u0173, ji i\u0161gars\u0117jo visame pasaulyje pirmuoju romanu \u201eSveikas, li\u016bdesy\u201c. \u0160ioje knygoje \u2013 trys romanai: \u201ePo m\u0117nesio, po met\u0173\u201c, \u201eAr m\u0117gstate Brams\u0105?\u201c, \u201eKapituliacijos signalas\u201c.<\/p>\n<p>Gyvenusi audring\u0105 gyvenim\u0105, bendravusi su Holivudo \u017evaig\u017ed\u0117mis, buvusi aistringa lo\u0161\u0117ja, tur\u0117jusi problem\u0173 su alkoholiu ir netgi teista d\u0117l mokes\u010di\u0173 vengimo, apie savo gyvenim\u0105 Sagan sak\u0117: \u201eJei nera\u0161y\u010diau, gyven\u010diau blogai. O jei negyven\u010diau, ra\u0161y\u010diau blogai\u201c.<\/p>\n<p>Jos roman\u0173 temos \u2013 meil\u0117, \u017emoni\u0173 tarpusavio santykiai ir j\u0173 \u017elugimas d\u0117l nuobodulio ir abejingumo. Meil\u0117 sukre\u010dia jos veik\u0117j\u0173 kasdienyb\u0119, sujaukia jausmus, bet palieka vien skausm\u0105 ir ilges\u012f, nes Sagan pasakoja sunkiausias ir painiausias istorijas. Kur\u012f vyr\u0105 rinktis moteriai \u2013 bendraam\u017e\u012f nuobod\u0105 ar miel\u0105, aistring\u0105, bet penkiolika met\u0173 jaunesn\u012f? Kaip myl\u0117ti \u0161alt\u0105 ir i\u0161puikusi\u0105 moter\u012f? Tokie klausimai kyla trij\u0173 \u012f \u0161i\u0105 knyg\u0105 sud\u0117t\u0173 roman\u0173 veik\u0117jams.<\/p>\n","protected":false},"featured_media":2326,"comment_status":"closed","ping_status":"closed","template":"","meta":{"_acf_changed":false,"site-sidebar-layout":"default","site-content-layout":"","ast-site-content-layout":"default","site-content-style":"default","site-sidebar-style":"default","ast-global-header-display":"","ast-banner-title-visibility":"","ast-main-header-display":"","ast-hfb-above-header-display":"","ast-hfb-below-header-display":"","ast-hfb-mobile-header-display":"","site-post-title":"","ast-breadcrumbs-content":"","ast-featured-img":"","footer-sml-layout":"","ast-disable-related-posts":"","theme-transparent-header-meta":"","adv-header-id-meta":"","stick-header-meta":"","header-above-stick-meta":"","header-main-stick-meta":"","header-below-stick-meta":"","astra-migrate-meta-layouts":"default","ast-page-background-enabled":"default","ast-page-background-meta":{"desktop":{"background-color":"","background-image":"","background-repeat":"repeat","background-position":"center center","background-size":"auto","background-attachment":"scroll","background-type":"","background-media":"","overlay-type":"","overlay-color":"","overlay-opacity":"","overlay-gradient":""},"tablet":{"background-color":"","background-image":"","background-repeat":"repeat","background-position":"center center","background-size":"auto","background-attachment":"scroll","background-type":"","background-media":"","overlay-type":"","overlay-color":"","overlay-opacity":"","overlay-gradient":""},"mobile":{"background-color":"","background-image":"","background-repeat":"repeat","background-position":"center center","background-size":"auto","background-attachment":"scroll","background-type":"","background-media":"","overlay-type":"","overlay-color":"","overlay-opacity":"","overlay-gradient":""}},"ast-content-background-meta":{"desktop":{"background-color":"var(--ast-global-color-4)","background-image":"","background-repeat":"repeat","background-position":"center center","background-size":"auto","background-attachment":"scroll","background-type":"","background-media":"","overlay-type":"","overlay-color":"","overlay-opacity":"","overlay-gradient":""},"tablet":{"background-color":"var(--ast-global-color-4)","background-image":"","background-repeat":"repeat","background-position":"center center","background-size":"auto","background-attachment":"scroll","background-type":"","background-media":"","overlay-type":"","overlay-color":"","overlay-opacity":"","overlay-gradient":""},"mobile":{"background-color":"var(--ast-global-color-4)","background-image":"","background-repeat":"repeat","background-position":"center center","background-size":"auto","background-attachment":"scroll","background-type":"","background-media":"","overlay-type":"","overlay-color":"","overlay-opacity":"","overlay-gradient":""}}},"product_brand":[],"product_cat":[31],"product_tag":[],"class_list":{"0":"post-2285","1":"product","2":"type-product","3":"status-publish","4":"has-post-thumbnail","6":"product_cat-grozine-literatura","7":"desktop-align-left","8":"tablet-align-left","9":"mobile-align-left","11":"first","12":"instock","13":"shipping-taxable","14":"purchasable","15":"product-type-simple"},"acf":[],"yoast_head":"<!-- This site is optimized with the Yoast SEO plugin v27.0 - https:\/\/yoast.com\/product\/yoast-seo-wordpress\/ -->\n<title>Francoise Sagan \u201ePo m\u0117nesio, po met\u0173\u201c<\/title>\n<meta name=\"description\" content=\"PAGELT\u0118 LAPAI  Francoise Sagan (1935\u20132004) \u2013 viena \u017eymiausi\u0173 XX a. pranc\u016bz\u0173 ra\u0161ytoj\u0173. B\u016bdama vos devyniolikos met\u0173, ji i\u0161gars\u0117jo visame pasaulyje pirmuoju romanu \u201eSveikas, li\u016bdesy\u201c. \u0160ioje knygoje \u2013 trys romanai: \u201ePo m\u0117nesio, po met\u0173\u201c, \u201eAr m\u0117gstate Brams\u0105?\u201c, \u201eKapituliacijos signalas\u201c.  Gyvenusi audring\u0105 gyvenim\u0105, bendravusi su Holivudo \u017evaig\u017ed\u0117mis, buvusi aistringa lo\u0161\u0117ja, tur\u0117jusi problem\u0173 su alkoholiu ir netgi teista d\u0117l mokes\u010di\u0173 vengimo, apie savo gyvenim\u0105 Sagan sak\u0117: \u201eJei nera\u0161y\u010diau, gyven\u010diau blogai. O jei negyven\u010diau, ra\u0161y\u010diau blogai\u201c.  Jos roman\u0173 temos \u2013 meil\u0117, \u017emoni\u0173 tarpusavio santykiai ir j\u0173 \u017elugimas d\u0117l nuobodulio ir abejingumo. Meil\u0117 sukre\u010dia jos veik\u0117j\u0173 kasdienyb\u0119, sujaukia jausmus, bet palieka vien skausm\u0105 ir ilges\u012f, nes Sagan pasakoja sunkiausias ir painiausias istorijas. Kur\u012f vyr\u0105 rinktis moteriai \u2013 bendraam\u017e\u012f nuobod\u0105 ar miel\u0105, aistring\u0105, bet penkiolika met\u0173 jaunesn\u012f? Kaip myl\u0117ti \u0161alt\u0105 ir i\u0161puikusi\u0105 moter\u012f? Tokie klausimai kyla trij\u0173 \u012f \u0161i\u0105 knyg\u0105 sud\u0117t\u0173 roman\u0173 veik\u0117jams.\" \/>\n<meta name=\"robots\" content=\"index, follow, max-snippet:-1, max-image-preview:large, max-video-preview:-1\" \/>\n<link rel=\"canonical\" href=\"https:\/\/skaitytaknyga.lt\/en\/produktas\/f-sagan-po-menesio-po-metu\/\" \/>\n<meta property=\"og:locale\" content=\"en_GB\" \/>\n<meta property=\"og:locale:alternate\" content=\"lt_LT\" \/>\n<meta property=\"og:type\" content=\"article\" \/>\n<meta property=\"og:title\" content=\"Francoise Sagan \u201ePo m\u0117nesio, po met\u0173\u201c\" \/>\n<meta property=\"og:description\" content=\"PAGELT\u0118 LAPAI  Francoise Sagan (1935\u20132004) \u2013 viena \u017eymiausi\u0173 XX a. pranc\u016bz\u0173 ra\u0161ytoj\u0173. B\u016bdama vos devyniolikos met\u0173, ji i\u0161gars\u0117jo visame pasaulyje pirmuoju romanu \u201eSveikas, li\u016bdesy\u201c. \u0160ioje knygoje \u2013 trys romanai: \u201ePo m\u0117nesio, po met\u0173\u201c, \u201eAr m\u0117gstate Brams\u0105?\u201c, \u201eKapituliacijos signalas\u201c.  Gyvenusi audring\u0105 gyvenim\u0105, bendravusi su Holivudo \u017evaig\u017ed\u0117mis, buvusi aistringa lo\u0161\u0117ja, tur\u0117jusi problem\u0173 su alkoholiu ir netgi teista d\u0117l mokes\u010di\u0173 vengimo, apie savo gyvenim\u0105 Sagan sak\u0117: \u201eJei nera\u0161y\u010diau, gyven\u010diau blogai. O jei negyven\u010diau, ra\u0161y\u010diau blogai\u201c.  Jos roman\u0173 temos \u2013 meil\u0117, \u017emoni\u0173 tarpusavio santykiai ir j\u0173 \u017elugimas d\u0117l nuobodulio ir abejingumo. Meil\u0117 sukre\u010dia jos veik\u0117j\u0173 kasdienyb\u0119, sujaukia jausmus, bet palieka vien skausm\u0105 ir ilges\u012f, nes Sagan pasakoja sunkiausias ir painiausias istorijas. Kur\u012f vyr\u0105 rinktis moteriai \u2013 bendraam\u017e\u012f nuobod\u0105 ar miel\u0105, aistring\u0105, bet penkiolika met\u0173 jaunesn\u012f? Kaip myl\u0117ti \u0161alt\u0105 ir i\u0161puikusi\u0105 moter\u012f? Tokie klausimai kyla trij\u0173 \u012f \u0161i\u0105 knyg\u0105 sud\u0117t\u0173 roman\u0173 veik\u0117jams.\" \/>\n<meta property=\"og:url\" content=\"https:\/\/skaitytaknyga.lt\/en\/produktas\/f-sagan-po-menesio-po-metu\/\" \/>\n<meta property=\"og:site_name\" content=\"Skaitytaknyga\" \/>\n<meta property=\"article:publisher\" content=\"https:\/\/www.facebook.com\/skaitytaknyga\/\" \/>\n<meta property=\"article:modified_time\" content=\"2025-08-01T04:57:54+00:00\" \/>\n<meta property=\"og:image\" content=\"https:\/\/skaitytaknyga.lt\/wp-content\/uploads\/2024\/04\/images.jpg\" \/>\n\t<meta property=\"og:image:width\" content=\"183\" \/>\n\t<meta property=\"og:image:height\" content=\"275\" \/>\n\t<meta property=\"og:image:type\" content=\"image\/jpeg\" \/>\n<meta name=\"twitter:card\" content=\"summary_large_image\" \/>\n<meta name=\"twitter:label1\" content=\"Estimated reading time\" \/>\n\t<meta name=\"twitter:data1\" content=\"1 minute\" \/>\n<script type=\"application\/ld+json\" class=\"yoast-schema-graph\">{\"@context\":\"https:\/\/schema.org\",\"@graph\":[{\"@type\":\"WebPage\",\"@id\":\"https:\/\/skaitytaknyga.lt\/produktas\/f-sagan-po-menesio-po-metu\/\",\"url\":\"https:\/\/skaitytaknyga.lt\/produktas\/f-sagan-po-menesio-po-metu\/\",\"name\":\"Francoise Sagan \u201ePo m\u0117nesio, po met\u0173\u201c\",\"isPartOf\":{\"@id\":\"https:\/\/skaitytaknyga.lt\/#website\"},\"primaryImageOfPage\":{\"@id\":\"https:\/\/skaitytaknyga.lt\/produktas\/f-sagan-po-menesio-po-metu\/#primaryimage\"},\"image\":{\"@id\":\"https:\/\/skaitytaknyga.lt\/produktas\/f-sagan-po-menesio-po-metu\/#primaryimage\"},\"thumbnailUrl\":\"https:\/\/skaitytaknyga.lt\/wp-content\/uploads\/2024\/04\/images.jpg\",\"datePublished\":\"2024-04-17T13:07:14+00:00\",\"dateModified\":\"2025-08-01T04:57:54+00:00\",\"description\":\"PAGELT\u0118 LAPAI Francoise Sagan (1935\u20132004) \u2013 viena \u017eymiausi\u0173 XX a. pranc\u016bz\u0173 ra\u0161ytoj\u0173. B\u016bdama vos devyniolikos met\u0173, ji i\u0161gars\u0117jo visame pasaulyje pirmuoju romanu \u201eSveikas, li\u016bdesy\u201c. \u0160ioje knygoje \u2013 trys romanai: \u201ePo m\u0117nesio, po met\u0173\u201c, \u201eAr m\u0117gstate Brams\u0105?\u201c, \u201eKapituliacijos signalas\u201c. Gyvenusi audring\u0105 gyvenim\u0105, bendravusi su Holivudo \u017evaig\u017ed\u0117mis, buvusi aistringa lo\u0161\u0117ja, tur\u0117jusi problem\u0173 su alkoholiu ir netgi teista d\u0117l mokes\u010di\u0173 vengimo, apie savo gyvenim\u0105 Sagan sak\u0117: \u201eJei nera\u0161y\u010diau, gyven\u010diau blogai. O jei negyven\u010diau, ra\u0161y\u010diau blogai\u201c. Jos roman\u0173 temos \u2013 meil\u0117, \u017emoni\u0173 tarpusavio santykiai ir j\u0173 \u017elugimas d\u0117l nuobodulio ir abejingumo. Meil\u0117 sukre\u010dia jos veik\u0117j\u0173 kasdienyb\u0119, sujaukia jausmus, bet palieka vien skausm\u0105 ir ilges\u012f, nes Sagan pasakoja sunkiausias ir painiausias istorijas. Kur\u012f vyr\u0105 rinktis moteriai \u2013 bendraam\u017e\u012f nuobod\u0105 ar miel\u0105, aistring\u0105, bet penkiolika met\u0173 jaunesn\u012f? Kaip myl\u0117ti \u0161alt\u0105 ir i\u0161puikusi\u0105 moter\u012f? Tokie klausimai kyla trij\u0173 \u012f \u0161i\u0105 knyg\u0105 sud\u0117t\u0173 roman\u0173 veik\u0117jams.\",\"breadcrumb\":{\"@id\":\"https:\/\/skaitytaknyga.lt\/produktas\/f-sagan-po-menesio-po-metu\/#breadcrumb\"},\"inLanguage\":\"en-GB\",\"potentialAction\":[{\"@type\":\"ReadAction\",\"target\":[\"https:\/\/skaitytaknyga.lt\/produktas\/f-sagan-po-menesio-po-metu\/\"]}]},{\"@type\":\"ImageObject\",\"inLanguage\":\"en-GB\",\"@id\":\"https:\/\/skaitytaknyga.lt\/produktas\/f-sagan-po-menesio-po-metu\/#primaryimage\",\"url\":\"https:\/\/skaitytaknyga.lt\/wp-content\/uploads\/2024\/04\/images.jpg\",\"contentUrl\":\"https:\/\/skaitytaknyga.lt\/wp-content\/uploads\/2024\/04\/images.jpg\",\"width\":183,\"height\":275,\"caption\":\"images\"},{\"@type\":\"BreadcrumbList\",\"@id\":\"https:\/\/skaitytaknyga.lt\/produktas\/f-sagan-po-menesio-po-metu\/#breadcrumb\",\"itemListElement\":[{\"@type\":\"ListItem\",\"position\":1,\"name\":\"Home\",\"item\":\"https:\/\/skaitytaknyga.lt\/\"},{\"@type\":\"ListItem\",\"position\":2,\"name\":\"Parduotuv\u0117\",\"item\":\"https:\/\/skaitytaknyga.lt\/knygu-parduotuve\/\"},{\"@type\":\"ListItem\",\"position\":3,\"name\":\"Francoise Sagan \u201ePo m\u0117nesio, po met\u0173\u201c\"}]},{\"@type\":\"WebSite\",\"@id\":\"https:\/\/skaitytaknyga.lt\/#website\",\"url\":\"https:\/\/skaitytaknyga.lt\/\",\"name\":\"skaitytaknyga.lt\",\"description\":\"Skaitytaknyga.lt \u2013 tai ma\u017eas \u0161eimos verslas, kuris prasid\u0117jo nuo meil\u0117s knygoms ir siekio i\u0161gelb\u0117ti knygas nuo likimo prie konteinerio. Kas vienam nereikalingas daiktas \u2013 kitam lobis, o mes esame tarpininkai, kurie padeda abiems tapti laimingesniems ???? \u017dinome kaip nelengva i\u0161gyventi ma\u017eiems verslams, tad nuo \u0161iol, \u010dia rasite ir kit\u0173, ma\u017e\u0173 \u0161eim\u0173 versl\u0173, rank\u0173 darbo, dovan\u0173 sau ir artimiesiems.\",\"publisher\":{\"@id\":\"https:\/\/skaitytaknyga.lt\/#organization\"},\"potentialAction\":[{\"@type\":\"SearchAction\",\"target\":{\"@type\":\"EntryPoint\",\"urlTemplate\":\"https:\/\/skaitytaknyga.lt\/?s={search_term_string}\"},\"query-input\":{\"@type\":\"PropertyValueSpecification\",\"valueRequired\":true,\"valueName\":\"search_term_string\"}}],\"inLanguage\":\"en-GB\"},{\"@type\":\"Organization\",\"@id\":\"https:\/\/skaitytaknyga.lt\/#organization\",\"name\":\"skaitytaknyga.lt\",\"url\":\"https:\/\/skaitytaknyga.lt\/\",\"logo\":{\"@type\":\"ImageObject\",\"inLanguage\":\"en-GB\",\"@id\":\"https:\/\/skaitytaknyga.lt\/#\/schema\/logo\/image\/\",\"url\":\"https:\/\/skaitytaknyga.lt\/wp-content\/uploads\/2024\/05\/cropped-cropped-cropped-02_00843_jt3bggkj1j3HLc7SyY6rEUpg.jpeg\",\"contentUrl\":\"https:\/\/skaitytaknyga.lt\/wp-content\/uploads\/2024\/05\/cropped-cropped-cropped-02_00843_jt3bggkj1j3HLc7SyY6rEUpg.jpeg\",\"width\":1600,\"height\":1600,\"caption\":\"skaitytaknyga.lt\"},\"image\":{\"@id\":\"https:\/\/skaitytaknyga.lt\/#\/schema\/logo\/image\/\"},\"sameAs\":[\"https:\/\/www.facebook.com\/skaitytaknyga\/\"]}]}<\/script>\n<!-- \/ Yoast SEO plugin. -->","yoast_head_json":{"title":"Francoise Sagan \u201ePo m\u0117nesio, po met\u0173\u201c","description":"PAGELT\u0118 LAPAI  Francoise Sagan (1935\u20132004) \u2013 viena \u017eymiausi\u0173 XX a. pranc\u016bz\u0173 ra\u0161ytoj\u0173. B\u016bdama vos devyniolikos met\u0173, ji i\u0161gars\u0117jo visame pasaulyje pirmuoju romanu \u201eSveikas, li\u016bdesy\u201c. \u0160ioje knygoje \u2013 trys romanai: \u201ePo m\u0117nesio, po met\u0173\u201c, \u201eAr m\u0117gstate Brams\u0105?\u201c, \u201eKapituliacijos signalas\u201c.  Gyvenusi audring\u0105 gyvenim\u0105, bendravusi su Holivudo \u017evaig\u017ed\u0117mis, buvusi aistringa lo\u0161\u0117ja, tur\u0117jusi problem\u0173 su alkoholiu ir netgi teista d\u0117l mokes\u010di\u0173 vengimo, apie savo gyvenim\u0105 Sagan sak\u0117: \u201eJei nera\u0161y\u010diau, gyven\u010diau blogai. O jei negyven\u010diau, ra\u0161y\u010diau blogai\u201c.  Jos roman\u0173 temos \u2013 meil\u0117, \u017emoni\u0173 tarpusavio santykiai ir j\u0173 \u017elugimas d\u0117l nuobodulio ir abejingumo. Meil\u0117 sukre\u010dia jos veik\u0117j\u0173 kasdienyb\u0119, sujaukia jausmus, bet palieka vien skausm\u0105 ir ilges\u012f, nes Sagan pasakoja sunkiausias ir painiausias istorijas. Kur\u012f vyr\u0105 rinktis moteriai \u2013 bendraam\u017e\u012f nuobod\u0105 ar miel\u0105, aistring\u0105, bet penkiolika met\u0173 jaunesn\u012f? Kaip myl\u0117ti \u0161alt\u0105 ir i\u0161puikusi\u0105 moter\u012f? Tokie klausimai kyla trij\u0173 \u012f \u0161i\u0105 knyg\u0105 sud\u0117t\u0173 roman\u0173 veik\u0117jams.","robots":{"index":"index","follow":"follow","max-snippet":"max-snippet:-1","max-image-preview":"max-image-preview:large","max-video-preview":"max-video-preview:-1"},"canonical":"https:\/\/skaitytaknyga.lt\/en\/produktas\/f-sagan-po-menesio-po-metu\/","og_locale":"en_GB","og_type":"article","og_title":"[:lt]Francoise Sagan \u201ePo m\u0117nesio, po met\u0173\u201c[:] - Skaitytaknyga","og_description":"PAGELT\u0118 LAPAI  Francoise Sagan (1935\u20132004) \u2013 viena \u017eymiausi\u0173 XX a. pranc\u016bz\u0173 ra\u0161ytoj\u0173. B\u016bdama vos devyniolikos met\u0173, ji i\u0161gars\u0117jo visame pasaulyje pirmuoju romanu \u201eSveikas, li\u016bdesy\u201c. \u0160ioje knygoje \u2013 trys romanai: \u201ePo m\u0117nesio, po met\u0173\u201c, \u201eAr m\u0117gstate Brams\u0105?\u201c, \u201eKapituliacijos signalas\u201c.  Gyvenusi audring\u0105 gyvenim\u0105, bendravusi su Holivudo \u017evaig\u017ed\u0117mis, buvusi aistringa lo\u0161\u0117ja, tur\u0117jusi problem\u0173 su alkoholiu ir netgi teista d\u0117l mokes\u010di\u0173 vengimo, apie savo gyvenim\u0105 Sagan sak\u0117: \u201eJei nera\u0161y\u010diau, gyven\u010diau blogai. O jei negyven\u010diau, ra\u0161y\u010diau blogai\u201c.  Jos roman\u0173 temos \u2013 meil\u0117, \u017emoni\u0173 tarpusavio santykiai ir j\u0173 \u017elugimas d\u0117l nuobodulio ir abejingumo. Meil\u0117 sukre\u010dia jos veik\u0117j\u0173 kasdienyb\u0119, sujaukia jausmus, bet palieka vien skausm\u0105 ir ilges\u012f, nes Sagan pasakoja sunkiausias ir painiausias istorijas. Kur\u012f vyr\u0105 rinktis moteriai \u2013 bendraam\u017e\u012f nuobod\u0105 ar miel\u0105, aistring\u0105, bet penkiolika met\u0173 jaunesn\u012f? Kaip myl\u0117ti \u0161alt\u0105 ir i\u0161puikusi\u0105 moter\u012f? Tokie klausimai kyla trij\u0173 \u012f \u0161i\u0105 knyg\u0105 sud\u0117t\u0173 roman\u0173 veik\u0117jams.","og_url":"https:\/\/skaitytaknyga.lt\/en\/produktas\/f-sagan-po-menesio-po-metu\/","og_site_name":"Skaitytaknyga","article_publisher":"https:\/\/www.facebook.com\/skaitytaknyga\/","article_modified_time":"2025-08-01T04:57:54+00:00","og_image":[{"width":183,"height":275,"url":"https:\/\/skaitytaknyga.lt\/wp-content\/uploads\/2024\/04\/images.jpg","type":"image\/jpeg"}],"twitter_card":"summary_large_image","twitter_misc":{"Estimated reading time":"1 minute"},"schema":{"@context":"https:\/\/schema.org","@graph":[{"@type":"WebPage","@id":"https:\/\/skaitytaknyga.lt\/produktas\/f-sagan-po-menesio-po-metu\/","url":"https:\/\/skaitytaknyga.lt\/produktas\/f-sagan-po-menesio-po-metu\/","name":"Francoise Sagan \u201ePo m\u0117nesio, po met\u0173\u201c","isPartOf":{"@id":"https:\/\/skaitytaknyga.lt\/#website"},"primaryImageOfPage":{"@id":"https:\/\/skaitytaknyga.lt\/produktas\/f-sagan-po-menesio-po-metu\/#primaryimage"},"image":{"@id":"https:\/\/skaitytaknyga.lt\/produktas\/f-sagan-po-menesio-po-metu\/#primaryimage"},"thumbnailUrl":"https:\/\/skaitytaknyga.lt\/wp-content\/uploads\/2024\/04\/images.jpg","datePublished":"2024-04-17T13:07:14+00:00","dateModified":"2025-08-01T04:57:54+00:00","description":"PAGELT\u0118 LAPAI Francoise Sagan (1935\u20132004) \u2013 viena \u017eymiausi\u0173 XX a. pranc\u016bz\u0173 ra\u0161ytoj\u0173. B\u016bdama vos devyniolikos met\u0173, ji i\u0161gars\u0117jo visame pasaulyje pirmuoju romanu \u201eSveikas, li\u016bdesy\u201c. \u0160ioje knygoje \u2013 trys romanai: \u201ePo m\u0117nesio, po met\u0173\u201c, \u201eAr m\u0117gstate Brams\u0105?\u201c, \u201eKapituliacijos signalas\u201c. Gyvenusi audring\u0105 gyvenim\u0105, bendravusi su Holivudo \u017evaig\u017ed\u0117mis, buvusi aistringa lo\u0161\u0117ja, tur\u0117jusi problem\u0173 su alkoholiu ir netgi teista d\u0117l mokes\u010di\u0173 vengimo, apie savo gyvenim\u0105 Sagan sak\u0117: \u201eJei nera\u0161y\u010diau, gyven\u010diau blogai. O jei negyven\u010diau, ra\u0161y\u010diau blogai\u201c. Jos roman\u0173 temos \u2013 meil\u0117, \u017emoni\u0173 tarpusavio santykiai ir j\u0173 \u017elugimas d\u0117l nuobodulio ir abejingumo. Meil\u0117 sukre\u010dia jos veik\u0117j\u0173 kasdienyb\u0119, sujaukia jausmus, bet palieka vien skausm\u0105 ir ilges\u012f, nes Sagan pasakoja sunkiausias ir painiausias istorijas. Kur\u012f vyr\u0105 rinktis moteriai \u2013 bendraam\u017e\u012f nuobod\u0105 ar miel\u0105, aistring\u0105, bet penkiolika met\u0173 jaunesn\u012f? Kaip myl\u0117ti \u0161alt\u0105 ir i\u0161puikusi\u0105 moter\u012f? Tokie klausimai kyla trij\u0173 \u012f \u0161i\u0105 knyg\u0105 sud\u0117t\u0173 roman\u0173 veik\u0117jams.","breadcrumb":{"@id":"https:\/\/skaitytaknyga.lt\/produktas\/f-sagan-po-menesio-po-metu\/#breadcrumb"},"inLanguage":"en-GB","potentialAction":[{"@type":"ReadAction","target":["https:\/\/skaitytaknyga.lt\/produktas\/f-sagan-po-menesio-po-metu\/"]}]},{"@type":"ImageObject","inLanguage":"en-GB","@id":"https:\/\/skaitytaknyga.lt\/produktas\/f-sagan-po-menesio-po-metu\/#primaryimage","url":"https:\/\/skaitytaknyga.lt\/wp-content\/uploads\/2024\/04\/images.jpg","contentUrl":"https:\/\/skaitytaknyga.lt\/wp-content\/uploads\/2024\/04\/images.jpg","width":183,"height":275,"caption":"images"},{"@type":"BreadcrumbList","@id":"https:\/\/skaitytaknyga.lt\/produktas\/f-sagan-po-menesio-po-metu\/#breadcrumb","itemListElement":[{"@type":"ListItem","position":1,"name":"Home","item":"https:\/\/skaitytaknyga.lt\/"},{"@type":"ListItem","position":2,"name":"Parduotuv\u0117","item":"https:\/\/skaitytaknyga.lt\/knygu-parduotuve\/"},{"@type":"ListItem","position":3,"name":"Francoise Sagan \u201ePo m\u0117nesio, po met\u0173\u201c"}]},{"@type":"WebSite","@id":"https:\/\/skaitytaknyga.lt\/#website","url":"https:\/\/skaitytaknyga.lt\/","name":"skaitytaknyga.lt","description":"Skaitytaknyga.lt \u2013 tai ma\u017eas \u0161eimos verslas, kuris prasid\u0117jo nuo meil\u0117s knygoms ir siekio i\u0161gelb\u0117ti knygas nuo likimo prie konteinerio. Kas vienam nereikalingas daiktas \u2013 kitam lobis, o mes esame tarpininkai, kurie padeda abiems tapti laimingesniems ???? \u017dinome kaip nelengva i\u0161gyventi ma\u017eiems verslams, tad nuo \u0161iol, \u010dia rasite ir kit\u0173, ma\u017e\u0173 \u0161eim\u0173 versl\u0173, rank\u0173 darbo, dovan\u0173 sau ir artimiesiems.","publisher":{"@id":"https:\/\/skaitytaknyga.lt\/#organization"},"potentialAction":[{"@type":"SearchAction","target":{"@type":"EntryPoint","urlTemplate":"https:\/\/skaitytaknyga.lt\/?s={search_term_string}"},"query-input":{"@type":"PropertyValueSpecification","valueRequired":true,"valueName":"search_term_string"}}],"inLanguage":"en-GB"},{"@type":"Organization","@id":"https:\/\/skaitytaknyga.lt\/#organization","name":"skaitytaknyga.lt","url":"https:\/\/skaitytaknyga.lt\/","logo":{"@type":"ImageObject","inLanguage":"en-GB","@id":"https:\/\/skaitytaknyga.lt\/#\/schema\/logo\/image\/","url":"https:\/\/skaitytaknyga.lt\/wp-content\/uploads\/2024\/05\/cropped-cropped-cropped-02_00843_jt3bggkj1j3HLc7SyY6rEUpg.jpeg","contentUrl":"https:\/\/skaitytaknyga.lt\/wp-content\/uploads\/2024\/05\/cropped-cropped-cropped-02_00843_jt3bggkj1j3HLc7SyY6rEUpg.jpeg","width":1600,"height":1600,"caption":"skaitytaknyga.lt"},"image":{"@id":"https:\/\/skaitytaknyga.lt\/#\/schema\/logo\/image\/"},"sameAs":["https:\/\/www.facebook.com\/skaitytaknyga\/"]}]}},"_links":{"self":[{"href":"https:\/\/skaitytaknyga.lt\/en\/wp-json\/wp\/v2\/product\/2285","targetHints":{"allow":["GET"]}}],"collection":[{"href":"https:\/\/skaitytaknyga.lt\/en\/wp-json\/wp\/v2\/product"}],"about":[{"href":"https:\/\/skaitytaknyga.lt\/en\/wp-json\/wp\/v2\/types\/product"}],"replies":[{"embeddable":true,"href":"https:\/\/skaitytaknyga.lt\/en\/wp-json\/wp\/v2\/comments?post=2285"}],"wp:featuredmedia":[{"embeddable":true,"href":"https:\/\/skaitytaknyga.lt\/en\/wp-json\/wp\/v2\/media\/2326"}],"wp:attachment":[{"href":"https:\/\/skaitytaknyga.lt\/en\/wp-json\/wp\/v2\/media?parent=2285"}],"wp:term":[{"taxonomy":"product_brand","embeddable":true,"href":"https:\/\/skaitytaknyga.lt\/en\/wp-json\/wp\/v2\/product_brand?post=2285"},{"taxonomy":"product_cat","embeddable":true,"href":"https:\/\/skaitytaknyga.lt\/en\/wp-json\/wp\/v2\/product_cat?post=2285"},{"taxonomy":"product_tag","embeddable":true,"href":"https:\/\/skaitytaknyga.lt\/en\/wp-json\/wp\/v2\/product_tag?post=2285"}],"curies":[{"name":"wp","href":"https:\/\/api.w.org\/{rel}","templated":true}]}}