{"id":22846,"date":"2026-01-29T17:25:00","date_gmt":"2026-01-29T15:25:00","guid":{"rendered":"https:\/\/skaitytaknyga.lt\/?post_type=product&#038;p=22846"},"modified":"2026-01-29T18:40:18","modified_gmt":"2026-01-29T16:40:18","slug":"kas-kada-kieno-parasyta","status":"publish","type":"product","link":"https:\/\/skaitytaknyga.lt\/en\/produktas\/kas-kada-kieno-parasyta\/","title":{"rendered":"Kas kada kieno para\u0161yta"},"content":{"rendered":"<p>\u0160ioje knygoje pateikiamos trumpos t\u016bkstan\u010dio \u017eymi\u0173 pasaulio ra\u0161ytoj\u0173 biografijos, i\u0161vardijami garsiausi k\u016briniai, nurodoma, kas kada i\u0161leista lietuvi\u0173 kalba. Apr\u0117piami \u012fvairi\u0173 epoch\u0173 (nuo antikos iki XX am\u017eiaus pabaigos), \u012fvairi\u0173 \u0161ali\u0173 ir kalb\u0173, \u012fvairi\u0173 literat\u016bros r\u016b\u0161i\u0173 ir \u017eanr\u0173 k\u016br\u0117jai. Siekiama atskleisti, kaip svarbiausi ra\u0161ytoj\u0173 gyvenimo \u012fvykiai susij\u0119 su j\u0173 k\u016bryba.<\/p>\n<p>\u0160i knyga neatstoja literat\u016bros vadov\u0117lio, bet gali papildyti tai, kas jame ra\u0161oma, ir skatina nuolat dom\u0117tis literat\u016bra: perskaityti, i\u0161versti ar para\u0161yti nauj\u0105 knyg\u0105.<\/p>\n<p>Knygos pabaigoje pateikiamos trys rodykl\u0117s. Pirmojoje \u2013 autori\u0173 rodykl\u0117je \u2013 k\u016br\u0117j\u0173 pavard\u0117s grupuojamos atsi\u017evelgiant \u012f gyvenam\u0105j\u012f laikotarp\u012f, kilm\u0119 (\u017eemynas, \u0161alis, tautyb\u0117), literat\u016bros r\u016b\u0161is ir \u017eanrus. Antroji rodykl\u0117 \u2013 chronologin\u0117, tre\u010dioji \u2013 adaptuot\u0173 antra\u0161tini\u0173 asmenvard\u017ei\u0173 s\u0105ra\u0161as.<\/p>\n","protected":false},"excerpt":{"rendered":"<p>\u0160ioje knygoje pateikiamos trumpos t\u016bkstan\u010dio \u017eymi\u0173 pasaulio ra\u0161ytoj\u0173 biografijos, i\u0161vardijami garsiausi k\u016briniai, nurodoma, kas kada i\u0161leista lietuvi\u0173 kalba. Apr\u0117piami \u012fvairi\u0173 epoch\u0173 (nuo antikos iki XX am\u017eiaus pabaigos), \u012fvairi\u0173 \u0161ali\u0173 ir kalb\u0173, \u012fvairi\u0173 literat\u016bros r\u016b\u0161i\u0173 ir \u017eanr\u0173 k\u016br\u0117jai. Siekiama atskleisti, kaip svarbiausi ra\u0161ytoj\u0173 gyvenimo \u012fvykiai susij\u0119 su j\u0173 k\u016bryba. \u0160i knyga neatstoja literat\u016bros vadov\u0117lio, bet gali papildyti tai, kas jame ra\u0161oma, ir skatina nuolat dom\u0117tis literat\u016bra: perskaityti, i\u0161versti ar para\u0161yti nauj\u0105 knyg\u0105. Knygos pabaigoje pateikiamos trys rodykl\u0117s. Pirmojoje \u2013 autori\u0173 rodykl\u0117je \u2013 k\u016br\u0117j\u0173 pavard\u0117s grupuojamos atsi\u017evelgiant \u012f gyvenam\u0105j\u012f laikotarp\u012f, kilm\u0119 (\u017eemynas, \u0161alis, tautyb\u0117), literat\u016bros r\u016b\u0161is ir \u017eanrus. Antroji rodykl\u0117 \u2013 chronologin\u0117, tre\u010dioji \u2013 adaptuot\u0173 antra\u0161tini\u0173 asmenvard\u017ei\u0173 s\u0105ra\u0161as.<\/p>\n","protected":false},"featured_media":22851,"comment_status":"open","ping_status":"closed","template":"","meta":{"_acf_changed":false,"site-sidebar-layout":"default","site-content-layout":"","ast-site-content-layout":"default","site-content-style":"default","site-sidebar-style":"default","ast-global-header-display":"","ast-banner-title-visibility":"","ast-main-header-display":"","ast-hfb-above-header-display":"","ast-hfb-below-header-display":"","ast-hfb-mobile-header-display":"","site-post-title":"","ast-breadcrumbs-content":"","ast-featured-img":"","footer-sml-layout":"","ast-disable-related-posts":"","theme-transparent-header-meta":"","adv-header-id-meta":"","stick-header-meta":"","header-above-stick-meta":"","header-main-stick-meta":"","header-below-stick-meta":"","astra-migrate-meta-layouts":"default","ast-page-background-enabled":"default","ast-page-background-meta":{"desktop":{"background-color":"","background-image":"","background-repeat":"repeat","background-position":"center center","background-size":"auto","background-attachment":"scroll","background-type":"","background-media":"","overlay-type":"","overlay-color":"","overlay-opacity":"","overlay-gradient":""},"tablet":{"background-color":"","background-image":"","background-repeat":"repeat","background-position":"center center","background-size":"auto","background-attachment":"scroll","background-type":"","background-media":"","overlay-type":"","overlay-color":"","overlay-opacity":"","overlay-gradient":""},"mobile":{"background-color":"","background-image":"","background-repeat":"repeat","background-position":"center center","background-size":"auto","background-attachment":"scroll","background-type":"","background-media":"","overlay-type":"","overlay-color":"","overlay-opacity":"","overlay-gradient":""}},"ast-content-background-meta":{"desktop":{"background-color":"var(--ast-global-color-4)","background-image":"","background-repeat":"repeat","background-position":"center center","background-size":"auto","background-attachment":"scroll","background-type":"","background-media":"","overlay-type":"","overlay-color":"","overlay-opacity":"","overlay-gradient":""},"tablet":{"background-color":"var(--ast-global-color-4)","background-image":"","background-repeat":"repeat","background-position":"center center","background-size":"auto","background-attachment":"scroll","background-type":"","background-media":"","overlay-type":"","overlay-color":"","overlay-opacity":"","overlay-gradient":""},"mobile":{"background-color":"var(--ast-global-color-4)","background-image":"","background-repeat":"repeat","background-position":"center center","background-size":"auto","background-attachment":"scroll","background-type":"","background-media":"","overlay-type":"","overlay-color":"","overlay-opacity":"","overlay-gradient":""}}},"product_brand":[],"product_cat":[15],"product_tag":[],"class_list":{"0":"post-22846","1":"product","2":"type-product","3":"status-publish","4":"has-post-thumbnail","6":"product_cat-uncategorized","7":"desktop-align-left","8":"tablet-align-left","9":"mobile-align-left","11":"first","12":"instock","13":"shipping-taxable","14":"purchasable","15":"product-type-simple"},"acf":[],"yoast_head":"<!-- This site is optimized with the Yoast SEO plugin v27.0 - https:\/\/yoast.com\/product\/yoast-seo-wordpress\/ -->\n<title>Kas kada kieno para\u0161yta<\/title>\n<meta name=\"description\" content=\"\u0160ioje knygoje pateikiamos trumpos t\u016bkstan\u010dio \u017eymi\u0173 pasaulio ra\u0161ytoj\u0173 biografijos, i\u0161vardijami garsiausi k\u016briniai, nurodoma, kas kada i\u0161leista lietuvi\u0173\" \/>\n<meta name=\"robots\" content=\"index, follow, max-snippet:-1, max-image-preview:large, max-video-preview:-1\" \/>\n<link rel=\"canonical\" href=\"https:\/\/skaitytaknyga.lt\/en\/produktas\/kas-kada-kieno-parasyta\/\" \/>\n<meta property=\"og:locale\" content=\"en_GB\" \/>\n<meta property=\"og:locale:alternate\" content=\"lt_LT\" \/>\n<meta property=\"og:type\" content=\"article\" \/>\n<meta property=\"og:title\" content=\"Kas kada kieno para\u0161yta\" \/>\n<meta property=\"og:description\" content=\"\u0160ioje knygoje pateikiamos trumpos t\u016bkstan\u010dio \u017eymi\u0173 pasaulio ra\u0161ytoj\u0173 biografijos, i\u0161vardijami garsiausi k\u016briniai, nurodoma, kas kada i\u0161leista lietuvi\u0173\" \/>\n<meta property=\"og:url\" content=\"https:\/\/skaitytaknyga.lt\/en\/produktas\/kas-kada-kieno-parasyta\/\" \/>\n<meta property=\"og:site_name\" content=\"Skaitytaknyga\" \/>\n<meta property=\"article:publisher\" content=\"https:\/\/www.facebook.com\/skaitytaknyga\/\" \/>\n<meta property=\"article:modified_time\" content=\"2026-01-29T16:40:18+00:00\" \/>\n<meta property=\"og:image\" content=\"https:\/\/skaitytaknyga.lt\/wp-content\/uploads\/2026\/01\/Kas-kada-kieno-parasyta-1.webp\" \/>\n\t<meta property=\"og:image:width\" content=\"300\" \/>\n\t<meta property=\"og:image:height\" content=\"458\" \/>\n\t<meta property=\"og:image:type\" content=\"image\/webp\" \/>\n<meta name=\"twitter:card\" content=\"summary_large_image\" \/>\n<meta name=\"twitter:label1\" content=\"Estimated reading time\" \/>\n\t<meta name=\"twitter:data1\" content=\"1 minute\" \/>\n<script type=\"application\/ld+json\" class=\"yoast-schema-graph\">{\"@context\":\"https:\/\/schema.org\",\"@graph\":[{\"@type\":\"WebPage\",\"@id\":\"https:\/\/skaitytaknyga.lt\/produktas\/kas-kada-kieno-parasyta\/\",\"url\":\"https:\/\/skaitytaknyga.lt\/produktas\/kas-kada-kieno-parasyta\/\",\"name\":\"Kas kada kieno para\u0161yta\",\"isPartOf\":{\"@id\":\"https:\/\/skaitytaknyga.lt\/#website\"},\"primaryImageOfPage\":{\"@id\":\"https:\/\/skaitytaknyga.lt\/produktas\/kas-kada-kieno-parasyta\/#primaryimage\"},\"image\":{\"@id\":\"https:\/\/skaitytaknyga.lt\/produktas\/kas-kada-kieno-parasyta\/#primaryimage\"},\"thumbnailUrl\":\"https:\/\/skaitytaknyga.lt\/wp-content\/uploads\/2026\/01\/Kas-kada-kieno-parasyta-1.webp\",\"datePublished\":\"2026-01-29T15:25:00+00:00\",\"dateModified\":\"2026-01-29T16:40:18+00:00\",\"description\":\"\u0160ioje knygoje pateikiamos trumpos t\u016bkstan\u010dio \u017eymi\u0173 pasaulio ra\u0161ytoj\u0173 biografijos, i\u0161vardijami garsiausi k\u016briniai, nurodoma, kas kada i\u0161leista lietuvi\u0173\",\"breadcrumb\":{\"@id\":\"https:\/\/skaitytaknyga.lt\/produktas\/kas-kada-kieno-parasyta\/#breadcrumb\"},\"inLanguage\":\"en-GB\",\"potentialAction\":[{\"@type\":\"ReadAction\",\"target\":[\"https:\/\/skaitytaknyga.lt\/produktas\/kas-kada-kieno-parasyta\/\"]}]},{\"@type\":\"ImageObject\",\"inLanguage\":\"en-GB\",\"@id\":\"https:\/\/skaitytaknyga.lt\/produktas\/kas-kada-kieno-parasyta\/#primaryimage\",\"url\":\"https:\/\/skaitytaknyga.lt\/wp-content\/uploads\/2026\/01\/Kas-kada-kieno-parasyta-1.webp\",\"contentUrl\":\"https:\/\/skaitytaknyga.lt\/wp-content\/uploads\/2026\/01\/Kas-kada-kieno-parasyta-1.webp\",\"width\":300,\"height\":458},{\"@type\":\"BreadcrumbList\",\"@id\":\"https:\/\/skaitytaknyga.lt\/produktas\/kas-kada-kieno-parasyta\/#breadcrumb\",\"itemListElement\":[{\"@type\":\"ListItem\",\"position\":1,\"name\":\"Home\",\"item\":\"https:\/\/skaitytaknyga.lt\/\"},{\"@type\":\"ListItem\",\"position\":2,\"name\":\"Parduotuv\u0117\",\"item\":\"https:\/\/skaitytaknyga.lt\/knygu-parduotuve\/\"},{\"@type\":\"ListItem\",\"position\":3,\"name\":\"Kas kada kieno para\u0161yta\"}]},{\"@type\":\"WebSite\",\"@id\":\"https:\/\/skaitytaknyga.lt\/#website\",\"url\":\"https:\/\/skaitytaknyga.lt\/\",\"name\":\"skaitytaknyga.lt\",\"description\":\"Skaitytaknyga.lt \u2013 tai ma\u017eas \u0161eimos verslas, kuris prasid\u0117jo nuo meil\u0117s knygoms ir siekio i\u0161gelb\u0117ti knygas nuo likimo prie konteinerio. Kas vienam nereikalingas daiktas \u2013 kitam lobis, o mes esame tarpininkai, kurie padeda abiems tapti laimingesniems ???? \u017dinome kaip nelengva i\u0161gyventi ma\u017eiems verslams, tad nuo \u0161iol, \u010dia rasite ir kit\u0173, ma\u017e\u0173 \u0161eim\u0173 versl\u0173, rank\u0173 darbo, dovan\u0173 sau ir artimiesiems.\",\"publisher\":{\"@id\":\"https:\/\/skaitytaknyga.lt\/#organization\"},\"potentialAction\":[{\"@type\":\"SearchAction\",\"target\":{\"@type\":\"EntryPoint\",\"urlTemplate\":\"https:\/\/skaitytaknyga.lt\/?s={search_term_string}\"},\"query-input\":{\"@type\":\"PropertyValueSpecification\",\"valueRequired\":true,\"valueName\":\"search_term_string\"}}],\"inLanguage\":\"en-GB\"},{\"@type\":\"Organization\",\"@id\":\"https:\/\/skaitytaknyga.lt\/#organization\",\"name\":\"skaitytaknyga.lt\",\"url\":\"https:\/\/skaitytaknyga.lt\/\",\"logo\":{\"@type\":\"ImageObject\",\"inLanguage\":\"en-GB\",\"@id\":\"https:\/\/skaitytaknyga.lt\/#\/schema\/logo\/image\/\",\"url\":\"https:\/\/skaitytaknyga.lt\/wp-content\/uploads\/2024\/05\/cropped-cropped-cropped-02_00843_jt3bggkj1j3HLc7SyY6rEUpg.jpeg\",\"contentUrl\":\"https:\/\/skaitytaknyga.lt\/wp-content\/uploads\/2024\/05\/cropped-cropped-cropped-02_00843_jt3bggkj1j3HLc7SyY6rEUpg.jpeg\",\"width\":1600,\"height\":1600,\"caption\":\"skaitytaknyga.lt\"},\"image\":{\"@id\":\"https:\/\/skaitytaknyga.lt\/#\/schema\/logo\/image\/\"},\"sameAs\":[\"https:\/\/www.facebook.com\/skaitytaknyga\/\"]}]}<\/script>\n<!-- \/ Yoast SEO plugin. -->","yoast_head_json":{"title":"Kas kada kieno para\u0161yta","description":"\u0160ioje knygoje pateikiamos trumpos t\u016bkstan\u010dio \u017eymi\u0173 pasaulio ra\u0161ytoj\u0173 biografijos, i\u0161vardijami garsiausi k\u016briniai, nurodoma, kas kada i\u0161leista lietuvi\u0173","robots":{"index":"index","follow":"follow","max-snippet":"max-snippet:-1","max-image-preview":"max-image-preview:large","max-video-preview":"max-video-preview:-1"},"canonical":"https:\/\/skaitytaknyga.lt\/en\/produktas\/kas-kada-kieno-parasyta\/","og_locale":"en_GB","og_type":"article","og_title":"[:lt]Kas kada kieno para\u0161yta[:] - Skaitytaknyga","og_description":"\u0160ioje knygoje pateikiamos trumpos t\u016bkstan\u010dio \u017eymi\u0173 pasaulio ra\u0161ytoj\u0173 biografijos, i\u0161vardijami garsiausi k\u016briniai, nurodoma, kas kada i\u0161leista lietuvi\u0173","og_url":"https:\/\/skaitytaknyga.lt\/en\/produktas\/kas-kada-kieno-parasyta\/","og_site_name":"Skaitytaknyga","article_publisher":"https:\/\/www.facebook.com\/skaitytaknyga\/","article_modified_time":"2026-01-29T16:40:18+00:00","og_image":[{"width":300,"height":458,"url":"https:\/\/skaitytaknyga.lt\/wp-content\/uploads\/2026\/01\/Kas-kada-kieno-parasyta-1.webp","type":"image\/webp"}],"twitter_card":"summary_large_image","twitter_misc":{"Estimated reading time":"1 minute"},"schema":{"@context":"https:\/\/schema.org","@graph":[{"@type":"WebPage","@id":"https:\/\/skaitytaknyga.lt\/produktas\/kas-kada-kieno-parasyta\/","url":"https:\/\/skaitytaknyga.lt\/produktas\/kas-kada-kieno-parasyta\/","name":"Kas kada kieno para\u0161yta","isPartOf":{"@id":"https:\/\/skaitytaknyga.lt\/#website"},"primaryImageOfPage":{"@id":"https:\/\/skaitytaknyga.lt\/produktas\/kas-kada-kieno-parasyta\/#primaryimage"},"image":{"@id":"https:\/\/skaitytaknyga.lt\/produktas\/kas-kada-kieno-parasyta\/#primaryimage"},"thumbnailUrl":"https:\/\/skaitytaknyga.lt\/wp-content\/uploads\/2026\/01\/Kas-kada-kieno-parasyta-1.webp","datePublished":"2026-01-29T15:25:00+00:00","dateModified":"2026-01-29T16:40:18+00:00","description":"\u0160ioje knygoje pateikiamos trumpos t\u016bkstan\u010dio \u017eymi\u0173 pasaulio ra\u0161ytoj\u0173 biografijos, i\u0161vardijami garsiausi k\u016briniai, nurodoma, kas kada i\u0161leista lietuvi\u0173","breadcrumb":{"@id":"https:\/\/skaitytaknyga.lt\/produktas\/kas-kada-kieno-parasyta\/#breadcrumb"},"inLanguage":"en-GB","potentialAction":[{"@type":"ReadAction","target":["https:\/\/skaitytaknyga.lt\/produktas\/kas-kada-kieno-parasyta\/"]}]},{"@type":"ImageObject","inLanguage":"en-GB","@id":"https:\/\/skaitytaknyga.lt\/produktas\/kas-kada-kieno-parasyta\/#primaryimage","url":"https:\/\/skaitytaknyga.lt\/wp-content\/uploads\/2026\/01\/Kas-kada-kieno-parasyta-1.webp","contentUrl":"https:\/\/skaitytaknyga.lt\/wp-content\/uploads\/2026\/01\/Kas-kada-kieno-parasyta-1.webp","width":300,"height":458},{"@type":"BreadcrumbList","@id":"https:\/\/skaitytaknyga.lt\/produktas\/kas-kada-kieno-parasyta\/#breadcrumb","itemListElement":[{"@type":"ListItem","position":1,"name":"Home","item":"https:\/\/skaitytaknyga.lt\/"},{"@type":"ListItem","position":2,"name":"Parduotuv\u0117","item":"https:\/\/skaitytaknyga.lt\/knygu-parduotuve\/"},{"@type":"ListItem","position":3,"name":"Kas kada kieno para\u0161yta"}]},{"@type":"WebSite","@id":"https:\/\/skaitytaknyga.lt\/#website","url":"https:\/\/skaitytaknyga.lt\/","name":"skaitytaknyga.lt","description":"Skaitytaknyga.lt \u2013 tai ma\u017eas \u0161eimos verslas, kuris prasid\u0117jo nuo meil\u0117s knygoms ir siekio i\u0161gelb\u0117ti knygas nuo likimo prie konteinerio. Kas vienam nereikalingas daiktas \u2013 kitam lobis, o mes esame tarpininkai, kurie padeda abiems tapti laimingesniems ???? \u017dinome kaip nelengva i\u0161gyventi ma\u017eiems verslams, tad nuo \u0161iol, \u010dia rasite ir kit\u0173, ma\u017e\u0173 \u0161eim\u0173 versl\u0173, rank\u0173 darbo, dovan\u0173 sau ir artimiesiems.","publisher":{"@id":"https:\/\/skaitytaknyga.lt\/#organization"},"potentialAction":[{"@type":"SearchAction","target":{"@type":"EntryPoint","urlTemplate":"https:\/\/skaitytaknyga.lt\/?s={search_term_string}"},"query-input":{"@type":"PropertyValueSpecification","valueRequired":true,"valueName":"search_term_string"}}],"inLanguage":"en-GB"},{"@type":"Organization","@id":"https:\/\/skaitytaknyga.lt\/#organization","name":"skaitytaknyga.lt","url":"https:\/\/skaitytaknyga.lt\/","logo":{"@type":"ImageObject","inLanguage":"en-GB","@id":"https:\/\/skaitytaknyga.lt\/#\/schema\/logo\/image\/","url":"https:\/\/skaitytaknyga.lt\/wp-content\/uploads\/2024\/05\/cropped-cropped-cropped-02_00843_jt3bggkj1j3HLc7SyY6rEUpg.jpeg","contentUrl":"https:\/\/skaitytaknyga.lt\/wp-content\/uploads\/2024\/05\/cropped-cropped-cropped-02_00843_jt3bggkj1j3HLc7SyY6rEUpg.jpeg","width":1600,"height":1600,"caption":"skaitytaknyga.lt"},"image":{"@id":"https:\/\/skaitytaknyga.lt\/#\/schema\/logo\/image\/"},"sameAs":["https:\/\/www.facebook.com\/skaitytaknyga\/"]}]}},"_links":{"self":[{"href":"https:\/\/skaitytaknyga.lt\/en\/wp-json\/wp\/v2\/product\/22846","targetHints":{"allow":["GET"]}}],"collection":[{"href":"https:\/\/skaitytaknyga.lt\/en\/wp-json\/wp\/v2\/product"}],"about":[{"href":"https:\/\/skaitytaknyga.lt\/en\/wp-json\/wp\/v2\/types\/product"}],"replies":[{"embeddable":true,"href":"https:\/\/skaitytaknyga.lt\/en\/wp-json\/wp\/v2\/comments?post=22846"}],"wp:featuredmedia":[{"embeddable":true,"href":"https:\/\/skaitytaknyga.lt\/en\/wp-json\/wp\/v2\/media\/22851"}],"wp:attachment":[{"href":"https:\/\/skaitytaknyga.lt\/en\/wp-json\/wp\/v2\/media?parent=22846"}],"wp:term":[{"taxonomy":"product_brand","embeddable":true,"href":"https:\/\/skaitytaknyga.lt\/en\/wp-json\/wp\/v2\/product_brand?post=22846"},{"taxonomy":"product_cat","embeddable":true,"href":"https:\/\/skaitytaknyga.lt\/en\/wp-json\/wp\/v2\/product_cat?post=22846"},{"taxonomy":"product_tag","embeddable":true,"href":"https:\/\/skaitytaknyga.lt\/en\/wp-json\/wp\/v2\/product_tag?post=22846"}],"curies":[{"name":"wp","href":"https:\/\/api.w.org\/{rel}","templated":true}]}}