{"id":22844,"date":"2026-01-29T17:25:00","date_gmt":"2026-01-29T15:25:00","guid":{"rendered":"https:\/\/skaitytaknyga.lt\/?post_type=product&#038;p=22844"},"modified":"2026-01-30T12:14:36","modified_gmt":"2026-01-30T10:14:36","slug":"knyga-apie-zmones-ir-daiktus-pagelte-lapai","status":"publish","type":"product","link":"https:\/\/skaitytaknyga.lt\/en\/produktas\/knyga-apie-zmones-ir-daiktus-pagelte-lapai\/","title":{"rendered":"Knyga apie \u017emones ir daiktus (pagelt\u0119 lapai)"},"content":{"rendered":"<p>\u0160i knyga \u2013 pirmoji lietuvi\u0173 skaitytoj\u0173 pa\u017eintis su garsios latvi\u0173 eseist\u0117s ir kult\u016bros filosof\u0117s Zentos Maurinios k\u016bryba.<\/p>\n<p>Para\u0161yta kelion\u0117s po Europ\u0105 \u012fsp\u016bd\u017ei\u0173 pagrindu, \u201eKnyga apie \u017emones ir daiktus\u201c spinduliuoja didele meile ir pagarba \u017emogui, jo laisvai sielai ir k\u016brybiniam pradui.<\/p>\n<p>Nema\u017eai puslapi\u0173 \u010dia skiriama did\u017ei\u0173j\u0173 \u017emoni\u0173 draugystei ir meilei. Lietuviams ypa\u010d \u012fdomu bus skaityti es\u0117, skirt\u0105 \u010ciurlioniui.<\/p>\n","protected":false},"excerpt":{"rendered":"<p>\u0160i knyga \u2013 pirmoji lietuvi\u0173 skaitytoj\u0173 pa\u017eintis su garsios latvi\u0173 eseist\u0117s ir kult\u016bros filosof\u0117s Zentos Maurinios k\u016bryba. Para\u0161yta kelion\u0117s po Europ\u0105 \u012fsp\u016bd\u017ei\u0173 pagrindu, \u201eKnyga apie \u017emones ir daiktus\u201c spinduliuoja didele meile ir pagarba \u017emogui, jo laisvai sielai ir k\u016brybiniam pradui. Nema\u017eai puslapi\u0173 \u010dia skiriama did\u017ei\u0173j\u0173 \u017emoni\u0173 draugystei ir meilei. Lietuviams ypa\u010d \u012fdomu bus skaityti es\u0117, skirt\u0105 \u010ciurlioniui.<\/p>\n","protected":false},"featured_media":22849,"comment_status":"open","ping_status":"closed","template":"","meta":{"_acf_changed":false,"site-sidebar-layout":"default","site-content-layout":"","ast-site-content-layout":"default","site-content-style":"default","site-sidebar-style":"default","ast-global-header-display":"","ast-banner-title-visibility":"","ast-main-header-display":"","ast-hfb-above-header-display":"","ast-hfb-below-header-display":"","ast-hfb-mobile-header-display":"","site-post-title":"","ast-breadcrumbs-content":"","ast-featured-img":"","footer-sml-layout":"","ast-disable-related-posts":"","theme-transparent-header-meta":"","adv-header-id-meta":"","stick-header-meta":"","header-above-stick-meta":"","header-main-stick-meta":"","header-below-stick-meta":"","astra-migrate-meta-layouts":"default","ast-page-background-enabled":"default","ast-page-background-meta":{"desktop":{"background-color":"","background-image":"","background-repeat":"repeat","background-position":"center center","background-size":"auto","background-attachment":"scroll","background-type":"","background-media":"","overlay-type":"","overlay-color":"","overlay-opacity":"","overlay-gradient":""},"tablet":{"background-color":"","background-image":"","background-repeat":"repeat","background-position":"center center","background-size":"auto","background-attachment":"scroll","background-type":"","background-media":"","overlay-type":"","overlay-color":"","overlay-opacity":"","overlay-gradient":""},"mobile":{"background-color":"","background-image":"","background-repeat":"repeat","background-position":"center center","background-size":"auto","background-attachment":"scroll","background-type":"","background-media":"","overlay-type":"","overlay-color":"","overlay-opacity":"","overlay-gradient":""}},"ast-content-background-meta":{"desktop":{"background-color":"var(--ast-global-color-4)","background-image":"","background-repeat":"repeat","background-position":"center center","background-size":"auto","background-attachment":"scroll","background-type":"","background-media":"","overlay-type":"","overlay-color":"","overlay-opacity":"","overlay-gradient":""},"tablet":{"background-color":"var(--ast-global-color-4)","background-image":"","background-repeat":"repeat","background-position":"center center","background-size":"auto","background-attachment":"scroll","background-type":"","background-media":"","overlay-type":"","overlay-color":"","overlay-opacity":"","overlay-gradient":""},"mobile":{"background-color":"var(--ast-global-color-4)","background-image":"","background-repeat":"repeat","background-position":"center center","background-size":"auto","background-attachment":"scroll","background-type":"","background-media":"","overlay-type":"","overlay-color":"","overlay-opacity":"","overlay-gradient":""}}},"product_brand":[],"product_cat":[31],"product_tag":[9333],"class_list":{"0":"post-22844","1":"product","2":"type-product","3":"status-publish","4":"has-post-thumbnail","6":"product_cat-grozine-literatura","7":"product_tag-ltzenta-maurina","8":"desktop-align-left","9":"tablet-align-left","10":"mobile-align-left","12":"first","13":"instock","14":"shipping-taxable","15":"purchasable","16":"product-type-simple"},"acf":[],"yoast_head":"<!-- This site is optimized with the Yoast SEO plugin v27.0 - https:\/\/yoast.com\/product\/yoast-seo-wordpress\/ -->\n<title>Knyga apie \u017emones ir daiktus (pagelt\u0119 lapai)<\/title>\n<meta name=\"description\" content=\"\u0160i knyga \u2013 pirmoji lietuvi\u0173 skaitytoj\u0173 pa\u017eintis su garsios latvi\u0173 eseist\u0117s ir kult\u016bros filosof\u0117s Zentos Maurinios k\u016bryba. Para\u0161yta kelion\u0117s po Europ\u0105\" \/>\n<meta name=\"robots\" content=\"index, follow, max-snippet:-1, max-image-preview:large, max-video-preview:-1\" \/>\n<link rel=\"canonical\" href=\"https:\/\/skaitytaknyga.lt\/en\/produktas\/knyga-apie-zmones-ir-daiktus-pagelte-lapai\/\" \/>\n<meta property=\"og:locale\" content=\"en_GB\" \/>\n<meta property=\"og:locale:alternate\" content=\"lt_LT\" \/>\n<meta property=\"og:type\" content=\"article\" \/>\n<meta property=\"og:title\" content=\"Knyga apie \u017emones ir daiktus (pagelt\u0119 lapai)\" \/>\n<meta property=\"og:description\" content=\"\u0160i knyga \u2013 pirmoji lietuvi\u0173 skaitytoj\u0173 pa\u017eintis su garsios latvi\u0173 eseist\u0117s ir kult\u016bros filosof\u0117s Zentos Maurinios k\u016bryba. Para\u0161yta kelion\u0117s po Europ\u0105\" \/>\n<meta property=\"og:url\" content=\"https:\/\/skaitytaknyga.lt\/en\/produktas\/knyga-apie-zmones-ir-daiktus-pagelte-lapai\/\" \/>\n<meta property=\"og:site_name\" content=\"Skaitytaknyga\" \/>\n<meta property=\"article:publisher\" content=\"https:\/\/www.facebook.com\/skaitytaknyga\/\" \/>\n<meta property=\"article:modified_time\" content=\"2026-01-30T10:14:36+00:00\" \/>\n<meta property=\"og:image\" content=\"https:\/\/skaitytaknyga.lt\/wp-content\/uploads\/2026\/01\/Knyga-apie-zmones-ir-daiktus-1.webp\" \/>\n\t<meta property=\"og:image:width\" content=\"300\" \/>\n\t<meta property=\"og:image:height\" content=\"502\" \/>\n\t<meta property=\"og:image:type\" content=\"image\/webp\" \/>\n<meta name=\"twitter:card\" content=\"summary_large_image\" \/>\n<script type=\"application\/ld+json\" class=\"yoast-schema-graph\">{\"@context\":\"https:\/\/schema.org\",\"@graph\":[{\"@type\":\"WebPage\",\"@id\":\"https:\/\/skaitytaknyga.lt\/produktas\/knyga-apie-zmones-ir-daiktus-pagelte-lapai\/\",\"url\":\"https:\/\/skaitytaknyga.lt\/produktas\/knyga-apie-zmones-ir-daiktus-pagelte-lapai\/\",\"name\":\"Knyga apie \u017emones ir daiktus (pagelt\u0119 lapai)\",\"isPartOf\":{\"@id\":\"https:\/\/skaitytaknyga.lt\/#website\"},\"primaryImageOfPage\":{\"@id\":\"https:\/\/skaitytaknyga.lt\/produktas\/knyga-apie-zmones-ir-daiktus-pagelte-lapai\/#primaryimage\"},\"image\":{\"@id\":\"https:\/\/skaitytaknyga.lt\/produktas\/knyga-apie-zmones-ir-daiktus-pagelte-lapai\/#primaryimage\"},\"thumbnailUrl\":\"https:\/\/skaitytaknyga.lt\/wp-content\/uploads\/2026\/01\/Knyga-apie-zmones-ir-daiktus-1.webp\",\"datePublished\":\"2026-01-29T15:25:00+00:00\",\"dateModified\":\"2026-01-30T10:14:36+00:00\",\"description\":\"\u0160i knyga \u2013 pirmoji lietuvi\u0173 skaitytoj\u0173 pa\u017eintis su garsios latvi\u0173 eseist\u0117s ir kult\u016bros filosof\u0117s Zentos Maurinios k\u016bryba. Para\u0161yta kelion\u0117s po Europ\u0105\",\"breadcrumb\":{\"@id\":\"https:\/\/skaitytaknyga.lt\/produktas\/knyga-apie-zmones-ir-daiktus-pagelte-lapai\/#breadcrumb\"},\"inLanguage\":\"en-GB\",\"potentialAction\":[{\"@type\":\"ReadAction\",\"target\":[\"https:\/\/skaitytaknyga.lt\/produktas\/knyga-apie-zmones-ir-daiktus-pagelte-lapai\/\"]}]},{\"@type\":\"ImageObject\",\"inLanguage\":\"en-GB\",\"@id\":\"https:\/\/skaitytaknyga.lt\/produktas\/knyga-apie-zmones-ir-daiktus-pagelte-lapai\/#primaryimage\",\"url\":\"https:\/\/skaitytaknyga.lt\/wp-content\/uploads\/2026\/01\/Knyga-apie-zmones-ir-daiktus-1.webp\",\"contentUrl\":\"https:\/\/skaitytaknyga.lt\/wp-content\/uploads\/2026\/01\/Knyga-apie-zmones-ir-daiktus-1.webp\",\"width\":300,\"height\":502},{\"@type\":\"BreadcrumbList\",\"@id\":\"https:\/\/skaitytaknyga.lt\/produktas\/knyga-apie-zmones-ir-daiktus-pagelte-lapai\/#breadcrumb\",\"itemListElement\":[{\"@type\":\"ListItem\",\"position\":1,\"name\":\"Home\",\"item\":\"https:\/\/skaitytaknyga.lt\/\"},{\"@type\":\"ListItem\",\"position\":2,\"name\":\"Parduotuv\u0117\",\"item\":\"https:\/\/skaitytaknyga.lt\/knygu-parduotuve\/\"},{\"@type\":\"ListItem\",\"position\":3,\"name\":\"Knyga apie \u017emones ir daiktus (pagelt\u0119 lapai)\"}]},{\"@type\":\"WebSite\",\"@id\":\"https:\/\/skaitytaknyga.lt\/#website\",\"url\":\"https:\/\/skaitytaknyga.lt\/\",\"name\":\"skaitytaknyga.lt\",\"description\":\"Skaitytaknyga.lt \u2013 tai ma\u017eas \u0161eimos verslas, kuris prasid\u0117jo nuo meil\u0117s knygoms ir siekio i\u0161gelb\u0117ti knygas nuo likimo prie konteinerio. Kas vienam nereikalingas daiktas \u2013 kitam lobis, o mes esame tarpininkai, kurie padeda abiems tapti laimingesniems ???? \u017dinome kaip nelengva i\u0161gyventi ma\u017eiems verslams, tad nuo \u0161iol, \u010dia rasite ir kit\u0173, ma\u017e\u0173 \u0161eim\u0173 versl\u0173, rank\u0173 darbo, dovan\u0173 sau ir artimiesiems.\",\"publisher\":{\"@id\":\"https:\/\/skaitytaknyga.lt\/#organization\"},\"potentialAction\":[{\"@type\":\"SearchAction\",\"target\":{\"@type\":\"EntryPoint\",\"urlTemplate\":\"https:\/\/skaitytaknyga.lt\/?s={search_term_string}\"},\"query-input\":{\"@type\":\"PropertyValueSpecification\",\"valueRequired\":true,\"valueName\":\"search_term_string\"}}],\"inLanguage\":\"en-GB\"},{\"@type\":\"Organization\",\"@id\":\"https:\/\/skaitytaknyga.lt\/#organization\",\"name\":\"skaitytaknyga.lt\",\"url\":\"https:\/\/skaitytaknyga.lt\/\",\"logo\":{\"@type\":\"ImageObject\",\"inLanguage\":\"en-GB\",\"@id\":\"https:\/\/skaitytaknyga.lt\/#\/schema\/logo\/image\/\",\"url\":\"https:\/\/skaitytaknyga.lt\/wp-content\/uploads\/2024\/05\/cropped-cropped-cropped-02_00843_jt3bggkj1j3HLc7SyY6rEUpg.jpeg\",\"contentUrl\":\"https:\/\/skaitytaknyga.lt\/wp-content\/uploads\/2024\/05\/cropped-cropped-cropped-02_00843_jt3bggkj1j3HLc7SyY6rEUpg.jpeg\",\"width\":1600,\"height\":1600,\"caption\":\"skaitytaknyga.lt\"},\"image\":{\"@id\":\"https:\/\/skaitytaknyga.lt\/#\/schema\/logo\/image\/\"},\"sameAs\":[\"https:\/\/www.facebook.com\/skaitytaknyga\/\"]}]}<\/script>\n<!-- \/ Yoast SEO plugin. -->","yoast_head_json":{"title":"Knyga apie \u017emones ir daiktus (pagelt\u0119 lapai)","description":"\u0160i knyga \u2013 pirmoji lietuvi\u0173 skaitytoj\u0173 pa\u017eintis su garsios latvi\u0173 eseist\u0117s ir kult\u016bros filosof\u0117s Zentos Maurinios k\u016bryba. Para\u0161yta kelion\u0117s po Europ\u0105","robots":{"index":"index","follow":"follow","max-snippet":"max-snippet:-1","max-image-preview":"max-image-preview:large","max-video-preview":"max-video-preview:-1"},"canonical":"https:\/\/skaitytaknyga.lt\/en\/produktas\/knyga-apie-zmones-ir-daiktus-pagelte-lapai\/","og_locale":"en_GB","og_type":"article","og_title":"[:lt]Knyga apie \u017emones ir daiktus (pagelt\u0119 lapai)[:] - Skaitytaknyga","og_description":"\u0160i knyga \u2013 pirmoji lietuvi\u0173 skaitytoj\u0173 pa\u017eintis su garsios latvi\u0173 eseist\u0117s ir kult\u016bros filosof\u0117s Zentos Maurinios k\u016bryba. Para\u0161yta kelion\u0117s po Europ\u0105","og_url":"https:\/\/skaitytaknyga.lt\/en\/produktas\/knyga-apie-zmones-ir-daiktus-pagelte-lapai\/","og_site_name":"Skaitytaknyga","article_publisher":"https:\/\/www.facebook.com\/skaitytaknyga\/","article_modified_time":"2026-01-30T10:14:36+00:00","og_image":[{"width":300,"height":502,"url":"https:\/\/skaitytaknyga.lt\/wp-content\/uploads\/2026\/01\/Knyga-apie-zmones-ir-daiktus-1.webp","type":"image\/webp"}],"twitter_card":"summary_large_image","schema":{"@context":"https:\/\/schema.org","@graph":[{"@type":"WebPage","@id":"https:\/\/skaitytaknyga.lt\/produktas\/knyga-apie-zmones-ir-daiktus-pagelte-lapai\/","url":"https:\/\/skaitytaknyga.lt\/produktas\/knyga-apie-zmones-ir-daiktus-pagelte-lapai\/","name":"Knyga apie \u017emones ir daiktus (pagelt\u0119 lapai)","isPartOf":{"@id":"https:\/\/skaitytaknyga.lt\/#website"},"primaryImageOfPage":{"@id":"https:\/\/skaitytaknyga.lt\/produktas\/knyga-apie-zmones-ir-daiktus-pagelte-lapai\/#primaryimage"},"image":{"@id":"https:\/\/skaitytaknyga.lt\/produktas\/knyga-apie-zmones-ir-daiktus-pagelte-lapai\/#primaryimage"},"thumbnailUrl":"https:\/\/skaitytaknyga.lt\/wp-content\/uploads\/2026\/01\/Knyga-apie-zmones-ir-daiktus-1.webp","datePublished":"2026-01-29T15:25:00+00:00","dateModified":"2026-01-30T10:14:36+00:00","description":"\u0160i knyga \u2013 pirmoji lietuvi\u0173 skaitytoj\u0173 pa\u017eintis su garsios latvi\u0173 eseist\u0117s ir kult\u016bros filosof\u0117s Zentos Maurinios k\u016bryba. Para\u0161yta kelion\u0117s po Europ\u0105","breadcrumb":{"@id":"https:\/\/skaitytaknyga.lt\/produktas\/knyga-apie-zmones-ir-daiktus-pagelte-lapai\/#breadcrumb"},"inLanguage":"en-GB","potentialAction":[{"@type":"ReadAction","target":["https:\/\/skaitytaknyga.lt\/produktas\/knyga-apie-zmones-ir-daiktus-pagelte-lapai\/"]}]},{"@type":"ImageObject","inLanguage":"en-GB","@id":"https:\/\/skaitytaknyga.lt\/produktas\/knyga-apie-zmones-ir-daiktus-pagelte-lapai\/#primaryimage","url":"https:\/\/skaitytaknyga.lt\/wp-content\/uploads\/2026\/01\/Knyga-apie-zmones-ir-daiktus-1.webp","contentUrl":"https:\/\/skaitytaknyga.lt\/wp-content\/uploads\/2026\/01\/Knyga-apie-zmones-ir-daiktus-1.webp","width":300,"height":502},{"@type":"BreadcrumbList","@id":"https:\/\/skaitytaknyga.lt\/produktas\/knyga-apie-zmones-ir-daiktus-pagelte-lapai\/#breadcrumb","itemListElement":[{"@type":"ListItem","position":1,"name":"Home","item":"https:\/\/skaitytaknyga.lt\/"},{"@type":"ListItem","position":2,"name":"Parduotuv\u0117","item":"https:\/\/skaitytaknyga.lt\/knygu-parduotuve\/"},{"@type":"ListItem","position":3,"name":"Knyga apie \u017emones ir daiktus (pagelt\u0119 lapai)"}]},{"@type":"WebSite","@id":"https:\/\/skaitytaknyga.lt\/#website","url":"https:\/\/skaitytaknyga.lt\/","name":"skaitytaknyga.lt","description":"Skaitytaknyga.lt \u2013 tai ma\u017eas \u0161eimos verslas, kuris prasid\u0117jo nuo meil\u0117s knygoms ir siekio i\u0161gelb\u0117ti knygas nuo likimo prie konteinerio. Kas vienam nereikalingas daiktas \u2013 kitam lobis, o mes esame tarpininkai, kurie padeda abiems tapti laimingesniems ???? \u017dinome kaip nelengva i\u0161gyventi ma\u017eiems verslams, tad nuo \u0161iol, \u010dia rasite ir kit\u0173, ma\u017e\u0173 \u0161eim\u0173 versl\u0173, rank\u0173 darbo, dovan\u0173 sau ir artimiesiems.","publisher":{"@id":"https:\/\/skaitytaknyga.lt\/#organization"},"potentialAction":[{"@type":"SearchAction","target":{"@type":"EntryPoint","urlTemplate":"https:\/\/skaitytaknyga.lt\/?s={search_term_string}"},"query-input":{"@type":"PropertyValueSpecification","valueRequired":true,"valueName":"search_term_string"}}],"inLanguage":"en-GB"},{"@type":"Organization","@id":"https:\/\/skaitytaknyga.lt\/#organization","name":"skaitytaknyga.lt","url":"https:\/\/skaitytaknyga.lt\/","logo":{"@type":"ImageObject","inLanguage":"en-GB","@id":"https:\/\/skaitytaknyga.lt\/#\/schema\/logo\/image\/","url":"https:\/\/skaitytaknyga.lt\/wp-content\/uploads\/2024\/05\/cropped-cropped-cropped-02_00843_jt3bggkj1j3HLc7SyY6rEUpg.jpeg","contentUrl":"https:\/\/skaitytaknyga.lt\/wp-content\/uploads\/2024\/05\/cropped-cropped-cropped-02_00843_jt3bggkj1j3HLc7SyY6rEUpg.jpeg","width":1600,"height":1600,"caption":"skaitytaknyga.lt"},"image":{"@id":"https:\/\/skaitytaknyga.lt\/#\/schema\/logo\/image\/"},"sameAs":["https:\/\/www.facebook.com\/skaitytaknyga\/"]}]}},"_links":{"self":[{"href":"https:\/\/skaitytaknyga.lt\/en\/wp-json\/wp\/v2\/product\/22844","targetHints":{"allow":["GET"]}}],"collection":[{"href":"https:\/\/skaitytaknyga.lt\/en\/wp-json\/wp\/v2\/product"}],"about":[{"href":"https:\/\/skaitytaknyga.lt\/en\/wp-json\/wp\/v2\/types\/product"}],"replies":[{"embeddable":true,"href":"https:\/\/skaitytaknyga.lt\/en\/wp-json\/wp\/v2\/comments?post=22844"}],"wp:featuredmedia":[{"embeddable":true,"href":"https:\/\/skaitytaknyga.lt\/en\/wp-json\/wp\/v2\/media\/22849"}],"wp:attachment":[{"href":"https:\/\/skaitytaknyga.lt\/en\/wp-json\/wp\/v2\/media?parent=22844"}],"wp:term":[{"taxonomy":"product_brand","embeddable":true,"href":"https:\/\/skaitytaknyga.lt\/en\/wp-json\/wp\/v2\/product_brand?post=22844"},{"taxonomy":"product_cat","embeddable":true,"href":"https:\/\/skaitytaknyga.lt\/en\/wp-json\/wp\/v2\/product_cat?post=22844"},{"taxonomy":"product_tag","embeddable":true,"href":"https:\/\/skaitytaknyga.lt\/en\/wp-json\/wp\/v2\/product_tag?post=22844"}],"curies":[{"name":"wp","href":"https:\/\/api.w.org\/{rel}","templated":true}]}}