{"id":22842,"date":"2026-01-29T17:24:59","date_gmt":"2026-01-29T15:24:59","guid":{"rendered":"https:\/\/skaitytaknyga.lt\/?post_type=product&#038;p=22842"},"modified":"2026-03-05T12:19:37","modified_gmt":"2026-03-05T10:19:37","slug":"vyras-kuris-nepaskambino","status":"publish","type":"product","link":"https:\/\/skaitytaknyga.lt\/en\/produktas\/vyras-kuris-nepaskambino\/","title":{"rendered":"Vyras, kuris nepaskambino"},"content":{"rendered":"<p>\u0160e\u0161ios tobulos dienos. Tada jis dingo.<br \/>\nMeil\u0117s istorija, kurios a\u0161is \u2013 tamsi paslaptis.<br \/>\nKai Sara susipa\u017e\u012fsta su Ed\u017eiu, juodu i\u0161syk pamilsta vienas kit\u0105. Sarai atrodo, kad jos gyvenimas pagaliau prasid\u0117jo, Edis jau\u010dia t\u0105 pat\u012f \u2013 regis, ir jis vis\u0105 gyvenim\u0105 lauk\u0117 jos. Sara tikra, kad juodu su Ed\u017eiu visk\u0105 \u017eino vienas apie kit\u0105. Jam i\u0161vykus anks\u010diau suplanuot\u0173 atostog\u0173 ir pa\u017ead\u0117jus paskambinti i\u0161 oro uosto, ji neturi dingsties juo suabejoti.<br \/>\nBet jis nepaskambina.<br \/>\nDraugai Sarai pataria j\u012f pamir\u0161ti, bet ji negali. Ji \u017eino, kad ka\u017ekas nutiko \u2013 juk reikia visa tai kaip nors paai\u0161kinti.<br \/>\nB\u0117ga minut\u0117s, dienos, savait\u0117s, Sara vis labiau nerimauja. Tada ji supranta, kad yra teisi. Esti prie\u017eastis, d\u0117l kurios Edis dingo. Jis dingo, nes juodu nepasak\u0117 vienas kitam visos tiesos.<br \/>\n\u201eVyras, kuris nepaskambino\u201c \u2013 romanas apie neatskleist\u0173 paslap\u010di\u0173 padarinius, apie praeit\u012f, kuri\u0105 reikia i\u0161mokti pamir\u0161ti, ir apie d\u017eiaugsm\u0105 leidus meilei triumfuoti.<br \/>\nJaudinamai \u0161velni istorija apie meil\u0119, netekt\u012f ir visa tai, kas slypi tarp j\u0173. Nuostabi, atvira, \u0161velni, \u012ftraukianti, nepamir\u0161tama&#8230;<br \/>\nIsabelle Broom, \u201eTavo paslap\u010di\u0173 \u017eem\u0117lapis\u201c autor\u0117<br \/>\nRosie Walsh suk\u016br\u0117 itin \u0161iuolaiki\u0161k\u0105, bet kartu sentimentali\u0105 meil\u0117s istorij\u0105, kuri yra ir kaip detektyvas. Ji  \u012frodo, kad dabartiniam gyvenimui, pertekusiam informacijos, vis tiek prasm\u0117s suteikia ir m\u016bs\u0173 santykiai, kupini laim\u0117s bei skausmo. \u0160i istorija ir sujaudina, ir \u012fkvepia.<br \/>\nSusan Hans O\u2019Connor, \u201ePenguin Bookshop\u201c<\/p>\n","protected":false},"excerpt":{"rendered":"<p>\u0160e\u0161ios tobulos dienos. Tada jis dingo. Meil\u0117s istorija, kurios a\u0161is \u2013 tamsi paslaptis. Kai Sara susipa\u017e\u012fsta su Ed\u017eiu, juodu i\u0161syk pamilsta vienas kit\u0105. Sarai atrodo, kad jos gyvenimas pagaliau prasid\u0117jo, Edis jau\u010dia t\u0105 pat\u012f \u2013 regis, ir jis vis\u0105 gyvenim\u0105 lauk\u0117 jos. Sara tikra, kad juodu su Ed\u017eiu visk\u0105 \u017eino vienas apie kit\u0105. Jam i\u0161vykus anks\u010diau suplanuot\u0173 atostog\u0173 ir pa\u017ead\u0117jus paskambinti i\u0161 oro uosto, ji neturi dingsties juo suabejoti. Bet jis nepaskambina. Draugai Sarai pataria j\u012f pamir\u0161ti, bet ji negali. Ji \u017eino, kad ka\u017ekas nutiko \u2013 juk reikia visa tai kaip nors paai\u0161kinti. B\u0117ga minut\u0117s, dienos, savait\u0117s, Sara vis labiau nerimauja. Tada ji supranta, kad yra teisi. Esti prie\u017eastis, d\u0117l kurios Edis dingo. Jis dingo, nes juodu nepasak\u0117 vienas kitam visos tiesos. \u201eVyras, kuris nepaskambino\u201c \u2013 romanas apie neatskleist\u0173 paslap\u010di\u0173 padarinius, apie praeit\u012f, kuri\u0105 reikia i\u0161mokti pamir\u0161ti, ir apie d\u017eiaugsm\u0105 leidus meilei triumfuoti. Jaudinamai \u0161velni istorija apie meil\u0119, netekt\u012f ir visa tai, kas slypi tarp j\u0173. Nuostabi, atvira, \u0161velni, \u012ftraukianti, nepamir\u0161tama&#8230; Isabelle Broom, \u201eTavo paslap\u010di\u0173 \u017eem\u0117lapis\u201c autor\u0117 Rosie Walsh suk\u016br\u0117 itin \u0161iuolaiki\u0161k\u0105, bet kartu sentimentali\u0105 meil\u0117s istorij\u0105, kuri yra ir kaip detektyvas. Ji \u012frodo, kad dabartiniam gyvenimui, pertekusiam informacijos, vis tiek prasm\u0117s suteikia ir m\u016bs\u0173 santykiai, kupini laim\u0117s bei skausmo. \u0160i istorija ir sujaudina, ir \u012fkvepia. Susan Hans O\u2019Connor, \u201ePenguin Bookshop\u201c<\/p>\n","protected":false},"featured_media":22847,"comment_status":"open","ping_status":"closed","template":"","meta":{"_acf_changed":false,"site-sidebar-layout":"default","site-content-layout":"","ast-site-content-layout":"default","site-content-style":"default","site-sidebar-style":"default","ast-global-header-display":"","ast-banner-title-visibility":"","ast-main-header-display":"","ast-hfb-above-header-display":"","ast-hfb-below-header-display":"","ast-hfb-mobile-header-display":"","site-post-title":"","ast-breadcrumbs-content":"","ast-featured-img":"","footer-sml-layout":"","ast-disable-related-posts":"","theme-transparent-header-meta":"","adv-header-id-meta":"","stick-header-meta":"","header-above-stick-meta":"","header-main-stick-meta":"","header-below-stick-meta":"","astra-migrate-meta-layouts":"default","ast-page-background-enabled":"default","ast-page-background-meta":{"desktop":{"background-color":"","background-image":"","background-repeat":"repeat","background-position":"center center","background-size":"auto","background-attachment":"scroll","background-type":"","background-media":"","overlay-type":"","overlay-color":"","overlay-opacity":"","overlay-gradient":""},"tablet":{"background-color":"","background-image":"","background-repeat":"repeat","background-position":"center center","background-size":"auto","background-attachment":"scroll","background-type":"","background-media":"","overlay-type":"","overlay-color":"","overlay-opacity":"","overlay-gradient":""},"mobile":{"background-color":"","background-image":"","background-repeat":"repeat","background-position":"center center","background-size":"auto","background-attachment":"scroll","background-type":"","background-media":"","overlay-type":"","overlay-color":"","overlay-opacity":"","overlay-gradient":""}},"ast-content-background-meta":{"desktop":{"background-color":"var(--ast-global-color-4)","background-image":"","background-repeat":"repeat","background-position":"center center","background-size":"auto","background-attachment":"scroll","background-type":"","background-media":"","overlay-type":"","overlay-color":"","overlay-opacity":"","overlay-gradient":""},"tablet":{"background-color":"var(--ast-global-color-4)","background-image":"","background-repeat":"repeat","background-position":"center center","background-size":"auto","background-attachment":"scroll","background-type":"","background-media":"","overlay-type":"","overlay-color":"","overlay-opacity":"","overlay-gradient":""},"mobile":{"background-color":"var(--ast-global-color-4)","background-image":"","background-repeat":"repeat","background-position":"center center","background-size":"auto","background-attachment":"scroll","background-type":"","background-media":"","overlay-type":"","overlay-color":"","overlay-opacity":"","overlay-gradient":""}}},"product_brand":[],"product_cat":[9580],"product_tag":[9331],"class_list":{"0":"post-22842","1":"product","2":"type-product","3":"status-publish","4":"has-post-thumbnail","6":"product_cat-psichologiniai-detektyvai","7":"product_tag-ltrosie-walsh","8":"desktop-align-left","9":"tablet-align-left","10":"mobile-align-left","12":"first","13":"instock","14":"shipping-taxable","15":"purchasable","16":"product-type-simple"},"acf":[],"yoast_head":"<!-- This site is optimized with the Yoast SEO plugin v27.0 - https:\/\/yoast.com\/product\/yoast-seo-wordpress\/ -->\n<title>Vyras, kuris nepaskambino<\/title>\n<meta name=\"description\" content=\"\u0160e\u0161ios tobulos dienos. Tada jis dingo. Meil\u0117s istorija, kurios a\u0161is \u2013 tamsi paslaptis. Kai Sara susipa\u017e\u012fsta su Ed\u017eiu, juodu i\u0161syk pamilsta vienas kit\u0105.\" \/>\n<meta name=\"robots\" content=\"index, follow, max-snippet:-1, max-image-preview:large, max-video-preview:-1\" \/>\n<link rel=\"canonical\" href=\"https:\/\/skaitytaknyga.lt\/en\/produktas\/vyras-kuris-nepaskambino\/\" \/>\n<meta property=\"og:locale\" content=\"en_GB\" \/>\n<meta property=\"og:locale:alternate\" content=\"lt_LT\" \/>\n<meta property=\"og:type\" content=\"article\" \/>\n<meta property=\"og:title\" content=\"Vyras, kuris nepaskambino\" \/>\n<meta property=\"og:description\" content=\"\u0160e\u0161ios tobulos dienos. Tada jis dingo. Meil\u0117s istorija, kurios a\u0161is \u2013 tamsi paslaptis. Kai Sara susipa\u017e\u012fsta su Ed\u017eiu, juodu i\u0161syk pamilsta vienas kit\u0105.\" \/>\n<meta property=\"og:url\" content=\"https:\/\/skaitytaknyga.lt\/en\/produktas\/vyras-kuris-nepaskambino\/\" \/>\n<meta property=\"og:site_name\" content=\"Skaitytaknyga\" \/>\n<meta property=\"article:publisher\" content=\"https:\/\/www.facebook.com\/skaitytaknyga\/\" \/>\n<meta property=\"article:modified_time\" content=\"2026-03-05T10:19:37+00:00\" \/>\n<meta property=\"og:image\" content=\"https:\/\/skaitytaknyga.lt\/wp-content\/uploads\/2026\/01\/Vyras-kuris-nepaskambino-1.webp\" \/>\n\t<meta property=\"og:image:width\" content=\"300\" \/>\n\t<meta property=\"og:image:height\" content=\"492\" \/>\n\t<meta property=\"og:image:type\" content=\"image\/webp\" \/>\n<meta name=\"twitter:card\" content=\"summary_large_image\" \/>\n<meta name=\"twitter:label1\" content=\"Estimated reading time\" \/>\n\t<meta name=\"twitter:data1\" content=\"1 minute\" \/>\n<script type=\"application\/ld+json\" class=\"yoast-schema-graph\">{\"@context\":\"https:\/\/schema.org\",\"@graph\":[{\"@type\":\"WebPage\",\"@id\":\"https:\/\/skaitytaknyga.lt\/produktas\/vyras-kuris-nepaskambino\/\",\"url\":\"https:\/\/skaitytaknyga.lt\/produktas\/vyras-kuris-nepaskambino\/\",\"name\":\"Vyras, kuris nepaskambino\",\"isPartOf\":{\"@id\":\"https:\/\/skaitytaknyga.lt\/#website\"},\"primaryImageOfPage\":{\"@id\":\"https:\/\/skaitytaknyga.lt\/produktas\/vyras-kuris-nepaskambino\/#primaryimage\"},\"image\":{\"@id\":\"https:\/\/skaitytaknyga.lt\/produktas\/vyras-kuris-nepaskambino\/#primaryimage\"},\"thumbnailUrl\":\"https:\/\/skaitytaknyga.lt\/wp-content\/uploads\/2026\/01\/Vyras-kuris-nepaskambino-1.webp\",\"datePublished\":\"2026-01-29T15:24:59+00:00\",\"dateModified\":\"2026-03-05T10:19:37+00:00\",\"description\":\"\u0160e\u0161ios tobulos dienos. Tada jis dingo. Meil\u0117s istorija, kurios a\u0161is \u2013 tamsi paslaptis. Kai Sara susipa\u017e\u012fsta su Ed\u017eiu, juodu i\u0161syk pamilsta vienas kit\u0105.\",\"breadcrumb\":{\"@id\":\"https:\/\/skaitytaknyga.lt\/produktas\/vyras-kuris-nepaskambino\/#breadcrumb\"},\"inLanguage\":\"en-GB\",\"potentialAction\":[{\"@type\":\"ReadAction\",\"target\":[\"https:\/\/skaitytaknyga.lt\/produktas\/vyras-kuris-nepaskambino\/\"]}]},{\"@type\":\"ImageObject\",\"inLanguage\":\"en-GB\",\"@id\":\"https:\/\/skaitytaknyga.lt\/produktas\/vyras-kuris-nepaskambino\/#primaryimage\",\"url\":\"https:\/\/skaitytaknyga.lt\/wp-content\/uploads\/2026\/01\/Vyras-kuris-nepaskambino-1.webp\",\"contentUrl\":\"https:\/\/skaitytaknyga.lt\/wp-content\/uploads\/2026\/01\/Vyras-kuris-nepaskambino-1.webp\",\"width\":300,\"height\":492},{\"@type\":\"BreadcrumbList\",\"@id\":\"https:\/\/skaitytaknyga.lt\/produktas\/vyras-kuris-nepaskambino\/#breadcrumb\",\"itemListElement\":[{\"@type\":\"ListItem\",\"position\":1,\"name\":\"Home\",\"item\":\"https:\/\/skaitytaknyga.lt\/\"},{\"@type\":\"ListItem\",\"position\":2,\"name\":\"Parduotuv\u0117\",\"item\":\"https:\/\/skaitytaknyga.lt\/knygu-parduotuve\/\"},{\"@type\":\"ListItem\",\"position\":3,\"name\":\"Vyras, kuris nepaskambino\"}]},{\"@type\":\"WebSite\",\"@id\":\"https:\/\/skaitytaknyga.lt\/#website\",\"url\":\"https:\/\/skaitytaknyga.lt\/\",\"name\":\"skaitytaknyga.lt\",\"description\":\"Skaitytaknyga.lt \u2013 tai ma\u017eas \u0161eimos verslas, kuris prasid\u0117jo nuo meil\u0117s knygoms ir siekio i\u0161gelb\u0117ti knygas nuo likimo prie konteinerio. Kas vienam nereikalingas daiktas \u2013 kitam lobis, o mes esame tarpininkai, kurie padeda abiems tapti laimingesniems ???? \u017dinome kaip nelengva i\u0161gyventi ma\u017eiems verslams, tad nuo \u0161iol, \u010dia rasite ir kit\u0173, ma\u017e\u0173 \u0161eim\u0173 versl\u0173, rank\u0173 darbo, dovan\u0173 sau ir artimiesiems.\",\"publisher\":{\"@id\":\"https:\/\/skaitytaknyga.lt\/#organization\"},\"potentialAction\":[{\"@type\":\"SearchAction\",\"target\":{\"@type\":\"EntryPoint\",\"urlTemplate\":\"https:\/\/skaitytaknyga.lt\/?s={search_term_string}\"},\"query-input\":{\"@type\":\"PropertyValueSpecification\",\"valueRequired\":true,\"valueName\":\"search_term_string\"}}],\"inLanguage\":\"en-GB\"},{\"@type\":\"Organization\",\"@id\":\"https:\/\/skaitytaknyga.lt\/#organization\",\"name\":\"skaitytaknyga.lt\",\"url\":\"https:\/\/skaitytaknyga.lt\/\",\"logo\":{\"@type\":\"ImageObject\",\"inLanguage\":\"en-GB\",\"@id\":\"https:\/\/skaitytaknyga.lt\/#\/schema\/logo\/image\/\",\"url\":\"https:\/\/skaitytaknyga.lt\/wp-content\/uploads\/2024\/05\/cropped-cropped-cropped-02_00843_jt3bggkj1j3HLc7SyY6rEUpg.jpeg\",\"contentUrl\":\"https:\/\/skaitytaknyga.lt\/wp-content\/uploads\/2024\/05\/cropped-cropped-cropped-02_00843_jt3bggkj1j3HLc7SyY6rEUpg.jpeg\",\"width\":1600,\"height\":1600,\"caption\":\"skaitytaknyga.lt\"},\"image\":{\"@id\":\"https:\/\/skaitytaknyga.lt\/#\/schema\/logo\/image\/\"},\"sameAs\":[\"https:\/\/www.facebook.com\/skaitytaknyga\/\"]}]}<\/script>\n<!-- \/ Yoast SEO plugin. -->","yoast_head_json":{"title":"Vyras, kuris nepaskambino","description":"\u0160e\u0161ios tobulos dienos. Tada jis dingo. Meil\u0117s istorija, kurios a\u0161is \u2013 tamsi paslaptis. Kai Sara susipa\u017e\u012fsta su Ed\u017eiu, juodu i\u0161syk pamilsta vienas kit\u0105.","robots":{"index":"index","follow":"follow","max-snippet":"max-snippet:-1","max-image-preview":"max-image-preview:large","max-video-preview":"max-video-preview:-1"},"canonical":"https:\/\/skaitytaknyga.lt\/en\/produktas\/vyras-kuris-nepaskambino\/","og_locale":"en_GB","og_type":"article","og_title":"[:lt]Vyras, kuris nepaskambino[:] - Skaitytaknyga","og_description":"\u0160e\u0161ios tobulos dienos. Tada jis dingo. Meil\u0117s istorija, kurios a\u0161is \u2013 tamsi paslaptis. Kai Sara susipa\u017e\u012fsta su Ed\u017eiu, juodu i\u0161syk pamilsta vienas kit\u0105.","og_url":"https:\/\/skaitytaknyga.lt\/en\/produktas\/vyras-kuris-nepaskambino\/","og_site_name":"Skaitytaknyga","article_publisher":"https:\/\/www.facebook.com\/skaitytaknyga\/","article_modified_time":"2026-03-05T10:19:37+00:00","og_image":[{"width":300,"height":492,"url":"https:\/\/skaitytaknyga.lt\/wp-content\/uploads\/2026\/01\/Vyras-kuris-nepaskambino-1.webp","type":"image\/webp"}],"twitter_card":"summary_large_image","twitter_misc":{"Estimated reading time":"1 minute"},"schema":{"@context":"https:\/\/schema.org","@graph":[{"@type":"WebPage","@id":"https:\/\/skaitytaknyga.lt\/produktas\/vyras-kuris-nepaskambino\/","url":"https:\/\/skaitytaknyga.lt\/produktas\/vyras-kuris-nepaskambino\/","name":"Vyras, kuris nepaskambino","isPartOf":{"@id":"https:\/\/skaitytaknyga.lt\/#website"},"primaryImageOfPage":{"@id":"https:\/\/skaitytaknyga.lt\/produktas\/vyras-kuris-nepaskambino\/#primaryimage"},"image":{"@id":"https:\/\/skaitytaknyga.lt\/produktas\/vyras-kuris-nepaskambino\/#primaryimage"},"thumbnailUrl":"https:\/\/skaitytaknyga.lt\/wp-content\/uploads\/2026\/01\/Vyras-kuris-nepaskambino-1.webp","datePublished":"2026-01-29T15:24:59+00:00","dateModified":"2026-03-05T10:19:37+00:00","description":"\u0160e\u0161ios tobulos dienos. Tada jis dingo. Meil\u0117s istorija, kurios a\u0161is \u2013 tamsi paslaptis. Kai Sara susipa\u017e\u012fsta su Ed\u017eiu, juodu i\u0161syk pamilsta vienas kit\u0105.","breadcrumb":{"@id":"https:\/\/skaitytaknyga.lt\/produktas\/vyras-kuris-nepaskambino\/#breadcrumb"},"inLanguage":"en-GB","potentialAction":[{"@type":"ReadAction","target":["https:\/\/skaitytaknyga.lt\/produktas\/vyras-kuris-nepaskambino\/"]}]},{"@type":"ImageObject","inLanguage":"en-GB","@id":"https:\/\/skaitytaknyga.lt\/produktas\/vyras-kuris-nepaskambino\/#primaryimage","url":"https:\/\/skaitytaknyga.lt\/wp-content\/uploads\/2026\/01\/Vyras-kuris-nepaskambino-1.webp","contentUrl":"https:\/\/skaitytaknyga.lt\/wp-content\/uploads\/2026\/01\/Vyras-kuris-nepaskambino-1.webp","width":300,"height":492},{"@type":"BreadcrumbList","@id":"https:\/\/skaitytaknyga.lt\/produktas\/vyras-kuris-nepaskambino\/#breadcrumb","itemListElement":[{"@type":"ListItem","position":1,"name":"Home","item":"https:\/\/skaitytaknyga.lt\/"},{"@type":"ListItem","position":2,"name":"Parduotuv\u0117","item":"https:\/\/skaitytaknyga.lt\/knygu-parduotuve\/"},{"@type":"ListItem","position":3,"name":"Vyras, kuris nepaskambino"}]},{"@type":"WebSite","@id":"https:\/\/skaitytaknyga.lt\/#website","url":"https:\/\/skaitytaknyga.lt\/","name":"skaitytaknyga.lt","description":"Skaitytaknyga.lt \u2013 tai ma\u017eas \u0161eimos verslas, kuris prasid\u0117jo nuo meil\u0117s knygoms ir siekio i\u0161gelb\u0117ti knygas nuo likimo prie konteinerio. Kas vienam nereikalingas daiktas \u2013 kitam lobis, o mes esame tarpininkai, kurie padeda abiems tapti laimingesniems ???? \u017dinome kaip nelengva i\u0161gyventi ma\u017eiems verslams, tad nuo \u0161iol, \u010dia rasite ir kit\u0173, ma\u017e\u0173 \u0161eim\u0173 versl\u0173, rank\u0173 darbo, dovan\u0173 sau ir artimiesiems.","publisher":{"@id":"https:\/\/skaitytaknyga.lt\/#organization"},"potentialAction":[{"@type":"SearchAction","target":{"@type":"EntryPoint","urlTemplate":"https:\/\/skaitytaknyga.lt\/?s={search_term_string}"},"query-input":{"@type":"PropertyValueSpecification","valueRequired":true,"valueName":"search_term_string"}}],"inLanguage":"en-GB"},{"@type":"Organization","@id":"https:\/\/skaitytaknyga.lt\/#organization","name":"skaitytaknyga.lt","url":"https:\/\/skaitytaknyga.lt\/","logo":{"@type":"ImageObject","inLanguage":"en-GB","@id":"https:\/\/skaitytaknyga.lt\/#\/schema\/logo\/image\/","url":"https:\/\/skaitytaknyga.lt\/wp-content\/uploads\/2024\/05\/cropped-cropped-cropped-02_00843_jt3bggkj1j3HLc7SyY6rEUpg.jpeg","contentUrl":"https:\/\/skaitytaknyga.lt\/wp-content\/uploads\/2024\/05\/cropped-cropped-cropped-02_00843_jt3bggkj1j3HLc7SyY6rEUpg.jpeg","width":1600,"height":1600,"caption":"skaitytaknyga.lt"},"image":{"@id":"https:\/\/skaitytaknyga.lt\/#\/schema\/logo\/image\/"},"sameAs":["https:\/\/www.facebook.com\/skaitytaknyga\/"]}]}},"_links":{"self":[{"href":"https:\/\/skaitytaknyga.lt\/en\/wp-json\/wp\/v2\/product\/22842","targetHints":{"allow":["GET"]}}],"collection":[{"href":"https:\/\/skaitytaknyga.lt\/en\/wp-json\/wp\/v2\/product"}],"about":[{"href":"https:\/\/skaitytaknyga.lt\/en\/wp-json\/wp\/v2\/types\/product"}],"replies":[{"embeddable":true,"href":"https:\/\/skaitytaknyga.lt\/en\/wp-json\/wp\/v2\/comments?post=22842"}],"wp:featuredmedia":[{"embeddable":true,"href":"https:\/\/skaitytaknyga.lt\/en\/wp-json\/wp\/v2\/media\/22847"}],"wp:attachment":[{"href":"https:\/\/skaitytaknyga.lt\/en\/wp-json\/wp\/v2\/media?parent=22842"}],"wp:term":[{"taxonomy":"product_brand","embeddable":true,"href":"https:\/\/skaitytaknyga.lt\/en\/wp-json\/wp\/v2\/product_brand?post=22842"},{"taxonomy":"product_cat","embeddable":true,"href":"https:\/\/skaitytaknyga.lt\/en\/wp-json\/wp\/v2\/product_cat?post=22842"},{"taxonomy":"product_tag","embeddable":true,"href":"https:\/\/skaitytaknyga.lt\/en\/wp-json\/wp\/v2\/product_tag?post=22842"}],"curies":[{"name":"wp","href":"https:\/\/api.w.org\/{rel}","templated":true}]}}