{"id":22836,"date":"2026-01-29T17:12:33","date_gmt":"2026-01-29T15:12:33","guid":{"rendered":"https:\/\/skaitytaknyga.lt\/?post_type=product&#038;p=22836"},"modified":"2026-03-18T11:02:12","modified_gmt":"2026-03-18T09:02:12","slug":"geliu-kalba","status":"publish","type":"product","link":"https:\/\/skaitytaknyga.lt\/en\/produktas\/geliu-kalba\/","title":{"rendered":"G\u0117li\u0173 kalba"},"content":{"rendered":"<p>Viktorija D\u017eons vaikyst\u0119 praleido globos namuose. Sulaukusi a\u0161tuoniolikos juos palieka ir atsiduria&#8230; gatv\u0117je. Mergina neturi nei artim\u0173j\u0173, nei kur eiti, tod\u0117l prieglobst\u012f susiranda vie\u0161ajame parke. Ten u\u017eveisia nedidel\u012f g\u0117lyn\u0105 \u2013 g\u0117les mergina pamilo dar vaikyst\u0117je, klausydamasi glob\u0117jos pasakojim\u0173 apie karalien\u0117s Viktorijos laikais gyvavusi\u0105 g\u0117li\u0173 kalb\u0105.<\/p>\n<p>Karalien\u0117s Viktorijos laikais g\u0117l\u0117s b\u016bdavo pasitelkiamos romanti\u0161koms u\u017euominoms, bet vaikyst\u0117je meil\u0117s nepatyrusiai, niekuo nepasitikin\u010diai ir nieko ar\u010diau prisileisti nemokan\u010diai Viktorijai D\u017eons g\u0117l\u0117s \u2013 vienintelis ry\u0161ys su pasauliu. Per g\u0117les ir j\u0173 reik\u0161mes mergina gali kitiems papasakoti apie savo \u0161irdg\u0117l\u0105, nepasitik\u0117jim\u0105 ir vienatv\u0119.<\/p>\n<p>Vien\u0105 kart\u0105 u\u017e merginos su g\u0117l\u0117mis u\u017ekli\u016bva paslaptingo g\u0117li\u0173 prekeivio \u017evilgsnis. Nepa\u017e\u012fstamasis, \u017einantis tamsiausi\u0105 Viktorijos paslapt\u012f, privers prisiminti skausming\u0105 praeit\u012f, kuri\u0105 ji taip steng\u0117si pamir\u0161ti, ir apsispr\u0119sti, ar verta rizikuoti viskuo, k\u0105 turi, d\u0117l galimyb\u0117s tapti laimingai&#8230;<\/p>\n","protected":false},"excerpt":{"rendered":"<p>Viktorija D\u017eons vaikyst\u0119 praleido globos namuose. Sulaukusi a\u0161tuoniolikos juos palieka ir atsiduria&#8230; gatv\u0117je. Mergina neturi nei artim\u0173j\u0173, nei kur eiti, tod\u0117l prieglobst\u012f susiranda vie\u0161ajame parke. Ten u\u017eveisia nedidel\u012f g\u0117lyn\u0105 \u2013 g\u0117les mergina pamilo dar vaikyst\u0117je, klausydamasi glob\u0117jos pasakojim\u0173 apie karalien\u0117s Viktorijos laikais gyvavusi\u0105 g\u0117li\u0173 kalb\u0105. Karalien\u0117s Viktorijos laikais g\u0117l\u0117s b\u016bdavo pasitelkiamos romanti\u0161koms u\u017euominoms, bet vaikyst\u0117je meil\u0117s nepatyrusiai, niekuo nepasitikin\u010diai ir nieko ar\u010diau prisileisti nemokan\u010diai Viktorijai D\u017eons g\u0117l\u0117s \u2013 vienintelis ry\u0161ys su pasauliu. Per g\u0117les ir j\u0173 reik\u0161mes mergina gali kitiems papasakoti apie savo \u0161irdg\u0117l\u0105, nepasitik\u0117jim\u0105 ir vienatv\u0119. Vien\u0105 kart\u0105 u\u017e merginos su g\u0117l\u0117mis u\u017ekli\u016bva paslaptingo g\u0117li\u0173 prekeivio \u017evilgsnis. Nepa\u017e\u012fstamasis, \u017einantis tamsiausi\u0105 Viktorijos paslapt\u012f, privers prisiminti skausming\u0105 praeit\u012f, kuri\u0105 ji taip steng\u0117si pamir\u0161ti, ir apsispr\u0119sti, ar verta rizikuoti viskuo, k\u0105 turi, d\u0117l galimyb\u0117s tapti laimingai&#8230;<\/p>\n","protected":false},"featured_media":22841,"comment_status":"open","ping_status":"closed","template":"","meta":{"_acf_changed":false,"site-sidebar-layout":"default","site-content-layout":"","ast-site-content-layout":"default","site-content-style":"default","site-sidebar-style":"default","ast-global-header-display":"","ast-banner-title-visibility":"","ast-main-header-display":"","ast-hfb-above-header-display":"","ast-hfb-below-header-display":"","ast-hfb-mobile-header-display":"","site-post-title":"","ast-breadcrumbs-content":"","ast-featured-img":"","footer-sml-layout":"","ast-disable-related-posts":"","theme-transparent-header-meta":"","adv-header-id-meta":"","stick-header-meta":"","header-above-stick-meta":"","header-main-stick-meta":"","header-below-stick-meta":"","astra-migrate-meta-layouts":"default","ast-page-background-enabled":"default","ast-page-background-meta":{"desktop":{"background-color":"","background-image":"","background-repeat":"repeat","background-position":"center center","background-size":"auto","background-attachment":"scroll","background-type":"","background-media":"","overlay-type":"","overlay-color":"","overlay-opacity":"","overlay-gradient":""},"tablet":{"background-color":"","background-image":"","background-repeat":"repeat","background-position":"center center","background-size":"auto","background-attachment":"scroll","background-type":"","background-media":"","overlay-type":"","overlay-color":"","overlay-opacity":"","overlay-gradient":""},"mobile":{"background-color":"","background-image":"","background-repeat":"repeat","background-position":"center center","background-size":"auto","background-attachment":"scroll","background-type":"","background-media":"","overlay-type":"","overlay-color":"","overlay-opacity":"","overlay-gradient":""}},"ast-content-background-meta":{"desktop":{"background-color":"var(--ast-global-color-4)","background-image":"","background-repeat":"repeat","background-position":"center center","background-size":"auto","background-attachment":"scroll","background-type":"","background-media":"","overlay-type":"","overlay-color":"","overlay-opacity":"","overlay-gradient":""},"tablet":{"background-color":"var(--ast-global-color-4)","background-image":"","background-repeat":"repeat","background-position":"center center","background-size":"auto","background-attachment":"scroll","background-type":"","background-media":"","overlay-type":"","overlay-color":"","overlay-opacity":"","overlay-gradient":""},"mobile":{"background-color":"var(--ast-global-color-4)","background-image":"","background-repeat":"repeat","background-position":"center center","background-size":"auto","background-attachment":"scroll","background-type":"","background-media":"","overlay-type":"","overlay-color":"","overlay-opacity":"","overlay-gradient":""}}},"product_brand":[],"product_cat":[9734],"product_tag":[9330],"class_list":{"0":"post-22836","1":"product","2":"type-product","3":"status-publish","4":"has-post-thumbnail","6":"product_cat-romanai","7":"product_tag-ltvanessa-diffenbaugh","8":"desktop-align-left","9":"tablet-align-left","10":"mobile-align-left","12":"first","13":"instock","14":"shipping-taxable","15":"purchasable","16":"product-type-simple"},"acf":[],"yoast_head":"<!-- This site is optimized with the Yoast SEO plugin v27.0 - https:\/\/yoast.com\/product\/yoast-seo-wordpress\/ -->\n<title>G\u0117li\u0173 kalba<\/title>\n<meta name=\"description\" content=\"Viktorija D\u017eons vaikyst\u0119 praleido globos namuose. Sulaukusi a\u0161tuoniolikos juos palieka ir atsiduria... gatv\u0117je. Mergina neturi nei artim\u0173j\u0173, nei kur eiti,\" \/>\n<meta name=\"robots\" content=\"index, follow, max-snippet:-1, max-image-preview:large, max-video-preview:-1\" \/>\n<link rel=\"canonical\" href=\"https:\/\/skaitytaknyga.lt\/en\/produktas\/geliu-kalba\/\" \/>\n<meta property=\"og:locale\" content=\"en_GB\" \/>\n<meta property=\"og:locale:alternate\" content=\"lt_LT\" \/>\n<meta property=\"og:type\" content=\"article\" \/>\n<meta property=\"og:title\" content=\"G\u0117li\u0173 kalba\" \/>\n<meta property=\"og:description\" content=\"Viktorija D\u017eons vaikyst\u0119 praleido globos namuose. Sulaukusi a\u0161tuoniolikos juos palieka ir atsiduria... gatv\u0117je. Mergina neturi nei artim\u0173j\u0173, nei kur eiti,\" \/>\n<meta property=\"og:url\" content=\"https:\/\/skaitytaknyga.lt\/en\/produktas\/geliu-kalba\/\" \/>\n<meta property=\"og:site_name\" content=\"Skaitytaknyga\" \/>\n<meta property=\"article:publisher\" content=\"https:\/\/www.facebook.com\/skaitytaknyga\/\" \/>\n<meta property=\"article:modified_time\" content=\"2026-03-18T09:02:12+00:00\" \/>\n<meta property=\"og:image\" content=\"https:\/\/skaitytaknyga.lt\/wp-content\/uploads\/2026\/01\/Geliu-kalba-1.webp\" \/>\n\t<meta property=\"og:image:width\" content=\"300\" \/>\n\t<meta property=\"og:image:height\" content=\"492\" \/>\n\t<meta property=\"og:image:type\" content=\"image\/webp\" \/>\n<meta name=\"twitter:card\" content=\"summary_large_image\" \/>\n<meta name=\"twitter:label1\" content=\"Estimated reading time\" \/>\n\t<meta name=\"twitter:data1\" content=\"1 minute\" \/>\n<script type=\"application\/ld+json\" class=\"yoast-schema-graph\">{\"@context\":\"https:\/\/schema.org\",\"@graph\":[{\"@type\":\"WebPage\",\"@id\":\"https:\/\/skaitytaknyga.lt\/produktas\/geliu-kalba\/\",\"url\":\"https:\/\/skaitytaknyga.lt\/produktas\/geliu-kalba\/\",\"name\":\"G\u0117li\u0173 kalba\",\"isPartOf\":{\"@id\":\"https:\/\/skaitytaknyga.lt\/#website\"},\"primaryImageOfPage\":{\"@id\":\"https:\/\/skaitytaknyga.lt\/produktas\/geliu-kalba\/#primaryimage\"},\"image\":{\"@id\":\"https:\/\/skaitytaknyga.lt\/produktas\/geliu-kalba\/#primaryimage\"},\"thumbnailUrl\":\"https:\/\/skaitytaknyga.lt\/wp-content\/uploads\/2026\/01\/Geliu-kalba-1.webp\",\"datePublished\":\"2026-01-29T15:12:33+00:00\",\"dateModified\":\"2026-03-18T09:02:12+00:00\",\"description\":\"Viktorija D\u017eons vaikyst\u0119 praleido globos namuose. Sulaukusi a\u0161tuoniolikos juos palieka ir atsiduria... gatv\u0117je. Mergina neturi nei artim\u0173j\u0173, nei kur eiti,\",\"breadcrumb\":{\"@id\":\"https:\/\/skaitytaknyga.lt\/produktas\/geliu-kalba\/#breadcrumb\"},\"inLanguage\":\"en-GB\",\"potentialAction\":[{\"@type\":\"ReadAction\",\"target\":[\"https:\/\/skaitytaknyga.lt\/produktas\/geliu-kalba\/\"]}]},{\"@type\":\"ImageObject\",\"inLanguage\":\"en-GB\",\"@id\":\"https:\/\/skaitytaknyga.lt\/produktas\/geliu-kalba\/#primaryimage\",\"url\":\"https:\/\/skaitytaknyga.lt\/wp-content\/uploads\/2026\/01\/Geliu-kalba-1.webp\",\"contentUrl\":\"https:\/\/skaitytaknyga.lt\/wp-content\/uploads\/2026\/01\/Geliu-kalba-1.webp\",\"width\":300,\"height\":492,\"caption\":\"G\u0117li\u0173 kalba\"},{\"@type\":\"BreadcrumbList\",\"@id\":\"https:\/\/skaitytaknyga.lt\/produktas\/geliu-kalba\/#breadcrumb\",\"itemListElement\":[{\"@type\":\"ListItem\",\"position\":1,\"name\":\"Home\",\"item\":\"https:\/\/skaitytaknyga.lt\/\"},{\"@type\":\"ListItem\",\"position\":2,\"name\":\"Parduotuv\u0117\",\"item\":\"https:\/\/skaitytaknyga.lt\/knygu-parduotuve\/\"},{\"@type\":\"ListItem\",\"position\":3,\"name\":\"G\u0117li\u0173 kalba\"}]},{\"@type\":\"WebSite\",\"@id\":\"https:\/\/skaitytaknyga.lt\/#website\",\"url\":\"https:\/\/skaitytaknyga.lt\/\",\"name\":\"skaitytaknyga.lt\",\"description\":\"Skaitytaknyga.lt \u2013 tai ma\u017eas \u0161eimos verslas, kuris prasid\u0117jo nuo meil\u0117s knygoms ir siekio i\u0161gelb\u0117ti knygas nuo likimo prie konteinerio. Kas vienam nereikalingas daiktas \u2013 kitam lobis, o mes esame tarpininkai, kurie padeda abiems tapti laimingesniems ???? \u017dinome kaip nelengva i\u0161gyventi ma\u017eiems verslams, tad nuo \u0161iol, \u010dia rasite ir kit\u0173, ma\u017e\u0173 \u0161eim\u0173 versl\u0173, rank\u0173 darbo, dovan\u0173 sau ir artimiesiems.\",\"publisher\":{\"@id\":\"https:\/\/skaitytaknyga.lt\/#organization\"},\"potentialAction\":[{\"@type\":\"SearchAction\",\"target\":{\"@type\":\"EntryPoint\",\"urlTemplate\":\"https:\/\/skaitytaknyga.lt\/?s={search_term_string}\"},\"query-input\":{\"@type\":\"PropertyValueSpecification\",\"valueRequired\":true,\"valueName\":\"search_term_string\"}}],\"inLanguage\":\"en-GB\"},{\"@type\":\"Organization\",\"@id\":\"https:\/\/skaitytaknyga.lt\/#organization\",\"name\":\"skaitytaknyga.lt\",\"url\":\"https:\/\/skaitytaknyga.lt\/\",\"logo\":{\"@type\":\"ImageObject\",\"inLanguage\":\"en-GB\",\"@id\":\"https:\/\/skaitytaknyga.lt\/#\/schema\/logo\/image\/\",\"url\":\"https:\/\/skaitytaknyga.lt\/wp-content\/uploads\/2024\/05\/cropped-cropped-cropped-02_00843_jt3bggkj1j3HLc7SyY6rEUpg.jpeg\",\"contentUrl\":\"https:\/\/skaitytaknyga.lt\/wp-content\/uploads\/2024\/05\/cropped-cropped-cropped-02_00843_jt3bggkj1j3HLc7SyY6rEUpg.jpeg\",\"width\":1600,\"height\":1600,\"caption\":\"skaitytaknyga.lt\"},\"image\":{\"@id\":\"https:\/\/skaitytaknyga.lt\/#\/schema\/logo\/image\/\"},\"sameAs\":[\"https:\/\/www.facebook.com\/skaitytaknyga\/\"]}]}<\/script>\n<!-- \/ Yoast SEO plugin. -->","yoast_head_json":{"title":"G\u0117li\u0173 kalba","description":"Viktorija D\u017eons vaikyst\u0119 praleido globos namuose. Sulaukusi a\u0161tuoniolikos juos palieka ir atsiduria... gatv\u0117je. Mergina neturi nei artim\u0173j\u0173, nei kur eiti,","robots":{"index":"index","follow":"follow","max-snippet":"max-snippet:-1","max-image-preview":"max-image-preview:large","max-video-preview":"max-video-preview:-1"},"canonical":"https:\/\/skaitytaknyga.lt\/en\/produktas\/geliu-kalba\/","og_locale":"en_GB","og_type":"article","og_title":"[:lt]G\u0117li\u0173 kalba[:] - Skaitytaknyga","og_description":"Viktorija D\u017eons vaikyst\u0119 praleido globos namuose. Sulaukusi a\u0161tuoniolikos juos palieka ir atsiduria... gatv\u0117je. Mergina neturi nei artim\u0173j\u0173, nei kur eiti,","og_url":"https:\/\/skaitytaknyga.lt\/en\/produktas\/geliu-kalba\/","og_site_name":"Skaitytaknyga","article_publisher":"https:\/\/www.facebook.com\/skaitytaknyga\/","article_modified_time":"2026-03-18T09:02:12+00:00","og_image":[{"width":300,"height":492,"url":"https:\/\/skaitytaknyga.lt\/wp-content\/uploads\/2026\/01\/Geliu-kalba-1.webp","type":"image\/webp"}],"twitter_card":"summary_large_image","twitter_misc":{"Estimated reading time":"1 minute"},"schema":{"@context":"https:\/\/schema.org","@graph":[{"@type":"WebPage","@id":"https:\/\/skaitytaknyga.lt\/produktas\/geliu-kalba\/","url":"https:\/\/skaitytaknyga.lt\/produktas\/geliu-kalba\/","name":"G\u0117li\u0173 kalba","isPartOf":{"@id":"https:\/\/skaitytaknyga.lt\/#website"},"primaryImageOfPage":{"@id":"https:\/\/skaitytaknyga.lt\/produktas\/geliu-kalba\/#primaryimage"},"image":{"@id":"https:\/\/skaitytaknyga.lt\/produktas\/geliu-kalba\/#primaryimage"},"thumbnailUrl":"https:\/\/skaitytaknyga.lt\/wp-content\/uploads\/2026\/01\/Geliu-kalba-1.webp","datePublished":"2026-01-29T15:12:33+00:00","dateModified":"2026-03-18T09:02:12+00:00","description":"Viktorija D\u017eons vaikyst\u0119 praleido globos namuose. Sulaukusi a\u0161tuoniolikos juos palieka ir atsiduria... gatv\u0117je. Mergina neturi nei artim\u0173j\u0173, nei kur eiti,","breadcrumb":{"@id":"https:\/\/skaitytaknyga.lt\/produktas\/geliu-kalba\/#breadcrumb"},"inLanguage":"en-GB","potentialAction":[{"@type":"ReadAction","target":["https:\/\/skaitytaknyga.lt\/produktas\/geliu-kalba\/"]}]},{"@type":"ImageObject","inLanguage":"en-GB","@id":"https:\/\/skaitytaknyga.lt\/produktas\/geliu-kalba\/#primaryimage","url":"https:\/\/skaitytaknyga.lt\/wp-content\/uploads\/2026\/01\/Geliu-kalba-1.webp","contentUrl":"https:\/\/skaitytaknyga.lt\/wp-content\/uploads\/2026\/01\/Geliu-kalba-1.webp","width":300,"height":492,"caption":"G\u0117li\u0173 kalba"},{"@type":"BreadcrumbList","@id":"https:\/\/skaitytaknyga.lt\/produktas\/geliu-kalba\/#breadcrumb","itemListElement":[{"@type":"ListItem","position":1,"name":"Home","item":"https:\/\/skaitytaknyga.lt\/"},{"@type":"ListItem","position":2,"name":"Parduotuv\u0117","item":"https:\/\/skaitytaknyga.lt\/knygu-parduotuve\/"},{"@type":"ListItem","position":3,"name":"G\u0117li\u0173 kalba"}]},{"@type":"WebSite","@id":"https:\/\/skaitytaknyga.lt\/#website","url":"https:\/\/skaitytaknyga.lt\/","name":"skaitytaknyga.lt","description":"Skaitytaknyga.lt \u2013 tai ma\u017eas \u0161eimos verslas, kuris prasid\u0117jo nuo meil\u0117s knygoms ir siekio i\u0161gelb\u0117ti knygas nuo likimo prie konteinerio. Kas vienam nereikalingas daiktas \u2013 kitam lobis, o mes esame tarpininkai, kurie padeda abiems tapti laimingesniems ???? \u017dinome kaip nelengva i\u0161gyventi ma\u017eiems verslams, tad nuo \u0161iol, \u010dia rasite ir kit\u0173, ma\u017e\u0173 \u0161eim\u0173 versl\u0173, rank\u0173 darbo, dovan\u0173 sau ir artimiesiems.","publisher":{"@id":"https:\/\/skaitytaknyga.lt\/#organization"},"potentialAction":[{"@type":"SearchAction","target":{"@type":"EntryPoint","urlTemplate":"https:\/\/skaitytaknyga.lt\/?s={search_term_string}"},"query-input":{"@type":"PropertyValueSpecification","valueRequired":true,"valueName":"search_term_string"}}],"inLanguage":"en-GB"},{"@type":"Organization","@id":"https:\/\/skaitytaknyga.lt\/#organization","name":"skaitytaknyga.lt","url":"https:\/\/skaitytaknyga.lt\/","logo":{"@type":"ImageObject","inLanguage":"en-GB","@id":"https:\/\/skaitytaknyga.lt\/#\/schema\/logo\/image\/","url":"https:\/\/skaitytaknyga.lt\/wp-content\/uploads\/2024\/05\/cropped-cropped-cropped-02_00843_jt3bggkj1j3HLc7SyY6rEUpg.jpeg","contentUrl":"https:\/\/skaitytaknyga.lt\/wp-content\/uploads\/2024\/05\/cropped-cropped-cropped-02_00843_jt3bggkj1j3HLc7SyY6rEUpg.jpeg","width":1600,"height":1600,"caption":"skaitytaknyga.lt"},"image":{"@id":"https:\/\/skaitytaknyga.lt\/#\/schema\/logo\/image\/"},"sameAs":["https:\/\/www.facebook.com\/skaitytaknyga\/"]}]}},"_links":{"self":[{"href":"https:\/\/skaitytaknyga.lt\/en\/wp-json\/wp\/v2\/product\/22836","targetHints":{"allow":["GET"]}}],"collection":[{"href":"https:\/\/skaitytaknyga.lt\/en\/wp-json\/wp\/v2\/product"}],"about":[{"href":"https:\/\/skaitytaknyga.lt\/en\/wp-json\/wp\/v2\/types\/product"}],"replies":[{"embeddable":true,"href":"https:\/\/skaitytaknyga.lt\/en\/wp-json\/wp\/v2\/comments?post=22836"}],"wp:featuredmedia":[{"embeddable":true,"href":"https:\/\/skaitytaknyga.lt\/en\/wp-json\/wp\/v2\/media\/22841"}],"wp:attachment":[{"href":"https:\/\/skaitytaknyga.lt\/en\/wp-json\/wp\/v2\/media?parent=22836"}],"wp:term":[{"taxonomy":"product_brand","embeddable":true,"href":"https:\/\/skaitytaknyga.lt\/en\/wp-json\/wp\/v2\/product_brand?post=22836"},{"taxonomy":"product_cat","embeddable":true,"href":"https:\/\/skaitytaknyga.lt\/en\/wp-json\/wp\/v2\/product_cat?post=22836"},{"taxonomy":"product_tag","embeddable":true,"href":"https:\/\/skaitytaknyga.lt\/en\/wp-json\/wp\/v2\/product_tag?post=22836"}],"curies":[{"name":"wp","href":"https:\/\/api.w.org\/{rel}","templated":true}]}}