{"id":22833,"date":"2026-01-29T17:12:32","date_gmt":"2026-01-29T15:12:32","guid":{"rendered":"https:\/\/skaitytaknyga.lt\/?post_type=product&#038;p=22833"},"modified":"2026-03-18T10:28:50","modified_gmt":"2026-03-18T08:28:50","slug":"imperatores-haremas","status":"publish","type":"product","link":"https:\/\/skaitytaknyga.lt\/en\/produktas\/imperatores-haremas\/","title":{"rendered":"Imperator\u0117s haremas"},"content":{"rendered":"<p>Pirmiausia esu moteris, o tik po to imperator\u0117<\/p>\n<p>\u201eJi tikra Pr\u016bsijos kaizerio dukt\u0117, nes negali n\u0117 vienos nakties praleisti be kari\u0161ki\u0173, ypa\u010d be gra\u017ei\u0173 kari\u0161ki\u0173.\u201c &#8211; Rusijos valstyb\u0117s kancleris, grafas Bestu\u017eevas<\/p>\n<p>\u201eJi jau\u010dia, kaip dar suliepsnoja \u0161irdis, pap\u016btus pavasario v\u0117jui, kai per dang\u0173 atkeliauja pilk\u0173j\u0173 gervi\u0173 vilkstin\u0117s, o visur mi\u0161kuose ir mi\u0161keliuose i\u0161sitiesia \u017eydrasis \u017eibuokli\u0173 kilimas. Ji myli tokius pavasarius, ilgisi j\u0173, nori juos apkabinti, kaip daugyb\u0119 t\u0173 gra\u017euoli\u0173, kuriuos per savo gyvenim\u0105 apkabino ir nenor\u0117jo paleisti. Gal jai Auk\u0161\u010diausiasis \u012f kr\u016btin\u0119 \u012fd\u0117jo kar\u0161tesn\u0119 \u0161ird\u012f, gilesnius jausmus ir am\u017ein\u0105 atmint\u012f? K\u0105 gali \u017einoti?\u201c<\/p>\n<p>Imperator\u0117s Jekaterinos II (vadinamos Did\u017ei\u0105ja) gyvenimas \u2013 sud\u0117tingas, \u012fdomus, nepalyginamas n\u0117 su vieno imperatoriaus, nebent su Petro Did\u017eiojo. Jekaterina II buvo \u017eavi ir meili moteris, nepaprastai i\u0161silavinusi, gerai i\u0161mananti literat\u016br\u0105, filosofij\u0105, mokanti svetim\u0173 kalb\u0173 (pranc\u016bzi\u0161kai kalb\u0117jo visai laisvai), sugebanti vadovauti ir valdyti galing\u0105 valstyb\u0119. Bet istorija j\u0105 prisimins vis\u0173 pirma d\u0117l ne\u017eabot\u0173 seksualini\u0173 polinki\u0173 ir aistr\u0173.<\/p>\n<p>Gerokai protingesn\u0117 u\u017e meilu\u017eius ir sosto med\u017eiotojus, savo favoritus tuojau pat paversdavo vergais. Kiek buvo imperatori\u0173 ir kavalieri\u0173, bet n\u0117 vienas i\u0161 j\u0173 nesusilygino su Jekaterina II, nors ji pati sakydavo: \u201eImperator\u0117 vis\u0173 pirma yra moteris, tik po to \u2013 imperator\u0117 ir vyriausioji kariuomen\u0117s vad\u0117\u201c<\/p>\n","protected":false},"excerpt":{"rendered":"<p>Pirmiausia esu moteris, o tik po to imperator\u0117 \u201eJi tikra Pr\u016bsijos kaizerio dukt\u0117, nes negali n\u0117 vienos nakties praleisti be kari\u0161ki\u0173, ypa\u010d be gra\u017ei\u0173 kari\u0161ki\u0173.\u201c &#8211; Rusijos valstyb\u0117s kancleris, grafas Bestu\u017eevas \u201eJi jau\u010dia, kaip dar suliepsnoja \u0161irdis, pap\u016btus pavasario v\u0117jui, kai per dang\u0173 atkeliauja pilk\u0173j\u0173 gervi\u0173 vilkstin\u0117s, o visur mi\u0161kuose ir mi\u0161keliuose i\u0161sitiesia \u017eydrasis \u017eibuokli\u0173 kilimas. Ji myli tokius pavasarius, ilgisi j\u0173, nori juos apkabinti, kaip daugyb\u0119 t\u0173 gra\u017euoli\u0173, kuriuos per savo gyvenim\u0105 apkabino ir nenor\u0117jo paleisti. Gal jai Auk\u0161\u010diausiasis \u012f kr\u016btin\u0119 \u012fd\u0117jo kar\u0161tesn\u0119 \u0161ird\u012f, gilesnius jausmus ir am\u017ein\u0105 atmint\u012f? K\u0105 gali \u017einoti?\u201c Imperator\u0117s Jekaterinos II (vadinamos Did\u017ei\u0105ja) gyvenimas \u2013 sud\u0117tingas, \u012fdomus, nepalyginamas n\u0117 su vieno imperatoriaus, nebent su Petro Did\u017eiojo. Jekaterina II buvo \u017eavi ir meili moteris, nepaprastai i\u0161silavinusi, gerai i\u0161mananti literat\u016br\u0105, filosofij\u0105, mokanti svetim\u0173 kalb\u0173 (pranc\u016bzi\u0161kai kalb\u0117jo visai laisvai), sugebanti vadovauti ir valdyti galing\u0105 valstyb\u0119. Bet istorija j\u0105 prisimins vis\u0173 pirma d\u0117l ne\u017eabot\u0173 seksualini\u0173 polinki\u0173 ir aistr\u0173. Gerokai protingesn\u0117 u\u017e meilu\u017eius ir sosto med\u017eiotojus, savo favoritus tuojau pat paversdavo vergais. Kiek buvo imperatori\u0173 ir kavalieri\u0173, bet n\u0117 vienas i\u0161 j\u0173 nesusilygino su Jekaterina II, nors ji pati sakydavo: \u201eImperator\u0117 vis\u0173 pirma yra moteris, tik po to \u2013 imperator\u0117 ir vyriausioji kariuomen\u0117s vad\u0117\u201c<\/p>\n","protected":false},"featured_media":22838,"comment_status":"open","ping_status":"closed","template":"","meta":{"_acf_changed":false,"site-sidebar-layout":"default","site-content-layout":"","ast-site-content-layout":"default","site-content-style":"default","site-sidebar-style":"default","ast-global-header-display":"","ast-banner-title-visibility":"","ast-main-header-display":"","ast-hfb-above-header-display":"","ast-hfb-below-header-display":"","ast-hfb-mobile-header-display":"","site-post-title":"","ast-breadcrumbs-content":"","ast-featured-img":"","footer-sml-layout":"","ast-disable-related-posts":"","theme-transparent-header-meta":"","adv-header-id-meta":"","stick-header-meta":"","header-above-stick-meta":"","header-main-stick-meta":"","header-below-stick-meta":"","astra-migrate-meta-layouts":"default","ast-page-background-enabled":"default","ast-page-background-meta":{"desktop":{"background-color":"","background-image":"","background-repeat":"repeat","background-position":"center center","background-size":"auto","background-attachment":"scroll","background-type":"","background-media":"","overlay-type":"","overlay-color":"","overlay-opacity":"","overlay-gradient":""},"tablet":{"background-color":"","background-image":"","background-repeat":"repeat","background-position":"center center","background-size":"auto","background-attachment":"scroll","background-type":"","background-media":"","overlay-type":"","overlay-color":"","overlay-opacity":"","overlay-gradient":""},"mobile":{"background-color":"","background-image":"","background-repeat":"repeat","background-position":"center center","background-size":"auto","background-attachment":"scroll","background-type":"","background-media":"","overlay-type":"","overlay-color":"","overlay-opacity":"","overlay-gradient":""}},"ast-content-background-meta":{"desktop":{"background-color":"var(--ast-global-color-4)","background-image":"","background-repeat":"repeat","background-position":"center center","background-size":"auto","background-attachment":"scroll","background-type":"","background-media":"","overlay-type":"","overlay-color":"","overlay-opacity":"","overlay-gradient":""},"tablet":{"background-color":"var(--ast-global-color-4)","background-image":"","background-repeat":"repeat","background-position":"center center","background-size":"auto","background-attachment":"scroll","background-type":"","background-media":"","overlay-type":"","overlay-color":"","overlay-opacity":"","overlay-gradient":""},"mobile":{"background-color":"var(--ast-global-color-4)","background-image":"","background-repeat":"repeat","background-position":"center center","background-size":"auto","background-attachment":"scroll","background-type":"","background-media":"","overlay-type":"","overlay-color":"","overlay-opacity":"","overlay-gradient":""}}},"product_brand":[],"product_cat":[9618],"product_tag":[],"class_list":{"0":"post-22833","1":"product","2":"type-product","3":"status-publish","4":"has-post-thumbnail","6":"product_cat-istoriniai-romanai","7":"desktop-align-left","8":"tablet-align-left","9":"mobile-align-left","11":"first","12":"instock","13":"shipping-taxable","14":"purchasable","15":"product-type-simple"},"acf":[],"yoast_head":"<!-- This site is optimized with the Yoast SEO plugin v27.0 - https:\/\/yoast.com\/product\/yoast-seo-wordpress\/ -->\n<title>Imperator\u0117s haremas<\/title>\n<meta name=\"description\" content=\"Pirmiausia esu moteris, o tik po to imperator\u0117 \u201eJi tikra Pr\u016bsijos kaizerio dukt\u0117, nes negali n\u0117 vienos nakties praleisti be kari\u0161ki\u0173, ypa\u010d be gra\u017ei\u0173\" \/>\n<meta name=\"robots\" content=\"index, follow, max-snippet:-1, max-image-preview:large, max-video-preview:-1\" \/>\n<link rel=\"canonical\" href=\"https:\/\/skaitytaknyga.lt\/en\/produktas\/imperatores-haremas\/\" \/>\n<meta property=\"og:locale\" content=\"en_GB\" \/>\n<meta property=\"og:locale:alternate\" content=\"lt_LT\" \/>\n<meta property=\"og:type\" content=\"article\" \/>\n<meta property=\"og:title\" content=\"Imperator\u0117s haremas\" \/>\n<meta property=\"og:description\" content=\"Pirmiausia esu moteris, o tik po to imperator\u0117 \u201eJi tikra Pr\u016bsijos kaizerio dukt\u0117, nes negali n\u0117 vienos nakties praleisti be kari\u0161ki\u0173, ypa\u010d be gra\u017ei\u0173\" \/>\n<meta property=\"og:url\" content=\"https:\/\/skaitytaknyga.lt\/en\/produktas\/imperatores-haremas\/\" \/>\n<meta property=\"og:site_name\" content=\"Skaitytaknyga\" \/>\n<meta property=\"article:publisher\" content=\"https:\/\/www.facebook.com\/skaitytaknyga\/\" \/>\n<meta property=\"article:modified_time\" content=\"2026-03-18T08:28:50+00:00\" \/>\n<meta property=\"og:image\" content=\"https:\/\/skaitytaknyga.lt\/wp-content\/uploads\/2026\/01\/Imperatores-haremas.webp\" \/>\n\t<meta property=\"og:image:width\" content=\"300\" \/>\n\t<meta property=\"og:image:height\" content=\"465\" \/>\n\t<meta property=\"og:image:type\" content=\"image\/webp\" \/>\n<meta name=\"twitter:card\" content=\"summary_large_image\" \/>\n<meta name=\"twitter:label1\" content=\"Estimated reading time\" \/>\n\t<meta name=\"twitter:data1\" content=\"1 minute\" \/>\n<script type=\"application\/ld+json\" class=\"yoast-schema-graph\">{\"@context\":\"https:\/\/schema.org\",\"@graph\":[{\"@type\":\"WebPage\",\"@id\":\"https:\/\/skaitytaknyga.lt\/produktas\/imperatores-haremas\/\",\"url\":\"https:\/\/skaitytaknyga.lt\/produktas\/imperatores-haremas\/\",\"name\":\"Imperator\u0117s haremas\",\"isPartOf\":{\"@id\":\"https:\/\/skaitytaknyga.lt\/#website\"},\"primaryImageOfPage\":{\"@id\":\"https:\/\/skaitytaknyga.lt\/produktas\/imperatores-haremas\/#primaryimage\"},\"image\":{\"@id\":\"https:\/\/skaitytaknyga.lt\/produktas\/imperatores-haremas\/#primaryimage\"},\"thumbnailUrl\":\"https:\/\/skaitytaknyga.lt\/wp-content\/uploads\/2026\/01\/Imperatores-haremas.webp\",\"datePublished\":\"2026-01-29T15:12:32+00:00\",\"dateModified\":\"2026-03-18T08:28:50+00:00\",\"description\":\"Pirmiausia esu moteris, o tik po to imperator\u0117 \u201eJi tikra Pr\u016bsijos kaizerio dukt\u0117, nes negali n\u0117 vienos nakties praleisti be kari\u0161ki\u0173, ypa\u010d be gra\u017ei\u0173\",\"breadcrumb\":{\"@id\":\"https:\/\/skaitytaknyga.lt\/produktas\/imperatores-haremas\/#breadcrumb\"},\"inLanguage\":\"en-GB\",\"potentialAction\":[{\"@type\":\"ReadAction\",\"target\":[\"https:\/\/skaitytaknyga.lt\/produktas\/imperatores-haremas\/\"]}]},{\"@type\":\"ImageObject\",\"inLanguage\":\"en-GB\",\"@id\":\"https:\/\/skaitytaknyga.lt\/produktas\/imperatores-haremas\/#primaryimage\",\"url\":\"https:\/\/skaitytaknyga.lt\/wp-content\/uploads\/2026\/01\/Imperatores-haremas.webp\",\"contentUrl\":\"https:\/\/skaitytaknyga.lt\/wp-content\/uploads\/2026\/01\/Imperatores-haremas.webp\",\"width\":300,\"height\":465},{\"@type\":\"BreadcrumbList\",\"@id\":\"https:\/\/skaitytaknyga.lt\/produktas\/imperatores-haremas\/#breadcrumb\",\"itemListElement\":[{\"@type\":\"ListItem\",\"position\":1,\"name\":\"Home\",\"item\":\"https:\/\/skaitytaknyga.lt\/\"},{\"@type\":\"ListItem\",\"position\":2,\"name\":\"Parduotuv\u0117\",\"item\":\"https:\/\/skaitytaknyga.lt\/knygu-parduotuve\/\"},{\"@type\":\"ListItem\",\"position\":3,\"name\":\"Imperator\u0117s haremas\"}]},{\"@type\":\"WebSite\",\"@id\":\"https:\/\/skaitytaknyga.lt\/#website\",\"url\":\"https:\/\/skaitytaknyga.lt\/\",\"name\":\"skaitytaknyga.lt\",\"description\":\"Skaitytaknyga.lt \u2013 tai ma\u017eas \u0161eimos verslas, kuris prasid\u0117jo nuo meil\u0117s knygoms ir siekio i\u0161gelb\u0117ti knygas nuo likimo prie konteinerio. Kas vienam nereikalingas daiktas \u2013 kitam lobis, o mes esame tarpininkai, kurie padeda abiems tapti laimingesniems ???? \u017dinome kaip nelengva i\u0161gyventi ma\u017eiems verslams, tad nuo \u0161iol, \u010dia rasite ir kit\u0173, ma\u017e\u0173 \u0161eim\u0173 versl\u0173, rank\u0173 darbo, dovan\u0173 sau ir artimiesiems.\",\"publisher\":{\"@id\":\"https:\/\/skaitytaknyga.lt\/#organization\"},\"potentialAction\":[{\"@type\":\"SearchAction\",\"target\":{\"@type\":\"EntryPoint\",\"urlTemplate\":\"https:\/\/skaitytaknyga.lt\/?s={search_term_string}\"},\"query-input\":{\"@type\":\"PropertyValueSpecification\",\"valueRequired\":true,\"valueName\":\"search_term_string\"}}],\"inLanguage\":\"en-GB\"},{\"@type\":\"Organization\",\"@id\":\"https:\/\/skaitytaknyga.lt\/#organization\",\"name\":\"skaitytaknyga.lt\",\"url\":\"https:\/\/skaitytaknyga.lt\/\",\"logo\":{\"@type\":\"ImageObject\",\"inLanguage\":\"en-GB\",\"@id\":\"https:\/\/skaitytaknyga.lt\/#\/schema\/logo\/image\/\",\"url\":\"https:\/\/skaitytaknyga.lt\/wp-content\/uploads\/2024\/05\/cropped-cropped-cropped-02_00843_jt3bggkj1j3HLc7SyY6rEUpg.jpeg\",\"contentUrl\":\"https:\/\/skaitytaknyga.lt\/wp-content\/uploads\/2024\/05\/cropped-cropped-cropped-02_00843_jt3bggkj1j3HLc7SyY6rEUpg.jpeg\",\"width\":1600,\"height\":1600,\"caption\":\"skaitytaknyga.lt\"},\"image\":{\"@id\":\"https:\/\/skaitytaknyga.lt\/#\/schema\/logo\/image\/\"},\"sameAs\":[\"https:\/\/www.facebook.com\/skaitytaknyga\/\"]}]}<\/script>\n<!-- \/ Yoast SEO plugin. -->","yoast_head_json":{"title":"Imperator\u0117s haremas","description":"Pirmiausia esu moteris, o tik po to imperator\u0117 \u201eJi tikra Pr\u016bsijos kaizerio dukt\u0117, nes negali n\u0117 vienos nakties praleisti be kari\u0161ki\u0173, ypa\u010d be gra\u017ei\u0173","robots":{"index":"index","follow":"follow","max-snippet":"max-snippet:-1","max-image-preview":"max-image-preview:large","max-video-preview":"max-video-preview:-1"},"canonical":"https:\/\/skaitytaknyga.lt\/en\/produktas\/imperatores-haremas\/","og_locale":"en_GB","og_type":"article","og_title":"[:lt]Imperator\u0117s haremas[:] - Skaitytaknyga","og_description":"Pirmiausia esu moteris, o tik po to imperator\u0117 \u201eJi tikra Pr\u016bsijos kaizerio dukt\u0117, nes negali n\u0117 vienos nakties praleisti be kari\u0161ki\u0173, ypa\u010d be gra\u017ei\u0173","og_url":"https:\/\/skaitytaknyga.lt\/en\/produktas\/imperatores-haremas\/","og_site_name":"Skaitytaknyga","article_publisher":"https:\/\/www.facebook.com\/skaitytaknyga\/","article_modified_time":"2026-03-18T08:28:50+00:00","og_image":[{"width":300,"height":465,"url":"https:\/\/skaitytaknyga.lt\/wp-content\/uploads\/2026\/01\/Imperatores-haremas.webp","type":"image\/webp"}],"twitter_card":"summary_large_image","twitter_misc":{"Estimated reading time":"1 minute"},"schema":{"@context":"https:\/\/schema.org","@graph":[{"@type":"WebPage","@id":"https:\/\/skaitytaknyga.lt\/produktas\/imperatores-haremas\/","url":"https:\/\/skaitytaknyga.lt\/produktas\/imperatores-haremas\/","name":"Imperator\u0117s haremas","isPartOf":{"@id":"https:\/\/skaitytaknyga.lt\/#website"},"primaryImageOfPage":{"@id":"https:\/\/skaitytaknyga.lt\/produktas\/imperatores-haremas\/#primaryimage"},"image":{"@id":"https:\/\/skaitytaknyga.lt\/produktas\/imperatores-haremas\/#primaryimage"},"thumbnailUrl":"https:\/\/skaitytaknyga.lt\/wp-content\/uploads\/2026\/01\/Imperatores-haremas.webp","datePublished":"2026-01-29T15:12:32+00:00","dateModified":"2026-03-18T08:28:50+00:00","description":"Pirmiausia esu moteris, o tik po to imperator\u0117 \u201eJi tikra Pr\u016bsijos kaizerio dukt\u0117, nes negali n\u0117 vienos nakties praleisti be kari\u0161ki\u0173, ypa\u010d be gra\u017ei\u0173","breadcrumb":{"@id":"https:\/\/skaitytaknyga.lt\/produktas\/imperatores-haremas\/#breadcrumb"},"inLanguage":"en-GB","potentialAction":[{"@type":"ReadAction","target":["https:\/\/skaitytaknyga.lt\/produktas\/imperatores-haremas\/"]}]},{"@type":"ImageObject","inLanguage":"en-GB","@id":"https:\/\/skaitytaknyga.lt\/produktas\/imperatores-haremas\/#primaryimage","url":"https:\/\/skaitytaknyga.lt\/wp-content\/uploads\/2026\/01\/Imperatores-haremas.webp","contentUrl":"https:\/\/skaitytaknyga.lt\/wp-content\/uploads\/2026\/01\/Imperatores-haremas.webp","width":300,"height":465},{"@type":"BreadcrumbList","@id":"https:\/\/skaitytaknyga.lt\/produktas\/imperatores-haremas\/#breadcrumb","itemListElement":[{"@type":"ListItem","position":1,"name":"Home","item":"https:\/\/skaitytaknyga.lt\/"},{"@type":"ListItem","position":2,"name":"Parduotuv\u0117","item":"https:\/\/skaitytaknyga.lt\/knygu-parduotuve\/"},{"@type":"ListItem","position":3,"name":"Imperator\u0117s haremas"}]},{"@type":"WebSite","@id":"https:\/\/skaitytaknyga.lt\/#website","url":"https:\/\/skaitytaknyga.lt\/","name":"skaitytaknyga.lt","description":"Skaitytaknyga.lt \u2013 tai ma\u017eas \u0161eimos verslas, kuris prasid\u0117jo nuo meil\u0117s knygoms ir siekio i\u0161gelb\u0117ti knygas nuo likimo prie konteinerio. Kas vienam nereikalingas daiktas \u2013 kitam lobis, o mes esame tarpininkai, kurie padeda abiems tapti laimingesniems ???? \u017dinome kaip nelengva i\u0161gyventi ma\u017eiems verslams, tad nuo \u0161iol, \u010dia rasite ir kit\u0173, ma\u017e\u0173 \u0161eim\u0173 versl\u0173, rank\u0173 darbo, dovan\u0173 sau ir artimiesiems.","publisher":{"@id":"https:\/\/skaitytaknyga.lt\/#organization"},"potentialAction":[{"@type":"SearchAction","target":{"@type":"EntryPoint","urlTemplate":"https:\/\/skaitytaknyga.lt\/?s={search_term_string}"},"query-input":{"@type":"PropertyValueSpecification","valueRequired":true,"valueName":"search_term_string"}}],"inLanguage":"en-GB"},{"@type":"Organization","@id":"https:\/\/skaitytaknyga.lt\/#organization","name":"skaitytaknyga.lt","url":"https:\/\/skaitytaknyga.lt\/","logo":{"@type":"ImageObject","inLanguage":"en-GB","@id":"https:\/\/skaitytaknyga.lt\/#\/schema\/logo\/image\/","url":"https:\/\/skaitytaknyga.lt\/wp-content\/uploads\/2024\/05\/cropped-cropped-cropped-02_00843_jt3bggkj1j3HLc7SyY6rEUpg.jpeg","contentUrl":"https:\/\/skaitytaknyga.lt\/wp-content\/uploads\/2024\/05\/cropped-cropped-cropped-02_00843_jt3bggkj1j3HLc7SyY6rEUpg.jpeg","width":1600,"height":1600,"caption":"skaitytaknyga.lt"},"image":{"@id":"https:\/\/skaitytaknyga.lt\/#\/schema\/logo\/image\/"},"sameAs":["https:\/\/www.facebook.com\/skaitytaknyga\/"]}]}},"_links":{"self":[{"href":"https:\/\/skaitytaknyga.lt\/en\/wp-json\/wp\/v2\/product\/22833","targetHints":{"allow":["GET"]}}],"collection":[{"href":"https:\/\/skaitytaknyga.lt\/en\/wp-json\/wp\/v2\/product"}],"about":[{"href":"https:\/\/skaitytaknyga.lt\/en\/wp-json\/wp\/v2\/types\/product"}],"replies":[{"embeddable":true,"href":"https:\/\/skaitytaknyga.lt\/en\/wp-json\/wp\/v2\/comments?post=22833"}],"wp:featuredmedia":[{"embeddable":true,"href":"https:\/\/skaitytaknyga.lt\/en\/wp-json\/wp\/v2\/media\/22838"}],"wp:attachment":[{"href":"https:\/\/skaitytaknyga.lt\/en\/wp-json\/wp\/v2\/media?parent=22833"}],"wp:term":[{"taxonomy":"product_brand","embeddable":true,"href":"https:\/\/skaitytaknyga.lt\/en\/wp-json\/wp\/v2\/product_brand?post=22833"},{"taxonomy":"product_cat","embeddable":true,"href":"https:\/\/skaitytaknyga.lt\/en\/wp-json\/wp\/v2\/product_cat?post=22833"},{"taxonomy":"product_tag","embeddable":true,"href":"https:\/\/skaitytaknyga.lt\/en\/wp-json\/wp\/v2\/product_tag?post=22833"}],"curies":[{"name":"wp","href":"https:\/\/api.w.org\/{rel}","templated":true}]}}