{"id":22832,"date":"2026-01-29T17:12:32","date_gmt":"2026-01-29T15:12:32","guid":{"rendered":"https:\/\/skaitytaknyga.lt\/?post_type=product&#038;p=22832"},"modified":"2026-01-30T12:14:28","modified_gmt":"2026-01-30T10:14:28","slug":"maestra","status":"publish","type":"product","link":"https:\/\/skaitytaknyga.lt\/en\/produktas\/maestra\/","title":{"rendered":"Maestra"},"content":{"rendered":"<p>Pyktis visada buvo mano draugas, o a\u0161 j\u012f atst\u016bmiau.<\/p>\n<p>KAS<\/p>\n<p>Pyktis man pad\u0117jo nesugniu\u017eti ir i\u0161tverti skriaudas.<\/p>\n<p>YRA<\/p>\n<p>Jis buvo mano stipryb\u0117 ir paguoda.<\/p>\n<p>MAESTRA<\/p>\n<p>Kad pasiekt\u0173, ko nori, ji per\u017eengs visas ribas.<\/p>\n<p>Dien\u0105 D\u017eudita Re\u0161lei dirba asistente Londono aukcion\u0173 namuose. Vakarais tampa vyr\u0173 kompanione tre\u010diar\u016b\u0161iame sostin\u0117s bare.<\/p>\n<p>D\u017eudita kar\u0161tai trok\u0161ta tapti kuo nors daugiau. Ji i\u0161moksta rengtis, kalb\u0117ti ir elgtis taip, kad domint\u0173 vyrus. I\u0161moksta b\u016bti gera mergaite. Ta\u010diau atskleidusi nemaloni\u0105 meno pasaulio paslapt\u012f ji atleid\u017eiama i\u0161 darbo ir svajon\u0117s susikurti geresn\u012f gyvenim\u0105 \u017elunga.<\/p>\n<p>D\u017eudita nusprend\u017eia pasielgti nutr\u016bktgalvi\u0161kai ir su vienu turtingiausi\u0173 baro klient\u0173 nuvyksta \u012f Pranc\u016bzijos Rivjer\u0105, bet po nelaimingo \u012fvykio lieka vienui viena. Tuomet mergina apsisprend\u017eia: jei nori tapti kuo nors kitu, vienatv\u0117 yra puiki prad\u017eia. Apsiginklavusi gro\u017eiu, s\u0105moju ir slaptomis \u017einiomis apie klastot\u0119, D\u017eudita ry\u017etasi keisti savo gyvenim\u0105 ir am\u017einai m\u0117gautis prabanga. Gera mergait\u0117 tampa fatali\u0161ka moterimi.<\/p>\n<p>\u201eMaestra\u201c \u2013 kontroversi\u0161kas, a\u0161trus, seksualus, labiausiai \u0161okiruojantis \u0161i\u0173 met\u0173 trileris.<\/p>\n<p>L. S. Hilton gim\u0117 ir u\u017eaugo Anglijoje. Gyveno Niujorke, Pary\u017eiuje, Milane. Baigusi Oksfordo universitet\u0105, studijavo meno istorij\u0105 Pary\u017eiuje ir Florencijoje. Ji dirbo \u017eurnaliste, meno kritike, diktore. \u0160iuo metu autor\u0117 su dukra gyvena Londone.<\/p>\n","protected":false},"excerpt":{"rendered":"<p>Pyktis visada buvo mano draugas, o a\u0161 j\u012f atst\u016bmiau. KAS Pyktis man pad\u0117jo nesugniu\u017eti ir i\u0161tverti skriaudas. YRA Jis buvo mano stipryb\u0117 ir paguoda. MAESTRA Kad pasiekt\u0173, ko nori, ji per\u017eengs visas ribas. Dien\u0105 D\u017eudita Re\u0161lei dirba asistente Londono aukcion\u0173 namuose. Vakarais tampa vyr\u0173 kompanione tre\u010diar\u016b\u0161iame sostin\u0117s bare. D\u017eudita kar\u0161tai trok\u0161ta tapti kuo nors daugiau. Ji i\u0161moksta rengtis, kalb\u0117ti ir elgtis taip, kad domint\u0173 vyrus. I\u0161moksta b\u016bti gera mergaite. Ta\u010diau atskleidusi nemaloni\u0105 meno pasaulio paslapt\u012f ji atleid\u017eiama i\u0161 darbo ir svajon\u0117s susikurti geresn\u012f gyvenim\u0105 \u017elunga. D\u017eudita nusprend\u017eia pasielgti nutr\u016bktgalvi\u0161kai ir su vienu turtingiausi\u0173 baro klient\u0173 nuvyksta \u012f Pranc\u016bzijos Rivjer\u0105, bet po nelaimingo \u012fvykio lieka vienui viena. Tuomet mergina apsisprend\u017eia: jei nori tapti kuo nors kitu, vienatv\u0117 yra puiki prad\u017eia. Apsiginklavusi gro\u017eiu, s\u0105moju ir slaptomis \u017einiomis apie klastot\u0119, D\u017eudita ry\u017etasi keisti savo gyvenim\u0105 ir am\u017einai m\u0117gautis prabanga. Gera mergait\u0117 tampa fatali\u0161ka moterimi. \u201eMaestra\u201c \u2013 kontroversi\u0161kas, a\u0161trus, seksualus, labiausiai \u0161okiruojantis \u0161i\u0173 met\u0173 trileris. L. S. Hilton gim\u0117 ir u\u017eaugo Anglijoje. Gyveno Niujorke, Pary\u017eiuje, Milane. Baigusi Oksfordo universitet\u0105, studijavo meno istorij\u0105 Pary\u017eiuje ir Florencijoje. Ji dirbo \u017eurnaliste, meno kritike, diktore. \u0160iuo metu autor\u0117 su dukra gyvena Londone.<\/p>\n","protected":false},"featured_media":22837,"comment_status":"open","ping_status":"closed","template":"","meta":{"_acf_changed":false,"site-sidebar-layout":"default","site-content-layout":"","ast-site-content-layout":"default","site-content-style":"default","site-sidebar-style":"default","ast-global-header-display":"","ast-banner-title-visibility":"","ast-main-header-display":"","ast-hfb-above-header-display":"","ast-hfb-below-header-display":"","ast-hfb-mobile-header-display":"","site-post-title":"","ast-breadcrumbs-content":"","ast-featured-img":"","footer-sml-layout":"","ast-disable-related-posts":"","theme-transparent-header-meta":"","adv-header-id-meta":"","stick-header-meta":"","header-above-stick-meta":"","header-main-stick-meta":"","header-below-stick-meta":"","astra-migrate-meta-layouts":"default","ast-page-background-enabled":"default","ast-page-background-meta":{"desktop":{"background-color":"","background-image":"","background-repeat":"repeat","background-position":"center center","background-size":"auto","background-attachment":"scroll","background-type":"","background-media":"","overlay-type":"","overlay-color":"","overlay-opacity":"","overlay-gradient":""},"tablet":{"background-color":"","background-image":"","background-repeat":"repeat","background-position":"center center","background-size":"auto","background-attachment":"scroll","background-type":"","background-media":"","overlay-type":"","overlay-color":"","overlay-opacity":"","overlay-gradient":""},"mobile":{"background-color":"","background-image":"","background-repeat":"repeat","background-position":"center center","background-size":"auto","background-attachment":"scroll","background-type":"","background-media":"","overlay-type":"","overlay-color":"","overlay-opacity":"","overlay-gradient":""}},"ast-content-background-meta":{"desktop":{"background-color":"var(--ast-global-color-4)","background-image":"","background-repeat":"repeat","background-position":"center center","background-size":"auto","background-attachment":"scroll","background-type":"","background-media":"","overlay-type":"","overlay-color":"","overlay-opacity":"","overlay-gradient":""},"tablet":{"background-color":"var(--ast-global-color-4)","background-image":"","background-repeat":"repeat","background-position":"center center","background-size":"auto","background-attachment":"scroll","background-type":"","background-media":"","overlay-type":"","overlay-color":"","overlay-opacity":"","overlay-gradient":""},"mobile":{"background-color":"var(--ast-global-color-4)","background-image":"","background-repeat":"repeat","background-position":"center center","background-size":"auto","background-attachment":"scroll","background-type":"","background-media":"","overlay-type":"","overlay-color":"","overlay-opacity":"","overlay-gradient":""}}},"product_brand":[],"product_cat":[31],"product_tag":[9329],"class_list":{"0":"post-22832","1":"product","2":"type-product","3":"status-publish","4":"has-post-thumbnail","6":"product_cat-grozine-literatura","7":"product_tag-ltl-s-hilton","8":"desktop-align-left","9":"tablet-align-left","10":"mobile-align-left","12":"first","13":"instock","14":"shipping-taxable","15":"purchasable","16":"product-type-simple"},"acf":[],"yoast_head":"<!-- This site is optimized with the Yoast SEO plugin v27.0 - https:\/\/yoast.com\/product\/yoast-seo-wordpress\/ -->\n<title>Maestra<\/title>\n<meta name=\"description\" content=\"Pyktis visada buvo mano draugas, o a\u0161 j\u012f atst\u016bmiau. KAS Pyktis man pad\u0117jo nesugniu\u017eti ir i\u0161tverti skriaudas. YRA Jis buvo mano stipryb\u0117 ir paguoda.\" \/>\n<meta name=\"robots\" content=\"index, follow, max-snippet:-1, max-image-preview:large, max-video-preview:-1\" \/>\n<link rel=\"canonical\" href=\"https:\/\/skaitytaknyga.lt\/en\/produktas\/maestra\/\" \/>\n<meta property=\"og:locale\" content=\"en_GB\" \/>\n<meta property=\"og:locale:alternate\" content=\"lt_LT\" \/>\n<meta property=\"og:type\" content=\"article\" \/>\n<meta property=\"og:title\" content=\"Maestra\" \/>\n<meta property=\"og:description\" content=\"Pyktis visada buvo mano draugas, o a\u0161 j\u012f atst\u016bmiau. KAS Pyktis man pad\u0117jo nesugniu\u017eti ir i\u0161tverti skriaudas. YRA Jis buvo mano stipryb\u0117 ir paguoda.\" \/>\n<meta property=\"og:url\" content=\"https:\/\/skaitytaknyga.lt\/en\/produktas\/maestra\/\" \/>\n<meta property=\"og:site_name\" content=\"Skaitytaknyga\" \/>\n<meta property=\"article:publisher\" content=\"https:\/\/www.facebook.com\/skaitytaknyga\/\" \/>\n<meta property=\"article:modified_time\" content=\"2026-01-30T10:14:28+00:00\" \/>\n<meta property=\"og:image\" content=\"https:\/\/skaitytaknyga.lt\/wp-content\/uploads\/2026\/01\/Maestra-1.webp\" \/>\n\t<meta property=\"og:image:width\" content=\"300\" \/>\n\t<meta property=\"og:image:height\" content=\"497\" \/>\n\t<meta property=\"og:image:type\" content=\"image\/webp\" \/>\n<meta name=\"twitter:card\" content=\"summary_large_image\" \/>\n<meta name=\"twitter:label1\" content=\"Estimated reading time\" \/>\n\t<meta name=\"twitter:data1\" content=\"1 minute\" \/>\n<script type=\"application\/ld+json\" class=\"yoast-schema-graph\">{\"@context\":\"https:\/\/schema.org\",\"@graph\":[{\"@type\":\"WebPage\",\"@id\":\"https:\/\/skaitytaknyga.lt\/produktas\/maestra\/\",\"url\":\"https:\/\/skaitytaknyga.lt\/produktas\/maestra\/\",\"name\":\"Maestra\",\"isPartOf\":{\"@id\":\"https:\/\/skaitytaknyga.lt\/#website\"},\"primaryImageOfPage\":{\"@id\":\"https:\/\/skaitytaknyga.lt\/produktas\/maestra\/#primaryimage\"},\"image\":{\"@id\":\"https:\/\/skaitytaknyga.lt\/produktas\/maestra\/#primaryimage\"},\"thumbnailUrl\":\"https:\/\/skaitytaknyga.lt\/wp-content\/uploads\/2026\/01\/Maestra-1.webp\",\"datePublished\":\"2026-01-29T15:12:32+00:00\",\"dateModified\":\"2026-01-30T10:14:28+00:00\",\"description\":\"Pyktis visada buvo mano draugas, o a\u0161 j\u012f atst\u016bmiau. KAS Pyktis man pad\u0117jo nesugniu\u017eti ir i\u0161tverti skriaudas. YRA Jis buvo mano stipryb\u0117 ir paguoda.\",\"breadcrumb\":{\"@id\":\"https:\/\/skaitytaknyga.lt\/produktas\/maestra\/#breadcrumb\"},\"inLanguage\":\"en-GB\",\"potentialAction\":[{\"@type\":\"ReadAction\",\"target\":[\"https:\/\/skaitytaknyga.lt\/produktas\/maestra\/\"]}]},{\"@type\":\"ImageObject\",\"inLanguage\":\"en-GB\",\"@id\":\"https:\/\/skaitytaknyga.lt\/produktas\/maestra\/#primaryimage\",\"url\":\"https:\/\/skaitytaknyga.lt\/wp-content\/uploads\/2026\/01\/Maestra-1.webp\",\"contentUrl\":\"https:\/\/skaitytaknyga.lt\/wp-content\/uploads\/2026\/01\/Maestra-1.webp\",\"width\":300,\"height\":497},{\"@type\":\"BreadcrumbList\",\"@id\":\"https:\/\/skaitytaknyga.lt\/produktas\/maestra\/#breadcrumb\",\"itemListElement\":[{\"@type\":\"ListItem\",\"position\":1,\"name\":\"Home\",\"item\":\"https:\/\/skaitytaknyga.lt\/\"},{\"@type\":\"ListItem\",\"position\":2,\"name\":\"Parduotuv\u0117\",\"item\":\"https:\/\/skaitytaknyga.lt\/knygu-parduotuve\/\"},{\"@type\":\"ListItem\",\"position\":3,\"name\":\"Maestra\"}]},{\"@type\":\"WebSite\",\"@id\":\"https:\/\/skaitytaknyga.lt\/#website\",\"url\":\"https:\/\/skaitytaknyga.lt\/\",\"name\":\"skaitytaknyga.lt\",\"description\":\"Skaitytaknyga.lt \u2013 tai ma\u017eas \u0161eimos verslas, kuris prasid\u0117jo nuo meil\u0117s knygoms ir siekio i\u0161gelb\u0117ti knygas nuo likimo prie konteinerio. Kas vienam nereikalingas daiktas \u2013 kitam lobis, o mes esame tarpininkai, kurie padeda abiems tapti laimingesniems ???? \u017dinome kaip nelengva i\u0161gyventi ma\u017eiems verslams, tad nuo \u0161iol, \u010dia rasite ir kit\u0173, ma\u017e\u0173 \u0161eim\u0173 versl\u0173, rank\u0173 darbo, dovan\u0173 sau ir artimiesiems.\",\"publisher\":{\"@id\":\"https:\/\/skaitytaknyga.lt\/#organization\"},\"potentialAction\":[{\"@type\":\"SearchAction\",\"target\":{\"@type\":\"EntryPoint\",\"urlTemplate\":\"https:\/\/skaitytaknyga.lt\/?s={search_term_string}\"},\"query-input\":{\"@type\":\"PropertyValueSpecification\",\"valueRequired\":true,\"valueName\":\"search_term_string\"}}],\"inLanguage\":\"en-GB\"},{\"@type\":\"Organization\",\"@id\":\"https:\/\/skaitytaknyga.lt\/#organization\",\"name\":\"skaitytaknyga.lt\",\"url\":\"https:\/\/skaitytaknyga.lt\/\",\"logo\":{\"@type\":\"ImageObject\",\"inLanguage\":\"en-GB\",\"@id\":\"https:\/\/skaitytaknyga.lt\/#\/schema\/logo\/image\/\",\"url\":\"https:\/\/skaitytaknyga.lt\/wp-content\/uploads\/2024\/05\/cropped-cropped-cropped-02_00843_jt3bggkj1j3HLc7SyY6rEUpg.jpeg\",\"contentUrl\":\"https:\/\/skaitytaknyga.lt\/wp-content\/uploads\/2024\/05\/cropped-cropped-cropped-02_00843_jt3bggkj1j3HLc7SyY6rEUpg.jpeg\",\"width\":1600,\"height\":1600,\"caption\":\"skaitytaknyga.lt\"},\"image\":{\"@id\":\"https:\/\/skaitytaknyga.lt\/#\/schema\/logo\/image\/\"},\"sameAs\":[\"https:\/\/www.facebook.com\/skaitytaknyga\/\"]}]}<\/script>\n<!-- \/ Yoast SEO plugin. -->","yoast_head_json":{"title":"Maestra","description":"Pyktis visada buvo mano draugas, o a\u0161 j\u012f atst\u016bmiau. KAS Pyktis man pad\u0117jo nesugniu\u017eti ir i\u0161tverti skriaudas. YRA Jis buvo mano stipryb\u0117 ir paguoda.","robots":{"index":"index","follow":"follow","max-snippet":"max-snippet:-1","max-image-preview":"max-image-preview:large","max-video-preview":"max-video-preview:-1"},"canonical":"https:\/\/skaitytaknyga.lt\/en\/produktas\/maestra\/","og_locale":"en_GB","og_type":"article","og_title":"[:lt]Maestra[:] - Skaitytaknyga","og_description":"Pyktis visada buvo mano draugas, o a\u0161 j\u012f atst\u016bmiau. KAS Pyktis man pad\u0117jo nesugniu\u017eti ir i\u0161tverti skriaudas. YRA Jis buvo mano stipryb\u0117 ir paguoda.","og_url":"https:\/\/skaitytaknyga.lt\/en\/produktas\/maestra\/","og_site_name":"Skaitytaknyga","article_publisher":"https:\/\/www.facebook.com\/skaitytaknyga\/","article_modified_time":"2026-01-30T10:14:28+00:00","og_image":[{"width":300,"height":497,"url":"https:\/\/skaitytaknyga.lt\/wp-content\/uploads\/2026\/01\/Maestra-1.webp","type":"image\/webp"}],"twitter_card":"summary_large_image","twitter_misc":{"Estimated reading time":"1 minute"},"schema":{"@context":"https:\/\/schema.org","@graph":[{"@type":"WebPage","@id":"https:\/\/skaitytaknyga.lt\/produktas\/maestra\/","url":"https:\/\/skaitytaknyga.lt\/produktas\/maestra\/","name":"Maestra","isPartOf":{"@id":"https:\/\/skaitytaknyga.lt\/#website"},"primaryImageOfPage":{"@id":"https:\/\/skaitytaknyga.lt\/produktas\/maestra\/#primaryimage"},"image":{"@id":"https:\/\/skaitytaknyga.lt\/produktas\/maestra\/#primaryimage"},"thumbnailUrl":"https:\/\/skaitytaknyga.lt\/wp-content\/uploads\/2026\/01\/Maestra-1.webp","datePublished":"2026-01-29T15:12:32+00:00","dateModified":"2026-01-30T10:14:28+00:00","description":"Pyktis visada buvo mano draugas, o a\u0161 j\u012f atst\u016bmiau. KAS Pyktis man pad\u0117jo nesugniu\u017eti ir i\u0161tverti skriaudas. YRA Jis buvo mano stipryb\u0117 ir paguoda.","breadcrumb":{"@id":"https:\/\/skaitytaknyga.lt\/produktas\/maestra\/#breadcrumb"},"inLanguage":"en-GB","potentialAction":[{"@type":"ReadAction","target":["https:\/\/skaitytaknyga.lt\/produktas\/maestra\/"]}]},{"@type":"ImageObject","inLanguage":"en-GB","@id":"https:\/\/skaitytaknyga.lt\/produktas\/maestra\/#primaryimage","url":"https:\/\/skaitytaknyga.lt\/wp-content\/uploads\/2026\/01\/Maestra-1.webp","contentUrl":"https:\/\/skaitytaknyga.lt\/wp-content\/uploads\/2026\/01\/Maestra-1.webp","width":300,"height":497},{"@type":"BreadcrumbList","@id":"https:\/\/skaitytaknyga.lt\/produktas\/maestra\/#breadcrumb","itemListElement":[{"@type":"ListItem","position":1,"name":"Home","item":"https:\/\/skaitytaknyga.lt\/"},{"@type":"ListItem","position":2,"name":"Parduotuv\u0117","item":"https:\/\/skaitytaknyga.lt\/knygu-parduotuve\/"},{"@type":"ListItem","position":3,"name":"Maestra"}]},{"@type":"WebSite","@id":"https:\/\/skaitytaknyga.lt\/#website","url":"https:\/\/skaitytaknyga.lt\/","name":"skaitytaknyga.lt","description":"Skaitytaknyga.lt \u2013 tai ma\u017eas \u0161eimos verslas, kuris prasid\u0117jo nuo meil\u0117s knygoms ir siekio i\u0161gelb\u0117ti knygas nuo likimo prie konteinerio. Kas vienam nereikalingas daiktas \u2013 kitam lobis, o mes esame tarpininkai, kurie padeda abiems tapti laimingesniems ???? \u017dinome kaip nelengva i\u0161gyventi ma\u017eiems verslams, tad nuo \u0161iol, \u010dia rasite ir kit\u0173, ma\u017e\u0173 \u0161eim\u0173 versl\u0173, rank\u0173 darbo, dovan\u0173 sau ir artimiesiems.","publisher":{"@id":"https:\/\/skaitytaknyga.lt\/#organization"},"potentialAction":[{"@type":"SearchAction","target":{"@type":"EntryPoint","urlTemplate":"https:\/\/skaitytaknyga.lt\/?s={search_term_string}"},"query-input":{"@type":"PropertyValueSpecification","valueRequired":true,"valueName":"search_term_string"}}],"inLanguage":"en-GB"},{"@type":"Organization","@id":"https:\/\/skaitytaknyga.lt\/#organization","name":"skaitytaknyga.lt","url":"https:\/\/skaitytaknyga.lt\/","logo":{"@type":"ImageObject","inLanguage":"en-GB","@id":"https:\/\/skaitytaknyga.lt\/#\/schema\/logo\/image\/","url":"https:\/\/skaitytaknyga.lt\/wp-content\/uploads\/2024\/05\/cropped-cropped-cropped-02_00843_jt3bggkj1j3HLc7SyY6rEUpg.jpeg","contentUrl":"https:\/\/skaitytaknyga.lt\/wp-content\/uploads\/2024\/05\/cropped-cropped-cropped-02_00843_jt3bggkj1j3HLc7SyY6rEUpg.jpeg","width":1600,"height":1600,"caption":"skaitytaknyga.lt"},"image":{"@id":"https:\/\/skaitytaknyga.lt\/#\/schema\/logo\/image\/"},"sameAs":["https:\/\/www.facebook.com\/skaitytaknyga\/"]}]}},"_links":{"self":[{"href":"https:\/\/skaitytaknyga.lt\/en\/wp-json\/wp\/v2\/product\/22832","targetHints":{"allow":["GET"]}}],"collection":[{"href":"https:\/\/skaitytaknyga.lt\/en\/wp-json\/wp\/v2\/product"}],"about":[{"href":"https:\/\/skaitytaknyga.lt\/en\/wp-json\/wp\/v2\/types\/product"}],"replies":[{"embeddable":true,"href":"https:\/\/skaitytaknyga.lt\/en\/wp-json\/wp\/v2\/comments?post=22832"}],"wp:featuredmedia":[{"embeddable":true,"href":"https:\/\/skaitytaknyga.lt\/en\/wp-json\/wp\/v2\/media\/22837"}],"wp:attachment":[{"href":"https:\/\/skaitytaknyga.lt\/en\/wp-json\/wp\/v2\/media?parent=22832"}],"wp:term":[{"taxonomy":"product_brand","embeddable":true,"href":"https:\/\/skaitytaknyga.lt\/en\/wp-json\/wp\/v2\/product_brand?post=22832"},{"taxonomy":"product_cat","embeddable":true,"href":"https:\/\/skaitytaknyga.lt\/en\/wp-json\/wp\/v2\/product_cat?post=22832"},{"taxonomy":"product_tag","embeddable":true,"href":"https:\/\/skaitytaknyga.lt\/en\/wp-json\/wp\/v2\/product_tag?post=22832"}],"curies":[{"name":"wp","href":"https:\/\/api.w.org\/{rel}","templated":true}]}}