{"id":22826,"date":"2026-01-29T16:52:28","date_gmt":"2026-01-29T14:52:28","guid":{"rendered":"https:\/\/skaitytaknyga.lt\/?post_type=product&#038;p=22826"},"modified":"2026-01-30T12:14:28","modified_gmt":"2026-01-30T10:14:28","slug":"rinktiniai-eilerasciai-yra-keletas-pabraukimu-tusinuku","status":"publish","type":"product","link":"https:\/\/skaitytaknyga.lt\/en\/produktas\/rinktiniai-eilerasciai-yra-keletas-pabraukimu-tusinuku\/","title":{"rendered":"Rinktiniai eil\u0117ra\u0161\u010diai (yra keletas pabraukim\u0173 tu\u0161inuku)"},"content":{"rendered":"<p>Poetas, eseistas, prozininkas, literat\u016bros, filosofijos ir Biblijos vert\u0117jas, Lenk\u0173 literat\u016bros istorijos autorius Czes\u0142awas Mi\u0142oszas, be abejo, vis\u0173 pirma yra poetas. Lenk\u0173 poetas, kartais vadinamas XX am\u017eiaus Dante, savo k\u016bryboje siek\u0119s apr\u0117pti gyvento pasaulio visum\u0105 su fiziniais ir metafiziniais horizontais, dramati\u0161ka istorine patirtimi ir eschatologija, \u017emogaus s\u0105mon\u0117s daugiaplani\u0161kumu ir prie\u0161taringu savimon\u0117s tapsmu.<\/p>\n<p>\u0160ioje rinktin\u0117je tarp nema\u017eo bendradarbi\u0173 b\u016brio atlikt\u0173 darb\u0173 skelbiami i\u0161kili\u0173 lietuvi\u0173 poet\u0173 vertimai \u2013 Henriko Radausko, Tomo Venclovos, Sigito Gedos, Vytauto P. Blo\u017e\u0117s, Kornelijaus Platelio, Rolando Rastausko, Almio Grybausko. Juose atsiskleid\u017eia visas spektras lietuvi\u0173 kalbos galimybi\u0173, savoti\u0161k\u0173 tak\u0173, tiesesni\u0173 ir vingresni\u0173, \u012f Mi\u0142oszo poezijos universum\u0105, skirtingos kalbini\u0173 intonacij\u0173 ir autorini\u0173 ritmik\u0173 sand\u016bros.<\/p>\n<p>Apie autori\u0173<\/p>\n<p>Czes\u0142awo Mi\u0142oszo k\u016brybin\u0117 biografija apima septynis de\u0161imtme\u010dius \u2013 nuo debiutin\u0117s \u201ePoemos apie sustingus\u012f laik\u0105\u201c (Poemat o czasie zastyg\u0142ym, 1933) ir, autoriaus po\u017ei\u016briu, tikrojo debiuto rinkiniu \u201eTrys \u017eiemos\u201c (Trzy zimy, 1936) iki paskutin\u0117s paties i\u0161leistos poezijos knygos \u201eKita erdv\u0117\u201c (Druga przestrze\u0144, 2002) bei pomirtinio tomelio \u201ePaskutin\u0117s eil\u0117s\u201c (Wiersze ostatnie, 2006).<\/p>\n<p>\u0160is k\u016brybos laikotarpis yra i\u0161tisa poezijos epocha \u2013 talpesn\u0117s formos paie\u0161k\u0173, aistringo tikrov\u0117s ie\u0161kojimo poetiniu \u017eod\u017eiu liudijimai, susiklost\u0119 ir \u012f poetines miniati\u016bras, ir \u012f ciklus, traktatus bei poemas. Mi\u0142oszas poezij\u0105 suvok\u0117 kaip nepakei\u010diam\u0105 pasaulio ai\u0161kinimosi, supratimo b\u016bd\u0105, kuriame i\u0161lieka ir prasm\u0119 gali \u012fgauti kiekviena \u017emogaus gyvenamo pasaulio detal\u0117, neapr\u0117piama j\u0173 \u012fvairov\u0117, susiklostanti \u012f nepaliaujamai, vis i\u0161 naujo skaitom\u0105 slaptara\u0161t\u012f.<\/p>\n","protected":false},"excerpt":{"rendered":"<p>Poetas, eseistas, prozininkas, literat\u016bros, filosofijos ir Biblijos vert\u0117jas, Lenk\u0173 literat\u016bros istorijos autorius Czes\u0142awas Mi\u0142oszas, be abejo, vis\u0173 pirma yra poetas. Lenk\u0173 poetas, kartais vadinamas XX am\u017eiaus Dante, savo k\u016bryboje siek\u0119s apr\u0117pti gyvento pasaulio visum\u0105 su fiziniais ir metafiziniais horizontais, dramati\u0161ka istorine patirtimi ir eschatologija, \u017emogaus s\u0105mon\u0117s daugiaplani\u0161kumu ir prie\u0161taringu savimon\u0117s tapsmu. \u0160ioje rinktin\u0117je tarp nema\u017eo bendradarbi\u0173 b\u016brio atlikt\u0173 darb\u0173 skelbiami i\u0161kili\u0173 lietuvi\u0173 poet\u0173 vertimai \u2013 Henriko Radausko, Tomo Venclovos, Sigito Gedos, Vytauto P. Blo\u017e\u0117s, Kornelijaus Platelio, Rolando Rastausko, Almio Grybausko. Juose atsiskleid\u017eia visas spektras lietuvi\u0173 kalbos galimybi\u0173, savoti\u0161k\u0173 tak\u0173, tiesesni\u0173 ir vingresni\u0173, \u012f Mi\u0142oszo poezijos universum\u0105, skirtingos kalbini\u0173 intonacij\u0173 ir autorini\u0173 ritmik\u0173 sand\u016bros. Apie autori\u0173 Czes\u0142awo Mi\u0142oszo k\u016brybin\u0117 biografija apima septynis de\u0161imtme\u010dius \u2013 nuo debiutin\u0117s \u201ePoemos apie sustingus\u012f laik\u0105\u201c (Poemat o czasie zastyg\u0142ym, 1933) ir, autoriaus po\u017ei\u016briu, tikrojo debiuto rinkiniu \u201eTrys \u017eiemos\u201c (Trzy zimy, 1936) iki paskutin\u0117s paties i\u0161leistos poezijos knygos \u201eKita erdv\u0117\u201c (Druga przestrze\u0144, 2002) bei pomirtinio tomelio \u201ePaskutin\u0117s eil\u0117s\u201c (Wiersze ostatnie, 2006). \u0160is k\u016brybos laikotarpis yra i\u0161tisa poezijos epocha \u2013 talpesn\u0117s formos paie\u0161k\u0173, aistringo tikrov\u0117s ie\u0161kojimo poetiniu \u017eod\u017eiu liudijimai, susiklost\u0119 ir \u012f poetines miniati\u016bras, ir \u012f ciklus, traktatus bei poemas. Mi\u0142oszas poezij\u0105 suvok\u0117 kaip nepakei\u010diam\u0105 pasaulio ai\u0161kinimosi, supratimo b\u016bd\u0105, kuriame i\u0161lieka ir prasm\u0119 gali \u012fgauti kiekviena \u017emogaus gyvenamo pasaulio detal\u0117, neapr\u0117piama j\u0173 \u012fvairov\u0117, susiklostanti \u012f nepaliaujamai, vis i\u0161 naujo skaitom\u0105 slaptara\u0161t\u012f.<\/p>\n","protected":false},"featured_media":22831,"comment_status":"open","ping_status":"closed","template":"","meta":{"_acf_changed":false,"site-sidebar-layout":"default","site-content-layout":"","ast-site-content-layout":"default","site-content-style":"default","site-sidebar-style":"default","ast-global-header-display":"","ast-banner-title-visibility":"","ast-main-header-display":"","ast-hfb-above-header-display":"","ast-hfb-below-header-display":"","ast-hfb-mobile-header-display":"","site-post-title":"","ast-breadcrumbs-content":"","ast-featured-img":"","footer-sml-layout":"","ast-disable-related-posts":"","theme-transparent-header-meta":"","adv-header-id-meta":"","stick-header-meta":"","header-above-stick-meta":"","header-main-stick-meta":"","header-below-stick-meta":"","astra-migrate-meta-layouts":"default","ast-page-background-enabled":"default","ast-page-background-meta":{"desktop":{"background-color":"","background-image":"","background-repeat":"repeat","background-position":"center center","background-size":"auto","background-attachment":"scroll","background-type":"","background-media":"","overlay-type":"","overlay-color":"","overlay-opacity":"","overlay-gradient":""},"tablet":{"background-color":"","background-image":"","background-repeat":"repeat","background-position":"center center","background-size":"auto","background-attachment":"scroll","background-type":"","background-media":"","overlay-type":"","overlay-color":"","overlay-opacity":"","overlay-gradient":""},"mobile":{"background-color":"","background-image":"","background-repeat":"repeat","background-position":"center center","background-size":"auto","background-attachment":"scroll","background-type":"","background-media":"","overlay-type":"","overlay-color":"","overlay-opacity":"","overlay-gradient":""}},"ast-content-background-meta":{"desktop":{"background-color":"var(--ast-global-color-4)","background-image":"","background-repeat":"repeat","background-position":"center center","background-size":"auto","background-attachment":"scroll","background-type":"","background-media":"","overlay-type":"","overlay-color":"","overlay-opacity":"","overlay-gradient":""},"tablet":{"background-color":"var(--ast-global-color-4)","background-image":"","background-repeat":"repeat","background-position":"center center","background-size":"auto","background-attachment":"scroll","background-type":"","background-media":"","overlay-type":"","overlay-color":"","overlay-opacity":"","overlay-gradient":""},"mobile":{"background-color":"var(--ast-global-color-4)","background-image":"","background-repeat":"repeat","background-position":"center center","background-size":"auto","background-attachment":"scroll","background-type":"","background-media":"","overlay-type":"","overlay-color":"","overlay-opacity":"","overlay-gradient":""}}},"product_brand":[],"product_cat":[1085],"product_tag":[9328],"class_list":{"0":"post-22826","1":"product","2":"type-product","3":"status-publish","4":"has-post-thumbnail","6":"product_cat-poezija","7":"product_tag-ltczeslaw-milosz","8":"desktop-align-left","9":"tablet-align-left","10":"mobile-align-left","12":"first","13":"instock","14":"shipping-taxable","15":"purchasable","16":"product-type-simple"},"acf":[],"yoast_head":"<!-- This site is optimized with the Yoast SEO plugin v27.0 - https:\/\/yoast.com\/product\/yoast-seo-wordpress\/ -->\n<title>Rinktiniai eil\u0117ra\u0161\u010diai (yra keletas pabraukim\u0173 tu\u0161inuku)<\/title>\n<meta name=\"description\" content=\"Poetas, eseistas, prozininkas, literat\u016bros, filosofijos ir Biblijos vert\u0117jas, Lenk\u0173 literat\u016bros istorijos autorius Czes\u0142awas Mi\u0142oszas, be abejo, vis\u0173\" \/>\n<meta name=\"robots\" content=\"index, follow, max-snippet:-1, max-image-preview:large, max-video-preview:-1\" \/>\n<link rel=\"canonical\" href=\"https:\/\/skaitytaknyga.lt\/en\/produktas\/rinktiniai-eilerasciai-yra-keletas-pabraukimu-tusinuku\/\" \/>\n<meta property=\"og:locale\" content=\"en_GB\" \/>\n<meta property=\"og:locale:alternate\" content=\"lt_LT\" \/>\n<meta property=\"og:type\" content=\"article\" \/>\n<meta property=\"og:title\" content=\"Rinktiniai eil\u0117ra\u0161\u010diai (yra keletas pabraukim\u0173 tu\u0161inuku)\" \/>\n<meta property=\"og:description\" content=\"Poetas, eseistas, prozininkas, literat\u016bros, filosofijos ir Biblijos vert\u0117jas, Lenk\u0173 literat\u016bros istorijos autorius Czes\u0142awas Mi\u0142oszas, be abejo, vis\u0173\" \/>\n<meta property=\"og:url\" content=\"https:\/\/skaitytaknyga.lt\/en\/produktas\/rinktiniai-eilerasciai-yra-keletas-pabraukimu-tusinuku\/\" \/>\n<meta property=\"og:site_name\" content=\"Skaitytaknyga\" \/>\n<meta property=\"article:publisher\" content=\"https:\/\/www.facebook.com\/skaitytaknyga\/\" \/>\n<meta property=\"article:modified_time\" content=\"2026-01-30T10:14:28+00:00\" \/>\n<meta property=\"og:image\" content=\"https:\/\/skaitytaknyga.lt\/wp-content\/uploads\/2026\/01\/Rinktiniai-eilerasciai-1.webp\" \/>\n\t<meta property=\"og:image:width\" content=\"300\" \/>\n\t<meta property=\"og:image:height\" content=\"454\" \/>\n\t<meta property=\"og:image:type\" content=\"image\/webp\" \/>\n<meta name=\"twitter:card\" content=\"summary_large_image\" \/>\n<meta name=\"twitter:label1\" content=\"Estimated reading time\" \/>\n\t<meta name=\"twitter:data1\" content=\"1 minute\" \/>\n<script type=\"application\/ld+json\" class=\"yoast-schema-graph\">{\"@context\":\"https:\/\/schema.org\",\"@graph\":[{\"@type\":\"WebPage\",\"@id\":\"https:\/\/skaitytaknyga.lt\/produktas\/rinktiniai-eilerasciai-yra-keletas-pabraukimu-tusinuku\/\",\"url\":\"https:\/\/skaitytaknyga.lt\/produktas\/rinktiniai-eilerasciai-yra-keletas-pabraukimu-tusinuku\/\",\"name\":\"Rinktiniai eil\u0117ra\u0161\u010diai (yra keletas pabraukim\u0173 tu\u0161inuku)\",\"isPartOf\":{\"@id\":\"https:\/\/skaitytaknyga.lt\/#website\"},\"primaryImageOfPage\":{\"@id\":\"https:\/\/skaitytaknyga.lt\/produktas\/rinktiniai-eilerasciai-yra-keletas-pabraukimu-tusinuku\/#primaryimage\"},\"image\":{\"@id\":\"https:\/\/skaitytaknyga.lt\/produktas\/rinktiniai-eilerasciai-yra-keletas-pabraukimu-tusinuku\/#primaryimage\"},\"thumbnailUrl\":\"https:\/\/skaitytaknyga.lt\/wp-content\/uploads\/2026\/01\/Rinktiniai-eilerasciai-1.webp\",\"datePublished\":\"2026-01-29T14:52:28+00:00\",\"dateModified\":\"2026-01-30T10:14:28+00:00\",\"description\":\"Poetas, eseistas, prozininkas, literat\u016bros, filosofijos ir Biblijos vert\u0117jas, Lenk\u0173 literat\u016bros istorijos autorius Czes\u0142awas Mi\u0142oszas, be abejo, vis\u0173\",\"breadcrumb\":{\"@id\":\"https:\/\/skaitytaknyga.lt\/produktas\/rinktiniai-eilerasciai-yra-keletas-pabraukimu-tusinuku\/#breadcrumb\"},\"inLanguage\":\"en-GB\",\"potentialAction\":[{\"@type\":\"ReadAction\",\"target\":[\"https:\/\/skaitytaknyga.lt\/produktas\/rinktiniai-eilerasciai-yra-keletas-pabraukimu-tusinuku\/\"]}]},{\"@type\":\"ImageObject\",\"inLanguage\":\"en-GB\",\"@id\":\"https:\/\/skaitytaknyga.lt\/produktas\/rinktiniai-eilerasciai-yra-keletas-pabraukimu-tusinuku\/#primaryimage\",\"url\":\"https:\/\/skaitytaknyga.lt\/wp-content\/uploads\/2026\/01\/Rinktiniai-eilerasciai-1.webp\",\"contentUrl\":\"https:\/\/skaitytaknyga.lt\/wp-content\/uploads\/2026\/01\/Rinktiniai-eilerasciai-1.webp\",\"width\":300,\"height\":454},{\"@type\":\"BreadcrumbList\",\"@id\":\"https:\/\/skaitytaknyga.lt\/produktas\/rinktiniai-eilerasciai-yra-keletas-pabraukimu-tusinuku\/#breadcrumb\",\"itemListElement\":[{\"@type\":\"ListItem\",\"position\":1,\"name\":\"Home\",\"item\":\"https:\/\/skaitytaknyga.lt\/\"},{\"@type\":\"ListItem\",\"position\":2,\"name\":\"Parduotuv\u0117\",\"item\":\"https:\/\/skaitytaknyga.lt\/knygu-parduotuve\/\"},{\"@type\":\"ListItem\",\"position\":3,\"name\":\"Rinktiniai eil\u0117ra\u0161\u010diai (yra keletas pabraukim\u0173 tu\u0161inuku)\"}]},{\"@type\":\"WebSite\",\"@id\":\"https:\/\/skaitytaknyga.lt\/#website\",\"url\":\"https:\/\/skaitytaknyga.lt\/\",\"name\":\"skaitytaknyga.lt\",\"description\":\"Skaitytaknyga.lt \u2013 tai ma\u017eas \u0161eimos verslas, kuris prasid\u0117jo nuo meil\u0117s knygoms ir siekio i\u0161gelb\u0117ti knygas nuo likimo prie konteinerio. Kas vienam nereikalingas daiktas \u2013 kitam lobis, o mes esame tarpininkai, kurie padeda abiems tapti laimingesniems ???? \u017dinome kaip nelengva i\u0161gyventi ma\u017eiems verslams, tad nuo \u0161iol, \u010dia rasite ir kit\u0173, ma\u017e\u0173 \u0161eim\u0173 versl\u0173, rank\u0173 darbo, dovan\u0173 sau ir artimiesiems.\",\"publisher\":{\"@id\":\"https:\/\/skaitytaknyga.lt\/#organization\"},\"potentialAction\":[{\"@type\":\"SearchAction\",\"target\":{\"@type\":\"EntryPoint\",\"urlTemplate\":\"https:\/\/skaitytaknyga.lt\/?s={search_term_string}\"},\"query-input\":{\"@type\":\"PropertyValueSpecification\",\"valueRequired\":true,\"valueName\":\"search_term_string\"}}],\"inLanguage\":\"en-GB\"},{\"@type\":\"Organization\",\"@id\":\"https:\/\/skaitytaknyga.lt\/#organization\",\"name\":\"skaitytaknyga.lt\",\"url\":\"https:\/\/skaitytaknyga.lt\/\",\"logo\":{\"@type\":\"ImageObject\",\"inLanguage\":\"en-GB\",\"@id\":\"https:\/\/skaitytaknyga.lt\/#\/schema\/logo\/image\/\",\"url\":\"https:\/\/skaitytaknyga.lt\/wp-content\/uploads\/2024\/05\/cropped-cropped-cropped-02_00843_jt3bggkj1j3HLc7SyY6rEUpg.jpeg\",\"contentUrl\":\"https:\/\/skaitytaknyga.lt\/wp-content\/uploads\/2024\/05\/cropped-cropped-cropped-02_00843_jt3bggkj1j3HLc7SyY6rEUpg.jpeg\",\"width\":1600,\"height\":1600,\"caption\":\"skaitytaknyga.lt\"},\"image\":{\"@id\":\"https:\/\/skaitytaknyga.lt\/#\/schema\/logo\/image\/\"},\"sameAs\":[\"https:\/\/www.facebook.com\/skaitytaknyga\/\"]}]}<\/script>\n<!-- \/ Yoast SEO plugin. -->","yoast_head_json":{"title":"Rinktiniai eil\u0117ra\u0161\u010diai (yra keletas pabraukim\u0173 tu\u0161inuku)","description":"Poetas, eseistas, prozininkas, literat\u016bros, filosofijos ir Biblijos vert\u0117jas, Lenk\u0173 literat\u016bros istorijos autorius Czes\u0142awas Mi\u0142oszas, be abejo, vis\u0173","robots":{"index":"index","follow":"follow","max-snippet":"max-snippet:-1","max-image-preview":"max-image-preview:large","max-video-preview":"max-video-preview:-1"},"canonical":"https:\/\/skaitytaknyga.lt\/en\/produktas\/rinktiniai-eilerasciai-yra-keletas-pabraukimu-tusinuku\/","og_locale":"en_GB","og_type":"article","og_title":"[:lt]Rinktiniai eil\u0117ra\u0161\u010diai (yra keletas pabraukim\u0173 tu\u0161inuku)[:] - Skaitytaknyga","og_description":"Poetas, eseistas, prozininkas, literat\u016bros, filosofijos ir Biblijos vert\u0117jas, Lenk\u0173 literat\u016bros istorijos autorius Czes\u0142awas Mi\u0142oszas, be abejo, vis\u0173","og_url":"https:\/\/skaitytaknyga.lt\/en\/produktas\/rinktiniai-eilerasciai-yra-keletas-pabraukimu-tusinuku\/","og_site_name":"Skaitytaknyga","article_publisher":"https:\/\/www.facebook.com\/skaitytaknyga\/","article_modified_time":"2026-01-30T10:14:28+00:00","og_image":[{"width":300,"height":454,"url":"https:\/\/skaitytaknyga.lt\/wp-content\/uploads\/2026\/01\/Rinktiniai-eilerasciai-1.webp","type":"image\/webp"}],"twitter_card":"summary_large_image","twitter_misc":{"Estimated reading time":"1 minute"},"schema":{"@context":"https:\/\/schema.org","@graph":[{"@type":"WebPage","@id":"https:\/\/skaitytaknyga.lt\/produktas\/rinktiniai-eilerasciai-yra-keletas-pabraukimu-tusinuku\/","url":"https:\/\/skaitytaknyga.lt\/produktas\/rinktiniai-eilerasciai-yra-keletas-pabraukimu-tusinuku\/","name":"Rinktiniai eil\u0117ra\u0161\u010diai (yra keletas pabraukim\u0173 tu\u0161inuku)","isPartOf":{"@id":"https:\/\/skaitytaknyga.lt\/#website"},"primaryImageOfPage":{"@id":"https:\/\/skaitytaknyga.lt\/produktas\/rinktiniai-eilerasciai-yra-keletas-pabraukimu-tusinuku\/#primaryimage"},"image":{"@id":"https:\/\/skaitytaknyga.lt\/produktas\/rinktiniai-eilerasciai-yra-keletas-pabraukimu-tusinuku\/#primaryimage"},"thumbnailUrl":"https:\/\/skaitytaknyga.lt\/wp-content\/uploads\/2026\/01\/Rinktiniai-eilerasciai-1.webp","datePublished":"2026-01-29T14:52:28+00:00","dateModified":"2026-01-30T10:14:28+00:00","description":"Poetas, eseistas, prozininkas, literat\u016bros, filosofijos ir Biblijos vert\u0117jas, Lenk\u0173 literat\u016bros istorijos autorius Czes\u0142awas Mi\u0142oszas, be abejo, vis\u0173","breadcrumb":{"@id":"https:\/\/skaitytaknyga.lt\/produktas\/rinktiniai-eilerasciai-yra-keletas-pabraukimu-tusinuku\/#breadcrumb"},"inLanguage":"en-GB","potentialAction":[{"@type":"ReadAction","target":["https:\/\/skaitytaknyga.lt\/produktas\/rinktiniai-eilerasciai-yra-keletas-pabraukimu-tusinuku\/"]}]},{"@type":"ImageObject","inLanguage":"en-GB","@id":"https:\/\/skaitytaknyga.lt\/produktas\/rinktiniai-eilerasciai-yra-keletas-pabraukimu-tusinuku\/#primaryimage","url":"https:\/\/skaitytaknyga.lt\/wp-content\/uploads\/2026\/01\/Rinktiniai-eilerasciai-1.webp","contentUrl":"https:\/\/skaitytaknyga.lt\/wp-content\/uploads\/2026\/01\/Rinktiniai-eilerasciai-1.webp","width":300,"height":454},{"@type":"BreadcrumbList","@id":"https:\/\/skaitytaknyga.lt\/produktas\/rinktiniai-eilerasciai-yra-keletas-pabraukimu-tusinuku\/#breadcrumb","itemListElement":[{"@type":"ListItem","position":1,"name":"Home","item":"https:\/\/skaitytaknyga.lt\/"},{"@type":"ListItem","position":2,"name":"Parduotuv\u0117","item":"https:\/\/skaitytaknyga.lt\/knygu-parduotuve\/"},{"@type":"ListItem","position":3,"name":"Rinktiniai eil\u0117ra\u0161\u010diai (yra keletas pabraukim\u0173 tu\u0161inuku)"}]},{"@type":"WebSite","@id":"https:\/\/skaitytaknyga.lt\/#website","url":"https:\/\/skaitytaknyga.lt\/","name":"skaitytaknyga.lt","description":"Skaitytaknyga.lt \u2013 tai ma\u017eas \u0161eimos verslas, kuris prasid\u0117jo nuo meil\u0117s knygoms ir siekio i\u0161gelb\u0117ti knygas nuo likimo prie konteinerio. Kas vienam nereikalingas daiktas \u2013 kitam lobis, o mes esame tarpininkai, kurie padeda abiems tapti laimingesniems ???? \u017dinome kaip nelengva i\u0161gyventi ma\u017eiems verslams, tad nuo \u0161iol, \u010dia rasite ir kit\u0173, ma\u017e\u0173 \u0161eim\u0173 versl\u0173, rank\u0173 darbo, dovan\u0173 sau ir artimiesiems.","publisher":{"@id":"https:\/\/skaitytaknyga.lt\/#organization"},"potentialAction":[{"@type":"SearchAction","target":{"@type":"EntryPoint","urlTemplate":"https:\/\/skaitytaknyga.lt\/?s={search_term_string}"},"query-input":{"@type":"PropertyValueSpecification","valueRequired":true,"valueName":"search_term_string"}}],"inLanguage":"en-GB"},{"@type":"Organization","@id":"https:\/\/skaitytaknyga.lt\/#organization","name":"skaitytaknyga.lt","url":"https:\/\/skaitytaknyga.lt\/","logo":{"@type":"ImageObject","inLanguage":"en-GB","@id":"https:\/\/skaitytaknyga.lt\/#\/schema\/logo\/image\/","url":"https:\/\/skaitytaknyga.lt\/wp-content\/uploads\/2024\/05\/cropped-cropped-cropped-02_00843_jt3bggkj1j3HLc7SyY6rEUpg.jpeg","contentUrl":"https:\/\/skaitytaknyga.lt\/wp-content\/uploads\/2024\/05\/cropped-cropped-cropped-02_00843_jt3bggkj1j3HLc7SyY6rEUpg.jpeg","width":1600,"height":1600,"caption":"skaitytaknyga.lt"},"image":{"@id":"https:\/\/skaitytaknyga.lt\/#\/schema\/logo\/image\/"},"sameAs":["https:\/\/www.facebook.com\/skaitytaknyga\/"]}]}},"_links":{"self":[{"href":"https:\/\/skaitytaknyga.lt\/en\/wp-json\/wp\/v2\/product\/22826","targetHints":{"allow":["GET"]}}],"collection":[{"href":"https:\/\/skaitytaknyga.lt\/en\/wp-json\/wp\/v2\/product"}],"about":[{"href":"https:\/\/skaitytaknyga.lt\/en\/wp-json\/wp\/v2\/types\/product"}],"replies":[{"embeddable":true,"href":"https:\/\/skaitytaknyga.lt\/en\/wp-json\/wp\/v2\/comments?post=22826"}],"wp:featuredmedia":[{"embeddable":true,"href":"https:\/\/skaitytaknyga.lt\/en\/wp-json\/wp\/v2\/media\/22831"}],"wp:attachment":[{"href":"https:\/\/skaitytaknyga.lt\/en\/wp-json\/wp\/v2\/media?parent=22826"}],"wp:term":[{"taxonomy":"product_brand","embeddable":true,"href":"https:\/\/skaitytaknyga.lt\/en\/wp-json\/wp\/v2\/product_brand?post=22826"},{"taxonomy":"product_cat","embeddable":true,"href":"https:\/\/skaitytaknyga.lt\/en\/wp-json\/wp\/v2\/product_cat?post=22826"},{"taxonomy":"product_tag","embeddable":true,"href":"https:\/\/skaitytaknyga.lt\/en\/wp-json\/wp\/v2\/product_tag?post=22826"}],"curies":[{"name":"wp","href":"https:\/\/api.w.org\/{rel}","templated":true}]}}