{"id":22810,"date":"2026-01-29T13:39:16","date_gmt":"2026-01-29T11:39:16","guid":{"rendered":"https:\/\/skaitytaknyga.lt\/?post_type=product&#038;p=22810"},"modified":"2026-01-30T12:14:28","modified_gmt":"2026-01-30T10:14:28","slug":"kelione-po-naktini-dangu","status":"publish","type":"product","link":"https:\/\/skaitytaknyga.lt\/en\/produktas\/kelione-po-naktini-dangu\/","title":{"rendered":"Kelion\u0117 po naktin\u012f dang\u0173"},"content":{"rendered":"<p>Tai tikra mokslin\u0117 knyga smalsiems \u017evaig\u017edin\u0117tojams, para\u0161yta tikr\u0173 tikriausio astronomo! Kuo ji skiriasi nuo kit\u0173 mokslini\u0173 knyg\u0173? Puikiu, smagiu ir labai paprastu pasakojimu, kur\u012f lengvai supras pradedantieji \u017evaig\u017edin\u0117tojai. K\u0105 jie ras knygoje? Visk\u0105! Patarimus, kaip pasiruo\u0161ti \u017evaig\u017ed\u017ei\u0173 steb\u0117jimui, kur tai daryti, kaip atpa\u017einti dangaus objektus ir kur j\u0173 ie\u0161koti. Kaip ir tikroje mokslin\u0117je knygoje, jos pabaigoje yra \u017eodyn\u0117lis ir rodykl\u0117.<\/p>\n<p>Rimt\u0105 mokslinink\u0105 ir astronom\u0105 Stuart\u0105 Atkinson\u0105 para\u0161yti knyg\u0105 vaikams \u012fkv\u0117p\u0117 jo mylima katyt\u0117 Peg\u0117, kai vien\u0105 nakt\u012f taip smalsiai pa\u017evelg\u0117 \u012f \u017evaig\u017edes, kad jis susim\u0105st\u0117, kiekgi ka\u010di\u0173 naktimis \u017evalgosi \u012f \u017evaig\u017ed\u0117t\u0105 dang\u0173 ir g\u0117risi juo&#8230; Taip pat knyga skirta ir Felisetei, benamei katei, kuri 1963 m. tapo pirm\u0105ja \u012f kosmos\u0105 pakilusia kate.<\/p>\n","protected":false},"excerpt":{"rendered":"<p>Tai tikra mokslin\u0117 knyga smalsiems \u017evaig\u017edin\u0117tojams, para\u0161yta tikr\u0173 tikriausio astronomo! Kuo ji skiriasi nuo kit\u0173 mokslini\u0173 knyg\u0173? Puikiu, smagiu ir labai paprastu pasakojimu, kur\u012f lengvai supras pradedantieji \u017evaig\u017edin\u0117tojai. K\u0105 jie ras knygoje? Visk\u0105! Patarimus, kaip pasiruo\u0161ti \u017evaig\u017ed\u017ei\u0173 steb\u0117jimui, kur tai daryti, kaip atpa\u017einti dangaus objektus ir kur j\u0173 ie\u0161koti. Kaip ir tikroje mokslin\u0117je knygoje, jos pabaigoje yra \u017eodyn\u0117lis ir rodykl\u0117. Rimt\u0105 mokslinink\u0105 ir astronom\u0105 Stuart\u0105 Atkinson\u0105 para\u0161yti knyg\u0105 vaikams \u012fkv\u0117p\u0117 jo mylima katyt\u0117 Peg\u0117, kai vien\u0105 nakt\u012f taip smalsiai pa\u017evelg\u0117 \u012f \u017evaig\u017edes, kad jis susim\u0105st\u0117, kiekgi ka\u010di\u0173 naktimis \u017evalgosi \u012f \u017evaig\u017ed\u0117t\u0105 dang\u0173 ir g\u0117risi juo&#8230; Taip pat knyga skirta ir Felisetei, benamei katei, kuri 1963 m. tapo pirm\u0105ja \u012f kosmos\u0105 pakilusia kate.<\/p>\n","protected":false},"featured_media":22815,"comment_status":"open","ping_status":"closed","template":"","meta":{"_acf_changed":false,"site-sidebar-layout":"default","site-content-layout":"","ast-site-content-layout":"default","site-content-style":"default","site-sidebar-style":"default","ast-global-header-display":"","ast-banner-title-visibility":"","ast-main-header-display":"","ast-hfb-above-header-display":"","ast-hfb-below-header-display":"","ast-hfb-mobile-header-display":"","site-post-title":"","ast-breadcrumbs-content":"","ast-featured-img":"","footer-sml-layout":"","ast-disable-related-posts":"","theme-transparent-header-meta":"","adv-header-id-meta":"","stick-header-meta":"","header-above-stick-meta":"","header-main-stick-meta":"","header-below-stick-meta":"","astra-migrate-meta-layouts":"default","ast-page-background-enabled":"default","ast-page-background-meta":{"desktop":{"background-color":"","background-image":"","background-repeat":"repeat","background-position":"center center","background-size":"auto","background-attachment":"scroll","background-type":"","background-media":"","overlay-type":"","overlay-color":"","overlay-opacity":"","overlay-gradient":""},"tablet":{"background-color":"","background-image":"","background-repeat":"repeat","background-position":"center center","background-size":"auto","background-attachment":"scroll","background-type":"","background-media":"","overlay-type":"","overlay-color":"","overlay-opacity":"","overlay-gradient":""},"mobile":{"background-color":"","background-image":"","background-repeat":"repeat","background-position":"center center","background-size":"auto","background-attachment":"scroll","background-type":"","background-media":"","overlay-type":"","overlay-color":"","overlay-opacity":"","overlay-gradient":""}},"ast-content-background-meta":{"desktop":{"background-color":"var(--ast-global-color-4)","background-image":"","background-repeat":"repeat","background-position":"center center","background-size":"auto","background-attachment":"scroll","background-type":"","background-media":"","overlay-type":"","overlay-color":"","overlay-opacity":"","overlay-gradient":""},"tablet":{"background-color":"var(--ast-global-color-4)","background-image":"","background-repeat":"repeat","background-position":"center center","background-size":"auto","background-attachment":"scroll","background-type":"","background-media":"","overlay-type":"","overlay-color":"","overlay-opacity":"","overlay-gradient":""},"mobile":{"background-color":"var(--ast-global-color-4)","background-image":"","background-repeat":"repeat","background-position":"center center","background-size":"auto","background-attachment":"scroll","background-type":"","background-media":"","overlay-type":"","overlay-color":"","overlay-opacity":"","overlay-gradient":""}}},"product_brand":[],"product_cat":[35],"product_tag":[9325],"class_list":{"0":"post-22810","1":"product","2":"type-product","3":"status-publish","4":"has-post-thumbnail","6":"product_cat-vaikams-ir-paaugliams","7":"product_tag-ltstuart-atkinson","8":"desktop-align-left","9":"tablet-align-left","10":"mobile-align-left","12":"first","13":"instock","14":"shipping-taxable","15":"purchasable","16":"product-type-simple"},"acf":[],"yoast_head":"<!-- This site is optimized with the Yoast SEO plugin v27.0 - https:\/\/yoast.com\/product\/yoast-seo-wordpress\/ -->\n<title>Kelion\u0117 po naktin\u012f dang\u0173<\/title>\n<meta name=\"description\" content=\"Tai tikra mokslin\u0117 knyga smalsiems \u017evaig\u017edin\u0117tojams, para\u0161yta tikr\u0173 tikriausio astronomo! Kuo ji skiriasi nuo kit\u0173 mokslini\u0173 knyg\u0173? Puikiu, smagiu ir\" \/>\n<meta name=\"robots\" content=\"index, follow, max-snippet:-1, max-image-preview:large, max-video-preview:-1\" \/>\n<link rel=\"canonical\" href=\"https:\/\/skaitytaknyga.lt\/en\/produktas\/kelione-po-naktini-dangu\/\" \/>\n<meta property=\"og:locale\" content=\"en_GB\" \/>\n<meta property=\"og:locale:alternate\" content=\"lt_LT\" \/>\n<meta property=\"og:type\" content=\"article\" \/>\n<meta property=\"og:title\" content=\"Kelion\u0117 po naktin\u012f dang\u0173\" \/>\n<meta property=\"og:description\" content=\"Tai tikra mokslin\u0117 knyga smalsiems \u017evaig\u017edin\u0117tojams, para\u0161yta tikr\u0173 tikriausio astronomo! Kuo ji skiriasi nuo kit\u0173 mokslini\u0173 knyg\u0173? Puikiu, smagiu ir\" \/>\n<meta property=\"og:url\" content=\"https:\/\/skaitytaknyga.lt\/en\/produktas\/kelione-po-naktini-dangu\/\" \/>\n<meta property=\"og:site_name\" content=\"Skaitytaknyga\" \/>\n<meta property=\"article:publisher\" content=\"https:\/\/www.facebook.com\/skaitytaknyga\/\" \/>\n<meta property=\"article:modified_time\" content=\"2026-01-30T10:14:28+00:00\" \/>\n<meta property=\"og:image\" content=\"https:\/\/skaitytaknyga.lt\/wp-content\/uploads\/2026\/01\/Kelione-po-naktini-dangu-1.webp\" \/>\n\t<meta property=\"og:image:width\" content=\"300\" \/>\n\t<meta property=\"og:image:height\" content=\"385\" \/>\n\t<meta property=\"og:image:type\" content=\"image\/webp\" \/>\n<meta name=\"twitter:card\" content=\"summary_large_image\" \/>\n<meta name=\"twitter:label1\" content=\"Estimated reading time\" \/>\n\t<meta name=\"twitter:data1\" content=\"1 minute\" \/>\n<script type=\"application\/ld+json\" class=\"yoast-schema-graph\">{\"@context\":\"https:\/\/schema.org\",\"@graph\":[{\"@type\":\"WebPage\",\"@id\":\"https:\/\/skaitytaknyga.lt\/produktas\/kelione-po-naktini-dangu\/\",\"url\":\"https:\/\/skaitytaknyga.lt\/produktas\/kelione-po-naktini-dangu\/\",\"name\":\"Kelion\u0117 po naktin\u012f dang\u0173\",\"isPartOf\":{\"@id\":\"https:\/\/skaitytaknyga.lt\/#website\"},\"primaryImageOfPage\":{\"@id\":\"https:\/\/skaitytaknyga.lt\/produktas\/kelione-po-naktini-dangu\/#primaryimage\"},\"image\":{\"@id\":\"https:\/\/skaitytaknyga.lt\/produktas\/kelione-po-naktini-dangu\/#primaryimage\"},\"thumbnailUrl\":\"https:\/\/skaitytaknyga.lt\/wp-content\/uploads\/2026\/01\/Kelione-po-naktini-dangu-1.webp\",\"datePublished\":\"2026-01-29T11:39:16+00:00\",\"dateModified\":\"2026-01-30T10:14:28+00:00\",\"description\":\"Tai tikra mokslin\u0117 knyga smalsiems \u017evaig\u017edin\u0117tojams, para\u0161yta tikr\u0173 tikriausio astronomo! Kuo ji skiriasi nuo kit\u0173 mokslini\u0173 knyg\u0173? Puikiu, smagiu ir\",\"breadcrumb\":{\"@id\":\"https:\/\/skaitytaknyga.lt\/produktas\/kelione-po-naktini-dangu\/#breadcrumb\"},\"inLanguage\":\"en-GB\",\"potentialAction\":[{\"@type\":\"ReadAction\",\"target\":[\"https:\/\/skaitytaknyga.lt\/produktas\/kelione-po-naktini-dangu\/\"]}]},{\"@type\":\"ImageObject\",\"inLanguage\":\"en-GB\",\"@id\":\"https:\/\/skaitytaknyga.lt\/produktas\/kelione-po-naktini-dangu\/#primaryimage\",\"url\":\"https:\/\/skaitytaknyga.lt\/wp-content\/uploads\/2026\/01\/Kelione-po-naktini-dangu-1.webp\",\"contentUrl\":\"https:\/\/skaitytaknyga.lt\/wp-content\/uploads\/2026\/01\/Kelione-po-naktini-dangu-1.webp\",\"width\":300,\"height\":385},{\"@type\":\"BreadcrumbList\",\"@id\":\"https:\/\/skaitytaknyga.lt\/produktas\/kelione-po-naktini-dangu\/#breadcrumb\",\"itemListElement\":[{\"@type\":\"ListItem\",\"position\":1,\"name\":\"Home\",\"item\":\"https:\/\/skaitytaknyga.lt\/\"},{\"@type\":\"ListItem\",\"position\":2,\"name\":\"Parduotuv\u0117\",\"item\":\"https:\/\/skaitytaknyga.lt\/knygu-parduotuve\/\"},{\"@type\":\"ListItem\",\"position\":3,\"name\":\"Kelion\u0117 po naktin\u012f dang\u0173\"}]},{\"@type\":\"WebSite\",\"@id\":\"https:\/\/skaitytaknyga.lt\/#website\",\"url\":\"https:\/\/skaitytaknyga.lt\/\",\"name\":\"skaitytaknyga.lt\",\"description\":\"Skaitytaknyga.lt \u2013 tai ma\u017eas \u0161eimos verslas, kuris prasid\u0117jo nuo meil\u0117s knygoms ir siekio i\u0161gelb\u0117ti knygas nuo likimo prie konteinerio. Kas vienam nereikalingas daiktas \u2013 kitam lobis, o mes esame tarpininkai, kurie padeda abiems tapti laimingesniems ???? \u017dinome kaip nelengva i\u0161gyventi ma\u017eiems verslams, tad nuo \u0161iol, \u010dia rasite ir kit\u0173, ma\u017e\u0173 \u0161eim\u0173 versl\u0173, rank\u0173 darbo, dovan\u0173 sau ir artimiesiems.\",\"publisher\":{\"@id\":\"https:\/\/skaitytaknyga.lt\/#organization\"},\"potentialAction\":[{\"@type\":\"SearchAction\",\"target\":{\"@type\":\"EntryPoint\",\"urlTemplate\":\"https:\/\/skaitytaknyga.lt\/?s={search_term_string}\"},\"query-input\":{\"@type\":\"PropertyValueSpecification\",\"valueRequired\":true,\"valueName\":\"search_term_string\"}}],\"inLanguage\":\"en-GB\"},{\"@type\":\"Organization\",\"@id\":\"https:\/\/skaitytaknyga.lt\/#organization\",\"name\":\"skaitytaknyga.lt\",\"url\":\"https:\/\/skaitytaknyga.lt\/\",\"logo\":{\"@type\":\"ImageObject\",\"inLanguage\":\"en-GB\",\"@id\":\"https:\/\/skaitytaknyga.lt\/#\/schema\/logo\/image\/\",\"url\":\"https:\/\/skaitytaknyga.lt\/wp-content\/uploads\/2024\/05\/cropped-cropped-cropped-02_00843_jt3bggkj1j3HLc7SyY6rEUpg.jpeg\",\"contentUrl\":\"https:\/\/skaitytaknyga.lt\/wp-content\/uploads\/2024\/05\/cropped-cropped-cropped-02_00843_jt3bggkj1j3HLc7SyY6rEUpg.jpeg\",\"width\":1600,\"height\":1600,\"caption\":\"skaitytaknyga.lt\"},\"image\":{\"@id\":\"https:\/\/skaitytaknyga.lt\/#\/schema\/logo\/image\/\"},\"sameAs\":[\"https:\/\/www.facebook.com\/skaitytaknyga\/\"]}]}<\/script>\n<!-- \/ Yoast SEO plugin. -->","yoast_head_json":{"title":"Kelion\u0117 po naktin\u012f dang\u0173","description":"Tai tikra mokslin\u0117 knyga smalsiems \u017evaig\u017edin\u0117tojams, para\u0161yta tikr\u0173 tikriausio astronomo! Kuo ji skiriasi nuo kit\u0173 mokslini\u0173 knyg\u0173? Puikiu, smagiu ir","robots":{"index":"index","follow":"follow","max-snippet":"max-snippet:-1","max-image-preview":"max-image-preview:large","max-video-preview":"max-video-preview:-1"},"canonical":"https:\/\/skaitytaknyga.lt\/en\/produktas\/kelione-po-naktini-dangu\/","og_locale":"en_GB","og_type":"article","og_title":"[:lt]Kelion\u0117 po naktin\u012f dang\u0173[:] - Skaitytaknyga","og_description":"Tai tikra mokslin\u0117 knyga smalsiems \u017evaig\u017edin\u0117tojams, para\u0161yta tikr\u0173 tikriausio astronomo! Kuo ji skiriasi nuo kit\u0173 mokslini\u0173 knyg\u0173? Puikiu, smagiu ir","og_url":"https:\/\/skaitytaknyga.lt\/en\/produktas\/kelione-po-naktini-dangu\/","og_site_name":"Skaitytaknyga","article_publisher":"https:\/\/www.facebook.com\/skaitytaknyga\/","article_modified_time":"2026-01-30T10:14:28+00:00","og_image":[{"width":300,"height":385,"url":"https:\/\/skaitytaknyga.lt\/wp-content\/uploads\/2026\/01\/Kelione-po-naktini-dangu-1.webp","type":"image\/webp"}],"twitter_card":"summary_large_image","twitter_misc":{"Estimated reading time":"1 minute"},"schema":{"@context":"https:\/\/schema.org","@graph":[{"@type":"WebPage","@id":"https:\/\/skaitytaknyga.lt\/produktas\/kelione-po-naktini-dangu\/","url":"https:\/\/skaitytaknyga.lt\/produktas\/kelione-po-naktini-dangu\/","name":"Kelion\u0117 po naktin\u012f dang\u0173","isPartOf":{"@id":"https:\/\/skaitytaknyga.lt\/#website"},"primaryImageOfPage":{"@id":"https:\/\/skaitytaknyga.lt\/produktas\/kelione-po-naktini-dangu\/#primaryimage"},"image":{"@id":"https:\/\/skaitytaknyga.lt\/produktas\/kelione-po-naktini-dangu\/#primaryimage"},"thumbnailUrl":"https:\/\/skaitytaknyga.lt\/wp-content\/uploads\/2026\/01\/Kelione-po-naktini-dangu-1.webp","datePublished":"2026-01-29T11:39:16+00:00","dateModified":"2026-01-30T10:14:28+00:00","description":"Tai tikra mokslin\u0117 knyga smalsiems \u017evaig\u017edin\u0117tojams, para\u0161yta tikr\u0173 tikriausio astronomo! Kuo ji skiriasi nuo kit\u0173 mokslini\u0173 knyg\u0173? Puikiu, smagiu ir","breadcrumb":{"@id":"https:\/\/skaitytaknyga.lt\/produktas\/kelione-po-naktini-dangu\/#breadcrumb"},"inLanguage":"en-GB","potentialAction":[{"@type":"ReadAction","target":["https:\/\/skaitytaknyga.lt\/produktas\/kelione-po-naktini-dangu\/"]}]},{"@type":"ImageObject","inLanguage":"en-GB","@id":"https:\/\/skaitytaknyga.lt\/produktas\/kelione-po-naktini-dangu\/#primaryimage","url":"https:\/\/skaitytaknyga.lt\/wp-content\/uploads\/2026\/01\/Kelione-po-naktini-dangu-1.webp","contentUrl":"https:\/\/skaitytaknyga.lt\/wp-content\/uploads\/2026\/01\/Kelione-po-naktini-dangu-1.webp","width":300,"height":385},{"@type":"BreadcrumbList","@id":"https:\/\/skaitytaknyga.lt\/produktas\/kelione-po-naktini-dangu\/#breadcrumb","itemListElement":[{"@type":"ListItem","position":1,"name":"Home","item":"https:\/\/skaitytaknyga.lt\/"},{"@type":"ListItem","position":2,"name":"Parduotuv\u0117","item":"https:\/\/skaitytaknyga.lt\/knygu-parduotuve\/"},{"@type":"ListItem","position":3,"name":"Kelion\u0117 po naktin\u012f dang\u0173"}]},{"@type":"WebSite","@id":"https:\/\/skaitytaknyga.lt\/#website","url":"https:\/\/skaitytaknyga.lt\/","name":"skaitytaknyga.lt","description":"Skaitytaknyga.lt \u2013 tai ma\u017eas \u0161eimos verslas, kuris prasid\u0117jo nuo meil\u0117s knygoms ir siekio i\u0161gelb\u0117ti knygas nuo likimo prie konteinerio. Kas vienam nereikalingas daiktas \u2013 kitam lobis, o mes esame tarpininkai, kurie padeda abiems tapti laimingesniems ???? \u017dinome kaip nelengva i\u0161gyventi ma\u017eiems verslams, tad nuo \u0161iol, \u010dia rasite ir kit\u0173, ma\u017e\u0173 \u0161eim\u0173 versl\u0173, rank\u0173 darbo, dovan\u0173 sau ir artimiesiems.","publisher":{"@id":"https:\/\/skaitytaknyga.lt\/#organization"},"potentialAction":[{"@type":"SearchAction","target":{"@type":"EntryPoint","urlTemplate":"https:\/\/skaitytaknyga.lt\/?s={search_term_string}"},"query-input":{"@type":"PropertyValueSpecification","valueRequired":true,"valueName":"search_term_string"}}],"inLanguage":"en-GB"},{"@type":"Organization","@id":"https:\/\/skaitytaknyga.lt\/#organization","name":"skaitytaknyga.lt","url":"https:\/\/skaitytaknyga.lt\/","logo":{"@type":"ImageObject","inLanguage":"en-GB","@id":"https:\/\/skaitytaknyga.lt\/#\/schema\/logo\/image\/","url":"https:\/\/skaitytaknyga.lt\/wp-content\/uploads\/2024\/05\/cropped-cropped-cropped-02_00843_jt3bggkj1j3HLc7SyY6rEUpg.jpeg","contentUrl":"https:\/\/skaitytaknyga.lt\/wp-content\/uploads\/2024\/05\/cropped-cropped-cropped-02_00843_jt3bggkj1j3HLc7SyY6rEUpg.jpeg","width":1600,"height":1600,"caption":"skaitytaknyga.lt"},"image":{"@id":"https:\/\/skaitytaknyga.lt\/#\/schema\/logo\/image\/"},"sameAs":["https:\/\/www.facebook.com\/skaitytaknyga\/"]}]}},"_links":{"self":[{"href":"https:\/\/skaitytaknyga.lt\/en\/wp-json\/wp\/v2\/product\/22810","targetHints":{"allow":["GET"]}}],"collection":[{"href":"https:\/\/skaitytaknyga.lt\/en\/wp-json\/wp\/v2\/product"}],"about":[{"href":"https:\/\/skaitytaknyga.lt\/en\/wp-json\/wp\/v2\/types\/product"}],"replies":[{"embeddable":true,"href":"https:\/\/skaitytaknyga.lt\/en\/wp-json\/wp\/v2\/comments?post=22810"}],"wp:featuredmedia":[{"embeddable":true,"href":"https:\/\/skaitytaknyga.lt\/en\/wp-json\/wp\/v2\/media\/22815"}],"wp:attachment":[{"href":"https:\/\/skaitytaknyga.lt\/en\/wp-json\/wp\/v2\/media?parent=22810"}],"wp:term":[{"taxonomy":"product_brand","embeddable":true,"href":"https:\/\/skaitytaknyga.lt\/en\/wp-json\/wp\/v2\/product_brand?post=22810"},{"taxonomy":"product_cat","embeddable":true,"href":"https:\/\/skaitytaknyga.lt\/en\/wp-json\/wp\/v2\/product_cat?post=22810"},{"taxonomy":"product_tag","embeddable":true,"href":"https:\/\/skaitytaknyga.lt\/en\/wp-json\/wp\/v2\/product_tag?post=22810"}],"curies":[{"name":"wp","href":"https:\/\/api.w.org\/{rel}","templated":true}]}}