{"id":22804,"date":"2026-01-29T13:28:14","date_gmt":"2026-01-29T11:28:14","guid":{"rendered":"https:\/\/skaitytaknyga.lt\/?post_type=product&#038;p=22804"},"modified":"2026-03-05T16:47:16","modified_gmt":"2026-03-05T14:47:16","slug":"emile-sparks-ir-ne-itin-sekmingas-konkursas","status":"publish","type":"product","link":"https:\/\/skaitytaknyga.lt\/en\/produktas\/emile-sparks-ir-ne-itin-sekmingas-konkursas\/","title":{"rendered":"Emil\u0117 Sparks ir ne itin s\u0117kmingas konkursas"},"content":{"rendered":"<p>Galb\u016bt Emil\u0117 Sparks susirado nauj\u0105 geriausi\u0105 draug\u0105 ir neleido BJAURIAUSIAM berniukui visatoje sav\u0119s pa\u017eeminti, bet dabar jos k\u016brybingumas u\u017etrauk\u0117 jai daugyb\u0119 nauj\u0173 b\u0117d\u0173&#8230;<\/p>\n<p>Emil\u0117 atsitiktinai u\u017era\u0161o savo mam\u0105 \u012f konkurs\u0105 \u201eGeriausia mama i\u0161 milijono\u201c, kur bus var\u017eomasi d\u0117l \u0161aunaus prizo. Mamai, poniai Sparks, patekus \u012f final\u0105, Emil\u0117 i\u0161sig\u0105sta labiau nei kas kitas! Norint i\u0161vengti vie\u0161o pa\u017eeminimo per televizij\u0105 (o gal ir are\u0161to), Emilei \u017e\u016btb\u016bt reikia sugalvoti plan\u0105, kaip per savait\u0119 paversti mam\u0105 tobula, juk aplinkosauga besidominti, dar\u017eininkyst\u0119 m\u0117gstanti ir nuolat BAISI\u0104 g\u0117d\u0105 u\u017etraukianti jos mama negali puikiai pasirodyti su sena senelio kepure ir pudeliukais pagra\u017eintais ro\u017einiais guminiais. Ar gali?<\/p>\n","protected":false},"excerpt":{"rendered":"<p>Galb\u016bt Emil\u0117 Sparks susirado nauj\u0105 geriausi\u0105 draug\u0105 ir neleido BJAURIAUSIAM berniukui visatoje sav\u0119s pa\u017eeminti, bet dabar jos k\u016brybingumas u\u017etrauk\u0117 jai daugyb\u0119 nauj\u0173 b\u0117d\u0173&#8230; Emil\u0117 atsitiktinai u\u017era\u0161o savo mam\u0105 \u012f konkurs\u0105 \u201eGeriausia mama i\u0161 milijono\u201c, kur bus var\u017eomasi d\u0117l \u0161aunaus prizo. Mamai, poniai Sparks, patekus \u012f final\u0105, Emil\u0117 i\u0161sig\u0105sta labiau nei kas kitas! Norint i\u0161vengti vie\u0161o pa\u017eeminimo per televizij\u0105 (o gal ir are\u0161to), Emilei \u017e\u016btb\u016bt reikia sugalvoti plan\u0105, kaip per savait\u0119 paversti mam\u0105 tobula, juk aplinkosauga besidominti, dar\u017eininkyst\u0119 m\u0117gstanti ir nuolat BAISI\u0104 g\u0117d\u0105 u\u017etraukianti jos mama negali puikiai pasirodyti su sena senelio kepure ir pudeliukais pagra\u017eintais ro\u017einiais guminiais. Ar gali?<\/p>\n","protected":false},"featured_media":22809,"comment_status":"open","ping_status":"closed","template":"","meta":{"_acf_changed":false,"site-sidebar-layout":"default","site-content-layout":"","ast-site-content-layout":"default","site-content-style":"default","site-sidebar-style":"default","ast-global-header-display":"","ast-banner-title-visibility":"","ast-main-header-display":"","ast-hfb-above-header-display":"","ast-hfb-below-header-display":"","ast-hfb-mobile-header-display":"","site-post-title":"","ast-breadcrumbs-content":"","ast-featured-img":"","footer-sml-layout":"","ast-disable-related-posts":"","theme-transparent-header-meta":"","adv-header-id-meta":"","stick-header-meta":"","header-above-stick-meta":"","header-main-stick-meta":"","header-below-stick-meta":"","astra-migrate-meta-layouts":"default","ast-page-background-enabled":"default","ast-page-background-meta":{"desktop":{"background-color":"","background-image":"","background-repeat":"repeat","background-position":"center center","background-size":"auto","background-attachment":"scroll","background-type":"","background-media":"","overlay-type":"","overlay-color":"","overlay-opacity":"","overlay-gradient":""},"tablet":{"background-color":"","background-image":"","background-repeat":"repeat","background-position":"center center","background-size":"auto","background-attachment":"scroll","background-type":"","background-media":"","overlay-type":"","overlay-color":"","overlay-opacity":"","overlay-gradient":""},"mobile":{"background-color":"","background-image":"","background-repeat":"repeat","background-position":"center center","background-size":"auto","background-attachment":"scroll","background-type":"","background-media":"","overlay-type":"","overlay-color":"","overlay-opacity":"","overlay-gradient":""}},"ast-content-background-meta":{"desktop":{"background-color":"var(--ast-global-color-4)","background-image":"","background-repeat":"repeat","background-position":"center center","background-size":"auto","background-attachment":"scroll","background-type":"","background-media":"","overlay-type":"","overlay-color":"","overlay-opacity":"","overlay-gradient":""},"tablet":{"background-color":"var(--ast-global-color-4)","background-image":"","background-repeat":"repeat","background-position":"center center","background-size":"auto","background-attachment":"scroll","background-type":"","background-media":"","overlay-type":"","overlay-color":"","overlay-opacity":"","overlay-gradient":""},"mobile":{"background-color":"var(--ast-global-color-4)","background-image":"","background-repeat":"repeat","background-position":"center center","background-size":"auto","background-attachment":"scroll","background-type":"","background-media":"","overlay-type":"","overlay-color":"","overlay-opacity":"","overlay-gradient":""}}},"product_brand":[],"product_cat":[9674],"product_tag":[],"class_list":{"0":"post-22804","1":"product","2":"type-product","3":"status-publish","4":"has-post-thumbnail","6":"product_cat-pradinukams","7":"desktop-align-left","8":"tablet-align-left","9":"mobile-align-left","11":"first","12":"instock","13":"shipping-taxable","14":"purchasable","15":"product-type-simple"},"acf":[],"yoast_head":"<!-- This site is optimized with the Yoast SEO plugin v27.0 - https:\/\/yoast.com\/product\/yoast-seo-wordpress\/ -->\n<title>Emil\u0117 Sparks ir ne itin s\u0117kmingas konkursas<\/title>\n<meta name=\"description\" content=\"Galb\u016bt Emil\u0117 Sparks susirado nauj\u0105 geriausi\u0105 draug\u0105 ir neleido BJAURIAUSIAM berniukui visatoje sav\u0119s pa\u017eeminti, bet dabar jos k\u016brybingumas u\u017etrauk\u0117 jai\" \/>\n<meta name=\"robots\" content=\"index, follow, max-snippet:-1, max-image-preview:large, max-video-preview:-1\" \/>\n<link rel=\"canonical\" href=\"https:\/\/skaitytaknyga.lt\/en\/produktas\/emile-sparks-ir-ne-itin-sekmingas-konkursas\/\" \/>\n<meta property=\"og:locale\" content=\"en_GB\" \/>\n<meta property=\"og:locale:alternate\" content=\"lt_LT\" \/>\n<meta property=\"og:type\" content=\"article\" \/>\n<meta property=\"og:title\" content=\"Emil\u0117 Sparks ir ne itin s\u0117kmingas konkursas\" \/>\n<meta property=\"og:description\" content=\"Galb\u016bt Emil\u0117 Sparks susirado nauj\u0105 geriausi\u0105 draug\u0105 ir neleido BJAURIAUSIAM berniukui visatoje sav\u0119s pa\u017eeminti, bet dabar jos k\u016brybingumas u\u017etrauk\u0117 jai\" \/>\n<meta property=\"og:url\" content=\"https:\/\/skaitytaknyga.lt\/en\/produktas\/emile-sparks-ir-ne-itin-sekmingas-konkursas\/\" \/>\n<meta property=\"og:site_name\" content=\"Skaitytaknyga\" \/>\n<meta property=\"article:publisher\" content=\"https:\/\/www.facebook.com\/skaitytaknyga\/\" \/>\n<meta property=\"article:modified_time\" content=\"2026-03-05T14:47:16+00:00\" \/>\n<meta property=\"og:image\" content=\"https:\/\/skaitytaknyga.lt\/wp-content\/uploads\/2026\/01\/Emile-Sparks-ir-ne-itin-sekmingas-konkursas-1.webp\" \/>\n\t<meta property=\"og:image:width\" content=\"300\" \/>\n\t<meta property=\"og:image:height\" content=\"474\" \/>\n\t<meta property=\"og:image:type\" content=\"image\/webp\" \/>\n<meta name=\"twitter:card\" content=\"summary_large_image\" \/>\n<meta name=\"twitter:label1\" content=\"Estimated reading time\" \/>\n\t<meta name=\"twitter:data1\" content=\"1 minute\" \/>\n<script type=\"application\/ld+json\" class=\"yoast-schema-graph\">{\"@context\":\"https:\/\/schema.org\",\"@graph\":[{\"@type\":\"WebPage\",\"@id\":\"https:\/\/skaitytaknyga.lt\/produktas\/emile-sparks-ir-ne-itin-sekmingas-konkursas\/\",\"url\":\"https:\/\/skaitytaknyga.lt\/produktas\/emile-sparks-ir-ne-itin-sekmingas-konkursas\/\",\"name\":\"Emil\u0117 Sparks ir ne itin s\u0117kmingas konkursas\",\"isPartOf\":{\"@id\":\"https:\/\/skaitytaknyga.lt\/#website\"},\"primaryImageOfPage\":{\"@id\":\"https:\/\/skaitytaknyga.lt\/produktas\/emile-sparks-ir-ne-itin-sekmingas-konkursas\/#primaryimage\"},\"image\":{\"@id\":\"https:\/\/skaitytaknyga.lt\/produktas\/emile-sparks-ir-ne-itin-sekmingas-konkursas\/#primaryimage\"},\"thumbnailUrl\":\"https:\/\/skaitytaknyga.lt\/wp-content\/uploads\/2026\/01\/Emile-Sparks-ir-ne-itin-sekmingas-konkursas-1.webp\",\"datePublished\":\"2026-01-29T11:28:14+00:00\",\"dateModified\":\"2026-03-05T14:47:16+00:00\",\"description\":\"Galb\u016bt Emil\u0117 Sparks susirado nauj\u0105 geriausi\u0105 draug\u0105 ir neleido BJAURIAUSIAM berniukui visatoje sav\u0119s pa\u017eeminti, bet dabar jos k\u016brybingumas u\u017etrauk\u0117 jai\",\"breadcrumb\":{\"@id\":\"https:\/\/skaitytaknyga.lt\/produktas\/emile-sparks-ir-ne-itin-sekmingas-konkursas\/#breadcrumb\"},\"inLanguage\":\"en-GB\",\"potentialAction\":[{\"@type\":\"ReadAction\",\"target\":[\"https:\/\/skaitytaknyga.lt\/produktas\/emile-sparks-ir-ne-itin-sekmingas-konkursas\/\"]}]},{\"@type\":\"ImageObject\",\"inLanguage\":\"en-GB\",\"@id\":\"https:\/\/skaitytaknyga.lt\/produktas\/emile-sparks-ir-ne-itin-sekmingas-konkursas\/#primaryimage\",\"url\":\"https:\/\/skaitytaknyga.lt\/wp-content\/uploads\/2026\/01\/Emile-Sparks-ir-ne-itin-sekmingas-konkursas-1.webp\",\"contentUrl\":\"https:\/\/skaitytaknyga.lt\/wp-content\/uploads\/2026\/01\/Emile-Sparks-ir-ne-itin-sekmingas-konkursas-1.webp\",\"width\":300,\"height\":474,\"caption\":\"Emil\u0117 Sparks ir ne itin s\u0117kmingas konkursas\"},{\"@type\":\"BreadcrumbList\",\"@id\":\"https:\/\/skaitytaknyga.lt\/produktas\/emile-sparks-ir-ne-itin-sekmingas-konkursas\/#breadcrumb\",\"itemListElement\":[{\"@type\":\"ListItem\",\"position\":1,\"name\":\"Home\",\"item\":\"https:\/\/skaitytaknyga.lt\/\"},{\"@type\":\"ListItem\",\"position\":2,\"name\":\"Parduotuv\u0117\",\"item\":\"https:\/\/skaitytaknyga.lt\/knygu-parduotuve\/\"},{\"@type\":\"ListItem\",\"position\":3,\"name\":\"Emil\u0117 Sparks ir ne itin s\u0117kmingas konkursas\"}]},{\"@type\":\"WebSite\",\"@id\":\"https:\/\/skaitytaknyga.lt\/#website\",\"url\":\"https:\/\/skaitytaknyga.lt\/\",\"name\":\"skaitytaknyga.lt\",\"description\":\"Skaitytaknyga.lt \u2013 tai ma\u017eas \u0161eimos verslas, kuris prasid\u0117jo nuo meil\u0117s knygoms ir siekio i\u0161gelb\u0117ti knygas nuo likimo prie konteinerio. Kas vienam nereikalingas daiktas \u2013 kitam lobis, o mes esame tarpininkai, kurie padeda abiems tapti laimingesniems ???? \u017dinome kaip nelengva i\u0161gyventi ma\u017eiems verslams, tad nuo \u0161iol, \u010dia rasite ir kit\u0173, ma\u017e\u0173 \u0161eim\u0173 versl\u0173, rank\u0173 darbo, dovan\u0173 sau ir artimiesiems.\",\"publisher\":{\"@id\":\"https:\/\/skaitytaknyga.lt\/#organization\"},\"potentialAction\":[{\"@type\":\"SearchAction\",\"target\":{\"@type\":\"EntryPoint\",\"urlTemplate\":\"https:\/\/skaitytaknyga.lt\/?s={search_term_string}\"},\"query-input\":{\"@type\":\"PropertyValueSpecification\",\"valueRequired\":true,\"valueName\":\"search_term_string\"}}],\"inLanguage\":\"en-GB\"},{\"@type\":\"Organization\",\"@id\":\"https:\/\/skaitytaknyga.lt\/#organization\",\"name\":\"skaitytaknyga.lt\",\"url\":\"https:\/\/skaitytaknyga.lt\/\",\"logo\":{\"@type\":\"ImageObject\",\"inLanguage\":\"en-GB\",\"@id\":\"https:\/\/skaitytaknyga.lt\/#\/schema\/logo\/image\/\",\"url\":\"https:\/\/skaitytaknyga.lt\/wp-content\/uploads\/2024\/05\/cropped-cropped-cropped-02_00843_jt3bggkj1j3HLc7SyY6rEUpg.jpeg\",\"contentUrl\":\"https:\/\/skaitytaknyga.lt\/wp-content\/uploads\/2024\/05\/cropped-cropped-cropped-02_00843_jt3bggkj1j3HLc7SyY6rEUpg.jpeg\",\"width\":1600,\"height\":1600,\"caption\":\"skaitytaknyga.lt\"},\"image\":{\"@id\":\"https:\/\/skaitytaknyga.lt\/#\/schema\/logo\/image\/\"},\"sameAs\":[\"https:\/\/www.facebook.com\/skaitytaknyga\/\"]}]}<\/script>\n<!-- \/ Yoast SEO plugin. -->","yoast_head_json":{"title":"Emil\u0117 Sparks ir ne itin s\u0117kmingas konkursas","description":"Galb\u016bt Emil\u0117 Sparks susirado nauj\u0105 geriausi\u0105 draug\u0105 ir neleido BJAURIAUSIAM berniukui visatoje sav\u0119s pa\u017eeminti, bet dabar jos k\u016brybingumas u\u017etrauk\u0117 jai","robots":{"index":"index","follow":"follow","max-snippet":"max-snippet:-1","max-image-preview":"max-image-preview:large","max-video-preview":"max-video-preview:-1"},"canonical":"https:\/\/skaitytaknyga.lt\/en\/produktas\/emile-sparks-ir-ne-itin-sekmingas-konkursas\/","og_locale":"en_GB","og_type":"article","og_title":"[:lt]Emil\u0117 Sparks ir ne itin s\u0117kmingas konkursas[:] - Skaitytaknyga","og_description":"Galb\u016bt Emil\u0117 Sparks susirado nauj\u0105 geriausi\u0105 draug\u0105 ir neleido BJAURIAUSIAM berniukui visatoje sav\u0119s pa\u017eeminti, bet dabar jos k\u016brybingumas u\u017etrauk\u0117 jai","og_url":"https:\/\/skaitytaknyga.lt\/en\/produktas\/emile-sparks-ir-ne-itin-sekmingas-konkursas\/","og_site_name":"Skaitytaknyga","article_publisher":"https:\/\/www.facebook.com\/skaitytaknyga\/","article_modified_time":"2026-03-05T14:47:16+00:00","og_image":[{"width":300,"height":474,"url":"https:\/\/skaitytaknyga.lt\/wp-content\/uploads\/2026\/01\/Emile-Sparks-ir-ne-itin-sekmingas-konkursas-1.webp","type":"image\/webp"}],"twitter_card":"summary_large_image","twitter_misc":{"Estimated reading time":"1 minute"},"schema":{"@context":"https:\/\/schema.org","@graph":[{"@type":"WebPage","@id":"https:\/\/skaitytaknyga.lt\/produktas\/emile-sparks-ir-ne-itin-sekmingas-konkursas\/","url":"https:\/\/skaitytaknyga.lt\/produktas\/emile-sparks-ir-ne-itin-sekmingas-konkursas\/","name":"Emil\u0117 Sparks ir ne itin s\u0117kmingas konkursas","isPartOf":{"@id":"https:\/\/skaitytaknyga.lt\/#website"},"primaryImageOfPage":{"@id":"https:\/\/skaitytaknyga.lt\/produktas\/emile-sparks-ir-ne-itin-sekmingas-konkursas\/#primaryimage"},"image":{"@id":"https:\/\/skaitytaknyga.lt\/produktas\/emile-sparks-ir-ne-itin-sekmingas-konkursas\/#primaryimage"},"thumbnailUrl":"https:\/\/skaitytaknyga.lt\/wp-content\/uploads\/2026\/01\/Emile-Sparks-ir-ne-itin-sekmingas-konkursas-1.webp","datePublished":"2026-01-29T11:28:14+00:00","dateModified":"2026-03-05T14:47:16+00:00","description":"Galb\u016bt Emil\u0117 Sparks susirado nauj\u0105 geriausi\u0105 draug\u0105 ir neleido BJAURIAUSIAM berniukui visatoje sav\u0119s pa\u017eeminti, bet dabar jos k\u016brybingumas u\u017etrauk\u0117 jai","breadcrumb":{"@id":"https:\/\/skaitytaknyga.lt\/produktas\/emile-sparks-ir-ne-itin-sekmingas-konkursas\/#breadcrumb"},"inLanguage":"en-GB","potentialAction":[{"@type":"ReadAction","target":["https:\/\/skaitytaknyga.lt\/produktas\/emile-sparks-ir-ne-itin-sekmingas-konkursas\/"]}]},{"@type":"ImageObject","inLanguage":"en-GB","@id":"https:\/\/skaitytaknyga.lt\/produktas\/emile-sparks-ir-ne-itin-sekmingas-konkursas\/#primaryimage","url":"https:\/\/skaitytaknyga.lt\/wp-content\/uploads\/2026\/01\/Emile-Sparks-ir-ne-itin-sekmingas-konkursas-1.webp","contentUrl":"https:\/\/skaitytaknyga.lt\/wp-content\/uploads\/2026\/01\/Emile-Sparks-ir-ne-itin-sekmingas-konkursas-1.webp","width":300,"height":474,"caption":"Emil\u0117 Sparks ir ne itin s\u0117kmingas konkursas"},{"@type":"BreadcrumbList","@id":"https:\/\/skaitytaknyga.lt\/produktas\/emile-sparks-ir-ne-itin-sekmingas-konkursas\/#breadcrumb","itemListElement":[{"@type":"ListItem","position":1,"name":"Home","item":"https:\/\/skaitytaknyga.lt\/"},{"@type":"ListItem","position":2,"name":"Parduotuv\u0117","item":"https:\/\/skaitytaknyga.lt\/knygu-parduotuve\/"},{"@type":"ListItem","position":3,"name":"Emil\u0117 Sparks ir ne itin s\u0117kmingas konkursas"}]},{"@type":"WebSite","@id":"https:\/\/skaitytaknyga.lt\/#website","url":"https:\/\/skaitytaknyga.lt\/","name":"skaitytaknyga.lt","description":"Skaitytaknyga.lt \u2013 tai ma\u017eas \u0161eimos verslas, kuris prasid\u0117jo nuo meil\u0117s knygoms ir siekio i\u0161gelb\u0117ti knygas nuo likimo prie konteinerio. Kas vienam nereikalingas daiktas \u2013 kitam lobis, o mes esame tarpininkai, kurie padeda abiems tapti laimingesniems ???? \u017dinome kaip nelengva i\u0161gyventi ma\u017eiems verslams, tad nuo \u0161iol, \u010dia rasite ir kit\u0173, ma\u017e\u0173 \u0161eim\u0173 versl\u0173, rank\u0173 darbo, dovan\u0173 sau ir artimiesiems.","publisher":{"@id":"https:\/\/skaitytaknyga.lt\/#organization"},"potentialAction":[{"@type":"SearchAction","target":{"@type":"EntryPoint","urlTemplate":"https:\/\/skaitytaknyga.lt\/?s={search_term_string}"},"query-input":{"@type":"PropertyValueSpecification","valueRequired":true,"valueName":"search_term_string"}}],"inLanguage":"en-GB"},{"@type":"Organization","@id":"https:\/\/skaitytaknyga.lt\/#organization","name":"skaitytaknyga.lt","url":"https:\/\/skaitytaknyga.lt\/","logo":{"@type":"ImageObject","inLanguage":"en-GB","@id":"https:\/\/skaitytaknyga.lt\/#\/schema\/logo\/image\/","url":"https:\/\/skaitytaknyga.lt\/wp-content\/uploads\/2024\/05\/cropped-cropped-cropped-02_00843_jt3bggkj1j3HLc7SyY6rEUpg.jpeg","contentUrl":"https:\/\/skaitytaknyga.lt\/wp-content\/uploads\/2024\/05\/cropped-cropped-cropped-02_00843_jt3bggkj1j3HLc7SyY6rEUpg.jpeg","width":1600,"height":1600,"caption":"skaitytaknyga.lt"},"image":{"@id":"https:\/\/skaitytaknyga.lt\/#\/schema\/logo\/image\/"},"sameAs":["https:\/\/www.facebook.com\/skaitytaknyga\/"]}]}},"_links":{"self":[{"href":"https:\/\/skaitytaknyga.lt\/en\/wp-json\/wp\/v2\/product\/22804","targetHints":{"allow":["GET"]}}],"collection":[{"href":"https:\/\/skaitytaknyga.lt\/en\/wp-json\/wp\/v2\/product"}],"about":[{"href":"https:\/\/skaitytaknyga.lt\/en\/wp-json\/wp\/v2\/types\/product"}],"replies":[{"embeddable":true,"href":"https:\/\/skaitytaknyga.lt\/en\/wp-json\/wp\/v2\/comments?post=22804"}],"wp:featuredmedia":[{"embeddable":true,"href":"https:\/\/skaitytaknyga.lt\/en\/wp-json\/wp\/v2\/media\/22809"}],"wp:attachment":[{"href":"https:\/\/skaitytaknyga.lt\/en\/wp-json\/wp\/v2\/media?parent=22804"}],"wp:term":[{"taxonomy":"product_brand","embeddable":true,"href":"https:\/\/skaitytaknyga.lt\/en\/wp-json\/wp\/v2\/product_brand?post=22804"},{"taxonomy":"product_cat","embeddable":true,"href":"https:\/\/skaitytaknyga.lt\/en\/wp-json\/wp\/v2\/product_cat?post=22804"},{"taxonomy":"product_tag","embeddable":true,"href":"https:\/\/skaitytaknyga.lt\/en\/wp-json\/wp\/v2\/product_tag?post=22804"}],"curies":[{"name":"wp","href":"https:\/\/api.w.org\/{rel}","templated":true}]}}