{"id":22803,"date":"2026-01-29T13:28:13","date_gmt":"2026-01-29T11:28:13","guid":{"rendered":"https:\/\/skaitytaknyga.lt\/?post_type=product&#038;p=22803"},"modified":"2026-03-05T16:47:08","modified_gmt":"2026-03-05T14:47:08","slug":"raganele-vine","status":"publish","type":"product","link":"https:\/\/skaitytaknyga.lt\/en\/produktas\/raganele-vine\/","title":{"rendered":"Ragan\u0117l\u0117 Vin\u0117"},"content":{"rendered":"<p>OI! Ragan\u0117l\u0117 Vin\u0117 k\u0105 tik atsis\u0117do ant Vilburo&#8230; Ir v\u0117l!<\/p>\n<p>O kaipgi kitaip, kai gyveni juodame name juodomis sienomis,su juodais baldais, juodu kilimu ir laikai juodut juodut\u0117l\u012f katin\u0105. Kol Vilburas atsimerk\u0119s, b\u0117dos n\u0117ra \u2013 jo akys \u0161vyti \u017ealiai kaip du smaragdai. O k\u0105 daryti, kai katinas snaud\u017eia?<\/p>\n<p>Pana\u0161u, kad be burt\u0173 nebus apsieita&#8230;<\/p>\n<p>Pasaulyje itin populiari knyg\u0173 serija apie ragan\u0117l\u0119 Vin\u0119 jau Lietuvoje! Burtai, linksmi nuotykiai tikrai privers jus skaniai kvatoti \u2013 Abrakadabra!<\/p>\n<p>Apie knyg\u0105<\/p>\n<p>Ra\u0161ytojos Valerie Thomas istorijos apie susiv\u0117lusi\u0105 ragan\u0117l\u0119, vardu Vin\u0117, visame pasaulyje susilauk\u0117 mil\u017eini\u0161ko populiarumo. Pirmoji knyga pasirod\u0117 1987 m., o jos dailininkas Korky Paul i\u0161 karto laim\u0117jo presti\u017ein\u012f Vaiki\u0161kos knygos apdovanojim\u0105. \u0160ios serijos vien Anglijoje buvo parduota daugiau negu 2 milijonai vienet\u0173.<\/p>\n<p>Knygel\u0117je \u201eRagan\u0117l\u0117 Vin\u0117\u201c jos autoriai Valerie Thomas ir Korky Paul vaikams si\u016blo linksm\u0105 ir \u012fdom\u0173 b\u016bd\u0105 mokytis spalvas. Taip pat jie ai\u0161kina vaikam (ir kai kuriem suaugusiems) apie buvim\u0105 kitokiu.<\/p>\n","protected":false},"excerpt":{"rendered":"<p>OI! Ragan\u0117l\u0117 Vin\u0117 k\u0105 tik atsis\u0117do ant Vilburo&#8230; Ir v\u0117l! O kaipgi kitaip, kai gyveni juodame name juodomis sienomis,su juodais baldais, juodu kilimu ir laikai juodut juodut\u0117l\u012f katin\u0105. Kol Vilburas atsimerk\u0119s, b\u0117dos n\u0117ra \u2013 jo akys \u0161vyti \u017ealiai kaip du smaragdai. O k\u0105 daryti, kai katinas snaud\u017eia? Pana\u0161u, kad be burt\u0173 nebus apsieita&#8230; Pasaulyje itin populiari knyg\u0173 serija apie ragan\u0117l\u0119 Vin\u0119 jau Lietuvoje! Burtai, linksmi nuotykiai tikrai privers jus skaniai kvatoti \u2013 Abrakadabra! Apie knyg\u0105 Ra\u0161ytojos Valerie Thomas istorijos apie susiv\u0117lusi\u0105 ragan\u0117l\u0119, vardu Vin\u0117, visame pasaulyje susilauk\u0117 mil\u017eini\u0161ko populiarumo. Pirmoji knyga pasirod\u0117 1987 m., o jos dailininkas Korky Paul i\u0161 karto laim\u0117jo presti\u017ein\u012f Vaiki\u0161kos knygos apdovanojim\u0105. \u0160ios serijos vien Anglijoje buvo parduota daugiau negu 2 milijonai vienet\u0173. Knygel\u0117je \u201eRagan\u0117l\u0117 Vin\u0117\u201c jos autoriai Valerie Thomas ir Korky Paul vaikams si\u016blo linksm\u0105 ir \u012fdom\u0173 b\u016bd\u0105 mokytis spalvas. Taip pat jie ai\u0161kina vaikam (ir kai kuriem suaugusiems) apie buvim\u0105 kitokiu.<\/p>\n","protected":false},"featured_media":22808,"comment_status":"open","ping_status":"closed","template":"","meta":{"_acf_changed":false,"site-sidebar-layout":"default","site-content-layout":"","ast-site-content-layout":"default","site-content-style":"default","site-sidebar-style":"default","ast-global-header-display":"","ast-banner-title-visibility":"","ast-main-header-display":"","ast-hfb-above-header-display":"","ast-hfb-below-header-display":"","ast-hfb-mobile-header-display":"","site-post-title":"","ast-breadcrumbs-content":"","ast-featured-img":"","footer-sml-layout":"","ast-disable-related-posts":"","theme-transparent-header-meta":"","adv-header-id-meta":"","stick-header-meta":"","header-above-stick-meta":"","header-main-stick-meta":"","header-below-stick-meta":"","astra-migrate-meta-layouts":"default","ast-page-background-enabled":"default","ast-page-background-meta":{"desktop":{"background-color":"","background-image":"","background-repeat":"repeat","background-position":"center center","background-size":"auto","background-attachment":"scroll","background-type":"","background-media":"","overlay-type":"","overlay-color":"","overlay-opacity":"","overlay-gradient":""},"tablet":{"background-color":"","background-image":"","background-repeat":"repeat","background-position":"center center","background-size":"auto","background-attachment":"scroll","background-type":"","background-media":"","overlay-type":"","overlay-color":"","overlay-opacity":"","overlay-gradient":""},"mobile":{"background-color":"","background-image":"","background-repeat":"repeat","background-position":"center center","background-size":"auto","background-attachment":"scroll","background-type":"","background-media":"","overlay-type":"","overlay-color":"","overlay-opacity":"","overlay-gradient":""}},"ast-content-background-meta":{"desktop":{"background-color":"var(--ast-global-color-4)","background-image":"","background-repeat":"repeat","background-position":"center center","background-size":"auto","background-attachment":"scroll","background-type":"","background-media":"","overlay-type":"","overlay-color":"","overlay-opacity":"","overlay-gradient":""},"tablet":{"background-color":"var(--ast-global-color-4)","background-image":"","background-repeat":"repeat","background-position":"center center","background-size":"auto","background-attachment":"scroll","background-type":"","background-media":"","overlay-type":"","overlay-color":"","overlay-opacity":"","overlay-gradient":""},"mobile":{"background-color":"var(--ast-global-color-4)","background-image":"","background-repeat":"repeat","background-position":"center center","background-size":"auto","background-attachment":"scroll","background-type":"","background-media":"","overlay-type":"","overlay-color":"","overlay-opacity":"","overlay-gradient":""}}},"product_brand":[],"product_cat":[9674],"product_tag":[9324],"class_list":{"0":"post-22803","1":"product","2":"type-product","3":"status-publish","4":"has-post-thumbnail","6":"product_cat-pradinukams","7":"product_tag-ltayano-imai","8":"desktop-align-left","9":"tablet-align-left","10":"mobile-align-left","12":"first","13":"instock","14":"shipping-taxable","15":"purchasable","16":"product-type-simple"},"acf":[],"yoast_head":"<!-- This site is optimized with the Yoast SEO plugin v27.0 - https:\/\/yoast.com\/product\/yoast-seo-wordpress\/ -->\n<title>Ragan\u0117l\u0117 Vin\u0117<\/title>\n<meta name=\"description\" content=\"OI! Ragan\u0117l\u0117 Vin\u0117 k\u0105 tik atsis\u0117do ant Vilburo... Ir v\u0117l! O kaipgi kitaip, kai gyveni juodame name juodomis sienomis,su juodais baldais, juodu kilimu ir\" \/>\n<meta name=\"robots\" content=\"index, follow, max-snippet:-1, max-image-preview:large, max-video-preview:-1\" \/>\n<link rel=\"canonical\" href=\"https:\/\/skaitytaknyga.lt\/en\/produktas\/raganele-vine\/\" \/>\n<meta property=\"og:locale\" content=\"en_GB\" \/>\n<meta property=\"og:locale:alternate\" content=\"lt_LT\" \/>\n<meta property=\"og:type\" content=\"article\" \/>\n<meta property=\"og:title\" content=\"Ragan\u0117l\u0117 Vin\u0117\" \/>\n<meta property=\"og:description\" content=\"OI! Ragan\u0117l\u0117 Vin\u0117 k\u0105 tik atsis\u0117do ant Vilburo... Ir v\u0117l! O kaipgi kitaip, kai gyveni juodame name juodomis sienomis,su juodais baldais, juodu kilimu ir\" \/>\n<meta property=\"og:url\" content=\"https:\/\/skaitytaknyga.lt\/en\/produktas\/raganele-vine\/\" \/>\n<meta property=\"og:site_name\" content=\"Skaitytaknyga\" \/>\n<meta property=\"article:publisher\" content=\"https:\/\/www.facebook.com\/skaitytaknyga\/\" \/>\n<meta property=\"article:modified_time\" content=\"2026-03-05T14:47:08+00:00\" \/>\n<meta property=\"og:image\" content=\"https:\/\/skaitytaknyga.lt\/wp-content\/uploads\/2026\/01\/Raganele-Vine-1.webp\" \/>\n\t<meta property=\"og:image:width\" content=\"311\" \/>\n\t<meta property=\"og:image:height\" content=\"400\" \/>\n\t<meta property=\"og:image:type\" content=\"image\/webp\" \/>\n<meta name=\"twitter:card\" content=\"summary_large_image\" \/>\n<meta name=\"twitter:label1\" content=\"Estimated reading time\" \/>\n\t<meta name=\"twitter:data1\" content=\"1 minute\" \/>\n<script type=\"application\/ld+json\" class=\"yoast-schema-graph\">{\"@context\":\"https:\/\/schema.org\",\"@graph\":[{\"@type\":\"WebPage\",\"@id\":\"https:\/\/skaitytaknyga.lt\/produktas\/raganele-vine\/\",\"url\":\"https:\/\/skaitytaknyga.lt\/produktas\/raganele-vine\/\",\"name\":\"Ragan\u0117l\u0117 Vin\u0117\",\"isPartOf\":{\"@id\":\"https:\/\/skaitytaknyga.lt\/#website\"},\"primaryImageOfPage\":{\"@id\":\"https:\/\/skaitytaknyga.lt\/produktas\/raganele-vine\/#primaryimage\"},\"image\":{\"@id\":\"https:\/\/skaitytaknyga.lt\/produktas\/raganele-vine\/#primaryimage\"},\"thumbnailUrl\":\"https:\/\/skaitytaknyga.lt\/wp-content\/uploads\/2026\/01\/Raganele-Vine-1.webp\",\"datePublished\":\"2026-01-29T11:28:13+00:00\",\"dateModified\":\"2026-03-05T14:47:08+00:00\",\"description\":\"OI! Ragan\u0117l\u0117 Vin\u0117 k\u0105 tik atsis\u0117do ant Vilburo... Ir v\u0117l! O kaipgi kitaip, kai gyveni juodame name juodomis sienomis,su juodais baldais, juodu kilimu ir\",\"breadcrumb\":{\"@id\":\"https:\/\/skaitytaknyga.lt\/produktas\/raganele-vine\/#breadcrumb\"},\"inLanguage\":\"en-GB\",\"potentialAction\":[{\"@type\":\"ReadAction\",\"target\":[\"https:\/\/skaitytaknyga.lt\/produktas\/raganele-vine\/\"]}]},{\"@type\":\"ImageObject\",\"inLanguage\":\"en-GB\",\"@id\":\"https:\/\/skaitytaknyga.lt\/produktas\/raganele-vine\/#primaryimage\",\"url\":\"https:\/\/skaitytaknyga.lt\/wp-content\/uploads\/2026\/01\/Raganele-Vine-1.webp\",\"contentUrl\":\"https:\/\/skaitytaknyga.lt\/wp-content\/uploads\/2026\/01\/Raganele-Vine-1.webp\",\"width\":311,\"height\":400},{\"@type\":\"BreadcrumbList\",\"@id\":\"https:\/\/skaitytaknyga.lt\/produktas\/raganele-vine\/#breadcrumb\",\"itemListElement\":[{\"@type\":\"ListItem\",\"position\":1,\"name\":\"Home\",\"item\":\"https:\/\/skaitytaknyga.lt\/\"},{\"@type\":\"ListItem\",\"position\":2,\"name\":\"Parduotuv\u0117\",\"item\":\"https:\/\/skaitytaknyga.lt\/knygu-parduotuve\/\"},{\"@type\":\"ListItem\",\"position\":3,\"name\":\"Ragan\u0117l\u0117 Vin\u0117\"}]},{\"@type\":\"WebSite\",\"@id\":\"https:\/\/skaitytaknyga.lt\/#website\",\"url\":\"https:\/\/skaitytaknyga.lt\/\",\"name\":\"skaitytaknyga.lt\",\"description\":\"Skaitytaknyga.lt \u2013 tai ma\u017eas \u0161eimos verslas, kuris prasid\u0117jo nuo meil\u0117s knygoms ir siekio i\u0161gelb\u0117ti knygas nuo likimo prie konteinerio. Kas vienam nereikalingas daiktas \u2013 kitam lobis, o mes esame tarpininkai, kurie padeda abiems tapti laimingesniems ???? \u017dinome kaip nelengva i\u0161gyventi ma\u017eiems verslams, tad nuo \u0161iol, \u010dia rasite ir kit\u0173, ma\u017e\u0173 \u0161eim\u0173 versl\u0173, rank\u0173 darbo, dovan\u0173 sau ir artimiesiems.\",\"publisher\":{\"@id\":\"https:\/\/skaitytaknyga.lt\/#organization\"},\"potentialAction\":[{\"@type\":\"SearchAction\",\"target\":{\"@type\":\"EntryPoint\",\"urlTemplate\":\"https:\/\/skaitytaknyga.lt\/?s={search_term_string}\"},\"query-input\":{\"@type\":\"PropertyValueSpecification\",\"valueRequired\":true,\"valueName\":\"search_term_string\"}}],\"inLanguage\":\"en-GB\"},{\"@type\":\"Organization\",\"@id\":\"https:\/\/skaitytaknyga.lt\/#organization\",\"name\":\"skaitytaknyga.lt\",\"url\":\"https:\/\/skaitytaknyga.lt\/\",\"logo\":{\"@type\":\"ImageObject\",\"inLanguage\":\"en-GB\",\"@id\":\"https:\/\/skaitytaknyga.lt\/#\/schema\/logo\/image\/\",\"url\":\"https:\/\/skaitytaknyga.lt\/wp-content\/uploads\/2024\/05\/cropped-cropped-cropped-02_00843_jt3bggkj1j3HLc7SyY6rEUpg.jpeg\",\"contentUrl\":\"https:\/\/skaitytaknyga.lt\/wp-content\/uploads\/2024\/05\/cropped-cropped-cropped-02_00843_jt3bggkj1j3HLc7SyY6rEUpg.jpeg\",\"width\":1600,\"height\":1600,\"caption\":\"skaitytaknyga.lt\"},\"image\":{\"@id\":\"https:\/\/skaitytaknyga.lt\/#\/schema\/logo\/image\/\"},\"sameAs\":[\"https:\/\/www.facebook.com\/skaitytaknyga\/\"]}]}<\/script>\n<!-- \/ Yoast SEO plugin. -->","yoast_head_json":{"title":"Ragan\u0117l\u0117 Vin\u0117","description":"OI! Ragan\u0117l\u0117 Vin\u0117 k\u0105 tik atsis\u0117do ant Vilburo... Ir v\u0117l! O kaipgi kitaip, kai gyveni juodame name juodomis sienomis,su juodais baldais, juodu kilimu ir","robots":{"index":"index","follow":"follow","max-snippet":"max-snippet:-1","max-image-preview":"max-image-preview:large","max-video-preview":"max-video-preview:-1"},"canonical":"https:\/\/skaitytaknyga.lt\/en\/produktas\/raganele-vine\/","og_locale":"en_GB","og_type":"article","og_title":"[:lt]Ragan\u0117l\u0117 Vin\u0117[:] - Skaitytaknyga","og_description":"OI! Ragan\u0117l\u0117 Vin\u0117 k\u0105 tik atsis\u0117do ant Vilburo... Ir v\u0117l! O kaipgi kitaip, kai gyveni juodame name juodomis sienomis,su juodais baldais, juodu kilimu ir","og_url":"https:\/\/skaitytaknyga.lt\/en\/produktas\/raganele-vine\/","og_site_name":"Skaitytaknyga","article_publisher":"https:\/\/www.facebook.com\/skaitytaknyga\/","article_modified_time":"2026-03-05T14:47:08+00:00","og_image":[{"width":311,"height":400,"url":"https:\/\/skaitytaknyga.lt\/wp-content\/uploads\/2026\/01\/Raganele-Vine-1.webp","type":"image\/webp"}],"twitter_card":"summary_large_image","twitter_misc":{"Estimated reading time":"1 minute"},"schema":{"@context":"https:\/\/schema.org","@graph":[{"@type":"WebPage","@id":"https:\/\/skaitytaknyga.lt\/produktas\/raganele-vine\/","url":"https:\/\/skaitytaknyga.lt\/produktas\/raganele-vine\/","name":"Ragan\u0117l\u0117 Vin\u0117","isPartOf":{"@id":"https:\/\/skaitytaknyga.lt\/#website"},"primaryImageOfPage":{"@id":"https:\/\/skaitytaknyga.lt\/produktas\/raganele-vine\/#primaryimage"},"image":{"@id":"https:\/\/skaitytaknyga.lt\/produktas\/raganele-vine\/#primaryimage"},"thumbnailUrl":"https:\/\/skaitytaknyga.lt\/wp-content\/uploads\/2026\/01\/Raganele-Vine-1.webp","datePublished":"2026-01-29T11:28:13+00:00","dateModified":"2026-03-05T14:47:08+00:00","description":"OI! Ragan\u0117l\u0117 Vin\u0117 k\u0105 tik atsis\u0117do ant Vilburo... Ir v\u0117l! O kaipgi kitaip, kai gyveni juodame name juodomis sienomis,su juodais baldais, juodu kilimu ir","breadcrumb":{"@id":"https:\/\/skaitytaknyga.lt\/produktas\/raganele-vine\/#breadcrumb"},"inLanguage":"en-GB","potentialAction":[{"@type":"ReadAction","target":["https:\/\/skaitytaknyga.lt\/produktas\/raganele-vine\/"]}]},{"@type":"ImageObject","inLanguage":"en-GB","@id":"https:\/\/skaitytaknyga.lt\/produktas\/raganele-vine\/#primaryimage","url":"https:\/\/skaitytaknyga.lt\/wp-content\/uploads\/2026\/01\/Raganele-Vine-1.webp","contentUrl":"https:\/\/skaitytaknyga.lt\/wp-content\/uploads\/2026\/01\/Raganele-Vine-1.webp","width":311,"height":400},{"@type":"BreadcrumbList","@id":"https:\/\/skaitytaknyga.lt\/produktas\/raganele-vine\/#breadcrumb","itemListElement":[{"@type":"ListItem","position":1,"name":"Home","item":"https:\/\/skaitytaknyga.lt\/"},{"@type":"ListItem","position":2,"name":"Parduotuv\u0117","item":"https:\/\/skaitytaknyga.lt\/knygu-parduotuve\/"},{"@type":"ListItem","position":3,"name":"Ragan\u0117l\u0117 Vin\u0117"}]},{"@type":"WebSite","@id":"https:\/\/skaitytaknyga.lt\/#website","url":"https:\/\/skaitytaknyga.lt\/","name":"skaitytaknyga.lt","description":"Skaitytaknyga.lt \u2013 tai ma\u017eas \u0161eimos verslas, kuris prasid\u0117jo nuo meil\u0117s knygoms ir siekio i\u0161gelb\u0117ti knygas nuo likimo prie konteinerio. Kas vienam nereikalingas daiktas \u2013 kitam lobis, o mes esame tarpininkai, kurie padeda abiems tapti laimingesniems ???? \u017dinome kaip nelengva i\u0161gyventi ma\u017eiems verslams, tad nuo \u0161iol, \u010dia rasite ir kit\u0173, ma\u017e\u0173 \u0161eim\u0173 versl\u0173, rank\u0173 darbo, dovan\u0173 sau ir artimiesiems.","publisher":{"@id":"https:\/\/skaitytaknyga.lt\/#organization"},"potentialAction":[{"@type":"SearchAction","target":{"@type":"EntryPoint","urlTemplate":"https:\/\/skaitytaknyga.lt\/?s={search_term_string}"},"query-input":{"@type":"PropertyValueSpecification","valueRequired":true,"valueName":"search_term_string"}}],"inLanguage":"en-GB"},{"@type":"Organization","@id":"https:\/\/skaitytaknyga.lt\/#organization","name":"skaitytaknyga.lt","url":"https:\/\/skaitytaknyga.lt\/","logo":{"@type":"ImageObject","inLanguage":"en-GB","@id":"https:\/\/skaitytaknyga.lt\/#\/schema\/logo\/image\/","url":"https:\/\/skaitytaknyga.lt\/wp-content\/uploads\/2024\/05\/cropped-cropped-cropped-02_00843_jt3bggkj1j3HLc7SyY6rEUpg.jpeg","contentUrl":"https:\/\/skaitytaknyga.lt\/wp-content\/uploads\/2024\/05\/cropped-cropped-cropped-02_00843_jt3bggkj1j3HLc7SyY6rEUpg.jpeg","width":1600,"height":1600,"caption":"skaitytaknyga.lt"},"image":{"@id":"https:\/\/skaitytaknyga.lt\/#\/schema\/logo\/image\/"},"sameAs":["https:\/\/www.facebook.com\/skaitytaknyga\/"]}]}},"_links":{"self":[{"href":"https:\/\/skaitytaknyga.lt\/en\/wp-json\/wp\/v2\/product\/22803","targetHints":{"allow":["GET"]}}],"collection":[{"href":"https:\/\/skaitytaknyga.lt\/en\/wp-json\/wp\/v2\/product"}],"about":[{"href":"https:\/\/skaitytaknyga.lt\/en\/wp-json\/wp\/v2\/types\/product"}],"replies":[{"embeddable":true,"href":"https:\/\/skaitytaknyga.lt\/en\/wp-json\/wp\/v2\/comments?post=22803"}],"wp:featuredmedia":[{"embeddable":true,"href":"https:\/\/skaitytaknyga.lt\/en\/wp-json\/wp\/v2\/media\/22808"}],"wp:attachment":[{"href":"https:\/\/skaitytaknyga.lt\/en\/wp-json\/wp\/v2\/media?parent=22803"}],"wp:term":[{"taxonomy":"product_brand","embeddable":true,"href":"https:\/\/skaitytaknyga.lt\/en\/wp-json\/wp\/v2\/product_brand?post=22803"},{"taxonomy":"product_cat","embeddable":true,"href":"https:\/\/skaitytaknyga.lt\/en\/wp-json\/wp\/v2\/product_cat?post=22803"},{"taxonomy":"product_tag","embeddable":true,"href":"https:\/\/skaitytaknyga.lt\/en\/wp-json\/wp\/v2\/product_tag?post=22803"}],"curies":[{"name":"wp","href":"https:\/\/api.w.org\/{rel}","templated":true}]}}