{"id":22802,"date":"2026-01-29T13:28:12","date_gmt":"2026-01-29T11:28:12","guid":{"rendered":"https:\/\/skaitytaknyga.lt\/?post_type=product&#038;p=22802"},"modified":"2026-03-05T16:47:08","modified_gmt":"2026-03-05T14:47:08","slug":"broliai-liutasirdziai","status":"publish","type":"product","link":"https:\/\/skaitytaknyga.lt\/en\/produktas\/broliai-liutasirdziai\/","title":{"rendered":"Broliai Li\u016bta\u0161ird\u017eiai (\u012fbr\u0117\u017etas vir\u0161elis)"},"content":{"rendered":"<p>Broliai Junatanas ir Skrebutis Li\u016bta\u0161ird\u017eiai susitinka pomirtiniame pasaulyje \u2013 Nangijaloje, am\u017eino pavasario ir \u017eydin\u010di\u0173 sod\u0173 \u0161alyje. Bet ram\u0173 Nangijalos sl\u0117ni\u0173 gyvenim\u0105 sudrums\u010dia tironas Tengilis ir siaub\u0105 kelianti pabaisa Katla. Broliai leid\u017eiasi \u012f nuotyki\u0173 ir pavoj\u0173 kupin\u0105 kelion\u0119, nor\u0117dami \u012fveikti blog\u012f ir i\u0161vaduoti pavergtus Nangijalos \u017emon\u0117s.<\/p>\n<p>\u201eBroliai Li\u016bta\u0161ird\u017eiai\u201c \u2013 tai pasakojimas apie narsi\u0105 dviej\u0173 broli\u0173 meil\u0119, kurios nepaj\u0117gia \u012fveikti mirtis.<\/p>\n","protected":false},"excerpt":{"rendered":"<p>Broliai Junatanas ir Skrebutis Li\u016bta\u0161ird\u017eiai susitinka pomirtiniame pasaulyje \u2013 Nangijaloje, am\u017eino pavasario ir \u017eydin\u010di\u0173 sod\u0173 \u0161alyje. Bet ram\u0173 Nangijalos sl\u0117ni\u0173 gyvenim\u0105 sudrums\u010dia tironas Tengilis ir siaub\u0105 kelianti pabaisa Katla. Broliai leid\u017eiasi \u012f nuotyki\u0173 ir pavoj\u0173 kupin\u0105 kelion\u0119, nor\u0117dami \u012fveikti blog\u012f ir i\u0161vaduoti pavergtus Nangijalos \u017emon\u0117s. \u201eBroliai Li\u016bta\u0161ird\u017eiai\u201c \u2013 tai pasakojimas apie narsi\u0105 dviej\u0173 broli\u0173 meil\u0119, kurios nepaj\u0117gia \u012fveikti mirtis.<\/p>\n","protected":false},"featured_media":22807,"comment_status":"open","ping_status":"closed","template":"","meta":{"_acf_changed":false,"site-sidebar-layout":"default","site-content-layout":"","ast-site-content-layout":"default","site-content-style":"default","site-sidebar-style":"default","ast-global-header-display":"","ast-banner-title-visibility":"","ast-main-header-display":"","ast-hfb-above-header-display":"","ast-hfb-below-header-display":"","ast-hfb-mobile-header-display":"","site-post-title":"","ast-breadcrumbs-content":"","ast-featured-img":"","footer-sml-layout":"","ast-disable-related-posts":"","theme-transparent-header-meta":"","adv-header-id-meta":"","stick-header-meta":"","header-above-stick-meta":"","header-main-stick-meta":"","header-below-stick-meta":"","astra-migrate-meta-layouts":"default","ast-page-background-enabled":"default","ast-page-background-meta":{"desktop":{"background-color":"","background-image":"","background-repeat":"repeat","background-position":"center center","background-size":"auto","background-attachment":"scroll","background-type":"","background-media":"","overlay-type":"","overlay-color":"","overlay-opacity":"","overlay-gradient":""},"tablet":{"background-color":"","background-image":"","background-repeat":"repeat","background-position":"center center","background-size":"auto","background-attachment":"scroll","background-type":"","background-media":"","overlay-type":"","overlay-color":"","overlay-opacity":"","overlay-gradient":""},"mobile":{"background-color":"","background-image":"","background-repeat":"repeat","background-position":"center center","background-size":"auto","background-attachment":"scroll","background-type":"","background-media":"","overlay-type":"","overlay-color":"","overlay-opacity":"","overlay-gradient":""}},"ast-content-background-meta":{"desktop":{"background-color":"var(--ast-global-color-4)","background-image":"","background-repeat":"repeat","background-position":"center center","background-size":"auto","background-attachment":"scroll","background-type":"","background-media":"","overlay-type":"","overlay-color":"","overlay-opacity":"","overlay-gradient":""},"tablet":{"background-color":"var(--ast-global-color-4)","background-image":"","background-repeat":"repeat","background-position":"center center","background-size":"auto","background-attachment":"scroll","background-type":"","background-media":"","overlay-type":"","overlay-color":"","overlay-opacity":"","overlay-gradient":""},"mobile":{"background-color":"var(--ast-global-color-4)","background-image":"","background-repeat":"repeat","background-position":"center center","background-size":"auto","background-attachment":"scroll","background-type":"","background-media":"","overlay-type":"","overlay-color":"","overlay-opacity":"","overlay-gradient":""}}},"product_brand":[],"product_cat":[9674],"product_tag":[9323],"class_list":{"0":"post-22802","1":"product","2":"type-product","3":"status-publish","4":"has-post-thumbnail","6":"product_cat-pradinukams","7":"product_tag-ltastrida-lindgren","8":"desktop-align-left","9":"tablet-align-left","10":"mobile-align-left","12":"first","13":"instock","14":"shipping-taxable","15":"purchasable","16":"product-type-simple"},"acf":[],"yoast_head":"<!-- This site is optimized with the Yoast SEO plugin v27.0 - https:\/\/yoast.com\/product\/yoast-seo-wordpress\/ -->\n<title>Broliai Li\u016bta\u0161ird\u017eiai (\u012fbr\u0117\u017etas vir\u0161elis)<\/title>\n<meta name=\"description\" content=\"Broliai Junatanas ir Skrebutis Li\u016bta\u0161ird\u017eiai susitinka pomirtiniame pasaulyje \u2013 Nangijaloje, am\u017eino pavasario ir \u017eydin\u010di\u0173 sod\u0173 \u0161alyje. Bet ram\u0173 Nangijalos\" \/>\n<meta name=\"robots\" content=\"index, follow, max-snippet:-1, max-image-preview:large, max-video-preview:-1\" \/>\n<link rel=\"canonical\" href=\"https:\/\/skaitytaknyga.lt\/en\/produktas\/broliai-liutasirdziai\/\" \/>\n<meta property=\"og:locale\" content=\"en_GB\" \/>\n<meta property=\"og:locale:alternate\" content=\"lt_LT\" \/>\n<meta property=\"og:type\" content=\"article\" \/>\n<meta property=\"og:title\" content=\"Broliai Li\u016bta\u0161ird\u017eiai (\u012fbr\u0117\u017etas vir\u0161elis)\" \/>\n<meta property=\"og:description\" content=\"Broliai Junatanas ir Skrebutis Li\u016bta\u0161ird\u017eiai susitinka pomirtiniame pasaulyje \u2013 Nangijaloje, am\u017eino pavasario ir \u017eydin\u010di\u0173 sod\u0173 \u0161alyje. Bet ram\u0173 Nangijalos\" \/>\n<meta property=\"og:url\" content=\"https:\/\/skaitytaknyga.lt\/en\/produktas\/broliai-liutasirdziai\/\" \/>\n<meta property=\"og:site_name\" content=\"Skaitytaknyga\" \/>\n<meta property=\"article:publisher\" content=\"https:\/\/www.facebook.com\/skaitytaknyga\/\" \/>\n<meta property=\"article:modified_time\" content=\"2026-03-05T14:47:08+00:00\" \/>\n<meta property=\"og:image\" content=\"https:\/\/skaitytaknyga.lt\/wp-content\/uploads\/2026\/01\/Broliai-Liutasirdziai-1.webp\" \/>\n\t<meta property=\"og:image:width\" content=\"300\" \/>\n\t<meta property=\"og:image:height\" content=\"434\" \/>\n\t<meta property=\"og:image:type\" content=\"image\/webp\" \/>\n<meta name=\"twitter:card\" content=\"summary_large_image\" \/>\n<script type=\"application\/ld+json\" class=\"yoast-schema-graph\">{\"@context\":\"https:\/\/schema.org\",\"@graph\":[{\"@type\":\"WebPage\",\"@id\":\"https:\/\/skaitytaknyga.lt\/produktas\/broliai-liutasirdziai\/\",\"url\":\"https:\/\/skaitytaknyga.lt\/produktas\/broliai-liutasirdziai\/\",\"name\":\"Broliai Li\u016bta\u0161ird\u017eiai (\u012fbr\u0117\u017etas vir\u0161elis)\",\"isPartOf\":{\"@id\":\"https:\/\/skaitytaknyga.lt\/#website\"},\"primaryImageOfPage\":{\"@id\":\"https:\/\/skaitytaknyga.lt\/produktas\/broliai-liutasirdziai\/#primaryimage\"},\"image\":{\"@id\":\"https:\/\/skaitytaknyga.lt\/produktas\/broliai-liutasirdziai\/#primaryimage\"},\"thumbnailUrl\":\"https:\/\/skaitytaknyga.lt\/wp-content\/uploads\/2026\/01\/Broliai-Liutasirdziai-1.webp\",\"datePublished\":\"2026-01-29T11:28:12+00:00\",\"dateModified\":\"2026-03-05T14:47:08+00:00\",\"description\":\"Broliai Junatanas ir Skrebutis Li\u016bta\u0161ird\u017eiai susitinka pomirtiniame pasaulyje \u2013 Nangijaloje, am\u017eino pavasario ir \u017eydin\u010di\u0173 sod\u0173 \u0161alyje. Bet ram\u0173 Nangijalos\",\"breadcrumb\":{\"@id\":\"https:\/\/skaitytaknyga.lt\/produktas\/broliai-liutasirdziai\/#breadcrumb\"},\"inLanguage\":\"en-GB\",\"potentialAction\":[{\"@type\":\"ReadAction\",\"target\":[\"https:\/\/skaitytaknyga.lt\/produktas\/broliai-liutasirdziai\/\"]}]},{\"@type\":\"ImageObject\",\"inLanguage\":\"en-GB\",\"@id\":\"https:\/\/skaitytaknyga.lt\/produktas\/broliai-liutasirdziai\/#primaryimage\",\"url\":\"https:\/\/skaitytaknyga.lt\/wp-content\/uploads\/2026\/01\/Broliai-Liutasirdziai-1.webp\",\"contentUrl\":\"https:\/\/skaitytaknyga.lt\/wp-content\/uploads\/2026\/01\/Broliai-Liutasirdziai-1.webp\",\"width\":300,\"height\":434,\"caption\":\"Broliai Li\u016bta\u0161ird\u017eiai\"},{\"@type\":\"BreadcrumbList\",\"@id\":\"https:\/\/skaitytaknyga.lt\/produktas\/broliai-liutasirdziai\/#breadcrumb\",\"itemListElement\":[{\"@type\":\"ListItem\",\"position\":1,\"name\":\"Home\",\"item\":\"https:\/\/skaitytaknyga.lt\/\"},{\"@type\":\"ListItem\",\"position\":2,\"name\":\"Parduotuv\u0117\",\"item\":\"https:\/\/skaitytaknyga.lt\/knygu-parduotuve\/\"},{\"@type\":\"ListItem\",\"position\":3,\"name\":\"Broliai Li\u016bta\u0161ird\u017eiai (\u012fbr\u0117\u017etas vir\u0161elis)\"}]},{\"@type\":\"WebSite\",\"@id\":\"https:\/\/skaitytaknyga.lt\/#website\",\"url\":\"https:\/\/skaitytaknyga.lt\/\",\"name\":\"skaitytaknyga.lt\",\"description\":\"Skaitytaknyga.lt \u2013 tai ma\u017eas \u0161eimos verslas, kuris prasid\u0117jo nuo meil\u0117s knygoms ir siekio i\u0161gelb\u0117ti knygas nuo likimo prie konteinerio. Kas vienam nereikalingas daiktas \u2013 kitam lobis, o mes esame tarpininkai, kurie padeda abiems tapti laimingesniems ???? \u017dinome kaip nelengva i\u0161gyventi ma\u017eiems verslams, tad nuo \u0161iol, \u010dia rasite ir kit\u0173, ma\u017e\u0173 \u0161eim\u0173 versl\u0173, rank\u0173 darbo, dovan\u0173 sau ir artimiesiems.\",\"publisher\":{\"@id\":\"https:\/\/skaitytaknyga.lt\/#organization\"},\"potentialAction\":[{\"@type\":\"SearchAction\",\"target\":{\"@type\":\"EntryPoint\",\"urlTemplate\":\"https:\/\/skaitytaknyga.lt\/?s={search_term_string}\"},\"query-input\":{\"@type\":\"PropertyValueSpecification\",\"valueRequired\":true,\"valueName\":\"search_term_string\"}}],\"inLanguage\":\"en-GB\"},{\"@type\":\"Organization\",\"@id\":\"https:\/\/skaitytaknyga.lt\/#organization\",\"name\":\"skaitytaknyga.lt\",\"url\":\"https:\/\/skaitytaknyga.lt\/\",\"logo\":{\"@type\":\"ImageObject\",\"inLanguage\":\"en-GB\",\"@id\":\"https:\/\/skaitytaknyga.lt\/#\/schema\/logo\/image\/\",\"url\":\"https:\/\/skaitytaknyga.lt\/wp-content\/uploads\/2024\/05\/cropped-cropped-cropped-02_00843_jt3bggkj1j3HLc7SyY6rEUpg.jpeg\",\"contentUrl\":\"https:\/\/skaitytaknyga.lt\/wp-content\/uploads\/2024\/05\/cropped-cropped-cropped-02_00843_jt3bggkj1j3HLc7SyY6rEUpg.jpeg\",\"width\":1600,\"height\":1600,\"caption\":\"skaitytaknyga.lt\"},\"image\":{\"@id\":\"https:\/\/skaitytaknyga.lt\/#\/schema\/logo\/image\/\"},\"sameAs\":[\"https:\/\/www.facebook.com\/skaitytaknyga\/\"]}]}<\/script>\n<!-- \/ Yoast SEO plugin. -->","yoast_head_json":{"title":"Broliai Li\u016bta\u0161ird\u017eiai (\u012fbr\u0117\u017etas vir\u0161elis)","description":"Broliai Junatanas ir Skrebutis Li\u016bta\u0161ird\u017eiai susitinka pomirtiniame pasaulyje \u2013 Nangijaloje, am\u017eino pavasario ir \u017eydin\u010di\u0173 sod\u0173 \u0161alyje. Bet ram\u0173 Nangijalos","robots":{"index":"index","follow":"follow","max-snippet":"max-snippet:-1","max-image-preview":"max-image-preview:large","max-video-preview":"max-video-preview:-1"},"canonical":"https:\/\/skaitytaknyga.lt\/en\/produktas\/broliai-liutasirdziai\/","og_locale":"en_GB","og_type":"article","og_title":"[:lt]Broliai Li\u016bta\u0161ird\u017eiai (\u012fbr\u0117\u017etas vir\u0161elis)[:] - Skaitytaknyga","og_description":"Broliai Junatanas ir Skrebutis Li\u016bta\u0161ird\u017eiai susitinka pomirtiniame pasaulyje \u2013 Nangijaloje, am\u017eino pavasario ir \u017eydin\u010di\u0173 sod\u0173 \u0161alyje. Bet ram\u0173 Nangijalos","og_url":"https:\/\/skaitytaknyga.lt\/en\/produktas\/broliai-liutasirdziai\/","og_site_name":"Skaitytaknyga","article_publisher":"https:\/\/www.facebook.com\/skaitytaknyga\/","article_modified_time":"2026-03-05T14:47:08+00:00","og_image":[{"width":300,"height":434,"url":"https:\/\/skaitytaknyga.lt\/wp-content\/uploads\/2026\/01\/Broliai-Liutasirdziai-1.webp","type":"image\/webp"}],"twitter_card":"summary_large_image","schema":{"@context":"https:\/\/schema.org","@graph":[{"@type":"WebPage","@id":"https:\/\/skaitytaknyga.lt\/produktas\/broliai-liutasirdziai\/","url":"https:\/\/skaitytaknyga.lt\/produktas\/broliai-liutasirdziai\/","name":"Broliai Li\u016bta\u0161ird\u017eiai (\u012fbr\u0117\u017etas vir\u0161elis)","isPartOf":{"@id":"https:\/\/skaitytaknyga.lt\/#website"},"primaryImageOfPage":{"@id":"https:\/\/skaitytaknyga.lt\/produktas\/broliai-liutasirdziai\/#primaryimage"},"image":{"@id":"https:\/\/skaitytaknyga.lt\/produktas\/broliai-liutasirdziai\/#primaryimage"},"thumbnailUrl":"https:\/\/skaitytaknyga.lt\/wp-content\/uploads\/2026\/01\/Broliai-Liutasirdziai-1.webp","datePublished":"2026-01-29T11:28:12+00:00","dateModified":"2026-03-05T14:47:08+00:00","description":"Broliai Junatanas ir Skrebutis Li\u016bta\u0161ird\u017eiai susitinka pomirtiniame pasaulyje \u2013 Nangijaloje, am\u017eino pavasario ir \u017eydin\u010di\u0173 sod\u0173 \u0161alyje. Bet ram\u0173 Nangijalos","breadcrumb":{"@id":"https:\/\/skaitytaknyga.lt\/produktas\/broliai-liutasirdziai\/#breadcrumb"},"inLanguage":"en-GB","potentialAction":[{"@type":"ReadAction","target":["https:\/\/skaitytaknyga.lt\/produktas\/broliai-liutasirdziai\/"]}]},{"@type":"ImageObject","inLanguage":"en-GB","@id":"https:\/\/skaitytaknyga.lt\/produktas\/broliai-liutasirdziai\/#primaryimage","url":"https:\/\/skaitytaknyga.lt\/wp-content\/uploads\/2026\/01\/Broliai-Liutasirdziai-1.webp","contentUrl":"https:\/\/skaitytaknyga.lt\/wp-content\/uploads\/2026\/01\/Broliai-Liutasirdziai-1.webp","width":300,"height":434,"caption":"Broliai Li\u016bta\u0161ird\u017eiai"},{"@type":"BreadcrumbList","@id":"https:\/\/skaitytaknyga.lt\/produktas\/broliai-liutasirdziai\/#breadcrumb","itemListElement":[{"@type":"ListItem","position":1,"name":"Home","item":"https:\/\/skaitytaknyga.lt\/"},{"@type":"ListItem","position":2,"name":"Parduotuv\u0117","item":"https:\/\/skaitytaknyga.lt\/knygu-parduotuve\/"},{"@type":"ListItem","position":3,"name":"Broliai Li\u016bta\u0161ird\u017eiai (\u012fbr\u0117\u017etas vir\u0161elis)"}]},{"@type":"WebSite","@id":"https:\/\/skaitytaknyga.lt\/#website","url":"https:\/\/skaitytaknyga.lt\/","name":"skaitytaknyga.lt","description":"Skaitytaknyga.lt \u2013 tai ma\u017eas \u0161eimos verslas, kuris prasid\u0117jo nuo meil\u0117s knygoms ir siekio i\u0161gelb\u0117ti knygas nuo likimo prie konteinerio. Kas vienam nereikalingas daiktas \u2013 kitam lobis, o mes esame tarpininkai, kurie padeda abiems tapti laimingesniems ???? \u017dinome kaip nelengva i\u0161gyventi ma\u017eiems verslams, tad nuo \u0161iol, \u010dia rasite ir kit\u0173, ma\u017e\u0173 \u0161eim\u0173 versl\u0173, rank\u0173 darbo, dovan\u0173 sau ir artimiesiems.","publisher":{"@id":"https:\/\/skaitytaknyga.lt\/#organization"},"potentialAction":[{"@type":"SearchAction","target":{"@type":"EntryPoint","urlTemplate":"https:\/\/skaitytaknyga.lt\/?s={search_term_string}"},"query-input":{"@type":"PropertyValueSpecification","valueRequired":true,"valueName":"search_term_string"}}],"inLanguage":"en-GB"},{"@type":"Organization","@id":"https:\/\/skaitytaknyga.lt\/#organization","name":"skaitytaknyga.lt","url":"https:\/\/skaitytaknyga.lt\/","logo":{"@type":"ImageObject","inLanguage":"en-GB","@id":"https:\/\/skaitytaknyga.lt\/#\/schema\/logo\/image\/","url":"https:\/\/skaitytaknyga.lt\/wp-content\/uploads\/2024\/05\/cropped-cropped-cropped-02_00843_jt3bggkj1j3HLc7SyY6rEUpg.jpeg","contentUrl":"https:\/\/skaitytaknyga.lt\/wp-content\/uploads\/2024\/05\/cropped-cropped-cropped-02_00843_jt3bggkj1j3HLc7SyY6rEUpg.jpeg","width":1600,"height":1600,"caption":"skaitytaknyga.lt"},"image":{"@id":"https:\/\/skaitytaknyga.lt\/#\/schema\/logo\/image\/"},"sameAs":["https:\/\/www.facebook.com\/skaitytaknyga\/"]}]}},"_links":{"self":[{"href":"https:\/\/skaitytaknyga.lt\/en\/wp-json\/wp\/v2\/product\/22802","targetHints":{"allow":["GET"]}}],"collection":[{"href":"https:\/\/skaitytaknyga.lt\/en\/wp-json\/wp\/v2\/product"}],"about":[{"href":"https:\/\/skaitytaknyga.lt\/en\/wp-json\/wp\/v2\/types\/product"}],"replies":[{"embeddable":true,"href":"https:\/\/skaitytaknyga.lt\/en\/wp-json\/wp\/v2\/comments?post=22802"}],"wp:featuredmedia":[{"embeddable":true,"href":"https:\/\/skaitytaknyga.lt\/en\/wp-json\/wp\/v2\/media\/22807"}],"wp:attachment":[{"href":"https:\/\/skaitytaknyga.lt\/en\/wp-json\/wp\/v2\/media?parent=22802"}],"wp:term":[{"taxonomy":"product_brand","embeddable":true,"href":"https:\/\/skaitytaknyga.lt\/en\/wp-json\/wp\/v2\/product_brand?post=22802"},{"taxonomy":"product_cat","embeddable":true,"href":"https:\/\/skaitytaknyga.lt\/en\/wp-json\/wp\/v2\/product_cat?post=22802"},{"taxonomy":"product_tag","embeddable":true,"href":"https:\/\/skaitytaknyga.lt\/en\/wp-json\/wp\/v2\/product_tag?post=22802"}],"curies":[{"name":"wp","href":"https:\/\/api.w.org\/{rel}","templated":true}]}}