{"id":22800,"date":"2026-01-29T13:28:10","date_gmt":"2026-01-29T11:28:10","guid":{"rendered":"https:\/\/skaitytaknyga.lt\/?post_type=product&#038;p=22800"},"modified":"2026-01-29T16:56:32","modified_gmt":"2026-01-29T14:56:32","slug":"laiskai-1952-1963-jerzy-giedroyc-czeslaw-milosz","status":"publish","type":"product","link":"https:\/\/skaitytaknyga.lt\/en\/produktas\/laiskai-1952-1963-jerzy-giedroyc-czeslaw-milosz\/","title":{"rendered":"Lai\u0161kai 1952-1963. Jerzy Giedroyc, Czes\u0142aw Mi\u0142osz"},"content":{"rendered":"<p>Jurgio Giedrai\u010dio susira\u0161in\u0117jimas su \u010ceslovu Milo\u0161u &#8211; reik\u0161mingas epochos dokumentas, i\u0161ple\u010diantis \u017einias apie XX a. literat\u016brin\u012f, kult\u016brin\u012f, visuomenin\u012f politin\u012f gyvenim\u0105, taip pat Lenkijos, Lietuvos, buvusios Soviet\u0173 S\u0105jungos gyvenimo aktualijas, Vykusius procesus.<\/p>\n<p>Lai\u0161kai svarb\u016bs gilesniam abiej\u0173 asmenybi\u0173 pa\u017einimui, nuodugnesn\u0117ms j\u0173 biografij\u0173 bei veiklos studijoms. Leidinys skiriamas \u0161imtosioms \u010ceslovo Milo\u0161o gimimo metin\u0117ms.<\/p>\n","protected":false},"excerpt":{"rendered":"<p>Jurgio Giedrai\u010dio susira\u0161in\u0117jimas su \u010ceslovu Milo\u0161u &#8211; reik\u0161mingas epochos dokumentas, i\u0161ple\u010diantis \u017einias apie XX a. literat\u016brin\u012f, kult\u016brin\u012f, visuomenin\u012f politin\u012f gyvenim\u0105, taip pat Lenkijos, Lietuvos, buvusios Soviet\u0173 S\u0105jungos gyvenimo aktualijas, Vykusius procesus. Lai\u0161kai svarb\u016bs gilesniam abiej\u0173 asmenybi\u0173 pa\u017einimui, nuodugnesn\u0117ms j\u0173 biografij\u0173 bei veiklos studijoms. Leidinys skiriamas \u0161imtosioms \u010ceslovo Milo\u0161o gimimo metin\u0117ms.<\/p>\n","protected":false},"featured_media":22805,"comment_status":"open","ping_status":"closed","template":"","meta":{"_acf_changed":false,"site-sidebar-layout":"default","site-content-layout":"","ast-site-content-layout":"default","site-content-style":"default","site-sidebar-style":"default","ast-global-header-display":"","ast-banner-title-visibility":"","ast-main-header-display":"","ast-hfb-above-header-display":"","ast-hfb-below-header-display":"","ast-hfb-mobile-header-display":"","site-post-title":"","ast-breadcrumbs-content":"","ast-featured-img":"","footer-sml-layout":"","ast-disable-related-posts":"","theme-transparent-header-meta":"","adv-header-id-meta":"","stick-header-meta":"","header-above-stick-meta":"","header-main-stick-meta":"","header-below-stick-meta":"","astra-migrate-meta-layouts":"default","ast-page-background-enabled":"default","ast-page-background-meta":{"desktop":{"background-color":"","background-image":"","background-repeat":"repeat","background-position":"center center","background-size":"auto","background-attachment":"scroll","background-type":"","background-media":"","overlay-type":"","overlay-color":"","overlay-opacity":"","overlay-gradient":""},"tablet":{"background-color":"","background-image":"","background-repeat":"repeat","background-position":"center center","background-size":"auto","background-attachment":"scroll","background-type":"","background-media":"","overlay-type":"","overlay-color":"","overlay-opacity":"","overlay-gradient":""},"mobile":{"background-color":"","background-image":"","background-repeat":"repeat","background-position":"center center","background-size":"auto","background-attachment":"scroll","background-type":"","background-media":"","overlay-type":"","overlay-color":"","overlay-opacity":"","overlay-gradient":""}},"ast-content-background-meta":{"desktop":{"background-color":"var(--ast-global-color-4)","background-image":"","background-repeat":"repeat","background-position":"center center","background-size":"auto","background-attachment":"scroll","background-type":"","background-media":"","overlay-type":"","overlay-color":"","overlay-opacity":"","overlay-gradient":""},"tablet":{"background-color":"var(--ast-global-color-4)","background-image":"","background-repeat":"repeat","background-position":"center center","background-size":"auto","background-attachment":"scroll","background-type":"","background-media":"","overlay-type":"","overlay-color":"","overlay-opacity":"","overlay-gradient":""},"mobile":{"background-color":"var(--ast-global-color-4)","background-image":"","background-repeat":"repeat","background-position":"center center","background-size":"auto","background-attachment":"scroll","background-type":"","background-media":"","overlay-type":"","overlay-color":"","overlay-opacity":"","overlay-gradient":""}}},"product_brand":[],"product_cat":[33],"product_tag":[],"class_list":{"0":"post-22800","1":"product","2":"type-product","3":"status-publish","4":"has-post-thumbnail","6":"product_cat-biografijos","7":"desktop-align-left","8":"tablet-align-left","9":"mobile-align-left","11":"first","12":"instock","13":"shipping-taxable","14":"purchasable","15":"product-type-simple"},"acf":[],"yoast_head":"<!-- This site is optimized with the Yoast SEO plugin v27.0 - https:\/\/yoast.com\/product\/yoast-seo-wordpress\/ -->\n<title>Lai\u0161kai 1952-1963. Jerzy Giedroyc, Czes\u0142aw Mi\u0142osz<\/title>\n<meta name=\"description\" content=\"Jurgio Giedrai\u010dio susira\u0161in\u0117jimas su \u010ceslovu Milo\u0161u - reik\u0161mingas epochos dokumentas, i\u0161ple\u010diantis \u017einias apie XX a. literat\u016brin\u012f, kult\u016brin\u012f, visuomenin\u012f\" \/>\n<meta name=\"robots\" content=\"index, follow, max-snippet:-1, max-image-preview:large, max-video-preview:-1\" \/>\n<link rel=\"canonical\" href=\"https:\/\/skaitytaknyga.lt\/en\/produktas\/laiskai-1952-1963-jerzy-giedroyc-czeslaw-milosz\/\" \/>\n<meta property=\"og:locale\" content=\"en_GB\" \/>\n<meta property=\"og:locale:alternate\" content=\"lt_LT\" \/>\n<meta property=\"og:type\" content=\"article\" \/>\n<meta property=\"og:title\" content=\"Lai\u0161kai 1952-1963. Jerzy Giedroyc, Czes\u0142aw Mi\u0142osz\" \/>\n<meta property=\"og:description\" content=\"Jurgio Giedrai\u010dio susira\u0161in\u0117jimas su \u010ceslovu Milo\u0161u - reik\u0161mingas epochos dokumentas, i\u0161ple\u010diantis \u017einias apie XX a. literat\u016brin\u012f, kult\u016brin\u012f, visuomenin\u012f\" \/>\n<meta property=\"og:url\" content=\"https:\/\/skaitytaknyga.lt\/en\/produktas\/laiskai-1952-1963-jerzy-giedroyc-czeslaw-milosz\/\" \/>\n<meta property=\"og:site_name\" content=\"Skaitytaknyga\" \/>\n<meta property=\"article:publisher\" content=\"https:\/\/www.facebook.com\/skaitytaknyga\/\" \/>\n<meta property=\"article:modified_time\" content=\"2026-01-29T14:56:32+00:00\" \/>\n<meta property=\"og:image\" content=\"https:\/\/skaitytaknyga.lt\/wp-content\/uploads\/2026\/01\/Laiskai-1952-1963.-Jerzy-Giedroyc-Czeslaw-Milosz-1.webp\" \/>\n\t<meta property=\"og:image:width\" content=\"365\" \/>\n\t<meta property=\"og:image:height\" content=\"600\" \/>\n\t<meta property=\"og:image:type\" content=\"image\/webp\" \/>\n<meta name=\"twitter:card\" content=\"summary_large_image\" \/>\n<script type=\"application\/ld+json\" class=\"yoast-schema-graph\">{\"@context\":\"https:\/\/schema.org\",\"@graph\":[{\"@type\":\"WebPage\",\"@id\":\"https:\/\/skaitytaknyga.lt\/produktas\/laiskai-1952-1963-jerzy-giedroyc-czeslaw-milosz\/\",\"url\":\"https:\/\/skaitytaknyga.lt\/produktas\/laiskai-1952-1963-jerzy-giedroyc-czeslaw-milosz\/\",\"name\":\"Lai\u0161kai 1952-1963. Jerzy Giedroyc, Czes\u0142aw Mi\u0142osz\",\"isPartOf\":{\"@id\":\"https:\/\/skaitytaknyga.lt\/#website\"},\"primaryImageOfPage\":{\"@id\":\"https:\/\/skaitytaknyga.lt\/produktas\/laiskai-1952-1963-jerzy-giedroyc-czeslaw-milosz\/#primaryimage\"},\"image\":{\"@id\":\"https:\/\/skaitytaknyga.lt\/produktas\/laiskai-1952-1963-jerzy-giedroyc-czeslaw-milosz\/#primaryimage\"},\"thumbnailUrl\":\"https:\/\/skaitytaknyga.lt\/wp-content\/uploads\/2026\/01\/Laiskai-1952-1963.-Jerzy-Giedroyc-Czeslaw-Milosz-1.webp\",\"datePublished\":\"2026-01-29T11:28:10+00:00\",\"dateModified\":\"2026-01-29T14:56:32+00:00\",\"description\":\"Jurgio Giedrai\u010dio susira\u0161in\u0117jimas su \u010ceslovu Milo\u0161u - reik\u0161mingas epochos dokumentas, i\u0161ple\u010diantis \u017einias apie XX a. literat\u016brin\u012f, kult\u016brin\u012f, visuomenin\u012f\",\"breadcrumb\":{\"@id\":\"https:\/\/skaitytaknyga.lt\/produktas\/laiskai-1952-1963-jerzy-giedroyc-czeslaw-milosz\/#breadcrumb\"},\"inLanguage\":\"en-GB\",\"potentialAction\":[{\"@type\":\"ReadAction\",\"target\":[\"https:\/\/skaitytaknyga.lt\/produktas\/laiskai-1952-1963-jerzy-giedroyc-czeslaw-milosz\/\"]}]},{\"@type\":\"ImageObject\",\"inLanguage\":\"en-GB\",\"@id\":\"https:\/\/skaitytaknyga.lt\/produktas\/laiskai-1952-1963-jerzy-giedroyc-czeslaw-milosz\/#primaryimage\",\"url\":\"https:\/\/skaitytaknyga.lt\/wp-content\/uploads\/2026\/01\/Laiskai-1952-1963.-Jerzy-Giedroyc-Czeslaw-Milosz-1.webp\",\"contentUrl\":\"https:\/\/skaitytaknyga.lt\/wp-content\/uploads\/2026\/01\/Laiskai-1952-1963.-Jerzy-Giedroyc-Czeslaw-Milosz-1.webp\",\"width\":365,\"height\":600},{\"@type\":\"BreadcrumbList\",\"@id\":\"https:\/\/skaitytaknyga.lt\/produktas\/laiskai-1952-1963-jerzy-giedroyc-czeslaw-milosz\/#breadcrumb\",\"itemListElement\":[{\"@type\":\"ListItem\",\"position\":1,\"name\":\"Home\",\"item\":\"https:\/\/skaitytaknyga.lt\/\"},{\"@type\":\"ListItem\",\"position\":2,\"name\":\"Parduotuv\u0117\",\"item\":\"https:\/\/skaitytaknyga.lt\/knygu-parduotuve\/\"},{\"@type\":\"ListItem\",\"position\":3,\"name\":\"Lai\u0161kai 1952-1963. Jerzy Giedroyc, Czes\u0142aw Mi\u0142osz\"}]},{\"@type\":\"WebSite\",\"@id\":\"https:\/\/skaitytaknyga.lt\/#website\",\"url\":\"https:\/\/skaitytaknyga.lt\/\",\"name\":\"skaitytaknyga.lt\",\"description\":\"Skaitytaknyga.lt \u2013 tai ma\u017eas \u0161eimos verslas, kuris prasid\u0117jo nuo meil\u0117s knygoms ir siekio i\u0161gelb\u0117ti knygas nuo likimo prie konteinerio. Kas vienam nereikalingas daiktas \u2013 kitam lobis, o mes esame tarpininkai, kurie padeda abiems tapti laimingesniems ???? \u017dinome kaip nelengva i\u0161gyventi ma\u017eiems verslams, tad nuo \u0161iol, \u010dia rasite ir kit\u0173, ma\u017e\u0173 \u0161eim\u0173 versl\u0173, rank\u0173 darbo, dovan\u0173 sau ir artimiesiems.\",\"publisher\":{\"@id\":\"https:\/\/skaitytaknyga.lt\/#organization\"},\"potentialAction\":[{\"@type\":\"SearchAction\",\"target\":{\"@type\":\"EntryPoint\",\"urlTemplate\":\"https:\/\/skaitytaknyga.lt\/?s={search_term_string}\"},\"query-input\":{\"@type\":\"PropertyValueSpecification\",\"valueRequired\":true,\"valueName\":\"search_term_string\"}}],\"inLanguage\":\"en-GB\"},{\"@type\":\"Organization\",\"@id\":\"https:\/\/skaitytaknyga.lt\/#organization\",\"name\":\"skaitytaknyga.lt\",\"url\":\"https:\/\/skaitytaknyga.lt\/\",\"logo\":{\"@type\":\"ImageObject\",\"inLanguage\":\"en-GB\",\"@id\":\"https:\/\/skaitytaknyga.lt\/#\/schema\/logo\/image\/\",\"url\":\"https:\/\/skaitytaknyga.lt\/wp-content\/uploads\/2024\/05\/cropped-cropped-cropped-02_00843_jt3bggkj1j3HLc7SyY6rEUpg.jpeg\",\"contentUrl\":\"https:\/\/skaitytaknyga.lt\/wp-content\/uploads\/2024\/05\/cropped-cropped-cropped-02_00843_jt3bggkj1j3HLc7SyY6rEUpg.jpeg\",\"width\":1600,\"height\":1600,\"caption\":\"skaitytaknyga.lt\"},\"image\":{\"@id\":\"https:\/\/skaitytaknyga.lt\/#\/schema\/logo\/image\/\"},\"sameAs\":[\"https:\/\/www.facebook.com\/skaitytaknyga\/\"]}]}<\/script>\n<!-- \/ Yoast SEO plugin. -->","yoast_head_json":{"title":"Lai\u0161kai 1952-1963. Jerzy Giedroyc, Czes\u0142aw Mi\u0142osz","description":"Jurgio Giedrai\u010dio susira\u0161in\u0117jimas su \u010ceslovu Milo\u0161u - reik\u0161mingas epochos dokumentas, i\u0161ple\u010diantis \u017einias apie XX a. literat\u016brin\u012f, kult\u016brin\u012f, visuomenin\u012f","robots":{"index":"index","follow":"follow","max-snippet":"max-snippet:-1","max-image-preview":"max-image-preview:large","max-video-preview":"max-video-preview:-1"},"canonical":"https:\/\/skaitytaknyga.lt\/en\/produktas\/laiskai-1952-1963-jerzy-giedroyc-czeslaw-milosz\/","og_locale":"en_GB","og_type":"article","og_title":"[:lt]Lai\u0161kai 1952-1963. Jerzy Giedroyc, Czes\u0142aw Mi\u0142osz[:] - Skaitytaknyga","og_description":"Jurgio Giedrai\u010dio susira\u0161in\u0117jimas su \u010ceslovu Milo\u0161u - reik\u0161mingas epochos dokumentas, i\u0161ple\u010diantis \u017einias apie XX a. literat\u016brin\u012f, kult\u016brin\u012f, visuomenin\u012f","og_url":"https:\/\/skaitytaknyga.lt\/en\/produktas\/laiskai-1952-1963-jerzy-giedroyc-czeslaw-milosz\/","og_site_name":"Skaitytaknyga","article_publisher":"https:\/\/www.facebook.com\/skaitytaknyga\/","article_modified_time":"2026-01-29T14:56:32+00:00","og_image":[{"width":365,"height":600,"url":"https:\/\/skaitytaknyga.lt\/wp-content\/uploads\/2026\/01\/Laiskai-1952-1963.-Jerzy-Giedroyc-Czeslaw-Milosz-1.webp","type":"image\/webp"}],"twitter_card":"summary_large_image","schema":{"@context":"https:\/\/schema.org","@graph":[{"@type":"WebPage","@id":"https:\/\/skaitytaknyga.lt\/produktas\/laiskai-1952-1963-jerzy-giedroyc-czeslaw-milosz\/","url":"https:\/\/skaitytaknyga.lt\/produktas\/laiskai-1952-1963-jerzy-giedroyc-czeslaw-milosz\/","name":"Lai\u0161kai 1952-1963. Jerzy Giedroyc, Czes\u0142aw Mi\u0142osz","isPartOf":{"@id":"https:\/\/skaitytaknyga.lt\/#website"},"primaryImageOfPage":{"@id":"https:\/\/skaitytaknyga.lt\/produktas\/laiskai-1952-1963-jerzy-giedroyc-czeslaw-milosz\/#primaryimage"},"image":{"@id":"https:\/\/skaitytaknyga.lt\/produktas\/laiskai-1952-1963-jerzy-giedroyc-czeslaw-milosz\/#primaryimage"},"thumbnailUrl":"https:\/\/skaitytaknyga.lt\/wp-content\/uploads\/2026\/01\/Laiskai-1952-1963.-Jerzy-Giedroyc-Czeslaw-Milosz-1.webp","datePublished":"2026-01-29T11:28:10+00:00","dateModified":"2026-01-29T14:56:32+00:00","description":"Jurgio Giedrai\u010dio susira\u0161in\u0117jimas su \u010ceslovu Milo\u0161u - reik\u0161mingas epochos dokumentas, i\u0161ple\u010diantis \u017einias apie XX a. literat\u016brin\u012f, kult\u016brin\u012f, visuomenin\u012f","breadcrumb":{"@id":"https:\/\/skaitytaknyga.lt\/produktas\/laiskai-1952-1963-jerzy-giedroyc-czeslaw-milosz\/#breadcrumb"},"inLanguage":"en-GB","potentialAction":[{"@type":"ReadAction","target":["https:\/\/skaitytaknyga.lt\/produktas\/laiskai-1952-1963-jerzy-giedroyc-czeslaw-milosz\/"]}]},{"@type":"ImageObject","inLanguage":"en-GB","@id":"https:\/\/skaitytaknyga.lt\/produktas\/laiskai-1952-1963-jerzy-giedroyc-czeslaw-milosz\/#primaryimage","url":"https:\/\/skaitytaknyga.lt\/wp-content\/uploads\/2026\/01\/Laiskai-1952-1963.-Jerzy-Giedroyc-Czeslaw-Milosz-1.webp","contentUrl":"https:\/\/skaitytaknyga.lt\/wp-content\/uploads\/2026\/01\/Laiskai-1952-1963.-Jerzy-Giedroyc-Czeslaw-Milosz-1.webp","width":365,"height":600},{"@type":"BreadcrumbList","@id":"https:\/\/skaitytaknyga.lt\/produktas\/laiskai-1952-1963-jerzy-giedroyc-czeslaw-milosz\/#breadcrumb","itemListElement":[{"@type":"ListItem","position":1,"name":"Home","item":"https:\/\/skaitytaknyga.lt\/"},{"@type":"ListItem","position":2,"name":"Parduotuv\u0117","item":"https:\/\/skaitytaknyga.lt\/knygu-parduotuve\/"},{"@type":"ListItem","position":3,"name":"Lai\u0161kai 1952-1963. Jerzy Giedroyc, Czes\u0142aw Mi\u0142osz"}]},{"@type":"WebSite","@id":"https:\/\/skaitytaknyga.lt\/#website","url":"https:\/\/skaitytaknyga.lt\/","name":"skaitytaknyga.lt","description":"Skaitytaknyga.lt \u2013 tai ma\u017eas \u0161eimos verslas, kuris prasid\u0117jo nuo meil\u0117s knygoms ir siekio i\u0161gelb\u0117ti knygas nuo likimo prie konteinerio. Kas vienam nereikalingas daiktas \u2013 kitam lobis, o mes esame tarpininkai, kurie padeda abiems tapti laimingesniems ???? \u017dinome kaip nelengva i\u0161gyventi ma\u017eiems verslams, tad nuo \u0161iol, \u010dia rasite ir kit\u0173, ma\u017e\u0173 \u0161eim\u0173 versl\u0173, rank\u0173 darbo, dovan\u0173 sau ir artimiesiems.","publisher":{"@id":"https:\/\/skaitytaknyga.lt\/#organization"},"potentialAction":[{"@type":"SearchAction","target":{"@type":"EntryPoint","urlTemplate":"https:\/\/skaitytaknyga.lt\/?s={search_term_string}"},"query-input":{"@type":"PropertyValueSpecification","valueRequired":true,"valueName":"search_term_string"}}],"inLanguage":"en-GB"},{"@type":"Organization","@id":"https:\/\/skaitytaknyga.lt\/#organization","name":"skaitytaknyga.lt","url":"https:\/\/skaitytaknyga.lt\/","logo":{"@type":"ImageObject","inLanguage":"en-GB","@id":"https:\/\/skaitytaknyga.lt\/#\/schema\/logo\/image\/","url":"https:\/\/skaitytaknyga.lt\/wp-content\/uploads\/2024\/05\/cropped-cropped-cropped-02_00843_jt3bggkj1j3HLc7SyY6rEUpg.jpeg","contentUrl":"https:\/\/skaitytaknyga.lt\/wp-content\/uploads\/2024\/05\/cropped-cropped-cropped-02_00843_jt3bggkj1j3HLc7SyY6rEUpg.jpeg","width":1600,"height":1600,"caption":"skaitytaknyga.lt"},"image":{"@id":"https:\/\/skaitytaknyga.lt\/#\/schema\/logo\/image\/"},"sameAs":["https:\/\/www.facebook.com\/skaitytaknyga\/"]}]}},"_links":{"self":[{"href":"https:\/\/skaitytaknyga.lt\/en\/wp-json\/wp\/v2\/product\/22800","targetHints":{"allow":["GET"]}}],"collection":[{"href":"https:\/\/skaitytaknyga.lt\/en\/wp-json\/wp\/v2\/product"}],"about":[{"href":"https:\/\/skaitytaknyga.lt\/en\/wp-json\/wp\/v2\/types\/product"}],"replies":[{"embeddable":true,"href":"https:\/\/skaitytaknyga.lt\/en\/wp-json\/wp\/v2\/comments?post=22800"}],"wp:featuredmedia":[{"embeddable":true,"href":"https:\/\/skaitytaknyga.lt\/en\/wp-json\/wp\/v2\/media\/22805"}],"wp:attachment":[{"href":"https:\/\/skaitytaknyga.lt\/en\/wp-json\/wp\/v2\/media?parent=22800"}],"wp:term":[{"taxonomy":"product_brand","embeddable":true,"href":"https:\/\/skaitytaknyga.lt\/en\/wp-json\/wp\/v2\/product_brand?post=22800"},{"taxonomy":"product_cat","embeddable":true,"href":"https:\/\/skaitytaknyga.lt\/en\/wp-json\/wp\/v2\/product_cat?post=22800"},{"taxonomy":"product_tag","embeddable":true,"href":"https:\/\/skaitytaknyga.lt\/en\/wp-json\/wp\/v2\/product_tag?post=22800"}],"curies":[{"name":"wp","href":"https:\/\/api.w.org\/{rel}","templated":true}]}}