{"id":22794,"date":"2026-01-29T13:02:33","date_gmt":"2026-01-29T11:02:33","guid":{"rendered":"https:\/\/skaitytaknyga.lt\/?post_type=product&#038;p=22794"},"modified":"2026-03-18T11:57:50","modified_gmt":"2026-03-18T09:57:50","slug":"praktinio-proto-kritika","status":"publish","type":"product","link":"https:\/\/skaitytaknyga.lt\/en\/produktas\/praktinio-proto-kritika\/","title":{"rendered":"Praktinio proto kritika"},"content":{"rendered":"<p>\u201ePraktinio proto kritika\u201c \u2013 tai antroji i\u0161 trij\u0173 \u201eKritik\u0173&#8221;, kuriose i\u0161d\u0117styta visa Kanto filosofijos sistema.<\/p>\n<p>Remdamasis \u201eGrynojo proto kritikoje&#8221; suformuluotais principais Kantas suk\u016br\u0117 moral\u0117s teorij\u0105, kuri\u0105 pateik\u0117 \u201ePraktinio proto kritikoje&#8221;. \u0160iame veikale aptariama praktinio, t. y. \u017emogaus elges\u012f reguliuojan\u010dio, proto strukt\u016bra, jo pagrindiniai teiginiai ir prie\u0161taros, pateikiama g\u0117rio samprata, pagrind\u017eiamas valios autonomijos principas, akcentuojamas dorov\u0117s norm\u0173 grynumas.<\/p>\n<p>Pagrindinis, visuotinis dorov\u0117s d\u0117snis formuluojamas kaip kategorinis imperatyvas, reikalaujantis visada elgtis taip, kad tavo elgesio taisykl\u0117 gal\u0117t\u0173 tapti vis\u0173 elgesio taisykle.<\/p>\n","protected":false},"excerpt":{"rendered":"<p>\u201ePraktinio proto kritika\u201c \u2013 tai antroji i\u0161 trij\u0173 \u201eKritik\u0173&#8221;, kuriose i\u0161d\u0117styta visa Kanto filosofijos sistema. Remdamasis \u201eGrynojo proto kritikoje&#8221; suformuluotais principais Kantas suk\u016br\u0117 moral\u0117s teorij\u0105, kuri\u0105 pateik\u0117 \u201ePraktinio proto kritikoje&#8221;. \u0160iame veikale aptariama praktinio, t. y. \u017emogaus elges\u012f reguliuojan\u010dio, proto strukt\u016bra, jo pagrindiniai teiginiai ir prie\u0161taros, pateikiama g\u0117rio samprata, pagrind\u017eiamas valios autonomijos principas, akcentuojamas dorov\u0117s norm\u0173 grynumas. Pagrindinis, visuotinis dorov\u0117s d\u0117snis formuluojamas kaip kategorinis imperatyvas, reikalaujantis visada elgtis taip, kad tavo elgesio taisykl\u0117 gal\u0117t\u0173 tapti vis\u0173 elgesio taisykle.<\/p>\n","protected":false},"featured_media":22799,"comment_status":"open","ping_status":"closed","template":"","meta":{"_acf_changed":false,"site-sidebar-layout":"default","site-content-layout":"","ast-site-content-layout":"default","site-content-style":"default","site-sidebar-style":"default","ast-global-header-display":"","ast-banner-title-visibility":"","ast-main-header-display":"","ast-hfb-above-header-display":"","ast-hfb-below-header-display":"","ast-hfb-mobile-header-display":"","site-post-title":"","ast-breadcrumbs-content":"","ast-featured-img":"","footer-sml-layout":"","ast-disable-related-posts":"","theme-transparent-header-meta":"","adv-header-id-meta":"","stick-header-meta":"","header-above-stick-meta":"","header-main-stick-meta":"","header-below-stick-meta":"","astra-migrate-meta-layouts":"default","ast-page-background-enabled":"default","ast-page-background-meta":{"desktop":{"background-color":"","background-image":"","background-repeat":"repeat","background-position":"center center","background-size":"auto","background-attachment":"scroll","background-type":"","background-media":"","overlay-type":"","overlay-color":"","overlay-opacity":"","overlay-gradient":""},"tablet":{"background-color":"","background-image":"","background-repeat":"repeat","background-position":"center center","background-size":"auto","background-attachment":"scroll","background-type":"","background-media":"","overlay-type":"","overlay-color":"","overlay-opacity":"","overlay-gradient":""},"mobile":{"background-color":"","background-image":"","background-repeat":"repeat","background-position":"center center","background-size":"auto","background-attachment":"scroll","background-type":"","background-media":"","overlay-type":"","overlay-color":"","overlay-opacity":"","overlay-gradient":""}},"ast-content-background-meta":{"desktop":{"background-color":"var(--ast-global-color-4)","background-image":"","background-repeat":"repeat","background-position":"center center","background-size":"auto","background-attachment":"scroll","background-type":"","background-media":"","overlay-type":"","overlay-color":"","overlay-opacity":"","overlay-gradient":""},"tablet":{"background-color":"var(--ast-global-color-4)","background-image":"","background-repeat":"repeat","background-position":"center center","background-size":"auto","background-attachment":"scroll","background-type":"","background-media":"","overlay-type":"","overlay-color":"","overlay-opacity":"","overlay-gradient":""},"mobile":{"background-color":"var(--ast-global-color-4)","background-image":"","background-repeat":"repeat","background-position":"center center","background-size":"auto","background-attachment":"scroll","background-type":"","background-media":"","overlay-type":"","overlay-color":"","overlay-opacity":"","overlay-gradient":""}}},"product_brand":[],"product_cat":[9737],"product_tag":[5463],"class_list":{"0":"post-22794","1":"product","2":"type-product","3":"status-publish","4":"has-post-thumbnail","6":"product_cat-filosofija","7":"product_tag-imanuelis-kantas","8":"desktop-align-left","9":"tablet-align-left","10":"mobile-align-left","12":"first","13":"instock","14":"shipping-taxable","15":"purchasable","16":"product-type-simple"},"acf":[],"yoast_head":"<!-- This site is optimized with the Yoast SEO plugin v27.0 - https:\/\/yoast.com\/product\/yoast-seo-wordpress\/ -->\n<title>Praktinio proto kritika<\/title>\n<meta name=\"description\" content=\"\u201ePraktinio proto kritika\u201c \u2013 tai antroji i\u0161 trij\u0173 \u201eKritik\u0173&quot;, kuriose i\u0161d\u0117styta visa Kanto filosofijos sistema. Remdamasis \u201eGrynojo proto kritikoje&quot;\" \/>\n<meta name=\"robots\" content=\"index, follow, max-snippet:-1, max-image-preview:large, max-video-preview:-1\" \/>\n<link rel=\"canonical\" href=\"https:\/\/skaitytaknyga.lt\/en\/produktas\/praktinio-proto-kritika\/\" \/>\n<meta property=\"og:locale\" content=\"en_GB\" \/>\n<meta property=\"og:locale:alternate\" content=\"lt_LT\" \/>\n<meta property=\"og:type\" content=\"article\" \/>\n<meta property=\"og:title\" content=\"Praktinio proto kritika\" \/>\n<meta property=\"og:description\" content=\"\u201ePraktinio proto kritika\u201c \u2013 tai antroji i\u0161 trij\u0173 \u201eKritik\u0173&quot;, kuriose i\u0161d\u0117styta visa Kanto filosofijos sistema. Remdamasis \u201eGrynojo proto kritikoje&quot;\" \/>\n<meta property=\"og:url\" content=\"https:\/\/skaitytaknyga.lt\/en\/produktas\/praktinio-proto-kritika\/\" \/>\n<meta property=\"og:site_name\" content=\"Skaitytaknyga\" \/>\n<meta property=\"article:publisher\" content=\"https:\/\/www.facebook.com\/skaitytaknyga\/\" \/>\n<meta property=\"article:modified_time\" content=\"2026-03-18T09:57:50+00:00\" \/>\n<meta property=\"og:image\" content=\"https:\/\/skaitytaknyga.lt\/wp-content\/uploads\/2026\/01\/Praktinio-proto-kritika-1.webp\" \/>\n\t<meta property=\"og:image:width\" content=\"300\" \/>\n\t<meta property=\"og:image:height\" content=\"466\" \/>\n\t<meta property=\"og:image:type\" content=\"image\/webp\" \/>\n<meta name=\"twitter:card\" content=\"summary_large_image\" \/>\n<script type=\"application\/ld+json\" class=\"yoast-schema-graph\">{\"@context\":\"https:\/\/schema.org\",\"@graph\":[{\"@type\":\"WebPage\",\"@id\":\"https:\/\/skaitytaknyga.lt\/produktas\/praktinio-proto-kritika\/\",\"url\":\"https:\/\/skaitytaknyga.lt\/produktas\/praktinio-proto-kritika\/\",\"name\":\"Praktinio proto kritika\",\"isPartOf\":{\"@id\":\"https:\/\/skaitytaknyga.lt\/#website\"},\"primaryImageOfPage\":{\"@id\":\"https:\/\/skaitytaknyga.lt\/produktas\/praktinio-proto-kritika\/#primaryimage\"},\"image\":{\"@id\":\"https:\/\/skaitytaknyga.lt\/produktas\/praktinio-proto-kritika\/#primaryimage\"},\"thumbnailUrl\":\"https:\/\/skaitytaknyga.lt\/wp-content\/uploads\/2026\/01\/Praktinio-proto-kritika-1.webp\",\"datePublished\":\"2026-01-29T11:02:33+00:00\",\"dateModified\":\"2026-03-18T09:57:50+00:00\",\"description\":\"\u201ePraktinio proto kritika\u201c \u2013 tai antroji i\u0161 trij\u0173 \u201eKritik\u0173\\\", kuriose i\u0161d\u0117styta visa Kanto filosofijos sistema. Remdamasis \u201eGrynojo proto kritikoje\\\"\",\"breadcrumb\":{\"@id\":\"https:\/\/skaitytaknyga.lt\/produktas\/praktinio-proto-kritika\/#breadcrumb\"},\"inLanguage\":\"en-GB\",\"potentialAction\":[{\"@type\":\"ReadAction\",\"target\":[\"https:\/\/skaitytaknyga.lt\/produktas\/praktinio-proto-kritika\/\"]}]},{\"@type\":\"ImageObject\",\"inLanguage\":\"en-GB\",\"@id\":\"https:\/\/skaitytaknyga.lt\/produktas\/praktinio-proto-kritika\/#primaryimage\",\"url\":\"https:\/\/skaitytaknyga.lt\/wp-content\/uploads\/2026\/01\/Praktinio-proto-kritika-1.webp\",\"contentUrl\":\"https:\/\/skaitytaknyga.lt\/wp-content\/uploads\/2026\/01\/Praktinio-proto-kritika-1.webp\",\"width\":300,\"height\":466,\"caption\":\"Praktinio proto kritika\"},{\"@type\":\"BreadcrumbList\",\"@id\":\"https:\/\/skaitytaknyga.lt\/produktas\/praktinio-proto-kritika\/#breadcrumb\",\"itemListElement\":[{\"@type\":\"ListItem\",\"position\":1,\"name\":\"Home\",\"item\":\"https:\/\/skaitytaknyga.lt\/\"},{\"@type\":\"ListItem\",\"position\":2,\"name\":\"Parduotuv\u0117\",\"item\":\"https:\/\/skaitytaknyga.lt\/knygu-parduotuve\/\"},{\"@type\":\"ListItem\",\"position\":3,\"name\":\"Praktinio proto kritika\"}]},{\"@type\":\"WebSite\",\"@id\":\"https:\/\/skaitytaknyga.lt\/#website\",\"url\":\"https:\/\/skaitytaknyga.lt\/\",\"name\":\"skaitytaknyga.lt\",\"description\":\"Skaitytaknyga.lt \u2013 tai ma\u017eas \u0161eimos verslas, kuris prasid\u0117jo nuo meil\u0117s knygoms ir siekio i\u0161gelb\u0117ti knygas nuo likimo prie konteinerio. Kas vienam nereikalingas daiktas \u2013 kitam lobis, o mes esame tarpininkai, kurie padeda abiems tapti laimingesniems ???? \u017dinome kaip nelengva i\u0161gyventi ma\u017eiems verslams, tad nuo \u0161iol, \u010dia rasite ir kit\u0173, ma\u017e\u0173 \u0161eim\u0173 versl\u0173, rank\u0173 darbo, dovan\u0173 sau ir artimiesiems.\",\"publisher\":{\"@id\":\"https:\/\/skaitytaknyga.lt\/#organization\"},\"potentialAction\":[{\"@type\":\"SearchAction\",\"target\":{\"@type\":\"EntryPoint\",\"urlTemplate\":\"https:\/\/skaitytaknyga.lt\/?s={search_term_string}\"},\"query-input\":{\"@type\":\"PropertyValueSpecification\",\"valueRequired\":true,\"valueName\":\"search_term_string\"}}],\"inLanguage\":\"en-GB\"},{\"@type\":\"Organization\",\"@id\":\"https:\/\/skaitytaknyga.lt\/#organization\",\"name\":\"skaitytaknyga.lt\",\"url\":\"https:\/\/skaitytaknyga.lt\/\",\"logo\":{\"@type\":\"ImageObject\",\"inLanguage\":\"en-GB\",\"@id\":\"https:\/\/skaitytaknyga.lt\/#\/schema\/logo\/image\/\",\"url\":\"https:\/\/skaitytaknyga.lt\/wp-content\/uploads\/2024\/05\/cropped-cropped-cropped-02_00843_jt3bggkj1j3HLc7SyY6rEUpg.jpeg\",\"contentUrl\":\"https:\/\/skaitytaknyga.lt\/wp-content\/uploads\/2024\/05\/cropped-cropped-cropped-02_00843_jt3bggkj1j3HLc7SyY6rEUpg.jpeg\",\"width\":1600,\"height\":1600,\"caption\":\"skaitytaknyga.lt\"},\"image\":{\"@id\":\"https:\/\/skaitytaknyga.lt\/#\/schema\/logo\/image\/\"},\"sameAs\":[\"https:\/\/www.facebook.com\/skaitytaknyga\/\"]}]}<\/script>\n<!-- \/ Yoast SEO plugin. -->","yoast_head_json":{"title":"Praktinio proto kritika","description":"\u201ePraktinio proto kritika\u201c \u2013 tai antroji i\u0161 trij\u0173 \u201eKritik\u0173\", kuriose i\u0161d\u0117styta visa Kanto filosofijos sistema. Remdamasis \u201eGrynojo proto kritikoje\"","robots":{"index":"index","follow":"follow","max-snippet":"max-snippet:-1","max-image-preview":"max-image-preview:large","max-video-preview":"max-video-preview:-1"},"canonical":"https:\/\/skaitytaknyga.lt\/en\/produktas\/praktinio-proto-kritika\/","og_locale":"en_GB","og_type":"article","og_title":"[:lt]Praktinio proto kritika[:] - Skaitytaknyga","og_description":"\u201ePraktinio proto kritika\u201c \u2013 tai antroji i\u0161 trij\u0173 \u201eKritik\u0173\", kuriose i\u0161d\u0117styta visa Kanto filosofijos sistema. Remdamasis \u201eGrynojo proto kritikoje\"","og_url":"https:\/\/skaitytaknyga.lt\/en\/produktas\/praktinio-proto-kritika\/","og_site_name":"Skaitytaknyga","article_publisher":"https:\/\/www.facebook.com\/skaitytaknyga\/","article_modified_time":"2026-03-18T09:57:50+00:00","og_image":[{"width":300,"height":466,"url":"https:\/\/skaitytaknyga.lt\/wp-content\/uploads\/2026\/01\/Praktinio-proto-kritika-1.webp","type":"image\/webp"}],"twitter_card":"summary_large_image","schema":{"@context":"https:\/\/schema.org","@graph":[{"@type":"WebPage","@id":"https:\/\/skaitytaknyga.lt\/produktas\/praktinio-proto-kritika\/","url":"https:\/\/skaitytaknyga.lt\/produktas\/praktinio-proto-kritika\/","name":"Praktinio proto kritika","isPartOf":{"@id":"https:\/\/skaitytaknyga.lt\/#website"},"primaryImageOfPage":{"@id":"https:\/\/skaitytaknyga.lt\/produktas\/praktinio-proto-kritika\/#primaryimage"},"image":{"@id":"https:\/\/skaitytaknyga.lt\/produktas\/praktinio-proto-kritika\/#primaryimage"},"thumbnailUrl":"https:\/\/skaitytaknyga.lt\/wp-content\/uploads\/2026\/01\/Praktinio-proto-kritika-1.webp","datePublished":"2026-01-29T11:02:33+00:00","dateModified":"2026-03-18T09:57:50+00:00","description":"\u201ePraktinio proto kritika\u201c \u2013 tai antroji i\u0161 trij\u0173 \u201eKritik\u0173\", kuriose i\u0161d\u0117styta visa Kanto filosofijos sistema. Remdamasis \u201eGrynojo proto kritikoje\"","breadcrumb":{"@id":"https:\/\/skaitytaknyga.lt\/produktas\/praktinio-proto-kritika\/#breadcrumb"},"inLanguage":"en-GB","potentialAction":[{"@type":"ReadAction","target":["https:\/\/skaitytaknyga.lt\/produktas\/praktinio-proto-kritika\/"]}]},{"@type":"ImageObject","inLanguage":"en-GB","@id":"https:\/\/skaitytaknyga.lt\/produktas\/praktinio-proto-kritika\/#primaryimage","url":"https:\/\/skaitytaknyga.lt\/wp-content\/uploads\/2026\/01\/Praktinio-proto-kritika-1.webp","contentUrl":"https:\/\/skaitytaknyga.lt\/wp-content\/uploads\/2026\/01\/Praktinio-proto-kritika-1.webp","width":300,"height":466,"caption":"Praktinio proto kritika"},{"@type":"BreadcrumbList","@id":"https:\/\/skaitytaknyga.lt\/produktas\/praktinio-proto-kritika\/#breadcrumb","itemListElement":[{"@type":"ListItem","position":1,"name":"Home","item":"https:\/\/skaitytaknyga.lt\/"},{"@type":"ListItem","position":2,"name":"Parduotuv\u0117","item":"https:\/\/skaitytaknyga.lt\/knygu-parduotuve\/"},{"@type":"ListItem","position":3,"name":"Praktinio proto kritika"}]},{"@type":"WebSite","@id":"https:\/\/skaitytaknyga.lt\/#website","url":"https:\/\/skaitytaknyga.lt\/","name":"skaitytaknyga.lt","description":"Skaitytaknyga.lt \u2013 tai ma\u017eas \u0161eimos verslas, kuris prasid\u0117jo nuo meil\u0117s knygoms ir siekio i\u0161gelb\u0117ti knygas nuo likimo prie konteinerio. Kas vienam nereikalingas daiktas \u2013 kitam lobis, o mes esame tarpininkai, kurie padeda abiems tapti laimingesniems ???? \u017dinome kaip nelengva i\u0161gyventi ma\u017eiems verslams, tad nuo \u0161iol, \u010dia rasite ir kit\u0173, ma\u017e\u0173 \u0161eim\u0173 versl\u0173, rank\u0173 darbo, dovan\u0173 sau ir artimiesiems.","publisher":{"@id":"https:\/\/skaitytaknyga.lt\/#organization"},"potentialAction":[{"@type":"SearchAction","target":{"@type":"EntryPoint","urlTemplate":"https:\/\/skaitytaknyga.lt\/?s={search_term_string}"},"query-input":{"@type":"PropertyValueSpecification","valueRequired":true,"valueName":"search_term_string"}}],"inLanguage":"en-GB"},{"@type":"Organization","@id":"https:\/\/skaitytaknyga.lt\/#organization","name":"skaitytaknyga.lt","url":"https:\/\/skaitytaknyga.lt\/","logo":{"@type":"ImageObject","inLanguage":"en-GB","@id":"https:\/\/skaitytaknyga.lt\/#\/schema\/logo\/image\/","url":"https:\/\/skaitytaknyga.lt\/wp-content\/uploads\/2024\/05\/cropped-cropped-cropped-02_00843_jt3bggkj1j3HLc7SyY6rEUpg.jpeg","contentUrl":"https:\/\/skaitytaknyga.lt\/wp-content\/uploads\/2024\/05\/cropped-cropped-cropped-02_00843_jt3bggkj1j3HLc7SyY6rEUpg.jpeg","width":1600,"height":1600,"caption":"skaitytaknyga.lt"},"image":{"@id":"https:\/\/skaitytaknyga.lt\/#\/schema\/logo\/image\/"},"sameAs":["https:\/\/www.facebook.com\/skaitytaknyga\/"]}]}},"_links":{"self":[{"href":"https:\/\/skaitytaknyga.lt\/en\/wp-json\/wp\/v2\/product\/22794","targetHints":{"allow":["GET"]}}],"collection":[{"href":"https:\/\/skaitytaknyga.lt\/en\/wp-json\/wp\/v2\/product"}],"about":[{"href":"https:\/\/skaitytaknyga.lt\/en\/wp-json\/wp\/v2\/types\/product"}],"replies":[{"embeddable":true,"href":"https:\/\/skaitytaknyga.lt\/en\/wp-json\/wp\/v2\/comments?post=22794"}],"wp:featuredmedia":[{"embeddable":true,"href":"https:\/\/skaitytaknyga.lt\/en\/wp-json\/wp\/v2\/media\/22799"}],"wp:attachment":[{"href":"https:\/\/skaitytaknyga.lt\/en\/wp-json\/wp\/v2\/media?parent=22794"}],"wp:term":[{"taxonomy":"product_brand","embeddable":true,"href":"https:\/\/skaitytaknyga.lt\/en\/wp-json\/wp\/v2\/product_brand?post=22794"},{"taxonomy":"product_cat","embeddable":true,"href":"https:\/\/skaitytaknyga.lt\/en\/wp-json\/wp\/v2\/product_cat?post=22794"},{"taxonomy":"product_tag","embeddable":true,"href":"https:\/\/skaitytaknyga.lt\/en\/wp-json\/wp\/v2\/product_tag?post=22794"}],"curies":[{"name":"wp","href":"https:\/\/api.w.org\/{rel}","templated":true}]}}