{"id":22792,"date":"2026-01-29T13:02:32","date_gmt":"2026-01-29T11:02:32","guid":{"rendered":"https:\/\/skaitytaknyga.lt\/?post_type=product&#038;p=22792"},"modified":"2026-01-29T13:26:38","modified_gmt":"2026-01-29T11:26:38","slug":"begalinis-planas","status":"publish","type":"product","link":"https:\/\/skaitytaknyga.lt\/en\/produktas\/begalinis-planas\/","title":{"rendered":"Begalinis planas"},"content":{"rendered":"<p>Isabel Allende romanas \u201eBegalinis planas\u201c \u2013 tai ry\u0161kus ir labai spalvingas pasakojimas apie Gregorij\u0173 Rivz\u0105, keistuolio pamokslininko s\u016bn\u0173, kuris remdamasis sava patirtimi atskleid\u017eia pus\u0117s \u0161imtme\u010dio \u0160iaur\u0117s Amerikos visuomen\u0117s gyvenim\u0105.<\/p>\n<p>Gregorijaus \u0161eimos gyvenimo b\u016bdas klajokli\u0161kas, tad visiems tenka spaustis ank\u0161tame sunkve\u017eimio k\u0117bule. Ta\u010diau vien\u0105 dien\u0105 su\u0161lubuoja t\u0117vo sveikata ir \u0161eima \u012fsikuria Los And\u017eelo pakra\u0161tyje, ispani\u0161kai kalban\u010di\u0173 gyventoj\u0173 rajone. Prisiglaud\u0119 bi\u010diuli\u0173 namuose Rivz\u0173 vaikai pirm\u0105kart pradeda lankyti mokykl\u0105 ir \u012fsilieja \u012f vietos emigrant\u0173 vaik\u0173 b\u016br\u012f.<\/p>\n<p>Taigi t\u0117vas serga, o motina vaikams \u0161alta ir abejinga, tad Gregorijus greitai susipa\u017e\u012fsta su gatv\u0117s gyvenimu ir joje pelnosi duon\u0105. Patyr\u0119s sunki\u0105 vaikyst\u0119, jis skinasi sau keli\u0105 margame Kalifornijos \u201eispanakalbi\u0173\u201c pasaulyje. Kol i\u0161moksta gyvenimo pamokas, Gregoris Rivzas nueina sunk\u0173 keli\u0105  \u2013  kovoja prie\u0161 socialin\u0119 neteisyb\u0119, rasizm\u0105, Vietnamo kar\u0105, nepasotinamo godulio apimto pasaulio materializm\u0105&#8230;<\/p>\n","protected":false},"excerpt":{"rendered":"<p>Isabel Allende romanas \u201eBegalinis planas\u201c \u2013 tai ry\u0161kus ir labai spalvingas pasakojimas apie Gregorij\u0173 Rivz\u0105, keistuolio pamokslininko s\u016bn\u0173, kuris remdamasis sava patirtimi atskleid\u017eia pus\u0117s \u0161imtme\u010dio \u0160iaur\u0117s Amerikos visuomen\u0117s gyvenim\u0105. Gregorijaus \u0161eimos gyvenimo b\u016bdas klajokli\u0161kas, tad visiems tenka spaustis ank\u0161tame sunkve\u017eimio k\u0117bule. Ta\u010diau vien\u0105 dien\u0105 su\u0161lubuoja t\u0117vo sveikata ir \u0161eima \u012fsikuria Los And\u017eelo pakra\u0161tyje, ispani\u0161kai kalban\u010di\u0173 gyventoj\u0173 rajone. Prisiglaud\u0119 bi\u010diuli\u0173 namuose Rivz\u0173 vaikai pirm\u0105kart pradeda lankyti mokykl\u0105 ir \u012fsilieja \u012f vietos emigrant\u0173 vaik\u0173 b\u016br\u012f. Taigi t\u0117vas serga, o motina vaikams \u0161alta ir abejinga, tad Gregorijus greitai susipa\u017e\u012fsta su gatv\u0117s gyvenimu ir joje pelnosi duon\u0105. Patyr\u0119s sunki\u0105 vaikyst\u0119, jis skinasi sau keli\u0105 margame Kalifornijos \u201eispanakalbi\u0173\u201c pasaulyje. Kol i\u0161moksta gyvenimo pamokas, Gregoris Rivzas nueina sunk\u0173 keli\u0105 \u2013 kovoja prie\u0161 socialin\u0119 neteisyb\u0119, rasizm\u0105, Vietnamo kar\u0105, nepasotinamo godulio apimto pasaulio materializm\u0105&#8230;<\/p>\n","protected":false},"featured_media":22797,"comment_status":"open","ping_status":"closed","template":"","meta":{"_acf_changed":false,"site-sidebar-layout":"default","site-content-layout":"","ast-site-content-layout":"default","site-content-style":"default","site-sidebar-style":"default","ast-global-header-display":"","ast-banner-title-visibility":"","ast-main-header-display":"","ast-hfb-above-header-display":"","ast-hfb-below-header-display":"","ast-hfb-mobile-header-display":"","site-post-title":"","ast-breadcrumbs-content":"","ast-featured-img":"","footer-sml-layout":"","ast-disable-related-posts":"","theme-transparent-header-meta":"","adv-header-id-meta":"","stick-header-meta":"","header-above-stick-meta":"","header-main-stick-meta":"","header-below-stick-meta":"","astra-migrate-meta-layouts":"default","ast-page-background-enabled":"default","ast-page-background-meta":{"desktop":{"background-color":"","background-image":"","background-repeat":"repeat","background-position":"center center","background-size":"auto","background-attachment":"scroll","background-type":"","background-media":"","overlay-type":"","overlay-color":"","overlay-opacity":"","overlay-gradient":""},"tablet":{"background-color":"","background-image":"","background-repeat":"repeat","background-position":"center center","background-size":"auto","background-attachment":"scroll","background-type":"","background-media":"","overlay-type":"","overlay-color":"","overlay-opacity":"","overlay-gradient":""},"mobile":{"background-color":"","background-image":"","background-repeat":"repeat","background-position":"center center","background-size":"auto","background-attachment":"scroll","background-type":"","background-media":"","overlay-type":"","overlay-color":"","overlay-opacity":"","overlay-gradient":""}},"ast-content-background-meta":{"desktop":{"background-color":"var(--ast-global-color-4)","background-image":"","background-repeat":"repeat","background-position":"center center","background-size":"auto","background-attachment":"scroll","background-type":"","background-media":"","overlay-type":"","overlay-color":"","overlay-opacity":"","overlay-gradient":""},"tablet":{"background-color":"var(--ast-global-color-4)","background-image":"","background-repeat":"repeat","background-position":"center center","background-size":"auto","background-attachment":"scroll","background-type":"","background-media":"","overlay-type":"","overlay-color":"","overlay-opacity":"","overlay-gradient":""},"mobile":{"background-color":"var(--ast-global-color-4)","background-image":"","background-repeat":"repeat","background-position":"center center","background-size":"auto","background-attachment":"scroll","background-type":"","background-media":"","overlay-type":"","overlay-color":"","overlay-opacity":"","overlay-gradient":""}}},"product_brand":[],"product_cat":[31],"product_tag":[],"class_list":{"0":"post-22792","1":"product","2":"type-product","3":"status-publish","4":"has-post-thumbnail","6":"product_cat-grozine-literatura","7":"desktop-align-left","8":"tablet-align-left","9":"mobile-align-left","11":"first","12":"instock","13":"shipping-taxable","14":"purchasable","15":"product-type-simple"},"acf":[],"yoast_head":"<!-- This site is optimized with the Yoast SEO plugin v27.0 - https:\/\/yoast.com\/product\/yoast-seo-wordpress\/ -->\n<title>Begalinis planas<\/title>\n<meta name=\"description\" content=\"Isabel Allende romanas \u201eBegalinis planas\u201c \u2013 tai ry\u0161kus ir labai spalvingas pasakojimas apie Gregorij\u0173 Rivz\u0105, keistuolio pamokslininko s\u016bn\u0173, kuris\" \/>\n<meta name=\"robots\" content=\"index, follow, max-snippet:-1, max-image-preview:large, max-video-preview:-1\" \/>\n<link rel=\"canonical\" href=\"https:\/\/skaitytaknyga.lt\/en\/produktas\/begalinis-planas\/\" \/>\n<meta property=\"og:locale\" content=\"en_GB\" \/>\n<meta property=\"og:locale:alternate\" content=\"lt_LT\" \/>\n<meta property=\"og:type\" content=\"article\" \/>\n<meta property=\"og:title\" content=\"Begalinis planas\" \/>\n<meta property=\"og:description\" content=\"Isabel Allende romanas \u201eBegalinis planas\u201c \u2013 tai ry\u0161kus ir labai spalvingas pasakojimas apie Gregorij\u0173 Rivz\u0105, keistuolio pamokslininko s\u016bn\u0173, kuris\" \/>\n<meta property=\"og:url\" content=\"https:\/\/skaitytaknyga.lt\/en\/produktas\/begalinis-planas\/\" \/>\n<meta property=\"og:site_name\" content=\"Skaitytaknyga\" \/>\n<meta property=\"article:publisher\" content=\"https:\/\/www.facebook.com\/skaitytaknyga\/\" \/>\n<meta property=\"article:modified_time\" content=\"2026-01-29T11:26:38+00:00\" \/>\n<meta property=\"og:image\" content=\"https:\/\/skaitytaknyga.lt\/wp-content\/uploads\/2026\/01\/Begalinis-planas-1.webp\" \/>\n\t<meta property=\"og:image:width\" content=\"300\" \/>\n\t<meta property=\"og:image:height\" content=\"490\" \/>\n\t<meta property=\"og:image:type\" content=\"image\/webp\" \/>\n<meta name=\"twitter:card\" content=\"summary_large_image\" \/>\n<meta name=\"twitter:label1\" content=\"Estimated reading time\" \/>\n\t<meta name=\"twitter:data1\" content=\"1 minute\" \/>\n<script type=\"application\/ld+json\" class=\"yoast-schema-graph\">{\"@context\":\"https:\/\/schema.org\",\"@graph\":[{\"@type\":\"WebPage\",\"@id\":\"https:\/\/skaitytaknyga.lt\/produktas\/begalinis-planas\/\",\"url\":\"https:\/\/skaitytaknyga.lt\/produktas\/begalinis-planas\/\",\"name\":\"Begalinis planas\",\"isPartOf\":{\"@id\":\"https:\/\/skaitytaknyga.lt\/#website\"},\"primaryImageOfPage\":{\"@id\":\"https:\/\/skaitytaknyga.lt\/produktas\/begalinis-planas\/#primaryimage\"},\"image\":{\"@id\":\"https:\/\/skaitytaknyga.lt\/produktas\/begalinis-planas\/#primaryimage\"},\"thumbnailUrl\":\"https:\/\/skaitytaknyga.lt\/wp-content\/uploads\/2026\/01\/Begalinis-planas-1.webp\",\"datePublished\":\"2026-01-29T11:02:32+00:00\",\"dateModified\":\"2026-01-29T11:26:38+00:00\",\"description\":\"Isabel Allende romanas \u201eBegalinis planas\u201c \u2013 tai ry\u0161kus ir labai spalvingas pasakojimas apie Gregorij\u0173 Rivz\u0105, keistuolio pamokslininko s\u016bn\u0173, kuris\",\"breadcrumb\":{\"@id\":\"https:\/\/skaitytaknyga.lt\/produktas\/begalinis-planas\/#breadcrumb\"},\"inLanguage\":\"en-GB\",\"potentialAction\":[{\"@type\":\"ReadAction\",\"target\":[\"https:\/\/skaitytaknyga.lt\/produktas\/begalinis-planas\/\"]}]},{\"@type\":\"ImageObject\",\"inLanguage\":\"en-GB\",\"@id\":\"https:\/\/skaitytaknyga.lt\/produktas\/begalinis-planas\/#primaryimage\",\"url\":\"https:\/\/skaitytaknyga.lt\/wp-content\/uploads\/2026\/01\/Begalinis-planas-1.webp\",\"contentUrl\":\"https:\/\/skaitytaknyga.lt\/wp-content\/uploads\/2026\/01\/Begalinis-planas-1.webp\",\"width\":300,\"height\":490,\"caption\":\"Begalinis planas\"},{\"@type\":\"BreadcrumbList\",\"@id\":\"https:\/\/skaitytaknyga.lt\/produktas\/begalinis-planas\/#breadcrumb\",\"itemListElement\":[{\"@type\":\"ListItem\",\"position\":1,\"name\":\"Home\",\"item\":\"https:\/\/skaitytaknyga.lt\/\"},{\"@type\":\"ListItem\",\"position\":2,\"name\":\"Parduotuv\u0117\",\"item\":\"https:\/\/skaitytaknyga.lt\/knygu-parduotuve\/\"},{\"@type\":\"ListItem\",\"position\":3,\"name\":\"Begalinis planas\"}]},{\"@type\":\"WebSite\",\"@id\":\"https:\/\/skaitytaknyga.lt\/#website\",\"url\":\"https:\/\/skaitytaknyga.lt\/\",\"name\":\"skaitytaknyga.lt\",\"description\":\"Skaitytaknyga.lt \u2013 tai ma\u017eas \u0161eimos verslas, kuris prasid\u0117jo nuo meil\u0117s knygoms ir siekio i\u0161gelb\u0117ti knygas nuo likimo prie konteinerio. Kas vienam nereikalingas daiktas \u2013 kitam lobis, o mes esame tarpininkai, kurie padeda abiems tapti laimingesniems ???? \u017dinome kaip nelengva i\u0161gyventi ma\u017eiems verslams, tad nuo \u0161iol, \u010dia rasite ir kit\u0173, ma\u017e\u0173 \u0161eim\u0173 versl\u0173, rank\u0173 darbo, dovan\u0173 sau ir artimiesiems.\",\"publisher\":{\"@id\":\"https:\/\/skaitytaknyga.lt\/#organization\"},\"potentialAction\":[{\"@type\":\"SearchAction\",\"target\":{\"@type\":\"EntryPoint\",\"urlTemplate\":\"https:\/\/skaitytaknyga.lt\/?s={search_term_string}\"},\"query-input\":{\"@type\":\"PropertyValueSpecification\",\"valueRequired\":true,\"valueName\":\"search_term_string\"}}],\"inLanguage\":\"en-GB\"},{\"@type\":\"Organization\",\"@id\":\"https:\/\/skaitytaknyga.lt\/#organization\",\"name\":\"skaitytaknyga.lt\",\"url\":\"https:\/\/skaitytaknyga.lt\/\",\"logo\":{\"@type\":\"ImageObject\",\"inLanguage\":\"en-GB\",\"@id\":\"https:\/\/skaitytaknyga.lt\/#\/schema\/logo\/image\/\",\"url\":\"https:\/\/skaitytaknyga.lt\/wp-content\/uploads\/2024\/05\/cropped-cropped-cropped-02_00843_jt3bggkj1j3HLc7SyY6rEUpg.jpeg\",\"contentUrl\":\"https:\/\/skaitytaknyga.lt\/wp-content\/uploads\/2024\/05\/cropped-cropped-cropped-02_00843_jt3bggkj1j3HLc7SyY6rEUpg.jpeg\",\"width\":1600,\"height\":1600,\"caption\":\"skaitytaknyga.lt\"},\"image\":{\"@id\":\"https:\/\/skaitytaknyga.lt\/#\/schema\/logo\/image\/\"},\"sameAs\":[\"https:\/\/www.facebook.com\/skaitytaknyga\/\"]}]}<\/script>\n<!-- \/ Yoast SEO plugin. -->","yoast_head_json":{"title":"Begalinis planas","description":"Isabel Allende romanas \u201eBegalinis planas\u201c \u2013 tai ry\u0161kus ir labai spalvingas pasakojimas apie Gregorij\u0173 Rivz\u0105, keistuolio pamokslininko s\u016bn\u0173, kuris","robots":{"index":"index","follow":"follow","max-snippet":"max-snippet:-1","max-image-preview":"max-image-preview:large","max-video-preview":"max-video-preview:-1"},"canonical":"https:\/\/skaitytaknyga.lt\/en\/produktas\/begalinis-planas\/","og_locale":"en_GB","og_type":"article","og_title":"[:lt]Begalinis planas[:] - Skaitytaknyga","og_description":"Isabel Allende romanas \u201eBegalinis planas\u201c \u2013 tai ry\u0161kus ir labai spalvingas pasakojimas apie Gregorij\u0173 Rivz\u0105, keistuolio pamokslininko s\u016bn\u0173, kuris","og_url":"https:\/\/skaitytaknyga.lt\/en\/produktas\/begalinis-planas\/","og_site_name":"Skaitytaknyga","article_publisher":"https:\/\/www.facebook.com\/skaitytaknyga\/","article_modified_time":"2026-01-29T11:26:38+00:00","og_image":[{"width":300,"height":490,"url":"https:\/\/skaitytaknyga.lt\/wp-content\/uploads\/2026\/01\/Begalinis-planas-1.webp","type":"image\/webp"}],"twitter_card":"summary_large_image","twitter_misc":{"Estimated reading time":"1 minute"},"schema":{"@context":"https:\/\/schema.org","@graph":[{"@type":"WebPage","@id":"https:\/\/skaitytaknyga.lt\/produktas\/begalinis-planas\/","url":"https:\/\/skaitytaknyga.lt\/produktas\/begalinis-planas\/","name":"Begalinis planas","isPartOf":{"@id":"https:\/\/skaitytaknyga.lt\/#website"},"primaryImageOfPage":{"@id":"https:\/\/skaitytaknyga.lt\/produktas\/begalinis-planas\/#primaryimage"},"image":{"@id":"https:\/\/skaitytaknyga.lt\/produktas\/begalinis-planas\/#primaryimage"},"thumbnailUrl":"https:\/\/skaitytaknyga.lt\/wp-content\/uploads\/2026\/01\/Begalinis-planas-1.webp","datePublished":"2026-01-29T11:02:32+00:00","dateModified":"2026-01-29T11:26:38+00:00","description":"Isabel Allende romanas \u201eBegalinis planas\u201c \u2013 tai ry\u0161kus ir labai spalvingas pasakojimas apie Gregorij\u0173 Rivz\u0105, keistuolio pamokslininko s\u016bn\u0173, kuris","breadcrumb":{"@id":"https:\/\/skaitytaknyga.lt\/produktas\/begalinis-planas\/#breadcrumb"},"inLanguage":"en-GB","potentialAction":[{"@type":"ReadAction","target":["https:\/\/skaitytaknyga.lt\/produktas\/begalinis-planas\/"]}]},{"@type":"ImageObject","inLanguage":"en-GB","@id":"https:\/\/skaitytaknyga.lt\/produktas\/begalinis-planas\/#primaryimage","url":"https:\/\/skaitytaknyga.lt\/wp-content\/uploads\/2026\/01\/Begalinis-planas-1.webp","contentUrl":"https:\/\/skaitytaknyga.lt\/wp-content\/uploads\/2026\/01\/Begalinis-planas-1.webp","width":300,"height":490,"caption":"Begalinis planas"},{"@type":"BreadcrumbList","@id":"https:\/\/skaitytaknyga.lt\/produktas\/begalinis-planas\/#breadcrumb","itemListElement":[{"@type":"ListItem","position":1,"name":"Home","item":"https:\/\/skaitytaknyga.lt\/"},{"@type":"ListItem","position":2,"name":"Parduotuv\u0117","item":"https:\/\/skaitytaknyga.lt\/knygu-parduotuve\/"},{"@type":"ListItem","position":3,"name":"Begalinis planas"}]},{"@type":"WebSite","@id":"https:\/\/skaitytaknyga.lt\/#website","url":"https:\/\/skaitytaknyga.lt\/","name":"skaitytaknyga.lt","description":"Skaitytaknyga.lt \u2013 tai ma\u017eas \u0161eimos verslas, kuris prasid\u0117jo nuo meil\u0117s knygoms ir siekio i\u0161gelb\u0117ti knygas nuo likimo prie konteinerio. Kas vienam nereikalingas daiktas \u2013 kitam lobis, o mes esame tarpininkai, kurie padeda abiems tapti laimingesniems ???? \u017dinome kaip nelengva i\u0161gyventi ma\u017eiems verslams, tad nuo \u0161iol, \u010dia rasite ir kit\u0173, ma\u017e\u0173 \u0161eim\u0173 versl\u0173, rank\u0173 darbo, dovan\u0173 sau ir artimiesiems.","publisher":{"@id":"https:\/\/skaitytaknyga.lt\/#organization"},"potentialAction":[{"@type":"SearchAction","target":{"@type":"EntryPoint","urlTemplate":"https:\/\/skaitytaknyga.lt\/?s={search_term_string}"},"query-input":{"@type":"PropertyValueSpecification","valueRequired":true,"valueName":"search_term_string"}}],"inLanguage":"en-GB"},{"@type":"Organization","@id":"https:\/\/skaitytaknyga.lt\/#organization","name":"skaitytaknyga.lt","url":"https:\/\/skaitytaknyga.lt\/","logo":{"@type":"ImageObject","inLanguage":"en-GB","@id":"https:\/\/skaitytaknyga.lt\/#\/schema\/logo\/image\/","url":"https:\/\/skaitytaknyga.lt\/wp-content\/uploads\/2024\/05\/cropped-cropped-cropped-02_00843_jt3bggkj1j3HLc7SyY6rEUpg.jpeg","contentUrl":"https:\/\/skaitytaknyga.lt\/wp-content\/uploads\/2024\/05\/cropped-cropped-cropped-02_00843_jt3bggkj1j3HLc7SyY6rEUpg.jpeg","width":1600,"height":1600,"caption":"skaitytaknyga.lt"},"image":{"@id":"https:\/\/skaitytaknyga.lt\/#\/schema\/logo\/image\/"},"sameAs":["https:\/\/www.facebook.com\/skaitytaknyga\/"]}]}},"_links":{"self":[{"href":"https:\/\/skaitytaknyga.lt\/en\/wp-json\/wp\/v2\/product\/22792","targetHints":{"allow":["GET"]}}],"collection":[{"href":"https:\/\/skaitytaknyga.lt\/en\/wp-json\/wp\/v2\/product"}],"about":[{"href":"https:\/\/skaitytaknyga.lt\/en\/wp-json\/wp\/v2\/types\/product"}],"replies":[{"embeddable":true,"href":"https:\/\/skaitytaknyga.lt\/en\/wp-json\/wp\/v2\/comments?post=22792"}],"wp:featuredmedia":[{"embeddable":true,"href":"https:\/\/skaitytaknyga.lt\/en\/wp-json\/wp\/v2\/media\/22797"}],"wp:attachment":[{"href":"https:\/\/skaitytaknyga.lt\/en\/wp-json\/wp\/v2\/media?parent=22792"}],"wp:term":[{"taxonomy":"product_brand","embeddable":true,"href":"https:\/\/skaitytaknyga.lt\/en\/wp-json\/wp\/v2\/product_brand?post=22792"},{"taxonomy":"product_cat","embeddable":true,"href":"https:\/\/skaitytaknyga.lt\/en\/wp-json\/wp\/v2\/product_cat?post=22792"},{"taxonomy":"product_tag","embeddable":true,"href":"https:\/\/skaitytaknyga.lt\/en\/wp-json\/wp\/v2\/product_tag?post=22792"}],"curies":[{"name":"wp","href":"https:\/\/api.w.org\/{rel}","templated":true}]}}