{"id":22791,"date":"2026-01-29T13:02:32","date_gmt":"2026-01-29T11:02:32","guid":{"rendered":"https:\/\/skaitytaknyga.lt\/?post_type=product&#038;p=22791"},"modified":"2026-03-18T11:43:09","modified_gmt":"2026-03-18T09:43:09","slug":"tiesiog-gyventi","status":"publish","type":"product","link":"https:\/\/skaitytaknyga.lt\/en\/produktas\/tiesiog-gyventi\/","title":{"rendered":"Tiesiog gyventi"},"content":{"rendered":"<p>Tiesiog gyventi \u2013 tai b\u016bti \u010dia ir dabar, su d\u0117kingumu i\u0161gyventi kiekvien\u0105 akimirk\u0105 ir ja m\u0117gautis.<\/p>\n<p>Prie\u0161ingai vyraujan\u010diai kult\u016brai, kurioje vis\u0173 svarbiausia yra turtas, nuosavyb\u0117, vartojimas, tokia gyvenimo samprata siekia visai kitokios patirties. Skamba nesud\u0117tingai ir atrodo lengva. Ta\u010diau kaip tik toks paprstumas da\u017enai sunkiai pasiekiamas. Reikia vidinio nusistatymo, atvirumo, kad pasteb\u0117tume gra\u017eius dalykus ir suprastume, jog turime visk\u0105, ko reikia, kad b\u016btume laimingi.<\/p>\n<p>\u201eKai suvoksi, kad nieko netr\u016bksta, tau priklausys visas pasaulis\u201c, &#8211; sak\u0117 kin\u0173 i\u0161min\u010dius Lao Tse. \u0160is teiginys tinka ir mums. Mokykim\u0117s suvokti b\u016bties lengvum\u0105 ir pasteb\u0117ti laimingas akimirkas. Prad\u0117kime jau \u0161iandien.<\/p>\n<p>Dvasinis ra\u0161ytojas Anselmas Grunas knygoje \u201eTiesiog gyventi. Did\u017eioji dvasingumo ir gyvenimo meno knyga\u201c nuosekliai keliauja kalendorini\u0173 ir liturgini\u0173 met\u0173 ratu, aptaria \u017emogaus am\u017eiaus tarpsni\u0173 ypatumus, ie\u0161kodamas s\u0105saj\u0173 su vidiniu m\u016bs\u0173 gyvenimo ritmu ir dvasinio tobul\u0117jimo galimybe.<\/p>\n","protected":false},"excerpt":{"rendered":"<p>Tiesiog gyventi \u2013 tai b\u016bti \u010dia ir dabar, su d\u0117kingumu i\u0161gyventi kiekvien\u0105 akimirk\u0105 ir ja m\u0117gautis. Prie\u0161ingai vyraujan\u010diai kult\u016brai, kurioje vis\u0173 svarbiausia yra turtas, nuosavyb\u0117, vartojimas, tokia gyvenimo samprata siekia visai kitokios patirties. Skamba nesud\u0117tingai ir atrodo lengva. Ta\u010diau kaip tik toks paprstumas da\u017enai sunkiai pasiekiamas. Reikia vidinio nusistatymo, atvirumo, kad pasteb\u0117tume gra\u017eius dalykus ir suprastume, jog turime visk\u0105, ko reikia, kad b\u016btume laimingi. \u201eKai suvoksi, kad nieko netr\u016bksta, tau priklausys visas pasaulis\u201c, &#8211; sak\u0117 kin\u0173 i\u0161min\u010dius Lao Tse. \u0160is teiginys tinka ir mums. Mokykim\u0117s suvokti b\u016bties lengvum\u0105 ir pasteb\u0117ti laimingas akimirkas. Prad\u0117kime jau \u0161iandien. Dvasinis ra\u0161ytojas Anselmas Grunas knygoje \u201eTiesiog gyventi. Did\u017eioji dvasingumo ir gyvenimo meno knyga\u201c nuosekliai keliauja kalendorini\u0173 ir liturgini\u0173 met\u0173 ratu, aptaria \u017emogaus am\u017eiaus tarpsni\u0173 ypatumus, ie\u0161kodamas s\u0105saj\u0173 su vidiniu m\u016bs\u0173 gyvenimo ritmu ir dvasinio tobul\u0117jimo galimybe.<\/p>\n","protected":false},"featured_media":22796,"comment_status":"open","ping_status":"closed","template":"","meta":{"_acf_changed":false,"site-sidebar-layout":"default","site-content-layout":"","ast-site-content-layout":"default","site-content-style":"default","site-sidebar-style":"default","ast-global-header-display":"","ast-banner-title-visibility":"","ast-main-header-display":"","ast-hfb-above-header-display":"","ast-hfb-below-header-display":"","ast-hfb-mobile-header-display":"","site-post-title":"","ast-breadcrumbs-content":"","ast-featured-img":"","footer-sml-layout":"","ast-disable-related-posts":"","theme-transparent-header-meta":"","adv-header-id-meta":"","stick-header-meta":"","header-above-stick-meta":"","header-main-stick-meta":"","header-below-stick-meta":"","astra-migrate-meta-layouts":"default","ast-page-background-enabled":"default","ast-page-background-meta":{"desktop":{"background-color":"","background-image":"","background-repeat":"repeat","background-position":"center center","background-size":"auto","background-attachment":"scroll","background-type":"","background-media":"","overlay-type":"","overlay-color":"","overlay-opacity":"","overlay-gradient":""},"tablet":{"background-color":"","background-image":"","background-repeat":"repeat","background-position":"center center","background-size":"auto","background-attachment":"scroll","background-type":"","background-media":"","overlay-type":"","overlay-color":"","overlay-opacity":"","overlay-gradient":""},"mobile":{"background-color":"","background-image":"","background-repeat":"repeat","background-position":"center center","background-size":"auto","background-attachment":"scroll","background-type":"","background-media":"","overlay-type":"","overlay-color":"","overlay-opacity":"","overlay-gradient":""}},"ast-content-background-meta":{"desktop":{"background-color":"var(--ast-global-color-4)","background-image":"","background-repeat":"repeat","background-position":"center center","background-size":"auto","background-attachment":"scroll","background-type":"","background-media":"","overlay-type":"","overlay-color":"","overlay-opacity":"","overlay-gradient":""},"tablet":{"background-color":"var(--ast-global-color-4)","background-image":"","background-repeat":"repeat","background-position":"center center","background-size":"auto","background-attachment":"scroll","background-type":"","background-media":"","overlay-type":"","overlay-color":"","overlay-opacity":"","overlay-gradient":""},"mobile":{"background-color":"var(--ast-global-color-4)","background-image":"","background-repeat":"repeat","background-position":"center center","background-size":"auto","background-attachment":"scroll","background-type":"","background-media":"","overlay-type":"","overlay-color":"","overlay-opacity":"","overlay-gradient":""}}},"product_brand":[],"product_cat":[9753],"product_tag":[9319],"class_list":{"0":"post-22791","1":"product","2":"type-product","3":"status-publish","4":"has-post-thumbnail","6":"product_cat-religija","7":"product_tag-ltanselm-grun","8":"desktop-align-left","9":"tablet-align-left","10":"mobile-align-left","12":"first","13":"instock","14":"shipping-taxable","15":"purchasable","16":"product-type-simple"},"acf":[],"yoast_head":"<!-- This site is optimized with the Yoast SEO plugin v27.0 - https:\/\/yoast.com\/product\/yoast-seo-wordpress\/ -->\n<title>Tiesiog gyventi<\/title>\n<meta name=\"description\" content=\"Tiesiog gyventi \u2013 tai b\u016bti \u010dia ir dabar, su d\u0117kingumu i\u0161gyventi kiekvien\u0105 akimirk\u0105 ir ja m\u0117gautis. Prie\u0161ingai vyraujan\u010diai kult\u016brai, kurioje vis\u0173\" \/>\n<meta name=\"robots\" content=\"index, follow, max-snippet:-1, max-image-preview:large, max-video-preview:-1\" \/>\n<link rel=\"canonical\" href=\"https:\/\/skaitytaknyga.lt\/en\/produktas\/tiesiog-gyventi\/\" \/>\n<meta property=\"og:locale\" content=\"en_GB\" \/>\n<meta property=\"og:locale:alternate\" content=\"lt_LT\" \/>\n<meta property=\"og:type\" content=\"article\" \/>\n<meta property=\"og:title\" content=\"Tiesiog gyventi\" \/>\n<meta property=\"og:description\" content=\"Tiesiog gyventi \u2013 tai b\u016bti \u010dia ir dabar, su d\u0117kingumu i\u0161gyventi kiekvien\u0105 akimirk\u0105 ir ja m\u0117gautis. Prie\u0161ingai vyraujan\u010diai kult\u016brai, kurioje vis\u0173\" \/>\n<meta property=\"og:url\" content=\"https:\/\/skaitytaknyga.lt\/en\/produktas\/tiesiog-gyventi\/\" \/>\n<meta property=\"og:site_name\" content=\"Skaitytaknyga\" \/>\n<meta property=\"article:publisher\" content=\"https:\/\/www.facebook.com\/skaitytaknyga\/\" \/>\n<meta property=\"article:modified_time\" content=\"2026-03-18T09:43:09+00:00\" \/>\n<meta property=\"og:image\" content=\"https:\/\/skaitytaknyga.lt\/wp-content\/uploads\/2026\/01\/Tiesiog-gyventi-1.webp\" \/>\n\t<meta property=\"og:image:width\" content=\"285\" \/>\n\t<meta property=\"og:image:height\" content=\"450\" \/>\n\t<meta property=\"og:image:type\" content=\"image\/webp\" \/>\n<meta name=\"twitter:card\" content=\"summary_large_image\" \/>\n<meta name=\"twitter:label1\" content=\"Estimated reading time\" \/>\n\t<meta name=\"twitter:data1\" content=\"1 minute\" \/>\n<script type=\"application\/ld+json\" class=\"yoast-schema-graph\">{\"@context\":\"https:\/\/schema.org\",\"@graph\":[{\"@type\":\"WebPage\",\"@id\":\"https:\/\/skaitytaknyga.lt\/produktas\/tiesiog-gyventi\/\",\"url\":\"https:\/\/skaitytaknyga.lt\/produktas\/tiesiog-gyventi\/\",\"name\":\"Tiesiog gyventi\",\"isPartOf\":{\"@id\":\"https:\/\/skaitytaknyga.lt\/#website\"},\"primaryImageOfPage\":{\"@id\":\"https:\/\/skaitytaknyga.lt\/produktas\/tiesiog-gyventi\/#primaryimage\"},\"image\":{\"@id\":\"https:\/\/skaitytaknyga.lt\/produktas\/tiesiog-gyventi\/#primaryimage\"},\"thumbnailUrl\":\"https:\/\/skaitytaknyga.lt\/wp-content\/uploads\/2026\/01\/Tiesiog-gyventi-1.webp\",\"datePublished\":\"2026-01-29T11:02:32+00:00\",\"dateModified\":\"2026-03-18T09:43:09+00:00\",\"description\":\"Tiesiog gyventi \u2013 tai b\u016bti \u010dia ir dabar, su d\u0117kingumu i\u0161gyventi kiekvien\u0105 akimirk\u0105 ir ja m\u0117gautis. Prie\u0161ingai vyraujan\u010diai kult\u016brai, kurioje vis\u0173\",\"breadcrumb\":{\"@id\":\"https:\/\/skaitytaknyga.lt\/produktas\/tiesiog-gyventi\/#breadcrumb\"},\"inLanguage\":\"en-GB\",\"potentialAction\":[{\"@type\":\"ReadAction\",\"target\":[\"https:\/\/skaitytaknyga.lt\/produktas\/tiesiog-gyventi\/\"]}]},{\"@type\":\"ImageObject\",\"inLanguage\":\"en-GB\",\"@id\":\"https:\/\/skaitytaknyga.lt\/produktas\/tiesiog-gyventi\/#primaryimage\",\"url\":\"https:\/\/skaitytaknyga.lt\/wp-content\/uploads\/2026\/01\/Tiesiog-gyventi-1.webp\",\"contentUrl\":\"https:\/\/skaitytaknyga.lt\/wp-content\/uploads\/2026\/01\/Tiesiog-gyventi-1.webp\",\"width\":285,\"height\":450,\"caption\":\"Tiesiog gyventi\"},{\"@type\":\"BreadcrumbList\",\"@id\":\"https:\/\/skaitytaknyga.lt\/produktas\/tiesiog-gyventi\/#breadcrumb\",\"itemListElement\":[{\"@type\":\"ListItem\",\"position\":1,\"name\":\"Home\",\"item\":\"https:\/\/skaitytaknyga.lt\/\"},{\"@type\":\"ListItem\",\"position\":2,\"name\":\"Parduotuv\u0117\",\"item\":\"https:\/\/skaitytaknyga.lt\/knygu-parduotuve\/\"},{\"@type\":\"ListItem\",\"position\":3,\"name\":\"Tiesiog gyventi\"}]},{\"@type\":\"WebSite\",\"@id\":\"https:\/\/skaitytaknyga.lt\/#website\",\"url\":\"https:\/\/skaitytaknyga.lt\/\",\"name\":\"skaitytaknyga.lt\",\"description\":\"Skaitytaknyga.lt \u2013 tai ma\u017eas \u0161eimos verslas, kuris prasid\u0117jo nuo meil\u0117s knygoms ir siekio i\u0161gelb\u0117ti knygas nuo likimo prie konteinerio. Kas vienam nereikalingas daiktas \u2013 kitam lobis, o mes esame tarpininkai, kurie padeda abiems tapti laimingesniems ???? \u017dinome kaip nelengva i\u0161gyventi ma\u017eiems verslams, tad nuo \u0161iol, \u010dia rasite ir kit\u0173, ma\u017e\u0173 \u0161eim\u0173 versl\u0173, rank\u0173 darbo, dovan\u0173 sau ir artimiesiems.\",\"publisher\":{\"@id\":\"https:\/\/skaitytaknyga.lt\/#organization\"},\"potentialAction\":[{\"@type\":\"SearchAction\",\"target\":{\"@type\":\"EntryPoint\",\"urlTemplate\":\"https:\/\/skaitytaknyga.lt\/?s={search_term_string}\"},\"query-input\":{\"@type\":\"PropertyValueSpecification\",\"valueRequired\":true,\"valueName\":\"search_term_string\"}}],\"inLanguage\":\"en-GB\"},{\"@type\":\"Organization\",\"@id\":\"https:\/\/skaitytaknyga.lt\/#organization\",\"name\":\"skaitytaknyga.lt\",\"url\":\"https:\/\/skaitytaknyga.lt\/\",\"logo\":{\"@type\":\"ImageObject\",\"inLanguage\":\"en-GB\",\"@id\":\"https:\/\/skaitytaknyga.lt\/#\/schema\/logo\/image\/\",\"url\":\"https:\/\/skaitytaknyga.lt\/wp-content\/uploads\/2024\/05\/cropped-cropped-cropped-02_00843_jt3bggkj1j3HLc7SyY6rEUpg.jpeg\",\"contentUrl\":\"https:\/\/skaitytaknyga.lt\/wp-content\/uploads\/2024\/05\/cropped-cropped-cropped-02_00843_jt3bggkj1j3HLc7SyY6rEUpg.jpeg\",\"width\":1600,\"height\":1600,\"caption\":\"skaitytaknyga.lt\"},\"image\":{\"@id\":\"https:\/\/skaitytaknyga.lt\/#\/schema\/logo\/image\/\"},\"sameAs\":[\"https:\/\/www.facebook.com\/skaitytaknyga\/\"]}]}<\/script>\n<!-- \/ Yoast SEO plugin. -->","yoast_head_json":{"title":"Tiesiog gyventi","description":"Tiesiog gyventi \u2013 tai b\u016bti \u010dia ir dabar, su d\u0117kingumu i\u0161gyventi kiekvien\u0105 akimirk\u0105 ir ja m\u0117gautis. Prie\u0161ingai vyraujan\u010diai kult\u016brai, kurioje vis\u0173","robots":{"index":"index","follow":"follow","max-snippet":"max-snippet:-1","max-image-preview":"max-image-preview:large","max-video-preview":"max-video-preview:-1"},"canonical":"https:\/\/skaitytaknyga.lt\/en\/produktas\/tiesiog-gyventi\/","og_locale":"en_GB","og_type":"article","og_title":"[:lt]Tiesiog gyventi[:] - Skaitytaknyga","og_description":"Tiesiog gyventi \u2013 tai b\u016bti \u010dia ir dabar, su d\u0117kingumu i\u0161gyventi kiekvien\u0105 akimirk\u0105 ir ja m\u0117gautis. Prie\u0161ingai vyraujan\u010diai kult\u016brai, kurioje vis\u0173","og_url":"https:\/\/skaitytaknyga.lt\/en\/produktas\/tiesiog-gyventi\/","og_site_name":"Skaitytaknyga","article_publisher":"https:\/\/www.facebook.com\/skaitytaknyga\/","article_modified_time":"2026-03-18T09:43:09+00:00","og_image":[{"width":285,"height":450,"url":"https:\/\/skaitytaknyga.lt\/wp-content\/uploads\/2026\/01\/Tiesiog-gyventi-1.webp","type":"image\/webp"}],"twitter_card":"summary_large_image","twitter_misc":{"Estimated reading time":"1 minute"},"schema":{"@context":"https:\/\/schema.org","@graph":[{"@type":"WebPage","@id":"https:\/\/skaitytaknyga.lt\/produktas\/tiesiog-gyventi\/","url":"https:\/\/skaitytaknyga.lt\/produktas\/tiesiog-gyventi\/","name":"Tiesiog gyventi","isPartOf":{"@id":"https:\/\/skaitytaknyga.lt\/#website"},"primaryImageOfPage":{"@id":"https:\/\/skaitytaknyga.lt\/produktas\/tiesiog-gyventi\/#primaryimage"},"image":{"@id":"https:\/\/skaitytaknyga.lt\/produktas\/tiesiog-gyventi\/#primaryimage"},"thumbnailUrl":"https:\/\/skaitytaknyga.lt\/wp-content\/uploads\/2026\/01\/Tiesiog-gyventi-1.webp","datePublished":"2026-01-29T11:02:32+00:00","dateModified":"2026-03-18T09:43:09+00:00","description":"Tiesiog gyventi \u2013 tai b\u016bti \u010dia ir dabar, su d\u0117kingumu i\u0161gyventi kiekvien\u0105 akimirk\u0105 ir ja m\u0117gautis. Prie\u0161ingai vyraujan\u010diai kult\u016brai, kurioje vis\u0173","breadcrumb":{"@id":"https:\/\/skaitytaknyga.lt\/produktas\/tiesiog-gyventi\/#breadcrumb"},"inLanguage":"en-GB","potentialAction":[{"@type":"ReadAction","target":["https:\/\/skaitytaknyga.lt\/produktas\/tiesiog-gyventi\/"]}]},{"@type":"ImageObject","inLanguage":"en-GB","@id":"https:\/\/skaitytaknyga.lt\/produktas\/tiesiog-gyventi\/#primaryimage","url":"https:\/\/skaitytaknyga.lt\/wp-content\/uploads\/2026\/01\/Tiesiog-gyventi-1.webp","contentUrl":"https:\/\/skaitytaknyga.lt\/wp-content\/uploads\/2026\/01\/Tiesiog-gyventi-1.webp","width":285,"height":450,"caption":"Tiesiog gyventi"},{"@type":"BreadcrumbList","@id":"https:\/\/skaitytaknyga.lt\/produktas\/tiesiog-gyventi\/#breadcrumb","itemListElement":[{"@type":"ListItem","position":1,"name":"Home","item":"https:\/\/skaitytaknyga.lt\/"},{"@type":"ListItem","position":2,"name":"Parduotuv\u0117","item":"https:\/\/skaitytaknyga.lt\/knygu-parduotuve\/"},{"@type":"ListItem","position":3,"name":"Tiesiog gyventi"}]},{"@type":"WebSite","@id":"https:\/\/skaitytaknyga.lt\/#website","url":"https:\/\/skaitytaknyga.lt\/","name":"skaitytaknyga.lt","description":"Skaitytaknyga.lt \u2013 tai ma\u017eas \u0161eimos verslas, kuris prasid\u0117jo nuo meil\u0117s knygoms ir siekio i\u0161gelb\u0117ti knygas nuo likimo prie konteinerio. Kas vienam nereikalingas daiktas \u2013 kitam lobis, o mes esame tarpininkai, kurie padeda abiems tapti laimingesniems ???? \u017dinome kaip nelengva i\u0161gyventi ma\u017eiems verslams, tad nuo \u0161iol, \u010dia rasite ir kit\u0173, ma\u017e\u0173 \u0161eim\u0173 versl\u0173, rank\u0173 darbo, dovan\u0173 sau ir artimiesiems.","publisher":{"@id":"https:\/\/skaitytaknyga.lt\/#organization"},"potentialAction":[{"@type":"SearchAction","target":{"@type":"EntryPoint","urlTemplate":"https:\/\/skaitytaknyga.lt\/?s={search_term_string}"},"query-input":{"@type":"PropertyValueSpecification","valueRequired":true,"valueName":"search_term_string"}}],"inLanguage":"en-GB"},{"@type":"Organization","@id":"https:\/\/skaitytaknyga.lt\/#organization","name":"skaitytaknyga.lt","url":"https:\/\/skaitytaknyga.lt\/","logo":{"@type":"ImageObject","inLanguage":"en-GB","@id":"https:\/\/skaitytaknyga.lt\/#\/schema\/logo\/image\/","url":"https:\/\/skaitytaknyga.lt\/wp-content\/uploads\/2024\/05\/cropped-cropped-cropped-02_00843_jt3bggkj1j3HLc7SyY6rEUpg.jpeg","contentUrl":"https:\/\/skaitytaknyga.lt\/wp-content\/uploads\/2024\/05\/cropped-cropped-cropped-02_00843_jt3bggkj1j3HLc7SyY6rEUpg.jpeg","width":1600,"height":1600,"caption":"skaitytaknyga.lt"},"image":{"@id":"https:\/\/skaitytaknyga.lt\/#\/schema\/logo\/image\/"},"sameAs":["https:\/\/www.facebook.com\/skaitytaknyga\/"]}]}},"_links":{"self":[{"href":"https:\/\/skaitytaknyga.lt\/en\/wp-json\/wp\/v2\/product\/22791","targetHints":{"allow":["GET"]}}],"collection":[{"href":"https:\/\/skaitytaknyga.lt\/en\/wp-json\/wp\/v2\/product"}],"about":[{"href":"https:\/\/skaitytaknyga.lt\/en\/wp-json\/wp\/v2\/types\/product"}],"replies":[{"embeddable":true,"href":"https:\/\/skaitytaknyga.lt\/en\/wp-json\/wp\/v2\/comments?post=22791"}],"wp:featuredmedia":[{"embeddable":true,"href":"https:\/\/skaitytaknyga.lt\/en\/wp-json\/wp\/v2\/media\/22796"}],"wp:attachment":[{"href":"https:\/\/skaitytaknyga.lt\/en\/wp-json\/wp\/v2\/media?parent=22791"}],"wp:term":[{"taxonomy":"product_brand","embeddable":true,"href":"https:\/\/skaitytaknyga.lt\/en\/wp-json\/wp\/v2\/product_brand?post=22791"},{"taxonomy":"product_cat","embeddable":true,"href":"https:\/\/skaitytaknyga.lt\/en\/wp-json\/wp\/v2\/product_cat?post=22791"},{"taxonomy":"product_tag","embeddable":true,"href":"https:\/\/skaitytaknyga.lt\/en\/wp-json\/wp\/v2\/product_tag?post=22791"}],"curies":[{"name":"wp","href":"https:\/\/api.w.org\/{rel}","templated":true}]}}