{"id":22790,"date":"2026-01-29T13:02:31","date_gmt":"2026-01-29T11:02:31","guid":{"rendered":"https:\/\/skaitytaknyga.lt\/?post_type=product&#038;p=22790"},"modified":"2026-01-30T12:14:17","modified_gmt":"2026-01-30T10:14:17","slug":"dabar-tau-skaudes-slapti-jaunesniojo-gydytojo-dienorasciai","status":"publish","type":"product","link":"https:\/\/skaitytaknyga.lt\/en\/produktas\/dabar-tau-skaudes-slapti-jaunesniojo-gydytojo-dienorasciai\/","title":{"rendered":"Dabar tau skaud\u0117s: slapti jaunesniojo gydytojo dienora\u0161\u010diai"},"content":{"rendered":"<p>Sveiki atvyk\u0119 \u012f 97 valand\u0173 darbo savait\u0119. Sveiki atvyk\u0119 ten, kur priimami gyvenimo arba mirties nuosprend\u017eiai. Sveiki atvyk\u0119, kur siau\u010dia k\u016bno skys\u010di\u0173 cunamis. Sveiki atvyk\u0119 ten, kur mokamas atlyginimas, prilygstantis ligonin\u0117s automobili\u0173 stov\u0117jimo aik\u0161tel\u0117s kvadratinio metro \u012fkainiui.<\/p>\n<p>Pamojuokite atsisveikindami bi\u010diuliams ir mylimiesiems. Sveiki atvyk\u0119 \u012f jaunesniojo gydytojo gyvenim\u0105.<\/p>\n<p>Kartais linksma, kartais bauginanti, kartais li\u016bdna knyga pasakoja apie visk\u0105, apie k\u0105 nor\u0117jote su\u017einoti ir apie k\u0105 nenor\u0117jote \u2014 gyvenim\u0105 ligonin\u0117s palatose ir u\u017e t\u0173 palat\u0173 sien\u0173. Beje&#8230; taip, gali likti randas.<\/p>\n","protected":false},"excerpt":{"rendered":"<p>Sveiki atvyk\u0119 \u012f 97 valand\u0173 darbo savait\u0119. Sveiki atvyk\u0119 ten, kur priimami gyvenimo arba mirties nuosprend\u017eiai. Sveiki atvyk\u0119, kur siau\u010dia k\u016bno skys\u010di\u0173 cunamis. Sveiki atvyk\u0119 ten, kur mokamas atlyginimas, prilygstantis ligonin\u0117s automobili\u0173 stov\u0117jimo aik\u0161tel\u0117s kvadratinio metro \u012fkainiui. Pamojuokite atsisveikindami bi\u010diuliams ir mylimiesiems. Sveiki atvyk\u0119 \u012f jaunesniojo gydytojo gyvenim\u0105. Kartais linksma, kartais bauginanti, kartais li\u016bdna knyga pasakoja apie visk\u0105, apie k\u0105 nor\u0117jote su\u017einoti ir apie k\u0105 nenor\u0117jote \u2014 gyvenim\u0105 ligonin\u0117s palatose ir u\u017e t\u0173 palat\u0173 sien\u0173. Beje&#8230; taip, gali likti randas.<\/p>\n","protected":false},"featured_media":22795,"comment_status":"open","ping_status":"closed","template":"","meta":{"_acf_changed":false,"site-sidebar-layout":"default","site-content-layout":"","ast-site-content-layout":"default","site-content-style":"default","site-sidebar-style":"default","ast-global-header-display":"","ast-banner-title-visibility":"","ast-main-header-display":"","ast-hfb-above-header-display":"","ast-hfb-below-header-display":"","ast-hfb-mobile-header-display":"","site-post-title":"","ast-breadcrumbs-content":"","ast-featured-img":"","footer-sml-layout":"","ast-disable-related-posts":"","theme-transparent-header-meta":"","adv-header-id-meta":"","stick-header-meta":"","header-above-stick-meta":"","header-main-stick-meta":"","header-below-stick-meta":"","astra-migrate-meta-layouts":"default","ast-page-background-enabled":"default","ast-page-background-meta":{"desktop":{"background-color":"","background-image":"","background-repeat":"repeat","background-position":"center center","background-size":"auto","background-attachment":"scroll","background-type":"","background-media":"","overlay-type":"","overlay-color":"","overlay-opacity":"","overlay-gradient":""},"tablet":{"background-color":"","background-image":"","background-repeat":"repeat","background-position":"center center","background-size":"auto","background-attachment":"scroll","background-type":"","background-media":"","overlay-type":"","overlay-color":"","overlay-opacity":"","overlay-gradient":""},"mobile":{"background-color":"","background-image":"","background-repeat":"repeat","background-position":"center center","background-size":"auto","background-attachment":"scroll","background-type":"","background-media":"","overlay-type":"","overlay-color":"","overlay-opacity":"","overlay-gradient":""}},"ast-content-background-meta":{"desktop":{"background-color":"var(--ast-global-color-4)","background-image":"","background-repeat":"repeat","background-position":"center center","background-size":"auto","background-attachment":"scroll","background-type":"","background-media":"","overlay-type":"","overlay-color":"","overlay-opacity":"","overlay-gradient":""},"tablet":{"background-color":"var(--ast-global-color-4)","background-image":"","background-repeat":"repeat","background-position":"center center","background-size":"auto","background-attachment":"scroll","background-type":"","background-media":"","overlay-type":"","overlay-color":"","overlay-opacity":"","overlay-gradient":""},"mobile":{"background-color":"var(--ast-global-color-4)","background-image":"","background-repeat":"repeat","background-position":"center center","background-size":"auto","background-attachment":"scroll","background-type":"","background-media":"","overlay-type":"","overlay-color":"","overlay-opacity":"","overlay-gradient":""}}},"product_brand":[],"product_cat":[31],"product_tag":[9318],"class_list":{"0":"post-22790","1":"product","2":"type-product","3":"status-publish","4":"has-post-thumbnail","6":"product_cat-grozine-literatura","7":"product_tag-ltadam-kay","8":"desktop-align-left","9":"tablet-align-left","10":"mobile-align-left","12":"first","13":"instock","14":"shipping-taxable","15":"purchasable","16":"product-type-simple"},"acf":[],"yoast_head":"<!-- This site is optimized with the Yoast SEO plugin v27.0 - https:\/\/yoast.com\/product\/yoast-seo-wordpress\/ -->\n<title>Dabar tau skaud\u0117s: slapti jaunesniojo gydytojo dienora\u0161\u010diai<\/title>\n<meta name=\"description\" content=\"Sveiki atvyk\u0119 \u012f 97 valand\u0173 darbo savait\u0119. Sveiki atvyk\u0119 ten, kur priimami gyvenimo arba mirties nuosprend\u017eiai. Sveiki atvyk\u0119, kur siau\u010dia k\u016bno skys\u010di\u0173\" \/>\n<meta name=\"robots\" content=\"index, follow, max-snippet:-1, max-image-preview:large, max-video-preview:-1\" \/>\n<link rel=\"canonical\" href=\"https:\/\/skaitytaknyga.lt\/en\/produktas\/dabar-tau-skaudes-slapti-jaunesniojo-gydytojo-dienorasciai\/\" \/>\n<meta property=\"og:locale\" content=\"en_GB\" \/>\n<meta property=\"og:locale:alternate\" content=\"lt_LT\" \/>\n<meta property=\"og:type\" content=\"article\" \/>\n<meta property=\"og:title\" content=\"Dabar tau skaud\u0117s: slapti jaunesniojo gydytojo dienora\u0161\u010diai\" \/>\n<meta property=\"og:description\" content=\"Sveiki atvyk\u0119 \u012f 97 valand\u0173 darbo savait\u0119. Sveiki atvyk\u0119 ten, kur priimami gyvenimo arba mirties nuosprend\u017eiai. Sveiki atvyk\u0119, kur siau\u010dia k\u016bno skys\u010di\u0173\" \/>\n<meta property=\"og:url\" content=\"https:\/\/skaitytaknyga.lt\/en\/produktas\/dabar-tau-skaudes-slapti-jaunesniojo-gydytojo-dienorasciai\/\" \/>\n<meta property=\"og:site_name\" content=\"Skaitytaknyga\" \/>\n<meta property=\"article:publisher\" content=\"https:\/\/www.facebook.com\/skaitytaknyga\/\" \/>\n<meta property=\"article:modified_time\" content=\"2026-01-30T10:14:17+00:00\" \/>\n<meta property=\"og:image\" content=\"https:\/\/skaitytaknyga.lt\/wp-content\/uploads\/2026\/01\/abar-tau-skaudes-slapti-jaunesniojo-gydytojo-dienorasciai-1.webp\" \/>\n\t<meta property=\"og:image:width\" content=\"300\" \/>\n\t<meta property=\"og:image:height\" content=\"453\" \/>\n\t<meta property=\"og:image:type\" content=\"image\/webp\" \/>\n<meta name=\"twitter:card\" content=\"summary_large_image\" \/>\n<script type=\"application\/ld+json\" class=\"yoast-schema-graph\">{\"@context\":\"https:\/\/schema.org\",\"@graph\":[{\"@type\":\"WebPage\",\"@id\":\"https:\/\/skaitytaknyga.lt\/produktas\/dabar-tau-skaudes-slapti-jaunesniojo-gydytojo-dienorasciai\/\",\"url\":\"https:\/\/skaitytaknyga.lt\/produktas\/dabar-tau-skaudes-slapti-jaunesniojo-gydytojo-dienorasciai\/\",\"name\":\"Dabar tau skaud\u0117s: slapti jaunesniojo gydytojo dienora\u0161\u010diai\",\"isPartOf\":{\"@id\":\"https:\/\/skaitytaknyga.lt\/#website\"},\"primaryImageOfPage\":{\"@id\":\"https:\/\/skaitytaknyga.lt\/produktas\/dabar-tau-skaudes-slapti-jaunesniojo-gydytojo-dienorasciai\/#primaryimage\"},\"image\":{\"@id\":\"https:\/\/skaitytaknyga.lt\/produktas\/dabar-tau-skaudes-slapti-jaunesniojo-gydytojo-dienorasciai\/#primaryimage\"},\"thumbnailUrl\":\"https:\/\/skaitytaknyga.lt\/wp-content\/uploads\/2026\/01\/abar-tau-skaudes-slapti-jaunesniojo-gydytojo-dienorasciai-1.webp\",\"datePublished\":\"2026-01-29T11:02:31+00:00\",\"dateModified\":\"2026-01-30T10:14:17+00:00\",\"description\":\"Sveiki atvyk\u0119 \u012f 97 valand\u0173 darbo savait\u0119. Sveiki atvyk\u0119 ten, kur priimami gyvenimo arba mirties nuosprend\u017eiai. Sveiki atvyk\u0119, kur siau\u010dia k\u016bno skys\u010di\u0173\",\"breadcrumb\":{\"@id\":\"https:\/\/skaitytaknyga.lt\/produktas\/dabar-tau-skaudes-slapti-jaunesniojo-gydytojo-dienorasciai\/#breadcrumb\"},\"inLanguage\":\"en-GB\",\"potentialAction\":[{\"@type\":\"ReadAction\",\"target\":[\"https:\/\/skaitytaknyga.lt\/produktas\/dabar-tau-skaudes-slapti-jaunesniojo-gydytojo-dienorasciai\/\"]}]},{\"@type\":\"ImageObject\",\"inLanguage\":\"en-GB\",\"@id\":\"https:\/\/skaitytaknyga.lt\/produktas\/dabar-tau-skaudes-slapti-jaunesniojo-gydytojo-dienorasciai\/#primaryimage\",\"url\":\"https:\/\/skaitytaknyga.lt\/wp-content\/uploads\/2026\/01\/abar-tau-skaudes-slapti-jaunesniojo-gydytojo-dienorasciai-1.webp\",\"contentUrl\":\"https:\/\/skaitytaknyga.lt\/wp-content\/uploads\/2026\/01\/abar-tau-skaudes-slapti-jaunesniojo-gydytojo-dienorasciai-1.webp\",\"width\":300,\"height\":453,\"caption\":\"Dabar tau skaud\u0117s: slapti jaunesniojo gydytojo dienora\u0161\u010diai\"},{\"@type\":\"BreadcrumbList\",\"@id\":\"https:\/\/skaitytaknyga.lt\/produktas\/dabar-tau-skaudes-slapti-jaunesniojo-gydytojo-dienorasciai\/#breadcrumb\",\"itemListElement\":[{\"@type\":\"ListItem\",\"position\":1,\"name\":\"Home\",\"item\":\"https:\/\/skaitytaknyga.lt\/\"},{\"@type\":\"ListItem\",\"position\":2,\"name\":\"Parduotuv\u0117\",\"item\":\"https:\/\/skaitytaknyga.lt\/knygu-parduotuve\/\"},{\"@type\":\"ListItem\",\"position\":3,\"name\":\"Dabar tau skaud\u0117s: slapti jaunesniojo gydytojo dienora\u0161\u010diai\"}]},{\"@type\":\"WebSite\",\"@id\":\"https:\/\/skaitytaknyga.lt\/#website\",\"url\":\"https:\/\/skaitytaknyga.lt\/\",\"name\":\"skaitytaknyga.lt\",\"description\":\"Skaitytaknyga.lt \u2013 tai ma\u017eas \u0161eimos verslas, kuris prasid\u0117jo nuo meil\u0117s knygoms ir siekio i\u0161gelb\u0117ti knygas nuo likimo prie konteinerio. Kas vienam nereikalingas daiktas \u2013 kitam lobis, o mes esame tarpininkai, kurie padeda abiems tapti laimingesniems ???? \u017dinome kaip nelengva i\u0161gyventi ma\u017eiems verslams, tad nuo \u0161iol, \u010dia rasite ir kit\u0173, ma\u017e\u0173 \u0161eim\u0173 versl\u0173, rank\u0173 darbo, dovan\u0173 sau ir artimiesiems.\",\"publisher\":{\"@id\":\"https:\/\/skaitytaknyga.lt\/#organization\"},\"potentialAction\":[{\"@type\":\"SearchAction\",\"target\":{\"@type\":\"EntryPoint\",\"urlTemplate\":\"https:\/\/skaitytaknyga.lt\/?s={search_term_string}\"},\"query-input\":{\"@type\":\"PropertyValueSpecification\",\"valueRequired\":true,\"valueName\":\"search_term_string\"}}],\"inLanguage\":\"en-GB\"},{\"@type\":\"Organization\",\"@id\":\"https:\/\/skaitytaknyga.lt\/#organization\",\"name\":\"skaitytaknyga.lt\",\"url\":\"https:\/\/skaitytaknyga.lt\/\",\"logo\":{\"@type\":\"ImageObject\",\"inLanguage\":\"en-GB\",\"@id\":\"https:\/\/skaitytaknyga.lt\/#\/schema\/logo\/image\/\",\"url\":\"https:\/\/skaitytaknyga.lt\/wp-content\/uploads\/2024\/05\/cropped-cropped-cropped-02_00843_jt3bggkj1j3HLc7SyY6rEUpg.jpeg\",\"contentUrl\":\"https:\/\/skaitytaknyga.lt\/wp-content\/uploads\/2024\/05\/cropped-cropped-cropped-02_00843_jt3bggkj1j3HLc7SyY6rEUpg.jpeg\",\"width\":1600,\"height\":1600,\"caption\":\"skaitytaknyga.lt\"},\"image\":{\"@id\":\"https:\/\/skaitytaknyga.lt\/#\/schema\/logo\/image\/\"},\"sameAs\":[\"https:\/\/www.facebook.com\/skaitytaknyga\/\"]}]}<\/script>\n<!-- \/ Yoast SEO plugin. -->","yoast_head_json":{"title":"Dabar tau skaud\u0117s: slapti jaunesniojo gydytojo dienora\u0161\u010diai","description":"Sveiki atvyk\u0119 \u012f 97 valand\u0173 darbo savait\u0119. Sveiki atvyk\u0119 ten, kur priimami gyvenimo arba mirties nuosprend\u017eiai. Sveiki atvyk\u0119, kur siau\u010dia k\u016bno skys\u010di\u0173","robots":{"index":"index","follow":"follow","max-snippet":"max-snippet:-1","max-image-preview":"max-image-preview:large","max-video-preview":"max-video-preview:-1"},"canonical":"https:\/\/skaitytaknyga.lt\/en\/produktas\/dabar-tau-skaudes-slapti-jaunesniojo-gydytojo-dienorasciai\/","og_locale":"en_GB","og_type":"article","og_title":"[:lt]Dabar tau skaud\u0117s: slapti jaunesniojo gydytojo dienora\u0161\u010diai[:] - Skaitytaknyga","og_description":"Sveiki atvyk\u0119 \u012f 97 valand\u0173 darbo savait\u0119. Sveiki atvyk\u0119 ten, kur priimami gyvenimo arba mirties nuosprend\u017eiai. Sveiki atvyk\u0119, kur siau\u010dia k\u016bno skys\u010di\u0173","og_url":"https:\/\/skaitytaknyga.lt\/en\/produktas\/dabar-tau-skaudes-slapti-jaunesniojo-gydytojo-dienorasciai\/","og_site_name":"Skaitytaknyga","article_publisher":"https:\/\/www.facebook.com\/skaitytaknyga\/","article_modified_time":"2026-01-30T10:14:17+00:00","og_image":[{"width":300,"height":453,"url":"https:\/\/skaitytaknyga.lt\/wp-content\/uploads\/2026\/01\/abar-tau-skaudes-slapti-jaunesniojo-gydytojo-dienorasciai-1.webp","type":"image\/webp"}],"twitter_card":"summary_large_image","schema":{"@context":"https:\/\/schema.org","@graph":[{"@type":"WebPage","@id":"https:\/\/skaitytaknyga.lt\/produktas\/dabar-tau-skaudes-slapti-jaunesniojo-gydytojo-dienorasciai\/","url":"https:\/\/skaitytaknyga.lt\/produktas\/dabar-tau-skaudes-slapti-jaunesniojo-gydytojo-dienorasciai\/","name":"Dabar tau skaud\u0117s: slapti jaunesniojo gydytojo dienora\u0161\u010diai","isPartOf":{"@id":"https:\/\/skaitytaknyga.lt\/#website"},"primaryImageOfPage":{"@id":"https:\/\/skaitytaknyga.lt\/produktas\/dabar-tau-skaudes-slapti-jaunesniojo-gydytojo-dienorasciai\/#primaryimage"},"image":{"@id":"https:\/\/skaitytaknyga.lt\/produktas\/dabar-tau-skaudes-slapti-jaunesniojo-gydytojo-dienorasciai\/#primaryimage"},"thumbnailUrl":"https:\/\/skaitytaknyga.lt\/wp-content\/uploads\/2026\/01\/abar-tau-skaudes-slapti-jaunesniojo-gydytojo-dienorasciai-1.webp","datePublished":"2026-01-29T11:02:31+00:00","dateModified":"2026-01-30T10:14:17+00:00","description":"Sveiki atvyk\u0119 \u012f 97 valand\u0173 darbo savait\u0119. Sveiki atvyk\u0119 ten, kur priimami gyvenimo arba mirties nuosprend\u017eiai. Sveiki atvyk\u0119, kur siau\u010dia k\u016bno skys\u010di\u0173","breadcrumb":{"@id":"https:\/\/skaitytaknyga.lt\/produktas\/dabar-tau-skaudes-slapti-jaunesniojo-gydytojo-dienorasciai\/#breadcrumb"},"inLanguage":"en-GB","potentialAction":[{"@type":"ReadAction","target":["https:\/\/skaitytaknyga.lt\/produktas\/dabar-tau-skaudes-slapti-jaunesniojo-gydytojo-dienorasciai\/"]}]},{"@type":"ImageObject","inLanguage":"en-GB","@id":"https:\/\/skaitytaknyga.lt\/produktas\/dabar-tau-skaudes-slapti-jaunesniojo-gydytojo-dienorasciai\/#primaryimage","url":"https:\/\/skaitytaknyga.lt\/wp-content\/uploads\/2026\/01\/abar-tau-skaudes-slapti-jaunesniojo-gydytojo-dienorasciai-1.webp","contentUrl":"https:\/\/skaitytaknyga.lt\/wp-content\/uploads\/2026\/01\/abar-tau-skaudes-slapti-jaunesniojo-gydytojo-dienorasciai-1.webp","width":300,"height":453,"caption":"Dabar tau skaud\u0117s: slapti jaunesniojo gydytojo dienora\u0161\u010diai"},{"@type":"BreadcrumbList","@id":"https:\/\/skaitytaknyga.lt\/produktas\/dabar-tau-skaudes-slapti-jaunesniojo-gydytojo-dienorasciai\/#breadcrumb","itemListElement":[{"@type":"ListItem","position":1,"name":"Home","item":"https:\/\/skaitytaknyga.lt\/"},{"@type":"ListItem","position":2,"name":"Parduotuv\u0117","item":"https:\/\/skaitytaknyga.lt\/knygu-parduotuve\/"},{"@type":"ListItem","position":3,"name":"Dabar tau skaud\u0117s: slapti jaunesniojo gydytojo dienora\u0161\u010diai"}]},{"@type":"WebSite","@id":"https:\/\/skaitytaknyga.lt\/#website","url":"https:\/\/skaitytaknyga.lt\/","name":"skaitytaknyga.lt","description":"Skaitytaknyga.lt \u2013 tai ma\u017eas \u0161eimos verslas, kuris prasid\u0117jo nuo meil\u0117s knygoms ir siekio i\u0161gelb\u0117ti knygas nuo likimo prie konteinerio. Kas vienam nereikalingas daiktas \u2013 kitam lobis, o mes esame tarpininkai, kurie padeda abiems tapti laimingesniems ???? \u017dinome kaip nelengva i\u0161gyventi ma\u017eiems verslams, tad nuo \u0161iol, \u010dia rasite ir kit\u0173, ma\u017e\u0173 \u0161eim\u0173 versl\u0173, rank\u0173 darbo, dovan\u0173 sau ir artimiesiems.","publisher":{"@id":"https:\/\/skaitytaknyga.lt\/#organization"},"potentialAction":[{"@type":"SearchAction","target":{"@type":"EntryPoint","urlTemplate":"https:\/\/skaitytaknyga.lt\/?s={search_term_string}"},"query-input":{"@type":"PropertyValueSpecification","valueRequired":true,"valueName":"search_term_string"}}],"inLanguage":"en-GB"},{"@type":"Organization","@id":"https:\/\/skaitytaknyga.lt\/#organization","name":"skaitytaknyga.lt","url":"https:\/\/skaitytaknyga.lt\/","logo":{"@type":"ImageObject","inLanguage":"en-GB","@id":"https:\/\/skaitytaknyga.lt\/#\/schema\/logo\/image\/","url":"https:\/\/skaitytaknyga.lt\/wp-content\/uploads\/2024\/05\/cropped-cropped-cropped-02_00843_jt3bggkj1j3HLc7SyY6rEUpg.jpeg","contentUrl":"https:\/\/skaitytaknyga.lt\/wp-content\/uploads\/2024\/05\/cropped-cropped-cropped-02_00843_jt3bggkj1j3HLc7SyY6rEUpg.jpeg","width":1600,"height":1600,"caption":"skaitytaknyga.lt"},"image":{"@id":"https:\/\/skaitytaknyga.lt\/#\/schema\/logo\/image\/"},"sameAs":["https:\/\/www.facebook.com\/skaitytaknyga\/"]}]}},"_links":{"self":[{"href":"https:\/\/skaitytaknyga.lt\/en\/wp-json\/wp\/v2\/product\/22790","targetHints":{"allow":["GET"]}}],"collection":[{"href":"https:\/\/skaitytaknyga.lt\/en\/wp-json\/wp\/v2\/product"}],"about":[{"href":"https:\/\/skaitytaknyga.lt\/en\/wp-json\/wp\/v2\/types\/product"}],"replies":[{"embeddable":true,"href":"https:\/\/skaitytaknyga.lt\/en\/wp-json\/wp\/v2\/comments?post=22790"}],"wp:featuredmedia":[{"embeddable":true,"href":"https:\/\/skaitytaknyga.lt\/en\/wp-json\/wp\/v2\/media\/22795"}],"wp:attachment":[{"href":"https:\/\/skaitytaknyga.lt\/en\/wp-json\/wp\/v2\/media?parent=22790"}],"wp:term":[{"taxonomy":"product_brand","embeddable":true,"href":"https:\/\/skaitytaknyga.lt\/en\/wp-json\/wp\/v2\/product_brand?post=22790"},{"taxonomy":"product_cat","embeddable":true,"href":"https:\/\/skaitytaknyga.lt\/en\/wp-json\/wp\/v2\/product_cat?post=22790"},{"taxonomy":"product_tag","embeddable":true,"href":"https:\/\/skaitytaknyga.lt\/en\/wp-json\/wp\/v2\/product_tag?post=22790"}],"curies":[{"name":"wp","href":"https:\/\/api.w.org\/{rel}","templated":true}]}}