{"id":22784,"date":"2026-01-28T18:18:20","date_gmt":"2026-01-28T16:18:20","guid":{"rendered":"https:\/\/skaitytaknyga.lt\/?post_type=product&#038;p=22784"},"modified":"2026-02-02T12:29:46","modified_gmt":"2026-02-02T10:29:46","slug":"mylimi-kaulai-yra-skaitymo-zymiu","status":"publish","type":"product","link":"https:\/\/skaitytaknyga.lt\/en\/produktas\/mylimi-kaulai-yra-skaitymo-zymiu\/","title":{"rendered":"Mylimi kaulai (yra skaitymo \u017eymi\u0173)"},"content":{"rendered":"<p>Mums \u012f \u0161onus \u012fsir\u0117\u017eusios skalbini\u0173 virvel\u0117s, t\u0117vas nugara atsir\u0117m\u0119s \u012f karsto dangt\u012f, pagalvoju, kad visai juokinga dabar taip matyt j\u012f r\u016bkant\u012f prie savo grabo, d\u017eiaudama skalbinius to nebepastebiu, bet \u0161iandien matau ir pagalvoju.<\/p>\n<p>Kotrynos Zyl\u0117s romanas \u201eMylimi kaulai\u201c \u2013 moters, savo nam\u0173 sekcijoje saugan\u010dios trij\u0173 vyr\u0173 kaulus, gyvenimo istorija. Atmosferi\u0161kame, magin\u0117s realyb\u0117s prisodrintame k\u016brinyje susipina miegam\u0173j\u0173 rajon\u0173 kasdienyb\u0117 ir kaimo folkloras. Romano laikas nenusakomas, tariamas. Gyvyb\u0117 \u010dia pasitinkama ir palydima daugiabu\u010dio namo pirtyje, piemenys \u012f ganyklas keliauja troleibusais, gyvuliai laikomi butuose, laiptin\u0117se prie pa\u0161to d\u0117\u017eu\u010di\u0173 kepama duona, atliekamos apeigos, vyksta stebuklai. Pasakojimo b\u016bdas primena ritualin\u0119 drobul\u0119, \u012f kuri\u0105 susukami svarbiausi \u012fvykiai, jausmai, atsiminimai, tamsaus humoro ir rupios kalbos blyksniai, gvildenamos santyki\u0173, i\u0161tikimyb\u0117s, prietar\u0173, \u017emogi\u0161kumo temos.<\/p>\n<p>Kotryna Zyl\u0117 \u2013 ra\u0161ytoja, iliustruotoja, dizainer\u0117, u\u017e savo knygas pelniusi ne vien\u0105 apdovanojim\u0105. I\u0161skirtinis autor\u0117s k\u016brybos bruo\u017eas \u2013 lietuvi\u0173 tautosakos ir mitologijos \u012fkurdinimas \u0161i\u0173 dien\u0173 gyvenime. \u201eMylimi kaulai\u201c \u2013 pirmasis suaugusiesiems skirtas autor\u0117s romanas.<\/p>\n<p>Bernardas Burba \u2013 dailininkas, darbus pie\u0161iantis tu\u0161u ir plunksna, spaud\u017eiantis \u0161ilkografijos technika. Bernardo \u012fkv\u0117pimo \u0161altinis \u2013 miestas, jo pastatai ir detal\u0117s. Da\u017enas k\u016brybos motyvas \u2013 troleibusai, vaikyst\u0117s fragmentai ir kasdienyb\u0117s smulkmenos.<\/p>\n","protected":false},"excerpt":{"rendered":"<p>Mums \u012f \u0161onus \u012fsir\u0117\u017eusios skalbini\u0173 virvel\u0117s, t\u0117vas nugara atsir\u0117m\u0119s \u012f karsto dangt\u012f, pagalvoju, kad visai juokinga dabar taip matyt j\u012f r\u016bkant\u012f prie savo grabo, d\u017eiaudama skalbinius to nebepastebiu, bet \u0161iandien matau ir pagalvoju. Kotrynos Zyl\u0117s romanas \u201eMylimi kaulai\u201c \u2013 moters, savo nam\u0173 sekcijoje saugan\u010dios trij\u0173 vyr\u0173 kaulus, gyvenimo istorija. Atmosferi\u0161kame, magin\u0117s realyb\u0117s prisodrintame k\u016brinyje susipina miegam\u0173j\u0173 rajon\u0173 kasdienyb\u0117 ir kaimo folkloras. Romano laikas nenusakomas, tariamas. Gyvyb\u0117 \u010dia pasitinkama ir palydima daugiabu\u010dio namo pirtyje, piemenys \u012f ganyklas keliauja troleibusais, gyvuliai laikomi butuose, laiptin\u0117se prie pa\u0161to d\u0117\u017eu\u010di\u0173 kepama duona, atliekamos apeigos, vyksta stebuklai. Pasakojimo b\u016bdas primena ritualin\u0119 drobul\u0119, \u012f kuri\u0105 susukami svarbiausi \u012fvykiai, jausmai, atsiminimai, tamsaus humoro ir rupios kalbos blyksniai, gvildenamos santyki\u0173, i\u0161tikimyb\u0117s, prietar\u0173, \u017emogi\u0161kumo temos. Kotryna Zyl\u0117 \u2013 ra\u0161ytoja, iliustruotoja, dizainer\u0117, u\u017e savo knygas pelniusi ne vien\u0105 apdovanojim\u0105. I\u0161skirtinis autor\u0117s k\u016brybos bruo\u017eas \u2013 lietuvi\u0173 tautosakos ir mitologijos \u012fkurdinimas \u0161i\u0173 dien\u0173 gyvenime. \u201eMylimi kaulai\u201c \u2013 pirmasis suaugusiesiems skirtas autor\u0117s romanas. Bernardas Burba \u2013 dailininkas, darbus pie\u0161iantis tu\u0161u ir plunksna, spaud\u017eiantis \u0161ilkografijos technika. Bernardo \u012fkv\u0117pimo \u0161altinis \u2013 miestas, jo pastatai ir detal\u0117s. Da\u017enas k\u016brybos motyvas \u2013 troleibusai, vaikyst\u0117s fragmentai ir kasdienyb\u0117s smulkmenos.<\/p>\n","protected":false},"featured_media":22789,"comment_status":"open","ping_status":"closed","template":"","meta":{"_acf_changed":false,"site-sidebar-layout":"default","site-content-layout":"","ast-site-content-layout":"default","site-content-style":"default","site-sidebar-style":"default","ast-global-header-display":"","ast-banner-title-visibility":"","ast-main-header-display":"","ast-hfb-above-header-display":"","ast-hfb-below-header-display":"","ast-hfb-mobile-header-display":"","site-post-title":"","ast-breadcrumbs-content":"","ast-featured-img":"","footer-sml-layout":"","ast-disable-related-posts":"","theme-transparent-header-meta":"","adv-header-id-meta":"","stick-header-meta":"","header-above-stick-meta":"","header-main-stick-meta":"","header-below-stick-meta":"","astra-migrate-meta-layouts":"default","ast-page-background-enabled":"default","ast-page-background-meta":{"desktop":{"background-color":"","background-image":"","background-repeat":"repeat","background-position":"center center","background-size":"auto","background-attachment":"scroll","background-type":"","background-media":"","overlay-type":"","overlay-color":"","overlay-opacity":"","overlay-gradient":""},"tablet":{"background-color":"","background-image":"","background-repeat":"repeat","background-position":"center center","background-size":"auto","background-attachment":"scroll","background-type":"","background-media":"","overlay-type":"","overlay-color":"","overlay-opacity":"","overlay-gradient":""},"mobile":{"background-color":"","background-image":"","background-repeat":"repeat","background-position":"center center","background-size":"auto","background-attachment":"scroll","background-type":"","background-media":"","overlay-type":"","overlay-color":"","overlay-opacity":"","overlay-gradient":""}},"ast-content-background-meta":{"desktop":{"background-color":"var(--ast-global-color-4)","background-image":"","background-repeat":"repeat","background-position":"center center","background-size":"auto","background-attachment":"scroll","background-type":"","background-media":"","overlay-type":"","overlay-color":"","overlay-opacity":"","overlay-gradient":""},"tablet":{"background-color":"var(--ast-global-color-4)","background-image":"","background-repeat":"repeat","background-position":"center center","background-size":"auto","background-attachment":"scroll","background-type":"","background-media":"","overlay-type":"","overlay-color":"","overlay-opacity":"","overlay-gradient":""},"mobile":{"background-color":"var(--ast-global-color-4)","background-image":"","background-repeat":"repeat","background-position":"center center","background-size":"auto","background-attachment":"scroll","background-type":"","background-media":"","overlay-type":"","overlay-color":"","overlay-opacity":"","overlay-gradient":""}}},"product_brand":[],"product_cat":[31],"product_tag":[9317],"class_list":{"0":"post-22784","1":"product","2":"type-product","3":"status-publish","4":"has-post-thumbnail","6":"product_cat-grozine-literatura","7":"product_tag-ltkotryna-zyle","8":"desktop-align-left","9":"tablet-align-left","10":"mobile-align-left","12":"first","13":"outofstock","14":"shipping-taxable","15":"purchasable","16":"product-type-simple"},"acf":[],"yoast_head":"<!-- This site is optimized with the Yoast SEO plugin v27.0 - https:\/\/yoast.com\/product\/yoast-seo-wordpress\/ -->\n<title>Mylimi kaulai (yra skaitymo \u017eymi\u0173)<\/title>\n<meta name=\"description\" content=\"Mums \u012f \u0161onus \u012fsir\u0117\u017eusios skalbini\u0173 virvel\u0117s, t\u0117vas nugara atsir\u0117m\u0119s \u012f karsto dangt\u012f, pagalvoju, kad visai juokinga dabar taip matyt j\u012f r\u016bkant\u012f prie savo\" \/>\n<meta name=\"robots\" content=\"index, follow, max-snippet:-1, max-image-preview:large, max-video-preview:-1\" \/>\n<link rel=\"canonical\" href=\"https:\/\/skaitytaknyga.lt\/en\/produktas\/mylimi-kaulai-yra-skaitymo-zymiu\/\" \/>\n<meta property=\"og:locale\" content=\"en_GB\" \/>\n<meta property=\"og:locale:alternate\" content=\"lt_LT\" \/>\n<meta property=\"og:type\" content=\"article\" \/>\n<meta property=\"og:title\" content=\"Mylimi kaulai (yra skaitymo \u017eymi\u0173)\" \/>\n<meta property=\"og:description\" content=\"Mums \u012f \u0161onus \u012fsir\u0117\u017eusios skalbini\u0173 virvel\u0117s, t\u0117vas nugara atsir\u0117m\u0119s \u012f karsto dangt\u012f, pagalvoju, kad visai juokinga dabar taip matyt j\u012f r\u016bkant\u012f prie savo\" \/>\n<meta property=\"og:url\" content=\"https:\/\/skaitytaknyga.lt\/en\/produktas\/mylimi-kaulai-yra-skaitymo-zymiu\/\" \/>\n<meta property=\"og:site_name\" content=\"Skaitytaknyga\" \/>\n<meta property=\"article:publisher\" content=\"https:\/\/www.facebook.com\/skaitytaknyga\/\" \/>\n<meta property=\"article:modified_time\" content=\"2026-02-02T10:29:46+00:00\" \/>\n<meta property=\"og:image\" content=\"https:\/\/skaitytaknyga.lt\/wp-content\/uploads\/2026\/01\/Mylimi-kaulai-1.webp\" \/>\n\t<meta property=\"og:image:width\" content=\"300\" \/>\n\t<meta property=\"og:image:height\" content=\"448\" \/>\n\t<meta property=\"og:image:type\" content=\"image\/webp\" \/>\n<meta name=\"twitter:card\" content=\"summary_large_image\" \/>\n<meta name=\"twitter:label1\" content=\"Estimated reading time\" \/>\n\t<meta name=\"twitter:data1\" content=\"1 minute\" \/>\n<script type=\"application\/ld+json\" class=\"yoast-schema-graph\">{\"@context\":\"https:\/\/schema.org\",\"@graph\":[{\"@type\":\"WebPage\",\"@id\":\"https:\/\/skaitytaknyga.lt\/produktas\/mylimi-kaulai-yra-skaitymo-zymiu\/\",\"url\":\"https:\/\/skaitytaknyga.lt\/produktas\/mylimi-kaulai-yra-skaitymo-zymiu\/\",\"name\":\"Mylimi kaulai (yra skaitymo \u017eymi\u0173)\",\"isPartOf\":{\"@id\":\"https:\/\/skaitytaknyga.lt\/#website\"},\"primaryImageOfPage\":{\"@id\":\"https:\/\/skaitytaknyga.lt\/produktas\/mylimi-kaulai-yra-skaitymo-zymiu\/#primaryimage\"},\"image\":{\"@id\":\"https:\/\/skaitytaknyga.lt\/produktas\/mylimi-kaulai-yra-skaitymo-zymiu\/#primaryimage\"},\"thumbnailUrl\":\"https:\/\/skaitytaknyga.lt\/wp-content\/uploads\/2026\/01\/Mylimi-kaulai-1.webp\",\"datePublished\":\"2026-01-28T16:18:20+00:00\",\"dateModified\":\"2026-02-02T10:29:46+00:00\",\"description\":\"Mums \u012f \u0161onus \u012fsir\u0117\u017eusios skalbini\u0173 virvel\u0117s, t\u0117vas nugara atsir\u0117m\u0119s \u012f karsto dangt\u012f, pagalvoju, kad visai juokinga dabar taip matyt j\u012f r\u016bkant\u012f prie savo\",\"breadcrumb\":{\"@id\":\"https:\/\/skaitytaknyga.lt\/produktas\/mylimi-kaulai-yra-skaitymo-zymiu\/#breadcrumb\"},\"inLanguage\":\"en-GB\",\"potentialAction\":[{\"@type\":\"ReadAction\",\"target\":[\"https:\/\/skaitytaknyga.lt\/produktas\/mylimi-kaulai-yra-skaitymo-zymiu\/\"]}]},{\"@type\":\"ImageObject\",\"inLanguage\":\"en-GB\",\"@id\":\"https:\/\/skaitytaknyga.lt\/produktas\/mylimi-kaulai-yra-skaitymo-zymiu\/#primaryimage\",\"url\":\"https:\/\/skaitytaknyga.lt\/wp-content\/uploads\/2026\/01\/Mylimi-kaulai-1.webp\",\"contentUrl\":\"https:\/\/skaitytaknyga.lt\/wp-content\/uploads\/2026\/01\/Mylimi-kaulai-1.webp\",\"width\":300,\"height\":448},{\"@type\":\"BreadcrumbList\",\"@id\":\"https:\/\/skaitytaknyga.lt\/produktas\/mylimi-kaulai-yra-skaitymo-zymiu\/#breadcrumb\",\"itemListElement\":[{\"@type\":\"ListItem\",\"position\":1,\"name\":\"Home\",\"item\":\"https:\/\/skaitytaknyga.lt\/\"},{\"@type\":\"ListItem\",\"position\":2,\"name\":\"Parduotuv\u0117\",\"item\":\"https:\/\/skaitytaknyga.lt\/knygu-parduotuve\/\"},{\"@type\":\"ListItem\",\"position\":3,\"name\":\"Mylimi kaulai (yra skaitymo \u017eymi\u0173)\"}]},{\"@type\":\"WebSite\",\"@id\":\"https:\/\/skaitytaknyga.lt\/#website\",\"url\":\"https:\/\/skaitytaknyga.lt\/\",\"name\":\"skaitytaknyga.lt\",\"description\":\"Skaitytaknyga.lt \u2013 tai ma\u017eas \u0161eimos verslas, kuris prasid\u0117jo nuo meil\u0117s knygoms ir siekio i\u0161gelb\u0117ti knygas nuo likimo prie konteinerio. Kas vienam nereikalingas daiktas \u2013 kitam lobis, o mes esame tarpininkai, kurie padeda abiems tapti laimingesniems ???? \u017dinome kaip nelengva i\u0161gyventi ma\u017eiems verslams, tad nuo \u0161iol, \u010dia rasite ir kit\u0173, ma\u017e\u0173 \u0161eim\u0173 versl\u0173, rank\u0173 darbo, dovan\u0173 sau ir artimiesiems.\",\"publisher\":{\"@id\":\"https:\/\/skaitytaknyga.lt\/#organization\"},\"potentialAction\":[{\"@type\":\"SearchAction\",\"target\":{\"@type\":\"EntryPoint\",\"urlTemplate\":\"https:\/\/skaitytaknyga.lt\/?s={search_term_string}\"},\"query-input\":{\"@type\":\"PropertyValueSpecification\",\"valueRequired\":true,\"valueName\":\"search_term_string\"}}],\"inLanguage\":\"en-GB\"},{\"@type\":\"Organization\",\"@id\":\"https:\/\/skaitytaknyga.lt\/#organization\",\"name\":\"skaitytaknyga.lt\",\"url\":\"https:\/\/skaitytaknyga.lt\/\",\"logo\":{\"@type\":\"ImageObject\",\"inLanguage\":\"en-GB\",\"@id\":\"https:\/\/skaitytaknyga.lt\/#\/schema\/logo\/image\/\",\"url\":\"https:\/\/skaitytaknyga.lt\/wp-content\/uploads\/2024\/05\/cropped-cropped-cropped-02_00843_jt3bggkj1j3HLc7SyY6rEUpg.jpeg\",\"contentUrl\":\"https:\/\/skaitytaknyga.lt\/wp-content\/uploads\/2024\/05\/cropped-cropped-cropped-02_00843_jt3bggkj1j3HLc7SyY6rEUpg.jpeg\",\"width\":1600,\"height\":1600,\"caption\":\"skaitytaknyga.lt\"},\"image\":{\"@id\":\"https:\/\/skaitytaknyga.lt\/#\/schema\/logo\/image\/\"},\"sameAs\":[\"https:\/\/www.facebook.com\/skaitytaknyga\/\"]}]}<\/script>\n<!-- \/ Yoast SEO plugin. -->","yoast_head_json":{"title":"Mylimi kaulai (yra skaitymo \u017eymi\u0173)","description":"Mums \u012f \u0161onus \u012fsir\u0117\u017eusios skalbini\u0173 virvel\u0117s, t\u0117vas nugara atsir\u0117m\u0119s \u012f karsto dangt\u012f, pagalvoju, kad visai juokinga dabar taip matyt j\u012f r\u016bkant\u012f prie savo","robots":{"index":"index","follow":"follow","max-snippet":"max-snippet:-1","max-image-preview":"max-image-preview:large","max-video-preview":"max-video-preview:-1"},"canonical":"https:\/\/skaitytaknyga.lt\/en\/produktas\/mylimi-kaulai-yra-skaitymo-zymiu\/","og_locale":"en_GB","og_type":"article","og_title":"[:lt]Mylimi kaulai (yra skaitymo \u017eymi\u0173)[:] - Skaitytaknyga","og_description":"Mums \u012f \u0161onus \u012fsir\u0117\u017eusios skalbini\u0173 virvel\u0117s, t\u0117vas nugara atsir\u0117m\u0119s \u012f karsto dangt\u012f, pagalvoju, kad visai juokinga dabar taip matyt j\u012f r\u016bkant\u012f prie savo","og_url":"https:\/\/skaitytaknyga.lt\/en\/produktas\/mylimi-kaulai-yra-skaitymo-zymiu\/","og_site_name":"Skaitytaknyga","article_publisher":"https:\/\/www.facebook.com\/skaitytaknyga\/","article_modified_time":"2026-02-02T10:29:46+00:00","og_image":[{"width":300,"height":448,"url":"https:\/\/skaitytaknyga.lt\/wp-content\/uploads\/2026\/01\/Mylimi-kaulai-1.webp","type":"image\/webp"}],"twitter_card":"summary_large_image","twitter_misc":{"Estimated reading time":"1 minute"},"schema":{"@context":"https:\/\/schema.org","@graph":[{"@type":"WebPage","@id":"https:\/\/skaitytaknyga.lt\/produktas\/mylimi-kaulai-yra-skaitymo-zymiu\/","url":"https:\/\/skaitytaknyga.lt\/produktas\/mylimi-kaulai-yra-skaitymo-zymiu\/","name":"Mylimi kaulai (yra skaitymo \u017eymi\u0173)","isPartOf":{"@id":"https:\/\/skaitytaknyga.lt\/#website"},"primaryImageOfPage":{"@id":"https:\/\/skaitytaknyga.lt\/produktas\/mylimi-kaulai-yra-skaitymo-zymiu\/#primaryimage"},"image":{"@id":"https:\/\/skaitytaknyga.lt\/produktas\/mylimi-kaulai-yra-skaitymo-zymiu\/#primaryimage"},"thumbnailUrl":"https:\/\/skaitytaknyga.lt\/wp-content\/uploads\/2026\/01\/Mylimi-kaulai-1.webp","datePublished":"2026-01-28T16:18:20+00:00","dateModified":"2026-02-02T10:29:46+00:00","description":"Mums \u012f \u0161onus \u012fsir\u0117\u017eusios skalbini\u0173 virvel\u0117s, t\u0117vas nugara atsir\u0117m\u0119s \u012f karsto dangt\u012f, pagalvoju, kad visai juokinga dabar taip matyt j\u012f r\u016bkant\u012f prie savo","breadcrumb":{"@id":"https:\/\/skaitytaknyga.lt\/produktas\/mylimi-kaulai-yra-skaitymo-zymiu\/#breadcrumb"},"inLanguage":"en-GB","potentialAction":[{"@type":"ReadAction","target":["https:\/\/skaitytaknyga.lt\/produktas\/mylimi-kaulai-yra-skaitymo-zymiu\/"]}]},{"@type":"ImageObject","inLanguage":"en-GB","@id":"https:\/\/skaitytaknyga.lt\/produktas\/mylimi-kaulai-yra-skaitymo-zymiu\/#primaryimage","url":"https:\/\/skaitytaknyga.lt\/wp-content\/uploads\/2026\/01\/Mylimi-kaulai-1.webp","contentUrl":"https:\/\/skaitytaknyga.lt\/wp-content\/uploads\/2026\/01\/Mylimi-kaulai-1.webp","width":300,"height":448},{"@type":"BreadcrumbList","@id":"https:\/\/skaitytaknyga.lt\/produktas\/mylimi-kaulai-yra-skaitymo-zymiu\/#breadcrumb","itemListElement":[{"@type":"ListItem","position":1,"name":"Home","item":"https:\/\/skaitytaknyga.lt\/"},{"@type":"ListItem","position":2,"name":"Parduotuv\u0117","item":"https:\/\/skaitytaknyga.lt\/knygu-parduotuve\/"},{"@type":"ListItem","position":3,"name":"Mylimi kaulai (yra skaitymo \u017eymi\u0173)"}]},{"@type":"WebSite","@id":"https:\/\/skaitytaknyga.lt\/#website","url":"https:\/\/skaitytaknyga.lt\/","name":"skaitytaknyga.lt","description":"Skaitytaknyga.lt \u2013 tai ma\u017eas \u0161eimos verslas, kuris prasid\u0117jo nuo meil\u0117s knygoms ir siekio i\u0161gelb\u0117ti knygas nuo likimo prie konteinerio. Kas vienam nereikalingas daiktas \u2013 kitam lobis, o mes esame tarpininkai, kurie padeda abiems tapti laimingesniems ???? \u017dinome kaip nelengva i\u0161gyventi ma\u017eiems verslams, tad nuo \u0161iol, \u010dia rasite ir kit\u0173, ma\u017e\u0173 \u0161eim\u0173 versl\u0173, rank\u0173 darbo, dovan\u0173 sau ir artimiesiems.","publisher":{"@id":"https:\/\/skaitytaknyga.lt\/#organization"},"potentialAction":[{"@type":"SearchAction","target":{"@type":"EntryPoint","urlTemplate":"https:\/\/skaitytaknyga.lt\/?s={search_term_string}"},"query-input":{"@type":"PropertyValueSpecification","valueRequired":true,"valueName":"search_term_string"}}],"inLanguage":"en-GB"},{"@type":"Organization","@id":"https:\/\/skaitytaknyga.lt\/#organization","name":"skaitytaknyga.lt","url":"https:\/\/skaitytaknyga.lt\/","logo":{"@type":"ImageObject","inLanguage":"en-GB","@id":"https:\/\/skaitytaknyga.lt\/#\/schema\/logo\/image\/","url":"https:\/\/skaitytaknyga.lt\/wp-content\/uploads\/2024\/05\/cropped-cropped-cropped-02_00843_jt3bggkj1j3HLc7SyY6rEUpg.jpeg","contentUrl":"https:\/\/skaitytaknyga.lt\/wp-content\/uploads\/2024\/05\/cropped-cropped-cropped-02_00843_jt3bggkj1j3HLc7SyY6rEUpg.jpeg","width":1600,"height":1600,"caption":"skaitytaknyga.lt"},"image":{"@id":"https:\/\/skaitytaknyga.lt\/#\/schema\/logo\/image\/"},"sameAs":["https:\/\/www.facebook.com\/skaitytaknyga\/"]}]}},"_links":{"self":[{"href":"https:\/\/skaitytaknyga.lt\/en\/wp-json\/wp\/v2\/product\/22784","targetHints":{"allow":["GET"]}}],"collection":[{"href":"https:\/\/skaitytaknyga.lt\/en\/wp-json\/wp\/v2\/product"}],"about":[{"href":"https:\/\/skaitytaknyga.lt\/en\/wp-json\/wp\/v2\/types\/product"}],"replies":[{"embeddable":true,"href":"https:\/\/skaitytaknyga.lt\/en\/wp-json\/wp\/v2\/comments?post=22784"}],"wp:featuredmedia":[{"embeddable":true,"href":"https:\/\/skaitytaknyga.lt\/en\/wp-json\/wp\/v2\/media\/22789"}],"wp:attachment":[{"href":"https:\/\/skaitytaknyga.lt\/en\/wp-json\/wp\/v2\/media?parent=22784"}],"wp:term":[{"taxonomy":"product_brand","embeddable":true,"href":"https:\/\/skaitytaknyga.lt\/en\/wp-json\/wp\/v2\/product_brand?post=22784"},{"taxonomy":"product_cat","embeddable":true,"href":"https:\/\/skaitytaknyga.lt\/en\/wp-json\/wp\/v2\/product_cat?post=22784"},{"taxonomy":"product_tag","embeddable":true,"href":"https:\/\/skaitytaknyga.lt\/en\/wp-json\/wp\/v2\/product_tag?post=22784"}],"curies":[{"name":"wp","href":"https:\/\/api.w.org\/{rel}","templated":true}]}}