{"id":22783,"date":"2026-01-28T18:18:20","date_gmt":"2026-01-28T16:18:20","guid":{"rendered":"https:\/\/skaitytaknyga.lt\/?post_type=product&#038;p=22783"},"modified":"2026-01-30T12:14:17","modified_gmt":"2026-01-30T10:14:17","slug":"issifruojant-da-vinci","status":"publish","type":"product","link":"https:\/\/skaitytaknyga.lt\/en\/produktas\/issifruojant-da-vinci\/","title":{"rendered":"I\u0161\u0161ifruojant Da Vin\u010d\u012f"},"content":{"rendered":"<p>2003-iaisiais i\u0161leistas fenomenaliai populiarus detektyvinis romanas \u201eDa Vin\u010dio kodas\u201c&#8230; Nepraeina n\u0117 dienos, kad kas nors man\u0119s nepaklaust\u0173: \u201eKiek toje knygoje tiesos?\u201c ir \u201eK\u0105 j\u016bs manote apie t\u0105 knyg\u0105?\u201c <\/p>\n<p>O a\u0161 visada pagalvoju: k\u0105 apie j\u0105 manyt\u0173 patsai Leonardas?<\/p>\n<p>Pa\u0161\u0117lusiu bestseleriu \u201eNor\u0117\u010diau mok\u0117ti daryti stebuklus\u201c Maiklas J. Gelbas sukurst\u0117 mil\u017eini\u0161k\u0105 susidom\u0117jim\u0105 \u0161iuo did\u017eiai originaliu m\u0105stytoju, kadais gyvenusiu visi\u0161koje derm\u0117je su \u017emogaus ir gamtos pasauliu, su dievi\u0161k\u0105ja dvasia, tiesian\u010dia tarp an\u0173 dviej\u0173 tilt\u0105. Min\u0117toji knyga parod\u0117 skaitytojams, kaip lavinti savo k\u016brybin\u012f potencial\u0105 remiantis septyniais Leonardo da Vin\u010dio principais, o \u0161i, naujoji, \u201eI\u0161\u0161ifruojant Da Vin\u010d\u012f\u201c, pagal tuos pa\u010dius principus pad\u0117s ugdyti dvasin\u012f potencial\u0105.<\/p>\n","protected":false},"excerpt":{"rendered":"<p>2003-iaisiais i\u0161leistas fenomenaliai populiarus detektyvinis romanas \u201eDa Vin\u010dio kodas\u201c&#8230; Nepraeina n\u0117 dienos, kad kas nors man\u0119s nepaklaust\u0173: \u201eKiek toje knygoje tiesos?\u201c ir \u201eK\u0105 j\u016bs manote apie t\u0105 knyg\u0105?\u201c O a\u0161 visada pagalvoju: k\u0105 apie j\u0105 manyt\u0173 patsai Leonardas? Pa\u0161\u0117lusiu bestseleriu \u201eNor\u0117\u010diau mok\u0117ti daryti stebuklus\u201c Maiklas J. Gelbas sukurst\u0117 mil\u017eini\u0161k\u0105 susidom\u0117jim\u0105 \u0161iuo did\u017eiai originaliu m\u0105stytoju, kadais gyvenusiu visi\u0161koje derm\u0117je su \u017emogaus ir gamtos pasauliu, su dievi\u0161k\u0105ja dvasia, tiesian\u010dia tarp an\u0173 dviej\u0173 tilt\u0105. Min\u0117toji knyga parod\u0117 skaitytojams, kaip lavinti savo k\u016brybin\u012f potencial\u0105 remiantis septyniais Leonardo da Vin\u010dio principais, o \u0161i, naujoji, \u201eI\u0161\u0161ifruojant Da Vin\u010d\u012f\u201c, pagal tuos pa\u010dius principus pad\u0117s ugdyti dvasin\u012f potencial\u0105.<\/p>\n","protected":false},"featured_media":22788,"comment_status":"open","ping_status":"closed","template":"","meta":{"_acf_changed":false,"site-sidebar-layout":"default","site-content-layout":"","ast-site-content-layout":"default","site-content-style":"default","site-sidebar-style":"default","ast-global-header-display":"","ast-banner-title-visibility":"","ast-main-header-display":"","ast-hfb-above-header-display":"","ast-hfb-below-header-display":"","ast-hfb-mobile-header-display":"","site-post-title":"","ast-breadcrumbs-content":"","ast-featured-img":"","footer-sml-layout":"","ast-disable-related-posts":"","theme-transparent-header-meta":"","adv-header-id-meta":"","stick-header-meta":"","header-above-stick-meta":"","header-main-stick-meta":"","header-below-stick-meta":"","astra-migrate-meta-layouts":"default","ast-page-background-enabled":"default","ast-page-background-meta":{"desktop":{"background-color":"","background-image":"","background-repeat":"repeat","background-position":"center center","background-size":"auto","background-attachment":"scroll","background-type":"","background-media":"","overlay-type":"","overlay-color":"","overlay-opacity":"","overlay-gradient":""},"tablet":{"background-color":"","background-image":"","background-repeat":"repeat","background-position":"center center","background-size":"auto","background-attachment":"scroll","background-type":"","background-media":"","overlay-type":"","overlay-color":"","overlay-opacity":"","overlay-gradient":""},"mobile":{"background-color":"","background-image":"","background-repeat":"repeat","background-position":"center center","background-size":"auto","background-attachment":"scroll","background-type":"","background-media":"","overlay-type":"","overlay-color":"","overlay-opacity":"","overlay-gradient":""}},"ast-content-background-meta":{"desktop":{"background-color":"var(--ast-global-color-4)","background-image":"","background-repeat":"repeat","background-position":"center center","background-size":"auto","background-attachment":"scroll","background-type":"","background-media":"","overlay-type":"","overlay-color":"","overlay-opacity":"","overlay-gradient":""},"tablet":{"background-color":"var(--ast-global-color-4)","background-image":"","background-repeat":"repeat","background-position":"center center","background-size":"auto","background-attachment":"scroll","background-type":"","background-media":"","overlay-type":"","overlay-color":"","overlay-opacity":"","overlay-gradient":""},"mobile":{"background-color":"var(--ast-global-color-4)","background-image":"","background-repeat":"repeat","background-position":"center center","background-size":"auto","background-attachment":"scroll","background-type":"","background-media":"","overlay-type":"","overlay-color":"","overlay-opacity":"","overlay-gradient":""}}},"product_brand":[],"product_cat":[15],"product_tag":[9316],"class_list":{"0":"post-22783","1":"product","2":"type-product","3":"status-publish","4":"has-post-thumbnail","6":"product_cat-uncategorized","7":"product_tag-ltmichael-j-gelb","8":"desktop-align-left","9":"tablet-align-left","10":"mobile-align-left","12":"first","13":"instock","14":"shipping-taxable","15":"purchasable","16":"product-type-simple"},"acf":[],"yoast_head":"<!-- This site is optimized with the Yoast SEO plugin v27.0 - https:\/\/yoast.com\/product\/yoast-seo-wordpress\/ -->\n<title>I\u0161\u0161ifruojant Da Vin\u010d\u012f<\/title>\n<meta name=\"description\" content=\"2003-iaisiais i\u0161leistas fenomenaliai populiarus detektyvinis romanas \u201eDa Vin\u010dio kodas\u201c... Nepraeina n\u0117 dienos, kad kas nors man\u0119s nepaklaust\u0173: \u201eKiek toje\" \/>\n<meta name=\"robots\" content=\"index, follow, max-snippet:-1, max-image-preview:large, max-video-preview:-1\" \/>\n<link rel=\"canonical\" href=\"https:\/\/skaitytaknyga.lt\/en\/produktas\/issifruojant-da-vinci\/\" \/>\n<meta property=\"og:locale\" content=\"en_GB\" \/>\n<meta property=\"og:locale:alternate\" content=\"lt_LT\" \/>\n<meta property=\"og:type\" content=\"article\" \/>\n<meta property=\"og:title\" content=\"I\u0161\u0161ifruojant Da Vin\u010d\u012f\" \/>\n<meta property=\"og:description\" content=\"2003-iaisiais i\u0161leistas fenomenaliai populiarus detektyvinis romanas \u201eDa Vin\u010dio kodas\u201c... Nepraeina n\u0117 dienos, kad kas nors man\u0119s nepaklaust\u0173: \u201eKiek toje\" \/>\n<meta property=\"og:url\" content=\"https:\/\/skaitytaknyga.lt\/en\/produktas\/issifruojant-da-vinci\/\" \/>\n<meta property=\"og:site_name\" content=\"Skaitytaknyga\" \/>\n<meta property=\"article:publisher\" content=\"https:\/\/www.facebook.com\/skaitytaknyga\/\" \/>\n<meta property=\"article:modified_time\" content=\"2026-01-30T10:14:17+00:00\" \/>\n<meta property=\"og:image\" content=\"https:\/\/skaitytaknyga.lt\/wp-content\/uploads\/2026\/01\/Issifruojant-Da-Vinci-1.webp\" \/>\n\t<meta property=\"og:image:width\" content=\"300\" \/>\n\t<meta property=\"og:image:height\" content=\"409\" \/>\n\t<meta property=\"og:image:type\" content=\"image\/webp\" \/>\n<meta name=\"twitter:card\" content=\"summary_large_image\" \/>\n<meta name=\"twitter:label1\" content=\"Estimated reading time\" \/>\n\t<meta name=\"twitter:data1\" content=\"1 minute\" \/>\n<script type=\"application\/ld+json\" class=\"yoast-schema-graph\">{\"@context\":\"https:\/\/schema.org\",\"@graph\":[{\"@type\":\"WebPage\",\"@id\":\"https:\/\/skaitytaknyga.lt\/produktas\/issifruojant-da-vinci\/\",\"url\":\"https:\/\/skaitytaknyga.lt\/produktas\/issifruojant-da-vinci\/\",\"name\":\"I\u0161\u0161ifruojant Da Vin\u010d\u012f\",\"isPartOf\":{\"@id\":\"https:\/\/skaitytaknyga.lt\/#website\"},\"primaryImageOfPage\":{\"@id\":\"https:\/\/skaitytaknyga.lt\/produktas\/issifruojant-da-vinci\/#primaryimage\"},\"image\":{\"@id\":\"https:\/\/skaitytaknyga.lt\/produktas\/issifruojant-da-vinci\/#primaryimage\"},\"thumbnailUrl\":\"https:\/\/skaitytaknyga.lt\/wp-content\/uploads\/2026\/01\/Issifruojant-Da-Vinci-1.webp\",\"datePublished\":\"2026-01-28T16:18:20+00:00\",\"dateModified\":\"2026-01-30T10:14:17+00:00\",\"description\":\"2003-iaisiais i\u0161leistas fenomenaliai populiarus detektyvinis romanas \u201eDa Vin\u010dio kodas\u201c... Nepraeina n\u0117 dienos, kad kas nors man\u0119s nepaklaust\u0173: \u201eKiek toje\",\"breadcrumb\":{\"@id\":\"https:\/\/skaitytaknyga.lt\/produktas\/issifruojant-da-vinci\/#breadcrumb\"},\"inLanguage\":\"en-GB\",\"potentialAction\":[{\"@type\":\"ReadAction\",\"target\":[\"https:\/\/skaitytaknyga.lt\/produktas\/issifruojant-da-vinci\/\"]}]},{\"@type\":\"ImageObject\",\"inLanguage\":\"en-GB\",\"@id\":\"https:\/\/skaitytaknyga.lt\/produktas\/issifruojant-da-vinci\/#primaryimage\",\"url\":\"https:\/\/skaitytaknyga.lt\/wp-content\/uploads\/2026\/01\/Issifruojant-Da-Vinci-1.webp\",\"contentUrl\":\"https:\/\/skaitytaknyga.lt\/wp-content\/uploads\/2026\/01\/Issifruojant-Da-Vinci-1.webp\",\"width\":300,\"height\":409},{\"@type\":\"BreadcrumbList\",\"@id\":\"https:\/\/skaitytaknyga.lt\/produktas\/issifruojant-da-vinci\/#breadcrumb\",\"itemListElement\":[{\"@type\":\"ListItem\",\"position\":1,\"name\":\"Home\",\"item\":\"https:\/\/skaitytaknyga.lt\/\"},{\"@type\":\"ListItem\",\"position\":2,\"name\":\"Parduotuv\u0117\",\"item\":\"https:\/\/skaitytaknyga.lt\/knygu-parduotuve\/\"},{\"@type\":\"ListItem\",\"position\":3,\"name\":\"I\u0161\u0161ifruojant Da Vin\u010d\u012f\"}]},{\"@type\":\"WebSite\",\"@id\":\"https:\/\/skaitytaknyga.lt\/#website\",\"url\":\"https:\/\/skaitytaknyga.lt\/\",\"name\":\"skaitytaknyga.lt\",\"description\":\"Skaitytaknyga.lt \u2013 tai ma\u017eas \u0161eimos verslas, kuris prasid\u0117jo nuo meil\u0117s knygoms ir siekio i\u0161gelb\u0117ti knygas nuo likimo prie konteinerio. Kas vienam nereikalingas daiktas \u2013 kitam lobis, o mes esame tarpininkai, kurie padeda abiems tapti laimingesniems ???? \u017dinome kaip nelengva i\u0161gyventi ma\u017eiems verslams, tad nuo \u0161iol, \u010dia rasite ir kit\u0173, ma\u017e\u0173 \u0161eim\u0173 versl\u0173, rank\u0173 darbo, dovan\u0173 sau ir artimiesiems.\",\"publisher\":{\"@id\":\"https:\/\/skaitytaknyga.lt\/#organization\"},\"potentialAction\":[{\"@type\":\"SearchAction\",\"target\":{\"@type\":\"EntryPoint\",\"urlTemplate\":\"https:\/\/skaitytaknyga.lt\/?s={search_term_string}\"},\"query-input\":{\"@type\":\"PropertyValueSpecification\",\"valueRequired\":true,\"valueName\":\"search_term_string\"}}],\"inLanguage\":\"en-GB\"},{\"@type\":\"Organization\",\"@id\":\"https:\/\/skaitytaknyga.lt\/#organization\",\"name\":\"skaitytaknyga.lt\",\"url\":\"https:\/\/skaitytaknyga.lt\/\",\"logo\":{\"@type\":\"ImageObject\",\"inLanguage\":\"en-GB\",\"@id\":\"https:\/\/skaitytaknyga.lt\/#\/schema\/logo\/image\/\",\"url\":\"https:\/\/skaitytaknyga.lt\/wp-content\/uploads\/2024\/05\/cropped-cropped-cropped-02_00843_jt3bggkj1j3HLc7SyY6rEUpg.jpeg\",\"contentUrl\":\"https:\/\/skaitytaknyga.lt\/wp-content\/uploads\/2024\/05\/cropped-cropped-cropped-02_00843_jt3bggkj1j3HLc7SyY6rEUpg.jpeg\",\"width\":1600,\"height\":1600,\"caption\":\"skaitytaknyga.lt\"},\"image\":{\"@id\":\"https:\/\/skaitytaknyga.lt\/#\/schema\/logo\/image\/\"},\"sameAs\":[\"https:\/\/www.facebook.com\/skaitytaknyga\/\"]}]}<\/script>\n<!-- \/ Yoast SEO plugin. -->","yoast_head_json":{"title":"I\u0161\u0161ifruojant Da Vin\u010d\u012f","description":"2003-iaisiais i\u0161leistas fenomenaliai populiarus detektyvinis romanas \u201eDa Vin\u010dio kodas\u201c... Nepraeina n\u0117 dienos, kad kas nors man\u0119s nepaklaust\u0173: \u201eKiek toje","robots":{"index":"index","follow":"follow","max-snippet":"max-snippet:-1","max-image-preview":"max-image-preview:large","max-video-preview":"max-video-preview:-1"},"canonical":"https:\/\/skaitytaknyga.lt\/en\/produktas\/issifruojant-da-vinci\/","og_locale":"en_GB","og_type":"article","og_title":"[:lt]I\u0161\u0161ifruojant Da Vin\u010d\u012f[:] - Skaitytaknyga","og_description":"2003-iaisiais i\u0161leistas fenomenaliai populiarus detektyvinis romanas \u201eDa Vin\u010dio kodas\u201c... Nepraeina n\u0117 dienos, kad kas nors man\u0119s nepaklaust\u0173: \u201eKiek toje","og_url":"https:\/\/skaitytaknyga.lt\/en\/produktas\/issifruojant-da-vinci\/","og_site_name":"Skaitytaknyga","article_publisher":"https:\/\/www.facebook.com\/skaitytaknyga\/","article_modified_time":"2026-01-30T10:14:17+00:00","og_image":[{"width":300,"height":409,"url":"https:\/\/skaitytaknyga.lt\/wp-content\/uploads\/2026\/01\/Issifruojant-Da-Vinci-1.webp","type":"image\/webp"}],"twitter_card":"summary_large_image","twitter_misc":{"Estimated reading time":"1 minute"},"schema":{"@context":"https:\/\/schema.org","@graph":[{"@type":"WebPage","@id":"https:\/\/skaitytaknyga.lt\/produktas\/issifruojant-da-vinci\/","url":"https:\/\/skaitytaknyga.lt\/produktas\/issifruojant-da-vinci\/","name":"I\u0161\u0161ifruojant Da Vin\u010d\u012f","isPartOf":{"@id":"https:\/\/skaitytaknyga.lt\/#website"},"primaryImageOfPage":{"@id":"https:\/\/skaitytaknyga.lt\/produktas\/issifruojant-da-vinci\/#primaryimage"},"image":{"@id":"https:\/\/skaitytaknyga.lt\/produktas\/issifruojant-da-vinci\/#primaryimage"},"thumbnailUrl":"https:\/\/skaitytaknyga.lt\/wp-content\/uploads\/2026\/01\/Issifruojant-Da-Vinci-1.webp","datePublished":"2026-01-28T16:18:20+00:00","dateModified":"2026-01-30T10:14:17+00:00","description":"2003-iaisiais i\u0161leistas fenomenaliai populiarus detektyvinis romanas \u201eDa Vin\u010dio kodas\u201c... Nepraeina n\u0117 dienos, kad kas nors man\u0119s nepaklaust\u0173: \u201eKiek toje","breadcrumb":{"@id":"https:\/\/skaitytaknyga.lt\/produktas\/issifruojant-da-vinci\/#breadcrumb"},"inLanguage":"en-GB","potentialAction":[{"@type":"ReadAction","target":["https:\/\/skaitytaknyga.lt\/produktas\/issifruojant-da-vinci\/"]}]},{"@type":"ImageObject","inLanguage":"en-GB","@id":"https:\/\/skaitytaknyga.lt\/produktas\/issifruojant-da-vinci\/#primaryimage","url":"https:\/\/skaitytaknyga.lt\/wp-content\/uploads\/2026\/01\/Issifruojant-Da-Vinci-1.webp","contentUrl":"https:\/\/skaitytaknyga.lt\/wp-content\/uploads\/2026\/01\/Issifruojant-Da-Vinci-1.webp","width":300,"height":409},{"@type":"BreadcrumbList","@id":"https:\/\/skaitytaknyga.lt\/produktas\/issifruojant-da-vinci\/#breadcrumb","itemListElement":[{"@type":"ListItem","position":1,"name":"Home","item":"https:\/\/skaitytaknyga.lt\/"},{"@type":"ListItem","position":2,"name":"Parduotuv\u0117","item":"https:\/\/skaitytaknyga.lt\/knygu-parduotuve\/"},{"@type":"ListItem","position":3,"name":"I\u0161\u0161ifruojant Da Vin\u010d\u012f"}]},{"@type":"WebSite","@id":"https:\/\/skaitytaknyga.lt\/#website","url":"https:\/\/skaitytaknyga.lt\/","name":"skaitytaknyga.lt","description":"Skaitytaknyga.lt \u2013 tai ma\u017eas \u0161eimos verslas, kuris prasid\u0117jo nuo meil\u0117s knygoms ir siekio i\u0161gelb\u0117ti knygas nuo likimo prie konteinerio. Kas vienam nereikalingas daiktas \u2013 kitam lobis, o mes esame tarpininkai, kurie padeda abiems tapti laimingesniems ???? \u017dinome kaip nelengva i\u0161gyventi ma\u017eiems verslams, tad nuo \u0161iol, \u010dia rasite ir kit\u0173, ma\u017e\u0173 \u0161eim\u0173 versl\u0173, rank\u0173 darbo, dovan\u0173 sau ir artimiesiems.","publisher":{"@id":"https:\/\/skaitytaknyga.lt\/#organization"},"potentialAction":[{"@type":"SearchAction","target":{"@type":"EntryPoint","urlTemplate":"https:\/\/skaitytaknyga.lt\/?s={search_term_string}"},"query-input":{"@type":"PropertyValueSpecification","valueRequired":true,"valueName":"search_term_string"}}],"inLanguage":"en-GB"},{"@type":"Organization","@id":"https:\/\/skaitytaknyga.lt\/#organization","name":"skaitytaknyga.lt","url":"https:\/\/skaitytaknyga.lt\/","logo":{"@type":"ImageObject","inLanguage":"en-GB","@id":"https:\/\/skaitytaknyga.lt\/#\/schema\/logo\/image\/","url":"https:\/\/skaitytaknyga.lt\/wp-content\/uploads\/2024\/05\/cropped-cropped-cropped-02_00843_jt3bggkj1j3HLc7SyY6rEUpg.jpeg","contentUrl":"https:\/\/skaitytaknyga.lt\/wp-content\/uploads\/2024\/05\/cropped-cropped-cropped-02_00843_jt3bggkj1j3HLc7SyY6rEUpg.jpeg","width":1600,"height":1600,"caption":"skaitytaknyga.lt"},"image":{"@id":"https:\/\/skaitytaknyga.lt\/#\/schema\/logo\/image\/"},"sameAs":["https:\/\/www.facebook.com\/skaitytaknyga\/"]}]}},"_links":{"self":[{"href":"https:\/\/skaitytaknyga.lt\/en\/wp-json\/wp\/v2\/product\/22783","targetHints":{"allow":["GET"]}}],"collection":[{"href":"https:\/\/skaitytaknyga.lt\/en\/wp-json\/wp\/v2\/product"}],"about":[{"href":"https:\/\/skaitytaknyga.lt\/en\/wp-json\/wp\/v2\/types\/product"}],"replies":[{"embeddable":true,"href":"https:\/\/skaitytaknyga.lt\/en\/wp-json\/wp\/v2\/comments?post=22783"}],"wp:featuredmedia":[{"embeddable":true,"href":"https:\/\/skaitytaknyga.lt\/en\/wp-json\/wp\/v2\/media\/22788"}],"wp:attachment":[{"href":"https:\/\/skaitytaknyga.lt\/en\/wp-json\/wp\/v2\/media?parent=22783"}],"wp:term":[{"taxonomy":"product_brand","embeddable":true,"href":"https:\/\/skaitytaknyga.lt\/en\/wp-json\/wp\/v2\/product_brand?post=22783"},{"taxonomy":"product_cat","embeddable":true,"href":"https:\/\/skaitytaknyga.lt\/en\/wp-json\/wp\/v2\/product_cat?post=22783"},{"taxonomy":"product_tag","embeddable":true,"href":"https:\/\/skaitytaknyga.lt\/en\/wp-json\/wp\/v2\/product_tag?post=22783"}],"curies":[{"name":"wp","href":"https:\/\/api.w.org\/{rel}","templated":true}]}}