{"id":22782,"date":"2026-01-28T18:18:20","date_gmt":"2026-01-28T16:18:20","guid":{"rendered":"https:\/\/skaitytaknyga.lt\/?post_type=product&#038;p=22782"},"modified":"2026-02-26T10:05:55","modified_gmt":"2026-02-26T08:05:55","slug":"turtingiausias-babilono-zmogus","status":"publish","type":"product","link":"https:\/\/skaitytaknyga.lt\/en\/produktas\/turtingiausias-babilono-zmogus\/","title":{"rendered":"Turtingiausias Babilono \u017emogus"},"content":{"rendered":"<p>Veiksmas vyksta senov\u0117s Babilone. Pasakojama apie vien\u0105 Babilono verg\u0105, pasinaudojus\u012f toje knygoje sura\u0161ytomis paslaptimis ir pasaki\u0161kai praturt\u0117jusiu. Kiekvienas apsakymas moko kokio nors konkretaus aspekto, kuris paai\u0161k\u0117ja skaitant ir apm\u0105stant sura\u0161yt\u0105 istorij\u0105. Tie aspektai ir yra kertiniai s\u0117kmingo verslo akmenys. Knyga tobulai tinka tiems, kurie skaitydami mokosi i\u0161 kit\u0173 \u017emoni\u0173 patirties.<\/p>\n<p>Knygoje \u201eTurtingiausias Babilono \u017emogus&#8221; pateikiami principai ir pamokos yra paprastu\u010diai ir esminiai. Knyg\u0105 sudaro \u012fvair\u016bs pasakojimai i\u0161 Babilono laik\u0173. Turtingiausias Babilono \u017emogus visk\u0105, ko i\u0161moko ir kaip jam sek\u0117si, sura\u0161\u0117 molio lentel\u0117se, kurias XX a. 4-jame de\u0161imtmetyje aptiko archeologai ir universiteto profesoriai. Pastarieji \u012fsisavino tuos principus ir pritaik\u0117 juos savo gyvenime, tad irgi tapo turtingais ir finansi\u0161kai apr\u016bpintais \u017emon\u0117mis. Jei j\u016bs\u0173 pinigin\u0117 plona, ir norite \u012fgyti finansin\u0117s i\u0161minties \u2013 geresn\u0117s knygos nerasite!<\/p>\n<p>Knyga \u201eTurtingiausias Babilono \u017emogus&#8221; yra tobulas finans\u0173 vadovas, ji yra laiko i\u0161bandyt\u0173 princip\u0173, kaip praturt\u0117ti ir i\u0161likti turtingu, \u0161altinis, \u012fkv\u0117p\u0119s daugyb\u0119 skaitytoj\u0173 kart\u0173. Ji ir toliau i\u0161lieka klasikiniu bestseleriu.<\/p>\n","protected":false},"excerpt":{"rendered":"<p>Veiksmas vyksta senov\u0117s Babilone. Pasakojama apie vien\u0105 Babilono verg\u0105, pasinaudojus\u012f toje knygoje sura\u0161ytomis paslaptimis ir pasaki\u0161kai praturt\u0117jusiu. Kiekvienas apsakymas moko kokio nors konkretaus aspekto, kuris paai\u0161k\u0117ja skaitant ir apm\u0105stant sura\u0161yt\u0105 istorij\u0105. Tie aspektai ir yra kertiniai s\u0117kmingo verslo akmenys. Knyga tobulai tinka tiems, kurie skaitydami mokosi i\u0161 kit\u0173 \u017emoni\u0173 patirties. Knygoje \u201eTurtingiausias Babilono \u017emogus&#8221; pateikiami principai ir pamokos yra paprastu\u010diai ir esminiai. Knyg\u0105 sudaro \u012fvair\u016bs pasakojimai i\u0161 Babilono laik\u0173. Turtingiausias Babilono \u017emogus visk\u0105, ko i\u0161moko ir kaip jam sek\u0117si, sura\u0161\u0117 molio lentel\u0117se, kurias XX a. 4-jame de\u0161imtmetyje aptiko archeologai ir universiteto profesoriai. Pastarieji \u012fsisavino tuos principus ir pritaik\u0117 juos savo gyvenime, tad irgi tapo turtingais ir finansi\u0161kai apr\u016bpintais \u017emon\u0117mis. Jei j\u016bs\u0173 pinigin\u0117 plona, ir norite \u012fgyti finansin\u0117s i\u0161minties \u2013 geresn\u0117s knygos nerasite! Knyga \u201eTurtingiausias Babilono \u017emogus&#8221; yra tobulas finans\u0173 vadovas, ji yra laiko i\u0161bandyt\u0173 princip\u0173, kaip praturt\u0117ti ir i\u0161likti turtingu, \u0161altinis, \u012fkv\u0117p\u0119s daugyb\u0119 skaitytoj\u0173 kart\u0173. Ji ir toliau i\u0161lieka klasikiniu bestseleriu.<\/p>\n","protected":false},"featured_media":22787,"comment_status":"open","ping_status":"closed","template":"","meta":{"_acf_changed":false,"site-sidebar-layout":"default","site-content-layout":"","ast-site-content-layout":"default","site-content-style":"default","site-sidebar-style":"default","ast-global-header-display":"","ast-banner-title-visibility":"","ast-main-header-display":"","ast-hfb-above-header-display":"","ast-hfb-below-header-display":"","ast-hfb-mobile-header-display":"","site-post-title":"","ast-breadcrumbs-content":"","ast-featured-img":"","footer-sml-layout":"","ast-disable-related-posts":"","theme-transparent-header-meta":"","adv-header-id-meta":"","stick-header-meta":"","header-above-stick-meta":"","header-main-stick-meta":"","header-below-stick-meta":"","astra-migrate-meta-layouts":"default","ast-page-background-enabled":"default","ast-page-background-meta":{"desktop":{"background-color":"","background-image":"","background-repeat":"repeat","background-position":"center center","background-size":"auto","background-attachment":"scroll","background-type":"","background-media":"","overlay-type":"","overlay-color":"","overlay-opacity":"","overlay-gradient":""},"tablet":{"background-color":"","background-image":"","background-repeat":"repeat","background-position":"center center","background-size":"auto","background-attachment":"scroll","background-type":"","background-media":"","overlay-type":"","overlay-color":"","overlay-opacity":"","overlay-gradient":""},"mobile":{"background-color":"","background-image":"","background-repeat":"repeat","background-position":"center center","background-size":"auto","background-attachment":"scroll","background-type":"","background-media":"","overlay-type":"","overlay-color":"","overlay-opacity":"","overlay-gradient":""}},"ast-content-background-meta":{"desktop":{"background-color":"var(--ast-global-color-4)","background-image":"","background-repeat":"repeat","background-position":"center center","background-size":"auto","background-attachment":"scroll","background-type":"","background-media":"","overlay-type":"","overlay-color":"","overlay-opacity":"","overlay-gradient":""},"tablet":{"background-color":"var(--ast-global-color-4)","background-image":"","background-repeat":"repeat","background-position":"center center","background-size":"auto","background-attachment":"scroll","background-type":"","background-media":"","overlay-type":"","overlay-color":"","overlay-opacity":"","overlay-gradient":""},"mobile":{"background-color":"var(--ast-global-color-4)","background-image":"","background-repeat":"repeat","background-position":"center center","background-size":"auto","background-attachment":"scroll","background-type":"","background-media":"","overlay-type":"","overlay-color":"","overlay-opacity":"","overlay-gradient":""}}},"product_brand":[],"product_cat":[26],"product_tag":[9315],"class_list":{"0":"post-22782","1":"product","2":"type-product","3":"status-publish","4":"has-post-thumbnail","6":"product_cat-verslas-vadyba-ir-finansai","7":"product_tag-ltgeorge-s-clason","8":"desktop-align-left","9":"tablet-align-left","10":"mobile-align-left","12":"first","13":"instock","14":"shipping-taxable","15":"purchasable","16":"product-type-simple"},"acf":[],"yoast_head":"<!-- This site is optimized with the Yoast SEO plugin v27.0 - https:\/\/yoast.com\/product\/yoast-seo-wordpress\/ -->\n<title>Turtingiausias Babilono \u017emogus<\/title>\n<meta name=\"description\" content=\"Veiksmas vyksta senov\u0117s Babilone. Pasakojama apie vien\u0105 Babilono verg\u0105, pasinaudojus\u012f toje knygoje sura\u0161ytomis paslaptimis ir pasaki\u0161kai praturt\u0117jusiu.\" \/>\n<meta name=\"robots\" content=\"index, follow, max-snippet:-1, max-image-preview:large, max-video-preview:-1\" \/>\n<link rel=\"canonical\" href=\"https:\/\/skaitytaknyga.lt\/en\/produktas\/turtingiausias-babilono-zmogus\/\" \/>\n<meta property=\"og:locale\" content=\"en_GB\" \/>\n<meta property=\"og:locale:alternate\" content=\"lt_LT\" \/>\n<meta property=\"og:type\" content=\"article\" \/>\n<meta property=\"og:title\" content=\"Turtingiausias Babilono \u017emogus\" \/>\n<meta property=\"og:description\" content=\"Veiksmas vyksta senov\u0117s Babilone. Pasakojama apie vien\u0105 Babilono verg\u0105, pasinaudojus\u012f toje knygoje sura\u0161ytomis paslaptimis ir pasaki\u0161kai praturt\u0117jusiu.\" \/>\n<meta property=\"og:url\" content=\"https:\/\/skaitytaknyga.lt\/en\/produktas\/turtingiausias-babilono-zmogus\/\" \/>\n<meta property=\"og:site_name\" content=\"Skaitytaknyga\" \/>\n<meta property=\"article:publisher\" content=\"https:\/\/www.facebook.com\/skaitytaknyga\/\" \/>\n<meta property=\"article:modified_time\" content=\"2026-02-26T08:05:55+00:00\" \/>\n<meta property=\"og:image\" content=\"https:\/\/skaitytaknyga.lt\/wp-content\/uploads\/2024\/07\/skaitytaknyga.png\" \/>\n\t<meta property=\"og:image:width\" content=\"747\" \/>\n\t<meta property=\"og:image:height\" content=\"496\" \/>\n\t<meta property=\"og:image:type\" content=\"image\/png\" \/>\n<meta name=\"twitter:card\" content=\"summary_large_image\" \/>\n<meta name=\"twitter:label1\" content=\"Estimated reading time\" \/>\n\t<meta name=\"twitter:data1\" content=\"1 minute\" \/>\n<script type=\"application\/ld+json\" class=\"yoast-schema-graph\">{\"@context\":\"https:\/\/schema.org\",\"@graph\":[{\"@type\":\"WebPage\",\"@id\":\"https:\/\/skaitytaknyga.lt\/produktas\/turtingiausias-babilono-zmogus\/\",\"url\":\"https:\/\/skaitytaknyga.lt\/produktas\/turtingiausias-babilono-zmogus\/\",\"name\":\"Turtingiausias Babilono \u017emogus\",\"isPartOf\":{\"@id\":\"https:\/\/skaitytaknyga.lt\/#website\"},\"primaryImageOfPage\":{\"@id\":\"https:\/\/skaitytaknyga.lt\/produktas\/turtingiausias-babilono-zmogus\/#primaryimage\"},\"image\":{\"@id\":\"https:\/\/skaitytaknyga.lt\/produktas\/turtingiausias-babilono-zmogus\/#primaryimage\"},\"thumbnailUrl\":\"https:\/\/skaitytaknyga.lt\/wp-content\/uploads\/2026\/01\/Turtingiausias-Babilono-zmogus.avif\",\"datePublished\":\"2026-01-28T16:18:20+00:00\",\"dateModified\":\"2026-02-26T08:05:55+00:00\",\"description\":\"Veiksmas vyksta senov\u0117s Babilone. Pasakojama apie vien\u0105 Babilono verg\u0105, pasinaudojus\u012f toje knygoje sura\u0161ytomis paslaptimis ir pasaki\u0161kai praturt\u0117jusiu.\",\"breadcrumb\":{\"@id\":\"https:\/\/skaitytaknyga.lt\/produktas\/turtingiausias-babilono-zmogus\/#breadcrumb\"},\"inLanguage\":\"en-GB\",\"potentialAction\":[{\"@type\":\"ReadAction\",\"target\":[\"https:\/\/skaitytaknyga.lt\/produktas\/turtingiausias-babilono-zmogus\/\"]}]},{\"@type\":\"ImageObject\",\"inLanguage\":\"en-GB\",\"@id\":\"https:\/\/skaitytaknyga.lt\/produktas\/turtingiausias-babilono-zmogus\/#primaryimage\",\"url\":\"https:\/\/skaitytaknyga.lt\/wp-content\/uploads\/2026\/01\/Turtingiausias-Babilono-zmogus.avif\",\"contentUrl\":\"https:\/\/skaitytaknyga.lt\/wp-content\/uploads\/2026\/01\/Turtingiausias-Babilono-zmogus.avif\",\"width\":1000,\"height\":563},{\"@type\":\"BreadcrumbList\",\"@id\":\"https:\/\/skaitytaknyga.lt\/produktas\/turtingiausias-babilono-zmogus\/#breadcrumb\",\"itemListElement\":[{\"@type\":\"ListItem\",\"position\":1,\"name\":\"Home\",\"item\":\"https:\/\/skaitytaknyga.lt\/\"},{\"@type\":\"ListItem\",\"position\":2,\"name\":\"Parduotuv\u0117\",\"item\":\"https:\/\/skaitytaknyga.lt\/knygu-parduotuve\/\"},{\"@type\":\"ListItem\",\"position\":3,\"name\":\"Turtingiausias Babilono \u017emogus\"}]},{\"@type\":\"WebSite\",\"@id\":\"https:\/\/skaitytaknyga.lt\/#website\",\"url\":\"https:\/\/skaitytaknyga.lt\/\",\"name\":\"skaitytaknyga.lt\",\"description\":\"Skaitytaknyga.lt \u2013 tai ma\u017eas \u0161eimos verslas, kuris prasid\u0117jo nuo meil\u0117s knygoms ir siekio i\u0161gelb\u0117ti knygas nuo likimo prie konteinerio. Kas vienam nereikalingas daiktas \u2013 kitam lobis, o mes esame tarpininkai, kurie padeda abiems tapti laimingesniems ???? \u017dinome kaip nelengva i\u0161gyventi ma\u017eiems verslams, tad nuo \u0161iol, \u010dia rasite ir kit\u0173, ma\u017e\u0173 \u0161eim\u0173 versl\u0173, rank\u0173 darbo, dovan\u0173 sau ir artimiesiems.\",\"publisher\":{\"@id\":\"https:\/\/skaitytaknyga.lt\/#organization\"},\"potentialAction\":[{\"@type\":\"SearchAction\",\"target\":{\"@type\":\"EntryPoint\",\"urlTemplate\":\"https:\/\/skaitytaknyga.lt\/?s={search_term_string}\"},\"query-input\":{\"@type\":\"PropertyValueSpecification\",\"valueRequired\":true,\"valueName\":\"search_term_string\"}}],\"inLanguage\":\"en-GB\"},{\"@type\":\"Organization\",\"@id\":\"https:\/\/skaitytaknyga.lt\/#organization\",\"name\":\"skaitytaknyga.lt\",\"url\":\"https:\/\/skaitytaknyga.lt\/\",\"logo\":{\"@type\":\"ImageObject\",\"inLanguage\":\"en-GB\",\"@id\":\"https:\/\/skaitytaknyga.lt\/#\/schema\/logo\/image\/\",\"url\":\"https:\/\/skaitytaknyga.lt\/wp-content\/uploads\/2024\/05\/cropped-cropped-cropped-02_00843_jt3bggkj1j3HLc7SyY6rEUpg.jpeg\",\"contentUrl\":\"https:\/\/skaitytaknyga.lt\/wp-content\/uploads\/2024\/05\/cropped-cropped-cropped-02_00843_jt3bggkj1j3HLc7SyY6rEUpg.jpeg\",\"width\":1600,\"height\":1600,\"caption\":\"skaitytaknyga.lt\"},\"image\":{\"@id\":\"https:\/\/skaitytaknyga.lt\/#\/schema\/logo\/image\/\"},\"sameAs\":[\"https:\/\/www.facebook.com\/skaitytaknyga\/\"]}]}<\/script>\n<!-- \/ Yoast SEO plugin. -->","yoast_head_json":{"title":"Turtingiausias Babilono \u017emogus","description":"Veiksmas vyksta senov\u0117s Babilone. Pasakojama apie vien\u0105 Babilono verg\u0105, pasinaudojus\u012f toje knygoje sura\u0161ytomis paslaptimis ir pasaki\u0161kai praturt\u0117jusiu.","robots":{"index":"index","follow":"follow","max-snippet":"max-snippet:-1","max-image-preview":"max-image-preview:large","max-video-preview":"max-video-preview:-1"},"canonical":"https:\/\/skaitytaknyga.lt\/en\/produktas\/turtingiausias-babilono-zmogus\/","og_locale":"en_GB","og_type":"article","og_title":"[:lt]Turtingiausias Babilono \u017emogus[:] - Skaitytaknyga","og_description":"Veiksmas vyksta senov\u0117s Babilone. Pasakojama apie vien\u0105 Babilono verg\u0105, pasinaudojus\u012f toje knygoje sura\u0161ytomis paslaptimis ir pasaki\u0161kai praturt\u0117jusiu.","og_url":"https:\/\/skaitytaknyga.lt\/en\/produktas\/turtingiausias-babilono-zmogus\/","og_site_name":"Skaitytaknyga","article_publisher":"https:\/\/www.facebook.com\/skaitytaknyga\/","article_modified_time":"2026-02-26T08:05:55+00:00","og_image":[{"width":747,"height":496,"url":"https:\/\/skaitytaknyga.lt\/wp-content\/uploads\/2024\/07\/skaitytaknyga.png","type":"image\/png"}],"twitter_card":"summary_large_image","twitter_misc":{"Estimated reading time":"1 minute"},"schema":{"@context":"https:\/\/schema.org","@graph":[{"@type":"WebPage","@id":"https:\/\/skaitytaknyga.lt\/produktas\/turtingiausias-babilono-zmogus\/","url":"https:\/\/skaitytaknyga.lt\/produktas\/turtingiausias-babilono-zmogus\/","name":"Turtingiausias Babilono \u017emogus","isPartOf":{"@id":"https:\/\/skaitytaknyga.lt\/#website"},"primaryImageOfPage":{"@id":"https:\/\/skaitytaknyga.lt\/produktas\/turtingiausias-babilono-zmogus\/#primaryimage"},"image":{"@id":"https:\/\/skaitytaknyga.lt\/produktas\/turtingiausias-babilono-zmogus\/#primaryimage"},"thumbnailUrl":"https:\/\/skaitytaknyga.lt\/wp-content\/uploads\/2026\/01\/Turtingiausias-Babilono-zmogus.avif","datePublished":"2026-01-28T16:18:20+00:00","dateModified":"2026-02-26T08:05:55+00:00","description":"Veiksmas vyksta senov\u0117s Babilone. Pasakojama apie vien\u0105 Babilono verg\u0105, pasinaudojus\u012f toje knygoje sura\u0161ytomis paslaptimis ir pasaki\u0161kai praturt\u0117jusiu.","breadcrumb":{"@id":"https:\/\/skaitytaknyga.lt\/produktas\/turtingiausias-babilono-zmogus\/#breadcrumb"},"inLanguage":"en-GB","potentialAction":[{"@type":"ReadAction","target":["https:\/\/skaitytaknyga.lt\/produktas\/turtingiausias-babilono-zmogus\/"]}]},{"@type":"ImageObject","inLanguage":"en-GB","@id":"https:\/\/skaitytaknyga.lt\/produktas\/turtingiausias-babilono-zmogus\/#primaryimage","url":"https:\/\/skaitytaknyga.lt\/wp-content\/uploads\/2026\/01\/Turtingiausias-Babilono-zmogus.avif","contentUrl":"https:\/\/skaitytaknyga.lt\/wp-content\/uploads\/2026\/01\/Turtingiausias-Babilono-zmogus.avif","width":1000,"height":563},{"@type":"BreadcrumbList","@id":"https:\/\/skaitytaknyga.lt\/produktas\/turtingiausias-babilono-zmogus\/#breadcrumb","itemListElement":[{"@type":"ListItem","position":1,"name":"Home","item":"https:\/\/skaitytaknyga.lt\/"},{"@type":"ListItem","position":2,"name":"Parduotuv\u0117","item":"https:\/\/skaitytaknyga.lt\/knygu-parduotuve\/"},{"@type":"ListItem","position":3,"name":"Turtingiausias Babilono \u017emogus"}]},{"@type":"WebSite","@id":"https:\/\/skaitytaknyga.lt\/#website","url":"https:\/\/skaitytaknyga.lt\/","name":"skaitytaknyga.lt","description":"Skaitytaknyga.lt \u2013 tai ma\u017eas \u0161eimos verslas, kuris prasid\u0117jo nuo meil\u0117s knygoms ir siekio i\u0161gelb\u0117ti knygas nuo likimo prie konteinerio. Kas vienam nereikalingas daiktas \u2013 kitam lobis, o mes esame tarpininkai, kurie padeda abiems tapti laimingesniems ???? \u017dinome kaip nelengva i\u0161gyventi ma\u017eiems verslams, tad nuo \u0161iol, \u010dia rasite ir kit\u0173, ma\u017e\u0173 \u0161eim\u0173 versl\u0173, rank\u0173 darbo, dovan\u0173 sau ir artimiesiems.","publisher":{"@id":"https:\/\/skaitytaknyga.lt\/#organization"},"potentialAction":[{"@type":"SearchAction","target":{"@type":"EntryPoint","urlTemplate":"https:\/\/skaitytaknyga.lt\/?s={search_term_string}"},"query-input":{"@type":"PropertyValueSpecification","valueRequired":true,"valueName":"search_term_string"}}],"inLanguage":"en-GB"},{"@type":"Organization","@id":"https:\/\/skaitytaknyga.lt\/#organization","name":"skaitytaknyga.lt","url":"https:\/\/skaitytaknyga.lt\/","logo":{"@type":"ImageObject","inLanguage":"en-GB","@id":"https:\/\/skaitytaknyga.lt\/#\/schema\/logo\/image\/","url":"https:\/\/skaitytaknyga.lt\/wp-content\/uploads\/2024\/05\/cropped-cropped-cropped-02_00843_jt3bggkj1j3HLc7SyY6rEUpg.jpeg","contentUrl":"https:\/\/skaitytaknyga.lt\/wp-content\/uploads\/2024\/05\/cropped-cropped-cropped-02_00843_jt3bggkj1j3HLc7SyY6rEUpg.jpeg","width":1600,"height":1600,"caption":"skaitytaknyga.lt"},"image":{"@id":"https:\/\/skaitytaknyga.lt\/#\/schema\/logo\/image\/"},"sameAs":["https:\/\/www.facebook.com\/skaitytaknyga\/"]}]}},"_links":{"self":[{"href":"https:\/\/skaitytaknyga.lt\/en\/wp-json\/wp\/v2\/product\/22782","targetHints":{"allow":["GET"]}}],"collection":[{"href":"https:\/\/skaitytaknyga.lt\/en\/wp-json\/wp\/v2\/product"}],"about":[{"href":"https:\/\/skaitytaknyga.lt\/en\/wp-json\/wp\/v2\/types\/product"}],"replies":[{"embeddable":true,"href":"https:\/\/skaitytaknyga.lt\/en\/wp-json\/wp\/v2\/comments?post=22782"}],"wp:featuredmedia":[{"embeddable":true,"href":"https:\/\/skaitytaknyga.lt\/en\/wp-json\/wp\/v2\/media\/22787"}],"wp:attachment":[{"href":"https:\/\/skaitytaknyga.lt\/en\/wp-json\/wp\/v2\/media?parent=22782"}],"wp:term":[{"taxonomy":"product_brand","embeddable":true,"href":"https:\/\/skaitytaknyga.lt\/en\/wp-json\/wp\/v2\/product_brand?post=22782"},{"taxonomy":"product_cat","embeddable":true,"href":"https:\/\/skaitytaknyga.lt\/en\/wp-json\/wp\/v2\/product_cat?post=22782"},{"taxonomy":"product_tag","embeddable":true,"href":"https:\/\/skaitytaknyga.lt\/en\/wp-json\/wp\/v2\/product_tag?post=22782"}],"curies":[{"name":"wp","href":"https:\/\/api.w.org\/{rel}","templated":true}]}}