{"id":22781,"date":"2026-01-28T18:18:19","date_gmt":"2026-01-28T16:18:19","guid":{"rendered":"https:\/\/skaitytaknyga.lt\/?post_type=product&#038;p=22781"},"modified":"2026-03-19T08:14:42","modified_gmt":"2026-03-19T06:14:42","slug":"siksnosparniuko-kaledos","status":"publish","type":"product","link":"https:\/\/skaitytaknyga.lt\/en\/produktas\/siksnosparniuko-kaledos\/","title":{"rendered":"\u0160ik\u0161nosparniuko Kal\u0117dos"},"content":{"rendered":"<p>Kal\u0117dos jau visai \u010dia pat! Mi\u0161ko gyventojai d\u017eiugiai ruo\u0161iasi gra\u017eiausiai met\u0173 \u0161ventei. Tik \u0160ik\u0161nosparniukas li\u016bdi, nes vis u\u017emiega nesulauk\u0119s Kal\u0117d\u0173 ryto ir negali \u0161v\u0119sti drauge su kitais mi\u0161ko \u017ev\u0117reliais. Ar pagaliau \u012fvyks didysis Kal\u0117d\u0173 stebuklas, su\u0161ildysiantis net \u017evarbiausias \u0161irdis ir atskleisiantis tikr\u0105j\u0105 Kal\u0117d\u0173 magij\u0105?<\/p>\n<p>U\u017eburian\u010dio gro\u017eio \u017eiemos pasaka, sukurta dvyni\u0173 dueto \u2013 ra\u0161ytojos Indr\u0117s Pavilonyt\u0117s ir iliustruotojo Martyno Pavilonio \u2013 ir ma\u017eam, ir dideliam pad\u0117s laukti Kal\u0117d\u0173 stebuklo ir apgaubs gra\u017eiausi\u0173 met\u0173 \u0161ven\u010di\u0173 jaukumu.<\/p>\n","protected":false},"excerpt":{"rendered":"<p>Kal\u0117dos jau visai \u010dia pat! Mi\u0161ko gyventojai d\u017eiugiai ruo\u0161iasi gra\u017eiausiai met\u0173 \u0161ventei. Tik \u0160ik\u0161nosparniukas li\u016bdi, nes vis u\u017emiega nesulauk\u0119s Kal\u0117d\u0173 ryto ir negali \u0161v\u0119sti drauge su kitais mi\u0161ko \u017ev\u0117reliais. Ar pagaliau \u012fvyks didysis Kal\u0117d\u0173 stebuklas, su\u0161ildysiantis net \u017evarbiausias \u0161irdis ir atskleisiantis tikr\u0105j\u0105 Kal\u0117d\u0173 magij\u0105? U\u017eburian\u010dio gro\u017eio \u017eiemos pasaka, sukurta dvyni\u0173 dueto \u2013 ra\u0161ytojos Indr\u0117s Pavilonyt\u0117s ir iliustruotojo Martyno Pavilonio \u2013 ir ma\u017eam, ir dideliam pad\u0117s laukti Kal\u0117d\u0173 stebuklo ir apgaubs gra\u017eiausi\u0173 met\u0173 \u0161ven\u010di\u0173 jaukumu.<\/p>\n","protected":false},"featured_media":22786,"comment_status":"open","ping_status":"closed","template":"","meta":{"_acf_changed":false,"site-sidebar-layout":"default","site-content-layout":"","ast-site-content-layout":"default","site-content-style":"default","site-sidebar-style":"default","ast-global-header-display":"","ast-banner-title-visibility":"","ast-main-header-display":"","ast-hfb-above-header-display":"","ast-hfb-below-header-display":"","ast-hfb-mobile-header-display":"","site-post-title":"","ast-breadcrumbs-content":"","ast-featured-img":"","footer-sml-layout":"","ast-disable-related-posts":"","theme-transparent-header-meta":"","adv-header-id-meta":"","stick-header-meta":"","header-above-stick-meta":"","header-main-stick-meta":"","header-below-stick-meta":"","astra-migrate-meta-layouts":"default","ast-page-background-enabled":"default","ast-page-background-meta":{"desktop":{"background-color":"","background-image":"","background-repeat":"repeat","background-position":"center center","background-size":"auto","background-attachment":"scroll","background-type":"","background-media":"","overlay-type":"","overlay-color":"","overlay-opacity":"","overlay-gradient":""},"tablet":{"background-color":"","background-image":"","background-repeat":"repeat","background-position":"center center","background-size":"auto","background-attachment":"scroll","background-type":"","background-media":"","overlay-type":"","overlay-color":"","overlay-opacity":"","overlay-gradient":""},"mobile":{"background-color":"","background-image":"","background-repeat":"repeat","background-position":"center center","background-size":"auto","background-attachment":"scroll","background-type":"","background-media":"","overlay-type":"","overlay-color":"","overlay-opacity":"","overlay-gradient":""}},"ast-content-background-meta":{"desktop":{"background-color":"var(--ast-global-color-4)","background-image":"","background-repeat":"repeat","background-position":"center center","background-size":"auto","background-attachment":"scroll","background-type":"","background-media":"","overlay-type":"","overlay-color":"","overlay-opacity":"","overlay-gradient":""},"tablet":{"background-color":"var(--ast-global-color-4)","background-image":"","background-repeat":"repeat","background-position":"center center","background-size":"auto","background-attachment":"scroll","background-type":"","background-media":"","overlay-type":"","overlay-color":"","overlay-opacity":"","overlay-gradient":""},"mobile":{"background-color":"var(--ast-global-color-4)","background-image":"","background-repeat":"repeat","background-position":"center center","background-size":"auto","background-attachment":"scroll","background-type":"","background-media":"","overlay-type":"","overlay-color":"","overlay-opacity":"","overlay-gradient":""}}},"product_brand":[],"product_cat":[9674],"product_tag":[1647,5317,3162,1785,1770],"class_list":{"0":"post-22781","1":"product","2":"type-product","3":"status-publish","4":"has-post-thumbnail","6":"product_cat-pradinukams","7":"product_tag-draugyste","8":"product_tag-miskas","9":"product_tag-stebuklai","10":"product_tag-vaikams","11":"product_tag-ziema","12":"desktop-align-left","13":"tablet-align-left","14":"mobile-align-left","16":"first","17":"outofstock","18":"shipping-taxable","19":"purchasable","20":"product-type-simple"},"acf":[],"yoast_head":"<!-- This site is optimized with the Yoast SEO plugin v27.0 - https:\/\/yoast.com\/product\/yoast-seo-wordpress\/ -->\n<title>\u0160ik\u0161nosparniuko Kal\u0117dos<\/title>\n<meta name=\"description\" content=\"Kal\u0117dos jau visai \u010dia pat! Mi\u0161ko gyventojai d\u017eiugiai ruo\u0161iasi gra\u017eiausiai met\u0173 \u0161ventei. Tik \u0160ik\u0161nosparniukas li\u016bdi, nes vis u\u017emiega nesulauk\u0119s Kal\u0117d\u0173 ryto\" \/>\n<meta name=\"robots\" content=\"index, follow, max-snippet:-1, max-image-preview:large, max-video-preview:-1\" \/>\n<link rel=\"canonical\" href=\"https:\/\/skaitytaknyga.lt\/en\/produktas\/siksnosparniuko-kaledos\/\" \/>\n<meta property=\"og:locale\" content=\"en_GB\" \/>\n<meta property=\"og:locale:alternate\" content=\"lt_LT\" \/>\n<meta property=\"og:type\" content=\"article\" \/>\n<meta property=\"og:title\" content=\"\u0160ik\u0161nosparniuko Kal\u0117dos\" \/>\n<meta property=\"og:description\" content=\"Kal\u0117dos jau visai \u010dia pat! Mi\u0161ko gyventojai d\u017eiugiai ruo\u0161iasi gra\u017eiausiai met\u0173 \u0161ventei. Tik \u0160ik\u0161nosparniukas li\u016bdi, nes vis u\u017emiega nesulauk\u0119s Kal\u0117d\u0173 ryto\" \/>\n<meta property=\"og:url\" content=\"https:\/\/skaitytaknyga.lt\/en\/produktas\/siksnosparniuko-kaledos\/\" \/>\n<meta property=\"og:site_name\" content=\"Skaitytaknyga\" \/>\n<meta property=\"article:publisher\" content=\"https:\/\/www.facebook.com\/skaitytaknyga\/\" \/>\n<meta property=\"article:modified_time\" content=\"2026-03-19T06:14:42+00:00\" \/>\n<meta property=\"og:image\" content=\"https:\/\/skaitytaknyga.lt\/wp-content\/uploads\/2026\/01\/Siksnosparniuko-Kaledos-1.webp\" \/>\n\t<meta property=\"og:image:width\" content=\"300\" \/>\n\t<meta property=\"og:image:height\" content=\"377\" \/>\n\t<meta property=\"og:image:type\" content=\"image\/webp\" \/>\n<meta name=\"twitter:card\" content=\"summary_large_image\" \/>\n<meta name=\"twitter:label1\" content=\"Estimated reading time\" \/>\n\t<meta name=\"twitter:data1\" content=\"1 minute\" \/>\n<script type=\"application\/ld+json\" class=\"yoast-schema-graph\">{\"@context\":\"https:\/\/schema.org\",\"@graph\":[{\"@type\":\"WebPage\",\"@id\":\"https:\/\/skaitytaknyga.lt\/produktas\/siksnosparniuko-kaledos\/\",\"url\":\"https:\/\/skaitytaknyga.lt\/produktas\/siksnosparniuko-kaledos\/\",\"name\":\"\u0160ik\u0161nosparniuko Kal\u0117dos\",\"isPartOf\":{\"@id\":\"https:\/\/skaitytaknyga.lt\/#website\"},\"primaryImageOfPage\":{\"@id\":\"https:\/\/skaitytaknyga.lt\/produktas\/siksnosparniuko-kaledos\/#primaryimage\"},\"image\":{\"@id\":\"https:\/\/skaitytaknyga.lt\/produktas\/siksnosparniuko-kaledos\/#primaryimage\"},\"thumbnailUrl\":\"https:\/\/skaitytaknyga.lt\/wp-content\/uploads\/2026\/01\/Siksnosparniuko-Kaledos-1.webp\",\"datePublished\":\"2026-01-28T16:18:19+00:00\",\"dateModified\":\"2026-03-19T06:14:42+00:00\",\"description\":\"Kal\u0117dos jau visai \u010dia pat! Mi\u0161ko gyventojai d\u017eiugiai ruo\u0161iasi gra\u017eiausiai met\u0173 \u0161ventei. Tik \u0160ik\u0161nosparniukas li\u016bdi, nes vis u\u017emiega nesulauk\u0119s Kal\u0117d\u0173 ryto\",\"breadcrumb\":{\"@id\":\"https:\/\/skaitytaknyga.lt\/produktas\/siksnosparniuko-kaledos\/#breadcrumb\"},\"inLanguage\":\"en-GB\",\"potentialAction\":[{\"@type\":\"ReadAction\",\"target\":[\"https:\/\/skaitytaknyga.lt\/produktas\/siksnosparniuko-kaledos\/\"]}]},{\"@type\":\"ImageObject\",\"inLanguage\":\"en-GB\",\"@id\":\"https:\/\/skaitytaknyga.lt\/produktas\/siksnosparniuko-kaledos\/#primaryimage\",\"url\":\"https:\/\/skaitytaknyga.lt\/wp-content\/uploads\/2026\/01\/Siksnosparniuko-Kaledos-1.webp\",\"contentUrl\":\"https:\/\/skaitytaknyga.lt\/wp-content\/uploads\/2026\/01\/Siksnosparniuko-Kaledos-1.webp\",\"width\":300,\"height\":377},{\"@type\":\"BreadcrumbList\",\"@id\":\"https:\/\/skaitytaknyga.lt\/produktas\/siksnosparniuko-kaledos\/#breadcrumb\",\"itemListElement\":[{\"@type\":\"ListItem\",\"position\":1,\"name\":\"Home\",\"item\":\"https:\/\/skaitytaknyga.lt\/\"},{\"@type\":\"ListItem\",\"position\":2,\"name\":\"Parduotuv\u0117\",\"item\":\"https:\/\/skaitytaknyga.lt\/knygu-parduotuve\/\"},{\"@type\":\"ListItem\",\"position\":3,\"name\":\"\u0160ik\u0161nosparniuko Kal\u0117dos\"}]},{\"@type\":\"WebSite\",\"@id\":\"https:\/\/skaitytaknyga.lt\/#website\",\"url\":\"https:\/\/skaitytaknyga.lt\/\",\"name\":\"skaitytaknyga.lt\",\"description\":\"Skaitytaknyga.lt \u2013 tai ma\u017eas \u0161eimos verslas, kuris prasid\u0117jo nuo meil\u0117s knygoms ir siekio i\u0161gelb\u0117ti knygas nuo likimo prie konteinerio. Kas vienam nereikalingas daiktas \u2013 kitam lobis, o mes esame tarpininkai, kurie padeda abiems tapti laimingesniems ???? \u017dinome kaip nelengva i\u0161gyventi ma\u017eiems verslams, tad nuo \u0161iol, \u010dia rasite ir kit\u0173, ma\u017e\u0173 \u0161eim\u0173 versl\u0173, rank\u0173 darbo, dovan\u0173 sau ir artimiesiems.\",\"publisher\":{\"@id\":\"https:\/\/skaitytaknyga.lt\/#organization\"},\"potentialAction\":[{\"@type\":\"SearchAction\",\"target\":{\"@type\":\"EntryPoint\",\"urlTemplate\":\"https:\/\/skaitytaknyga.lt\/?s={search_term_string}\"},\"query-input\":{\"@type\":\"PropertyValueSpecification\",\"valueRequired\":true,\"valueName\":\"search_term_string\"}}],\"inLanguage\":\"en-GB\"},{\"@type\":\"Organization\",\"@id\":\"https:\/\/skaitytaknyga.lt\/#organization\",\"name\":\"skaitytaknyga.lt\",\"url\":\"https:\/\/skaitytaknyga.lt\/\",\"logo\":{\"@type\":\"ImageObject\",\"inLanguage\":\"en-GB\",\"@id\":\"https:\/\/skaitytaknyga.lt\/#\/schema\/logo\/image\/\",\"url\":\"https:\/\/skaitytaknyga.lt\/wp-content\/uploads\/2024\/05\/cropped-cropped-cropped-02_00843_jt3bggkj1j3HLc7SyY6rEUpg.jpeg\",\"contentUrl\":\"https:\/\/skaitytaknyga.lt\/wp-content\/uploads\/2024\/05\/cropped-cropped-cropped-02_00843_jt3bggkj1j3HLc7SyY6rEUpg.jpeg\",\"width\":1600,\"height\":1600,\"caption\":\"skaitytaknyga.lt\"},\"image\":{\"@id\":\"https:\/\/skaitytaknyga.lt\/#\/schema\/logo\/image\/\"},\"sameAs\":[\"https:\/\/www.facebook.com\/skaitytaknyga\/\"]}]}<\/script>\n<!-- \/ Yoast SEO plugin. -->","yoast_head_json":{"title":"\u0160ik\u0161nosparniuko Kal\u0117dos","description":"Kal\u0117dos jau visai \u010dia pat! Mi\u0161ko gyventojai d\u017eiugiai ruo\u0161iasi gra\u017eiausiai met\u0173 \u0161ventei. Tik \u0160ik\u0161nosparniukas li\u016bdi, nes vis u\u017emiega nesulauk\u0119s Kal\u0117d\u0173 ryto","robots":{"index":"index","follow":"follow","max-snippet":"max-snippet:-1","max-image-preview":"max-image-preview:large","max-video-preview":"max-video-preview:-1"},"canonical":"https:\/\/skaitytaknyga.lt\/en\/produktas\/siksnosparniuko-kaledos\/","og_locale":"en_GB","og_type":"article","og_title":"[:lt]\u0160ik\u0161nosparniuko Kal\u0117dos[:] - Skaitytaknyga","og_description":"Kal\u0117dos jau visai \u010dia pat! Mi\u0161ko gyventojai d\u017eiugiai ruo\u0161iasi gra\u017eiausiai met\u0173 \u0161ventei. Tik \u0160ik\u0161nosparniukas li\u016bdi, nes vis u\u017emiega nesulauk\u0119s Kal\u0117d\u0173 ryto","og_url":"https:\/\/skaitytaknyga.lt\/en\/produktas\/siksnosparniuko-kaledos\/","og_site_name":"Skaitytaknyga","article_publisher":"https:\/\/www.facebook.com\/skaitytaknyga\/","article_modified_time":"2026-03-19T06:14:42+00:00","og_image":[{"width":300,"height":377,"url":"https:\/\/skaitytaknyga.lt\/wp-content\/uploads\/2026\/01\/Siksnosparniuko-Kaledos-1.webp","type":"image\/webp"}],"twitter_card":"summary_large_image","twitter_misc":{"Estimated reading time":"1 minute"},"schema":{"@context":"https:\/\/schema.org","@graph":[{"@type":"WebPage","@id":"https:\/\/skaitytaknyga.lt\/produktas\/siksnosparniuko-kaledos\/","url":"https:\/\/skaitytaknyga.lt\/produktas\/siksnosparniuko-kaledos\/","name":"\u0160ik\u0161nosparniuko Kal\u0117dos","isPartOf":{"@id":"https:\/\/skaitytaknyga.lt\/#website"},"primaryImageOfPage":{"@id":"https:\/\/skaitytaknyga.lt\/produktas\/siksnosparniuko-kaledos\/#primaryimage"},"image":{"@id":"https:\/\/skaitytaknyga.lt\/produktas\/siksnosparniuko-kaledos\/#primaryimage"},"thumbnailUrl":"https:\/\/skaitytaknyga.lt\/wp-content\/uploads\/2026\/01\/Siksnosparniuko-Kaledos-1.webp","datePublished":"2026-01-28T16:18:19+00:00","dateModified":"2026-03-19T06:14:42+00:00","description":"Kal\u0117dos jau visai \u010dia pat! Mi\u0161ko gyventojai d\u017eiugiai ruo\u0161iasi gra\u017eiausiai met\u0173 \u0161ventei. Tik \u0160ik\u0161nosparniukas li\u016bdi, nes vis u\u017emiega nesulauk\u0119s Kal\u0117d\u0173 ryto","breadcrumb":{"@id":"https:\/\/skaitytaknyga.lt\/produktas\/siksnosparniuko-kaledos\/#breadcrumb"},"inLanguage":"en-GB","potentialAction":[{"@type":"ReadAction","target":["https:\/\/skaitytaknyga.lt\/produktas\/siksnosparniuko-kaledos\/"]}]},{"@type":"ImageObject","inLanguage":"en-GB","@id":"https:\/\/skaitytaknyga.lt\/produktas\/siksnosparniuko-kaledos\/#primaryimage","url":"https:\/\/skaitytaknyga.lt\/wp-content\/uploads\/2026\/01\/Siksnosparniuko-Kaledos-1.webp","contentUrl":"https:\/\/skaitytaknyga.lt\/wp-content\/uploads\/2026\/01\/Siksnosparniuko-Kaledos-1.webp","width":300,"height":377},{"@type":"BreadcrumbList","@id":"https:\/\/skaitytaknyga.lt\/produktas\/siksnosparniuko-kaledos\/#breadcrumb","itemListElement":[{"@type":"ListItem","position":1,"name":"Home","item":"https:\/\/skaitytaknyga.lt\/"},{"@type":"ListItem","position":2,"name":"Parduotuv\u0117","item":"https:\/\/skaitytaknyga.lt\/knygu-parduotuve\/"},{"@type":"ListItem","position":3,"name":"\u0160ik\u0161nosparniuko Kal\u0117dos"}]},{"@type":"WebSite","@id":"https:\/\/skaitytaknyga.lt\/#website","url":"https:\/\/skaitytaknyga.lt\/","name":"skaitytaknyga.lt","description":"Skaitytaknyga.lt \u2013 tai ma\u017eas \u0161eimos verslas, kuris prasid\u0117jo nuo meil\u0117s knygoms ir siekio i\u0161gelb\u0117ti knygas nuo likimo prie konteinerio. Kas vienam nereikalingas daiktas \u2013 kitam lobis, o mes esame tarpininkai, kurie padeda abiems tapti laimingesniems ???? \u017dinome kaip nelengva i\u0161gyventi ma\u017eiems verslams, tad nuo \u0161iol, \u010dia rasite ir kit\u0173, ma\u017e\u0173 \u0161eim\u0173 versl\u0173, rank\u0173 darbo, dovan\u0173 sau ir artimiesiems.","publisher":{"@id":"https:\/\/skaitytaknyga.lt\/#organization"},"potentialAction":[{"@type":"SearchAction","target":{"@type":"EntryPoint","urlTemplate":"https:\/\/skaitytaknyga.lt\/?s={search_term_string}"},"query-input":{"@type":"PropertyValueSpecification","valueRequired":true,"valueName":"search_term_string"}}],"inLanguage":"en-GB"},{"@type":"Organization","@id":"https:\/\/skaitytaknyga.lt\/#organization","name":"skaitytaknyga.lt","url":"https:\/\/skaitytaknyga.lt\/","logo":{"@type":"ImageObject","inLanguage":"en-GB","@id":"https:\/\/skaitytaknyga.lt\/#\/schema\/logo\/image\/","url":"https:\/\/skaitytaknyga.lt\/wp-content\/uploads\/2024\/05\/cropped-cropped-cropped-02_00843_jt3bggkj1j3HLc7SyY6rEUpg.jpeg","contentUrl":"https:\/\/skaitytaknyga.lt\/wp-content\/uploads\/2024\/05\/cropped-cropped-cropped-02_00843_jt3bggkj1j3HLc7SyY6rEUpg.jpeg","width":1600,"height":1600,"caption":"skaitytaknyga.lt"},"image":{"@id":"https:\/\/skaitytaknyga.lt\/#\/schema\/logo\/image\/"},"sameAs":["https:\/\/www.facebook.com\/skaitytaknyga\/"]}]}},"_links":{"self":[{"href":"https:\/\/skaitytaknyga.lt\/en\/wp-json\/wp\/v2\/product\/22781","targetHints":{"allow":["GET"]}}],"collection":[{"href":"https:\/\/skaitytaknyga.lt\/en\/wp-json\/wp\/v2\/product"}],"about":[{"href":"https:\/\/skaitytaknyga.lt\/en\/wp-json\/wp\/v2\/types\/product"}],"replies":[{"embeddable":true,"href":"https:\/\/skaitytaknyga.lt\/en\/wp-json\/wp\/v2\/comments?post=22781"}],"wp:featuredmedia":[{"embeddable":true,"href":"https:\/\/skaitytaknyga.lt\/en\/wp-json\/wp\/v2\/media\/22786"}],"wp:attachment":[{"href":"https:\/\/skaitytaknyga.lt\/en\/wp-json\/wp\/v2\/media?parent=22781"}],"wp:term":[{"taxonomy":"product_brand","embeddable":true,"href":"https:\/\/skaitytaknyga.lt\/en\/wp-json\/wp\/v2\/product_brand?post=22781"},{"taxonomy":"product_cat","embeddable":true,"href":"https:\/\/skaitytaknyga.lt\/en\/wp-json\/wp\/v2\/product_cat?post=22781"},{"taxonomy":"product_tag","embeddable":true,"href":"https:\/\/skaitytaknyga.lt\/en\/wp-json\/wp\/v2\/product_tag?post=22781"}],"curies":[{"name":"wp","href":"https:\/\/api.w.org\/{rel}","templated":true}]}}