{"id":22780,"date":"2026-01-28T18:18:19","date_gmt":"2026-01-28T16:18:19","guid":{"rendered":"https:\/\/skaitytaknyga.lt\/?post_type=product&#038;p=22780"},"modified":"2026-03-05T16:47:08","modified_gmt":"2026-03-05T14:47:08","slug":"mamules-mu-ir-varnos-kaledos","status":"publish","type":"product","link":"https:\/\/skaitytaknyga.lt\/en\/produktas\/mamules-mu-ir-varnos-kaledos\/","title":{"rendered":"Mamul\u0117s M\u016b ir Varnos Kal\u0117dos"},"content":{"rendered":"<p>Prie\u0161 Kal\u0117das d\u0117l dovan\u0173 visi ver\u010diasi per galvas. Mamul\u0117 M\u016b stengiasi gerai pa\u0161okin\u0117ti \u2013 o gal ims ir susikratys i\u0161 pieno plakta grietin\u0117l\u0117? Tai bent bus staigmena \u016bkininkui!.. \u017dinoma, \u0161vent\u0117ms kiekvienas ruo\u0161iasi savaip:<\/p>\n<p>\u2013 Lego detal\u0117! Oi kaip noriu.<br \/>\nIr Varna suvyniojo bei u\u017eklijavo dovan\u0105. Tada \u012fki\u0161o nos\u012f \u012f \u012franki\u0173 d\u0117\u017e\u0119.<br \/>\n\u2013 O, de\u0161rigalis, niam. Tai apsid\u017eiaugsiu.<br \/>\nVarna \u0161mi\u017ein\u0117jo po lizd\u0105 aptikdama vis daugiau tinkam\u0173 daikt\u0173. Varna vyniojo, klijavo ir u\u017era\u0161in\u0117jo atvirukus.<br \/>\n\u201eLinksm\u0173 Kal\u0117d\u0173 Varnai nuo Varnos&#8221;, \u2013 link\u0117jo Varna ant vis\u0173 dovan\u0117li\u0173.<br \/>\nVarna jaut\u0117si pavargusi, bet patenkinta.<br \/>\n\u2013 \u0160tai taip, dabar tegul ateina tos Kal\u0117dos kada tik nori. Labanakt!<\/p>\n","protected":false},"excerpt":{"rendered":"<p>Prie\u0161 Kal\u0117das d\u0117l dovan\u0173 visi ver\u010diasi per galvas. Mamul\u0117 M\u016b stengiasi gerai pa\u0161okin\u0117ti \u2013 o gal ims ir susikratys i\u0161 pieno plakta grietin\u0117l\u0117? Tai bent bus staigmena \u016bkininkui!.. \u017dinoma, \u0161vent\u0117ms kiekvienas ruo\u0161iasi savaip: \u2013 Lego detal\u0117! Oi kaip noriu. Ir Varna suvyniojo bei u\u017eklijavo dovan\u0105. Tada \u012fki\u0161o nos\u012f \u012f \u012franki\u0173 d\u0117\u017e\u0119. \u2013 O, de\u0161rigalis, niam. Tai apsid\u017eiaugsiu. Varna \u0161mi\u017ein\u0117jo po lizd\u0105 aptikdama vis daugiau tinkam\u0173 daikt\u0173. Varna vyniojo, klijavo ir u\u017era\u0161in\u0117jo atvirukus. \u201eLinksm\u0173 Kal\u0117d\u0173 Varnai nuo Varnos&#8221;, \u2013 link\u0117jo Varna ant vis\u0173 dovan\u0117li\u0173. Varna jaut\u0117si pavargusi, bet patenkinta. \u2013 \u0160tai taip, dabar tegul ateina tos Kal\u0117dos kada tik nori. Labanakt!<\/p>\n","protected":false},"featured_media":22785,"comment_status":"open","ping_status":"closed","template":"","meta":{"_acf_changed":false,"site-sidebar-layout":"default","site-content-layout":"","ast-site-content-layout":"default","site-content-style":"default","site-sidebar-style":"default","ast-global-header-display":"","ast-banner-title-visibility":"","ast-main-header-display":"","ast-hfb-above-header-display":"","ast-hfb-below-header-display":"","ast-hfb-mobile-header-display":"","site-post-title":"","ast-breadcrumbs-content":"","ast-featured-img":"","footer-sml-layout":"","ast-disable-related-posts":"","theme-transparent-header-meta":"","adv-header-id-meta":"","stick-header-meta":"","header-above-stick-meta":"","header-main-stick-meta":"","header-below-stick-meta":"","astra-migrate-meta-layouts":"default","ast-page-background-enabled":"default","ast-page-background-meta":{"desktop":{"background-color":"","background-image":"","background-repeat":"repeat","background-position":"center center","background-size":"auto","background-attachment":"scroll","background-type":"","background-media":"","overlay-type":"","overlay-color":"","overlay-opacity":"","overlay-gradient":""},"tablet":{"background-color":"","background-image":"","background-repeat":"repeat","background-position":"center center","background-size":"auto","background-attachment":"scroll","background-type":"","background-media":"","overlay-type":"","overlay-color":"","overlay-opacity":"","overlay-gradient":""},"mobile":{"background-color":"","background-image":"","background-repeat":"repeat","background-position":"center center","background-size":"auto","background-attachment":"scroll","background-type":"","background-media":"","overlay-type":"","overlay-color":"","overlay-opacity":"","overlay-gradient":""}},"ast-content-background-meta":{"desktop":{"background-color":"var(--ast-global-color-4)","background-image":"","background-repeat":"repeat","background-position":"center center","background-size":"auto","background-attachment":"scroll","background-type":"","background-media":"","overlay-type":"","overlay-color":"","overlay-opacity":"","overlay-gradient":""},"tablet":{"background-color":"var(--ast-global-color-4)","background-image":"","background-repeat":"repeat","background-position":"center center","background-size":"auto","background-attachment":"scroll","background-type":"","background-media":"","overlay-type":"","overlay-color":"","overlay-opacity":"","overlay-gradient":""},"mobile":{"background-color":"var(--ast-global-color-4)","background-image":"","background-repeat":"repeat","background-position":"center center","background-size":"auto","background-attachment":"scroll","background-type":"","background-media":"","overlay-type":"","overlay-color":"","overlay-opacity":"","overlay-gradient":""}}},"product_brand":[],"product_cat":[9677],"product_tag":[1647,2054,1980,9276,1785],"class_list":{"0":"post-22780","1":"product","2":"type-product","3":"status-publish","4":"has-post-thumbnail","6":"product_cat-ikimokyklinukams","7":"product_tag-draugyste","8":"product_tag-gyvunai","9":"product_tag-humoras","10":"product_tag-jujja-wieslander","11":"product_tag-vaikams","12":"desktop-align-left","13":"tablet-align-left","14":"mobile-align-left","16":"first","17":"instock","18":"shipping-taxable","19":"purchasable","20":"product-type-simple"},"acf":[],"yoast_head":"<!-- This site is optimized with the Yoast SEO plugin v27.0 - https:\/\/yoast.com\/product\/yoast-seo-wordpress\/ -->\n<title>Mamul\u0117s M\u016b ir Varnos Kal\u0117dos<\/title>\n<meta name=\"description\" content=\"Prie\u0161 Kal\u0117das d\u0117l dovan\u0173 visi ver\u010diasi per galvas. Mamul\u0117 M\u016b stengiasi gerai pa\u0161okin\u0117ti \u2013 o gal ims ir susikratys i\u0161 pieno plakta grietin\u0117l\u0117? Tai bent bus\" \/>\n<meta name=\"robots\" content=\"index, follow, max-snippet:-1, max-image-preview:large, max-video-preview:-1\" \/>\n<link rel=\"canonical\" href=\"https:\/\/skaitytaknyga.lt\/en\/produktas\/mamules-mu-ir-varnos-kaledos\/\" \/>\n<meta property=\"og:locale\" content=\"en_GB\" \/>\n<meta property=\"og:locale:alternate\" content=\"lt_LT\" \/>\n<meta property=\"og:type\" content=\"article\" \/>\n<meta property=\"og:title\" content=\"Mamul\u0117s M\u016b ir Varnos Kal\u0117dos\" \/>\n<meta property=\"og:description\" content=\"Prie\u0161 Kal\u0117das d\u0117l dovan\u0173 visi ver\u010diasi per galvas. Mamul\u0117 M\u016b stengiasi gerai pa\u0161okin\u0117ti \u2013 o gal ims ir susikratys i\u0161 pieno plakta grietin\u0117l\u0117? Tai bent bus\" \/>\n<meta property=\"og:url\" content=\"https:\/\/skaitytaknyga.lt\/en\/produktas\/mamules-mu-ir-varnos-kaledos\/\" \/>\n<meta property=\"og:site_name\" content=\"Skaitytaknyga\" \/>\n<meta property=\"article:publisher\" content=\"https:\/\/www.facebook.com\/skaitytaknyga\/\" \/>\n<meta property=\"article:modified_time\" content=\"2026-03-05T14:47:08+00:00\" \/>\n<meta property=\"og:image\" content=\"https:\/\/skaitytaknyga.lt\/wp-content\/uploads\/2026\/01\/Mamules-Mu-ir-Varnos-Kaledos-1.webp\" \/>\n\t<meta property=\"og:image:width\" content=\"303\" \/>\n\t<meta property=\"og:image:height\" content=\"400\" \/>\n\t<meta property=\"og:image:type\" content=\"image\/webp\" \/>\n<meta name=\"twitter:card\" content=\"summary_large_image\" \/>\n<meta name=\"twitter:label1\" content=\"Estimated reading time\" \/>\n\t<meta name=\"twitter:data1\" content=\"1 minute\" \/>\n<script type=\"application\/ld+json\" class=\"yoast-schema-graph\">{\"@context\":\"https:\/\/schema.org\",\"@graph\":[{\"@type\":\"WebPage\",\"@id\":\"https:\/\/skaitytaknyga.lt\/produktas\/mamules-mu-ir-varnos-kaledos\/\",\"url\":\"https:\/\/skaitytaknyga.lt\/produktas\/mamules-mu-ir-varnos-kaledos\/\",\"name\":\"Mamul\u0117s M\u016b ir Varnos Kal\u0117dos\",\"isPartOf\":{\"@id\":\"https:\/\/skaitytaknyga.lt\/#website\"},\"primaryImageOfPage\":{\"@id\":\"https:\/\/skaitytaknyga.lt\/produktas\/mamules-mu-ir-varnos-kaledos\/#primaryimage\"},\"image\":{\"@id\":\"https:\/\/skaitytaknyga.lt\/produktas\/mamules-mu-ir-varnos-kaledos\/#primaryimage\"},\"thumbnailUrl\":\"https:\/\/skaitytaknyga.lt\/wp-content\/uploads\/2026\/01\/Mamules-Mu-ir-Varnos-Kaledos-1.webp\",\"datePublished\":\"2026-01-28T16:18:19+00:00\",\"dateModified\":\"2026-03-05T14:47:08+00:00\",\"description\":\"Prie\u0161 Kal\u0117das d\u0117l dovan\u0173 visi ver\u010diasi per galvas. Mamul\u0117 M\u016b stengiasi gerai pa\u0161okin\u0117ti \u2013 o gal ims ir susikratys i\u0161 pieno plakta grietin\u0117l\u0117? Tai bent bus\",\"breadcrumb\":{\"@id\":\"https:\/\/skaitytaknyga.lt\/produktas\/mamules-mu-ir-varnos-kaledos\/#breadcrumb\"},\"inLanguage\":\"en-GB\",\"potentialAction\":[{\"@type\":\"ReadAction\",\"target\":[\"https:\/\/skaitytaknyga.lt\/produktas\/mamules-mu-ir-varnos-kaledos\/\"]}]},{\"@type\":\"ImageObject\",\"inLanguage\":\"en-GB\",\"@id\":\"https:\/\/skaitytaknyga.lt\/produktas\/mamules-mu-ir-varnos-kaledos\/#primaryimage\",\"url\":\"https:\/\/skaitytaknyga.lt\/wp-content\/uploads\/2026\/01\/Mamules-Mu-ir-Varnos-Kaledos-1.webp\",\"contentUrl\":\"https:\/\/skaitytaknyga.lt\/wp-content\/uploads\/2026\/01\/Mamules-Mu-ir-Varnos-Kaledos-1.webp\",\"width\":303,\"height\":400,\"caption\":\"Mamul\u0117s M\u016b ir Varnos Kal\u0117dos\"},{\"@type\":\"BreadcrumbList\",\"@id\":\"https:\/\/skaitytaknyga.lt\/produktas\/mamules-mu-ir-varnos-kaledos\/#breadcrumb\",\"itemListElement\":[{\"@type\":\"ListItem\",\"position\":1,\"name\":\"Home\",\"item\":\"https:\/\/skaitytaknyga.lt\/\"},{\"@type\":\"ListItem\",\"position\":2,\"name\":\"Parduotuv\u0117\",\"item\":\"https:\/\/skaitytaknyga.lt\/knygu-parduotuve\/\"},{\"@type\":\"ListItem\",\"position\":3,\"name\":\"Mamul\u0117s M\u016b ir Varnos Kal\u0117dos\"}]},{\"@type\":\"WebSite\",\"@id\":\"https:\/\/skaitytaknyga.lt\/#website\",\"url\":\"https:\/\/skaitytaknyga.lt\/\",\"name\":\"skaitytaknyga.lt\",\"description\":\"Skaitytaknyga.lt \u2013 tai ma\u017eas \u0161eimos verslas, kuris prasid\u0117jo nuo meil\u0117s knygoms ir siekio i\u0161gelb\u0117ti knygas nuo likimo prie konteinerio. Kas vienam nereikalingas daiktas \u2013 kitam lobis, o mes esame tarpininkai, kurie padeda abiems tapti laimingesniems ???? \u017dinome kaip nelengva i\u0161gyventi ma\u017eiems verslams, tad nuo \u0161iol, \u010dia rasite ir kit\u0173, ma\u017e\u0173 \u0161eim\u0173 versl\u0173, rank\u0173 darbo, dovan\u0173 sau ir artimiesiems.\",\"publisher\":{\"@id\":\"https:\/\/skaitytaknyga.lt\/#organization\"},\"potentialAction\":[{\"@type\":\"SearchAction\",\"target\":{\"@type\":\"EntryPoint\",\"urlTemplate\":\"https:\/\/skaitytaknyga.lt\/?s={search_term_string}\"},\"query-input\":{\"@type\":\"PropertyValueSpecification\",\"valueRequired\":true,\"valueName\":\"search_term_string\"}}],\"inLanguage\":\"en-GB\"},{\"@type\":\"Organization\",\"@id\":\"https:\/\/skaitytaknyga.lt\/#organization\",\"name\":\"skaitytaknyga.lt\",\"url\":\"https:\/\/skaitytaknyga.lt\/\",\"logo\":{\"@type\":\"ImageObject\",\"inLanguage\":\"en-GB\",\"@id\":\"https:\/\/skaitytaknyga.lt\/#\/schema\/logo\/image\/\",\"url\":\"https:\/\/skaitytaknyga.lt\/wp-content\/uploads\/2024\/05\/cropped-cropped-cropped-02_00843_jt3bggkj1j3HLc7SyY6rEUpg.jpeg\",\"contentUrl\":\"https:\/\/skaitytaknyga.lt\/wp-content\/uploads\/2024\/05\/cropped-cropped-cropped-02_00843_jt3bggkj1j3HLc7SyY6rEUpg.jpeg\",\"width\":1600,\"height\":1600,\"caption\":\"skaitytaknyga.lt\"},\"image\":{\"@id\":\"https:\/\/skaitytaknyga.lt\/#\/schema\/logo\/image\/\"},\"sameAs\":[\"https:\/\/www.facebook.com\/skaitytaknyga\/\"]}]}<\/script>\n<!-- \/ Yoast SEO plugin. -->","yoast_head_json":{"title":"Mamul\u0117s M\u016b ir Varnos Kal\u0117dos","description":"Prie\u0161 Kal\u0117das d\u0117l dovan\u0173 visi ver\u010diasi per galvas. Mamul\u0117 M\u016b stengiasi gerai pa\u0161okin\u0117ti \u2013 o gal ims ir susikratys i\u0161 pieno plakta grietin\u0117l\u0117? Tai bent bus","robots":{"index":"index","follow":"follow","max-snippet":"max-snippet:-1","max-image-preview":"max-image-preview:large","max-video-preview":"max-video-preview:-1"},"canonical":"https:\/\/skaitytaknyga.lt\/en\/produktas\/mamules-mu-ir-varnos-kaledos\/","og_locale":"en_GB","og_type":"article","og_title":"[:lt]Mamul\u0117s M\u016b ir Varnos Kal\u0117dos[:] - Skaitytaknyga","og_description":"Prie\u0161 Kal\u0117das d\u0117l dovan\u0173 visi ver\u010diasi per galvas. Mamul\u0117 M\u016b stengiasi gerai pa\u0161okin\u0117ti \u2013 o gal ims ir susikratys i\u0161 pieno plakta grietin\u0117l\u0117? Tai bent bus","og_url":"https:\/\/skaitytaknyga.lt\/en\/produktas\/mamules-mu-ir-varnos-kaledos\/","og_site_name":"Skaitytaknyga","article_publisher":"https:\/\/www.facebook.com\/skaitytaknyga\/","article_modified_time":"2026-03-05T14:47:08+00:00","og_image":[{"width":303,"height":400,"url":"https:\/\/skaitytaknyga.lt\/wp-content\/uploads\/2026\/01\/Mamules-Mu-ir-Varnos-Kaledos-1.webp","type":"image\/webp"}],"twitter_card":"summary_large_image","twitter_misc":{"Estimated reading time":"1 minute"},"schema":{"@context":"https:\/\/schema.org","@graph":[{"@type":"WebPage","@id":"https:\/\/skaitytaknyga.lt\/produktas\/mamules-mu-ir-varnos-kaledos\/","url":"https:\/\/skaitytaknyga.lt\/produktas\/mamules-mu-ir-varnos-kaledos\/","name":"Mamul\u0117s M\u016b ir Varnos Kal\u0117dos","isPartOf":{"@id":"https:\/\/skaitytaknyga.lt\/#website"},"primaryImageOfPage":{"@id":"https:\/\/skaitytaknyga.lt\/produktas\/mamules-mu-ir-varnos-kaledos\/#primaryimage"},"image":{"@id":"https:\/\/skaitytaknyga.lt\/produktas\/mamules-mu-ir-varnos-kaledos\/#primaryimage"},"thumbnailUrl":"https:\/\/skaitytaknyga.lt\/wp-content\/uploads\/2026\/01\/Mamules-Mu-ir-Varnos-Kaledos-1.webp","datePublished":"2026-01-28T16:18:19+00:00","dateModified":"2026-03-05T14:47:08+00:00","description":"Prie\u0161 Kal\u0117das d\u0117l dovan\u0173 visi ver\u010diasi per galvas. Mamul\u0117 M\u016b stengiasi gerai pa\u0161okin\u0117ti \u2013 o gal ims ir susikratys i\u0161 pieno plakta grietin\u0117l\u0117? Tai bent bus","breadcrumb":{"@id":"https:\/\/skaitytaknyga.lt\/produktas\/mamules-mu-ir-varnos-kaledos\/#breadcrumb"},"inLanguage":"en-GB","potentialAction":[{"@type":"ReadAction","target":["https:\/\/skaitytaknyga.lt\/produktas\/mamules-mu-ir-varnos-kaledos\/"]}]},{"@type":"ImageObject","inLanguage":"en-GB","@id":"https:\/\/skaitytaknyga.lt\/produktas\/mamules-mu-ir-varnos-kaledos\/#primaryimage","url":"https:\/\/skaitytaknyga.lt\/wp-content\/uploads\/2026\/01\/Mamules-Mu-ir-Varnos-Kaledos-1.webp","contentUrl":"https:\/\/skaitytaknyga.lt\/wp-content\/uploads\/2026\/01\/Mamules-Mu-ir-Varnos-Kaledos-1.webp","width":303,"height":400,"caption":"Mamul\u0117s M\u016b ir Varnos Kal\u0117dos"},{"@type":"BreadcrumbList","@id":"https:\/\/skaitytaknyga.lt\/produktas\/mamules-mu-ir-varnos-kaledos\/#breadcrumb","itemListElement":[{"@type":"ListItem","position":1,"name":"Home","item":"https:\/\/skaitytaknyga.lt\/"},{"@type":"ListItem","position":2,"name":"Parduotuv\u0117","item":"https:\/\/skaitytaknyga.lt\/knygu-parduotuve\/"},{"@type":"ListItem","position":3,"name":"Mamul\u0117s M\u016b ir Varnos Kal\u0117dos"}]},{"@type":"WebSite","@id":"https:\/\/skaitytaknyga.lt\/#website","url":"https:\/\/skaitytaknyga.lt\/","name":"skaitytaknyga.lt","description":"Skaitytaknyga.lt \u2013 tai ma\u017eas \u0161eimos verslas, kuris prasid\u0117jo nuo meil\u0117s knygoms ir siekio i\u0161gelb\u0117ti knygas nuo likimo prie konteinerio. Kas vienam nereikalingas daiktas \u2013 kitam lobis, o mes esame tarpininkai, kurie padeda abiems tapti laimingesniems ???? \u017dinome kaip nelengva i\u0161gyventi ma\u017eiems verslams, tad nuo \u0161iol, \u010dia rasite ir kit\u0173, ma\u017e\u0173 \u0161eim\u0173 versl\u0173, rank\u0173 darbo, dovan\u0173 sau ir artimiesiems.","publisher":{"@id":"https:\/\/skaitytaknyga.lt\/#organization"},"potentialAction":[{"@type":"SearchAction","target":{"@type":"EntryPoint","urlTemplate":"https:\/\/skaitytaknyga.lt\/?s={search_term_string}"},"query-input":{"@type":"PropertyValueSpecification","valueRequired":true,"valueName":"search_term_string"}}],"inLanguage":"en-GB"},{"@type":"Organization","@id":"https:\/\/skaitytaknyga.lt\/#organization","name":"skaitytaknyga.lt","url":"https:\/\/skaitytaknyga.lt\/","logo":{"@type":"ImageObject","inLanguage":"en-GB","@id":"https:\/\/skaitytaknyga.lt\/#\/schema\/logo\/image\/","url":"https:\/\/skaitytaknyga.lt\/wp-content\/uploads\/2024\/05\/cropped-cropped-cropped-02_00843_jt3bggkj1j3HLc7SyY6rEUpg.jpeg","contentUrl":"https:\/\/skaitytaknyga.lt\/wp-content\/uploads\/2024\/05\/cropped-cropped-cropped-02_00843_jt3bggkj1j3HLc7SyY6rEUpg.jpeg","width":1600,"height":1600,"caption":"skaitytaknyga.lt"},"image":{"@id":"https:\/\/skaitytaknyga.lt\/#\/schema\/logo\/image\/"},"sameAs":["https:\/\/www.facebook.com\/skaitytaknyga\/"]}]}},"_links":{"self":[{"href":"https:\/\/skaitytaknyga.lt\/en\/wp-json\/wp\/v2\/product\/22780","targetHints":{"allow":["GET"]}}],"collection":[{"href":"https:\/\/skaitytaknyga.lt\/en\/wp-json\/wp\/v2\/product"}],"about":[{"href":"https:\/\/skaitytaknyga.lt\/en\/wp-json\/wp\/v2\/types\/product"}],"replies":[{"embeddable":true,"href":"https:\/\/skaitytaknyga.lt\/en\/wp-json\/wp\/v2\/comments?post=22780"}],"wp:featuredmedia":[{"embeddable":true,"href":"https:\/\/skaitytaknyga.lt\/en\/wp-json\/wp\/v2\/media\/22785"}],"wp:attachment":[{"href":"https:\/\/skaitytaknyga.lt\/en\/wp-json\/wp\/v2\/media?parent=22780"}],"wp:term":[{"taxonomy":"product_brand","embeddable":true,"href":"https:\/\/skaitytaknyga.lt\/en\/wp-json\/wp\/v2\/product_brand?post=22780"},{"taxonomy":"product_cat","embeddable":true,"href":"https:\/\/skaitytaknyga.lt\/en\/wp-json\/wp\/v2\/product_cat?post=22780"},{"taxonomy":"product_tag","embeddable":true,"href":"https:\/\/skaitytaknyga.lt\/en\/wp-json\/wp\/v2\/product_tag?post=22780"}],"curies":[{"name":"wp","href":"https:\/\/api.w.org\/{rel}","templated":true}]}}