{"id":22772,"date":"2026-01-28T17:54:25","date_gmt":"2026-01-28T15:54:25","guid":{"rendered":"https:\/\/skaitytaknyga.lt\/?post_type=product&#038;p=22772"},"modified":"2026-02-04T11:42:42","modified_gmt":"2026-02-04T09:42:42","slug":"vienas-is-musu-meluoja","status":"publish","type":"product","link":"https:\/\/skaitytaknyga.lt\/en\/produktas\/vienas-is-musu-meluoja\/","title":{"rendered":"Vienas i\u0161 m\u016bs\u0173 meluoja"},"content":{"rendered":"<p>U\u017edara klas\u0117. Penki mokiniai, palikti po pamok\u0173. Ir tik keturi i\u0161eina gyvi&#8230; Sutelkite d\u0117mes\u012f, galb\u016bt b\u016btent jums pirmiems pavyks i\u0161siai\u0161kinti, kas \u010dia \u012fvyko!<br \/>\nAi\u0161ku viena, Saimono mirtis tikrai nebuvo nelaimingas atsitikimas. Jis populiaraus Beivju gimnazijos gand\u0173 tinklara\u0161\u010dio \u201eApie tai\u201c k\u016br\u0117jas, bet ir atstumtasis, nes savo gandais ir atskleistomis paslaptimis sugriov\u0117 ne vieno reputacij\u0105. Rytoj jis planavo paskelbti itin skandaling\u0173 naujien\u0173 apie keturis gerai \u017einomus bendramokslius. Kaip tik su jais ir praleido savo paskutin\u0119 gyvenimo valand\u0105. Ketveriuk\u0117 tuojau pat tampa \u012ftariamaisiais \u017emog\u017eudyst\u0117s byloje.<br \/>\nVisi tvirtina es\u0105 nekalti, bet juk vienas i\u0161 j\u0173 turi b\u016bti \u017eudikas! O gal jie tapo tobulos \u017emog\u017eudyst\u0117s atpirkimo o\u017eiais?<br \/>\nVisi turi paslap\u010di\u0173, ar ne? Svarbu tik viena: kaip toli gali nueiti \u017emogus, kad jas apsaugot\u0173.<\/p>\n<p>Bronvina \u2013 SMEGENYS. B\u016bsimoji Jeilio universiteto student\u0117, niekada nesulau\u017eiusi taisykli\u0173.<br \/>\nAd\u0117 \u2013 GRA\u017dUOL\u0116 kaip i\u0161 paveiksl\u0117lio, absolvent\u0173 susitikimo pokylio princes\u0117.<br \/>\nNeitas \u2013 NUSIKALT\u0116LIS, lygtinai paleistas u\u017e narkotik\u0173 platinim\u0105.<br \/>\nKuperis \u2013 SPORTININKAS, garsus beisbolo \u012f\u017eaid\u0117jas.<br \/>\nAr vienas i\u0161 j\u0173 meluoja?<\/p>\n","protected":false},"excerpt":{"rendered":"<p>U\u017edara klas\u0117. Penki mokiniai, palikti po pamok\u0173. Ir tik keturi i\u0161eina gyvi&#8230; Sutelkite d\u0117mes\u012f, galb\u016bt b\u016btent jums pirmiems pavyks i\u0161siai\u0161kinti, kas \u010dia \u012fvyko! Ai\u0161ku viena, Saimono mirtis tikrai nebuvo nelaimingas atsitikimas. Jis populiaraus Beivju gimnazijos gand\u0173 tinklara\u0161\u010dio \u201eApie tai\u201c k\u016br\u0117jas, bet ir atstumtasis, nes savo gandais ir atskleistomis paslaptimis sugriov\u0117 ne vieno reputacij\u0105. Rytoj jis planavo paskelbti itin skandaling\u0173 naujien\u0173 apie keturis gerai \u017einomus bendramokslius. Kaip tik su jais ir praleido savo paskutin\u0119 gyvenimo valand\u0105. Ketveriuk\u0117 tuojau pat tampa \u012ftariamaisiais \u017emog\u017eudyst\u0117s byloje. Visi tvirtina es\u0105 nekalti, bet juk vienas i\u0161 j\u0173 turi b\u016bti \u017eudikas! O gal jie tapo tobulos \u017emog\u017eudyst\u0117s atpirkimo o\u017eiais? Visi turi paslap\u010di\u0173, ar ne? Svarbu tik viena: kaip toli gali nueiti \u017emogus, kad jas apsaugot\u0173. Bronvina \u2013 SMEGENYS. B\u016bsimoji Jeilio universiteto student\u0117, niekada nesulau\u017eiusi taisykli\u0173. Ad\u0117 \u2013 GRA\u017dUOL\u0116 kaip i\u0161 paveiksl\u0117lio, absolvent\u0173 susitikimo pokylio princes\u0117. Neitas \u2013 NUSIKALT\u0116LIS, lygtinai paleistas u\u017e narkotik\u0173 platinim\u0105. Kuperis \u2013 SPORTININKAS, garsus beisbolo \u012f\u017eaid\u0117jas. Ar vienas i\u0161 j\u0173 meluoja?<\/p>\n","protected":false},"featured_media":22779,"comment_status":"open","ping_status":"closed","template":"","meta":{"_acf_changed":false,"site-sidebar-layout":"default","site-content-layout":"","ast-site-content-layout":"default","site-content-style":"default","site-sidebar-style":"default","ast-global-header-display":"","ast-banner-title-visibility":"","ast-main-header-display":"","ast-hfb-above-header-display":"","ast-hfb-below-header-display":"","ast-hfb-mobile-header-display":"","site-post-title":"","ast-breadcrumbs-content":"","ast-featured-img":"","footer-sml-layout":"","ast-disable-related-posts":"","theme-transparent-header-meta":"","adv-header-id-meta":"","stick-header-meta":"","header-above-stick-meta":"","header-main-stick-meta":"","header-below-stick-meta":"","astra-migrate-meta-layouts":"default","ast-page-background-enabled":"default","ast-page-background-meta":{"desktop":{"background-color":"","background-image":"","background-repeat":"repeat","background-position":"center center","background-size":"auto","background-attachment":"scroll","background-type":"","background-media":"","overlay-type":"","overlay-color":"","overlay-opacity":"","overlay-gradient":""},"tablet":{"background-color":"","background-image":"","background-repeat":"repeat","background-position":"center center","background-size":"auto","background-attachment":"scroll","background-type":"","background-media":"","overlay-type":"","overlay-color":"","overlay-opacity":"","overlay-gradient":""},"mobile":{"background-color":"","background-image":"","background-repeat":"repeat","background-position":"center center","background-size":"auto","background-attachment":"scroll","background-type":"","background-media":"","overlay-type":"","overlay-color":"","overlay-opacity":"","overlay-gradient":""}},"ast-content-background-meta":{"desktop":{"background-color":"var(--ast-global-color-4)","background-image":"","background-repeat":"repeat","background-position":"center center","background-size":"auto","background-attachment":"scroll","background-type":"","background-media":"","overlay-type":"","overlay-color":"","overlay-opacity":"","overlay-gradient":""},"tablet":{"background-color":"var(--ast-global-color-4)","background-image":"","background-repeat":"repeat","background-position":"center center","background-size":"auto","background-attachment":"scroll","background-type":"","background-media":"","overlay-type":"","overlay-color":"","overlay-opacity":"","overlay-gradient":""},"mobile":{"background-color":"var(--ast-global-color-4)","background-image":"","background-repeat":"repeat","background-position":"center center","background-size":"auto","background-attachment":"scroll","background-type":"","background-media":"","overlay-type":"","overlay-color":"","overlay-opacity":"","overlay-gradient":""}}},"product_brand":[],"product_cat":[15],"product_tag":[4138,9274,2287,1478,1772],"class_list":{"0":"post-22772","1":"product","2":"type-product","3":"status-publish","4":"has-post-thumbnail","6":"product_cat-uncategorized","7":"product_tag-jaunimui","8":"product_tag-karen-m-mcmanus","9":"product_tag-mokykla","10":"product_tag-paslaptys","11":"product_tag-zmogzudyste","12":"desktop-align-left","13":"tablet-align-left","14":"mobile-align-left","16":"first","17":"instock","18":"shipping-taxable","19":"purchasable","20":"product-type-simple"},"acf":[],"yoast_head":"<!-- This site is optimized with the Yoast SEO plugin v27.0 - https:\/\/yoast.com\/product\/yoast-seo-wordpress\/ -->\n<title>Vienas i\u0161 m\u016bs\u0173 meluoja<\/title>\n<meta name=\"description\" content=\"U\u017edara klas\u0117. Penki mokiniai, palikti po pamok\u0173. Ir tik keturi i\u0161eina gyvi... Sutelkite d\u0117mes\u012f, galb\u016bt b\u016btent jums pirmiems pavyks i\u0161siai\u0161kinti, kas \u010dia\" \/>\n<meta name=\"robots\" content=\"index, follow, max-snippet:-1, max-image-preview:large, max-video-preview:-1\" \/>\n<link rel=\"canonical\" href=\"https:\/\/skaitytaknyga.lt\/en\/produktas\/vienas-is-musu-meluoja\/\" \/>\n<meta property=\"og:locale\" content=\"en_GB\" \/>\n<meta property=\"og:locale:alternate\" content=\"lt_LT\" \/>\n<meta property=\"og:type\" content=\"article\" \/>\n<meta property=\"og:title\" content=\"Vienas i\u0161 m\u016bs\u0173 meluoja\" \/>\n<meta property=\"og:description\" content=\"U\u017edara klas\u0117. Penki mokiniai, palikti po pamok\u0173. Ir tik keturi i\u0161eina gyvi... Sutelkite d\u0117mes\u012f, galb\u016bt b\u016btent jums pirmiems pavyks i\u0161siai\u0161kinti, kas \u010dia\" \/>\n<meta property=\"og:url\" content=\"https:\/\/skaitytaknyga.lt\/en\/produktas\/vienas-is-musu-meluoja\/\" \/>\n<meta property=\"og:site_name\" content=\"Skaitytaknyga\" \/>\n<meta property=\"article:publisher\" content=\"https:\/\/www.facebook.com\/skaitytaknyga\/\" \/>\n<meta property=\"article:modified_time\" content=\"2026-02-04T09:42:42+00:00\" \/>\n<meta property=\"og:image\" content=\"https:\/\/skaitytaknyga.lt\/wp-content\/uploads\/2026\/01\/Vienas-is-musu-meluoja-1.webp\" \/>\n\t<meta property=\"og:image:width\" content=\"300\" \/>\n\t<meta property=\"og:image:height\" content=\"447\" \/>\n\t<meta property=\"og:image:type\" content=\"image\/webp\" \/>\n<meta name=\"twitter:card\" content=\"summary_large_image\" \/>\n<meta name=\"twitter:label1\" content=\"Estimated reading time\" \/>\n\t<meta name=\"twitter:data1\" content=\"1 minute\" \/>\n<script type=\"application\/ld+json\" class=\"yoast-schema-graph\">{\"@context\":\"https:\/\/schema.org\",\"@graph\":[{\"@type\":\"WebPage\",\"@id\":\"https:\/\/skaitytaknyga.lt\/produktas\/vienas-is-musu-meluoja\/\",\"url\":\"https:\/\/skaitytaknyga.lt\/produktas\/vienas-is-musu-meluoja\/\",\"name\":\"Vienas i\u0161 m\u016bs\u0173 meluoja\",\"isPartOf\":{\"@id\":\"https:\/\/skaitytaknyga.lt\/#website\"},\"primaryImageOfPage\":{\"@id\":\"https:\/\/skaitytaknyga.lt\/produktas\/vienas-is-musu-meluoja\/#primaryimage\"},\"image\":{\"@id\":\"https:\/\/skaitytaknyga.lt\/produktas\/vienas-is-musu-meluoja\/#primaryimage\"},\"thumbnailUrl\":\"https:\/\/skaitytaknyga.lt\/wp-content\/uploads\/2026\/01\/Vienas-is-musu-meluoja-1.webp\",\"datePublished\":\"2026-01-28T15:54:25+00:00\",\"dateModified\":\"2026-02-04T09:42:42+00:00\",\"description\":\"U\u017edara klas\u0117. Penki mokiniai, palikti po pamok\u0173. Ir tik keturi i\u0161eina gyvi... Sutelkite d\u0117mes\u012f, galb\u016bt b\u016btent jums pirmiems pavyks i\u0161siai\u0161kinti, kas \u010dia\",\"breadcrumb\":{\"@id\":\"https:\/\/skaitytaknyga.lt\/produktas\/vienas-is-musu-meluoja\/#breadcrumb\"},\"inLanguage\":\"en-GB\",\"potentialAction\":[{\"@type\":\"ReadAction\",\"target\":[\"https:\/\/skaitytaknyga.lt\/produktas\/vienas-is-musu-meluoja\/\"]}]},{\"@type\":\"ImageObject\",\"inLanguage\":\"en-GB\",\"@id\":\"https:\/\/skaitytaknyga.lt\/produktas\/vienas-is-musu-meluoja\/#primaryimage\",\"url\":\"https:\/\/skaitytaknyga.lt\/wp-content\/uploads\/2026\/01\/Vienas-is-musu-meluoja-1.webp\",\"contentUrl\":\"https:\/\/skaitytaknyga.lt\/wp-content\/uploads\/2026\/01\/Vienas-is-musu-meluoja-1.webp\",\"width\":300,\"height\":447,\"caption\":\"Vienas i\u0161 m\u016bs\u0173 meluoja\"},{\"@type\":\"BreadcrumbList\",\"@id\":\"https:\/\/skaitytaknyga.lt\/produktas\/vienas-is-musu-meluoja\/#breadcrumb\",\"itemListElement\":[{\"@type\":\"ListItem\",\"position\":1,\"name\":\"Home\",\"item\":\"https:\/\/skaitytaknyga.lt\/\"},{\"@type\":\"ListItem\",\"position\":2,\"name\":\"Parduotuv\u0117\",\"item\":\"https:\/\/skaitytaknyga.lt\/knygu-parduotuve\/\"},{\"@type\":\"ListItem\",\"position\":3,\"name\":\"Vienas i\u0161 m\u016bs\u0173 meluoja\"}]},{\"@type\":\"WebSite\",\"@id\":\"https:\/\/skaitytaknyga.lt\/#website\",\"url\":\"https:\/\/skaitytaknyga.lt\/\",\"name\":\"skaitytaknyga.lt\",\"description\":\"Skaitytaknyga.lt \u2013 tai ma\u017eas \u0161eimos verslas, kuris prasid\u0117jo nuo meil\u0117s knygoms ir siekio i\u0161gelb\u0117ti knygas nuo likimo prie konteinerio. Kas vienam nereikalingas daiktas \u2013 kitam lobis, o mes esame tarpininkai, kurie padeda abiems tapti laimingesniems ???? \u017dinome kaip nelengva i\u0161gyventi ma\u017eiems verslams, tad nuo \u0161iol, \u010dia rasite ir kit\u0173, ma\u017e\u0173 \u0161eim\u0173 versl\u0173, rank\u0173 darbo, dovan\u0173 sau ir artimiesiems.\",\"publisher\":{\"@id\":\"https:\/\/skaitytaknyga.lt\/#organization\"},\"potentialAction\":[{\"@type\":\"SearchAction\",\"target\":{\"@type\":\"EntryPoint\",\"urlTemplate\":\"https:\/\/skaitytaknyga.lt\/?s={search_term_string}\"},\"query-input\":{\"@type\":\"PropertyValueSpecification\",\"valueRequired\":true,\"valueName\":\"search_term_string\"}}],\"inLanguage\":\"en-GB\"},{\"@type\":\"Organization\",\"@id\":\"https:\/\/skaitytaknyga.lt\/#organization\",\"name\":\"skaitytaknyga.lt\",\"url\":\"https:\/\/skaitytaknyga.lt\/\",\"logo\":{\"@type\":\"ImageObject\",\"inLanguage\":\"en-GB\",\"@id\":\"https:\/\/skaitytaknyga.lt\/#\/schema\/logo\/image\/\",\"url\":\"https:\/\/skaitytaknyga.lt\/wp-content\/uploads\/2024\/05\/cropped-cropped-cropped-02_00843_jt3bggkj1j3HLc7SyY6rEUpg.jpeg\",\"contentUrl\":\"https:\/\/skaitytaknyga.lt\/wp-content\/uploads\/2024\/05\/cropped-cropped-cropped-02_00843_jt3bggkj1j3HLc7SyY6rEUpg.jpeg\",\"width\":1600,\"height\":1600,\"caption\":\"skaitytaknyga.lt\"},\"image\":{\"@id\":\"https:\/\/skaitytaknyga.lt\/#\/schema\/logo\/image\/\"},\"sameAs\":[\"https:\/\/www.facebook.com\/skaitytaknyga\/\"]}]}<\/script>\n<!-- \/ Yoast SEO plugin. -->","yoast_head_json":{"title":"Vienas i\u0161 m\u016bs\u0173 meluoja","description":"U\u017edara klas\u0117. Penki mokiniai, palikti po pamok\u0173. Ir tik keturi i\u0161eina gyvi... Sutelkite d\u0117mes\u012f, galb\u016bt b\u016btent jums pirmiems pavyks i\u0161siai\u0161kinti, kas \u010dia","robots":{"index":"index","follow":"follow","max-snippet":"max-snippet:-1","max-image-preview":"max-image-preview:large","max-video-preview":"max-video-preview:-1"},"canonical":"https:\/\/skaitytaknyga.lt\/en\/produktas\/vienas-is-musu-meluoja\/","og_locale":"en_GB","og_type":"article","og_title":"[:lt]Vienas i\u0161 m\u016bs\u0173 meluoja[:] - Skaitytaknyga","og_description":"U\u017edara klas\u0117. Penki mokiniai, palikti po pamok\u0173. Ir tik keturi i\u0161eina gyvi... Sutelkite d\u0117mes\u012f, galb\u016bt b\u016btent jums pirmiems pavyks i\u0161siai\u0161kinti, kas \u010dia","og_url":"https:\/\/skaitytaknyga.lt\/en\/produktas\/vienas-is-musu-meluoja\/","og_site_name":"Skaitytaknyga","article_publisher":"https:\/\/www.facebook.com\/skaitytaknyga\/","article_modified_time":"2026-02-04T09:42:42+00:00","og_image":[{"width":300,"height":447,"url":"https:\/\/skaitytaknyga.lt\/wp-content\/uploads\/2026\/01\/Vienas-is-musu-meluoja-1.webp","type":"image\/webp"}],"twitter_card":"summary_large_image","twitter_misc":{"Estimated reading time":"1 minute"},"schema":{"@context":"https:\/\/schema.org","@graph":[{"@type":"WebPage","@id":"https:\/\/skaitytaknyga.lt\/produktas\/vienas-is-musu-meluoja\/","url":"https:\/\/skaitytaknyga.lt\/produktas\/vienas-is-musu-meluoja\/","name":"Vienas i\u0161 m\u016bs\u0173 meluoja","isPartOf":{"@id":"https:\/\/skaitytaknyga.lt\/#website"},"primaryImageOfPage":{"@id":"https:\/\/skaitytaknyga.lt\/produktas\/vienas-is-musu-meluoja\/#primaryimage"},"image":{"@id":"https:\/\/skaitytaknyga.lt\/produktas\/vienas-is-musu-meluoja\/#primaryimage"},"thumbnailUrl":"https:\/\/skaitytaknyga.lt\/wp-content\/uploads\/2026\/01\/Vienas-is-musu-meluoja-1.webp","datePublished":"2026-01-28T15:54:25+00:00","dateModified":"2026-02-04T09:42:42+00:00","description":"U\u017edara klas\u0117. Penki mokiniai, palikti po pamok\u0173. Ir tik keturi i\u0161eina gyvi... Sutelkite d\u0117mes\u012f, galb\u016bt b\u016btent jums pirmiems pavyks i\u0161siai\u0161kinti, kas \u010dia","breadcrumb":{"@id":"https:\/\/skaitytaknyga.lt\/produktas\/vienas-is-musu-meluoja\/#breadcrumb"},"inLanguage":"en-GB","potentialAction":[{"@type":"ReadAction","target":["https:\/\/skaitytaknyga.lt\/produktas\/vienas-is-musu-meluoja\/"]}]},{"@type":"ImageObject","inLanguage":"en-GB","@id":"https:\/\/skaitytaknyga.lt\/produktas\/vienas-is-musu-meluoja\/#primaryimage","url":"https:\/\/skaitytaknyga.lt\/wp-content\/uploads\/2026\/01\/Vienas-is-musu-meluoja-1.webp","contentUrl":"https:\/\/skaitytaknyga.lt\/wp-content\/uploads\/2026\/01\/Vienas-is-musu-meluoja-1.webp","width":300,"height":447,"caption":"Vienas i\u0161 m\u016bs\u0173 meluoja"},{"@type":"BreadcrumbList","@id":"https:\/\/skaitytaknyga.lt\/produktas\/vienas-is-musu-meluoja\/#breadcrumb","itemListElement":[{"@type":"ListItem","position":1,"name":"Home","item":"https:\/\/skaitytaknyga.lt\/"},{"@type":"ListItem","position":2,"name":"Parduotuv\u0117","item":"https:\/\/skaitytaknyga.lt\/knygu-parduotuve\/"},{"@type":"ListItem","position":3,"name":"Vienas i\u0161 m\u016bs\u0173 meluoja"}]},{"@type":"WebSite","@id":"https:\/\/skaitytaknyga.lt\/#website","url":"https:\/\/skaitytaknyga.lt\/","name":"skaitytaknyga.lt","description":"Skaitytaknyga.lt \u2013 tai ma\u017eas \u0161eimos verslas, kuris prasid\u0117jo nuo meil\u0117s knygoms ir siekio i\u0161gelb\u0117ti knygas nuo likimo prie konteinerio. Kas vienam nereikalingas daiktas \u2013 kitam lobis, o mes esame tarpininkai, kurie padeda abiems tapti laimingesniems ???? \u017dinome kaip nelengva i\u0161gyventi ma\u017eiems verslams, tad nuo \u0161iol, \u010dia rasite ir kit\u0173, ma\u017e\u0173 \u0161eim\u0173 versl\u0173, rank\u0173 darbo, dovan\u0173 sau ir artimiesiems.","publisher":{"@id":"https:\/\/skaitytaknyga.lt\/#organization"},"potentialAction":[{"@type":"SearchAction","target":{"@type":"EntryPoint","urlTemplate":"https:\/\/skaitytaknyga.lt\/?s={search_term_string}"},"query-input":{"@type":"PropertyValueSpecification","valueRequired":true,"valueName":"search_term_string"}}],"inLanguage":"en-GB"},{"@type":"Organization","@id":"https:\/\/skaitytaknyga.lt\/#organization","name":"skaitytaknyga.lt","url":"https:\/\/skaitytaknyga.lt\/","logo":{"@type":"ImageObject","inLanguage":"en-GB","@id":"https:\/\/skaitytaknyga.lt\/#\/schema\/logo\/image\/","url":"https:\/\/skaitytaknyga.lt\/wp-content\/uploads\/2024\/05\/cropped-cropped-cropped-02_00843_jt3bggkj1j3HLc7SyY6rEUpg.jpeg","contentUrl":"https:\/\/skaitytaknyga.lt\/wp-content\/uploads\/2024\/05\/cropped-cropped-cropped-02_00843_jt3bggkj1j3HLc7SyY6rEUpg.jpeg","width":1600,"height":1600,"caption":"skaitytaknyga.lt"},"image":{"@id":"https:\/\/skaitytaknyga.lt\/#\/schema\/logo\/image\/"},"sameAs":["https:\/\/www.facebook.com\/skaitytaknyga\/"]}]}},"_links":{"self":[{"href":"https:\/\/skaitytaknyga.lt\/en\/wp-json\/wp\/v2\/product\/22772","targetHints":{"allow":["GET"]}}],"collection":[{"href":"https:\/\/skaitytaknyga.lt\/en\/wp-json\/wp\/v2\/product"}],"about":[{"href":"https:\/\/skaitytaknyga.lt\/en\/wp-json\/wp\/v2\/types\/product"}],"replies":[{"embeddable":true,"href":"https:\/\/skaitytaknyga.lt\/en\/wp-json\/wp\/v2\/comments?post=22772"}],"wp:featuredmedia":[{"embeddable":true,"href":"https:\/\/skaitytaknyga.lt\/en\/wp-json\/wp\/v2\/media\/22779"}],"wp:attachment":[{"href":"https:\/\/skaitytaknyga.lt\/en\/wp-json\/wp\/v2\/media?parent=22772"}],"wp:term":[{"taxonomy":"product_brand","embeddable":true,"href":"https:\/\/skaitytaknyga.lt\/en\/wp-json\/wp\/v2\/product_brand?post=22772"},{"taxonomy":"product_cat","embeddable":true,"href":"https:\/\/skaitytaknyga.lt\/en\/wp-json\/wp\/v2\/product_cat?post=22772"},{"taxonomy":"product_tag","embeddable":true,"href":"https:\/\/skaitytaknyga.lt\/en\/wp-json\/wp\/v2\/product_tag?post=22772"}],"curies":[{"name":"wp","href":"https:\/\/api.w.org\/{rel}","templated":true}]}}