{"id":22771,"date":"2026-01-28T17:54:25","date_gmt":"2026-01-28T15:54:25","guid":{"rendered":"https:\/\/skaitytaknyga.lt\/?post_type=product&#038;p=22771"},"modified":"2026-03-01T15:11:10","modified_gmt":"2026-03-01T13:11:10","slug":"siuntejas","status":"publish","type":"product","link":"https:\/\/skaitytaknyga.lt\/en\/produktas\/siuntejas\/","title":{"rendered":"Siunt\u0117jas"},"content":{"rendered":"<p>\u012esivaizduok pasaul\u012f be skausmo, be tro\u0161kulio ir praradim\u0173. \u012esivaizduok pasaul\u012f be spalv\u0173 ir meil\u0117s. Ar nor\u0117tum jame gyventi?<\/p>\n<p>Didel\u0117s vidin\u0117s \u012ftampos knyga apie tobulai sutvarkyt\u0105 ateities visuomen\u0119: joje viskas ramu ir vienoda, niekas nei\u0161siskiria, niekas neken\u010dia nepritekliaus, kiekvieno \u017emogaus gyvenimas \u010dia suskai\u010diuotas ir sunormuotas.<\/p>\n<p>Dvylikametis Jonas i\u0161renkamas tapti naujuoju Atminties Saugotoju \u2013 jis vienintelis patirs ir su\u017einos apie did\u017eiausius \u017emonijos nuopuolius, laim\u0117jimus, vienintelis \u017einos, k\u0105 rei\u0161kia skausmas, baim\u0117&#8230; ir meil\u0117. Po truput\u012f Jonas skausmingai suvokia, kiek daug tokia jo tobula visuomen\u0117 yra praradusi&#8230; Bet ar jis gali k\u0105 nors pakeisti?<\/p>\n<p>\u0160is i\u0161skirtin\u0117s i\u0161mon\u0117s k\u016brinys bet kokio am\u017eiaus skaitytoj\u0105 privers m\u0105styti apie \u017emonijos dabart\u012f ir ateit\u012f, apie stulbinan\u010dius laim\u0117jimus ir skaud\u017eius praradimus.<\/p>\n<p>Amerikie\u010di\u0173 ra\u0161ytojos Lois Lowry apysaka \u201eSiunt\u0117jas\u201c vos pasirod\u017eiusi 1993 m. tapo tikra sensacija ir netrukus buvo apdovanotas vienu reik\u0161mingiausi\u0173 vaik\u0173 literat\u016bros apdovanojim\u0173 \u2013 Niuberio medaliu. V\u0117liau autor\u0117 nusprend\u0117 prapl\u0117sti knygos pasaul\u012f \u2013 ji para\u0161\u0117 dar tris \u0161ios distopijos dalis, kurias galime skaityti lietuvi\u0161kai: \u201eM\u0117lyna sruoga\u201c, \u201e\u017diniane\u0161ys\u201c ir \u201eS\u016bnus\u201c.<\/p>\n","protected":false},"excerpt":{"rendered":"<p>\u012esivaizduok pasaul\u012f be skausmo, be tro\u0161kulio ir praradim\u0173. \u012esivaizduok pasaul\u012f be spalv\u0173 ir meil\u0117s. Ar nor\u0117tum jame gyventi? Didel\u0117s vidin\u0117s \u012ftampos knyga apie tobulai sutvarkyt\u0105 ateities visuomen\u0119: joje viskas ramu ir vienoda, niekas nei\u0161siskiria, niekas neken\u010dia nepritekliaus, kiekvieno \u017emogaus gyvenimas \u010dia suskai\u010diuotas ir sunormuotas. Dvylikametis Jonas i\u0161renkamas tapti naujuoju Atminties Saugotoju \u2013 jis vienintelis patirs ir su\u017einos apie did\u017eiausius \u017emonijos nuopuolius, laim\u0117jimus, vienintelis \u017einos, k\u0105 rei\u0161kia skausmas, baim\u0117&#8230; ir meil\u0117. Po truput\u012f Jonas skausmingai suvokia, kiek daug tokia jo tobula visuomen\u0117 yra praradusi&#8230; Bet ar jis gali k\u0105 nors pakeisti? \u0160is i\u0161skirtin\u0117s i\u0161mon\u0117s k\u016brinys bet kokio am\u017eiaus skaitytoj\u0105 privers m\u0105styti apie \u017emonijos dabart\u012f ir ateit\u012f, apie stulbinan\u010dius laim\u0117jimus ir skaud\u017eius praradimus. Amerikie\u010di\u0173 ra\u0161ytojos Lois Lowry apysaka \u201eSiunt\u0117jas\u201c vos pasirod\u017eiusi 1993 m. tapo tikra sensacija ir netrukus buvo apdovanotas vienu reik\u0161mingiausi\u0173 vaik\u0173 literat\u016bros apdovanojim\u0173 \u2013 Niuberio medaliu. V\u0117liau autor\u0117 nusprend\u0117 prapl\u0117sti knygos pasaul\u012f \u2013 ji para\u0161\u0117 dar tris \u0161ios distopijos dalis, kurias galime skaityti lietuvi\u0161kai: \u201eM\u0117lyna sruoga\u201c, \u201e\u017diniane\u0161ys\u201c ir \u201eS\u016bnus\u201c.<\/p>\n","protected":false},"featured_media":22778,"comment_status":"open","ping_status":"closed","template":"","meta":{"_acf_changed":false,"site-sidebar-layout":"default","site-content-layout":"","ast-site-content-layout":"default","site-content-style":"default","site-sidebar-style":"default","ast-global-header-display":"","ast-banner-title-visibility":"","ast-main-header-display":"","ast-hfb-above-header-display":"","ast-hfb-below-header-display":"","ast-hfb-mobile-header-display":"","site-post-title":"","ast-breadcrumbs-content":"","ast-featured-img":"","footer-sml-layout":"","ast-disable-related-posts":"","theme-transparent-header-meta":"","adv-header-id-meta":"","stick-header-meta":"","header-above-stick-meta":"","header-main-stick-meta":"","header-below-stick-meta":"","astra-migrate-meta-layouts":"default","ast-page-background-enabled":"default","ast-page-background-meta":{"desktop":{"background-color":"","background-image":"","background-repeat":"repeat","background-position":"center center","background-size":"auto","background-attachment":"scroll","background-type":"","background-media":"","overlay-type":"","overlay-color":"","overlay-opacity":"","overlay-gradient":""},"tablet":{"background-color":"","background-image":"","background-repeat":"repeat","background-position":"center center","background-size":"auto","background-attachment":"scroll","background-type":"","background-media":"","overlay-type":"","overlay-color":"","overlay-opacity":"","overlay-gradient":""},"mobile":{"background-color":"","background-image":"","background-repeat":"repeat","background-position":"center center","background-size":"auto","background-attachment":"scroll","background-type":"","background-media":"","overlay-type":"","overlay-color":"","overlay-opacity":"","overlay-gradient":""}},"ast-content-background-meta":{"desktop":{"background-color":"var(--ast-global-color-4)","background-image":"","background-repeat":"repeat","background-position":"center center","background-size":"auto","background-attachment":"scroll","background-type":"","background-media":"","overlay-type":"","overlay-color":"","overlay-opacity":"","overlay-gradient":""},"tablet":{"background-color":"var(--ast-global-color-4)","background-image":"","background-repeat":"repeat","background-position":"center center","background-size":"auto","background-attachment":"scroll","background-type":"","background-media":"","overlay-type":"","overlay-color":"","overlay-opacity":"","overlay-gradient":""},"mobile":{"background-color":"var(--ast-global-color-4)","background-image":"","background-repeat":"repeat","background-position":"center center","background-size":"auto","background-attachment":"scroll","background-type":"","background-media":"","overlay-type":"","overlay-color":"","overlay-opacity":"","overlay-gradient":""}}},"product_brand":[],"product_cat":[15],"product_tag":[1674,4158,4138,9273,2535],"class_list":{"0":"post-22771","1":"product","2":"type-product","3":"status-publish","4":"has-post-thumbnail","6":"product_cat-uncategorized","7":"product_tag-ateities-visuomene","8":"product_tag-atmintis","9":"product_tag-jaunimui","10":"product_tag-lois-lowry","11":"product_tag-pasirinkimai","12":"desktop-align-left","13":"tablet-align-left","14":"mobile-align-left","16":"first","17":"outofstock","18":"shipping-taxable","19":"purchasable","20":"product-type-simple"},"acf":[],"yoast_head":"<!-- This site is optimized with the Yoast SEO plugin v27.0 - https:\/\/yoast.com\/product\/yoast-seo-wordpress\/ -->\n<title>Siunt\u0117jas<\/title>\n<meta name=\"description\" content=\"\u012esivaizduok pasaul\u012f be skausmo, be tro\u0161kulio ir praradim\u0173. \u012esivaizduok pasaul\u012f be spalv\u0173 ir meil\u0117s. Ar nor\u0117tum jame gyventi? Didel\u0117s vidin\u0117s \u012ftampos knyga\" \/>\n<meta name=\"robots\" content=\"index, follow, max-snippet:-1, max-image-preview:large, max-video-preview:-1\" \/>\n<link rel=\"canonical\" href=\"https:\/\/skaitytaknyga.lt\/en\/produktas\/siuntejas\/\" \/>\n<meta property=\"og:locale\" content=\"en_GB\" \/>\n<meta property=\"og:locale:alternate\" content=\"lt_LT\" \/>\n<meta property=\"og:type\" content=\"article\" \/>\n<meta property=\"og:title\" content=\"Siunt\u0117jas\" \/>\n<meta property=\"og:description\" content=\"\u012esivaizduok pasaul\u012f be skausmo, be tro\u0161kulio ir praradim\u0173. \u012esivaizduok pasaul\u012f be spalv\u0173 ir meil\u0117s. Ar nor\u0117tum jame gyventi? Didel\u0117s vidin\u0117s \u012ftampos knyga\" \/>\n<meta property=\"og:url\" content=\"https:\/\/skaitytaknyga.lt\/en\/produktas\/siuntejas\/\" \/>\n<meta property=\"og:site_name\" content=\"Skaitytaknyga\" \/>\n<meta property=\"article:publisher\" content=\"https:\/\/www.facebook.com\/skaitytaknyga\/\" \/>\n<meta property=\"article:modified_time\" content=\"2026-03-01T13:11:10+00:00\" \/>\n<meta property=\"og:image\" content=\"https:\/\/skaitytaknyga.lt\/wp-content\/uploads\/2026\/01\/Siuntejas-1.webp\" \/>\n\t<meta property=\"og:image:width\" content=\"300\" \/>\n\t<meta property=\"og:image:height\" content=\"417\" \/>\n\t<meta property=\"og:image:type\" content=\"image\/webp\" \/>\n<meta name=\"twitter:card\" content=\"summary_large_image\" \/>\n<meta name=\"twitter:label1\" content=\"Estimated reading time\" \/>\n\t<meta name=\"twitter:data1\" content=\"1 minute\" \/>\n<script type=\"application\/ld+json\" class=\"yoast-schema-graph\">{\"@context\":\"https:\/\/schema.org\",\"@graph\":[{\"@type\":\"WebPage\",\"@id\":\"https:\/\/skaitytaknyga.lt\/produktas\/siuntejas\/\",\"url\":\"https:\/\/skaitytaknyga.lt\/produktas\/siuntejas\/\",\"name\":\"Siunt\u0117jas\",\"isPartOf\":{\"@id\":\"https:\/\/skaitytaknyga.lt\/#website\"},\"primaryImageOfPage\":{\"@id\":\"https:\/\/skaitytaknyga.lt\/produktas\/siuntejas\/#primaryimage\"},\"image\":{\"@id\":\"https:\/\/skaitytaknyga.lt\/produktas\/siuntejas\/#primaryimage\"},\"thumbnailUrl\":\"https:\/\/skaitytaknyga.lt\/wp-content\/uploads\/2026\/01\/Siuntejas-1.webp\",\"datePublished\":\"2026-01-28T15:54:25+00:00\",\"dateModified\":\"2026-03-01T13:11:10+00:00\",\"description\":\"\u012esivaizduok pasaul\u012f be skausmo, be tro\u0161kulio ir praradim\u0173. \u012esivaizduok pasaul\u012f be spalv\u0173 ir meil\u0117s. Ar nor\u0117tum jame gyventi? Didel\u0117s vidin\u0117s \u012ftampos knyga\",\"breadcrumb\":{\"@id\":\"https:\/\/skaitytaknyga.lt\/produktas\/siuntejas\/#breadcrumb\"},\"inLanguage\":\"en-GB\",\"potentialAction\":[{\"@type\":\"ReadAction\",\"target\":[\"https:\/\/skaitytaknyga.lt\/produktas\/siuntejas\/\"]}]},{\"@type\":\"ImageObject\",\"inLanguage\":\"en-GB\",\"@id\":\"https:\/\/skaitytaknyga.lt\/produktas\/siuntejas\/#primaryimage\",\"url\":\"https:\/\/skaitytaknyga.lt\/wp-content\/uploads\/2026\/01\/Siuntejas-1.webp\",\"contentUrl\":\"https:\/\/skaitytaknyga.lt\/wp-content\/uploads\/2026\/01\/Siuntejas-1.webp\",\"width\":300,\"height\":417,\"caption\":\"Siunt\u0117jas\"},{\"@type\":\"BreadcrumbList\",\"@id\":\"https:\/\/skaitytaknyga.lt\/produktas\/siuntejas\/#breadcrumb\",\"itemListElement\":[{\"@type\":\"ListItem\",\"position\":1,\"name\":\"Home\",\"item\":\"https:\/\/skaitytaknyga.lt\/\"},{\"@type\":\"ListItem\",\"position\":2,\"name\":\"Parduotuv\u0117\",\"item\":\"https:\/\/skaitytaknyga.lt\/knygu-parduotuve\/\"},{\"@type\":\"ListItem\",\"position\":3,\"name\":\"Siunt\u0117jas\"}]},{\"@type\":\"WebSite\",\"@id\":\"https:\/\/skaitytaknyga.lt\/#website\",\"url\":\"https:\/\/skaitytaknyga.lt\/\",\"name\":\"skaitytaknyga.lt\",\"description\":\"Skaitytaknyga.lt \u2013 tai ma\u017eas \u0161eimos verslas, kuris prasid\u0117jo nuo meil\u0117s knygoms ir siekio i\u0161gelb\u0117ti knygas nuo likimo prie konteinerio. Kas vienam nereikalingas daiktas \u2013 kitam lobis, o mes esame tarpininkai, kurie padeda abiems tapti laimingesniems ???? \u017dinome kaip nelengva i\u0161gyventi ma\u017eiems verslams, tad nuo \u0161iol, \u010dia rasite ir kit\u0173, ma\u017e\u0173 \u0161eim\u0173 versl\u0173, rank\u0173 darbo, dovan\u0173 sau ir artimiesiems.\",\"publisher\":{\"@id\":\"https:\/\/skaitytaknyga.lt\/#organization\"},\"potentialAction\":[{\"@type\":\"SearchAction\",\"target\":{\"@type\":\"EntryPoint\",\"urlTemplate\":\"https:\/\/skaitytaknyga.lt\/?s={search_term_string}\"},\"query-input\":{\"@type\":\"PropertyValueSpecification\",\"valueRequired\":true,\"valueName\":\"search_term_string\"}}],\"inLanguage\":\"en-GB\"},{\"@type\":\"Organization\",\"@id\":\"https:\/\/skaitytaknyga.lt\/#organization\",\"name\":\"skaitytaknyga.lt\",\"url\":\"https:\/\/skaitytaknyga.lt\/\",\"logo\":{\"@type\":\"ImageObject\",\"inLanguage\":\"en-GB\",\"@id\":\"https:\/\/skaitytaknyga.lt\/#\/schema\/logo\/image\/\",\"url\":\"https:\/\/skaitytaknyga.lt\/wp-content\/uploads\/2024\/05\/cropped-cropped-cropped-02_00843_jt3bggkj1j3HLc7SyY6rEUpg.jpeg\",\"contentUrl\":\"https:\/\/skaitytaknyga.lt\/wp-content\/uploads\/2024\/05\/cropped-cropped-cropped-02_00843_jt3bggkj1j3HLc7SyY6rEUpg.jpeg\",\"width\":1600,\"height\":1600,\"caption\":\"skaitytaknyga.lt\"},\"image\":{\"@id\":\"https:\/\/skaitytaknyga.lt\/#\/schema\/logo\/image\/\"},\"sameAs\":[\"https:\/\/www.facebook.com\/skaitytaknyga\/\"]}]}<\/script>\n<!-- \/ Yoast SEO plugin. -->","yoast_head_json":{"title":"Siunt\u0117jas","description":"\u012esivaizduok pasaul\u012f be skausmo, be tro\u0161kulio ir praradim\u0173. \u012esivaizduok pasaul\u012f be spalv\u0173 ir meil\u0117s. Ar nor\u0117tum jame gyventi? Didel\u0117s vidin\u0117s \u012ftampos knyga","robots":{"index":"index","follow":"follow","max-snippet":"max-snippet:-1","max-image-preview":"max-image-preview:large","max-video-preview":"max-video-preview:-1"},"canonical":"https:\/\/skaitytaknyga.lt\/en\/produktas\/siuntejas\/","og_locale":"en_GB","og_type":"article","og_title":"[:lt]Siunt\u0117jas[:] - Skaitytaknyga","og_description":"\u012esivaizduok pasaul\u012f be skausmo, be tro\u0161kulio ir praradim\u0173. \u012esivaizduok pasaul\u012f be spalv\u0173 ir meil\u0117s. Ar nor\u0117tum jame gyventi? Didel\u0117s vidin\u0117s \u012ftampos knyga","og_url":"https:\/\/skaitytaknyga.lt\/en\/produktas\/siuntejas\/","og_site_name":"Skaitytaknyga","article_publisher":"https:\/\/www.facebook.com\/skaitytaknyga\/","article_modified_time":"2026-03-01T13:11:10+00:00","og_image":[{"width":300,"height":417,"url":"https:\/\/skaitytaknyga.lt\/wp-content\/uploads\/2026\/01\/Siuntejas-1.webp","type":"image\/webp"}],"twitter_card":"summary_large_image","twitter_misc":{"Estimated reading time":"1 minute"},"schema":{"@context":"https:\/\/schema.org","@graph":[{"@type":"WebPage","@id":"https:\/\/skaitytaknyga.lt\/produktas\/siuntejas\/","url":"https:\/\/skaitytaknyga.lt\/produktas\/siuntejas\/","name":"Siunt\u0117jas","isPartOf":{"@id":"https:\/\/skaitytaknyga.lt\/#website"},"primaryImageOfPage":{"@id":"https:\/\/skaitytaknyga.lt\/produktas\/siuntejas\/#primaryimage"},"image":{"@id":"https:\/\/skaitytaknyga.lt\/produktas\/siuntejas\/#primaryimage"},"thumbnailUrl":"https:\/\/skaitytaknyga.lt\/wp-content\/uploads\/2026\/01\/Siuntejas-1.webp","datePublished":"2026-01-28T15:54:25+00:00","dateModified":"2026-03-01T13:11:10+00:00","description":"\u012esivaizduok pasaul\u012f be skausmo, be tro\u0161kulio ir praradim\u0173. \u012esivaizduok pasaul\u012f be spalv\u0173 ir meil\u0117s. Ar nor\u0117tum jame gyventi? Didel\u0117s vidin\u0117s \u012ftampos knyga","breadcrumb":{"@id":"https:\/\/skaitytaknyga.lt\/produktas\/siuntejas\/#breadcrumb"},"inLanguage":"en-GB","potentialAction":[{"@type":"ReadAction","target":["https:\/\/skaitytaknyga.lt\/produktas\/siuntejas\/"]}]},{"@type":"ImageObject","inLanguage":"en-GB","@id":"https:\/\/skaitytaknyga.lt\/produktas\/siuntejas\/#primaryimage","url":"https:\/\/skaitytaknyga.lt\/wp-content\/uploads\/2026\/01\/Siuntejas-1.webp","contentUrl":"https:\/\/skaitytaknyga.lt\/wp-content\/uploads\/2026\/01\/Siuntejas-1.webp","width":300,"height":417,"caption":"Siunt\u0117jas"},{"@type":"BreadcrumbList","@id":"https:\/\/skaitytaknyga.lt\/produktas\/siuntejas\/#breadcrumb","itemListElement":[{"@type":"ListItem","position":1,"name":"Home","item":"https:\/\/skaitytaknyga.lt\/"},{"@type":"ListItem","position":2,"name":"Parduotuv\u0117","item":"https:\/\/skaitytaknyga.lt\/knygu-parduotuve\/"},{"@type":"ListItem","position":3,"name":"Siunt\u0117jas"}]},{"@type":"WebSite","@id":"https:\/\/skaitytaknyga.lt\/#website","url":"https:\/\/skaitytaknyga.lt\/","name":"skaitytaknyga.lt","description":"Skaitytaknyga.lt \u2013 tai ma\u017eas \u0161eimos verslas, kuris prasid\u0117jo nuo meil\u0117s knygoms ir siekio i\u0161gelb\u0117ti knygas nuo likimo prie konteinerio. Kas vienam nereikalingas daiktas \u2013 kitam lobis, o mes esame tarpininkai, kurie padeda abiems tapti laimingesniems ???? \u017dinome kaip nelengva i\u0161gyventi ma\u017eiems verslams, tad nuo \u0161iol, \u010dia rasite ir kit\u0173, ma\u017e\u0173 \u0161eim\u0173 versl\u0173, rank\u0173 darbo, dovan\u0173 sau ir artimiesiems.","publisher":{"@id":"https:\/\/skaitytaknyga.lt\/#organization"},"potentialAction":[{"@type":"SearchAction","target":{"@type":"EntryPoint","urlTemplate":"https:\/\/skaitytaknyga.lt\/?s={search_term_string}"},"query-input":{"@type":"PropertyValueSpecification","valueRequired":true,"valueName":"search_term_string"}}],"inLanguage":"en-GB"},{"@type":"Organization","@id":"https:\/\/skaitytaknyga.lt\/#organization","name":"skaitytaknyga.lt","url":"https:\/\/skaitytaknyga.lt\/","logo":{"@type":"ImageObject","inLanguage":"en-GB","@id":"https:\/\/skaitytaknyga.lt\/#\/schema\/logo\/image\/","url":"https:\/\/skaitytaknyga.lt\/wp-content\/uploads\/2024\/05\/cropped-cropped-cropped-02_00843_jt3bggkj1j3HLc7SyY6rEUpg.jpeg","contentUrl":"https:\/\/skaitytaknyga.lt\/wp-content\/uploads\/2024\/05\/cropped-cropped-cropped-02_00843_jt3bggkj1j3HLc7SyY6rEUpg.jpeg","width":1600,"height":1600,"caption":"skaitytaknyga.lt"},"image":{"@id":"https:\/\/skaitytaknyga.lt\/#\/schema\/logo\/image\/"},"sameAs":["https:\/\/www.facebook.com\/skaitytaknyga\/"]}]}},"_links":{"self":[{"href":"https:\/\/skaitytaknyga.lt\/en\/wp-json\/wp\/v2\/product\/22771","targetHints":{"allow":["GET"]}}],"collection":[{"href":"https:\/\/skaitytaknyga.lt\/en\/wp-json\/wp\/v2\/product"}],"about":[{"href":"https:\/\/skaitytaknyga.lt\/en\/wp-json\/wp\/v2\/types\/product"}],"replies":[{"embeddable":true,"href":"https:\/\/skaitytaknyga.lt\/en\/wp-json\/wp\/v2\/comments?post=22771"}],"wp:featuredmedia":[{"embeddable":true,"href":"https:\/\/skaitytaknyga.lt\/en\/wp-json\/wp\/v2\/media\/22778"}],"wp:attachment":[{"href":"https:\/\/skaitytaknyga.lt\/en\/wp-json\/wp\/v2\/media?parent=22771"}],"wp:term":[{"taxonomy":"product_brand","embeddable":true,"href":"https:\/\/skaitytaknyga.lt\/en\/wp-json\/wp\/v2\/product_brand?post=22771"},{"taxonomy":"product_cat","embeddable":true,"href":"https:\/\/skaitytaknyga.lt\/en\/wp-json\/wp\/v2\/product_cat?post=22771"},{"taxonomy":"product_tag","embeddable":true,"href":"https:\/\/skaitytaknyga.lt\/en\/wp-json\/wp\/v2\/product_tag?post=22771"}],"curies":[{"name":"wp","href":"https:\/\/api.w.org\/{rel}","templated":true}]}}