{"id":22770,"date":"2026-01-28T17:54:24","date_gmt":"2026-01-28T15:54:24","guid":{"rendered":"https:\/\/skaitytaknyga.lt\/?post_type=product&#038;p=22770"},"modified":"2026-03-05T16:45:08","modified_gmt":"2026-03-05T14:45:08","slug":"suo","status":"publish","type":"product","link":"https:\/\/skaitytaknyga.lt\/en\/produktas\/suo\/","title":{"rendered":"\u0160uo"},"content":{"rendered":"<p>T\u0105 dien\u0105, kai Tomas, prav\u0117r\u0119s krep\u0161\u012f, pirm\u0105 kart\u0105 i\u0161vysta ma\u017e\u0105 gauruot\u0105 \u0161uniuk\u0105, jo gyvenime \u012fsi\u017eiebia viltis. Pagaliau jis turi tikr\u0105 draug\u0105, su kuriuo gali vaik\u0161\u010dioti po park\u0105, nuo ryto iki vakaro m\u0117tyti kamuoliuk\u0105 ir tvirtai apsikabinti prie\u0161 u\u017emigdamas!<\/p>\n<p>Ta\u010diau smalsiam ir energingam \u0161uneliui vardu Voras apsiprasti su nauj\u0173 nam\u0173 taisykl\u0117mis n\u0117ra taip paprasta. Atrodo, kad jo pastangos lyg ty\u010dia pridaro b\u0117d\u0173 ir visk\u0105 apver\u010dia auk\u0161tyn kojomis. Tad ilgainiui ma\u017ea Voro \u0161irdel\u0117 ima abejoti: gal visgi jis n\u0117ra pats geriausias pasaulio \u0161uo, gal Tomas jo visai nemyli, gal Vorui laikas palikti \u0161iuos namus?<\/p>\n<p>Voro ir Tomo laukia daugyb\u0117 i\u0161bandym\u0173, i\u0161siskyrim\u0173 ir paie\u0161k\u0173, ta\u010diau jiems abiem teks \u012fveikti \u0161\u012f ilg\u0105 ir sud\u0117ting\u0105 keli\u0105, kad pagaliau suprast\u0173, jog nieko n\u0117ra brangiau u\u017e tikr\u0105 draugyst\u0119, meil\u0119 ir pasitik\u0117jim\u0105 vienas kitu.<\/p>\n<p>\u201eVien\u0105 minut\u0119 juokiesi, kit\u0105 pyksti, o tre\u010di\u0105 tau skruostais teka a\u0161aros.&#8221;<br \/>\nSally Gardner<\/p>\n<p>\u201eTomo ir Voro i\u0161gyventos negandos dar kart\u0105 \u012frodo, kaip mums visiems svarbu tur\u0117ti viet\u0105, kuri\u0105 gal\u0117tume vadinti namais.&#8221;<br \/>\nBookseller<\/p>\n<p>Andy Mulligan (Endis Maliganas, g. 1966) \u2013 jauniesiems Lietuvos skaitytojams i\u0161 anks\u010diau pa\u017e\u012fstamas romano \u201e\u0160iuk\u0161l\u0117s&#8221; (\u201eBaltos lankos&#8221;, 2016) autorius, dienra\u0161\u010dio \u201eGuardian&#8221; vaik\u0173 literat\u016bros k\u016br\u0117jams skiriamos premijos laureatas. \u201e\u0160uo&#8221; \u2013 jau antroji lietuvi\u0161kai pasirodanti A. Mulligano knyga.<\/p>\n","protected":false},"excerpt":{"rendered":"<p>T\u0105 dien\u0105, kai Tomas, prav\u0117r\u0119s krep\u0161\u012f, pirm\u0105 kart\u0105 i\u0161vysta ma\u017e\u0105 gauruot\u0105 \u0161uniuk\u0105, jo gyvenime \u012fsi\u017eiebia viltis. Pagaliau jis turi tikr\u0105 draug\u0105, su kuriuo gali vaik\u0161\u010dioti po park\u0105, nuo ryto iki vakaro m\u0117tyti kamuoliuk\u0105 ir tvirtai apsikabinti prie\u0161 u\u017emigdamas! Ta\u010diau smalsiam ir energingam \u0161uneliui vardu Voras apsiprasti su nauj\u0173 nam\u0173 taisykl\u0117mis n\u0117ra taip paprasta. Atrodo, kad jo pastangos lyg ty\u010dia pridaro b\u0117d\u0173 ir visk\u0105 apver\u010dia auk\u0161tyn kojomis. Tad ilgainiui ma\u017ea Voro \u0161irdel\u0117 ima abejoti: gal visgi jis n\u0117ra pats geriausias pasaulio \u0161uo, gal Tomas jo visai nemyli, gal Vorui laikas palikti \u0161iuos namus? Voro ir Tomo laukia daugyb\u0117 i\u0161bandym\u0173, i\u0161siskyrim\u0173 ir paie\u0161k\u0173, ta\u010diau jiems abiem teks \u012fveikti \u0161\u012f ilg\u0105 ir sud\u0117ting\u0105 keli\u0105, kad pagaliau suprast\u0173, jog nieko n\u0117ra brangiau u\u017e tikr\u0105 draugyst\u0119, meil\u0119 ir pasitik\u0117jim\u0105 vienas kitu. \u201eVien\u0105 minut\u0119 juokiesi, kit\u0105 pyksti, o tre\u010di\u0105 tau skruostais teka a\u0161aros.&#8221; Sally Gardner \u201eTomo ir Voro i\u0161gyventos negandos dar kart\u0105 \u012frodo, kaip mums visiems svarbu tur\u0117ti viet\u0105, kuri\u0105 gal\u0117tume vadinti namais.&#8221; Bookseller Andy Mulligan (Endis Maliganas, g. 1966) \u2013 jauniesiems Lietuvos skaitytojams i\u0161 anks\u010diau pa\u017e\u012fstamas romano \u201e\u0160iuk\u0161l\u0117s&#8221; (\u201eBaltos lankos&#8221;, 2016) autorius, dienra\u0161\u010dio \u201eGuardian&#8221; vaik\u0173 literat\u016bros k\u016br\u0117jams skiriamos premijos laureatas. \u201e\u0160uo&#8221; \u2013 jau antroji lietuvi\u0161kai pasirodanti A. Mulligano knyga.<\/p>\n","protected":false},"featured_media":22777,"comment_status":"open","ping_status":"closed","template":"","meta":{"_acf_changed":false,"site-sidebar-layout":"default","site-content-layout":"","ast-site-content-layout":"default","site-content-style":"default","site-sidebar-style":"default","ast-global-header-display":"","ast-banner-title-visibility":"","ast-main-header-display":"","ast-hfb-above-header-display":"","ast-hfb-below-header-display":"","ast-hfb-mobile-header-display":"","site-post-title":"","ast-breadcrumbs-content":"","ast-featured-img":"","footer-sml-layout":"","ast-disable-related-posts":"","theme-transparent-header-meta":"","adv-header-id-meta":"","stick-header-meta":"","header-above-stick-meta":"","header-main-stick-meta":"","header-below-stick-meta":"","astra-migrate-meta-layouts":"default","ast-page-background-enabled":"default","ast-page-background-meta":{"desktop":{"background-color":"","background-image":"","background-repeat":"repeat","background-position":"center center","background-size":"auto","background-attachment":"scroll","background-type":"","background-media":"","overlay-type":"","overlay-color":"","overlay-opacity":"","overlay-gradient":""},"tablet":{"background-color":"","background-image":"","background-repeat":"repeat","background-position":"center center","background-size":"auto","background-attachment":"scroll","background-type":"","background-media":"","overlay-type":"","overlay-color":"","overlay-opacity":"","overlay-gradient":""},"mobile":{"background-color":"","background-image":"","background-repeat":"repeat","background-position":"center center","background-size":"auto","background-attachment":"scroll","background-type":"","background-media":"","overlay-type":"","overlay-color":"","overlay-opacity":"","overlay-gradient":""}},"ast-content-background-meta":{"desktop":{"background-color":"var(--ast-global-color-4)","background-image":"","background-repeat":"repeat","background-position":"center center","background-size":"auto","background-attachment":"scroll","background-type":"","background-media":"","overlay-type":"","overlay-color":"","overlay-opacity":"","overlay-gradient":""},"tablet":{"background-color":"var(--ast-global-color-4)","background-image":"","background-repeat":"repeat","background-position":"center center","background-size":"auto","background-attachment":"scroll","background-type":"","background-media":"","overlay-type":"","overlay-color":"","overlay-opacity":"","overlay-gradient":""},"mobile":{"background-color":"var(--ast-global-color-4)","background-image":"","background-repeat":"repeat","background-position":"center center","background-size":"auto","background-attachment":"scroll","background-type":"","background-media":"","overlay-type":"","overlay-color":"","overlay-opacity":"","overlay-gradient":""}}},"product_brand":[],"product_cat":[9676],"product_tag":[9272,2054,1790,1646,1785],"class_list":{"0":"post-22770","1":"product","2":"type-product","3":"status-publish","4":"has-post-thumbnail","6":"product_cat-paaugliams","7":"product_tag-beverly-cleary","8":"product_tag-gyvunai","9":"product_tag-jausmai","10":"product_tag-seima","11":"product_tag-vaikams","12":"desktop-align-left","13":"tablet-align-left","14":"mobile-align-left","16":"first","17":"instock","18":"shipping-taxable","19":"purchasable","20":"product-type-simple"},"acf":[],"yoast_head":"<!-- This site is optimized with the Yoast SEO plugin v27.0 - https:\/\/yoast.com\/product\/yoast-seo-wordpress\/ -->\n<title>\u0160uo<\/title>\n<meta name=\"description\" content=\"T\u0105 dien\u0105, kai Tomas, prav\u0117r\u0119s krep\u0161\u012f, pirm\u0105 kart\u0105 i\u0161vysta ma\u017e\u0105 gauruot\u0105 \u0161uniuk\u0105, jo gyvenime \u012fsi\u017eiebia viltis. Pagaliau jis turi tikr\u0105 draug\u0105, su kuriuo\" \/>\n<meta name=\"robots\" content=\"index, follow, max-snippet:-1, max-image-preview:large, max-video-preview:-1\" \/>\n<link rel=\"canonical\" href=\"https:\/\/skaitytaknyga.lt\/en\/produktas\/suo\/\" \/>\n<meta property=\"og:locale\" content=\"en_GB\" \/>\n<meta property=\"og:locale:alternate\" content=\"lt_LT\" \/>\n<meta property=\"og:type\" content=\"article\" \/>\n<meta property=\"og:title\" content=\"\u0160uo\" \/>\n<meta property=\"og:description\" content=\"T\u0105 dien\u0105, kai Tomas, prav\u0117r\u0119s krep\u0161\u012f, pirm\u0105 kart\u0105 i\u0161vysta ma\u017e\u0105 gauruot\u0105 \u0161uniuk\u0105, jo gyvenime \u012fsi\u017eiebia viltis. Pagaliau jis turi tikr\u0105 draug\u0105, su kuriuo\" \/>\n<meta property=\"og:url\" content=\"https:\/\/skaitytaknyga.lt\/en\/produktas\/suo\/\" \/>\n<meta property=\"og:site_name\" content=\"Skaitytaknyga\" \/>\n<meta property=\"article:publisher\" content=\"https:\/\/www.facebook.com\/skaitytaknyga\/\" \/>\n<meta property=\"article:modified_time\" content=\"2026-03-05T14:45:08+00:00\" \/>\n<meta property=\"og:image\" content=\"https:\/\/skaitytaknyga.lt\/wp-content\/uploads\/2026\/01\/Andy-Mulligan-suo-1.webp\" \/>\n\t<meta property=\"og:image:width\" content=\"300\" \/>\n\t<meta property=\"og:image:height\" content=\"435\" \/>\n\t<meta property=\"og:image:type\" content=\"image\/webp\" \/>\n<meta name=\"twitter:card\" content=\"summary_large_image\" \/>\n<meta name=\"twitter:label1\" content=\"Estimated reading time\" \/>\n\t<meta name=\"twitter:data1\" content=\"1 minute\" \/>\n<script type=\"application\/ld+json\" class=\"yoast-schema-graph\">{\"@context\":\"https:\/\/schema.org\",\"@graph\":[{\"@type\":\"WebPage\",\"@id\":\"https:\/\/skaitytaknyga.lt\/produktas\/suo\/\",\"url\":\"https:\/\/skaitytaknyga.lt\/produktas\/suo\/\",\"name\":\"\u0160uo\",\"isPartOf\":{\"@id\":\"https:\/\/skaitytaknyga.lt\/#website\"},\"primaryImageOfPage\":{\"@id\":\"https:\/\/skaitytaknyga.lt\/produktas\/suo\/#primaryimage\"},\"image\":{\"@id\":\"https:\/\/skaitytaknyga.lt\/produktas\/suo\/#primaryimage\"},\"thumbnailUrl\":\"https:\/\/skaitytaknyga.lt\/wp-content\/uploads\/2026\/01\/Andy-Mulligan-suo-1.webp\",\"datePublished\":\"2026-01-28T15:54:24+00:00\",\"dateModified\":\"2026-03-05T14:45:08+00:00\",\"description\":\"T\u0105 dien\u0105, kai Tomas, prav\u0117r\u0119s krep\u0161\u012f, pirm\u0105 kart\u0105 i\u0161vysta ma\u017e\u0105 gauruot\u0105 \u0161uniuk\u0105, jo gyvenime \u012fsi\u017eiebia viltis. Pagaliau jis turi tikr\u0105 draug\u0105, su kuriuo\",\"breadcrumb\":{\"@id\":\"https:\/\/skaitytaknyga.lt\/produktas\/suo\/#breadcrumb\"},\"inLanguage\":\"en-GB\",\"potentialAction\":[{\"@type\":\"ReadAction\",\"target\":[\"https:\/\/skaitytaknyga.lt\/produktas\/suo\/\"]}]},{\"@type\":\"ImageObject\",\"inLanguage\":\"en-GB\",\"@id\":\"https:\/\/skaitytaknyga.lt\/produktas\/suo\/#primaryimage\",\"url\":\"https:\/\/skaitytaknyga.lt\/wp-content\/uploads\/2026\/01\/Andy-Mulligan-suo-1.webp\",\"contentUrl\":\"https:\/\/skaitytaknyga.lt\/wp-content\/uploads\/2026\/01\/Andy-Mulligan-suo-1.webp\",\"width\":300,\"height\":435,\"caption\":\"Andy Mulligan \u0161uo\"},{\"@type\":\"BreadcrumbList\",\"@id\":\"https:\/\/skaitytaknyga.lt\/produktas\/suo\/#breadcrumb\",\"itemListElement\":[{\"@type\":\"ListItem\",\"position\":1,\"name\":\"Home\",\"item\":\"https:\/\/skaitytaknyga.lt\/\"},{\"@type\":\"ListItem\",\"position\":2,\"name\":\"Parduotuv\u0117\",\"item\":\"https:\/\/skaitytaknyga.lt\/knygu-parduotuve\/\"},{\"@type\":\"ListItem\",\"position\":3,\"name\":\"\u0160uo\"}]},{\"@type\":\"WebSite\",\"@id\":\"https:\/\/skaitytaknyga.lt\/#website\",\"url\":\"https:\/\/skaitytaknyga.lt\/\",\"name\":\"skaitytaknyga.lt\",\"description\":\"Skaitytaknyga.lt \u2013 tai ma\u017eas \u0161eimos verslas, kuris prasid\u0117jo nuo meil\u0117s knygoms ir siekio i\u0161gelb\u0117ti knygas nuo likimo prie konteinerio. Kas vienam nereikalingas daiktas \u2013 kitam lobis, o mes esame tarpininkai, kurie padeda abiems tapti laimingesniems ???? \u017dinome kaip nelengva i\u0161gyventi ma\u017eiems verslams, tad nuo \u0161iol, \u010dia rasite ir kit\u0173, ma\u017e\u0173 \u0161eim\u0173 versl\u0173, rank\u0173 darbo, dovan\u0173 sau ir artimiesiems.\",\"publisher\":{\"@id\":\"https:\/\/skaitytaknyga.lt\/#organization\"},\"potentialAction\":[{\"@type\":\"SearchAction\",\"target\":{\"@type\":\"EntryPoint\",\"urlTemplate\":\"https:\/\/skaitytaknyga.lt\/?s={search_term_string}\"},\"query-input\":{\"@type\":\"PropertyValueSpecification\",\"valueRequired\":true,\"valueName\":\"search_term_string\"}}],\"inLanguage\":\"en-GB\"},{\"@type\":\"Organization\",\"@id\":\"https:\/\/skaitytaknyga.lt\/#organization\",\"name\":\"skaitytaknyga.lt\",\"url\":\"https:\/\/skaitytaknyga.lt\/\",\"logo\":{\"@type\":\"ImageObject\",\"inLanguage\":\"en-GB\",\"@id\":\"https:\/\/skaitytaknyga.lt\/#\/schema\/logo\/image\/\",\"url\":\"https:\/\/skaitytaknyga.lt\/wp-content\/uploads\/2024\/05\/cropped-cropped-cropped-02_00843_jt3bggkj1j3HLc7SyY6rEUpg.jpeg\",\"contentUrl\":\"https:\/\/skaitytaknyga.lt\/wp-content\/uploads\/2024\/05\/cropped-cropped-cropped-02_00843_jt3bggkj1j3HLc7SyY6rEUpg.jpeg\",\"width\":1600,\"height\":1600,\"caption\":\"skaitytaknyga.lt\"},\"image\":{\"@id\":\"https:\/\/skaitytaknyga.lt\/#\/schema\/logo\/image\/\"},\"sameAs\":[\"https:\/\/www.facebook.com\/skaitytaknyga\/\"]}]}<\/script>\n<!-- \/ Yoast SEO plugin. -->","yoast_head_json":{"title":"\u0160uo","description":"T\u0105 dien\u0105, kai Tomas, prav\u0117r\u0119s krep\u0161\u012f, pirm\u0105 kart\u0105 i\u0161vysta ma\u017e\u0105 gauruot\u0105 \u0161uniuk\u0105, jo gyvenime \u012fsi\u017eiebia viltis. Pagaliau jis turi tikr\u0105 draug\u0105, su kuriuo","robots":{"index":"index","follow":"follow","max-snippet":"max-snippet:-1","max-image-preview":"max-image-preview:large","max-video-preview":"max-video-preview:-1"},"canonical":"https:\/\/skaitytaknyga.lt\/en\/produktas\/suo\/","og_locale":"en_GB","og_type":"article","og_title":"[:lt]\u0160uo[:] - Skaitytaknyga","og_description":"T\u0105 dien\u0105, kai Tomas, prav\u0117r\u0119s krep\u0161\u012f, pirm\u0105 kart\u0105 i\u0161vysta ma\u017e\u0105 gauruot\u0105 \u0161uniuk\u0105, jo gyvenime \u012fsi\u017eiebia viltis. Pagaliau jis turi tikr\u0105 draug\u0105, su kuriuo","og_url":"https:\/\/skaitytaknyga.lt\/en\/produktas\/suo\/","og_site_name":"Skaitytaknyga","article_publisher":"https:\/\/www.facebook.com\/skaitytaknyga\/","article_modified_time":"2026-03-05T14:45:08+00:00","og_image":[{"width":300,"height":435,"url":"https:\/\/skaitytaknyga.lt\/wp-content\/uploads\/2026\/01\/Andy-Mulligan-suo-1.webp","type":"image\/webp"}],"twitter_card":"summary_large_image","twitter_misc":{"Estimated reading time":"1 minute"},"schema":{"@context":"https:\/\/schema.org","@graph":[{"@type":"WebPage","@id":"https:\/\/skaitytaknyga.lt\/produktas\/suo\/","url":"https:\/\/skaitytaknyga.lt\/produktas\/suo\/","name":"\u0160uo","isPartOf":{"@id":"https:\/\/skaitytaknyga.lt\/#website"},"primaryImageOfPage":{"@id":"https:\/\/skaitytaknyga.lt\/produktas\/suo\/#primaryimage"},"image":{"@id":"https:\/\/skaitytaknyga.lt\/produktas\/suo\/#primaryimage"},"thumbnailUrl":"https:\/\/skaitytaknyga.lt\/wp-content\/uploads\/2026\/01\/Andy-Mulligan-suo-1.webp","datePublished":"2026-01-28T15:54:24+00:00","dateModified":"2026-03-05T14:45:08+00:00","description":"T\u0105 dien\u0105, kai Tomas, prav\u0117r\u0119s krep\u0161\u012f, pirm\u0105 kart\u0105 i\u0161vysta ma\u017e\u0105 gauruot\u0105 \u0161uniuk\u0105, jo gyvenime \u012fsi\u017eiebia viltis. Pagaliau jis turi tikr\u0105 draug\u0105, su kuriuo","breadcrumb":{"@id":"https:\/\/skaitytaknyga.lt\/produktas\/suo\/#breadcrumb"},"inLanguage":"en-GB","potentialAction":[{"@type":"ReadAction","target":["https:\/\/skaitytaknyga.lt\/produktas\/suo\/"]}]},{"@type":"ImageObject","inLanguage":"en-GB","@id":"https:\/\/skaitytaknyga.lt\/produktas\/suo\/#primaryimage","url":"https:\/\/skaitytaknyga.lt\/wp-content\/uploads\/2026\/01\/Andy-Mulligan-suo-1.webp","contentUrl":"https:\/\/skaitytaknyga.lt\/wp-content\/uploads\/2026\/01\/Andy-Mulligan-suo-1.webp","width":300,"height":435,"caption":"Andy Mulligan \u0161uo"},{"@type":"BreadcrumbList","@id":"https:\/\/skaitytaknyga.lt\/produktas\/suo\/#breadcrumb","itemListElement":[{"@type":"ListItem","position":1,"name":"Home","item":"https:\/\/skaitytaknyga.lt\/"},{"@type":"ListItem","position":2,"name":"Parduotuv\u0117","item":"https:\/\/skaitytaknyga.lt\/knygu-parduotuve\/"},{"@type":"ListItem","position":3,"name":"\u0160uo"}]},{"@type":"WebSite","@id":"https:\/\/skaitytaknyga.lt\/#website","url":"https:\/\/skaitytaknyga.lt\/","name":"skaitytaknyga.lt","description":"Skaitytaknyga.lt \u2013 tai ma\u017eas \u0161eimos verslas, kuris prasid\u0117jo nuo meil\u0117s knygoms ir siekio i\u0161gelb\u0117ti knygas nuo likimo prie konteinerio. Kas vienam nereikalingas daiktas \u2013 kitam lobis, o mes esame tarpininkai, kurie padeda abiems tapti laimingesniems ???? \u017dinome kaip nelengva i\u0161gyventi ma\u017eiems verslams, tad nuo \u0161iol, \u010dia rasite ir kit\u0173, ma\u017e\u0173 \u0161eim\u0173 versl\u0173, rank\u0173 darbo, dovan\u0173 sau ir artimiesiems.","publisher":{"@id":"https:\/\/skaitytaknyga.lt\/#organization"},"potentialAction":[{"@type":"SearchAction","target":{"@type":"EntryPoint","urlTemplate":"https:\/\/skaitytaknyga.lt\/?s={search_term_string}"},"query-input":{"@type":"PropertyValueSpecification","valueRequired":true,"valueName":"search_term_string"}}],"inLanguage":"en-GB"},{"@type":"Organization","@id":"https:\/\/skaitytaknyga.lt\/#organization","name":"skaitytaknyga.lt","url":"https:\/\/skaitytaknyga.lt\/","logo":{"@type":"ImageObject","inLanguage":"en-GB","@id":"https:\/\/skaitytaknyga.lt\/#\/schema\/logo\/image\/","url":"https:\/\/skaitytaknyga.lt\/wp-content\/uploads\/2024\/05\/cropped-cropped-cropped-02_00843_jt3bggkj1j3HLc7SyY6rEUpg.jpeg","contentUrl":"https:\/\/skaitytaknyga.lt\/wp-content\/uploads\/2024\/05\/cropped-cropped-cropped-02_00843_jt3bggkj1j3HLc7SyY6rEUpg.jpeg","width":1600,"height":1600,"caption":"skaitytaknyga.lt"},"image":{"@id":"https:\/\/skaitytaknyga.lt\/#\/schema\/logo\/image\/"},"sameAs":["https:\/\/www.facebook.com\/skaitytaknyga\/"]}]}},"_links":{"self":[{"href":"https:\/\/skaitytaknyga.lt\/en\/wp-json\/wp\/v2\/product\/22770","targetHints":{"allow":["GET"]}}],"collection":[{"href":"https:\/\/skaitytaknyga.lt\/en\/wp-json\/wp\/v2\/product"}],"about":[{"href":"https:\/\/skaitytaknyga.lt\/en\/wp-json\/wp\/v2\/types\/product"}],"replies":[{"embeddable":true,"href":"https:\/\/skaitytaknyga.lt\/en\/wp-json\/wp\/v2\/comments?post=22770"}],"wp:featuredmedia":[{"embeddable":true,"href":"https:\/\/skaitytaknyga.lt\/en\/wp-json\/wp\/v2\/media\/22777"}],"wp:attachment":[{"href":"https:\/\/skaitytaknyga.lt\/en\/wp-json\/wp\/v2\/media?parent=22770"}],"wp:term":[{"taxonomy":"product_brand","embeddable":true,"href":"https:\/\/skaitytaknyga.lt\/en\/wp-json\/wp\/v2\/product_brand?post=22770"},{"taxonomy":"product_cat","embeddable":true,"href":"https:\/\/skaitytaknyga.lt\/en\/wp-json\/wp\/v2\/product_cat?post=22770"},{"taxonomy":"product_tag","embeddable":true,"href":"https:\/\/skaitytaknyga.lt\/en\/wp-json\/wp\/v2\/product_tag?post=22770"}],"curies":[{"name":"wp","href":"https:\/\/api.w.org\/{rel}","templated":true}]}}