{"id":22769,"date":"2026-01-28T17:54:24","date_gmt":"2026-01-28T15:54:24","guid":{"rendered":"https:\/\/skaitytaknyga.lt\/?post_type=product&#038;p=22769"},"modified":"2026-03-05T16:47:08","modified_gmt":"2026-03-05T14:47:08","slug":"smelio-zmogus","status":"publish","type":"product","link":"https:\/\/skaitytaknyga.lt\/en\/produktas\/smelio-zmogus\/","title":{"rendered":"Sm\u0117lio \u017emogus"},"content":{"rendered":"<p>Ar \u017einai, kas saugo tave miegant\u012f nakt\u012f, kai M\u0117nulis b\u016bna nery\u0161kus ir apsiblaus\u0119s? Ne\u017einai? Nieko tokio! Vaik\u0173 serg\u0117tojas M\u0117nulio \u017emogus vien\u0105 geradar\u012f tau jau rado \u2013 nediduk\u0105 apsimiegojus\u012f \u017emogel\u012f vardu Sm\u0117lisonas Miegalius. Prie\u0161 guldamasis \u012f lov\u0105 b\u016btinai atsiversk \u0161i\u0105 knygut\u0119 ir su\u017einok, kaip Sm\u0117liui pavyksta kovoti su baisiuoju ko\u0161mar\u0173 karaliumi Tamsiumi bei \u012fsitikink, ar visi ko\u0161marai i\u0161 ties\u0173 tokie tikri ir bais\u016bs&#8230;<\/p>\n<p>Sm\u0117lio \u017emog\u0173 galite sutikti animaciniame filme \u201eLegendos susivienija&#8221;<br \/>\n(angl. Rise of the Guardians, 2012 m.)<\/p>\n","protected":false},"excerpt":{"rendered":"<p>Ar \u017einai, kas saugo tave miegant\u012f nakt\u012f, kai M\u0117nulis b\u016bna nery\u0161kus ir apsiblaus\u0119s? Ne\u017einai? Nieko tokio! Vaik\u0173 serg\u0117tojas M\u0117nulio \u017emogus vien\u0105 geradar\u012f tau jau rado \u2013 nediduk\u0105 apsimiegojus\u012f \u017emogel\u012f vardu Sm\u0117lisonas Miegalius. Prie\u0161 guldamasis \u012f lov\u0105 b\u016btinai atsiversk \u0161i\u0105 knygut\u0119 ir su\u017einok, kaip Sm\u0117liui pavyksta kovoti su baisiuoju ko\u0161mar\u0173 karaliumi Tamsiumi bei \u012fsitikink, ar visi ko\u0161marai i\u0161 ties\u0173 tokie tikri ir bais\u016bs&#8230; Sm\u0117lio \u017emog\u0173 galite sutikti animaciniame filme \u201eLegendos susivienija&#8221; (angl. Rise of the Guardians, 2012 m.)<\/p>\n","protected":false},"featured_media":22776,"comment_status":"open","ping_status":"closed","template":"","meta":{"_acf_changed":false,"site-sidebar-layout":"default","site-content-layout":"","ast-site-content-layout":"default","site-content-style":"default","site-sidebar-style":"default","ast-global-header-display":"","ast-banner-title-visibility":"","ast-main-header-display":"","ast-hfb-above-header-display":"","ast-hfb-below-header-display":"","ast-hfb-mobile-header-display":"","site-post-title":"","ast-breadcrumbs-content":"","ast-featured-img":"","footer-sml-layout":"","ast-disable-related-posts":"","theme-transparent-header-meta":"","adv-header-id-meta":"","stick-header-meta":"","header-above-stick-meta":"","header-main-stick-meta":"","header-below-stick-meta":"","astra-migrate-meta-layouts":"default","ast-page-background-enabled":"default","ast-page-background-meta":{"desktop":{"background-color":"","background-image":"","background-repeat":"repeat","background-position":"center center","background-size":"auto","background-attachment":"scroll","background-type":"","background-media":"","overlay-type":"","overlay-color":"","overlay-opacity":"","overlay-gradient":""},"tablet":{"background-color":"","background-image":"","background-repeat":"repeat","background-position":"center center","background-size":"auto","background-attachment":"scroll","background-type":"","background-media":"","overlay-type":"","overlay-color":"","overlay-opacity":"","overlay-gradient":""},"mobile":{"background-color":"","background-image":"","background-repeat":"repeat","background-position":"center center","background-size":"auto","background-attachment":"scroll","background-type":"","background-media":"","overlay-type":"","overlay-color":"","overlay-opacity":"","overlay-gradient":""}},"ast-content-background-meta":{"desktop":{"background-color":"var(--ast-global-color-4)","background-image":"","background-repeat":"repeat","background-position":"center center","background-size":"auto","background-attachment":"scroll","background-type":"","background-media":"","overlay-type":"","overlay-color":"","overlay-opacity":"","overlay-gradient":""},"tablet":{"background-color":"var(--ast-global-color-4)","background-image":"","background-repeat":"repeat","background-position":"center center","background-size":"auto","background-attachment":"scroll","background-type":"","background-media":"","overlay-type":"","overlay-color":"","overlay-opacity":"","overlay-gradient":""},"mobile":{"background-color":"var(--ast-global-color-4)","background-image":"","background-repeat":"repeat","background-position":"center center","background-size":"auto","background-attachment":"scroll","background-type":"","background-media":"","overlay-type":"","overlay-color":"","overlay-opacity":"","overlay-gradient":""}}},"product_brand":[],"product_cat":[9677],"product_tag":[2056,9271,9270,3629,1785],"class_list":{"0":"post-22769","1":"product","2":"type-product","3":"status-publish","4":"has-post-thumbnail","6":"product_cat-ikimokyklinukams","7":"product_tag-drasa","8":"product_tag-e-t-a-hoffmann","9":"product_tag-kosmarai","10":"product_tag-sapnai","11":"product_tag-vaikams","12":"desktop-align-left","13":"tablet-align-left","14":"mobile-align-left","16":"first","17":"instock","18":"shipping-taxable","19":"purchasable","20":"product-type-simple"},"acf":[],"yoast_head":"<!-- This site is optimized with the Yoast SEO plugin v27.0 - https:\/\/yoast.com\/product\/yoast-seo-wordpress\/ -->\n<title>Sm\u0117lio \u017emogus<\/title>\n<meta name=\"description\" content=\"Ar \u017einai, kas saugo tave miegant\u012f nakt\u012f, kai M\u0117nulis b\u016bna nery\u0161kus ir apsiblaus\u0119s? Ne\u017einai? Nieko tokio! Vaik\u0173 serg\u0117tojas M\u0117nulio \u017emogus vien\u0105 geradar\u012f\" \/>\n<meta name=\"robots\" content=\"index, follow, max-snippet:-1, max-image-preview:large, max-video-preview:-1\" \/>\n<link rel=\"canonical\" href=\"https:\/\/skaitytaknyga.lt\/en\/produktas\/smelio-zmogus\/\" \/>\n<meta property=\"og:locale\" content=\"en_GB\" \/>\n<meta property=\"og:locale:alternate\" content=\"lt_LT\" \/>\n<meta property=\"og:type\" content=\"article\" \/>\n<meta property=\"og:title\" content=\"Sm\u0117lio \u017emogus\" \/>\n<meta property=\"og:description\" content=\"Ar \u017einai, kas saugo tave miegant\u012f nakt\u012f, kai M\u0117nulis b\u016bna nery\u0161kus ir apsiblaus\u0119s? Ne\u017einai? Nieko tokio! Vaik\u0173 serg\u0117tojas M\u0117nulio \u017emogus vien\u0105 geradar\u012f\" \/>\n<meta property=\"og:url\" content=\"https:\/\/skaitytaknyga.lt\/en\/produktas\/smelio-zmogus\/\" \/>\n<meta property=\"og:site_name\" content=\"Skaitytaknyga\" \/>\n<meta property=\"article:publisher\" content=\"https:\/\/www.facebook.com\/skaitytaknyga\/\" \/>\n<meta property=\"article:modified_time\" content=\"2026-03-05T14:47:08+00:00\" \/>\n<meta property=\"og:image\" content=\"https:\/\/skaitytaknyga.lt\/wp-content\/uploads\/2026\/01\/Smelio-zmogus-1.webp\" \/>\n\t<meta property=\"og:image:width\" content=\"300\" \/>\n\t<meta property=\"og:image:height\" content=\"302\" \/>\n\t<meta property=\"og:image:type\" content=\"image\/webp\" \/>\n<meta name=\"twitter:card\" content=\"summary_large_image\" \/>\n<script type=\"application\/ld+json\" class=\"yoast-schema-graph\">{\"@context\":\"https:\/\/schema.org\",\"@graph\":[{\"@type\":\"WebPage\",\"@id\":\"https:\/\/skaitytaknyga.lt\/produktas\/smelio-zmogus\/\",\"url\":\"https:\/\/skaitytaknyga.lt\/produktas\/smelio-zmogus\/\",\"name\":\"Sm\u0117lio \u017emogus\",\"isPartOf\":{\"@id\":\"https:\/\/skaitytaknyga.lt\/#website\"},\"primaryImageOfPage\":{\"@id\":\"https:\/\/skaitytaknyga.lt\/produktas\/smelio-zmogus\/#primaryimage\"},\"image\":{\"@id\":\"https:\/\/skaitytaknyga.lt\/produktas\/smelio-zmogus\/#primaryimage\"},\"thumbnailUrl\":\"https:\/\/skaitytaknyga.lt\/wp-content\/uploads\/2026\/01\/Smelio-zmogus-1.webp\",\"datePublished\":\"2026-01-28T15:54:24+00:00\",\"dateModified\":\"2026-03-05T14:47:08+00:00\",\"description\":\"Ar \u017einai, kas saugo tave miegant\u012f nakt\u012f, kai M\u0117nulis b\u016bna nery\u0161kus ir apsiblaus\u0119s? Ne\u017einai? Nieko tokio! Vaik\u0173 serg\u0117tojas M\u0117nulio \u017emogus vien\u0105 geradar\u012f\",\"breadcrumb\":{\"@id\":\"https:\/\/skaitytaknyga.lt\/produktas\/smelio-zmogus\/#breadcrumb\"},\"inLanguage\":\"en-GB\",\"potentialAction\":[{\"@type\":\"ReadAction\",\"target\":[\"https:\/\/skaitytaknyga.lt\/produktas\/smelio-zmogus\/\"]}]},{\"@type\":\"ImageObject\",\"inLanguage\":\"en-GB\",\"@id\":\"https:\/\/skaitytaknyga.lt\/produktas\/smelio-zmogus\/#primaryimage\",\"url\":\"https:\/\/skaitytaknyga.lt\/wp-content\/uploads\/2026\/01\/Smelio-zmogus-1.webp\",\"contentUrl\":\"https:\/\/skaitytaknyga.lt\/wp-content\/uploads\/2026\/01\/Smelio-zmogus-1.webp\",\"width\":300,\"height\":302},{\"@type\":\"BreadcrumbList\",\"@id\":\"https:\/\/skaitytaknyga.lt\/produktas\/smelio-zmogus\/#breadcrumb\",\"itemListElement\":[{\"@type\":\"ListItem\",\"position\":1,\"name\":\"Home\",\"item\":\"https:\/\/skaitytaknyga.lt\/\"},{\"@type\":\"ListItem\",\"position\":2,\"name\":\"Parduotuv\u0117\",\"item\":\"https:\/\/skaitytaknyga.lt\/knygu-parduotuve\/\"},{\"@type\":\"ListItem\",\"position\":3,\"name\":\"Sm\u0117lio \u017emogus\"}]},{\"@type\":\"WebSite\",\"@id\":\"https:\/\/skaitytaknyga.lt\/#website\",\"url\":\"https:\/\/skaitytaknyga.lt\/\",\"name\":\"skaitytaknyga.lt\",\"description\":\"Skaitytaknyga.lt \u2013 tai ma\u017eas \u0161eimos verslas, kuris prasid\u0117jo nuo meil\u0117s knygoms ir siekio i\u0161gelb\u0117ti knygas nuo likimo prie konteinerio. Kas vienam nereikalingas daiktas \u2013 kitam lobis, o mes esame tarpininkai, kurie padeda abiems tapti laimingesniems ???? \u017dinome kaip nelengva i\u0161gyventi ma\u017eiems verslams, tad nuo \u0161iol, \u010dia rasite ir kit\u0173, ma\u017e\u0173 \u0161eim\u0173 versl\u0173, rank\u0173 darbo, dovan\u0173 sau ir artimiesiems.\",\"publisher\":{\"@id\":\"https:\/\/skaitytaknyga.lt\/#organization\"},\"potentialAction\":[{\"@type\":\"SearchAction\",\"target\":{\"@type\":\"EntryPoint\",\"urlTemplate\":\"https:\/\/skaitytaknyga.lt\/?s={search_term_string}\"},\"query-input\":{\"@type\":\"PropertyValueSpecification\",\"valueRequired\":true,\"valueName\":\"search_term_string\"}}],\"inLanguage\":\"en-GB\"},{\"@type\":\"Organization\",\"@id\":\"https:\/\/skaitytaknyga.lt\/#organization\",\"name\":\"skaitytaknyga.lt\",\"url\":\"https:\/\/skaitytaknyga.lt\/\",\"logo\":{\"@type\":\"ImageObject\",\"inLanguage\":\"en-GB\",\"@id\":\"https:\/\/skaitytaknyga.lt\/#\/schema\/logo\/image\/\",\"url\":\"https:\/\/skaitytaknyga.lt\/wp-content\/uploads\/2024\/05\/cropped-cropped-cropped-02_00843_jt3bggkj1j3HLc7SyY6rEUpg.jpeg\",\"contentUrl\":\"https:\/\/skaitytaknyga.lt\/wp-content\/uploads\/2024\/05\/cropped-cropped-cropped-02_00843_jt3bggkj1j3HLc7SyY6rEUpg.jpeg\",\"width\":1600,\"height\":1600,\"caption\":\"skaitytaknyga.lt\"},\"image\":{\"@id\":\"https:\/\/skaitytaknyga.lt\/#\/schema\/logo\/image\/\"},\"sameAs\":[\"https:\/\/www.facebook.com\/skaitytaknyga\/\"]}]}<\/script>\n<!-- \/ Yoast SEO plugin. -->","yoast_head_json":{"title":"Sm\u0117lio \u017emogus","description":"Ar \u017einai, kas saugo tave miegant\u012f nakt\u012f, kai M\u0117nulis b\u016bna nery\u0161kus ir apsiblaus\u0119s? Ne\u017einai? Nieko tokio! Vaik\u0173 serg\u0117tojas M\u0117nulio \u017emogus vien\u0105 geradar\u012f","robots":{"index":"index","follow":"follow","max-snippet":"max-snippet:-1","max-image-preview":"max-image-preview:large","max-video-preview":"max-video-preview:-1"},"canonical":"https:\/\/skaitytaknyga.lt\/en\/produktas\/smelio-zmogus\/","og_locale":"en_GB","og_type":"article","og_title":"[:lt]Sm\u0117lio \u017emogus[:] - Skaitytaknyga","og_description":"Ar \u017einai, kas saugo tave miegant\u012f nakt\u012f, kai M\u0117nulis b\u016bna nery\u0161kus ir apsiblaus\u0119s? Ne\u017einai? Nieko tokio! Vaik\u0173 serg\u0117tojas M\u0117nulio \u017emogus vien\u0105 geradar\u012f","og_url":"https:\/\/skaitytaknyga.lt\/en\/produktas\/smelio-zmogus\/","og_site_name":"Skaitytaknyga","article_publisher":"https:\/\/www.facebook.com\/skaitytaknyga\/","article_modified_time":"2026-03-05T14:47:08+00:00","og_image":[{"width":300,"height":302,"url":"https:\/\/skaitytaknyga.lt\/wp-content\/uploads\/2026\/01\/Smelio-zmogus-1.webp","type":"image\/webp"}],"twitter_card":"summary_large_image","schema":{"@context":"https:\/\/schema.org","@graph":[{"@type":"WebPage","@id":"https:\/\/skaitytaknyga.lt\/produktas\/smelio-zmogus\/","url":"https:\/\/skaitytaknyga.lt\/produktas\/smelio-zmogus\/","name":"Sm\u0117lio \u017emogus","isPartOf":{"@id":"https:\/\/skaitytaknyga.lt\/#website"},"primaryImageOfPage":{"@id":"https:\/\/skaitytaknyga.lt\/produktas\/smelio-zmogus\/#primaryimage"},"image":{"@id":"https:\/\/skaitytaknyga.lt\/produktas\/smelio-zmogus\/#primaryimage"},"thumbnailUrl":"https:\/\/skaitytaknyga.lt\/wp-content\/uploads\/2026\/01\/Smelio-zmogus-1.webp","datePublished":"2026-01-28T15:54:24+00:00","dateModified":"2026-03-05T14:47:08+00:00","description":"Ar \u017einai, kas saugo tave miegant\u012f nakt\u012f, kai M\u0117nulis b\u016bna nery\u0161kus ir apsiblaus\u0119s? Ne\u017einai? Nieko tokio! Vaik\u0173 serg\u0117tojas M\u0117nulio \u017emogus vien\u0105 geradar\u012f","breadcrumb":{"@id":"https:\/\/skaitytaknyga.lt\/produktas\/smelio-zmogus\/#breadcrumb"},"inLanguage":"en-GB","potentialAction":[{"@type":"ReadAction","target":["https:\/\/skaitytaknyga.lt\/produktas\/smelio-zmogus\/"]}]},{"@type":"ImageObject","inLanguage":"en-GB","@id":"https:\/\/skaitytaknyga.lt\/produktas\/smelio-zmogus\/#primaryimage","url":"https:\/\/skaitytaknyga.lt\/wp-content\/uploads\/2026\/01\/Smelio-zmogus-1.webp","contentUrl":"https:\/\/skaitytaknyga.lt\/wp-content\/uploads\/2026\/01\/Smelio-zmogus-1.webp","width":300,"height":302},{"@type":"BreadcrumbList","@id":"https:\/\/skaitytaknyga.lt\/produktas\/smelio-zmogus\/#breadcrumb","itemListElement":[{"@type":"ListItem","position":1,"name":"Home","item":"https:\/\/skaitytaknyga.lt\/"},{"@type":"ListItem","position":2,"name":"Parduotuv\u0117","item":"https:\/\/skaitytaknyga.lt\/knygu-parduotuve\/"},{"@type":"ListItem","position":3,"name":"Sm\u0117lio \u017emogus"}]},{"@type":"WebSite","@id":"https:\/\/skaitytaknyga.lt\/#website","url":"https:\/\/skaitytaknyga.lt\/","name":"skaitytaknyga.lt","description":"Skaitytaknyga.lt \u2013 tai ma\u017eas \u0161eimos verslas, kuris prasid\u0117jo nuo meil\u0117s knygoms ir siekio i\u0161gelb\u0117ti knygas nuo likimo prie konteinerio. Kas vienam nereikalingas daiktas \u2013 kitam lobis, o mes esame tarpininkai, kurie padeda abiems tapti laimingesniems ???? \u017dinome kaip nelengva i\u0161gyventi ma\u017eiems verslams, tad nuo \u0161iol, \u010dia rasite ir kit\u0173, ma\u017e\u0173 \u0161eim\u0173 versl\u0173, rank\u0173 darbo, dovan\u0173 sau ir artimiesiems.","publisher":{"@id":"https:\/\/skaitytaknyga.lt\/#organization"},"potentialAction":[{"@type":"SearchAction","target":{"@type":"EntryPoint","urlTemplate":"https:\/\/skaitytaknyga.lt\/?s={search_term_string}"},"query-input":{"@type":"PropertyValueSpecification","valueRequired":true,"valueName":"search_term_string"}}],"inLanguage":"en-GB"},{"@type":"Organization","@id":"https:\/\/skaitytaknyga.lt\/#organization","name":"skaitytaknyga.lt","url":"https:\/\/skaitytaknyga.lt\/","logo":{"@type":"ImageObject","inLanguage":"en-GB","@id":"https:\/\/skaitytaknyga.lt\/#\/schema\/logo\/image\/","url":"https:\/\/skaitytaknyga.lt\/wp-content\/uploads\/2024\/05\/cropped-cropped-cropped-02_00843_jt3bggkj1j3HLc7SyY6rEUpg.jpeg","contentUrl":"https:\/\/skaitytaknyga.lt\/wp-content\/uploads\/2024\/05\/cropped-cropped-cropped-02_00843_jt3bggkj1j3HLc7SyY6rEUpg.jpeg","width":1600,"height":1600,"caption":"skaitytaknyga.lt"},"image":{"@id":"https:\/\/skaitytaknyga.lt\/#\/schema\/logo\/image\/"},"sameAs":["https:\/\/www.facebook.com\/skaitytaknyga\/"]}]}},"_links":{"self":[{"href":"https:\/\/skaitytaknyga.lt\/en\/wp-json\/wp\/v2\/product\/22769","targetHints":{"allow":["GET"]}}],"collection":[{"href":"https:\/\/skaitytaknyga.lt\/en\/wp-json\/wp\/v2\/product"}],"about":[{"href":"https:\/\/skaitytaknyga.lt\/en\/wp-json\/wp\/v2\/types\/product"}],"replies":[{"embeddable":true,"href":"https:\/\/skaitytaknyga.lt\/en\/wp-json\/wp\/v2\/comments?post=22769"}],"wp:featuredmedia":[{"embeddable":true,"href":"https:\/\/skaitytaknyga.lt\/en\/wp-json\/wp\/v2\/media\/22776"}],"wp:attachment":[{"href":"https:\/\/skaitytaknyga.lt\/en\/wp-json\/wp\/v2\/media?parent=22769"}],"wp:term":[{"taxonomy":"product_brand","embeddable":true,"href":"https:\/\/skaitytaknyga.lt\/en\/wp-json\/wp\/v2\/product_brand?post=22769"},{"taxonomy":"product_cat","embeddable":true,"href":"https:\/\/skaitytaknyga.lt\/en\/wp-json\/wp\/v2\/product_cat?post=22769"},{"taxonomy":"product_tag","embeddable":true,"href":"https:\/\/skaitytaknyga.lt\/en\/wp-json\/wp\/v2\/product_tag?post=22769"}],"curies":[{"name":"wp","href":"https:\/\/api.w.org\/{rel}","templated":true}]}}