{"id":22765,"date":"2026-01-28T17:45:44","date_gmt":"2026-01-28T15:45:44","guid":{"rendered":"https:\/\/skaitytaknyga.lt\/?post_type=product&#038;p=22765"},"modified":"2026-03-05T16:47:08","modified_gmt":"2026-03-05T14:47:08","slug":"eleanor-hodgman-porter-poliana-kopija","status":"publish","type":"product","link":"https:\/\/skaitytaknyga.lt\/en\/produktas\/eleanor-hodgman-porter-poliana-kopija\/","title":{"rendered":"Eleanor Hodgman Porter \u201ePoliana\u201c"},"content":{"rendered":"<p>Su \u0161velniu humoru para\u0161yta istorija apie mergait\u0119 Polian\u0105, i\u0161mokiusi\u0105 apylink\u0117s \u017emones \u017eaisti \u201ed\u017eiaugsmo \u017eaidim\u0105\u201c.<\/p>\n<p>\u201eA\u0161 noriu pasakyti, kai gyveni &#8211; tai darai tai, k\u0105 nori daryti: \u017eaidi lauke, skaitai (\u017einoma, pati sau), laipioji po kalvas, kalbiesi su Tomu sode ir su Nense, ir apsi\u017ei\u016bri namuose, su\u017einai k\u0105 nors apie \u017emones [&#8230;]. Kai vien kviepuoji, tai dar negyveni!&#8221;<\/p>\n<p>Autorius: Eleanor H. Porter<br \/>\nLeid\u0117jas: Alma littera<br \/>\nMetai: 2018<br \/>\nPuslapiai: 240<br \/>\nISBN: 9786090133583<br \/>\nFormatas: 15 x 20,5 cm, kieti vir\u0161eliai<br \/>\nKalba: Lietuvi\u0173<br \/>\nVert\u0117jas: Viltaras Alksn\u0117nas<\/p>\n","protected":false},"excerpt":{"rendered":"<p>Su \u0161velniu humoru para\u0161yta istorija apie mergait\u0119 Polian\u0105, i\u0161mokiusi\u0105 apylink\u0117s \u017emones \u017eaisti \u201ed\u017eiaugsmo \u017eaidim\u0105\u201c. \u201eA\u0161 noriu pasakyti, kai gyveni &#8211; tai darai tai, k\u0105 nori daryti: \u017eaidi lauke, skaitai (\u017einoma, pati sau), laipioji po kalvas, kalbiesi su Tomu sode ir su Nense, ir apsi\u017ei\u016bri namuose, su\u017einai k\u0105 nors apie \u017emones [&#8230;]. Kai vien kviepuoji, tai dar negyveni!&#8221; Autorius: Eleanor H. Porter Leid\u0117jas: Alma littera Metai: 2018 Puslapiai: 240 ISBN: 9786090133583 Formatas: 15 x 20,5 cm, kieti vir\u0161eliai Kalba: Lietuvi\u0173 Vert\u0117jas: Viltaras Alksn\u0117nas<\/p>\n","protected":false},"featured_media":22766,"comment_status":"closed","ping_status":"closed","template":"","meta":{"_acf_changed":false,"site-sidebar-layout":"default","site-content-layout":"","ast-site-content-layout":"default","site-content-style":"default","site-sidebar-style":"default","ast-global-header-display":"","ast-banner-title-visibility":"","ast-main-header-display":"","ast-hfb-above-header-display":"","ast-hfb-below-header-display":"","ast-hfb-mobile-header-display":"","site-post-title":"","ast-breadcrumbs-content":"","ast-featured-img":"","footer-sml-layout":"","ast-disable-related-posts":"","theme-transparent-header-meta":"default","adv-header-id-meta":"","stick-header-meta":"","header-above-stick-meta":"","header-main-stick-meta":"","header-below-stick-meta":"","astra-migrate-meta-layouts":"set","ast-page-background-enabled":"default","ast-page-background-meta":{"desktop":{"background-color":"","background-image":"","background-repeat":"repeat","background-position":"center center","background-size":"auto","background-attachment":"scroll","background-type":"","background-media":"","overlay-type":"","overlay-color":"","overlay-opacity":"","overlay-gradient":""},"tablet":{"background-color":"","background-image":"","background-repeat":"repeat","background-position":"center center","background-size":"auto","background-attachment":"scroll","background-type":"","background-media":"","overlay-type":"","overlay-color":"","overlay-opacity":"","overlay-gradient":""},"mobile":{"background-color":"","background-image":"","background-repeat":"repeat","background-position":"center center","background-size":"auto","background-attachment":"scroll","background-type":"","background-media":"","overlay-type":"","overlay-color":"","overlay-opacity":"","overlay-gradient":""}},"ast-content-background-meta":{"desktop":{"background-color":"var(--ast-global-color-4)","background-image":"","background-repeat":"repeat","background-position":"center center","background-size":"auto","background-attachment":"scroll","background-type":"","background-media":"","overlay-type":"","overlay-color":"","overlay-opacity":"","overlay-gradient":""},"tablet":{"background-color":"var(--ast-global-color-4)","background-image":"","background-repeat":"repeat","background-position":"center center","background-size":"auto","background-attachment":"scroll","background-type":"","background-media":"","overlay-type":"","overlay-color":"","overlay-opacity":"","overlay-gradient":""},"mobile":{"background-color":"var(--ast-global-color-4)","background-image":"","background-repeat":"repeat","background-position":"center center","background-size":"auto","background-attachment":"scroll","background-type":"","background-media":"","overlay-type":"","overlay-color":"","overlay-opacity":"","overlay-gradient":""}}},"product_brand":[],"product_cat":[331],"product_tag":[8718,9268,1437,1645,1514],"class_list":{"0":"post-22765","1":"product","2":"type-product","3":"status-publish","4":"has-post-thumbnail","6":"product_cat-programine-literatura","7":"product_tag-dziaugsmas","8":"product_tag-eleanor-h-porter","9":"product_tag-klasika","10":"product_tag-vaiku-literatura","11":"product_tag-vertybes","12":"desktop-align-left","13":"tablet-align-left","14":"mobile-align-left","16":"first","17":"outofstock","18":"shipping-taxable","19":"purchasable","20":"product-type-simple"},"acf":[],"yoast_head":"<!-- This site is optimized with the Yoast SEO plugin v27.0 - https:\/\/yoast.com\/product\/yoast-seo-wordpress\/ -->\n<title>Eleanor Hodgman Porter \u201ePoliana\u201c<\/title>\n<meta name=\"description\" content=\"Su \u0161velniu humoru para\u0161yta istorija apie mergait\u0119 Polian\u0105, i\u0161mokiusi\u0105 apylink\u0117s \u017emones \u017eaisti \u201ed\u017eiaugsmo \u017eaidim\u0105\u201c. \u201eA\u0161 noriu pasakyti, kai gyveni - tai\" \/>\n<meta name=\"robots\" content=\"index, follow, max-snippet:-1, max-image-preview:large, max-video-preview:-1\" \/>\n<link rel=\"canonical\" href=\"https:\/\/skaitytaknyga.lt\/en\/produktas\/eleanor-hodgman-porter-poliana-kopija\/\" \/>\n<meta property=\"og:locale\" content=\"en_GB\" \/>\n<meta property=\"og:locale:alternate\" content=\"lt_LT\" \/>\n<meta property=\"og:type\" content=\"article\" \/>\n<meta property=\"og:title\" content=\"Eleanor Hodgman Porter \u201ePoliana\u201c\" \/>\n<meta property=\"og:description\" content=\"Su \u0161velniu humoru para\u0161yta istorija apie mergait\u0119 Polian\u0105, i\u0161mokiusi\u0105 apylink\u0117s \u017emones \u017eaisti \u201ed\u017eiaugsmo \u017eaidim\u0105\u201c. \u201eA\u0161 noriu pasakyti, kai gyveni - tai\" \/>\n<meta property=\"og:url\" content=\"https:\/\/skaitytaknyga.lt\/en\/produktas\/eleanor-hodgman-porter-poliana-kopija\/\" \/>\n<meta property=\"og:site_name\" content=\"Skaitytaknyga\" \/>\n<meta property=\"article:publisher\" content=\"https:\/\/www.facebook.com\/skaitytaknyga\/\" \/>\n<meta property=\"article:modified_time\" content=\"2026-03-05T14:47:08+00:00\" \/>\n<meta property=\"og:image\" content=\"https:\/\/skaitytaknyga.lt\/wp-content\/uploads\/2026\/01\/Poliana-1.webp\" \/>\n\t<meta property=\"og:image:width\" content=\"300\" \/>\n\t<meta property=\"og:image:height\" content=\"422\" \/>\n\t<meta property=\"og:image:type\" content=\"image\/webp\" \/>\n<meta name=\"twitter:card\" content=\"summary_large_image\" \/>\n<meta name=\"twitter:label1\" content=\"Estimated reading time\" \/>\n\t<meta name=\"twitter:data1\" content=\"1 minute\" \/>\n<script type=\"application\/ld+json\" class=\"yoast-schema-graph\">{\"@context\":\"https:\/\/schema.org\",\"@graph\":[{\"@type\":\"WebPage\",\"@id\":\"https:\/\/skaitytaknyga.lt\/produktas\/eleanor-hodgman-porter-poliana-kopija\/\",\"url\":\"https:\/\/skaitytaknyga.lt\/produktas\/eleanor-hodgman-porter-poliana-kopija\/\",\"name\":\"Eleanor Hodgman Porter \u201ePoliana\u201c\",\"isPartOf\":{\"@id\":\"https:\/\/skaitytaknyga.lt\/#website\"},\"primaryImageOfPage\":{\"@id\":\"https:\/\/skaitytaknyga.lt\/produktas\/eleanor-hodgman-porter-poliana-kopija\/#primaryimage\"},\"image\":{\"@id\":\"https:\/\/skaitytaknyga.lt\/produktas\/eleanor-hodgman-porter-poliana-kopija\/#primaryimage\"},\"thumbnailUrl\":\"https:\/\/skaitytaknyga.lt\/wp-content\/uploads\/2026\/01\/Poliana-1.webp\",\"datePublished\":\"2026-01-28T15:45:44+00:00\",\"dateModified\":\"2026-03-05T14:47:08+00:00\",\"description\":\"Su \u0161velniu humoru para\u0161yta istorija apie mergait\u0119 Polian\u0105, i\u0161mokiusi\u0105 apylink\u0117s \u017emones \u017eaisti \u201ed\u017eiaugsmo \u017eaidim\u0105\u201c. \u201eA\u0161 noriu pasakyti, kai gyveni - tai\",\"breadcrumb\":{\"@id\":\"https:\/\/skaitytaknyga.lt\/produktas\/eleanor-hodgman-porter-poliana-kopija\/#breadcrumb\"},\"inLanguage\":\"en-GB\",\"potentialAction\":[{\"@type\":\"ReadAction\",\"target\":[\"https:\/\/skaitytaknyga.lt\/produktas\/eleanor-hodgman-porter-poliana-kopija\/\"]}]},{\"@type\":\"ImageObject\",\"inLanguage\":\"en-GB\",\"@id\":\"https:\/\/skaitytaknyga.lt\/produktas\/eleanor-hodgman-porter-poliana-kopija\/#primaryimage\",\"url\":\"https:\/\/skaitytaknyga.lt\/wp-content\/uploads\/2026\/01\/Poliana-1.webp\",\"contentUrl\":\"https:\/\/skaitytaknyga.lt\/wp-content\/uploads\/2026\/01\/Poliana-1.webp\",\"width\":300,\"height\":422,\"caption\":\"Poliana\"},{\"@type\":\"BreadcrumbList\",\"@id\":\"https:\/\/skaitytaknyga.lt\/produktas\/eleanor-hodgman-porter-poliana-kopija\/#breadcrumb\",\"itemListElement\":[{\"@type\":\"ListItem\",\"position\":1,\"name\":\"Home\",\"item\":\"https:\/\/skaitytaknyga.lt\/\"},{\"@type\":\"ListItem\",\"position\":2,\"name\":\"Parduotuv\u0117\",\"item\":\"https:\/\/skaitytaknyga.lt\/knygu-parduotuve\/\"},{\"@type\":\"ListItem\",\"position\":3,\"name\":\"Eleanor Hodgman Porter \u201ePoliana\u201c\"}]},{\"@type\":\"WebSite\",\"@id\":\"https:\/\/skaitytaknyga.lt\/#website\",\"url\":\"https:\/\/skaitytaknyga.lt\/\",\"name\":\"skaitytaknyga.lt\",\"description\":\"Skaitytaknyga.lt \u2013 tai ma\u017eas \u0161eimos verslas, kuris prasid\u0117jo nuo meil\u0117s knygoms ir siekio i\u0161gelb\u0117ti knygas nuo likimo prie konteinerio. Kas vienam nereikalingas daiktas \u2013 kitam lobis, o mes esame tarpininkai, kurie padeda abiems tapti laimingesniems ???? \u017dinome kaip nelengva i\u0161gyventi ma\u017eiems verslams, tad nuo \u0161iol, \u010dia rasite ir kit\u0173, ma\u017e\u0173 \u0161eim\u0173 versl\u0173, rank\u0173 darbo, dovan\u0173 sau ir artimiesiems.\",\"publisher\":{\"@id\":\"https:\/\/skaitytaknyga.lt\/#organization\"},\"potentialAction\":[{\"@type\":\"SearchAction\",\"target\":{\"@type\":\"EntryPoint\",\"urlTemplate\":\"https:\/\/skaitytaknyga.lt\/?s={search_term_string}\"},\"query-input\":{\"@type\":\"PropertyValueSpecification\",\"valueRequired\":true,\"valueName\":\"search_term_string\"}}],\"inLanguage\":\"en-GB\"},{\"@type\":\"Organization\",\"@id\":\"https:\/\/skaitytaknyga.lt\/#organization\",\"name\":\"skaitytaknyga.lt\",\"url\":\"https:\/\/skaitytaknyga.lt\/\",\"logo\":{\"@type\":\"ImageObject\",\"inLanguage\":\"en-GB\",\"@id\":\"https:\/\/skaitytaknyga.lt\/#\/schema\/logo\/image\/\",\"url\":\"https:\/\/skaitytaknyga.lt\/wp-content\/uploads\/2024\/05\/cropped-cropped-cropped-02_00843_jt3bggkj1j3HLc7SyY6rEUpg.jpeg\",\"contentUrl\":\"https:\/\/skaitytaknyga.lt\/wp-content\/uploads\/2024\/05\/cropped-cropped-cropped-02_00843_jt3bggkj1j3HLc7SyY6rEUpg.jpeg\",\"width\":1600,\"height\":1600,\"caption\":\"skaitytaknyga.lt\"},\"image\":{\"@id\":\"https:\/\/skaitytaknyga.lt\/#\/schema\/logo\/image\/\"},\"sameAs\":[\"https:\/\/www.facebook.com\/skaitytaknyga\/\"]}]}<\/script>\n<!-- \/ Yoast SEO plugin. -->","yoast_head_json":{"title":"Eleanor Hodgman Porter \u201ePoliana\u201c","description":"Su \u0161velniu humoru para\u0161yta istorija apie mergait\u0119 Polian\u0105, i\u0161mokiusi\u0105 apylink\u0117s \u017emones \u017eaisti \u201ed\u017eiaugsmo \u017eaidim\u0105\u201c. \u201eA\u0161 noriu pasakyti, kai gyveni - tai","robots":{"index":"index","follow":"follow","max-snippet":"max-snippet:-1","max-image-preview":"max-image-preview:large","max-video-preview":"max-video-preview:-1"},"canonical":"https:\/\/skaitytaknyga.lt\/en\/produktas\/eleanor-hodgman-porter-poliana-kopija\/","og_locale":"en_GB","og_type":"article","og_title":"[:lt]Eleanor Hodgman Porter \u201ePoliana\u201c[:] - Skaitytaknyga","og_description":"Su \u0161velniu humoru para\u0161yta istorija apie mergait\u0119 Polian\u0105, i\u0161mokiusi\u0105 apylink\u0117s \u017emones \u017eaisti \u201ed\u017eiaugsmo \u017eaidim\u0105\u201c. \u201eA\u0161 noriu pasakyti, kai gyveni - tai","og_url":"https:\/\/skaitytaknyga.lt\/en\/produktas\/eleanor-hodgman-porter-poliana-kopija\/","og_site_name":"Skaitytaknyga","article_publisher":"https:\/\/www.facebook.com\/skaitytaknyga\/","article_modified_time":"2026-03-05T14:47:08+00:00","og_image":[{"width":300,"height":422,"url":"https:\/\/skaitytaknyga.lt\/wp-content\/uploads\/2026\/01\/Poliana-1.webp","type":"image\/webp"}],"twitter_card":"summary_large_image","twitter_misc":{"Estimated reading time":"1 minute"},"schema":{"@context":"https:\/\/schema.org","@graph":[{"@type":"WebPage","@id":"https:\/\/skaitytaknyga.lt\/produktas\/eleanor-hodgman-porter-poliana-kopija\/","url":"https:\/\/skaitytaknyga.lt\/produktas\/eleanor-hodgman-porter-poliana-kopija\/","name":"Eleanor Hodgman Porter \u201ePoliana\u201c","isPartOf":{"@id":"https:\/\/skaitytaknyga.lt\/#website"},"primaryImageOfPage":{"@id":"https:\/\/skaitytaknyga.lt\/produktas\/eleanor-hodgman-porter-poliana-kopija\/#primaryimage"},"image":{"@id":"https:\/\/skaitytaknyga.lt\/produktas\/eleanor-hodgman-porter-poliana-kopija\/#primaryimage"},"thumbnailUrl":"https:\/\/skaitytaknyga.lt\/wp-content\/uploads\/2026\/01\/Poliana-1.webp","datePublished":"2026-01-28T15:45:44+00:00","dateModified":"2026-03-05T14:47:08+00:00","description":"Su \u0161velniu humoru para\u0161yta istorija apie mergait\u0119 Polian\u0105, i\u0161mokiusi\u0105 apylink\u0117s \u017emones \u017eaisti \u201ed\u017eiaugsmo \u017eaidim\u0105\u201c. \u201eA\u0161 noriu pasakyti, kai gyveni - tai","breadcrumb":{"@id":"https:\/\/skaitytaknyga.lt\/produktas\/eleanor-hodgman-porter-poliana-kopija\/#breadcrumb"},"inLanguage":"en-GB","potentialAction":[{"@type":"ReadAction","target":["https:\/\/skaitytaknyga.lt\/produktas\/eleanor-hodgman-porter-poliana-kopija\/"]}]},{"@type":"ImageObject","inLanguage":"en-GB","@id":"https:\/\/skaitytaknyga.lt\/produktas\/eleanor-hodgman-porter-poliana-kopija\/#primaryimage","url":"https:\/\/skaitytaknyga.lt\/wp-content\/uploads\/2026\/01\/Poliana-1.webp","contentUrl":"https:\/\/skaitytaknyga.lt\/wp-content\/uploads\/2026\/01\/Poliana-1.webp","width":300,"height":422,"caption":"Poliana"},{"@type":"BreadcrumbList","@id":"https:\/\/skaitytaknyga.lt\/produktas\/eleanor-hodgman-porter-poliana-kopija\/#breadcrumb","itemListElement":[{"@type":"ListItem","position":1,"name":"Home","item":"https:\/\/skaitytaknyga.lt\/"},{"@type":"ListItem","position":2,"name":"Parduotuv\u0117","item":"https:\/\/skaitytaknyga.lt\/knygu-parduotuve\/"},{"@type":"ListItem","position":3,"name":"Eleanor Hodgman Porter \u201ePoliana\u201c"}]},{"@type":"WebSite","@id":"https:\/\/skaitytaknyga.lt\/#website","url":"https:\/\/skaitytaknyga.lt\/","name":"skaitytaknyga.lt","description":"Skaitytaknyga.lt \u2013 tai ma\u017eas \u0161eimos verslas, kuris prasid\u0117jo nuo meil\u0117s knygoms ir siekio i\u0161gelb\u0117ti knygas nuo likimo prie konteinerio. Kas vienam nereikalingas daiktas \u2013 kitam lobis, o mes esame tarpininkai, kurie padeda abiems tapti laimingesniems ???? \u017dinome kaip nelengva i\u0161gyventi ma\u017eiems verslams, tad nuo \u0161iol, \u010dia rasite ir kit\u0173, ma\u017e\u0173 \u0161eim\u0173 versl\u0173, rank\u0173 darbo, dovan\u0173 sau ir artimiesiems.","publisher":{"@id":"https:\/\/skaitytaknyga.lt\/#organization"},"potentialAction":[{"@type":"SearchAction","target":{"@type":"EntryPoint","urlTemplate":"https:\/\/skaitytaknyga.lt\/?s={search_term_string}"},"query-input":{"@type":"PropertyValueSpecification","valueRequired":true,"valueName":"search_term_string"}}],"inLanguage":"en-GB"},{"@type":"Organization","@id":"https:\/\/skaitytaknyga.lt\/#organization","name":"skaitytaknyga.lt","url":"https:\/\/skaitytaknyga.lt\/","logo":{"@type":"ImageObject","inLanguage":"en-GB","@id":"https:\/\/skaitytaknyga.lt\/#\/schema\/logo\/image\/","url":"https:\/\/skaitytaknyga.lt\/wp-content\/uploads\/2024\/05\/cropped-cropped-cropped-02_00843_jt3bggkj1j3HLc7SyY6rEUpg.jpeg","contentUrl":"https:\/\/skaitytaknyga.lt\/wp-content\/uploads\/2024\/05\/cropped-cropped-cropped-02_00843_jt3bggkj1j3HLc7SyY6rEUpg.jpeg","width":1600,"height":1600,"caption":"skaitytaknyga.lt"},"image":{"@id":"https:\/\/skaitytaknyga.lt\/#\/schema\/logo\/image\/"},"sameAs":["https:\/\/www.facebook.com\/skaitytaknyga\/"]}]}},"_links":{"self":[{"href":"https:\/\/skaitytaknyga.lt\/en\/wp-json\/wp\/v2\/product\/22765","targetHints":{"allow":["GET"]}}],"collection":[{"href":"https:\/\/skaitytaknyga.lt\/en\/wp-json\/wp\/v2\/product"}],"about":[{"href":"https:\/\/skaitytaknyga.lt\/en\/wp-json\/wp\/v2\/types\/product"}],"replies":[{"embeddable":true,"href":"https:\/\/skaitytaknyga.lt\/en\/wp-json\/wp\/v2\/comments?post=22765"}],"wp:featuredmedia":[{"embeddable":true,"href":"https:\/\/skaitytaknyga.lt\/en\/wp-json\/wp\/v2\/media\/22766"}],"wp:attachment":[{"href":"https:\/\/skaitytaknyga.lt\/en\/wp-json\/wp\/v2\/media?parent=22765"}],"wp:term":[{"taxonomy":"product_brand","embeddable":true,"href":"https:\/\/skaitytaknyga.lt\/en\/wp-json\/wp\/v2\/product_brand?post=22765"},{"taxonomy":"product_cat","embeddable":true,"href":"https:\/\/skaitytaknyga.lt\/en\/wp-json\/wp\/v2\/product_cat?post=22765"},{"taxonomy":"product_tag","embeddable":true,"href":"https:\/\/skaitytaknyga.lt\/en\/wp-json\/wp\/v2\/product_tag?post=22765"}],"curies":[{"name":"wp","href":"https:\/\/api.w.org\/{rel}","templated":true}]}}