{"id":22759,"date":"2026-01-28T17:25:47","date_gmt":"2026-01-28T15:25:47","guid":{"rendered":"https:\/\/skaitytaknyga.lt\/?post_type=product&#038;p=22759"},"modified":"2026-02-04T11:42:32","modified_gmt":"2026-02-04T09:42:32","slug":"akmeniniai-angelai","status":"publish","type":"product","link":"https:\/\/skaitytaknyga.lt\/en\/produktas\/akmeniniai-angelai\/","title":{"rendered":"Akmeniniai angelai"},"content":{"rendered":"<p>I\u0161vykus t\u0117vams, Simona nusprend\u0117 savaitgal\u012f praleisti Ohiuse su mo\u010diute. Mo\u010diut\u0117 viena gyvena dideliame, sename name, kurio kieme yra keturios statulos \u2013 neai\u0161ku kieno, neai\u0161ku, i\u0161 kur. Ne tokios jau paprastos statulos!<\/p>\n<p>Pama\u010diusi, kas nutiko, Simona pajuto, kad \u0161irdis \u0117m\u0117 plakti dvigubai tankiau. Ka\u017ekas statulas perk\u0117l\u0117. Jos nebestov\u0117jo nugara viena \u012f kit\u0105. Dabar vaikai ir vyras buvo atsisuk\u0119 \u012f j\u016br\u0105. Tarsi ka\u017eko laukt\u0173 parplaukiant.<\/p>\n<p>Ohiusas \u2013 vis dar kupinas neatskleist\u0173 paslap\u010di\u0173! Ar \u010dia tik ka\u017ekieno \u017eaidimai, ar vaiduokliai, ar ka\u017ekas dar baisiau (\u012fdomiau)? Ir kas geriau visk\u0105 i\u0161siai\u0161kins, jei ne Simona, Bil\u0117 ir Aladinas?<\/p>\n<p>Originalus pavadinimas: STENANGLAR<br \/>\nAutorius: Kristina Ohlsson<br \/>\nLeid\u0117jas: Nieko rimto<br \/>\nMetai: 2017<br \/>\nPuslapiai: 144<br \/>\nISBN: 9786094414169<br \/>\nVersijos kodas: PT.<br \/>\nFormatas: 13,7 x 20,6 x 1,6 cm, kieti vir\u0161eliai<br \/>\nKalba: Lietuvi\u0173<br \/>\nVert\u0117jas: Mantas Karvelis<\/p>\n","protected":false},"excerpt":{"rendered":"<p>I\u0161vykus t\u0117vams, Simona nusprend\u0117 savaitgal\u012f praleisti Ohiuse su mo\u010diute. Mo\u010diut\u0117 viena gyvena dideliame, sename name, kurio kieme yra keturios statulos \u2013 neai\u0161ku kieno, neai\u0161ku, i\u0161 kur. Ne tokios jau paprastos statulos! Pama\u010diusi, kas nutiko, Simona pajuto, kad \u0161irdis \u0117m\u0117 plakti dvigubai tankiau. Ka\u017ekas statulas perk\u0117l\u0117. Jos nebestov\u0117jo nugara viena \u012f kit\u0105. Dabar vaikai ir vyras buvo atsisuk\u0119 \u012f j\u016br\u0105. Tarsi ka\u017eko laukt\u0173 parplaukiant. Ohiusas \u2013 vis dar kupinas neatskleist\u0173 paslap\u010di\u0173! Ar \u010dia tik ka\u017ekieno \u017eaidimai, ar vaiduokliai, ar ka\u017ekas dar baisiau (\u012fdomiau)? Ir kas geriau visk\u0105 i\u0161siai\u0161kins, jei ne Simona, Bil\u0117 ir Aladinas? Originalus pavadinimas: STENANGLAR Autorius: Kristina Ohlsson Leid\u0117jas: Nieko rimto Metai: 2017 Puslapiai: 144 ISBN: 9786094414169 Versijos kodas: PT. Formatas: 13,7 x 20,6 x 1,6 cm, kieti vir\u0161eliai Kalba: Lietuvi\u0173 Vert\u0117jas: Mantas Karvelis<\/p>\n","protected":false},"featured_media":22767,"comment_status":"open","ping_status":"closed","template":"","meta":{"_acf_changed":false,"site-sidebar-layout":"default","site-content-layout":"","ast-site-content-layout":"default","site-content-style":"default","site-sidebar-style":"default","ast-global-header-display":"","ast-banner-title-visibility":"","ast-main-header-display":"","ast-hfb-above-header-display":"","ast-hfb-below-header-display":"","ast-hfb-mobile-header-display":"","site-post-title":"","ast-breadcrumbs-content":"","ast-featured-img":"","footer-sml-layout":"","ast-disable-related-posts":"","theme-transparent-header-meta":"default","adv-header-id-meta":"","stick-header-meta":"","header-above-stick-meta":"","header-main-stick-meta":"","header-below-stick-meta":"","astra-migrate-meta-layouts":"set","ast-page-background-enabled":"default","ast-page-background-meta":{"desktop":{"background-color":"","background-image":"","background-repeat":"repeat","background-position":"center center","background-size":"auto","background-attachment":"scroll","background-type":"","background-media":"","overlay-type":"","overlay-color":"","overlay-opacity":"","overlay-gradient":""},"tablet":{"background-color":"","background-image":"","background-repeat":"repeat","background-position":"center center","background-size":"auto","background-attachment":"scroll","background-type":"","background-media":"","overlay-type":"","overlay-color":"","overlay-opacity":"","overlay-gradient":""},"mobile":{"background-color":"","background-image":"","background-repeat":"repeat","background-position":"center center","background-size":"auto","background-attachment":"scroll","background-type":"","background-media":"","overlay-type":"","overlay-color":"","overlay-opacity":"","overlay-gradient":""}},"ast-content-background-meta":{"desktop":{"background-color":"var(--ast-global-color-4)","background-image":"","background-repeat":"repeat","background-position":"center center","background-size":"auto","background-attachment":"scroll","background-type":"","background-media":"","overlay-type":"","overlay-color":"","overlay-opacity":"","overlay-gradient":""},"tablet":{"background-color":"var(--ast-global-color-4)","background-image":"","background-repeat":"repeat","background-position":"center center","background-size":"auto","background-attachment":"scroll","background-type":"","background-media":"","overlay-type":"","overlay-color":"","overlay-opacity":"","overlay-gradient":""},"mobile":{"background-color":"var(--ast-global-color-4)","background-image":"","background-repeat":"repeat","background-position":"center center","background-size":"auto","background-attachment":"scroll","background-type":"","background-media":"","overlay-type":"","overlay-color":"","overlay-opacity":"","overlay-gradient":""}}},"product_brand":[],"product_cat":[35],"product_tag":[1647,1451,6285,1785],"class_list":{"0":"post-22759","1":"product","2":"type-product","3":"status-publish","4":"has-post-thumbnail","6":"product_cat-vaikams-ir-paaugliams","7":"product_tag-draugyste","8":"product_tag-nuotykiai","9":"product_tag-vaiduokliai","10":"product_tag-vaikams","11":"desktop-align-left","12":"tablet-align-left","13":"mobile-align-left","15":"first","16":"instock","17":"shipping-taxable","18":"purchasable","19":"product-type-simple"},"acf":[],"yoast_head":"<!-- This site is optimized with the Yoast SEO plugin v27.0 - https:\/\/yoast.com\/product\/yoast-seo-wordpress\/ -->\n<title>Akmeniniai angelai<\/title>\n<meta name=\"description\" content=\"I\u0161vykus t\u0117vams, Simona nusprend\u0117 savaitgal\u012f praleisti Ohiuse su mo\u010diute. Mo\u010diut\u0117 viena gyvena dideliame, sename name, kurio kieme yra keturios statulos \u2013\" \/>\n<meta name=\"robots\" content=\"index, follow, max-snippet:-1, max-image-preview:large, max-video-preview:-1\" \/>\n<link rel=\"canonical\" href=\"https:\/\/skaitytaknyga.lt\/en\/produktas\/akmeniniai-angelai\/\" \/>\n<meta property=\"og:locale\" content=\"en_GB\" \/>\n<meta property=\"og:locale:alternate\" content=\"lt_LT\" \/>\n<meta property=\"og:type\" content=\"article\" \/>\n<meta property=\"og:title\" content=\"Akmeniniai angelai\" \/>\n<meta property=\"og:description\" content=\"I\u0161vykus t\u0117vams, Simona nusprend\u0117 savaitgal\u012f praleisti Ohiuse su mo\u010diute. Mo\u010diut\u0117 viena gyvena dideliame, sename name, kurio kieme yra keturios statulos \u2013\" \/>\n<meta property=\"og:url\" content=\"https:\/\/skaitytaknyga.lt\/en\/produktas\/akmeniniai-angelai\/\" \/>\n<meta property=\"og:site_name\" content=\"Skaitytaknyga\" \/>\n<meta property=\"article:publisher\" content=\"https:\/\/www.facebook.com\/skaitytaknyga\/\" \/>\n<meta property=\"article:modified_time\" content=\"2026-02-04T09:42:32+00:00\" \/>\n<meta property=\"og:image\" content=\"https:\/\/skaitytaknyga.lt\/wp-content\/uploads\/2026\/01\/Akmeniniai-angelai-1.webp\" \/>\n\t<meta property=\"og:image:width\" content=\"266\" \/>\n\t<meta property=\"og:image:height\" content=\"400\" \/>\n\t<meta property=\"og:image:type\" content=\"image\/webp\" \/>\n<meta name=\"twitter:card\" content=\"summary_large_image\" \/>\n<meta name=\"twitter:label1\" content=\"Estimated reading time\" \/>\n\t<meta name=\"twitter:data1\" content=\"1 minute\" \/>\n<script type=\"application\/ld+json\" class=\"yoast-schema-graph\">{\"@context\":\"https:\/\/schema.org\",\"@graph\":[{\"@type\":\"WebPage\",\"@id\":\"https:\/\/skaitytaknyga.lt\/produktas\/akmeniniai-angelai\/\",\"url\":\"https:\/\/skaitytaknyga.lt\/produktas\/akmeniniai-angelai\/\",\"name\":\"Akmeniniai angelai\",\"isPartOf\":{\"@id\":\"https:\/\/skaitytaknyga.lt\/#website\"},\"primaryImageOfPage\":{\"@id\":\"https:\/\/skaitytaknyga.lt\/produktas\/akmeniniai-angelai\/#primaryimage\"},\"image\":{\"@id\":\"https:\/\/skaitytaknyga.lt\/produktas\/akmeniniai-angelai\/#primaryimage\"},\"thumbnailUrl\":\"https:\/\/skaitytaknyga.lt\/wp-content\/uploads\/2026\/01\/Akmeniniai-angelai-1.webp\",\"datePublished\":\"2026-01-28T15:25:47+00:00\",\"dateModified\":\"2026-02-04T09:42:32+00:00\",\"description\":\"I\u0161vykus t\u0117vams, Simona nusprend\u0117 savaitgal\u012f praleisti Ohiuse su mo\u010diute. Mo\u010diut\u0117 viena gyvena dideliame, sename name, kurio kieme yra keturios statulos \u2013\",\"breadcrumb\":{\"@id\":\"https:\/\/skaitytaknyga.lt\/produktas\/akmeniniai-angelai\/#breadcrumb\"},\"inLanguage\":\"en-GB\",\"potentialAction\":[{\"@type\":\"ReadAction\",\"target\":[\"https:\/\/skaitytaknyga.lt\/produktas\/akmeniniai-angelai\/\"]}]},{\"@type\":\"ImageObject\",\"inLanguage\":\"en-GB\",\"@id\":\"https:\/\/skaitytaknyga.lt\/produktas\/akmeniniai-angelai\/#primaryimage\",\"url\":\"https:\/\/skaitytaknyga.lt\/wp-content\/uploads\/2026\/01\/Akmeniniai-angelai-1.webp\",\"contentUrl\":\"https:\/\/skaitytaknyga.lt\/wp-content\/uploads\/2026\/01\/Akmeniniai-angelai-1.webp\",\"width\":266,\"height\":400},{\"@type\":\"BreadcrumbList\",\"@id\":\"https:\/\/skaitytaknyga.lt\/produktas\/akmeniniai-angelai\/#breadcrumb\",\"itemListElement\":[{\"@type\":\"ListItem\",\"position\":1,\"name\":\"Home\",\"item\":\"https:\/\/skaitytaknyga.lt\/\"},{\"@type\":\"ListItem\",\"position\":2,\"name\":\"Parduotuv\u0117\",\"item\":\"https:\/\/skaitytaknyga.lt\/knygu-parduotuve\/\"},{\"@type\":\"ListItem\",\"position\":3,\"name\":\"Akmeniniai angelai\"}]},{\"@type\":\"WebSite\",\"@id\":\"https:\/\/skaitytaknyga.lt\/#website\",\"url\":\"https:\/\/skaitytaknyga.lt\/\",\"name\":\"skaitytaknyga.lt\",\"description\":\"Skaitytaknyga.lt \u2013 tai ma\u017eas \u0161eimos verslas, kuris prasid\u0117jo nuo meil\u0117s knygoms ir siekio i\u0161gelb\u0117ti knygas nuo likimo prie konteinerio. Kas vienam nereikalingas daiktas \u2013 kitam lobis, o mes esame tarpininkai, kurie padeda abiems tapti laimingesniems ???? \u017dinome kaip nelengva i\u0161gyventi ma\u017eiems verslams, tad nuo \u0161iol, \u010dia rasite ir kit\u0173, ma\u017e\u0173 \u0161eim\u0173 versl\u0173, rank\u0173 darbo, dovan\u0173 sau ir artimiesiems.\",\"publisher\":{\"@id\":\"https:\/\/skaitytaknyga.lt\/#organization\"},\"potentialAction\":[{\"@type\":\"SearchAction\",\"target\":{\"@type\":\"EntryPoint\",\"urlTemplate\":\"https:\/\/skaitytaknyga.lt\/?s={search_term_string}\"},\"query-input\":{\"@type\":\"PropertyValueSpecification\",\"valueRequired\":true,\"valueName\":\"search_term_string\"}}],\"inLanguage\":\"en-GB\"},{\"@type\":\"Organization\",\"@id\":\"https:\/\/skaitytaknyga.lt\/#organization\",\"name\":\"skaitytaknyga.lt\",\"url\":\"https:\/\/skaitytaknyga.lt\/\",\"logo\":{\"@type\":\"ImageObject\",\"inLanguage\":\"en-GB\",\"@id\":\"https:\/\/skaitytaknyga.lt\/#\/schema\/logo\/image\/\",\"url\":\"https:\/\/skaitytaknyga.lt\/wp-content\/uploads\/2024\/05\/cropped-cropped-cropped-02_00843_jt3bggkj1j3HLc7SyY6rEUpg.jpeg\",\"contentUrl\":\"https:\/\/skaitytaknyga.lt\/wp-content\/uploads\/2024\/05\/cropped-cropped-cropped-02_00843_jt3bggkj1j3HLc7SyY6rEUpg.jpeg\",\"width\":1600,\"height\":1600,\"caption\":\"skaitytaknyga.lt\"},\"image\":{\"@id\":\"https:\/\/skaitytaknyga.lt\/#\/schema\/logo\/image\/\"},\"sameAs\":[\"https:\/\/www.facebook.com\/skaitytaknyga\/\"]}]}<\/script>\n<!-- \/ Yoast SEO plugin. -->","yoast_head_json":{"title":"Akmeniniai angelai","description":"I\u0161vykus t\u0117vams, Simona nusprend\u0117 savaitgal\u012f praleisti Ohiuse su mo\u010diute. Mo\u010diut\u0117 viena gyvena dideliame, sename name, kurio kieme yra keturios statulos \u2013","robots":{"index":"index","follow":"follow","max-snippet":"max-snippet:-1","max-image-preview":"max-image-preview:large","max-video-preview":"max-video-preview:-1"},"canonical":"https:\/\/skaitytaknyga.lt\/en\/produktas\/akmeniniai-angelai\/","og_locale":"en_GB","og_type":"article","og_title":"[:lt]Akmeniniai angelai[:] - Skaitytaknyga","og_description":"I\u0161vykus t\u0117vams, Simona nusprend\u0117 savaitgal\u012f praleisti Ohiuse su mo\u010diute. Mo\u010diut\u0117 viena gyvena dideliame, sename name, kurio kieme yra keturios statulos \u2013","og_url":"https:\/\/skaitytaknyga.lt\/en\/produktas\/akmeniniai-angelai\/","og_site_name":"Skaitytaknyga","article_publisher":"https:\/\/www.facebook.com\/skaitytaknyga\/","article_modified_time":"2026-02-04T09:42:32+00:00","og_image":[{"width":266,"height":400,"url":"https:\/\/skaitytaknyga.lt\/wp-content\/uploads\/2026\/01\/Akmeniniai-angelai-1.webp","type":"image\/webp"}],"twitter_card":"summary_large_image","twitter_misc":{"Estimated reading time":"1 minute"},"schema":{"@context":"https:\/\/schema.org","@graph":[{"@type":"WebPage","@id":"https:\/\/skaitytaknyga.lt\/produktas\/akmeniniai-angelai\/","url":"https:\/\/skaitytaknyga.lt\/produktas\/akmeniniai-angelai\/","name":"Akmeniniai angelai","isPartOf":{"@id":"https:\/\/skaitytaknyga.lt\/#website"},"primaryImageOfPage":{"@id":"https:\/\/skaitytaknyga.lt\/produktas\/akmeniniai-angelai\/#primaryimage"},"image":{"@id":"https:\/\/skaitytaknyga.lt\/produktas\/akmeniniai-angelai\/#primaryimage"},"thumbnailUrl":"https:\/\/skaitytaknyga.lt\/wp-content\/uploads\/2026\/01\/Akmeniniai-angelai-1.webp","datePublished":"2026-01-28T15:25:47+00:00","dateModified":"2026-02-04T09:42:32+00:00","description":"I\u0161vykus t\u0117vams, Simona nusprend\u0117 savaitgal\u012f praleisti Ohiuse su mo\u010diute. Mo\u010diut\u0117 viena gyvena dideliame, sename name, kurio kieme yra keturios statulos \u2013","breadcrumb":{"@id":"https:\/\/skaitytaknyga.lt\/produktas\/akmeniniai-angelai\/#breadcrumb"},"inLanguage":"en-GB","potentialAction":[{"@type":"ReadAction","target":["https:\/\/skaitytaknyga.lt\/produktas\/akmeniniai-angelai\/"]}]},{"@type":"ImageObject","inLanguage":"en-GB","@id":"https:\/\/skaitytaknyga.lt\/produktas\/akmeniniai-angelai\/#primaryimage","url":"https:\/\/skaitytaknyga.lt\/wp-content\/uploads\/2026\/01\/Akmeniniai-angelai-1.webp","contentUrl":"https:\/\/skaitytaknyga.lt\/wp-content\/uploads\/2026\/01\/Akmeniniai-angelai-1.webp","width":266,"height":400},{"@type":"BreadcrumbList","@id":"https:\/\/skaitytaknyga.lt\/produktas\/akmeniniai-angelai\/#breadcrumb","itemListElement":[{"@type":"ListItem","position":1,"name":"Home","item":"https:\/\/skaitytaknyga.lt\/"},{"@type":"ListItem","position":2,"name":"Parduotuv\u0117","item":"https:\/\/skaitytaknyga.lt\/knygu-parduotuve\/"},{"@type":"ListItem","position":3,"name":"Akmeniniai angelai"}]},{"@type":"WebSite","@id":"https:\/\/skaitytaknyga.lt\/#website","url":"https:\/\/skaitytaknyga.lt\/","name":"skaitytaknyga.lt","description":"Skaitytaknyga.lt \u2013 tai ma\u017eas \u0161eimos verslas, kuris prasid\u0117jo nuo meil\u0117s knygoms ir siekio i\u0161gelb\u0117ti knygas nuo likimo prie konteinerio. Kas vienam nereikalingas daiktas \u2013 kitam lobis, o mes esame tarpininkai, kurie padeda abiems tapti laimingesniems ???? \u017dinome kaip nelengva i\u0161gyventi ma\u017eiems verslams, tad nuo \u0161iol, \u010dia rasite ir kit\u0173, ma\u017e\u0173 \u0161eim\u0173 versl\u0173, rank\u0173 darbo, dovan\u0173 sau ir artimiesiems.","publisher":{"@id":"https:\/\/skaitytaknyga.lt\/#organization"},"potentialAction":[{"@type":"SearchAction","target":{"@type":"EntryPoint","urlTemplate":"https:\/\/skaitytaknyga.lt\/?s={search_term_string}"},"query-input":{"@type":"PropertyValueSpecification","valueRequired":true,"valueName":"search_term_string"}}],"inLanguage":"en-GB"},{"@type":"Organization","@id":"https:\/\/skaitytaknyga.lt\/#organization","name":"skaitytaknyga.lt","url":"https:\/\/skaitytaknyga.lt\/","logo":{"@type":"ImageObject","inLanguage":"en-GB","@id":"https:\/\/skaitytaknyga.lt\/#\/schema\/logo\/image\/","url":"https:\/\/skaitytaknyga.lt\/wp-content\/uploads\/2024\/05\/cropped-cropped-cropped-02_00843_jt3bggkj1j3HLc7SyY6rEUpg.jpeg","contentUrl":"https:\/\/skaitytaknyga.lt\/wp-content\/uploads\/2024\/05\/cropped-cropped-cropped-02_00843_jt3bggkj1j3HLc7SyY6rEUpg.jpeg","width":1600,"height":1600,"caption":"skaitytaknyga.lt"},"image":{"@id":"https:\/\/skaitytaknyga.lt\/#\/schema\/logo\/image\/"},"sameAs":["https:\/\/www.facebook.com\/skaitytaknyga\/"]}]}},"_links":{"self":[{"href":"https:\/\/skaitytaknyga.lt\/en\/wp-json\/wp\/v2\/product\/22759","targetHints":{"allow":["GET"]}}],"collection":[{"href":"https:\/\/skaitytaknyga.lt\/en\/wp-json\/wp\/v2\/product"}],"about":[{"href":"https:\/\/skaitytaknyga.lt\/en\/wp-json\/wp\/v2\/types\/product"}],"replies":[{"embeddable":true,"href":"https:\/\/skaitytaknyga.lt\/en\/wp-json\/wp\/v2\/comments?post=22759"}],"wp:featuredmedia":[{"embeddable":true,"href":"https:\/\/skaitytaknyga.lt\/en\/wp-json\/wp\/v2\/media\/22767"}],"wp:attachment":[{"href":"https:\/\/skaitytaknyga.lt\/en\/wp-json\/wp\/v2\/media?parent=22759"}],"wp:term":[{"taxonomy":"product_brand","embeddable":true,"href":"https:\/\/skaitytaknyga.lt\/en\/wp-json\/wp\/v2\/product_brand?post=22759"},{"taxonomy":"product_cat","embeddable":true,"href":"https:\/\/skaitytaknyga.lt\/en\/wp-json\/wp\/v2\/product_cat?post=22759"},{"taxonomy":"product_tag","embeddable":true,"href":"https:\/\/skaitytaknyga.lt\/en\/wp-json\/wp\/v2\/product_tag?post=22759"}],"curies":[{"name":"wp","href":"https:\/\/api.w.org\/{rel}","templated":true}]}}