{"id":22758,"date":"2026-01-28T17:25:46","date_gmt":"2026-01-28T15:25:46","guid":{"rendered":"https:\/\/skaitytaknyga.lt\/?post_type=product&#038;p=22758"},"modified":"2026-02-04T11:42:32","modified_gmt":"2026-02-04T09:42:32","slug":"paula","status":"publish","type":"product","link":"https:\/\/skaitytaknyga.lt\/en\/produktas\/paula\/","title":{"rendered":"Paula"},"content":{"rendered":"<p>\u201eKlausykis, Paula, a\u0161 tau papasakosiu istorij\u0105, kad pabudusi neklaid\u017eiotum patamsiais.\u201c \u2013 Taip prasideda \u0161ios nuostabios ra\u0161ytojos knyga, prad\u0117ta tuo metu, kai jos dvide\u0161imt a\u0161tuoneri\u0173 dukter\u012f Paul\u0105 i\u0161tiko koma. Palinkusi prie dukters lovos, Isabel\u0117 Aljend\u0117 nenuleid\u017eia aki\u0173 nuo ekrano, kuriame \u0161viesos kreiv\u0117s br\u0117\u017eia \u0161irdies tvinksnius.  I\u0161sklaidyti be\u017ead\u0119 tyl\u0105 ra\u0161ytoja bando stebuklingaisiais metodais, kuriais senel\u0117 sugeb\u0117davo pajudinti cukrin\u0119 ar nusp\u0117ti ateit\u012f.<\/p>\n<p>Taip puslapis po puslapio \u012f dienos \u0161vies\u0105 pasipila visa kr\u016bva giminai\u010di\u0173, bi\u010diuli\u0173 ir nepakartojam\u0173 j\u0173 gyvenimo istorij\u0173. Apra\u0161omas v\u0117plio \u016bsais ir mefistofeli\u0161kais antakiais pat\u0117vis, aukl\u0117jantis kieta ranka ir su \u0161ypsena l\u016bpose, spiritizmo seans\u0173 aps\u0117sta senel\u0117 Mem\u0117. Su humoru prisimenama karinei tvarkai prilygstanti mergai\u010di\u0173 mokykla Libane ir ausytasis berniukas, krit\u0119s \u012f \u0161ird\u012f ma\u017eajai Isabelei. Ir dar daugyb\u0117 persona\u017e\u0173, kuriuos per gyvenim\u0105 teko sutikti Isabelei Aljendei&#8230;<\/p>\n<p>Ne\u012ftik\u0117tini pasakojimai, stebinanti i\u0161mon\u0117 virsta \u012fsp\u016bdinga \u0161eimos saga. Ta\u010diau beproti\u0161kiausius nuotykius, kar\u0161\u010diausias meil\u0117s istorijas tartum liepsna nutvilko skausminga dabartis \u2013 dukters Paulos liga. Neprarasdama tvirtyb\u0117s Isabel\u0117 Aljend\u0117 kovoja u\u017e t\u0105 ma\u017eyt\u0119 vilt\u012f, kuri prikelt\u0173 Paul\u0105 i\u0161 nepabundamo miego.<\/p>\n","protected":false},"excerpt":{"rendered":"<p>\u201eKlausykis, Paula, a\u0161 tau papasakosiu istorij\u0105, kad pabudusi neklaid\u017eiotum patamsiais.\u201c \u2013 Taip prasideda \u0161ios nuostabios ra\u0161ytojos knyga, prad\u0117ta tuo metu, kai jos dvide\u0161imt a\u0161tuoneri\u0173 dukter\u012f Paul\u0105 i\u0161tiko koma. Palinkusi prie dukters lovos, Isabel\u0117 Aljend\u0117 nenuleid\u017eia aki\u0173 nuo ekrano, kuriame \u0161viesos kreiv\u0117s br\u0117\u017eia \u0161irdies tvinksnius. I\u0161sklaidyti be\u017ead\u0119 tyl\u0105 ra\u0161ytoja bando stebuklingaisiais metodais, kuriais senel\u0117 sugeb\u0117davo pajudinti cukrin\u0119 ar nusp\u0117ti ateit\u012f. Taip puslapis po puslapio \u012f dienos \u0161vies\u0105 pasipila visa kr\u016bva giminai\u010di\u0173, bi\u010diuli\u0173 ir nepakartojam\u0173 j\u0173 gyvenimo istorij\u0173. Apra\u0161omas v\u0117plio \u016bsais ir mefistofeli\u0161kais antakiais pat\u0117vis, aukl\u0117jantis kieta ranka ir su \u0161ypsena l\u016bpose, spiritizmo seans\u0173 aps\u0117sta senel\u0117 Mem\u0117. Su humoru prisimenama karinei tvarkai prilygstanti mergai\u010di\u0173 mokykla Libane ir ausytasis berniukas, krit\u0119s \u012f \u0161ird\u012f ma\u017eajai Isabelei. Ir dar daugyb\u0117 persona\u017e\u0173, kuriuos per gyvenim\u0105 teko sutikti Isabelei Aljendei&#8230; Ne\u012ftik\u0117tini pasakojimai, stebinanti i\u0161mon\u0117 virsta \u012fsp\u016bdinga \u0161eimos saga. Ta\u010diau beproti\u0161kiausius nuotykius, kar\u0161\u010diausias meil\u0117s istorijas tartum liepsna nutvilko skausminga dabartis \u2013 dukters Paulos liga. Neprarasdama tvirtyb\u0117s Isabel\u0117 Aljend\u0117 kovoja u\u017e t\u0105 ma\u017eyt\u0119 vilt\u012f, kuri prikelt\u0173 Paul\u0105 i\u0161 nepabundamo miego.<\/p>\n","protected":false},"featured_media":22763,"comment_status":"open","ping_status":"closed","template":"","meta":{"_acf_changed":false,"site-sidebar-layout":"default","site-content-layout":"","ast-site-content-layout":"default","site-content-style":"default","site-sidebar-style":"default","ast-global-header-display":"","ast-banner-title-visibility":"","ast-main-header-display":"","ast-hfb-above-header-display":"","ast-hfb-below-header-display":"","ast-hfb-mobile-header-display":"","site-post-title":"","ast-breadcrumbs-content":"","ast-featured-img":"","footer-sml-layout":"","ast-disable-related-posts":"","theme-transparent-header-meta":"","adv-header-id-meta":"","stick-header-meta":"","header-above-stick-meta":"","header-main-stick-meta":"","header-below-stick-meta":"","astra-migrate-meta-layouts":"default","ast-page-background-enabled":"default","ast-page-background-meta":{"desktop":{"background-color":"","background-image":"","background-repeat":"repeat","background-position":"center center","background-size":"auto","background-attachment":"scroll","background-type":"","background-media":"","overlay-type":"","overlay-color":"","overlay-opacity":"","overlay-gradient":""},"tablet":{"background-color":"","background-image":"","background-repeat":"repeat","background-position":"center center","background-size":"auto","background-attachment":"scroll","background-type":"","background-media":"","overlay-type":"","overlay-color":"","overlay-opacity":"","overlay-gradient":""},"mobile":{"background-color":"","background-image":"","background-repeat":"repeat","background-position":"center center","background-size":"auto","background-attachment":"scroll","background-type":"","background-media":"","overlay-type":"","overlay-color":"","overlay-opacity":"","overlay-gradient":""}},"ast-content-background-meta":{"desktop":{"background-color":"var(--ast-global-color-4)","background-image":"","background-repeat":"repeat","background-position":"center center","background-size":"auto","background-attachment":"scroll","background-type":"","background-media":"","overlay-type":"","overlay-color":"","overlay-opacity":"","overlay-gradient":""},"tablet":{"background-color":"var(--ast-global-color-4)","background-image":"","background-repeat":"repeat","background-position":"center center","background-size":"auto","background-attachment":"scroll","background-type":"","background-media":"","overlay-type":"","overlay-color":"","overlay-opacity":"","overlay-gradient":""},"mobile":{"background-color":"var(--ast-global-color-4)","background-image":"","background-repeat":"repeat","background-position":"center center","background-size":"auto","background-attachment":"scroll","background-type":"","background-media":"","overlay-type":"","overlay-color":"","overlay-opacity":"","overlay-gradient":""}}},"product_brand":[],"product_cat":[31],"product_tag":[4930,3423,9267,1796,1646],"class_list":{"0":"post-22758","1":"product","2":"type-product","3":"status-publish","4":"has-post-thumbnail","6":"product_cat-grozine-literatura","7":"product_tag-isabel-allende","8":"product_tag-isgyvenimai","9":"product_tag-liga","10":"product_tag-meile","11":"product_tag-seima","12":"desktop-align-left","13":"tablet-align-left","14":"mobile-align-left","16":"first","17":"instock","18":"shipping-taxable","19":"purchasable","20":"product-type-simple"},"acf":[],"yoast_head":"<!-- This site is optimized with the Yoast SEO plugin v27.0 - https:\/\/yoast.com\/product\/yoast-seo-wordpress\/ -->\n<title>Paula<\/title>\n<meta name=\"description\" content=\"\u201eKlausykis, Paula, a\u0161 tau papasakosiu istorij\u0105, kad pabudusi neklaid\u017eiotum patamsiais.\u201c \u2013 Taip prasideda \u0161ios nuostabios ra\u0161ytojos knyga, prad\u0117ta tuo\" \/>\n<meta name=\"robots\" content=\"index, follow, max-snippet:-1, max-image-preview:large, max-video-preview:-1\" \/>\n<link rel=\"canonical\" href=\"https:\/\/skaitytaknyga.lt\/en\/produktas\/paula\/\" \/>\n<meta property=\"og:locale\" content=\"en_GB\" \/>\n<meta property=\"og:locale:alternate\" content=\"lt_LT\" \/>\n<meta property=\"og:type\" content=\"article\" \/>\n<meta property=\"og:title\" content=\"Paula\" \/>\n<meta property=\"og:description\" content=\"\u201eKlausykis, Paula, a\u0161 tau papasakosiu istorij\u0105, kad pabudusi neklaid\u017eiotum patamsiais.\u201c \u2013 Taip prasideda \u0161ios nuostabios ra\u0161ytojos knyga, prad\u0117ta tuo\" \/>\n<meta property=\"og:url\" content=\"https:\/\/skaitytaknyga.lt\/en\/produktas\/paula\/\" \/>\n<meta property=\"og:site_name\" content=\"Skaitytaknyga\" \/>\n<meta property=\"article:publisher\" content=\"https:\/\/www.facebook.com\/skaitytaknyga\/\" \/>\n<meta property=\"article:modified_time\" content=\"2026-02-04T09:42:32+00:00\" \/>\n<meta property=\"og:image\" content=\"https:\/\/skaitytaknyga.lt\/wp-content\/uploads\/2026\/01\/Paula-1.webp\" \/>\n\t<meta property=\"og:image:width\" content=\"300\" \/>\n\t<meta property=\"og:image:height\" content=\"494\" \/>\n\t<meta property=\"og:image:type\" content=\"image\/webp\" \/>\n<meta name=\"twitter:card\" content=\"summary_large_image\" \/>\n<meta name=\"twitter:label1\" content=\"Estimated reading time\" \/>\n\t<meta name=\"twitter:data1\" content=\"1 minute\" \/>\n<script type=\"application\/ld+json\" class=\"yoast-schema-graph\">{\"@context\":\"https:\/\/schema.org\",\"@graph\":[{\"@type\":\"WebPage\",\"@id\":\"https:\/\/skaitytaknyga.lt\/produktas\/paula\/\",\"url\":\"https:\/\/skaitytaknyga.lt\/produktas\/paula\/\",\"name\":\"Paula\",\"isPartOf\":{\"@id\":\"https:\/\/skaitytaknyga.lt\/#website\"},\"primaryImageOfPage\":{\"@id\":\"https:\/\/skaitytaknyga.lt\/produktas\/paula\/#primaryimage\"},\"image\":{\"@id\":\"https:\/\/skaitytaknyga.lt\/produktas\/paula\/#primaryimage\"},\"thumbnailUrl\":\"https:\/\/skaitytaknyga.lt\/wp-content\/uploads\/2026\/01\/Paula-1.webp\",\"datePublished\":\"2026-01-28T15:25:46+00:00\",\"dateModified\":\"2026-02-04T09:42:32+00:00\",\"description\":\"\u201eKlausykis, Paula, a\u0161 tau papasakosiu istorij\u0105, kad pabudusi neklaid\u017eiotum patamsiais.\u201c \u2013 Taip prasideda \u0161ios nuostabios ra\u0161ytojos knyga, prad\u0117ta tuo\",\"breadcrumb\":{\"@id\":\"https:\/\/skaitytaknyga.lt\/produktas\/paula\/#breadcrumb\"},\"inLanguage\":\"en-GB\",\"potentialAction\":[{\"@type\":\"ReadAction\",\"target\":[\"https:\/\/skaitytaknyga.lt\/produktas\/paula\/\"]}]},{\"@type\":\"ImageObject\",\"inLanguage\":\"en-GB\",\"@id\":\"https:\/\/skaitytaknyga.lt\/produktas\/paula\/#primaryimage\",\"url\":\"https:\/\/skaitytaknyga.lt\/wp-content\/uploads\/2026\/01\/Paula-1.webp\",\"contentUrl\":\"https:\/\/skaitytaknyga.lt\/wp-content\/uploads\/2026\/01\/Paula-1.webp\",\"width\":300,\"height\":494,\"caption\":\"Paula\"},{\"@type\":\"BreadcrumbList\",\"@id\":\"https:\/\/skaitytaknyga.lt\/produktas\/paula\/#breadcrumb\",\"itemListElement\":[{\"@type\":\"ListItem\",\"position\":1,\"name\":\"Home\",\"item\":\"https:\/\/skaitytaknyga.lt\/\"},{\"@type\":\"ListItem\",\"position\":2,\"name\":\"Parduotuv\u0117\",\"item\":\"https:\/\/skaitytaknyga.lt\/knygu-parduotuve\/\"},{\"@type\":\"ListItem\",\"position\":3,\"name\":\"Paula\"}]},{\"@type\":\"WebSite\",\"@id\":\"https:\/\/skaitytaknyga.lt\/#website\",\"url\":\"https:\/\/skaitytaknyga.lt\/\",\"name\":\"skaitytaknyga.lt\",\"description\":\"Skaitytaknyga.lt \u2013 tai ma\u017eas \u0161eimos verslas, kuris prasid\u0117jo nuo meil\u0117s knygoms ir siekio i\u0161gelb\u0117ti knygas nuo likimo prie konteinerio. Kas vienam nereikalingas daiktas \u2013 kitam lobis, o mes esame tarpininkai, kurie padeda abiems tapti laimingesniems ???? \u017dinome kaip nelengva i\u0161gyventi ma\u017eiems verslams, tad nuo \u0161iol, \u010dia rasite ir kit\u0173, ma\u017e\u0173 \u0161eim\u0173 versl\u0173, rank\u0173 darbo, dovan\u0173 sau ir artimiesiems.\",\"publisher\":{\"@id\":\"https:\/\/skaitytaknyga.lt\/#organization\"},\"potentialAction\":[{\"@type\":\"SearchAction\",\"target\":{\"@type\":\"EntryPoint\",\"urlTemplate\":\"https:\/\/skaitytaknyga.lt\/?s={search_term_string}\"},\"query-input\":{\"@type\":\"PropertyValueSpecification\",\"valueRequired\":true,\"valueName\":\"search_term_string\"}}],\"inLanguage\":\"en-GB\"},{\"@type\":\"Organization\",\"@id\":\"https:\/\/skaitytaknyga.lt\/#organization\",\"name\":\"skaitytaknyga.lt\",\"url\":\"https:\/\/skaitytaknyga.lt\/\",\"logo\":{\"@type\":\"ImageObject\",\"inLanguage\":\"en-GB\",\"@id\":\"https:\/\/skaitytaknyga.lt\/#\/schema\/logo\/image\/\",\"url\":\"https:\/\/skaitytaknyga.lt\/wp-content\/uploads\/2024\/05\/cropped-cropped-cropped-02_00843_jt3bggkj1j3HLc7SyY6rEUpg.jpeg\",\"contentUrl\":\"https:\/\/skaitytaknyga.lt\/wp-content\/uploads\/2024\/05\/cropped-cropped-cropped-02_00843_jt3bggkj1j3HLc7SyY6rEUpg.jpeg\",\"width\":1600,\"height\":1600,\"caption\":\"skaitytaknyga.lt\"},\"image\":{\"@id\":\"https:\/\/skaitytaknyga.lt\/#\/schema\/logo\/image\/\"},\"sameAs\":[\"https:\/\/www.facebook.com\/skaitytaknyga\/\"]}]}<\/script>\n<!-- \/ Yoast SEO plugin. -->","yoast_head_json":{"title":"Paula","description":"\u201eKlausykis, Paula, a\u0161 tau papasakosiu istorij\u0105, kad pabudusi neklaid\u017eiotum patamsiais.\u201c \u2013 Taip prasideda \u0161ios nuostabios ra\u0161ytojos knyga, prad\u0117ta tuo","robots":{"index":"index","follow":"follow","max-snippet":"max-snippet:-1","max-image-preview":"max-image-preview:large","max-video-preview":"max-video-preview:-1"},"canonical":"https:\/\/skaitytaknyga.lt\/en\/produktas\/paula\/","og_locale":"en_GB","og_type":"article","og_title":"[:lt]Paula[:] - Skaitytaknyga","og_description":"\u201eKlausykis, Paula, a\u0161 tau papasakosiu istorij\u0105, kad pabudusi neklaid\u017eiotum patamsiais.\u201c \u2013 Taip prasideda \u0161ios nuostabios ra\u0161ytojos knyga, prad\u0117ta tuo","og_url":"https:\/\/skaitytaknyga.lt\/en\/produktas\/paula\/","og_site_name":"Skaitytaknyga","article_publisher":"https:\/\/www.facebook.com\/skaitytaknyga\/","article_modified_time":"2026-02-04T09:42:32+00:00","og_image":[{"width":300,"height":494,"url":"https:\/\/skaitytaknyga.lt\/wp-content\/uploads\/2026\/01\/Paula-1.webp","type":"image\/webp"}],"twitter_card":"summary_large_image","twitter_misc":{"Estimated reading time":"1 minute"},"schema":{"@context":"https:\/\/schema.org","@graph":[{"@type":"WebPage","@id":"https:\/\/skaitytaknyga.lt\/produktas\/paula\/","url":"https:\/\/skaitytaknyga.lt\/produktas\/paula\/","name":"Paula","isPartOf":{"@id":"https:\/\/skaitytaknyga.lt\/#website"},"primaryImageOfPage":{"@id":"https:\/\/skaitytaknyga.lt\/produktas\/paula\/#primaryimage"},"image":{"@id":"https:\/\/skaitytaknyga.lt\/produktas\/paula\/#primaryimage"},"thumbnailUrl":"https:\/\/skaitytaknyga.lt\/wp-content\/uploads\/2026\/01\/Paula-1.webp","datePublished":"2026-01-28T15:25:46+00:00","dateModified":"2026-02-04T09:42:32+00:00","description":"\u201eKlausykis, Paula, a\u0161 tau papasakosiu istorij\u0105, kad pabudusi neklaid\u017eiotum patamsiais.\u201c \u2013 Taip prasideda \u0161ios nuostabios ra\u0161ytojos knyga, prad\u0117ta tuo","breadcrumb":{"@id":"https:\/\/skaitytaknyga.lt\/produktas\/paula\/#breadcrumb"},"inLanguage":"en-GB","potentialAction":[{"@type":"ReadAction","target":["https:\/\/skaitytaknyga.lt\/produktas\/paula\/"]}]},{"@type":"ImageObject","inLanguage":"en-GB","@id":"https:\/\/skaitytaknyga.lt\/produktas\/paula\/#primaryimage","url":"https:\/\/skaitytaknyga.lt\/wp-content\/uploads\/2026\/01\/Paula-1.webp","contentUrl":"https:\/\/skaitytaknyga.lt\/wp-content\/uploads\/2026\/01\/Paula-1.webp","width":300,"height":494,"caption":"Paula"},{"@type":"BreadcrumbList","@id":"https:\/\/skaitytaknyga.lt\/produktas\/paula\/#breadcrumb","itemListElement":[{"@type":"ListItem","position":1,"name":"Home","item":"https:\/\/skaitytaknyga.lt\/"},{"@type":"ListItem","position":2,"name":"Parduotuv\u0117","item":"https:\/\/skaitytaknyga.lt\/knygu-parduotuve\/"},{"@type":"ListItem","position":3,"name":"Paula"}]},{"@type":"WebSite","@id":"https:\/\/skaitytaknyga.lt\/#website","url":"https:\/\/skaitytaknyga.lt\/","name":"skaitytaknyga.lt","description":"Skaitytaknyga.lt \u2013 tai ma\u017eas \u0161eimos verslas, kuris prasid\u0117jo nuo meil\u0117s knygoms ir siekio i\u0161gelb\u0117ti knygas nuo likimo prie konteinerio. Kas vienam nereikalingas daiktas \u2013 kitam lobis, o mes esame tarpininkai, kurie padeda abiems tapti laimingesniems ???? \u017dinome kaip nelengva i\u0161gyventi ma\u017eiems verslams, tad nuo \u0161iol, \u010dia rasite ir kit\u0173, ma\u017e\u0173 \u0161eim\u0173 versl\u0173, rank\u0173 darbo, dovan\u0173 sau ir artimiesiems.","publisher":{"@id":"https:\/\/skaitytaknyga.lt\/#organization"},"potentialAction":[{"@type":"SearchAction","target":{"@type":"EntryPoint","urlTemplate":"https:\/\/skaitytaknyga.lt\/?s={search_term_string}"},"query-input":{"@type":"PropertyValueSpecification","valueRequired":true,"valueName":"search_term_string"}}],"inLanguage":"en-GB"},{"@type":"Organization","@id":"https:\/\/skaitytaknyga.lt\/#organization","name":"skaitytaknyga.lt","url":"https:\/\/skaitytaknyga.lt\/","logo":{"@type":"ImageObject","inLanguage":"en-GB","@id":"https:\/\/skaitytaknyga.lt\/#\/schema\/logo\/image\/","url":"https:\/\/skaitytaknyga.lt\/wp-content\/uploads\/2024\/05\/cropped-cropped-cropped-02_00843_jt3bggkj1j3HLc7SyY6rEUpg.jpeg","contentUrl":"https:\/\/skaitytaknyga.lt\/wp-content\/uploads\/2024\/05\/cropped-cropped-cropped-02_00843_jt3bggkj1j3HLc7SyY6rEUpg.jpeg","width":1600,"height":1600,"caption":"skaitytaknyga.lt"},"image":{"@id":"https:\/\/skaitytaknyga.lt\/#\/schema\/logo\/image\/"},"sameAs":["https:\/\/www.facebook.com\/skaitytaknyga\/"]}]}},"_links":{"self":[{"href":"https:\/\/skaitytaknyga.lt\/en\/wp-json\/wp\/v2\/product\/22758","targetHints":{"allow":["GET"]}}],"collection":[{"href":"https:\/\/skaitytaknyga.lt\/en\/wp-json\/wp\/v2\/product"}],"about":[{"href":"https:\/\/skaitytaknyga.lt\/en\/wp-json\/wp\/v2\/types\/product"}],"replies":[{"embeddable":true,"href":"https:\/\/skaitytaknyga.lt\/en\/wp-json\/wp\/v2\/comments?post=22758"}],"wp:featuredmedia":[{"embeddable":true,"href":"https:\/\/skaitytaknyga.lt\/en\/wp-json\/wp\/v2\/media\/22763"}],"wp:attachment":[{"href":"https:\/\/skaitytaknyga.lt\/en\/wp-json\/wp\/v2\/media?parent=22758"}],"wp:term":[{"taxonomy":"product_brand","embeddable":true,"href":"https:\/\/skaitytaknyga.lt\/en\/wp-json\/wp\/v2\/product_brand?post=22758"},{"taxonomy":"product_cat","embeddable":true,"href":"https:\/\/skaitytaknyga.lt\/en\/wp-json\/wp\/v2\/product_cat?post=22758"},{"taxonomy":"product_tag","embeddable":true,"href":"https:\/\/skaitytaknyga.lt\/en\/wp-json\/wp\/v2\/product_tag?post=22758"}],"curies":[{"name":"wp","href":"https:\/\/api.w.org\/{rel}","templated":true}]}}