{"id":22757,"date":"2026-01-28T17:25:46","date_gmt":"2026-01-28T15:25:46","guid":{"rendered":"https:\/\/skaitytaknyga.lt\/?post_type=product&#038;p=22757"},"modified":"2026-02-04T11:42:32","modified_gmt":"2026-02-04T09:42:32","slug":"portretas-sepija","status":"publish","type":"product","link":"https:\/\/skaitytaknyga.lt\/en\/produktas\/portretas-sepija\/","title":{"rendered":"Portretas sepija"},"content":{"rendered":"<p>Paskutin\u0117 trilogijos (\u201cDvasi\u0173 namai\u201d, \u201cFort\u016bnos dukt\u0117\u201d, \u201cPortretas sepija&#8221;) dalis. Jame pasakojama Elizos (\u201cFort\u016bnos dukters\u201d) dukrait\u0117s Auroros gyvenimo istorija. Aurora, kaip ir \u201cFort\u016bnos dukters\u201d heroj\u0117s Eliza bei panel\u0117 Roza, dvasi\u0161kai artima ra\u0161ytojai ir savo beatodairi\u0161ku meil\u0117s siekimu, ir tragi\u0161ka patirtimi.<\/p>\n<p>Likusi na\u0161lait\u0117 ir u\u017eaugusi kitos mo\u010diut\u0117s turtuol\u0117s Paulinos del Valj\u0117s namuose, Aurora i\u0161teka u\u017e nemylin\u010dio j\u0105 vyro ir atkakliai siekia nepriklausomyb\u0117s, kartu stengdamasi su\u017einoti savo tikr\u0105sias \u0161aknis, kol galiausiai, suvokusi savo pa\u0161aukim\u0105, tampa talentinga fotograf\u0117 ir suranda savo tikr\u0105j\u0105 meil\u0119.<\/p>\n","protected":false},"excerpt":{"rendered":"<p>Paskutin\u0117 trilogijos (\u201cDvasi\u0173 namai\u201d, \u201cFort\u016bnos dukt\u0117\u201d, \u201cPortretas sepija&#8221;) dalis. Jame pasakojama Elizos (\u201cFort\u016bnos dukters\u201d) dukrait\u0117s Auroros gyvenimo istorija. Aurora, kaip ir \u201cFort\u016bnos dukters\u201d heroj\u0117s Eliza bei panel\u0117 Roza, dvasi\u0161kai artima ra\u0161ytojai ir savo beatodairi\u0161ku meil\u0117s siekimu, ir tragi\u0161ka patirtimi. Likusi na\u0161lait\u0117 ir u\u017eaugusi kitos mo\u010diut\u0117s turtuol\u0117s Paulinos del Valj\u0117s namuose, Aurora i\u0161teka u\u017e nemylin\u010dio j\u0105 vyro ir atkakliai siekia nepriklausomyb\u0117s, kartu stengdamasi su\u017einoti savo tikr\u0105sias \u0161aknis, kol galiausiai, suvokusi savo pa\u0161aukim\u0105, tampa talentinga fotograf\u0117 ir suranda savo tikr\u0105j\u0105 meil\u0119.<\/p>\n","protected":false},"featured_media":22762,"comment_status":"open","ping_status":"closed","template":"","meta":{"_acf_changed":false,"site-sidebar-layout":"default","site-content-layout":"","ast-site-content-layout":"default","site-content-style":"default","site-sidebar-style":"default","ast-global-header-display":"","ast-banner-title-visibility":"","ast-main-header-display":"","ast-hfb-above-header-display":"","ast-hfb-below-header-display":"","ast-hfb-mobile-header-display":"","site-post-title":"","ast-breadcrumbs-content":"","ast-featured-img":"","footer-sml-layout":"","ast-disable-related-posts":"","theme-transparent-header-meta":"","adv-header-id-meta":"","stick-header-meta":"","header-above-stick-meta":"","header-main-stick-meta":"","header-below-stick-meta":"","astra-migrate-meta-layouts":"default","ast-page-background-enabled":"default","ast-page-background-meta":{"desktop":{"background-color":"","background-image":"","background-repeat":"repeat","background-position":"center center","background-size":"auto","background-attachment":"scroll","background-type":"","background-media":"","overlay-type":"","overlay-color":"","overlay-opacity":"","overlay-gradient":""},"tablet":{"background-color":"","background-image":"","background-repeat":"repeat","background-position":"center center","background-size":"auto","background-attachment":"scroll","background-type":"","background-media":"","overlay-type":"","overlay-color":"","overlay-opacity":"","overlay-gradient":""},"mobile":{"background-color":"","background-image":"","background-repeat":"repeat","background-position":"center center","background-size":"auto","background-attachment":"scroll","background-type":"","background-media":"","overlay-type":"","overlay-color":"","overlay-opacity":"","overlay-gradient":""}},"ast-content-background-meta":{"desktop":{"background-color":"var(--ast-global-color-4)","background-image":"","background-repeat":"repeat","background-position":"center center","background-size":"auto","background-attachment":"scroll","background-type":"","background-media":"","overlay-type":"","overlay-color":"","overlay-opacity":"","overlay-gradient":""},"tablet":{"background-color":"var(--ast-global-color-4)","background-image":"","background-repeat":"repeat","background-position":"center center","background-size":"auto","background-attachment":"scroll","background-type":"","background-media":"","overlay-type":"","overlay-color":"","overlay-opacity":"","overlay-gradient":""},"mobile":{"background-color":"var(--ast-global-color-4)","background-image":"","background-repeat":"repeat","background-position":"center center","background-size":"auto","background-attachment":"scroll","background-type":"","background-media":"","overlay-type":"","overlay-color":"","overlay-opacity":"","overlay-gradient":""}}},"product_brand":[],"product_cat":[31],"product_tag":[4930,2069,1796,4148],"class_list":{"0":"post-22757","1":"product","2":"type-product","3":"status-publish","4":"has-post-thumbnail","6":"product_cat-grozine-literatura","7":"product_tag-isabel-allende","8":"product_tag-istorinis-romanas","9":"product_tag-meile","10":"product_tag-moters-likimas","11":"desktop-align-left","12":"tablet-align-left","13":"mobile-align-left","15":"first","16":"instock","17":"shipping-taxable","18":"purchasable","19":"product-type-simple"},"acf":[],"yoast_head":"<!-- This site is optimized with the Yoast SEO plugin v27.0 - https:\/\/yoast.com\/product\/yoast-seo-wordpress\/ -->\n<title>Portretas sepija<\/title>\n<meta name=\"description\" content=\"Paskutin\u0117 trilogijos (\u201cDvasi\u0173 namai\u201d, \u201cFort\u016bnos dukt\u0117\u201d, \u201cPortretas sepija&quot;) dalis. Jame pasakojama Elizos (\u201cFort\u016bnos dukters\u201d) dukrait\u0117s Auroros gyvenimo\" \/>\n<meta name=\"robots\" content=\"index, follow, max-snippet:-1, max-image-preview:large, max-video-preview:-1\" \/>\n<link rel=\"canonical\" href=\"https:\/\/skaitytaknyga.lt\/en\/produktas\/portretas-sepija\/\" \/>\n<meta property=\"og:locale\" content=\"en_GB\" \/>\n<meta property=\"og:locale:alternate\" content=\"lt_LT\" \/>\n<meta property=\"og:type\" content=\"article\" \/>\n<meta property=\"og:title\" content=\"Portretas sepija\" \/>\n<meta property=\"og:description\" content=\"Paskutin\u0117 trilogijos (\u201cDvasi\u0173 namai\u201d, \u201cFort\u016bnos dukt\u0117\u201d, \u201cPortretas sepija&quot;) dalis. Jame pasakojama Elizos (\u201cFort\u016bnos dukters\u201d) dukrait\u0117s Auroros gyvenimo\" \/>\n<meta property=\"og:url\" content=\"https:\/\/skaitytaknyga.lt\/en\/produktas\/portretas-sepija\/\" \/>\n<meta property=\"og:site_name\" content=\"Skaitytaknyga\" \/>\n<meta property=\"article:publisher\" content=\"https:\/\/www.facebook.com\/skaitytaknyga\/\" \/>\n<meta property=\"article:modified_time\" content=\"2026-02-04T09:42:32+00:00\" \/>\n<meta property=\"og:image\" content=\"https:\/\/skaitytaknyga.lt\/wp-content\/uploads\/2026\/01\/Portretas-sepija-1.webp\" \/>\n\t<meta property=\"og:image:width\" content=\"300\" \/>\n\t<meta property=\"og:image:height\" content=\"494\" \/>\n\t<meta property=\"og:image:type\" content=\"image\/webp\" \/>\n<meta name=\"twitter:card\" content=\"summary_large_image\" \/>\n<meta name=\"twitter:label1\" content=\"Estimated reading time\" \/>\n\t<meta name=\"twitter:data1\" content=\"1 minute\" \/>\n<script type=\"application\/ld+json\" class=\"yoast-schema-graph\">{\"@context\":\"https:\/\/schema.org\",\"@graph\":[{\"@type\":\"WebPage\",\"@id\":\"https:\/\/skaitytaknyga.lt\/produktas\/portretas-sepija\/\",\"url\":\"https:\/\/skaitytaknyga.lt\/produktas\/portretas-sepija\/\",\"name\":\"Portretas sepija\",\"isPartOf\":{\"@id\":\"https:\/\/skaitytaknyga.lt\/#website\"},\"primaryImageOfPage\":{\"@id\":\"https:\/\/skaitytaknyga.lt\/produktas\/portretas-sepija\/#primaryimage\"},\"image\":{\"@id\":\"https:\/\/skaitytaknyga.lt\/produktas\/portretas-sepija\/#primaryimage\"},\"thumbnailUrl\":\"https:\/\/skaitytaknyga.lt\/wp-content\/uploads\/2026\/01\/Portretas-sepija-1.webp\",\"datePublished\":\"2026-01-28T15:25:46+00:00\",\"dateModified\":\"2026-02-04T09:42:32+00:00\",\"description\":\"Paskutin\u0117 trilogijos (\u201cDvasi\u0173 namai\u201d, \u201cFort\u016bnos dukt\u0117\u201d, \u201cPortretas sepija\\\") dalis. Jame pasakojama Elizos (\u201cFort\u016bnos dukters\u201d) dukrait\u0117s Auroros gyvenimo\",\"breadcrumb\":{\"@id\":\"https:\/\/skaitytaknyga.lt\/produktas\/portretas-sepija\/#breadcrumb\"},\"inLanguage\":\"en-GB\",\"potentialAction\":[{\"@type\":\"ReadAction\",\"target\":[\"https:\/\/skaitytaknyga.lt\/produktas\/portretas-sepija\/\"]}]},{\"@type\":\"ImageObject\",\"inLanguage\":\"en-GB\",\"@id\":\"https:\/\/skaitytaknyga.lt\/produktas\/portretas-sepija\/#primaryimage\",\"url\":\"https:\/\/skaitytaknyga.lt\/wp-content\/uploads\/2026\/01\/Portretas-sepija-1.webp\",\"contentUrl\":\"https:\/\/skaitytaknyga.lt\/wp-content\/uploads\/2026\/01\/Portretas-sepija-1.webp\",\"width\":300,\"height\":494},{\"@type\":\"BreadcrumbList\",\"@id\":\"https:\/\/skaitytaknyga.lt\/produktas\/portretas-sepija\/#breadcrumb\",\"itemListElement\":[{\"@type\":\"ListItem\",\"position\":1,\"name\":\"Home\",\"item\":\"https:\/\/skaitytaknyga.lt\/\"},{\"@type\":\"ListItem\",\"position\":2,\"name\":\"Parduotuv\u0117\",\"item\":\"https:\/\/skaitytaknyga.lt\/knygu-parduotuve\/\"},{\"@type\":\"ListItem\",\"position\":3,\"name\":\"Portretas sepija\"}]},{\"@type\":\"WebSite\",\"@id\":\"https:\/\/skaitytaknyga.lt\/#website\",\"url\":\"https:\/\/skaitytaknyga.lt\/\",\"name\":\"skaitytaknyga.lt\",\"description\":\"Skaitytaknyga.lt \u2013 tai ma\u017eas \u0161eimos verslas, kuris prasid\u0117jo nuo meil\u0117s knygoms ir siekio i\u0161gelb\u0117ti knygas nuo likimo prie konteinerio. Kas vienam nereikalingas daiktas \u2013 kitam lobis, o mes esame tarpininkai, kurie padeda abiems tapti laimingesniems ???? \u017dinome kaip nelengva i\u0161gyventi ma\u017eiems verslams, tad nuo \u0161iol, \u010dia rasite ir kit\u0173, ma\u017e\u0173 \u0161eim\u0173 versl\u0173, rank\u0173 darbo, dovan\u0173 sau ir artimiesiems.\",\"publisher\":{\"@id\":\"https:\/\/skaitytaknyga.lt\/#organization\"},\"potentialAction\":[{\"@type\":\"SearchAction\",\"target\":{\"@type\":\"EntryPoint\",\"urlTemplate\":\"https:\/\/skaitytaknyga.lt\/?s={search_term_string}\"},\"query-input\":{\"@type\":\"PropertyValueSpecification\",\"valueRequired\":true,\"valueName\":\"search_term_string\"}}],\"inLanguage\":\"en-GB\"},{\"@type\":\"Organization\",\"@id\":\"https:\/\/skaitytaknyga.lt\/#organization\",\"name\":\"skaitytaknyga.lt\",\"url\":\"https:\/\/skaitytaknyga.lt\/\",\"logo\":{\"@type\":\"ImageObject\",\"inLanguage\":\"en-GB\",\"@id\":\"https:\/\/skaitytaknyga.lt\/#\/schema\/logo\/image\/\",\"url\":\"https:\/\/skaitytaknyga.lt\/wp-content\/uploads\/2024\/05\/cropped-cropped-cropped-02_00843_jt3bggkj1j3HLc7SyY6rEUpg.jpeg\",\"contentUrl\":\"https:\/\/skaitytaknyga.lt\/wp-content\/uploads\/2024\/05\/cropped-cropped-cropped-02_00843_jt3bggkj1j3HLc7SyY6rEUpg.jpeg\",\"width\":1600,\"height\":1600,\"caption\":\"skaitytaknyga.lt\"},\"image\":{\"@id\":\"https:\/\/skaitytaknyga.lt\/#\/schema\/logo\/image\/\"},\"sameAs\":[\"https:\/\/www.facebook.com\/skaitytaknyga\/\"]}]}<\/script>\n<!-- \/ Yoast SEO plugin. -->","yoast_head_json":{"title":"Portretas sepija","description":"Paskutin\u0117 trilogijos (\u201cDvasi\u0173 namai\u201d, \u201cFort\u016bnos dukt\u0117\u201d, \u201cPortretas sepija\") dalis. Jame pasakojama Elizos (\u201cFort\u016bnos dukters\u201d) dukrait\u0117s Auroros gyvenimo","robots":{"index":"index","follow":"follow","max-snippet":"max-snippet:-1","max-image-preview":"max-image-preview:large","max-video-preview":"max-video-preview:-1"},"canonical":"https:\/\/skaitytaknyga.lt\/en\/produktas\/portretas-sepija\/","og_locale":"en_GB","og_type":"article","og_title":"[:lt]Portretas sepija[:] - Skaitytaknyga","og_description":"Paskutin\u0117 trilogijos (\u201cDvasi\u0173 namai\u201d, \u201cFort\u016bnos dukt\u0117\u201d, \u201cPortretas sepija\") dalis. Jame pasakojama Elizos (\u201cFort\u016bnos dukters\u201d) dukrait\u0117s Auroros gyvenimo","og_url":"https:\/\/skaitytaknyga.lt\/en\/produktas\/portretas-sepija\/","og_site_name":"Skaitytaknyga","article_publisher":"https:\/\/www.facebook.com\/skaitytaknyga\/","article_modified_time":"2026-02-04T09:42:32+00:00","og_image":[{"width":300,"height":494,"url":"https:\/\/skaitytaknyga.lt\/wp-content\/uploads\/2026\/01\/Portretas-sepija-1.webp","type":"image\/webp"}],"twitter_card":"summary_large_image","twitter_misc":{"Estimated reading time":"1 minute"},"schema":{"@context":"https:\/\/schema.org","@graph":[{"@type":"WebPage","@id":"https:\/\/skaitytaknyga.lt\/produktas\/portretas-sepija\/","url":"https:\/\/skaitytaknyga.lt\/produktas\/portretas-sepija\/","name":"Portretas sepija","isPartOf":{"@id":"https:\/\/skaitytaknyga.lt\/#website"},"primaryImageOfPage":{"@id":"https:\/\/skaitytaknyga.lt\/produktas\/portretas-sepija\/#primaryimage"},"image":{"@id":"https:\/\/skaitytaknyga.lt\/produktas\/portretas-sepija\/#primaryimage"},"thumbnailUrl":"https:\/\/skaitytaknyga.lt\/wp-content\/uploads\/2026\/01\/Portretas-sepija-1.webp","datePublished":"2026-01-28T15:25:46+00:00","dateModified":"2026-02-04T09:42:32+00:00","description":"Paskutin\u0117 trilogijos (\u201cDvasi\u0173 namai\u201d, \u201cFort\u016bnos dukt\u0117\u201d, \u201cPortretas sepija\") dalis. Jame pasakojama Elizos (\u201cFort\u016bnos dukters\u201d) dukrait\u0117s Auroros gyvenimo","breadcrumb":{"@id":"https:\/\/skaitytaknyga.lt\/produktas\/portretas-sepija\/#breadcrumb"},"inLanguage":"en-GB","potentialAction":[{"@type":"ReadAction","target":["https:\/\/skaitytaknyga.lt\/produktas\/portretas-sepija\/"]}]},{"@type":"ImageObject","inLanguage":"en-GB","@id":"https:\/\/skaitytaknyga.lt\/produktas\/portretas-sepija\/#primaryimage","url":"https:\/\/skaitytaknyga.lt\/wp-content\/uploads\/2026\/01\/Portretas-sepija-1.webp","contentUrl":"https:\/\/skaitytaknyga.lt\/wp-content\/uploads\/2026\/01\/Portretas-sepija-1.webp","width":300,"height":494},{"@type":"BreadcrumbList","@id":"https:\/\/skaitytaknyga.lt\/produktas\/portretas-sepija\/#breadcrumb","itemListElement":[{"@type":"ListItem","position":1,"name":"Home","item":"https:\/\/skaitytaknyga.lt\/"},{"@type":"ListItem","position":2,"name":"Parduotuv\u0117","item":"https:\/\/skaitytaknyga.lt\/knygu-parduotuve\/"},{"@type":"ListItem","position":3,"name":"Portretas sepija"}]},{"@type":"WebSite","@id":"https:\/\/skaitytaknyga.lt\/#website","url":"https:\/\/skaitytaknyga.lt\/","name":"skaitytaknyga.lt","description":"Skaitytaknyga.lt \u2013 tai ma\u017eas \u0161eimos verslas, kuris prasid\u0117jo nuo meil\u0117s knygoms ir siekio i\u0161gelb\u0117ti knygas nuo likimo prie konteinerio. Kas vienam nereikalingas daiktas \u2013 kitam lobis, o mes esame tarpininkai, kurie padeda abiems tapti laimingesniems ???? \u017dinome kaip nelengva i\u0161gyventi ma\u017eiems verslams, tad nuo \u0161iol, \u010dia rasite ir kit\u0173, ma\u017e\u0173 \u0161eim\u0173 versl\u0173, rank\u0173 darbo, dovan\u0173 sau ir artimiesiems.","publisher":{"@id":"https:\/\/skaitytaknyga.lt\/#organization"},"potentialAction":[{"@type":"SearchAction","target":{"@type":"EntryPoint","urlTemplate":"https:\/\/skaitytaknyga.lt\/?s={search_term_string}"},"query-input":{"@type":"PropertyValueSpecification","valueRequired":true,"valueName":"search_term_string"}}],"inLanguage":"en-GB"},{"@type":"Organization","@id":"https:\/\/skaitytaknyga.lt\/#organization","name":"skaitytaknyga.lt","url":"https:\/\/skaitytaknyga.lt\/","logo":{"@type":"ImageObject","inLanguage":"en-GB","@id":"https:\/\/skaitytaknyga.lt\/#\/schema\/logo\/image\/","url":"https:\/\/skaitytaknyga.lt\/wp-content\/uploads\/2024\/05\/cropped-cropped-cropped-02_00843_jt3bggkj1j3HLc7SyY6rEUpg.jpeg","contentUrl":"https:\/\/skaitytaknyga.lt\/wp-content\/uploads\/2024\/05\/cropped-cropped-cropped-02_00843_jt3bggkj1j3HLc7SyY6rEUpg.jpeg","width":1600,"height":1600,"caption":"skaitytaknyga.lt"},"image":{"@id":"https:\/\/skaitytaknyga.lt\/#\/schema\/logo\/image\/"},"sameAs":["https:\/\/www.facebook.com\/skaitytaknyga\/"]}]}},"_links":{"self":[{"href":"https:\/\/skaitytaknyga.lt\/en\/wp-json\/wp\/v2\/product\/22757","targetHints":{"allow":["GET"]}}],"collection":[{"href":"https:\/\/skaitytaknyga.lt\/en\/wp-json\/wp\/v2\/product"}],"about":[{"href":"https:\/\/skaitytaknyga.lt\/en\/wp-json\/wp\/v2\/types\/product"}],"replies":[{"embeddable":true,"href":"https:\/\/skaitytaknyga.lt\/en\/wp-json\/wp\/v2\/comments?post=22757"}],"wp:featuredmedia":[{"embeddable":true,"href":"https:\/\/skaitytaknyga.lt\/en\/wp-json\/wp\/v2\/media\/22762"}],"wp:attachment":[{"href":"https:\/\/skaitytaknyga.lt\/en\/wp-json\/wp\/v2\/media?parent=22757"}],"wp:term":[{"taxonomy":"product_brand","embeddable":true,"href":"https:\/\/skaitytaknyga.lt\/en\/wp-json\/wp\/v2\/product_brand?post=22757"},{"taxonomy":"product_cat","embeddable":true,"href":"https:\/\/skaitytaknyga.lt\/en\/wp-json\/wp\/v2\/product_cat?post=22757"},{"taxonomy":"product_tag","embeddable":true,"href":"https:\/\/skaitytaknyga.lt\/en\/wp-json\/wp\/v2\/product_tag?post=22757"}],"curies":[{"name":"wp","href":"https:\/\/api.w.org\/{rel}","templated":true}]}}