{"id":22755,"date":"2026-01-28T17:25:46","date_gmt":"2026-01-28T15:25:46","guid":{"rendered":"https:\/\/skaitytaknyga.lt\/?post_type=product&#038;p=22755"},"modified":"2026-02-04T11:42:32","modified_gmt":"2026-02-04T09:42:32","slug":"vabalas-skrenda-temstant","status":"publish","type":"product","link":"https:\/\/skaitytaknyga.lt\/en\/produktas\/vabalas-skrenda-temstant\/","title":{"rendered":"Vabalas skrenda temstant"},"content":{"rendered":"<p>J\u016bs\u0173 rankose \u2013 nepaprasta Anikos, Juno ir Davido istorija. Vien\u0105 vakar\u0105 i\u0161siruo\u0161\u0119 pasivaik\u0161\u010dioti jie u\u017eklysta \u012f seniausi\u0105 kaimo sodyb\u0105 \u2013 Selanderi\u0173 namus. Nuo pat pirm\u0173j\u0173 akimirk\u0173 ai\u0161ku, kad \u0161i\u0173 nam\u0173 istorija ir viskas, kas su jais susij\u0119, apipinta paslap\u010di\u0173 ir mistikos. T\u0105 patvirtina nugirstas m\u012fslingas ponios Joranson pokalbis, paslaptingo \u017emogaus \u0161e\u0161\u0117lis ir Juno padarytas \u012fra\u0161as, kuriame girdisi keisti \u0161nab\u017edesiai.<\/p>\n<p>\u0160iurp\u0105 kelia ir tai, kad Davidas pra\u0117jusi\u0105 nakt\u012f sapnavo ein\u0105s per \u0161i\u0105 sodyb\u0105&#8230; O kiek dar paslap\u010di\u0173 u\u017etiks vaikai, sutik\u0119 pri\u017ei\u016br\u0117ti sodyb\u0105, kol ponia Joranson bus i\u0161vykusi?..<\/p>\n<p>Kokia istorija nutiko \u0161iame name XVIII am\u017eiuje? K\u0105 slepia \u201eVasaros kambarys&#8221; ir kod\u0117l savininkams tokios svarbios \u0161i\u0173 nam\u0173 g\u0117l\u0117s?..<\/p>\n","protected":false},"excerpt":{"rendered":"<p>J\u016bs\u0173 rankose \u2013 nepaprasta Anikos, Juno ir Davido istorija. Vien\u0105 vakar\u0105 i\u0161siruo\u0161\u0119 pasivaik\u0161\u010dioti jie u\u017eklysta \u012f seniausi\u0105 kaimo sodyb\u0105 \u2013 Selanderi\u0173 namus. Nuo pat pirm\u0173j\u0173 akimirk\u0173 ai\u0161ku, kad \u0161i\u0173 nam\u0173 istorija ir viskas, kas su jais susij\u0119, apipinta paslap\u010di\u0173 ir mistikos. T\u0105 patvirtina nugirstas m\u012fslingas ponios Joranson pokalbis, paslaptingo \u017emogaus \u0161e\u0161\u0117lis ir Juno padarytas \u012fra\u0161as, kuriame girdisi keisti \u0161nab\u017edesiai. \u0160iurp\u0105 kelia ir tai, kad Davidas pra\u0117jusi\u0105 nakt\u012f sapnavo ein\u0105s per \u0161i\u0105 sodyb\u0105&#8230; O kiek dar paslap\u010di\u0173 u\u017etiks vaikai, sutik\u0119 pri\u017ei\u016br\u0117ti sodyb\u0105, kol ponia Joranson bus i\u0161vykusi?.. Kokia istorija nutiko \u0161iame name XVIII am\u017eiuje? K\u0105 slepia \u201eVasaros kambarys&#8221; ir kod\u0117l savininkams tokios svarbios \u0161i\u0173 nam\u0173 g\u0117l\u0117s?..<\/p>\n","protected":false},"featured_media":22760,"comment_status":"open","ping_status":"closed","template":"","meta":{"_acf_changed":false,"site-sidebar-layout":"default","site-content-layout":"","ast-site-content-layout":"default","site-content-style":"default","site-sidebar-style":"default","ast-global-header-display":"","ast-banner-title-visibility":"","ast-main-header-display":"","ast-hfb-above-header-display":"","ast-hfb-below-header-display":"","ast-hfb-mobile-header-display":"","site-post-title":"","ast-breadcrumbs-content":"","ast-featured-img":"","footer-sml-layout":"","ast-disable-related-posts":"","theme-transparent-header-meta":"","adv-header-id-meta":"","stick-header-meta":"","header-above-stick-meta":"","header-main-stick-meta":"","header-below-stick-meta":"","astra-migrate-meta-layouts":"default","ast-page-background-enabled":"default","ast-page-background-meta":{"desktop":{"background-color":"","background-image":"","background-repeat":"repeat","background-position":"center center","background-size":"auto","background-attachment":"scroll","background-type":"","background-media":"","overlay-type":"","overlay-color":"","overlay-opacity":"","overlay-gradient":""},"tablet":{"background-color":"","background-image":"","background-repeat":"repeat","background-position":"center center","background-size":"auto","background-attachment":"scroll","background-type":"","background-media":"","overlay-type":"","overlay-color":"","overlay-opacity":"","overlay-gradient":""},"mobile":{"background-color":"","background-image":"","background-repeat":"repeat","background-position":"center center","background-size":"auto","background-attachment":"scroll","background-type":"","background-media":"","overlay-type":"","overlay-color":"","overlay-opacity":"","overlay-gradient":""}},"ast-content-background-meta":{"desktop":{"background-color":"var(--ast-global-color-4)","background-image":"","background-repeat":"repeat","background-position":"center center","background-size":"auto","background-attachment":"scroll","background-type":"","background-media":"","overlay-type":"","overlay-color":"","overlay-opacity":"","overlay-gradient":""},"tablet":{"background-color":"var(--ast-global-color-4)","background-image":"","background-repeat":"repeat","background-position":"center center","background-size":"auto","background-attachment":"scroll","background-type":"","background-media":"","overlay-type":"","overlay-color":"","overlay-opacity":"","overlay-gradient":""},"mobile":{"background-color":"var(--ast-global-color-4)","background-image":"","background-repeat":"repeat","background-position":"center center","background-size":"auto","background-attachment":"scroll","background-type":"","background-media":"","overlay-type":"","overlay-color":"","overlay-opacity":"","overlay-gradient":""}}},"product_brand":[],"product_cat":[35],"product_tag":[9265,2944,9264,1785],"class_list":{"0":"post-22755","1":"product","2":"type-product","3":"status-publish","4":"has-post-thumbnail","6":"product_cat-vaikams-ir-paaugliams","7":"product_tag-ltmaria-gripe","8":"product_tag-mistika","9":"product_tag-sena-sodyba","10":"product_tag-vaikams","11":"desktop-align-left","12":"tablet-align-left","13":"mobile-align-left","15":"first","16":"instock","17":"shipping-taxable","18":"purchasable","19":"product-type-simple"},"acf":[],"yoast_head":"<!-- This site is optimized with the Yoast SEO plugin v27.0 - https:\/\/yoast.com\/product\/yoast-seo-wordpress\/ -->\n<title>Vabalas skrenda temstant<\/title>\n<meta name=\"description\" content=\"J\u016bs\u0173 rankose \u2013 nepaprasta Anikos, Juno ir Davido istorija. Vien\u0105 vakar\u0105 i\u0161siruo\u0161\u0119 pasivaik\u0161\u010dioti jie u\u017eklysta \u012f seniausi\u0105 kaimo sodyb\u0105 \u2013 Selanderi\u0173 namus.\" \/>\n<meta name=\"robots\" content=\"index, follow, max-snippet:-1, max-image-preview:large, max-video-preview:-1\" \/>\n<link rel=\"canonical\" href=\"https:\/\/skaitytaknyga.lt\/en\/produktas\/vabalas-skrenda-temstant\/\" \/>\n<meta property=\"og:locale\" content=\"en_GB\" \/>\n<meta property=\"og:locale:alternate\" content=\"lt_LT\" \/>\n<meta property=\"og:type\" content=\"article\" \/>\n<meta property=\"og:title\" content=\"Vabalas skrenda temstant\" \/>\n<meta property=\"og:description\" content=\"J\u016bs\u0173 rankose \u2013 nepaprasta Anikos, Juno ir Davido istorija. Vien\u0105 vakar\u0105 i\u0161siruo\u0161\u0119 pasivaik\u0161\u010dioti jie u\u017eklysta \u012f seniausi\u0105 kaimo sodyb\u0105 \u2013 Selanderi\u0173 namus.\" \/>\n<meta property=\"og:url\" content=\"https:\/\/skaitytaknyga.lt\/en\/produktas\/vabalas-skrenda-temstant\/\" \/>\n<meta property=\"og:site_name\" content=\"Skaitytaknyga\" \/>\n<meta property=\"article:publisher\" content=\"https:\/\/www.facebook.com\/skaitytaknyga\/\" \/>\n<meta property=\"article:modified_time\" content=\"2026-02-04T09:42:32+00:00\" \/>\n<meta property=\"og:image\" content=\"https:\/\/skaitytaknyga.lt\/wp-content\/uploads\/2026\/01\/Vabalas-skrenda-temstant-1.webp\" \/>\n\t<meta property=\"og:image:width\" content=\"301\" \/>\n\t<meta property=\"og:image:height\" content=\"409\" \/>\n\t<meta property=\"og:image:type\" content=\"image\/webp\" \/>\n<meta name=\"twitter:card\" content=\"summary_large_image\" \/>\n<meta name=\"twitter:label1\" content=\"Estimated reading time\" \/>\n\t<meta name=\"twitter:data1\" content=\"1 minute\" \/>\n<script type=\"application\/ld+json\" class=\"yoast-schema-graph\">{\"@context\":\"https:\/\/schema.org\",\"@graph\":[{\"@type\":\"WebPage\",\"@id\":\"https:\/\/skaitytaknyga.lt\/produktas\/vabalas-skrenda-temstant\/\",\"url\":\"https:\/\/skaitytaknyga.lt\/produktas\/vabalas-skrenda-temstant\/\",\"name\":\"Vabalas skrenda temstant\",\"isPartOf\":{\"@id\":\"https:\/\/skaitytaknyga.lt\/#website\"},\"primaryImageOfPage\":{\"@id\":\"https:\/\/skaitytaknyga.lt\/produktas\/vabalas-skrenda-temstant\/#primaryimage\"},\"image\":{\"@id\":\"https:\/\/skaitytaknyga.lt\/produktas\/vabalas-skrenda-temstant\/#primaryimage\"},\"thumbnailUrl\":\"https:\/\/skaitytaknyga.lt\/wp-content\/uploads\/2026\/01\/Vabalas-skrenda-temstant-1.webp\",\"datePublished\":\"2026-01-28T15:25:46+00:00\",\"dateModified\":\"2026-02-04T09:42:32+00:00\",\"description\":\"J\u016bs\u0173 rankose \u2013 nepaprasta Anikos, Juno ir Davido istorija. Vien\u0105 vakar\u0105 i\u0161siruo\u0161\u0119 pasivaik\u0161\u010dioti jie u\u017eklysta \u012f seniausi\u0105 kaimo sodyb\u0105 \u2013 Selanderi\u0173 namus.\",\"breadcrumb\":{\"@id\":\"https:\/\/skaitytaknyga.lt\/produktas\/vabalas-skrenda-temstant\/#breadcrumb\"},\"inLanguage\":\"en-GB\",\"potentialAction\":[{\"@type\":\"ReadAction\",\"target\":[\"https:\/\/skaitytaknyga.lt\/produktas\/vabalas-skrenda-temstant\/\"]}]},{\"@type\":\"ImageObject\",\"inLanguage\":\"en-GB\",\"@id\":\"https:\/\/skaitytaknyga.lt\/produktas\/vabalas-skrenda-temstant\/#primaryimage\",\"url\":\"https:\/\/skaitytaknyga.lt\/wp-content\/uploads\/2026\/01\/Vabalas-skrenda-temstant-1.webp\",\"contentUrl\":\"https:\/\/skaitytaknyga.lt\/wp-content\/uploads\/2026\/01\/Vabalas-skrenda-temstant-1.webp\",\"width\":301,\"height\":409,\"caption\":\"Vabalas skrenda temstant\"},{\"@type\":\"BreadcrumbList\",\"@id\":\"https:\/\/skaitytaknyga.lt\/produktas\/vabalas-skrenda-temstant\/#breadcrumb\",\"itemListElement\":[{\"@type\":\"ListItem\",\"position\":1,\"name\":\"Home\",\"item\":\"https:\/\/skaitytaknyga.lt\/\"},{\"@type\":\"ListItem\",\"position\":2,\"name\":\"Parduotuv\u0117\",\"item\":\"https:\/\/skaitytaknyga.lt\/knygu-parduotuve\/\"},{\"@type\":\"ListItem\",\"position\":3,\"name\":\"Vabalas skrenda temstant\"}]},{\"@type\":\"WebSite\",\"@id\":\"https:\/\/skaitytaknyga.lt\/#website\",\"url\":\"https:\/\/skaitytaknyga.lt\/\",\"name\":\"skaitytaknyga.lt\",\"description\":\"Skaitytaknyga.lt \u2013 tai ma\u017eas \u0161eimos verslas, kuris prasid\u0117jo nuo meil\u0117s knygoms ir siekio i\u0161gelb\u0117ti knygas nuo likimo prie konteinerio. Kas vienam nereikalingas daiktas \u2013 kitam lobis, o mes esame tarpininkai, kurie padeda abiems tapti laimingesniems ???? \u017dinome kaip nelengva i\u0161gyventi ma\u017eiems verslams, tad nuo \u0161iol, \u010dia rasite ir kit\u0173, ma\u017e\u0173 \u0161eim\u0173 versl\u0173, rank\u0173 darbo, dovan\u0173 sau ir artimiesiems.\",\"publisher\":{\"@id\":\"https:\/\/skaitytaknyga.lt\/#organization\"},\"potentialAction\":[{\"@type\":\"SearchAction\",\"target\":{\"@type\":\"EntryPoint\",\"urlTemplate\":\"https:\/\/skaitytaknyga.lt\/?s={search_term_string}\"},\"query-input\":{\"@type\":\"PropertyValueSpecification\",\"valueRequired\":true,\"valueName\":\"search_term_string\"}}],\"inLanguage\":\"en-GB\"},{\"@type\":\"Organization\",\"@id\":\"https:\/\/skaitytaknyga.lt\/#organization\",\"name\":\"skaitytaknyga.lt\",\"url\":\"https:\/\/skaitytaknyga.lt\/\",\"logo\":{\"@type\":\"ImageObject\",\"inLanguage\":\"en-GB\",\"@id\":\"https:\/\/skaitytaknyga.lt\/#\/schema\/logo\/image\/\",\"url\":\"https:\/\/skaitytaknyga.lt\/wp-content\/uploads\/2024\/05\/cropped-cropped-cropped-02_00843_jt3bggkj1j3HLc7SyY6rEUpg.jpeg\",\"contentUrl\":\"https:\/\/skaitytaknyga.lt\/wp-content\/uploads\/2024\/05\/cropped-cropped-cropped-02_00843_jt3bggkj1j3HLc7SyY6rEUpg.jpeg\",\"width\":1600,\"height\":1600,\"caption\":\"skaitytaknyga.lt\"},\"image\":{\"@id\":\"https:\/\/skaitytaknyga.lt\/#\/schema\/logo\/image\/\"},\"sameAs\":[\"https:\/\/www.facebook.com\/skaitytaknyga\/\"]}]}<\/script>\n<!-- \/ Yoast SEO plugin. -->","yoast_head_json":{"title":"Vabalas skrenda temstant","description":"J\u016bs\u0173 rankose \u2013 nepaprasta Anikos, Juno ir Davido istorija. Vien\u0105 vakar\u0105 i\u0161siruo\u0161\u0119 pasivaik\u0161\u010dioti jie u\u017eklysta \u012f seniausi\u0105 kaimo sodyb\u0105 \u2013 Selanderi\u0173 namus.","robots":{"index":"index","follow":"follow","max-snippet":"max-snippet:-1","max-image-preview":"max-image-preview:large","max-video-preview":"max-video-preview:-1"},"canonical":"https:\/\/skaitytaknyga.lt\/en\/produktas\/vabalas-skrenda-temstant\/","og_locale":"en_GB","og_type":"article","og_title":"[:lt]Vabalas skrenda temstant[:] - Skaitytaknyga","og_description":"J\u016bs\u0173 rankose \u2013 nepaprasta Anikos, Juno ir Davido istorija. Vien\u0105 vakar\u0105 i\u0161siruo\u0161\u0119 pasivaik\u0161\u010dioti jie u\u017eklysta \u012f seniausi\u0105 kaimo sodyb\u0105 \u2013 Selanderi\u0173 namus.","og_url":"https:\/\/skaitytaknyga.lt\/en\/produktas\/vabalas-skrenda-temstant\/","og_site_name":"Skaitytaknyga","article_publisher":"https:\/\/www.facebook.com\/skaitytaknyga\/","article_modified_time":"2026-02-04T09:42:32+00:00","og_image":[{"width":301,"height":409,"url":"https:\/\/skaitytaknyga.lt\/wp-content\/uploads\/2026\/01\/Vabalas-skrenda-temstant-1.webp","type":"image\/webp"}],"twitter_card":"summary_large_image","twitter_misc":{"Estimated reading time":"1 minute"},"schema":{"@context":"https:\/\/schema.org","@graph":[{"@type":"WebPage","@id":"https:\/\/skaitytaknyga.lt\/produktas\/vabalas-skrenda-temstant\/","url":"https:\/\/skaitytaknyga.lt\/produktas\/vabalas-skrenda-temstant\/","name":"Vabalas skrenda temstant","isPartOf":{"@id":"https:\/\/skaitytaknyga.lt\/#website"},"primaryImageOfPage":{"@id":"https:\/\/skaitytaknyga.lt\/produktas\/vabalas-skrenda-temstant\/#primaryimage"},"image":{"@id":"https:\/\/skaitytaknyga.lt\/produktas\/vabalas-skrenda-temstant\/#primaryimage"},"thumbnailUrl":"https:\/\/skaitytaknyga.lt\/wp-content\/uploads\/2026\/01\/Vabalas-skrenda-temstant-1.webp","datePublished":"2026-01-28T15:25:46+00:00","dateModified":"2026-02-04T09:42:32+00:00","description":"J\u016bs\u0173 rankose \u2013 nepaprasta Anikos, Juno ir Davido istorija. Vien\u0105 vakar\u0105 i\u0161siruo\u0161\u0119 pasivaik\u0161\u010dioti jie u\u017eklysta \u012f seniausi\u0105 kaimo sodyb\u0105 \u2013 Selanderi\u0173 namus.","breadcrumb":{"@id":"https:\/\/skaitytaknyga.lt\/produktas\/vabalas-skrenda-temstant\/#breadcrumb"},"inLanguage":"en-GB","potentialAction":[{"@type":"ReadAction","target":["https:\/\/skaitytaknyga.lt\/produktas\/vabalas-skrenda-temstant\/"]}]},{"@type":"ImageObject","inLanguage":"en-GB","@id":"https:\/\/skaitytaknyga.lt\/produktas\/vabalas-skrenda-temstant\/#primaryimage","url":"https:\/\/skaitytaknyga.lt\/wp-content\/uploads\/2026\/01\/Vabalas-skrenda-temstant-1.webp","contentUrl":"https:\/\/skaitytaknyga.lt\/wp-content\/uploads\/2026\/01\/Vabalas-skrenda-temstant-1.webp","width":301,"height":409,"caption":"Vabalas skrenda temstant"},{"@type":"BreadcrumbList","@id":"https:\/\/skaitytaknyga.lt\/produktas\/vabalas-skrenda-temstant\/#breadcrumb","itemListElement":[{"@type":"ListItem","position":1,"name":"Home","item":"https:\/\/skaitytaknyga.lt\/"},{"@type":"ListItem","position":2,"name":"Parduotuv\u0117","item":"https:\/\/skaitytaknyga.lt\/knygu-parduotuve\/"},{"@type":"ListItem","position":3,"name":"Vabalas skrenda temstant"}]},{"@type":"WebSite","@id":"https:\/\/skaitytaknyga.lt\/#website","url":"https:\/\/skaitytaknyga.lt\/","name":"skaitytaknyga.lt","description":"Skaitytaknyga.lt \u2013 tai ma\u017eas \u0161eimos verslas, kuris prasid\u0117jo nuo meil\u0117s knygoms ir siekio i\u0161gelb\u0117ti knygas nuo likimo prie konteinerio. Kas vienam nereikalingas daiktas \u2013 kitam lobis, o mes esame tarpininkai, kurie padeda abiems tapti laimingesniems ???? \u017dinome kaip nelengva i\u0161gyventi ma\u017eiems verslams, tad nuo \u0161iol, \u010dia rasite ir kit\u0173, ma\u017e\u0173 \u0161eim\u0173 versl\u0173, rank\u0173 darbo, dovan\u0173 sau ir artimiesiems.","publisher":{"@id":"https:\/\/skaitytaknyga.lt\/#organization"},"potentialAction":[{"@type":"SearchAction","target":{"@type":"EntryPoint","urlTemplate":"https:\/\/skaitytaknyga.lt\/?s={search_term_string}"},"query-input":{"@type":"PropertyValueSpecification","valueRequired":true,"valueName":"search_term_string"}}],"inLanguage":"en-GB"},{"@type":"Organization","@id":"https:\/\/skaitytaknyga.lt\/#organization","name":"skaitytaknyga.lt","url":"https:\/\/skaitytaknyga.lt\/","logo":{"@type":"ImageObject","inLanguage":"en-GB","@id":"https:\/\/skaitytaknyga.lt\/#\/schema\/logo\/image\/","url":"https:\/\/skaitytaknyga.lt\/wp-content\/uploads\/2024\/05\/cropped-cropped-cropped-02_00843_jt3bggkj1j3HLc7SyY6rEUpg.jpeg","contentUrl":"https:\/\/skaitytaknyga.lt\/wp-content\/uploads\/2024\/05\/cropped-cropped-cropped-02_00843_jt3bggkj1j3HLc7SyY6rEUpg.jpeg","width":1600,"height":1600,"caption":"skaitytaknyga.lt"},"image":{"@id":"https:\/\/skaitytaknyga.lt\/#\/schema\/logo\/image\/"},"sameAs":["https:\/\/www.facebook.com\/skaitytaknyga\/"]}]}},"_links":{"self":[{"href":"https:\/\/skaitytaknyga.lt\/en\/wp-json\/wp\/v2\/product\/22755","targetHints":{"allow":["GET"]}}],"collection":[{"href":"https:\/\/skaitytaknyga.lt\/en\/wp-json\/wp\/v2\/product"}],"about":[{"href":"https:\/\/skaitytaknyga.lt\/en\/wp-json\/wp\/v2\/types\/product"}],"replies":[{"embeddable":true,"href":"https:\/\/skaitytaknyga.lt\/en\/wp-json\/wp\/v2\/comments?post=22755"}],"wp:featuredmedia":[{"embeddable":true,"href":"https:\/\/skaitytaknyga.lt\/en\/wp-json\/wp\/v2\/media\/22760"}],"wp:attachment":[{"href":"https:\/\/skaitytaknyga.lt\/en\/wp-json\/wp\/v2\/media?parent=22755"}],"wp:term":[{"taxonomy":"product_brand","embeddable":true,"href":"https:\/\/skaitytaknyga.lt\/en\/wp-json\/wp\/v2\/product_brand?post=22755"},{"taxonomy":"product_cat","embeddable":true,"href":"https:\/\/skaitytaknyga.lt\/en\/wp-json\/wp\/v2\/product_cat?post=22755"},{"taxonomy":"product_tag","embeddable":true,"href":"https:\/\/skaitytaknyga.lt\/en\/wp-json\/wp\/v2\/product_tag?post=22755"}],"curies":[{"name":"wp","href":"https:\/\/api.w.org\/{rel}","templated":true}]}}