{"id":22747,"date":"2026-01-28T11:40:37","date_gmt":"2026-01-28T09:40:37","guid":{"rendered":"https:\/\/skaitytaknyga.lt\/?post_type=product&#038;p=22747"},"modified":"2026-01-28T21:45:41","modified_gmt":"2026-01-28T19:45:41","slug":"aksomine-priesaika","status":"publish","type":"product","link":"https:\/\/skaitytaknyga.lt\/en\/produktas\/aksomine-priesaika\/","title":{"rendered":"Aksomin\u0117 priesaika"},"content":{"rendered":"<p>Visa Anglija d\u017eiugiai nusiteikusi laukia pikanti\u0161ko \u012fvykio \u2013 garsios Montgomeri\u0173 \u0161eimos vyriausiasis s\u016bnus Geivinas veda turting\u0105 paveld\u0117toj\u0105 D\u017eudit\u0105 Rivedun.<\/p>\n<p>O ar d\u017eiugiai nusiteik\u0119 patys jaunaved\u017eiai? Ne vien\u0105 moters \u0161ird\u012f su\u017eeid\u0119s i\u0161vaizdus ir vyri\u0161kas Geivinas \u012f santuok\u0105 \u017eengia myl\u0117damas kit\u0105 moter\u012f, o gra\u017euolei D\u017euditai per trump\u0105 savo gyvenim\u0105 apie \u0161eim\u0105 neteko net pasvajoti \u2013 motina j\u0105 ruo\u0161\u0117 vienuolyno vyresniosios karjerai&#8230;<\/p>\n<p>Ta\u010diau vedybos d\u0117l turto, \u017eemi\u0173 ir titulo jau sutartos, ir du jauni \u017emon\u0117s pirm\u0105 kart\u0105 vienas kit\u0105 i\u0161vysta prie ba\u017eny\u010dios, o i\u0161vyd\u0119, ne juokais vienas kitam \u012f ak\u012f \u012fkrinta. Tik kol suvoks, ar tai tikroji meil\u0117, Geivinas ir D\u017eudita tur\u0117s nueiti nelengv\u0105 deginan\u010dios aistros ir \u017elugdan\u010di\u0173 nusivylim\u0173 keli\u0105.<\/p>\n","protected":false},"excerpt":{"rendered":"<p>Visa Anglija d\u017eiugiai nusiteikusi laukia pikanti\u0161ko \u012fvykio \u2013 garsios Montgomeri\u0173 \u0161eimos vyriausiasis s\u016bnus Geivinas veda turting\u0105 paveld\u0117toj\u0105 D\u017eudit\u0105 Rivedun. O ar d\u017eiugiai nusiteik\u0119 patys jaunaved\u017eiai? Ne vien\u0105 moters \u0161ird\u012f su\u017eeid\u0119s i\u0161vaizdus ir vyri\u0161kas Geivinas \u012f santuok\u0105 \u017eengia myl\u0117damas kit\u0105 moter\u012f, o gra\u017euolei D\u017euditai per trump\u0105 savo gyvenim\u0105 apie \u0161eim\u0105 neteko net pasvajoti \u2013 motina j\u0105 ruo\u0161\u0117 vienuolyno vyresniosios karjerai&#8230; Ta\u010diau vedybos d\u0117l turto, \u017eemi\u0173 ir titulo jau sutartos, ir du jauni \u017emon\u0117s pirm\u0105 kart\u0105 vienas kit\u0105 i\u0161vysta prie ba\u017eny\u010dios, o i\u0161vyd\u0119, ne juokais vienas kitam \u012f ak\u012f \u012fkrinta. Tik kol suvoks, ar tai tikroji meil\u0117, Geivinas ir D\u017eudita tur\u0117s nueiti nelengv\u0105 deginan\u010dios aistros ir \u017elugdan\u010di\u0173 nusivylim\u0173 keli\u0105.<\/p>\n","protected":false},"featured_media":22752,"comment_status":"open","ping_status":"closed","template":"","meta":{"_acf_changed":false,"site-sidebar-layout":"default","site-content-layout":"","ast-site-content-layout":"default","site-content-style":"default","site-sidebar-style":"default","ast-global-header-display":"","ast-banner-title-visibility":"","ast-main-header-display":"","ast-hfb-above-header-display":"","ast-hfb-below-header-display":"","ast-hfb-mobile-header-display":"","site-post-title":"","ast-breadcrumbs-content":"","ast-featured-img":"","footer-sml-layout":"","ast-disable-related-posts":"","theme-transparent-header-meta":"","adv-header-id-meta":"","stick-header-meta":"","header-above-stick-meta":"","header-main-stick-meta":"","header-below-stick-meta":"","astra-migrate-meta-layouts":"default","ast-page-background-enabled":"default","ast-page-background-meta":{"desktop":{"background-color":"","background-image":"","background-repeat":"repeat","background-position":"center center","background-size":"auto","background-attachment":"scroll","background-type":"","background-media":"","overlay-type":"","overlay-color":"","overlay-opacity":"","overlay-gradient":""},"tablet":{"background-color":"","background-image":"","background-repeat":"repeat","background-position":"center center","background-size":"auto","background-attachment":"scroll","background-type":"","background-media":"","overlay-type":"","overlay-color":"","overlay-opacity":"","overlay-gradient":""},"mobile":{"background-color":"","background-image":"","background-repeat":"repeat","background-position":"center center","background-size":"auto","background-attachment":"scroll","background-type":"","background-media":"","overlay-type":"","overlay-color":"","overlay-opacity":"","overlay-gradient":""}},"ast-content-background-meta":{"desktop":{"background-color":"var(--ast-global-color-4)","background-image":"","background-repeat":"repeat","background-position":"center center","background-size":"auto","background-attachment":"scroll","background-type":"","background-media":"","overlay-type":"","overlay-color":"","overlay-opacity":"","overlay-gradient":""},"tablet":{"background-color":"var(--ast-global-color-4)","background-image":"","background-repeat":"repeat","background-position":"center center","background-size":"auto","background-attachment":"scroll","background-type":"","background-media":"","overlay-type":"","overlay-color":"","overlay-opacity":"","overlay-gradient":""},"mobile":{"background-color":"var(--ast-global-color-4)","background-image":"","background-repeat":"repeat","background-position":"center center","background-size":"auto","background-attachment":"scroll","background-type":"","background-media":"","overlay-type":"","overlay-color":"","overlay-opacity":"","overlay-gradient":""}}},"product_brand":[],"product_cat":[31],"product_tag":[2015,4997,1796,3040],"class_list":{"0":"post-22747","1":"product","2":"type-product","3":"status-publish","4":"has-post-thumbnail","6":"product_cat-grozine-literatura","7":"product_tag-aistra","8":"product_tag-jude-deveraux","9":"product_tag-meile","10":"product_tag-viduramziai","11":"desktop-align-left","12":"tablet-align-left","13":"mobile-align-left","15":"first","16":"instock","17":"shipping-taxable","18":"purchasable","19":"product-type-simple"},"acf":[],"yoast_head":"<!-- This site is optimized with the Yoast SEO plugin v27.0 - https:\/\/yoast.com\/product\/yoast-seo-wordpress\/ -->\n<title>Aksomin\u0117 priesaika<\/title>\n<meta name=\"description\" content=\"Visa Anglija d\u017eiugiai nusiteikusi laukia pikanti\u0161ko \u012fvykio \u2013 garsios Montgomeri\u0173 \u0161eimos vyriausiasis s\u016bnus Geivinas veda turting\u0105 paveld\u0117toj\u0105 D\u017eudit\u0105\" \/>\n<meta name=\"robots\" content=\"index, follow, max-snippet:-1, max-image-preview:large, max-video-preview:-1\" \/>\n<link rel=\"canonical\" href=\"https:\/\/skaitytaknyga.lt\/en\/produktas\/aksomine-priesaika\/\" \/>\n<meta property=\"og:locale\" content=\"en_GB\" \/>\n<meta property=\"og:locale:alternate\" content=\"lt_LT\" \/>\n<meta property=\"og:type\" content=\"article\" \/>\n<meta property=\"og:title\" content=\"Aksomin\u0117 priesaika\" \/>\n<meta property=\"og:description\" content=\"Visa Anglija d\u017eiugiai nusiteikusi laukia pikanti\u0161ko \u012fvykio \u2013 garsios Montgomeri\u0173 \u0161eimos vyriausiasis s\u016bnus Geivinas veda turting\u0105 paveld\u0117toj\u0105 D\u017eudit\u0105\" \/>\n<meta property=\"og:url\" content=\"https:\/\/skaitytaknyga.lt\/en\/produktas\/aksomine-priesaika\/\" \/>\n<meta property=\"og:site_name\" content=\"Skaitytaknyga\" \/>\n<meta property=\"article:publisher\" content=\"https:\/\/www.facebook.com\/skaitytaknyga\/\" \/>\n<meta property=\"article:modified_time\" content=\"2026-01-28T19:45:41+00:00\" \/>\n<meta property=\"og:image\" content=\"https:\/\/skaitytaknyga.lt\/wp-content\/uploads\/2026\/01\/Aksomine-priesaika-1.webp\" \/>\n\t<meta property=\"og:image:width\" content=\"300\" \/>\n\t<meta property=\"og:image:height\" content=\"491\" \/>\n\t<meta property=\"og:image:type\" content=\"image\/webp\" \/>\n<meta name=\"twitter:card\" content=\"summary_large_image\" \/>\n<meta name=\"twitter:label1\" content=\"Estimated reading time\" \/>\n\t<meta name=\"twitter:data1\" content=\"1 minute\" \/>\n<script type=\"application\/ld+json\" class=\"yoast-schema-graph\">{\"@context\":\"https:\/\/schema.org\",\"@graph\":[{\"@type\":\"WebPage\",\"@id\":\"https:\/\/skaitytaknyga.lt\/produktas\/aksomine-priesaika\/\",\"url\":\"https:\/\/skaitytaknyga.lt\/produktas\/aksomine-priesaika\/\",\"name\":\"Aksomin\u0117 priesaika\",\"isPartOf\":{\"@id\":\"https:\/\/skaitytaknyga.lt\/#website\"},\"primaryImageOfPage\":{\"@id\":\"https:\/\/skaitytaknyga.lt\/produktas\/aksomine-priesaika\/#primaryimage\"},\"image\":{\"@id\":\"https:\/\/skaitytaknyga.lt\/produktas\/aksomine-priesaika\/#primaryimage\"},\"thumbnailUrl\":\"https:\/\/skaitytaknyga.lt\/wp-content\/uploads\/2026\/01\/Aksomine-priesaika-1.webp\",\"datePublished\":\"2026-01-28T09:40:37+00:00\",\"dateModified\":\"2026-01-28T19:45:41+00:00\",\"description\":\"Visa Anglija d\u017eiugiai nusiteikusi laukia pikanti\u0161ko \u012fvykio \u2013 garsios Montgomeri\u0173 \u0161eimos vyriausiasis s\u016bnus Geivinas veda turting\u0105 paveld\u0117toj\u0105 D\u017eudit\u0105\",\"breadcrumb\":{\"@id\":\"https:\/\/skaitytaknyga.lt\/produktas\/aksomine-priesaika\/#breadcrumb\"},\"inLanguage\":\"en-GB\",\"potentialAction\":[{\"@type\":\"ReadAction\",\"target\":[\"https:\/\/skaitytaknyga.lt\/produktas\/aksomine-priesaika\/\"]}]},{\"@type\":\"ImageObject\",\"inLanguage\":\"en-GB\",\"@id\":\"https:\/\/skaitytaknyga.lt\/produktas\/aksomine-priesaika\/#primaryimage\",\"url\":\"https:\/\/skaitytaknyga.lt\/wp-content\/uploads\/2026\/01\/Aksomine-priesaika-1.webp\",\"contentUrl\":\"https:\/\/skaitytaknyga.lt\/wp-content\/uploads\/2026\/01\/Aksomine-priesaika-1.webp\",\"width\":300,\"height\":491,\"caption\":\"Aksomin\u0117 priesaika\"},{\"@type\":\"BreadcrumbList\",\"@id\":\"https:\/\/skaitytaknyga.lt\/produktas\/aksomine-priesaika\/#breadcrumb\",\"itemListElement\":[{\"@type\":\"ListItem\",\"position\":1,\"name\":\"Home\",\"item\":\"https:\/\/skaitytaknyga.lt\/\"},{\"@type\":\"ListItem\",\"position\":2,\"name\":\"Parduotuv\u0117\",\"item\":\"https:\/\/skaitytaknyga.lt\/knygu-parduotuve\/\"},{\"@type\":\"ListItem\",\"position\":3,\"name\":\"Aksomin\u0117 priesaika\"}]},{\"@type\":\"WebSite\",\"@id\":\"https:\/\/skaitytaknyga.lt\/#website\",\"url\":\"https:\/\/skaitytaknyga.lt\/\",\"name\":\"skaitytaknyga.lt\",\"description\":\"Skaitytaknyga.lt \u2013 tai ma\u017eas \u0161eimos verslas, kuris prasid\u0117jo nuo meil\u0117s knygoms ir siekio i\u0161gelb\u0117ti knygas nuo likimo prie konteinerio. Kas vienam nereikalingas daiktas \u2013 kitam lobis, o mes esame tarpininkai, kurie padeda abiems tapti laimingesniems ???? \u017dinome kaip nelengva i\u0161gyventi ma\u017eiems verslams, tad nuo \u0161iol, \u010dia rasite ir kit\u0173, ma\u017e\u0173 \u0161eim\u0173 versl\u0173, rank\u0173 darbo, dovan\u0173 sau ir artimiesiems.\",\"publisher\":{\"@id\":\"https:\/\/skaitytaknyga.lt\/#organization\"},\"potentialAction\":[{\"@type\":\"SearchAction\",\"target\":{\"@type\":\"EntryPoint\",\"urlTemplate\":\"https:\/\/skaitytaknyga.lt\/?s={search_term_string}\"},\"query-input\":{\"@type\":\"PropertyValueSpecification\",\"valueRequired\":true,\"valueName\":\"search_term_string\"}}],\"inLanguage\":\"en-GB\"},{\"@type\":\"Organization\",\"@id\":\"https:\/\/skaitytaknyga.lt\/#organization\",\"name\":\"skaitytaknyga.lt\",\"url\":\"https:\/\/skaitytaknyga.lt\/\",\"logo\":{\"@type\":\"ImageObject\",\"inLanguage\":\"en-GB\",\"@id\":\"https:\/\/skaitytaknyga.lt\/#\/schema\/logo\/image\/\",\"url\":\"https:\/\/skaitytaknyga.lt\/wp-content\/uploads\/2024\/05\/cropped-cropped-cropped-02_00843_jt3bggkj1j3HLc7SyY6rEUpg.jpeg\",\"contentUrl\":\"https:\/\/skaitytaknyga.lt\/wp-content\/uploads\/2024\/05\/cropped-cropped-cropped-02_00843_jt3bggkj1j3HLc7SyY6rEUpg.jpeg\",\"width\":1600,\"height\":1600,\"caption\":\"skaitytaknyga.lt\"},\"image\":{\"@id\":\"https:\/\/skaitytaknyga.lt\/#\/schema\/logo\/image\/\"},\"sameAs\":[\"https:\/\/www.facebook.com\/skaitytaknyga\/\"]}]}<\/script>\n<!-- \/ Yoast SEO plugin. -->","yoast_head_json":{"title":"Aksomin\u0117 priesaika","description":"Visa Anglija d\u017eiugiai nusiteikusi laukia pikanti\u0161ko \u012fvykio \u2013 garsios Montgomeri\u0173 \u0161eimos vyriausiasis s\u016bnus Geivinas veda turting\u0105 paveld\u0117toj\u0105 D\u017eudit\u0105","robots":{"index":"index","follow":"follow","max-snippet":"max-snippet:-1","max-image-preview":"max-image-preview:large","max-video-preview":"max-video-preview:-1"},"canonical":"https:\/\/skaitytaknyga.lt\/en\/produktas\/aksomine-priesaika\/","og_locale":"en_GB","og_type":"article","og_title":"[:lt]Aksomin\u0117 priesaika[:] - Skaitytaknyga","og_description":"Visa Anglija d\u017eiugiai nusiteikusi laukia pikanti\u0161ko \u012fvykio \u2013 garsios Montgomeri\u0173 \u0161eimos vyriausiasis s\u016bnus Geivinas veda turting\u0105 paveld\u0117toj\u0105 D\u017eudit\u0105","og_url":"https:\/\/skaitytaknyga.lt\/en\/produktas\/aksomine-priesaika\/","og_site_name":"Skaitytaknyga","article_publisher":"https:\/\/www.facebook.com\/skaitytaknyga\/","article_modified_time":"2026-01-28T19:45:41+00:00","og_image":[{"width":300,"height":491,"url":"https:\/\/skaitytaknyga.lt\/wp-content\/uploads\/2026\/01\/Aksomine-priesaika-1.webp","type":"image\/webp"}],"twitter_card":"summary_large_image","twitter_misc":{"Estimated reading time":"1 minute"},"schema":{"@context":"https:\/\/schema.org","@graph":[{"@type":"WebPage","@id":"https:\/\/skaitytaknyga.lt\/produktas\/aksomine-priesaika\/","url":"https:\/\/skaitytaknyga.lt\/produktas\/aksomine-priesaika\/","name":"Aksomin\u0117 priesaika","isPartOf":{"@id":"https:\/\/skaitytaknyga.lt\/#website"},"primaryImageOfPage":{"@id":"https:\/\/skaitytaknyga.lt\/produktas\/aksomine-priesaika\/#primaryimage"},"image":{"@id":"https:\/\/skaitytaknyga.lt\/produktas\/aksomine-priesaika\/#primaryimage"},"thumbnailUrl":"https:\/\/skaitytaknyga.lt\/wp-content\/uploads\/2026\/01\/Aksomine-priesaika-1.webp","datePublished":"2026-01-28T09:40:37+00:00","dateModified":"2026-01-28T19:45:41+00:00","description":"Visa Anglija d\u017eiugiai nusiteikusi laukia pikanti\u0161ko \u012fvykio \u2013 garsios Montgomeri\u0173 \u0161eimos vyriausiasis s\u016bnus Geivinas veda turting\u0105 paveld\u0117toj\u0105 D\u017eudit\u0105","breadcrumb":{"@id":"https:\/\/skaitytaknyga.lt\/produktas\/aksomine-priesaika\/#breadcrumb"},"inLanguage":"en-GB","potentialAction":[{"@type":"ReadAction","target":["https:\/\/skaitytaknyga.lt\/produktas\/aksomine-priesaika\/"]}]},{"@type":"ImageObject","inLanguage":"en-GB","@id":"https:\/\/skaitytaknyga.lt\/produktas\/aksomine-priesaika\/#primaryimage","url":"https:\/\/skaitytaknyga.lt\/wp-content\/uploads\/2026\/01\/Aksomine-priesaika-1.webp","contentUrl":"https:\/\/skaitytaknyga.lt\/wp-content\/uploads\/2026\/01\/Aksomine-priesaika-1.webp","width":300,"height":491,"caption":"Aksomin\u0117 priesaika"},{"@type":"BreadcrumbList","@id":"https:\/\/skaitytaknyga.lt\/produktas\/aksomine-priesaika\/#breadcrumb","itemListElement":[{"@type":"ListItem","position":1,"name":"Home","item":"https:\/\/skaitytaknyga.lt\/"},{"@type":"ListItem","position":2,"name":"Parduotuv\u0117","item":"https:\/\/skaitytaknyga.lt\/knygu-parduotuve\/"},{"@type":"ListItem","position":3,"name":"Aksomin\u0117 priesaika"}]},{"@type":"WebSite","@id":"https:\/\/skaitytaknyga.lt\/#website","url":"https:\/\/skaitytaknyga.lt\/","name":"skaitytaknyga.lt","description":"Skaitytaknyga.lt \u2013 tai ma\u017eas \u0161eimos verslas, kuris prasid\u0117jo nuo meil\u0117s knygoms ir siekio i\u0161gelb\u0117ti knygas nuo likimo prie konteinerio. Kas vienam nereikalingas daiktas \u2013 kitam lobis, o mes esame tarpininkai, kurie padeda abiems tapti laimingesniems ???? \u017dinome kaip nelengva i\u0161gyventi ma\u017eiems verslams, tad nuo \u0161iol, \u010dia rasite ir kit\u0173, ma\u017e\u0173 \u0161eim\u0173 versl\u0173, rank\u0173 darbo, dovan\u0173 sau ir artimiesiems.","publisher":{"@id":"https:\/\/skaitytaknyga.lt\/#organization"},"potentialAction":[{"@type":"SearchAction","target":{"@type":"EntryPoint","urlTemplate":"https:\/\/skaitytaknyga.lt\/?s={search_term_string}"},"query-input":{"@type":"PropertyValueSpecification","valueRequired":true,"valueName":"search_term_string"}}],"inLanguage":"en-GB"},{"@type":"Organization","@id":"https:\/\/skaitytaknyga.lt\/#organization","name":"skaitytaknyga.lt","url":"https:\/\/skaitytaknyga.lt\/","logo":{"@type":"ImageObject","inLanguage":"en-GB","@id":"https:\/\/skaitytaknyga.lt\/#\/schema\/logo\/image\/","url":"https:\/\/skaitytaknyga.lt\/wp-content\/uploads\/2024\/05\/cropped-cropped-cropped-02_00843_jt3bggkj1j3HLc7SyY6rEUpg.jpeg","contentUrl":"https:\/\/skaitytaknyga.lt\/wp-content\/uploads\/2024\/05\/cropped-cropped-cropped-02_00843_jt3bggkj1j3HLc7SyY6rEUpg.jpeg","width":1600,"height":1600,"caption":"skaitytaknyga.lt"},"image":{"@id":"https:\/\/skaitytaknyga.lt\/#\/schema\/logo\/image\/"},"sameAs":["https:\/\/www.facebook.com\/skaitytaknyga\/"]}]}},"_links":{"self":[{"href":"https:\/\/skaitytaknyga.lt\/en\/wp-json\/wp\/v2\/product\/22747","targetHints":{"allow":["GET"]}}],"collection":[{"href":"https:\/\/skaitytaknyga.lt\/en\/wp-json\/wp\/v2\/product"}],"about":[{"href":"https:\/\/skaitytaknyga.lt\/en\/wp-json\/wp\/v2\/types\/product"}],"replies":[{"embeddable":true,"href":"https:\/\/skaitytaknyga.lt\/en\/wp-json\/wp\/v2\/comments?post=22747"}],"wp:featuredmedia":[{"embeddable":true,"href":"https:\/\/skaitytaknyga.lt\/en\/wp-json\/wp\/v2\/media\/22752"}],"wp:attachment":[{"href":"https:\/\/skaitytaknyga.lt\/en\/wp-json\/wp\/v2\/media?parent=22747"}],"wp:term":[{"taxonomy":"product_brand","embeddable":true,"href":"https:\/\/skaitytaknyga.lt\/en\/wp-json\/wp\/v2\/product_brand?post=22747"},{"taxonomy":"product_cat","embeddable":true,"href":"https:\/\/skaitytaknyga.lt\/en\/wp-json\/wp\/v2\/product_cat?post=22747"},{"taxonomy":"product_tag","embeddable":true,"href":"https:\/\/skaitytaknyga.lt\/en\/wp-json\/wp\/v2\/product_tag?post=22747"}],"curies":[{"name":"wp","href":"https:\/\/api.w.org\/{rel}","templated":true}]}}