{"id":22746,"date":"2026-01-28T11:40:37","date_gmt":"2026-01-28T09:40:37","guid":{"rendered":"https:\/\/skaitytaknyga.lt\/?post_type=product&#038;p=22746"},"modified":"2026-03-18T14:57:11","modified_gmt":"2026-03-18T12:57:11","slug":"eva-braun-gyvenimas-su-hitleriu","status":"publish","type":"product","link":"https:\/\/skaitytaknyga.lt\/en\/produktas\/eva-braun-gyvenimas-su-hitleriu\/","title":{"rendered":"Eva Braun: Gyvenimas su Hitleriu."},"content":{"rendered":"<p>Geriausia ir i\u0161samiausia \u201eslaptos&#8221; Hitlerio meilu\u017e\u0117s Evos Braun gyvenimo istorija, i\u0161versta \u012f daugel\u012f kalb\u0173 ir sulaukusi nema\u017eai kontroversi\u0161k\u0173 atsiliepim\u0173.<\/p>\n<p>Heike G\u00f6rtemaker, \u017eymi vokie\u010di\u0173 istorik\u0117, remdamasi gausiais \u0161altiniais ir gyv\u0173 liudinink\u0173 pasakojimais, meistri\u0161kai pie\u0161ia nacionalsocialist\u0173 valdomos Vokietijos paveiksl\u0105, kuriame savo viet\u0105 turi ne tik pagrindin\u0117 veik\u0117ja Eva Braun, bet ir mylimasis Hit\u00adleris, Braun\u0173 \u0161eimos nariai, artimiausia fiurerio aplinka \u2013 naci\u0173 vadai ir vadukai su \u017emonomis ir draug\u0117mis. Knygos autor\u0117 atskleid\u017eia nema\u017eai legend\u0173 ir mit\u0173, skland\u017eiusi\u0173 XX am\u017eiuje ir tebesklandan\u010di\u0173 m\u016bs\u0173 dienomis, sumaniai praveria u\u017euolaid\u0105, kuri sl\u0117p\u0117 asmenin\u012f, intym\u0173 diktatoriaus gyvenim\u0105.<\/p>\n<p>Nacionalsocialist\u0173 propaganda nuolatos skelb\u0117, kad am\u017eina ir tikroji fiurerio sutuoktin\u0117 yra Vokietija. Tai, kad didysis tautos vadas ilgus metus tur\u0117jo meilu\u017e\u0119, negal\u0117jo sugriauti sumaniai kurtomito. Adolfo Hitlerio draug\u0117 netur\u0117jo pasirodyti vie\u0161ai, jos egzistavimas buvo neigiamas iki paskutin\u0117s Tre\u010diojo reicho gyvavimo dienos, iki j\u0173dviej\u0173 vedyb\u0173 ir savi\u017eudyb\u0117s 1945-\u0173j\u0173 baland\u017eio 30-\u0105j\u0105. Kokia i\u0161 ties\u0173 buvo Eva Braun, koki\u0173 tiksl\u0173 siek\u0117 stov\u0117dama fiurerio \u0161e\u0161\u0117lyje? Ar suvok\u0117 re\u017eimo propaguojam\u0105 ideologij\u0105 ir tai, kad meilu\u017eis \u2013 baisiausias diktatorius \u017emonijos istorijoje? \u012e \u0161iuos ir pana\u0161ius klausimus Heike G\u00f6rtemaker stengiasi atsakyti ir, beje, jai tai neabejotinai pavyksta.<\/p>\n","protected":false},"excerpt":{"rendered":"<p>Geriausia ir i\u0161samiausia \u201eslaptos&#8221; Hitlerio meilu\u017e\u0117s Evos Braun gyvenimo istorija, i\u0161versta \u012f daugel\u012f kalb\u0173 ir sulaukusi nema\u017eai kontroversi\u0161k\u0173 atsiliepim\u0173. Heike G\u00f6rtemaker, \u017eymi vokie\u010di\u0173 istorik\u0117, remdamasi gausiais \u0161altiniais ir gyv\u0173 liudinink\u0173 pasakojimais, meistri\u0161kai pie\u0161ia nacionalsocialist\u0173 valdomos Vokietijos paveiksl\u0105, kuriame savo viet\u0105 turi ne tik pagrindin\u0117 veik\u0117ja Eva Braun, bet ir mylimasis Hit\u00adleris, Braun\u0173 \u0161eimos nariai, artimiausia fiurerio aplinka \u2013 naci\u0173 vadai ir vadukai su \u017emonomis ir draug\u0117mis. Knygos autor\u0117 atskleid\u017eia nema\u017eai legend\u0173 ir mit\u0173, skland\u017eiusi\u0173 XX am\u017eiuje ir tebesklandan\u010di\u0173 m\u016bs\u0173 dienomis, sumaniai praveria u\u017euolaid\u0105, kuri sl\u0117p\u0117 asmenin\u012f, intym\u0173 diktatoriaus gyvenim\u0105. Nacionalsocialist\u0173 propaganda nuolatos skelb\u0117, kad am\u017eina ir tikroji fiurerio sutuoktin\u0117 yra Vokietija. Tai, kad didysis tautos vadas ilgus metus tur\u0117jo meilu\u017e\u0119, negal\u0117jo sugriauti sumaniai kurtomito. Adolfo Hitlerio draug\u0117 netur\u0117jo pasirodyti vie\u0161ai, jos egzistavimas buvo neigiamas iki paskutin\u0117s Tre\u010diojo reicho gyvavimo dienos, iki j\u0173dviej\u0173 vedyb\u0173 ir savi\u017eudyb\u0117s 1945-\u0173j\u0173 baland\u017eio 30-\u0105j\u0105. Kokia i\u0161 ties\u0173 buvo Eva Braun, koki\u0173 tiksl\u0173 siek\u0117 stov\u0117dama fiurerio \u0161e\u0161\u0117lyje? Ar suvok\u0117 re\u017eimo propaguojam\u0105 ideologij\u0105 ir tai, kad meilu\u017eis \u2013 baisiausias diktatorius \u017emonijos istorijoje? \u012e \u0161iuos ir pana\u0161ius klausimus Heike G\u00f6rtemaker stengiasi atsakyti ir, beje, jai tai neabejotinai pavyksta.<\/p>\n","protected":false},"featured_media":22751,"comment_status":"open","ping_status":"closed","template":"","meta":{"_acf_changed":false,"site-sidebar-layout":"default","site-content-layout":"","ast-site-content-layout":"default","site-content-style":"default","site-sidebar-style":"default","ast-global-header-display":"","ast-banner-title-visibility":"","ast-main-header-display":"","ast-hfb-above-header-display":"","ast-hfb-below-header-display":"","ast-hfb-mobile-header-display":"","site-post-title":"","ast-breadcrumbs-content":"","ast-featured-img":"","footer-sml-layout":"","ast-disable-related-posts":"","theme-transparent-header-meta":"","adv-header-id-meta":"","stick-header-meta":"","header-above-stick-meta":"","header-main-stick-meta":"","header-below-stick-meta":"","astra-migrate-meta-layouts":"default","ast-page-background-enabled":"default","ast-page-background-meta":{"desktop":{"background-color":"","background-image":"","background-repeat":"repeat","background-position":"center center","background-size":"auto","background-attachment":"scroll","background-type":"","background-media":"","overlay-type":"","overlay-color":"","overlay-opacity":"","overlay-gradient":""},"tablet":{"background-color":"","background-image":"","background-repeat":"repeat","background-position":"center center","background-size":"auto","background-attachment":"scroll","background-type":"","background-media":"","overlay-type":"","overlay-color":"","overlay-opacity":"","overlay-gradient":""},"mobile":{"background-color":"","background-image":"","background-repeat":"repeat","background-position":"center center","background-size":"auto","background-attachment":"scroll","background-type":"","background-media":"","overlay-type":"","overlay-color":"","overlay-opacity":"","overlay-gradient":""}},"ast-content-background-meta":{"desktop":{"background-color":"var(--ast-global-color-4)","background-image":"","background-repeat":"repeat","background-position":"center center","background-size":"auto","background-attachment":"scroll","background-type":"","background-media":"","overlay-type":"","overlay-color":"","overlay-opacity":"","overlay-gradient":""},"tablet":{"background-color":"var(--ast-global-color-4)","background-image":"","background-repeat":"repeat","background-position":"center center","background-size":"auto","background-attachment":"scroll","background-type":"","background-media":"","overlay-type":"","overlay-color":"","overlay-opacity":"","overlay-gradient":""},"mobile":{"background-color":"var(--ast-global-color-4)","background-image":"","background-repeat":"repeat","background-position":"center center","background-size":"auto","background-attachment":"scroll","background-type":"","background-media":"","overlay-type":"","overlay-color":"","overlay-opacity":"","overlay-gradient":""}}},"product_brand":[],"product_cat":[9864,33,174],"product_tag":[1095,9263,9262,9261],"class_list":{"0":"post-22746","1":"product","2":"type-product","3":"status-publish","4":"has-post-thumbnail","6":"product_cat-karo-istorija","7":"product_cat-biografijos","8":"product_cat-istorija-ir-politologija","9":"product_tag-antrasis-pasaulinis-karas","10":"product_tag-eva-braun","11":"product_tag-heike-gortemaker","12":"product_tag-nacizmas","13":"desktop-align-left","14":"tablet-align-left","15":"mobile-align-left","17":"first","18":"instock","19":"shipping-taxable","20":"purchasable","21":"product-type-simple"},"acf":[],"yoast_head":"<!-- This site is optimized with the Yoast SEO plugin v27.0 - https:\/\/yoast.com\/product\/yoast-seo-wordpress\/ -->\n<title>Eva Braun: Gyvenimas su Hitleriu.<\/title>\n<meta name=\"description\" content=\"Geriausia ir i\u0161samiausia \u201eslaptos&quot; Hitlerio meilu\u017e\u0117s Evos Braun gyvenimo istorija, i\u0161versta \u012f daugel\u012f kalb\u0173 ir sulaukusi nema\u017eai kontroversi\u0161k\u0173\" \/>\n<meta name=\"robots\" content=\"index, follow, max-snippet:-1, max-image-preview:large, max-video-preview:-1\" \/>\n<link rel=\"canonical\" href=\"https:\/\/skaitytaknyga.lt\/en\/produktas\/eva-braun-gyvenimas-su-hitleriu\/\" \/>\n<meta property=\"og:locale\" content=\"en_GB\" \/>\n<meta property=\"og:locale:alternate\" content=\"lt_LT\" \/>\n<meta property=\"og:type\" content=\"article\" \/>\n<meta property=\"og:title\" content=\"Eva Braun: Gyvenimas su Hitleriu.\" \/>\n<meta property=\"og:description\" content=\"Geriausia ir i\u0161samiausia \u201eslaptos&quot; Hitlerio meilu\u017e\u0117s Evos Braun gyvenimo istorija, i\u0161versta \u012f daugel\u012f kalb\u0173 ir sulaukusi nema\u017eai kontroversi\u0161k\u0173\" \/>\n<meta property=\"og:url\" content=\"https:\/\/skaitytaknyga.lt\/en\/produktas\/eva-braun-gyvenimas-su-hitleriu\/\" \/>\n<meta property=\"og:site_name\" content=\"Skaitytaknyga\" \/>\n<meta property=\"article:publisher\" content=\"https:\/\/www.facebook.com\/skaitytaknyga\/\" \/>\n<meta property=\"article:modified_time\" content=\"2026-03-18T12:57:11+00:00\" \/>\n<meta property=\"og:image\" content=\"https:\/\/skaitytaknyga.lt\/wp-content\/uploads\/2026\/01\/Eva-Braun-gyvenimas-su-Hitleriu-1.webp\" \/>\n\t<meta property=\"og:image:width\" content=\"300\" \/>\n\t<meta property=\"og:image:height\" content=\"449\" \/>\n\t<meta property=\"og:image:type\" content=\"image\/webp\" \/>\n<meta name=\"twitter:card\" content=\"summary_large_image\" \/>\n<meta name=\"twitter:label1\" content=\"Estimated reading time\" \/>\n\t<meta name=\"twitter:data1\" content=\"1 minute\" \/>\n<script type=\"application\/ld+json\" class=\"yoast-schema-graph\">{\"@context\":\"https:\/\/schema.org\",\"@graph\":[{\"@type\":\"WebPage\",\"@id\":\"https:\/\/skaitytaknyga.lt\/produktas\/eva-braun-gyvenimas-su-hitleriu\/\",\"url\":\"https:\/\/skaitytaknyga.lt\/produktas\/eva-braun-gyvenimas-su-hitleriu\/\",\"name\":\"Eva Braun: Gyvenimas su Hitleriu.\",\"isPartOf\":{\"@id\":\"https:\/\/skaitytaknyga.lt\/#website\"},\"primaryImageOfPage\":{\"@id\":\"https:\/\/skaitytaknyga.lt\/produktas\/eva-braun-gyvenimas-su-hitleriu\/#primaryimage\"},\"image\":{\"@id\":\"https:\/\/skaitytaknyga.lt\/produktas\/eva-braun-gyvenimas-su-hitleriu\/#primaryimage\"},\"thumbnailUrl\":\"https:\/\/skaitytaknyga.lt\/wp-content\/uploads\/2026\/01\/Eva-Braun-gyvenimas-su-Hitleriu-1.webp\",\"datePublished\":\"2026-01-28T09:40:37+00:00\",\"dateModified\":\"2026-03-18T12:57:11+00:00\",\"description\":\"Geriausia ir i\u0161samiausia \u201eslaptos\\\" Hitlerio meilu\u017e\u0117s Evos Braun gyvenimo istorija, i\u0161versta \u012f daugel\u012f kalb\u0173 ir sulaukusi nema\u017eai kontroversi\u0161k\u0173\",\"breadcrumb\":{\"@id\":\"https:\/\/skaitytaknyga.lt\/produktas\/eva-braun-gyvenimas-su-hitleriu\/#breadcrumb\"},\"inLanguage\":\"en-GB\",\"potentialAction\":[{\"@type\":\"ReadAction\",\"target\":[\"https:\/\/skaitytaknyga.lt\/produktas\/eva-braun-gyvenimas-su-hitleriu\/\"]}]},{\"@type\":\"ImageObject\",\"inLanguage\":\"en-GB\",\"@id\":\"https:\/\/skaitytaknyga.lt\/produktas\/eva-braun-gyvenimas-su-hitleriu\/#primaryimage\",\"url\":\"https:\/\/skaitytaknyga.lt\/wp-content\/uploads\/2026\/01\/Eva-Braun-gyvenimas-su-Hitleriu-1.webp\",\"contentUrl\":\"https:\/\/skaitytaknyga.lt\/wp-content\/uploads\/2026\/01\/Eva-Braun-gyvenimas-su-Hitleriu-1.webp\",\"width\":300,\"height\":449},{\"@type\":\"BreadcrumbList\",\"@id\":\"https:\/\/skaitytaknyga.lt\/produktas\/eva-braun-gyvenimas-su-hitleriu\/#breadcrumb\",\"itemListElement\":[{\"@type\":\"ListItem\",\"position\":1,\"name\":\"Home\",\"item\":\"https:\/\/skaitytaknyga.lt\/\"},{\"@type\":\"ListItem\",\"position\":2,\"name\":\"Parduotuv\u0117\",\"item\":\"https:\/\/skaitytaknyga.lt\/knygu-parduotuve\/\"},{\"@type\":\"ListItem\",\"position\":3,\"name\":\"Eva Braun: Gyvenimas su Hitleriu.\"}]},{\"@type\":\"WebSite\",\"@id\":\"https:\/\/skaitytaknyga.lt\/#website\",\"url\":\"https:\/\/skaitytaknyga.lt\/\",\"name\":\"skaitytaknyga.lt\",\"description\":\"Skaitytaknyga.lt \u2013 tai ma\u017eas \u0161eimos verslas, kuris prasid\u0117jo nuo meil\u0117s knygoms ir siekio i\u0161gelb\u0117ti knygas nuo likimo prie konteinerio. Kas vienam nereikalingas daiktas \u2013 kitam lobis, o mes esame tarpininkai, kurie padeda abiems tapti laimingesniems ???? \u017dinome kaip nelengva i\u0161gyventi ma\u017eiems verslams, tad nuo \u0161iol, \u010dia rasite ir kit\u0173, ma\u017e\u0173 \u0161eim\u0173 versl\u0173, rank\u0173 darbo, dovan\u0173 sau ir artimiesiems.\",\"publisher\":{\"@id\":\"https:\/\/skaitytaknyga.lt\/#organization\"},\"potentialAction\":[{\"@type\":\"SearchAction\",\"target\":{\"@type\":\"EntryPoint\",\"urlTemplate\":\"https:\/\/skaitytaknyga.lt\/?s={search_term_string}\"},\"query-input\":{\"@type\":\"PropertyValueSpecification\",\"valueRequired\":true,\"valueName\":\"search_term_string\"}}],\"inLanguage\":\"en-GB\"},{\"@type\":\"Organization\",\"@id\":\"https:\/\/skaitytaknyga.lt\/#organization\",\"name\":\"skaitytaknyga.lt\",\"url\":\"https:\/\/skaitytaknyga.lt\/\",\"logo\":{\"@type\":\"ImageObject\",\"inLanguage\":\"en-GB\",\"@id\":\"https:\/\/skaitytaknyga.lt\/#\/schema\/logo\/image\/\",\"url\":\"https:\/\/skaitytaknyga.lt\/wp-content\/uploads\/2024\/05\/cropped-cropped-cropped-02_00843_jt3bggkj1j3HLc7SyY6rEUpg.jpeg\",\"contentUrl\":\"https:\/\/skaitytaknyga.lt\/wp-content\/uploads\/2024\/05\/cropped-cropped-cropped-02_00843_jt3bggkj1j3HLc7SyY6rEUpg.jpeg\",\"width\":1600,\"height\":1600,\"caption\":\"skaitytaknyga.lt\"},\"image\":{\"@id\":\"https:\/\/skaitytaknyga.lt\/#\/schema\/logo\/image\/\"},\"sameAs\":[\"https:\/\/www.facebook.com\/skaitytaknyga\/\"]}]}<\/script>\n<!-- \/ Yoast SEO plugin. -->","yoast_head_json":{"title":"Eva Braun: Gyvenimas su Hitleriu.","description":"Geriausia ir i\u0161samiausia \u201eslaptos\" Hitlerio meilu\u017e\u0117s Evos Braun gyvenimo istorija, i\u0161versta \u012f daugel\u012f kalb\u0173 ir sulaukusi nema\u017eai kontroversi\u0161k\u0173","robots":{"index":"index","follow":"follow","max-snippet":"max-snippet:-1","max-image-preview":"max-image-preview:large","max-video-preview":"max-video-preview:-1"},"canonical":"https:\/\/skaitytaknyga.lt\/en\/produktas\/eva-braun-gyvenimas-su-hitleriu\/","og_locale":"en_GB","og_type":"article","og_title":"[:lt]Eva Braun: Gyvenimas su Hitleriu.[:] - Skaitytaknyga","og_description":"Geriausia ir i\u0161samiausia \u201eslaptos\" Hitlerio meilu\u017e\u0117s Evos Braun gyvenimo istorija, i\u0161versta \u012f daugel\u012f kalb\u0173 ir sulaukusi nema\u017eai kontroversi\u0161k\u0173","og_url":"https:\/\/skaitytaknyga.lt\/en\/produktas\/eva-braun-gyvenimas-su-hitleriu\/","og_site_name":"Skaitytaknyga","article_publisher":"https:\/\/www.facebook.com\/skaitytaknyga\/","article_modified_time":"2026-03-18T12:57:11+00:00","og_image":[{"width":300,"height":449,"url":"https:\/\/skaitytaknyga.lt\/wp-content\/uploads\/2026\/01\/Eva-Braun-gyvenimas-su-Hitleriu-1.webp","type":"image\/webp"}],"twitter_card":"summary_large_image","twitter_misc":{"Estimated reading time":"1 minute"},"schema":{"@context":"https:\/\/schema.org","@graph":[{"@type":"WebPage","@id":"https:\/\/skaitytaknyga.lt\/produktas\/eva-braun-gyvenimas-su-hitleriu\/","url":"https:\/\/skaitytaknyga.lt\/produktas\/eva-braun-gyvenimas-su-hitleriu\/","name":"Eva Braun: Gyvenimas su Hitleriu.","isPartOf":{"@id":"https:\/\/skaitytaknyga.lt\/#website"},"primaryImageOfPage":{"@id":"https:\/\/skaitytaknyga.lt\/produktas\/eva-braun-gyvenimas-su-hitleriu\/#primaryimage"},"image":{"@id":"https:\/\/skaitytaknyga.lt\/produktas\/eva-braun-gyvenimas-su-hitleriu\/#primaryimage"},"thumbnailUrl":"https:\/\/skaitytaknyga.lt\/wp-content\/uploads\/2026\/01\/Eva-Braun-gyvenimas-su-Hitleriu-1.webp","datePublished":"2026-01-28T09:40:37+00:00","dateModified":"2026-03-18T12:57:11+00:00","description":"Geriausia ir i\u0161samiausia \u201eslaptos\" Hitlerio meilu\u017e\u0117s Evos Braun gyvenimo istorija, i\u0161versta \u012f daugel\u012f kalb\u0173 ir sulaukusi nema\u017eai kontroversi\u0161k\u0173","breadcrumb":{"@id":"https:\/\/skaitytaknyga.lt\/produktas\/eva-braun-gyvenimas-su-hitleriu\/#breadcrumb"},"inLanguage":"en-GB","potentialAction":[{"@type":"ReadAction","target":["https:\/\/skaitytaknyga.lt\/produktas\/eva-braun-gyvenimas-su-hitleriu\/"]}]},{"@type":"ImageObject","inLanguage":"en-GB","@id":"https:\/\/skaitytaknyga.lt\/produktas\/eva-braun-gyvenimas-su-hitleriu\/#primaryimage","url":"https:\/\/skaitytaknyga.lt\/wp-content\/uploads\/2026\/01\/Eva-Braun-gyvenimas-su-Hitleriu-1.webp","contentUrl":"https:\/\/skaitytaknyga.lt\/wp-content\/uploads\/2026\/01\/Eva-Braun-gyvenimas-su-Hitleriu-1.webp","width":300,"height":449},{"@type":"BreadcrumbList","@id":"https:\/\/skaitytaknyga.lt\/produktas\/eva-braun-gyvenimas-su-hitleriu\/#breadcrumb","itemListElement":[{"@type":"ListItem","position":1,"name":"Home","item":"https:\/\/skaitytaknyga.lt\/"},{"@type":"ListItem","position":2,"name":"Parduotuv\u0117","item":"https:\/\/skaitytaknyga.lt\/knygu-parduotuve\/"},{"@type":"ListItem","position":3,"name":"Eva Braun: Gyvenimas su Hitleriu."}]},{"@type":"WebSite","@id":"https:\/\/skaitytaknyga.lt\/#website","url":"https:\/\/skaitytaknyga.lt\/","name":"skaitytaknyga.lt","description":"Skaitytaknyga.lt \u2013 tai ma\u017eas \u0161eimos verslas, kuris prasid\u0117jo nuo meil\u0117s knygoms ir siekio i\u0161gelb\u0117ti knygas nuo likimo prie konteinerio. Kas vienam nereikalingas daiktas \u2013 kitam lobis, o mes esame tarpininkai, kurie padeda abiems tapti laimingesniems ???? \u017dinome kaip nelengva i\u0161gyventi ma\u017eiems verslams, tad nuo \u0161iol, \u010dia rasite ir kit\u0173, ma\u017e\u0173 \u0161eim\u0173 versl\u0173, rank\u0173 darbo, dovan\u0173 sau ir artimiesiems.","publisher":{"@id":"https:\/\/skaitytaknyga.lt\/#organization"},"potentialAction":[{"@type":"SearchAction","target":{"@type":"EntryPoint","urlTemplate":"https:\/\/skaitytaknyga.lt\/?s={search_term_string}"},"query-input":{"@type":"PropertyValueSpecification","valueRequired":true,"valueName":"search_term_string"}}],"inLanguage":"en-GB"},{"@type":"Organization","@id":"https:\/\/skaitytaknyga.lt\/#organization","name":"skaitytaknyga.lt","url":"https:\/\/skaitytaknyga.lt\/","logo":{"@type":"ImageObject","inLanguage":"en-GB","@id":"https:\/\/skaitytaknyga.lt\/#\/schema\/logo\/image\/","url":"https:\/\/skaitytaknyga.lt\/wp-content\/uploads\/2024\/05\/cropped-cropped-cropped-02_00843_jt3bggkj1j3HLc7SyY6rEUpg.jpeg","contentUrl":"https:\/\/skaitytaknyga.lt\/wp-content\/uploads\/2024\/05\/cropped-cropped-cropped-02_00843_jt3bggkj1j3HLc7SyY6rEUpg.jpeg","width":1600,"height":1600,"caption":"skaitytaknyga.lt"},"image":{"@id":"https:\/\/skaitytaknyga.lt\/#\/schema\/logo\/image\/"},"sameAs":["https:\/\/www.facebook.com\/skaitytaknyga\/"]}]}},"_links":{"self":[{"href":"https:\/\/skaitytaknyga.lt\/en\/wp-json\/wp\/v2\/product\/22746","targetHints":{"allow":["GET"]}}],"collection":[{"href":"https:\/\/skaitytaknyga.lt\/en\/wp-json\/wp\/v2\/product"}],"about":[{"href":"https:\/\/skaitytaknyga.lt\/en\/wp-json\/wp\/v2\/types\/product"}],"replies":[{"embeddable":true,"href":"https:\/\/skaitytaknyga.lt\/en\/wp-json\/wp\/v2\/comments?post=22746"}],"wp:featuredmedia":[{"embeddable":true,"href":"https:\/\/skaitytaknyga.lt\/en\/wp-json\/wp\/v2\/media\/22751"}],"wp:attachment":[{"href":"https:\/\/skaitytaknyga.lt\/en\/wp-json\/wp\/v2\/media?parent=22746"}],"wp:term":[{"taxonomy":"product_brand","embeddable":true,"href":"https:\/\/skaitytaknyga.lt\/en\/wp-json\/wp\/v2\/product_brand?post=22746"},{"taxonomy":"product_cat","embeddable":true,"href":"https:\/\/skaitytaknyga.lt\/en\/wp-json\/wp\/v2\/product_cat?post=22746"},{"taxonomy":"product_tag","embeddable":true,"href":"https:\/\/skaitytaknyga.lt\/en\/wp-json\/wp\/v2\/product_tag?post=22746"}],"curies":[{"name":"wp","href":"https:\/\/api.w.org\/{rel}","templated":true}]}}