{"id":22745,"date":"2026-01-28T11:40:36","date_gmt":"2026-01-28T09:40:36","guid":{"rendered":"https:\/\/skaitytaknyga.lt\/?post_type=product&#038;p=22745"},"modified":"2026-01-30T12:13:41","modified_gmt":"2026-01-30T10:13:41","slug":"priekalniu-aksomas","status":"publish","type":"product","link":"https:\/\/skaitytaknyga.lt\/en\/produktas\/priekalniu-aksomas\/","title":{"rendered":"Priekalni\u0173 aksomas"},"content":{"rendered":"<p>Siekdamas sutaikyti anglus ir \u0161kotus, karalius Henrikas nusprend\u017eia sutuokti garsios Anglijoje \u0161eimos nar\u012f Stiven\u0105 Montgomer\u012f su \u0160kotijoje \u012ftakingo klano vade Bronvina Makaran. Prisiklaus\u0119s bjauri\u0173 paskal\u0173 apie b\u016bsim\u0105j\u0105 \u017emon\u0105, Stivenas neskuba \u012f savo vestuves, ta\u010diau atvyk\u0119s randa jo laukian\u010di\u0105 dievi\u0161ko gro\u017eio jaunut\u0119 mergin\u0105.<\/p>\n<p>Jaunuolis, i\u0161 karto pamil\u0119s nuotak\u0105, i\u0161 laim\u0117s pameta galv\u0105. Ta\u010diau ar \u0161kot\u0117 gali b\u016bti laiminga i\u0161tek\u0117jusi u\u017e anglo, net jei jis beproti\u0161kai gra\u017eus ir neapsakomai meilus? Nebent&#8230; Montgomeris d\u0117v\u0117t\u0173 \u0161koti\u0161kus drabu\u017eius, kovot\u0173 \u0161kot\u0173 pus\u0117je prie\u0161 anglus ir apskritai tapt\u0173 \u0161kotu!<\/p>\n","protected":false},"excerpt":{"rendered":"<p>Siekdamas sutaikyti anglus ir \u0161kotus, karalius Henrikas nusprend\u017eia sutuokti garsios Anglijoje \u0161eimos nar\u012f Stiven\u0105 Montgomer\u012f su \u0160kotijoje \u012ftakingo klano vade Bronvina Makaran. Prisiklaus\u0119s bjauri\u0173 paskal\u0173 apie b\u016bsim\u0105j\u0105 \u017emon\u0105, Stivenas neskuba \u012f savo vestuves, ta\u010diau atvyk\u0119s randa jo laukian\u010di\u0105 dievi\u0161ko gro\u017eio jaunut\u0119 mergin\u0105. Jaunuolis, i\u0161 karto pamil\u0119s nuotak\u0105, i\u0161 laim\u0117s pameta galv\u0105. Ta\u010diau ar \u0161kot\u0117 gali b\u016bti laiminga i\u0161tek\u0117jusi u\u017e anglo, net jei jis beproti\u0161kai gra\u017eus ir neapsakomai meilus? Nebent&#8230; Montgomeris d\u0117v\u0117t\u0173 \u0161koti\u0161kus drabu\u017eius, kovot\u0173 \u0161kot\u0173 pus\u0117je prie\u0161 anglus ir apskritai tapt\u0173 \u0161kotu!<\/p>\n","protected":false},"featured_media":22750,"comment_status":"open","ping_status":"closed","template":"","meta":{"_acf_changed":false,"site-sidebar-layout":"default","site-content-layout":"","ast-site-content-layout":"default","site-content-style":"default","site-sidebar-style":"default","ast-global-header-display":"","ast-banner-title-visibility":"","ast-main-header-display":"","ast-hfb-above-header-display":"","ast-hfb-below-header-display":"","ast-hfb-mobile-header-display":"","site-post-title":"","ast-breadcrumbs-content":"","ast-featured-img":"","footer-sml-layout":"","ast-disable-related-posts":"","theme-transparent-header-meta":"","adv-header-id-meta":"","stick-header-meta":"","header-above-stick-meta":"","header-main-stick-meta":"","header-below-stick-meta":"","astra-migrate-meta-layouts":"default","ast-page-background-enabled":"default","ast-page-background-meta":{"desktop":{"background-color":"","background-image":"","background-repeat":"repeat","background-position":"center center","background-size":"auto","background-attachment":"scroll","background-type":"","background-media":"","overlay-type":"","overlay-color":"","overlay-opacity":"","overlay-gradient":""},"tablet":{"background-color":"","background-image":"","background-repeat":"repeat","background-position":"center center","background-size":"auto","background-attachment":"scroll","background-type":"","background-media":"","overlay-type":"","overlay-color":"","overlay-opacity":"","overlay-gradient":""},"mobile":{"background-color":"","background-image":"","background-repeat":"repeat","background-position":"center center","background-size":"auto","background-attachment":"scroll","background-type":"","background-media":"","overlay-type":"","overlay-color":"","overlay-opacity":"","overlay-gradient":""}},"ast-content-background-meta":{"desktop":{"background-color":"var(--ast-global-color-4)","background-image":"","background-repeat":"repeat","background-position":"center center","background-size":"auto","background-attachment":"scroll","background-type":"","background-media":"","overlay-type":"","overlay-color":"","overlay-opacity":"","overlay-gradient":""},"tablet":{"background-color":"var(--ast-global-color-4)","background-image":"","background-repeat":"repeat","background-position":"center center","background-size":"auto","background-attachment":"scroll","background-type":"","background-media":"","overlay-type":"","overlay-color":"","overlay-opacity":"","overlay-gradient":""},"mobile":{"background-color":"var(--ast-global-color-4)","background-image":"","background-repeat":"repeat","background-position":"center center","background-size":"auto","background-attachment":"scroll","background-type":"","background-media":"","overlay-type":"","overlay-color":"","overlay-opacity":"","overlay-gradient":""}}},"product_brand":[],"product_cat":[31],"product_tag":[9313],"class_list":{"0":"post-22745","1":"product","2":"type-product","3":"status-publish","4":"has-post-thumbnail","6":"product_cat-grozine-literatura","7":"product_tag-ltjude-deveraux","8":"desktop-align-left","9":"tablet-align-left","10":"mobile-align-left","12":"first","13":"instock","14":"shipping-taxable","15":"purchasable","16":"product-type-simple"},"acf":[],"yoast_head":"<!-- This site is optimized with the Yoast SEO plugin v27.0 - https:\/\/yoast.com\/product\/yoast-seo-wordpress\/ -->\n<title>Priekalni\u0173 aksomas<\/title>\n<meta name=\"description\" content=\"Siekdamas sutaikyti anglus ir \u0161kotus, karalius Henrikas nusprend\u017eia sutuokti garsios Anglijoje \u0161eimos nar\u012f Stiven\u0105 Montgomer\u012f su \u0160kotijoje \u012ftakingo klano\" \/>\n<meta name=\"robots\" content=\"index, follow, max-snippet:-1, max-image-preview:large, max-video-preview:-1\" \/>\n<link rel=\"canonical\" href=\"https:\/\/skaitytaknyga.lt\/en\/produktas\/priekalniu-aksomas\/\" \/>\n<meta property=\"og:locale\" content=\"en_GB\" \/>\n<meta property=\"og:locale:alternate\" content=\"lt_LT\" \/>\n<meta property=\"og:type\" content=\"article\" \/>\n<meta property=\"og:title\" content=\"Priekalni\u0173 aksomas\" \/>\n<meta property=\"og:description\" content=\"Siekdamas sutaikyti anglus ir \u0161kotus, karalius Henrikas nusprend\u017eia sutuokti garsios Anglijoje \u0161eimos nar\u012f Stiven\u0105 Montgomer\u012f su \u0160kotijoje \u012ftakingo klano\" \/>\n<meta property=\"og:url\" content=\"https:\/\/skaitytaknyga.lt\/en\/produktas\/priekalniu-aksomas\/\" \/>\n<meta property=\"og:site_name\" content=\"Skaitytaknyga\" \/>\n<meta property=\"article:publisher\" content=\"https:\/\/www.facebook.com\/skaitytaknyga\/\" \/>\n<meta property=\"article:modified_time\" content=\"2026-01-30T10:13:41+00:00\" \/>\n<meta property=\"og:image\" content=\"https:\/\/skaitytaknyga.lt\/wp-content\/uploads\/2026\/01\/Priekalniu-aksomas-1.webp\" \/>\n\t<meta property=\"og:image:width\" content=\"300\" \/>\n\t<meta property=\"og:image:height\" content=\"508\" \/>\n\t<meta property=\"og:image:type\" content=\"image\/webp\" \/>\n<meta name=\"twitter:card\" content=\"summary_large_image\" \/>\n<meta name=\"twitter:label1\" content=\"Estimated reading time\" \/>\n\t<meta name=\"twitter:data1\" content=\"1 minute\" \/>\n<script type=\"application\/ld+json\" class=\"yoast-schema-graph\">{\"@context\":\"https:\/\/schema.org\",\"@graph\":[{\"@type\":\"WebPage\",\"@id\":\"https:\/\/skaitytaknyga.lt\/produktas\/priekalniu-aksomas\/\",\"url\":\"https:\/\/skaitytaknyga.lt\/produktas\/priekalniu-aksomas\/\",\"name\":\"Priekalni\u0173 aksomas\",\"isPartOf\":{\"@id\":\"https:\/\/skaitytaknyga.lt\/#website\"},\"primaryImageOfPage\":{\"@id\":\"https:\/\/skaitytaknyga.lt\/produktas\/priekalniu-aksomas\/#primaryimage\"},\"image\":{\"@id\":\"https:\/\/skaitytaknyga.lt\/produktas\/priekalniu-aksomas\/#primaryimage\"},\"thumbnailUrl\":\"https:\/\/skaitytaknyga.lt\/wp-content\/uploads\/2026\/01\/Priekalniu-aksomas-1.webp\",\"datePublished\":\"2026-01-28T09:40:36+00:00\",\"dateModified\":\"2026-01-30T10:13:41+00:00\",\"description\":\"Siekdamas sutaikyti anglus ir \u0161kotus, karalius Henrikas nusprend\u017eia sutuokti garsios Anglijoje \u0161eimos nar\u012f Stiven\u0105 Montgomer\u012f su \u0160kotijoje \u012ftakingo klano\",\"breadcrumb\":{\"@id\":\"https:\/\/skaitytaknyga.lt\/produktas\/priekalniu-aksomas\/#breadcrumb\"},\"inLanguage\":\"en-GB\",\"potentialAction\":[{\"@type\":\"ReadAction\",\"target\":[\"https:\/\/skaitytaknyga.lt\/produktas\/priekalniu-aksomas\/\"]}]},{\"@type\":\"ImageObject\",\"inLanguage\":\"en-GB\",\"@id\":\"https:\/\/skaitytaknyga.lt\/produktas\/priekalniu-aksomas\/#primaryimage\",\"url\":\"https:\/\/skaitytaknyga.lt\/wp-content\/uploads\/2026\/01\/Priekalniu-aksomas-1.webp\",\"contentUrl\":\"https:\/\/skaitytaknyga.lt\/wp-content\/uploads\/2026\/01\/Priekalniu-aksomas-1.webp\",\"width\":300,\"height\":508},{\"@type\":\"BreadcrumbList\",\"@id\":\"https:\/\/skaitytaknyga.lt\/produktas\/priekalniu-aksomas\/#breadcrumb\",\"itemListElement\":[{\"@type\":\"ListItem\",\"position\":1,\"name\":\"Home\",\"item\":\"https:\/\/skaitytaknyga.lt\/\"},{\"@type\":\"ListItem\",\"position\":2,\"name\":\"Parduotuv\u0117\",\"item\":\"https:\/\/skaitytaknyga.lt\/knygu-parduotuve\/\"},{\"@type\":\"ListItem\",\"position\":3,\"name\":\"Priekalni\u0173 aksomas\"}]},{\"@type\":\"WebSite\",\"@id\":\"https:\/\/skaitytaknyga.lt\/#website\",\"url\":\"https:\/\/skaitytaknyga.lt\/\",\"name\":\"skaitytaknyga.lt\",\"description\":\"Skaitytaknyga.lt \u2013 tai ma\u017eas \u0161eimos verslas, kuris prasid\u0117jo nuo meil\u0117s knygoms ir siekio i\u0161gelb\u0117ti knygas nuo likimo prie konteinerio. Kas vienam nereikalingas daiktas \u2013 kitam lobis, o mes esame tarpininkai, kurie padeda abiems tapti laimingesniems ???? \u017dinome kaip nelengva i\u0161gyventi ma\u017eiems verslams, tad nuo \u0161iol, \u010dia rasite ir kit\u0173, ma\u017e\u0173 \u0161eim\u0173 versl\u0173, rank\u0173 darbo, dovan\u0173 sau ir artimiesiems.\",\"publisher\":{\"@id\":\"https:\/\/skaitytaknyga.lt\/#organization\"},\"potentialAction\":[{\"@type\":\"SearchAction\",\"target\":{\"@type\":\"EntryPoint\",\"urlTemplate\":\"https:\/\/skaitytaknyga.lt\/?s={search_term_string}\"},\"query-input\":{\"@type\":\"PropertyValueSpecification\",\"valueRequired\":true,\"valueName\":\"search_term_string\"}}],\"inLanguage\":\"en-GB\"},{\"@type\":\"Organization\",\"@id\":\"https:\/\/skaitytaknyga.lt\/#organization\",\"name\":\"skaitytaknyga.lt\",\"url\":\"https:\/\/skaitytaknyga.lt\/\",\"logo\":{\"@type\":\"ImageObject\",\"inLanguage\":\"en-GB\",\"@id\":\"https:\/\/skaitytaknyga.lt\/#\/schema\/logo\/image\/\",\"url\":\"https:\/\/skaitytaknyga.lt\/wp-content\/uploads\/2024\/05\/cropped-cropped-cropped-02_00843_jt3bggkj1j3HLc7SyY6rEUpg.jpeg\",\"contentUrl\":\"https:\/\/skaitytaknyga.lt\/wp-content\/uploads\/2024\/05\/cropped-cropped-cropped-02_00843_jt3bggkj1j3HLc7SyY6rEUpg.jpeg\",\"width\":1600,\"height\":1600,\"caption\":\"skaitytaknyga.lt\"},\"image\":{\"@id\":\"https:\/\/skaitytaknyga.lt\/#\/schema\/logo\/image\/\"},\"sameAs\":[\"https:\/\/www.facebook.com\/skaitytaknyga\/\"]}]}<\/script>\n<!-- \/ Yoast SEO plugin. -->","yoast_head_json":{"title":"Priekalni\u0173 aksomas","description":"Siekdamas sutaikyti anglus ir \u0161kotus, karalius Henrikas nusprend\u017eia sutuokti garsios Anglijoje \u0161eimos nar\u012f Stiven\u0105 Montgomer\u012f su \u0160kotijoje \u012ftakingo klano","robots":{"index":"index","follow":"follow","max-snippet":"max-snippet:-1","max-image-preview":"max-image-preview:large","max-video-preview":"max-video-preview:-1"},"canonical":"https:\/\/skaitytaknyga.lt\/en\/produktas\/priekalniu-aksomas\/","og_locale":"en_GB","og_type":"article","og_title":"[:lt]Priekalni\u0173 aksomas[:] - Skaitytaknyga","og_description":"Siekdamas sutaikyti anglus ir \u0161kotus, karalius Henrikas nusprend\u017eia sutuokti garsios Anglijoje \u0161eimos nar\u012f Stiven\u0105 Montgomer\u012f su \u0160kotijoje \u012ftakingo klano","og_url":"https:\/\/skaitytaknyga.lt\/en\/produktas\/priekalniu-aksomas\/","og_site_name":"Skaitytaknyga","article_publisher":"https:\/\/www.facebook.com\/skaitytaknyga\/","article_modified_time":"2026-01-30T10:13:41+00:00","og_image":[{"width":300,"height":508,"url":"https:\/\/skaitytaknyga.lt\/wp-content\/uploads\/2026\/01\/Priekalniu-aksomas-1.webp","type":"image\/webp"}],"twitter_card":"summary_large_image","twitter_misc":{"Estimated reading time":"1 minute"},"schema":{"@context":"https:\/\/schema.org","@graph":[{"@type":"WebPage","@id":"https:\/\/skaitytaknyga.lt\/produktas\/priekalniu-aksomas\/","url":"https:\/\/skaitytaknyga.lt\/produktas\/priekalniu-aksomas\/","name":"Priekalni\u0173 aksomas","isPartOf":{"@id":"https:\/\/skaitytaknyga.lt\/#website"},"primaryImageOfPage":{"@id":"https:\/\/skaitytaknyga.lt\/produktas\/priekalniu-aksomas\/#primaryimage"},"image":{"@id":"https:\/\/skaitytaknyga.lt\/produktas\/priekalniu-aksomas\/#primaryimage"},"thumbnailUrl":"https:\/\/skaitytaknyga.lt\/wp-content\/uploads\/2026\/01\/Priekalniu-aksomas-1.webp","datePublished":"2026-01-28T09:40:36+00:00","dateModified":"2026-01-30T10:13:41+00:00","description":"Siekdamas sutaikyti anglus ir \u0161kotus, karalius Henrikas nusprend\u017eia sutuokti garsios Anglijoje \u0161eimos nar\u012f Stiven\u0105 Montgomer\u012f su \u0160kotijoje \u012ftakingo klano","breadcrumb":{"@id":"https:\/\/skaitytaknyga.lt\/produktas\/priekalniu-aksomas\/#breadcrumb"},"inLanguage":"en-GB","potentialAction":[{"@type":"ReadAction","target":["https:\/\/skaitytaknyga.lt\/produktas\/priekalniu-aksomas\/"]}]},{"@type":"ImageObject","inLanguage":"en-GB","@id":"https:\/\/skaitytaknyga.lt\/produktas\/priekalniu-aksomas\/#primaryimage","url":"https:\/\/skaitytaknyga.lt\/wp-content\/uploads\/2026\/01\/Priekalniu-aksomas-1.webp","contentUrl":"https:\/\/skaitytaknyga.lt\/wp-content\/uploads\/2026\/01\/Priekalniu-aksomas-1.webp","width":300,"height":508},{"@type":"BreadcrumbList","@id":"https:\/\/skaitytaknyga.lt\/produktas\/priekalniu-aksomas\/#breadcrumb","itemListElement":[{"@type":"ListItem","position":1,"name":"Home","item":"https:\/\/skaitytaknyga.lt\/"},{"@type":"ListItem","position":2,"name":"Parduotuv\u0117","item":"https:\/\/skaitytaknyga.lt\/knygu-parduotuve\/"},{"@type":"ListItem","position":3,"name":"Priekalni\u0173 aksomas"}]},{"@type":"WebSite","@id":"https:\/\/skaitytaknyga.lt\/#website","url":"https:\/\/skaitytaknyga.lt\/","name":"skaitytaknyga.lt","description":"Skaitytaknyga.lt \u2013 tai ma\u017eas \u0161eimos verslas, kuris prasid\u0117jo nuo meil\u0117s knygoms ir siekio i\u0161gelb\u0117ti knygas nuo likimo prie konteinerio. Kas vienam nereikalingas daiktas \u2013 kitam lobis, o mes esame tarpininkai, kurie padeda abiems tapti laimingesniems ???? \u017dinome kaip nelengva i\u0161gyventi ma\u017eiems verslams, tad nuo \u0161iol, \u010dia rasite ir kit\u0173, ma\u017e\u0173 \u0161eim\u0173 versl\u0173, rank\u0173 darbo, dovan\u0173 sau ir artimiesiems.","publisher":{"@id":"https:\/\/skaitytaknyga.lt\/#organization"},"potentialAction":[{"@type":"SearchAction","target":{"@type":"EntryPoint","urlTemplate":"https:\/\/skaitytaknyga.lt\/?s={search_term_string}"},"query-input":{"@type":"PropertyValueSpecification","valueRequired":true,"valueName":"search_term_string"}}],"inLanguage":"en-GB"},{"@type":"Organization","@id":"https:\/\/skaitytaknyga.lt\/#organization","name":"skaitytaknyga.lt","url":"https:\/\/skaitytaknyga.lt\/","logo":{"@type":"ImageObject","inLanguage":"en-GB","@id":"https:\/\/skaitytaknyga.lt\/#\/schema\/logo\/image\/","url":"https:\/\/skaitytaknyga.lt\/wp-content\/uploads\/2024\/05\/cropped-cropped-cropped-02_00843_jt3bggkj1j3HLc7SyY6rEUpg.jpeg","contentUrl":"https:\/\/skaitytaknyga.lt\/wp-content\/uploads\/2024\/05\/cropped-cropped-cropped-02_00843_jt3bggkj1j3HLc7SyY6rEUpg.jpeg","width":1600,"height":1600,"caption":"skaitytaknyga.lt"},"image":{"@id":"https:\/\/skaitytaknyga.lt\/#\/schema\/logo\/image\/"},"sameAs":["https:\/\/www.facebook.com\/skaitytaknyga\/"]}]}},"_links":{"self":[{"href":"https:\/\/skaitytaknyga.lt\/en\/wp-json\/wp\/v2\/product\/22745","targetHints":{"allow":["GET"]}}],"collection":[{"href":"https:\/\/skaitytaknyga.lt\/en\/wp-json\/wp\/v2\/product"}],"about":[{"href":"https:\/\/skaitytaknyga.lt\/en\/wp-json\/wp\/v2\/types\/product"}],"replies":[{"embeddable":true,"href":"https:\/\/skaitytaknyga.lt\/en\/wp-json\/wp\/v2\/comments?post=22745"}],"wp:featuredmedia":[{"embeddable":true,"href":"https:\/\/skaitytaknyga.lt\/en\/wp-json\/wp\/v2\/media\/22750"}],"wp:attachment":[{"href":"https:\/\/skaitytaknyga.lt\/en\/wp-json\/wp\/v2\/media?parent=22745"}],"wp:term":[{"taxonomy":"product_brand","embeddable":true,"href":"https:\/\/skaitytaknyga.lt\/en\/wp-json\/wp\/v2\/product_brand?post=22745"},{"taxonomy":"product_cat","embeddable":true,"href":"https:\/\/skaitytaknyga.lt\/en\/wp-json\/wp\/v2\/product_cat?post=22745"},{"taxonomy":"product_tag","embeddable":true,"href":"https:\/\/skaitytaknyga.lt\/en\/wp-json\/wp\/v2\/product_tag?post=22745"}],"curies":[{"name":"wp","href":"https:\/\/api.w.org\/{rel}","templated":true}]}}