{"id":22743,"date":"2026-01-28T11:40:36","date_gmt":"2026-01-28T09:40:36","guid":{"rendered":"https:\/\/skaitytaknyga.lt\/?post_type=product&#038;p=22743"},"modified":"2026-02-26T09:56:13","modified_gmt":"2026-02-26T07:56:13","slug":"kruvinasis-mesijas-mao-dzedungas","status":"publish","type":"product","link":"https:\/\/skaitytaknyga.lt\/en\/produktas\/kruvinasis-mesijas-mao-dzedungas\/","title":{"rendered":"Kruvinasis mesijas Mao Dzedungas"},"content":{"rendered":"<p>Istorin\u0117 iliustruota apybrai\u017ea skirta \u012fvairaus am\u017eiaus skaitytojui.<\/p>\n<p>Jis myl\u0117jo moteris ir geid\u0117 j\u0173 iki gyvenimo pabaigos, tik\u0117damas, kad seksas prailgins jo gyvenim\u0105. Jis buvo \u017eiauriausias XX a. diktatorius, i\u0161\u017eud\u0119s ar numarin\u0119s badu milijonus savo tautie\u010di\u0173. Jis save mat\u0117 i\u0161kiliausi\u0173 Kinijos valdov\u0173 gretose ir reikalavo tokios pat pagarbos, atsidavimo bei i\u0161tikimyb\u0117s, kaip ir didieji did\u017eiosios \u0161alies imperatoriai. Kinai meld\u0117si savo naujajam mesijui ir mintinai kal\u0117 jo &#8220;katekizmus&#8221;. Dievyb\u0119 vadino Mao Dzedungu.<\/p>\n","protected":false},"excerpt":{"rendered":"<p>Istorin\u0117 iliustruota apybrai\u017ea skirta \u012fvairaus am\u017eiaus skaitytojui. Jis myl\u0117jo moteris ir geid\u0117 j\u0173 iki gyvenimo pabaigos, tik\u0117damas, kad seksas prailgins jo gyvenim\u0105. Jis buvo \u017eiauriausias XX a. diktatorius, i\u0161\u017eud\u0119s ar numarin\u0119s badu milijonus savo tautie\u010di\u0173. Jis save mat\u0117 i\u0161kiliausi\u0173 Kinijos valdov\u0173 gretose ir reikalavo tokios pat pagarbos, atsidavimo bei i\u0161tikimyb\u0117s, kaip ir didieji did\u017eiosios \u0161alies imperatoriai. Kinai meld\u0117si savo naujajam mesijui ir mintinai kal\u0117 jo &#8220;katekizmus&#8221;. Dievyb\u0119 vadino Mao Dzedungu.<\/p>\n","protected":false},"featured_media":22748,"comment_status":"open","ping_status":"closed","template":"","meta":{"_acf_changed":false,"site-sidebar-layout":"default","site-content-layout":"","ast-site-content-layout":"default","site-content-style":"default","site-sidebar-style":"default","ast-global-header-display":"","ast-banner-title-visibility":"","ast-main-header-display":"","ast-hfb-above-header-display":"","ast-hfb-below-header-display":"","ast-hfb-mobile-header-display":"","site-post-title":"","ast-breadcrumbs-content":"","ast-featured-img":"","footer-sml-layout":"","ast-disable-related-posts":"","theme-transparent-header-meta":"","adv-header-id-meta":"","stick-header-meta":"","header-above-stick-meta":"","header-main-stick-meta":"","header-below-stick-meta":"","astra-migrate-meta-layouts":"default","ast-page-background-enabled":"default","ast-page-background-meta":{"desktop":{"background-color":"","background-image":"","background-repeat":"repeat","background-position":"center center","background-size":"auto","background-attachment":"scroll","background-type":"","background-media":"","overlay-type":"","overlay-color":"","overlay-opacity":"","overlay-gradient":""},"tablet":{"background-color":"","background-image":"","background-repeat":"repeat","background-position":"center center","background-size":"auto","background-attachment":"scroll","background-type":"","background-media":"","overlay-type":"","overlay-color":"","overlay-opacity":"","overlay-gradient":""},"mobile":{"background-color":"","background-image":"","background-repeat":"repeat","background-position":"center center","background-size":"auto","background-attachment":"scroll","background-type":"","background-media":"","overlay-type":"","overlay-color":"","overlay-opacity":"","overlay-gradient":""}},"ast-content-background-meta":{"desktop":{"background-color":"var(--ast-global-color-4)","background-image":"","background-repeat":"repeat","background-position":"center center","background-size":"auto","background-attachment":"scroll","background-type":"","background-media":"","overlay-type":"","overlay-color":"","overlay-opacity":"","overlay-gradient":""},"tablet":{"background-color":"var(--ast-global-color-4)","background-image":"","background-repeat":"repeat","background-position":"center center","background-size":"auto","background-attachment":"scroll","background-type":"","background-media":"","overlay-type":"","overlay-color":"","overlay-opacity":"","overlay-gradient":""},"mobile":{"background-color":"var(--ast-global-color-4)","background-image":"","background-repeat":"repeat","background-position":"center center","background-size":"auto","background-attachment":"scroll","background-type":"","background-media":"","overlay-type":"","overlay-color":"","overlay-opacity":"","overlay-gradient":""}}},"product_brand":[],"product_cat":[174],"product_tag":[],"class_list":{"0":"post-22743","1":"product","2":"type-product","3":"status-publish","4":"has-post-thumbnail","6":"product_cat-istorija-ir-politologija","7":"desktop-align-left","8":"tablet-align-left","9":"mobile-align-left","11":"first","12":"instock","13":"shipping-taxable","14":"purchasable","15":"product-type-simple"},"acf":[],"yoast_head":"<!-- This site is optimized with the Yoast SEO plugin v27.0 - https:\/\/yoast.com\/product\/yoast-seo-wordpress\/ -->\n<title>Kruvinasis mesijas Mao Dzedungas<\/title>\n<meta name=\"description\" content=\"Istorin\u0117 iliustruota apybrai\u017ea skirta \u012fvairaus am\u017eiaus skaitytojui. Jis myl\u0117jo moteris ir geid\u0117 j\u0173 iki gyvenimo pabaigos, tik\u0117damas, kad seksas prailgins\" \/>\n<meta name=\"robots\" content=\"index, follow, max-snippet:-1, max-image-preview:large, max-video-preview:-1\" \/>\n<link rel=\"canonical\" href=\"https:\/\/skaitytaknyga.lt\/en\/produktas\/kruvinasis-mesijas-mao-dzedungas\/\" \/>\n<meta property=\"og:locale\" content=\"en_GB\" \/>\n<meta property=\"og:locale:alternate\" content=\"lt_LT\" \/>\n<meta property=\"og:type\" content=\"article\" \/>\n<meta property=\"og:title\" content=\"Kruvinasis mesijas Mao Dzedungas\" \/>\n<meta property=\"og:description\" content=\"Istorin\u0117 iliustruota apybrai\u017ea skirta \u012fvairaus am\u017eiaus skaitytojui. Jis myl\u0117jo moteris ir geid\u0117 j\u0173 iki gyvenimo pabaigos, tik\u0117damas, kad seksas prailgins\" \/>\n<meta property=\"og:url\" content=\"https:\/\/skaitytaknyga.lt\/en\/produktas\/kruvinasis-mesijas-mao-dzedungas\/\" \/>\n<meta property=\"og:site_name\" content=\"Skaitytaknyga\" \/>\n<meta property=\"article:publisher\" content=\"https:\/\/www.facebook.com\/skaitytaknyga\/\" \/>\n<meta property=\"article:modified_time\" content=\"2026-02-26T07:56:13+00:00\" \/>\n<meta property=\"og:image\" content=\"https:\/\/skaitytaknyga.lt\/wp-content\/uploads\/2026\/01\/Kruvinasis-mesijas-Mao-Dzedungas-1.webp\" \/>\n\t<meta property=\"og:image:width\" content=\"300\" \/>\n\t<meta property=\"og:image:height\" content=\"447\" \/>\n\t<meta property=\"og:image:type\" content=\"image\/webp\" \/>\n<meta name=\"twitter:card\" content=\"summary_large_image\" \/>\n<script type=\"application\/ld+json\" class=\"yoast-schema-graph\">{\"@context\":\"https:\/\/schema.org\",\"@graph\":[{\"@type\":\"WebPage\",\"@id\":\"https:\/\/skaitytaknyga.lt\/produktas\/kruvinasis-mesijas-mao-dzedungas\/\",\"url\":\"https:\/\/skaitytaknyga.lt\/produktas\/kruvinasis-mesijas-mao-dzedungas\/\",\"name\":\"Kruvinasis mesijas Mao Dzedungas\",\"isPartOf\":{\"@id\":\"https:\/\/skaitytaknyga.lt\/#website\"},\"primaryImageOfPage\":{\"@id\":\"https:\/\/skaitytaknyga.lt\/produktas\/kruvinasis-mesijas-mao-dzedungas\/#primaryimage\"},\"image\":{\"@id\":\"https:\/\/skaitytaknyga.lt\/produktas\/kruvinasis-mesijas-mao-dzedungas\/#primaryimage\"},\"thumbnailUrl\":\"https:\/\/skaitytaknyga.lt\/wp-content\/uploads\/2026\/01\/Kruvinasis-mesijas-Mao-Dzedungas-1.webp\",\"datePublished\":\"2026-01-28T09:40:36+00:00\",\"dateModified\":\"2026-02-26T07:56:13+00:00\",\"description\":\"Istorin\u0117 iliustruota apybrai\u017ea skirta \u012fvairaus am\u017eiaus skaitytojui. Jis myl\u0117jo moteris ir geid\u0117 j\u0173 iki gyvenimo pabaigos, tik\u0117damas, kad seksas prailgins\",\"breadcrumb\":{\"@id\":\"https:\/\/skaitytaknyga.lt\/produktas\/kruvinasis-mesijas-mao-dzedungas\/#breadcrumb\"},\"inLanguage\":\"en-GB\",\"potentialAction\":[{\"@type\":\"ReadAction\",\"target\":[\"https:\/\/skaitytaknyga.lt\/produktas\/kruvinasis-mesijas-mao-dzedungas\/\"]}]},{\"@type\":\"ImageObject\",\"inLanguage\":\"en-GB\",\"@id\":\"https:\/\/skaitytaknyga.lt\/produktas\/kruvinasis-mesijas-mao-dzedungas\/#primaryimage\",\"url\":\"https:\/\/skaitytaknyga.lt\/wp-content\/uploads\/2026\/01\/Kruvinasis-mesijas-Mao-Dzedungas-1.webp\",\"contentUrl\":\"https:\/\/skaitytaknyga.lt\/wp-content\/uploads\/2026\/01\/Kruvinasis-mesijas-Mao-Dzedungas-1.webp\",\"width\":300,\"height\":447,\"caption\":\"Kruvinasis mesijas Mao Dzedungas\"},{\"@type\":\"BreadcrumbList\",\"@id\":\"https:\/\/skaitytaknyga.lt\/produktas\/kruvinasis-mesijas-mao-dzedungas\/#breadcrumb\",\"itemListElement\":[{\"@type\":\"ListItem\",\"position\":1,\"name\":\"Home\",\"item\":\"https:\/\/skaitytaknyga.lt\/\"},{\"@type\":\"ListItem\",\"position\":2,\"name\":\"Parduotuv\u0117\",\"item\":\"https:\/\/skaitytaknyga.lt\/knygu-parduotuve\/\"},{\"@type\":\"ListItem\",\"position\":3,\"name\":\"Kruvinasis mesijas Mao Dzedungas\"}]},{\"@type\":\"WebSite\",\"@id\":\"https:\/\/skaitytaknyga.lt\/#website\",\"url\":\"https:\/\/skaitytaknyga.lt\/\",\"name\":\"skaitytaknyga.lt\",\"description\":\"Skaitytaknyga.lt \u2013 tai ma\u017eas \u0161eimos verslas, kuris prasid\u0117jo nuo meil\u0117s knygoms ir siekio i\u0161gelb\u0117ti knygas nuo likimo prie konteinerio. Kas vienam nereikalingas daiktas \u2013 kitam lobis, o mes esame tarpininkai, kurie padeda abiems tapti laimingesniems ???? \u017dinome kaip nelengva i\u0161gyventi ma\u017eiems verslams, tad nuo \u0161iol, \u010dia rasite ir kit\u0173, ma\u017e\u0173 \u0161eim\u0173 versl\u0173, rank\u0173 darbo, dovan\u0173 sau ir artimiesiems.\",\"publisher\":{\"@id\":\"https:\/\/skaitytaknyga.lt\/#organization\"},\"potentialAction\":[{\"@type\":\"SearchAction\",\"target\":{\"@type\":\"EntryPoint\",\"urlTemplate\":\"https:\/\/skaitytaknyga.lt\/?s={search_term_string}\"},\"query-input\":{\"@type\":\"PropertyValueSpecification\",\"valueRequired\":true,\"valueName\":\"search_term_string\"}}],\"inLanguage\":\"en-GB\"},{\"@type\":\"Organization\",\"@id\":\"https:\/\/skaitytaknyga.lt\/#organization\",\"name\":\"skaitytaknyga.lt\",\"url\":\"https:\/\/skaitytaknyga.lt\/\",\"logo\":{\"@type\":\"ImageObject\",\"inLanguage\":\"en-GB\",\"@id\":\"https:\/\/skaitytaknyga.lt\/#\/schema\/logo\/image\/\",\"url\":\"https:\/\/skaitytaknyga.lt\/wp-content\/uploads\/2024\/05\/cropped-cropped-cropped-02_00843_jt3bggkj1j3HLc7SyY6rEUpg.jpeg\",\"contentUrl\":\"https:\/\/skaitytaknyga.lt\/wp-content\/uploads\/2024\/05\/cropped-cropped-cropped-02_00843_jt3bggkj1j3HLc7SyY6rEUpg.jpeg\",\"width\":1600,\"height\":1600,\"caption\":\"skaitytaknyga.lt\"},\"image\":{\"@id\":\"https:\/\/skaitytaknyga.lt\/#\/schema\/logo\/image\/\"},\"sameAs\":[\"https:\/\/www.facebook.com\/skaitytaknyga\/\"]}]}<\/script>\n<!-- \/ Yoast SEO plugin. -->","yoast_head_json":{"title":"Kruvinasis mesijas Mao Dzedungas","description":"Istorin\u0117 iliustruota apybrai\u017ea skirta \u012fvairaus am\u017eiaus skaitytojui. Jis myl\u0117jo moteris ir geid\u0117 j\u0173 iki gyvenimo pabaigos, tik\u0117damas, kad seksas prailgins","robots":{"index":"index","follow":"follow","max-snippet":"max-snippet:-1","max-image-preview":"max-image-preview:large","max-video-preview":"max-video-preview:-1"},"canonical":"https:\/\/skaitytaknyga.lt\/en\/produktas\/kruvinasis-mesijas-mao-dzedungas\/","og_locale":"en_GB","og_type":"article","og_title":"[:lt]Kruvinasis mesijas Mao Dzedungas[:] - Skaitytaknyga","og_description":"Istorin\u0117 iliustruota apybrai\u017ea skirta \u012fvairaus am\u017eiaus skaitytojui. Jis myl\u0117jo moteris ir geid\u0117 j\u0173 iki gyvenimo pabaigos, tik\u0117damas, kad seksas prailgins","og_url":"https:\/\/skaitytaknyga.lt\/en\/produktas\/kruvinasis-mesijas-mao-dzedungas\/","og_site_name":"Skaitytaknyga","article_publisher":"https:\/\/www.facebook.com\/skaitytaknyga\/","article_modified_time":"2026-02-26T07:56:13+00:00","og_image":[{"width":300,"height":447,"url":"https:\/\/skaitytaknyga.lt\/wp-content\/uploads\/2026\/01\/Kruvinasis-mesijas-Mao-Dzedungas-1.webp","type":"image\/webp"}],"twitter_card":"summary_large_image","schema":{"@context":"https:\/\/schema.org","@graph":[{"@type":"WebPage","@id":"https:\/\/skaitytaknyga.lt\/produktas\/kruvinasis-mesijas-mao-dzedungas\/","url":"https:\/\/skaitytaknyga.lt\/produktas\/kruvinasis-mesijas-mao-dzedungas\/","name":"Kruvinasis mesijas Mao Dzedungas","isPartOf":{"@id":"https:\/\/skaitytaknyga.lt\/#website"},"primaryImageOfPage":{"@id":"https:\/\/skaitytaknyga.lt\/produktas\/kruvinasis-mesijas-mao-dzedungas\/#primaryimage"},"image":{"@id":"https:\/\/skaitytaknyga.lt\/produktas\/kruvinasis-mesijas-mao-dzedungas\/#primaryimage"},"thumbnailUrl":"https:\/\/skaitytaknyga.lt\/wp-content\/uploads\/2026\/01\/Kruvinasis-mesijas-Mao-Dzedungas-1.webp","datePublished":"2026-01-28T09:40:36+00:00","dateModified":"2026-02-26T07:56:13+00:00","description":"Istorin\u0117 iliustruota apybrai\u017ea skirta \u012fvairaus am\u017eiaus skaitytojui. Jis myl\u0117jo moteris ir geid\u0117 j\u0173 iki gyvenimo pabaigos, tik\u0117damas, kad seksas prailgins","breadcrumb":{"@id":"https:\/\/skaitytaknyga.lt\/produktas\/kruvinasis-mesijas-mao-dzedungas\/#breadcrumb"},"inLanguage":"en-GB","potentialAction":[{"@type":"ReadAction","target":["https:\/\/skaitytaknyga.lt\/produktas\/kruvinasis-mesijas-mao-dzedungas\/"]}]},{"@type":"ImageObject","inLanguage":"en-GB","@id":"https:\/\/skaitytaknyga.lt\/produktas\/kruvinasis-mesijas-mao-dzedungas\/#primaryimage","url":"https:\/\/skaitytaknyga.lt\/wp-content\/uploads\/2026\/01\/Kruvinasis-mesijas-Mao-Dzedungas-1.webp","contentUrl":"https:\/\/skaitytaknyga.lt\/wp-content\/uploads\/2026\/01\/Kruvinasis-mesijas-Mao-Dzedungas-1.webp","width":300,"height":447,"caption":"Kruvinasis mesijas Mao Dzedungas"},{"@type":"BreadcrumbList","@id":"https:\/\/skaitytaknyga.lt\/produktas\/kruvinasis-mesijas-mao-dzedungas\/#breadcrumb","itemListElement":[{"@type":"ListItem","position":1,"name":"Home","item":"https:\/\/skaitytaknyga.lt\/"},{"@type":"ListItem","position":2,"name":"Parduotuv\u0117","item":"https:\/\/skaitytaknyga.lt\/knygu-parduotuve\/"},{"@type":"ListItem","position":3,"name":"Kruvinasis mesijas Mao Dzedungas"}]},{"@type":"WebSite","@id":"https:\/\/skaitytaknyga.lt\/#website","url":"https:\/\/skaitytaknyga.lt\/","name":"skaitytaknyga.lt","description":"Skaitytaknyga.lt \u2013 tai ma\u017eas \u0161eimos verslas, kuris prasid\u0117jo nuo meil\u0117s knygoms ir siekio i\u0161gelb\u0117ti knygas nuo likimo prie konteinerio. Kas vienam nereikalingas daiktas \u2013 kitam lobis, o mes esame tarpininkai, kurie padeda abiems tapti laimingesniems ???? \u017dinome kaip nelengva i\u0161gyventi ma\u017eiems verslams, tad nuo \u0161iol, \u010dia rasite ir kit\u0173, ma\u017e\u0173 \u0161eim\u0173 versl\u0173, rank\u0173 darbo, dovan\u0173 sau ir artimiesiems.","publisher":{"@id":"https:\/\/skaitytaknyga.lt\/#organization"},"potentialAction":[{"@type":"SearchAction","target":{"@type":"EntryPoint","urlTemplate":"https:\/\/skaitytaknyga.lt\/?s={search_term_string}"},"query-input":{"@type":"PropertyValueSpecification","valueRequired":true,"valueName":"search_term_string"}}],"inLanguage":"en-GB"},{"@type":"Organization","@id":"https:\/\/skaitytaknyga.lt\/#organization","name":"skaitytaknyga.lt","url":"https:\/\/skaitytaknyga.lt\/","logo":{"@type":"ImageObject","inLanguage":"en-GB","@id":"https:\/\/skaitytaknyga.lt\/#\/schema\/logo\/image\/","url":"https:\/\/skaitytaknyga.lt\/wp-content\/uploads\/2024\/05\/cropped-cropped-cropped-02_00843_jt3bggkj1j3HLc7SyY6rEUpg.jpeg","contentUrl":"https:\/\/skaitytaknyga.lt\/wp-content\/uploads\/2024\/05\/cropped-cropped-cropped-02_00843_jt3bggkj1j3HLc7SyY6rEUpg.jpeg","width":1600,"height":1600,"caption":"skaitytaknyga.lt"},"image":{"@id":"https:\/\/skaitytaknyga.lt\/#\/schema\/logo\/image\/"},"sameAs":["https:\/\/www.facebook.com\/skaitytaknyga\/"]}]}},"_links":{"self":[{"href":"https:\/\/skaitytaknyga.lt\/en\/wp-json\/wp\/v2\/product\/22743","targetHints":{"allow":["GET"]}}],"collection":[{"href":"https:\/\/skaitytaknyga.lt\/en\/wp-json\/wp\/v2\/product"}],"about":[{"href":"https:\/\/skaitytaknyga.lt\/en\/wp-json\/wp\/v2\/types\/product"}],"replies":[{"embeddable":true,"href":"https:\/\/skaitytaknyga.lt\/en\/wp-json\/wp\/v2\/comments?post=22743"}],"wp:featuredmedia":[{"embeddable":true,"href":"https:\/\/skaitytaknyga.lt\/en\/wp-json\/wp\/v2\/media\/22748"}],"wp:attachment":[{"href":"https:\/\/skaitytaknyga.lt\/en\/wp-json\/wp\/v2\/media?parent=22743"}],"wp:term":[{"taxonomy":"product_brand","embeddable":true,"href":"https:\/\/skaitytaknyga.lt\/en\/wp-json\/wp\/v2\/product_brand?post=22743"},{"taxonomy":"product_cat","embeddable":true,"href":"https:\/\/skaitytaknyga.lt\/en\/wp-json\/wp\/v2\/product_cat?post=22743"},{"taxonomy":"product_tag","embeddable":true,"href":"https:\/\/skaitytaknyga.lt\/en\/wp-json\/wp\/v2\/product_tag?post=22743"}],"curies":[{"name":"wp","href":"https:\/\/api.w.org\/{rel}","templated":true}]}}