{"id":22735,"date":"2026-01-28T11:24:53","date_gmt":"2026-01-28T09:24:53","guid":{"rendered":"https:\/\/skaitytaknyga.lt\/?post_type=product&#038;p=22735"},"modified":"2026-01-30T12:13:41","modified_gmt":"2026-01-30T10:13:41","slug":"aksominis-angelas","status":"publish","type":"product","link":"https:\/\/skaitytaknyga.lt\/en\/produktas\/aksominis-angelas\/","title":{"rendered":"Aksominis angelas"},"content":{"rendered":"<p>Jauniausias garsi\u0173 Anglijoje didik\u0173 Montgomeri\u0173 brolis Mailsas visuomen\u0117je peln\u0117 negarbing\u0105 mergi\u0161iaus reputacij\u0105. Mailso vyri\u0161kas gro\u017eis ir \u0161velnus elgesys kaip kvapnus \u017eiedas bites trauk\u0117 moter\u0173 d\u0117mes\u012f. Ir \u0161is \u017eavus vyras nesi\u0161alino mergin\u0173, tod\u0117l buvo kalbama, kad dvide\u0161imt vien\u0173 met\u0173 jaun\u0117lis Montgomeris jau turi gra\u017e\u0173 b\u016brel\u012f nesantuokini\u0173 vaiku\u010di\u0173.<\/p>\n<p>D\u0117l toki\u0173 kalb\u0173 Mailsas nepyko, jis labai did\u017eiavosi savo vaikais, visus pa\u017einojo ir asmeni\u0161kai globojo. Vien\u0105 dien\u0105 nepa\u017e\u012fstamas \u017emogus Mailsui \u012fteik\u0117 dovan\u0105 \u2013 prie koj\u0173 numet\u0117 kilim\u0105, \u012f kur\u012f buvo susukta nuoga ilgaplauk\u0117 gra\u017euol\u0117, pik\u010diausio Montgomeri\u0173 prie\u0161o Rod\u017eerio \u010catvorto sesuo Elizabeta. Mergina, nuo vaikyst\u0117s kentusi ga\u0161li\u0173 vyriausiojo brolio draug\u0173 persekiojim\u0105, buvo i\u0161mokusi gintis, tad ir i\u0161tvirk\u0117liui Montgomeriui pasiry\u017eo lengvai nepasiduoti. Bet \u010dia juk Mailsas&#8230; Kokia gi moteri\u0161kos lyties b\u016btyb\u0117 gali atsispirti Mailsui?<\/p>\n","protected":false},"excerpt":{"rendered":"<p>Jauniausias garsi\u0173 Anglijoje didik\u0173 Montgomeri\u0173 brolis Mailsas visuomen\u0117je peln\u0117 negarbing\u0105 mergi\u0161iaus reputacij\u0105. Mailso vyri\u0161kas gro\u017eis ir \u0161velnus elgesys kaip kvapnus \u017eiedas bites trauk\u0117 moter\u0173 d\u0117mes\u012f. Ir \u0161is \u017eavus vyras nesi\u0161alino mergin\u0173, tod\u0117l buvo kalbama, kad dvide\u0161imt vien\u0173 met\u0173 jaun\u0117lis Montgomeris jau turi gra\u017e\u0173 b\u016brel\u012f nesantuokini\u0173 vaiku\u010di\u0173. D\u0117l toki\u0173 kalb\u0173 Mailsas nepyko, jis labai did\u017eiavosi savo vaikais, visus pa\u017einojo ir asmeni\u0161kai globojo. Vien\u0105 dien\u0105 nepa\u017e\u012fstamas \u017emogus Mailsui \u012fteik\u0117 dovan\u0105 \u2013 prie koj\u0173 numet\u0117 kilim\u0105, \u012f kur\u012f buvo susukta nuoga ilgaplauk\u0117 gra\u017euol\u0117, pik\u010diausio Montgomeri\u0173 prie\u0161o Rod\u017eerio \u010catvorto sesuo Elizabeta. Mergina, nuo vaikyst\u0117s kentusi ga\u0161li\u0173 vyriausiojo brolio draug\u0173 persekiojim\u0105, buvo i\u0161mokusi gintis, tad ir i\u0161tvirk\u0117liui Montgomeriui pasiry\u017eo lengvai nepasiduoti. Bet \u010dia juk Mailsas&#8230; Kokia gi moteri\u0161kos lyties b\u016btyb\u0117 gali atsispirti Mailsui?<\/p>\n","protected":false},"featured_media":22741,"comment_status":"open","ping_status":"closed","template":"","meta":{"_acf_changed":false,"site-sidebar-layout":"default","site-content-layout":"","ast-site-content-layout":"default","site-content-style":"default","site-sidebar-style":"default","ast-global-header-display":"","ast-banner-title-visibility":"","ast-main-header-display":"","ast-hfb-above-header-display":"","ast-hfb-below-header-display":"","ast-hfb-mobile-header-display":"","site-post-title":"","ast-breadcrumbs-content":"","ast-featured-img":"","footer-sml-layout":"","ast-disable-related-posts":"","theme-transparent-header-meta":"","adv-header-id-meta":"","stick-header-meta":"","header-above-stick-meta":"","header-main-stick-meta":"","header-below-stick-meta":"","astra-migrate-meta-layouts":"default","ast-page-background-enabled":"default","ast-page-background-meta":{"desktop":{"background-color":"","background-image":"","background-repeat":"repeat","background-position":"center center","background-size":"auto","background-attachment":"scroll","background-type":"","background-media":"","overlay-type":"","overlay-color":"","overlay-opacity":"","overlay-gradient":""},"tablet":{"background-color":"","background-image":"","background-repeat":"repeat","background-position":"center center","background-size":"auto","background-attachment":"scroll","background-type":"","background-media":"","overlay-type":"","overlay-color":"","overlay-opacity":"","overlay-gradient":""},"mobile":{"background-color":"","background-image":"","background-repeat":"repeat","background-position":"center center","background-size":"auto","background-attachment":"scroll","background-type":"","background-media":"","overlay-type":"","overlay-color":"","overlay-opacity":"","overlay-gradient":""}},"ast-content-background-meta":{"desktop":{"background-color":"var(--ast-global-color-4)","background-image":"","background-repeat":"repeat","background-position":"center center","background-size":"auto","background-attachment":"scroll","background-type":"","background-media":"","overlay-type":"","overlay-color":"","overlay-opacity":"","overlay-gradient":""},"tablet":{"background-color":"var(--ast-global-color-4)","background-image":"","background-repeat":"repeat","background-position":"center center","background-size":"auto","background-attachment":"scroll","background-type":"","background-media":"","overlay-type":"","overlay-color":"","overlay-opacity":"","overlay-gradient":""},"mobile":{"background-color":"var(--ast-global-color-4)","background-image":"","background-repeat":"repeat","background-position":"center center","background-size":"auto","background-attachment":"scroll","background-type":"","background-media":"","overlay-type":"","overlay-color":"","overlay-opacity":"","overlay-gradient":""}}},"product_brand":[],"product_cat":[31],"product_tag":[9313],"class_list":{"0":"post-22735","1":"product","2":"type-product","3":"status-publish","4":"has-post-thumbnail","6":"product_cat-grozine-literatura","7":"product_tag-ltjude-deveraux","8":"desktop-align-left","9":"tablet-align-left","10":"mobile-align-left","12":"first","13":"instock","14":"shipping-taxable","15":"purchasable","16":"product-type-simple"},"acf":[],"yoast_head":"<!-- This site is optimized with the Yoast SEO plugin v27.0 - https:\/\/yoast.com\/product\/yoast-seo-wordpress\/ -->\n<title>Aksominis angelas<\/title>\n<meta name=\"description\" content=\"Jauniausias garsi\u0173 Anglijoje didik\u0173 Montgomeri\u0173 brolis Mailsas visuomen\u0117je peln\u0117 negarbing\u0105 mergi\u0161iaus reputacij\u0105. Mailso vyri\u0161kas gro\u017eis ir \u0161velnus\" \/>\n<meta name=\"robots\" content=\"index, follow, max-snippet:-1, max-image-preview:large, max-video-preview:-1\" \/>\n<link rel=\"canonical\" href=\"https:\/\/skaitytaknyga.lt\/en\/produktas\/aksominis-angelas\/\" \/>\n<meta property=\"og:locale\" content=\"en_GB\" \/>\n<meta property=\"og:locale:alternate\" content=\"lt_LT\" \/>\n<meta property=\"og:type\" content=\"article\" \/>\n<meta property=\"og:title\" content=\"Aksominis angelas\" \/>\n<meta property=\"og:description\" content=\"Jauniausias garsi\u0173 Anglijoje didik\u0173 Montgomeri\u0173 brolis Mailsas visuomen\u0117je peln\u0117 negarbing\u0105 mergi\u0161iaus reputacij\u0105. Mailso vyri\u0161kas gro\u017eis ir \u0161velnus\" \/>\n<meta property=\"og:url\" content=\"https:\/\/skaitytaknyga.lt\/en\/produktas\/aksominis-angelas\/\" \/>\n<meta property=\"og:site_name\" content=\"Skaitytaknyga\" \/>\n<meta property=\"article:publisher\" content=\"https:\/\/www.facebook.com\/skaitytaknyga\/\" \/>\n<meta property=\"article:modified_time\" content=\"2026-01-30T10:13:41+00:00\" \/>\n<meta property=\"og:image\" content=\"https:\/\/skaitytaknyga.lt\/wp-content\/uploads\/2026\/01\/Aksominis-angelas-1.webp\" \/>\n\t<meta property=\"og:image:width\" content=\"300\" \/>\n\t<meta property=\"og:image:height\" content=\"495\" \/>\n\t<meta property=\"og:image:type\" content=\"image\/webp\" \/>\n<meta name=\"twitter:card\" content=\"summary_large_image\" \/>\n<meta name=\"twitter:label1\" content=\"Estimated reading time\" \/>\n\t<meta name=\"twitter:data1\" content=\"1 minute\" \/>\n<script type=\"application\/ld+json\" class=\"yoast-schema-graph\">{\"@context\":\"https:\/\/schema.org\",\"@graph\":[{\"@type\":\"WebPage\",\"@id\":\"https:\/\/skaitytaknyga.lt\/produktas\/aksominis-angelas\/\",\"url\":\"https:\/\/skaitytaknyga.lt\/produktas\/aksominis-angelas\/\",\"name\":\"Aksominis angelas\",\"isPartOf\":{\"@id\":\"https:\/\/skaitytaknyga.lt\/#website\"},\"primaryImageOfPage\":{\"@id\":\"https:\/\/skaitytaknyga.lt\/produktas\/aksominis-angelas\/#primaryimage\"},\"image\":{\"@id\":\"https:\/\/skaitytaknyga.lt\/produktas\/aksominis-angelas\/#primaryimage\"},\"thumbnailUrl\":\"https:\/\/skaitytaknyga.lt\/wp-content\/uploads\/2026\/01\/Aksominis-angelas-1.webp\",\"datePublished\":\"2026-01-28T09:24:53+00:00\",\"dateModified\":\"2026-01-30T10:13:41+00:00\",\"description\":\"Jauniausias garsi\u0173 Anglijoje didik\u0173 Montgomeri\u0173 brolis Mailsas visuomen\u0117je peln\u0117 negarbing\u0105 mergi\u0161iaus reputacij\u0105. Mailso vyri\u0161kas gro\u017eis ir \u0161velnus\",\"breadcrumb\":{\"@id\":\"https:\/\/skaitytaknyga.lt\/produktas\/aksominis-angelas\/#breadcrumb\"},\"inLanguage\":\"en-GB\",\"potentialAction\":[{\"@type\":\"ReadAction\",\"target\":[\"https:\/\/skaitytaknyga.lt\/produktas\/aksominis-angelas\/\"]}]},{\"@type\":\"ImageObject\",\"inLanguage\":\"en-GB\",\"@id\":\"https:\/\/skaitytaknyga.lt\/produktas\/aksominis-angelas\/#primaryimage\",\"url\":\"https:\/\/skaitytaknyga.lt\/wp-content\/uploads\/2026\/01\/Aksominis-angelas-1.webp\",\"contentUrl\":\"https:\/\/skaitytaknyga.lt\/wp-content\/uploads\/2026\/01\/Aksominis-angelas-1.webp\",\"width\":300,\"height\":495,\"caption\":\"Aksominis angelas\"},{\"@type\":\"BreadcrumbList\",\"@id\":\"https:\/\/skaitytaknyga.lt\/produktas\/aksominis-angelas\/#breadcrumb\",\"itemListElement\":[{\"@type\":\"ListItem\",\"position\":1,\"name\":\"Home\",\"item\":\"https:\/\/skaitytaknyga.lt\/\"},{\"@type\":\"ListItem\",\"position\":2,\"name\":\"Parduotuv\u0117\",\"item\":\"https:\/\/skaitytaknyga.lt\/knygu-parduotuve\/\"},{\"@type\":\"ListItem\",\"position\":3,\"name\":\"Aksominis angelas\"}]},{\"@type\":\"WebSite\",\"@id\":\"https:\/\/skaitytaknyga.lt\/#website\",\"url\":\"https:\/\/skaitytaknyga.lt\/\",\"name\":\"skaitytaknyga.lt\",\"description\":\"Skaitytaknyga.lt \u2013 tai ma\u017eas \u0161eimos verslas, kuris prasid\u0117jo nuo meil\u0117s knygoms ir siekio i\u0161gelb\u0117ti knygas nuo likimo prie konteinerio. Kas vienam nereikalingas daiktas \u2013 kitam lobis, o mes esame tarpininkai, kurie padeda abiems tapti laimingesniems ???? \u017dinome kaip nelengva i\u0161gyventi ma\u017eiems verslams, tad nuo \u0161iol, \u010dia rasite ir kit\u0173, ma\u017e\u0173 \u0161eim\u0173 versl\u0173, rank\u0173 darbo, dovan\u0173 sau ir artimiesiems.\",\"publisher\":{\"@id\":\"https:\/\/skaitytaknyga.lt\/#organization\"},\"potentialAction\":[{\"@type\":\"SearchAction\",\"target\":{\"@type\":\"EntryPoint\",\"urlTemplate\":\"https:\/\/skaitytaknyga.lt\/?s={search_term_string}\"},\"query-input\":{\"@type\":\"PropertyValueSpecification\",\"valueRequired\":true,\"valueName\":\"search_term_string\"}}],\"inLanguage\":\"en-GB\"},{\"@type\":\"Organization\",\"@id\":\"https:\/\/skaitytaknyga.lt\/#organization\",\"name\":\"skaitytaknyga.lt\",\"url\":\"https:\/\/skaitytaknyga.lt\/\",\"logo\":{\"@type\":\"ImageObject\",\"inLanguage\":\"en-GB\",\"@id\":\"https:\/\/skaitytaknyga.lt\/#\/schema\/logo\/image\/\",\"url\":\"https:\/\/skaitytaknyga.lt\/wp-content\/uploads\/2024\/05\/cropped-cropped-cropped-02_00843_jt3bggkj1j3HLc7SyY6rEUpg.jpeg\",\"contentUrl\":\"https:\/\/skaitytaknyga.lt\/wp-content\/uploads\/2024\/05\/cropped-cropped-cropped-02_00843_jt3bggkj1j3HLc7SyY6rEUpg.jpeg\",\"width\":1600,\"height\":1600,\"caption\":\"skaitytaknyga.lt\"},\"image\":{\"@id\":\"https:\/\/skaitytaknyga.lt\/#\/schema\/logo\/image\/\"},\"sameAs\":[\"https:\/\/www.facebook.com\/skaitytaknyga\/\"]}]}<\/script>\n<!-- \/ Yoast SEO plugin. -->","yoast_head_json":{"title":"Aksominis angelas","description":"Jauniausias garsi\u0173 Anglijoje didik\u0173 Montgomeri\u0173 brolis Mailsas visuomen\u0117je peln\u0117 negarbing\u0105 mergi\u0161iaus reputacij\u0105. Mailso vyri\u0161kas gro\u017eis ir \u0161velnus","robots":{"index":"index","follow":"follow","max-snippet":"max-snippet:-1","max-image-preview":"max-image-preview:large","max-video-preview":"max-video-preview:-1"},"canonical":"https:\/\/skaitytaknyga.lt\/en\/produktas\/aksominis-angelas\/","og_locale":"en_GB","og_type":"article","og_title":"[:lt]Aksominis angelas[:] - Skaitytaknyga","og_description":"Jauniausias garsi\u0173 Anglijoje didik\u0173 Montgomeri\u0173 brolis Mailsas visuomen\u0117je peln\u0117 negarbing\u0105 mergi\u0161iaus reputacij\u0105. Mailso vyri\u0161kas gro\u017eis ir \u0161velnus","og_url":"https:\/\/skaitytaknyga.lt\/en\/produktas\/aksominis-angelas\/","og_site_name":"Skaitytaknyga","article_publisher":"https:\/\/www.facebook.com\/skaitytaknyga\/","article_modified_time":"2026-01-30T10:13:41+00:00","og_image":[{"width":300,"height":495,"url":"https:\/\/skaitytaknyga.lt\/wp-content\/uploads\/2026\/01\/Aksominis-angelas-1.webp","type":"image\/webp"}],"twitter_card":"summary_large_image","twitter_misc":{"Estimated reading time":"1 minute"},"schema":{"@context":"https:\/\/schema.org","@graph":[{"@type":"WebPage","@id":"https:\/\/skaitytaknyga.lt\/produktas\/aksominis-angelas\/","url":"https:\/\/skaitytaknyga.lt\/produktas\/aksominis-angelas\/","name":"Aksominis angelas","isPartOf":{"@id":"https:\/\/skaitytaknyga.lt\/#website"},"primaryImageOfPage":{"@id":"https:\/\/skaitytaknyga.lt\/produktas\/aksominis-angelas\/#primaryimage"},"image":{"@id":"https:\/\/skaitytaknyga.lt\/produktas\/aksominis-angelas\/#primaryimage"},"thumbnailUrl":"https:\/\/skaitytaknyga.lt\/wp-content\/uploads\/2026\/01\/Aksominis-angelas-1.webp","datePublished":"2026-01-28T09:24:53+00:00","dateModified":"2026-01-30T10:13:41+00:00","description":"Jauniausias garsi\u0173 Anglijoje didik\u0173 Montgomeri\u0173 brolis Mailsas visuomen\u0117je peln\u0117 negarbing\u0105 mergi\u0161iaus reputacij\u0105. Mailso vyri\u0161kas gro\u017eis ir \u0161velnus","breadcrumb":{"@id":"https:\/\/skaitytaknyga.lt\/produktas\/aksominis-angelas\/#breadcrumb"},"inLanguage":"en-GB","potentialAction":[{"@type":"ReadAction","target":["https:\/\/skaitytaknyga.lt\/produktas\/aksominis-angelas\/"]}]},{"@type":"ImageObject","inLanguage":"en-GB","@id":"https:\/\/skaitytaknyga.lt\/produktas\/aksominis-angelas\/#primaryimage","url":"https:\/\/skaitytaknyga.lt\/wp-content\/uploads\/2026\/01\/Aksominis-angelas-1.webp","contentUrl":"https:\/\/skaitytaknyga.lt\/wp-content\/uploads\/2026\/01\/Aksominis-angelas-1.webp","width":300,"height":495,"caption":"Aksominis angelas"},{"@type":"BreadcrumbList","@id":"https:\/\/skaitytaknyga.lt\/produktas\/aksominis-angelas\/#breadcrumb","itemListElement":[{"@type":"ListItem","position":1,"name":"Home","item":"https:\/\/skaitytaknyga.lt\/"},{"@type":"ListItem","position":2,"name":"Parduotuv\u0117","item":"https:\/\/skaitytaknyga.lt\/knygu-parduotuve\/"},{"@type":"ListItem","position":3,"name":"Aksominis angelas"}]},{"@type":"WebSite","@id":"https:\/\/skaitytaknyga.lt\/#website","url":"https:\/\/skaitytaknyga.lt\/","name":"skaitytaknyga.lt","description":"Skaitytaknyga.lt \u2013 tai ma\u017eas \u0161eimos verslas, kuris prasid\u0117jo nuo meil\u0117s knygoms ir siekio i\u0161gelb\u0117ti knygas nuo likimo prie konteinerio. Kas vienam nereikalingas daiktas \u2013 kitam lobis, o mes esame tarpininkai, kurie padeda abiems tapti laimingesniems ???? \u017dinome kaip nelengva i\u0161gyventi ma\u017eiems verslams, tad nuo \u0161iol, \u010dia rasite ir kit\u0173, ma\u017e\u0173 \u0161eim\u0173 versl\u0173, rank\u0173 darbo, dovan\u0173 sau ir artimiesiems.","publisher":{"@id":"https:\/\/skaitytaknyga.lt\/#organization"},"potentialAction":[{"@type":"SearchAction","target":{"@type":"EntryPoint","urlTemplate":"https:\/\/skaitytaknyga.lt\/?s={search_term_string}"},"query-input":{"@type":"PropertyValueSpecification","valueRequired":true,"valueName":"search_term_string"}}],"inLanguage":"en-GB"},{"@type":"Organization","@id":"https:\/\/skaitytaknyga.lt\/#organization","name":"skaitytaknyga.lt","url":"https:\/\/skaitytaknyga.lt\/","logo":{"@type":"ImageObject","inLanguage":"en-GB","@id":"https:\/\/skaitytaknyga.lt\/#\/schema\/logo\/image\/","url":"https:\/\/skaitytaknyga.lt\/wp-content\/uploads\/2024\/05\/cropped-cropped-cropped-02_00843_jt3bggkj1j3HLc7SyY6rEUpg.jpeg","contentUrl":"https:\/\/skaitytaknyga.lt\/wp-content\/uploads\/2024\/05\/cropped-cropped-cropped-02_00843_jt3bggkj1j3HLc7SyY6rEUpg.jpeg","width":1600,"height":1600,"caption":"skaitytaknyga.lt"},"image":{"@id":"https:\/\/skaitytaknyga.lt\/#\/schema\/logo\/image\/"},"sameAs":["https:\/\/www.facebook.com\/skaitytaknyga\/"]}]}},"_links":{"self":[{"href":"https:\/\/skaitytaknyga.lt\/en\/wp-json\/wp\/v2\/product\/22735","targetHints":{"allow":["GET"]}}],"collection":[{"href":"https:\/\/skaitytaknyga.lt\/en\/wp-json\/wp\/v2\/product"}],"about":[{"href":"https:\/\/skaitytaknyga.lt\/en\/wp-json\/wp\/v2\/types\/product"}],"replies":[{"embeddable":true,"href":"https:\/\/skaitytaknyga.lt\/en\/wp-json\/wp\/v2\/comments?post=22735"}],"wp:featuredmedia":[{"embeddable":true,"href":"https:\/\/skaitytaknyga.lt\/en\/wp-json\/wp\/v2\/media\/22741"}],"wp:attachment":[{"href":"https:\/\/skaitytaknyga.lt\/en\/wp-json\/wp\/v2\/media?parent=22735"}],"wp:term":[{"taxonomy":"product_brand","embeddable":true,"href":"https:\/\/skaitytaknyga.lt\/en\/wp-json\/wp\/v2\/product_brand?post=22735"},{"taxonomy":"product_cat","embeddable":true,"href":"https:\/\/skaitytaknyga.lt\/en\/wp-json\/wp\/v2\/product_cat?post=22735"},{"taxonomy":"product_tag","embeddable":true,"href":"https:\/\/skaitytaknyga.lt\/en\/wp-json\/wp\/v2\/product_tag?post=22735"}],"curies":[{"name":"wp","href":"https:\/\/api.w.org\/{rel}","templated":true}]}}