{"id":22734,"date":"2026-01-28T11:24:53","date_gmt":"2026-01-28T09:24:53","guid":{"rendered":"https:\/\/skaitytaknyga.lt\/?post_type=product&#038;p=22734"},"modified":"2026-01-28T11:39:52","modified_gmt":"2026-01-28T09:39:52","slug":"as-nuzudziau-savo-dukteri","status":"publish","type":"product","link":"https:\/\/skaitytaknyga.lt\/en\/produktas\/as-nuzudziau-savo-dukteri\/","title":{"rendered":"A\u0161 nu\u017eud\u017eiau savo dukter\u012f"},"content":{"rendered":"<p>Ra\u0161ytoja savo k\u016bryba, vie\u0161ais pasisakymais dr\u0105siai gina asmeninius \u012fsitikinimus, provokuoja kitok\u012f po\u017ei\u016br\u012f \u012f \u012fsisen\u0117jusias visuomen\u0117s problemas. Ma\u017eajame romane \u201eA\u0161 nu\u017eud\u017eiau savo dukter\u012f\u201c ji kalba moters, patyrusios abort\u0105, l\u016bpomis. Talentingai papasakojama asmenyb\u0117s ir \u0161eimos drama, dvasinio apsivalymo istorija.<\/p>\n<p>Naujojo Vidmant\u0117s Jasukaityt\u0117s romano ne\u012fmanoma priimti vienaprasmi\u0161kai. Vienus jis \u0161okiruos, kitus paskatins i\u0161gyventi skausming\u0105 atpa\u017einim\u0105. Ra\u0161ytoja \u0161\u012f syk\u012f imasi aktualios socialin\u0117s temos \u2013 ji kalba apie abort\u0105 ir jo pasekmes moters psichikai. Moteris, priversta priimti sprendim\u0105 d\u0117l u\u017esimezgusios gyvyb\u0117s, kiekviename \u017eingsnyje susiduria su dramati\u0161komis tokio sprendimo pasekm\u0117mis.<\/p>\n<p>Autor\u0117 neju\u010dia \u012ftraukia \u012f asmeni\u0161k\u0105 santyk\u012f su tekstu. Esame priversti reaguoti be i\u0161lyg\u0173: arba priimti romano si\u016blom\u0105 po\u017ei\u016br\u012f, arba i\u0161 principo atmesti tokio kalb\u0117jimo prielaidas.<\/p>\n<p>Atviras, skaudus i\u0161pa\u017eintinis tekstas yra gr\u012fstas tikr\u0173 moter\u0173 istorijomis.<\/p>\n","protected":false},"excerpt":{"rendered":"<p>Ra\u0161ytoja savo k\u016bryba, vie\u0161ais pasisakymais dr\u0105siai gina asmeninius \u012fsitikinimus, provokuoja kitok\u012f po\u017ei\u016br\u012f \u012f \u012fsisen\u0117jusias visuomen\u0117s problemas. Ma\u017eajame romane \u201eA\u0161 nu\u017eud\u017eiau savo dukter\u012f\u201c ji kalba moters, patyrusios abort\u0105, l\u016bpomis. Talentingai papasakojama asmenyb\u0117s ir \u0161eimos drama, dvasinio apsivalymo istorija. Naujojo Vidmant\u0117s Jasukaityt\u0117s romano ne\u012fmanoma priimti vienaprasmi\u0161kai. Vienus jis \u0161okiruos, kitus paskatins i\u0161gyventi skausming\u0105 atpa\u017einim\u0105. Ra\u0161ytoja \u0161\u012f syk\u012f imasi aktualios socialin\u0117s temos \u2013 ji kalba apie abort\u0105 ir jo pasekmes moters psichikai. Moteris, priversta priimti sprendim\u0105 d\u0117l u\u017esimezgusios gyvyb\u0117s, kiekviename \u017eingsnyje susiduria su dramati\u0161komis tokio sprendimo pasekm\u0117mis. Autor\u0117 neju\u010dia \u012ftraukia \u012f asmeni\u0161k\u0105 santyk\u012f su tekstu. Esame priversti reaguoti be i\u0161lyg\u0173: arba priimti romano si\u016blom\u0105 po\u017ei\u016br\u012f, arba i\u0161 principo atmesti tokio kalb\u0117jimo prielaidas. Atviras, skaudus i\u0161pa\u017eintinis tekstas yra gr\u012fstas tikr\u0173 moter\u0173 istorijomis.<\/p>\n","protected":false},"featured_media":22739,"comment_status":"open","ping_status":"closed","template":"","meta":{"_acf_changed":false,"site-sidebar-layout":"default","site-content-layout":"","ast-site-content-layout":"default","site-content-style":"default","site-sidebar-style":"default","ast-global-header-display":"","ast-banner-title-visibility":"","ast-main-header-display":"","ast-hfb-above-header-display":"","ast-hfb-below-header-display":"","ast-hfb-mobile-header-display":"","site-post-title":"","ast-breadcrumbs-content":"","ast-featured-img":"","footer-sml-layout":"","ast-disable-related-posts":"","theme-transparent-header-meta":"","adv-header-id-meta":"","stick-header-meta":"","header-above-stick-meta":"","header-main-stick-meta":"","header-below-stick-meta":"","astra-migrate-meta-layouts":"default","ast-page-background-enabled":"default","ast-page-background-meta":{"desktop":{"background-color":"","background-image":"","background-repeat":"repeat","background-position":"center center","background-size":"auto","background-attachment":"scroll","background-type":"","background-media":"","overlay-type":"","overlay-color":"","overlay-opacity":"","overlay-gradient":""},"tablet":{"background-color":"","background-image":"","background-repeat":"repeat","background-position":"center center","background-size":"auto","background-attachment":"scroll","background-type":"","background-media":"","overlay-type":"","overlay-color":"","overlay-opacity":"","overlay-gradient":""},"mobile":{"background-color":"","background-image":"","background-repeat":"repeat","background-position":"center center","background-size":"auto","background-attachment":"scroll","background-type":"","background-media":"","overlay-type":"","overlay-color":"","overlay-opacity":"","overlay-gradient":""}},"ast-content-background-meta":{"desktop":{"background-color":"var(--ast-global-color-4)","background-image":"","background-repeat":"repeat","background-position":"center center","background-size":"auto","background-attachment":"scroll","background-type":"","background-media":"","overlay-type":"","overlay-color":"","overlay-opacity":"","overlay-gradient":""},"tablet":{"background-color":"var(--ast-global-color-4)","background-image":"","background-repeat":"repeat","background-position":"center center","background-size":"auto","background-attachment":"scroll","background-type":"","background-media":"","overlay-type":"","overlay-color":"","overlay-opacity":"","overlay-gradient":""},"mobile":{"background-color":"var(--ast-global-color-4)","background-image":"","background-repeat":"repeat","background-position":"center center","background-size":"auto","background-attachment":"scroll","background-type":"","background-media":"","overlay-type":"","overlay-color":"","overlay-opacity":"","overlay-gradient":""}}},"product_brand":[],"product_cat":[31],"product_tag":[],"class_list":{"0":"post-22734","1":"product","2":"type-product","3":"status-publish","4":"has-post-thumbnail","6":"product_cat-grozine-literatura","7":"desktop-align-left","8":"tablet-align-left","9":"mobile-align-left","11":"first","12":"instock","13":"shipping-taxable","14":"purchasable","15":"product-type-simple"},"acf":[],"yoast_head":"<!-- This site is optimized with the Yoast SEO plugin v27.0 - https:\/\/yoast.com\/product\/yoast-seo-wordpress\/ -->\n<title>A\u0161 nu\u017eud\u017eiau savo dukter\u012f<\/title>\n<meta name=\"description\" content=\"Ra\u0161ytoja savo k\u016bryba, vie\u0161ais pasisakymais dr\u0105siai gina asmeninius \u012fsitikinimus, provokuoja kitok\u012f po\u017ei\u016br\u012f \u012f \u012fsisen\u0117jusias visuomen\u0117s problemas. Ma\u017eajame\" \/>\n<meta name=\"robots\" content=\"index, follow, max-snippet:-1, max-image-preview:large, max-video-preview:-1\" \/>\n<link rel=\"canonical\" href=\"https:\/\/skaitytaknyga.lt\/en\/produktas\/as-nuzudziau-savo-dukteri\/\" \/>\n<meta property=\"og:locale\" content=\"en_GB\" \/>\n<meta property=\"og:locale:alternate\" content=\"lt_LT\" \/>\n<meta property=\"og:type\" content=\"article\" \/>\n<meta property=\"og:title\" content=\"A\u0161 nu\u017eud\u017eiau savo dukter\u012f\" \/>\n<meta property=\"og:description\" content=\"Ra\u0161ytoja savo k\u016bryba, vie\u0161ais pasisakymais dr\u0105siai gina asmeninius \u012fsitikinimus, provokuoja kitok\u012f po\u017ei\u016br\u012f \u012f \u012fsisen\u0117jusias visuomen\u0117s problemas. Ma\u017eajame\" \/>\n<meta property=\"og:url\" content=\"https:\/\/skaitytaknyga.lt\/en\/produktas\/as-nuzudziau-savo-dukteri\/\" \/>\n<meta property=\"og:site_name\" content=\"Skaitytaknyga\" \/>\n<meta property=\"article:publisher\" content=\"https:\/\/www.facebook.com\/skaitytaknyga\/\" \/>\n<meta property=\"article:modified_time\" content=\"2026-01-28T09:39:52+00:00\" \/>\n<meta property=\"og:image\" content=\"https:\/\/skaitytaknyga.lt\/wp-content\/uploads\/2026\/01\/As-nuzudziau-savo-dukteri-1.webp\" \/>\n\t<meta property=\"og:image:width\" content=\"300\" \/>\n\t<meta property=\"og:image:height\" content=\"472\" \/>\n\t<meta property=\"og:image:type\" content=\"image\/webp\" \/>\n<meta name=\"twitter:card\" content=\"summary_large_image\" \/>\n<meta name=\"twitter:label1\" content=\"Estimated reading time\" \/>\n\t<meta name=\"twitter:data1\" content=\"1 minute\" \/>\n<script type=\"application\/ld+json\" class=\"yoast-schema-graph\">{\"@context\":\"https:\/\/schema.org\",\"@graph\":[{\"@type\":\"WebPage\",\"@id\":\"https:\/\/skaitytaknyga.lt\/produktas\/as-nuzudziau-savo-dukteri\/\",\"url\":\"https:\/\/skaitytaknyga.lt\/produktas\/as-nuzudziau-savo-dukteri\/\",\"name\":\"A\u0161 nu\u017eud\u017eiau savo dukter\u012f\",\"isPartOf\":{\"@id\":\"https:\/\/skaitytaknyga.lt\/#website\"},\"primaryImageOfPage\":{\"@id\":\"https:\/\/skaitytaknyga.lt\/produktas\/as-nuzudziau-savo-dukteri\/#primaryimage\"},\"image\":{\"@id\":\"https:\/\/skaitytaknyga.lt\/produktas\/as-nuzudziau-savo-dukteri\/#primaryimage\"},\"thumbnailUrl\":\"https:\/\/skaitytaknyga.lt\/wp-content\/uploads\/2026\/01\/As-nuzudziau-savo-dukteri-1.webp\",\"datePublished\":\"2026-01-28T09:24:53+00:00\",\"dateModified\":\"2026-01-28T09:39:52+00:00\",\"description\":\"Ra\u0161ytoja savo k\u016bryba, vie\u0161ais pasisakymais dr\u0105siai gina asmeninius \u012fsitikinimus, provokuoja kitok\u012f po\u017ei\u016br\u012f \u012f \u012fsisen\u0117jusias visuomen\u0117s problemas. Ma\u017eajame\",\"breadcrumb\":{\"@id\":\"https:\/\/skaitytaknyga.lt\/produktas\/as-nuzudziau-savo-dukteri\/#breadcrumb\"},\"inLanguage\":\"en-GB\",\"potentialAction\":[{\"@type\":\"ReadAction\",\"target\":[\"https:\/\/skaitytaknyga.lt\/produktas\/as-nuzudziau-savo-dukteri\/\"]}]},{\"@type\":\"ImageObject\",\"inLanguage\":\"en-GB\",\"@id\":\"https:\/\/skaitytaknyga.lt\/produktas\/as-nuzudziau-savo-dukteri\/#primaryimage\",\"url\":\"https:\/\/skaitytaknyga.lt\/wp-content\/uploads\/2026\/01\/As-nuzudziau-savo-dukteri-1.webp\",\"contentUrl\":\"https:\/\/skaitytaknyga.lt\/wp-content\/uploads\/2026\/01\/As-nuzudziau-savo-dukteri-1.webp\",\"width\":300,\"height\":472},{\"@type\":\"BreadcrumbList\",\"@id\":\"https:\/\/skaitytaknyga.lt\/produktas\/as-nuzudziau-savo-dukteri\/#breadcrumb\",\"itemListElement\":[{\"@type\":\"ListItem\",\"position\":1,\"name\":\"Home\",\"item\":\"https:\/\/skaitytaknyga.lt\/\"},{\"@type\":\"ListItem\",\"position\":2,\"name\":\"Parduotuv\u0117\",\"item\":\"https:\/\/skaitytaknyga.lt\/knygu-parduotuve\/\"},{\"@type\":\"ListItem\",\"position\":3,\"name\":\"A\u0161 nu\u017eud\u017eiau savo dukter\u012f\"}]},{\"@type\":\"WebSite\",\"@id\":\"https:\/\/skaitytaknyga.lt\/#website\",\"url\":\"https:\/\/skaitytaknyga.lt\/\",\"name\":\"skaitytaknyga.lt\",\"description\":\"Skaitytaknyga.lt \u2013 tai ma\u017eas \u0161eimos verslas, kuris prasid\u0117jo nuo meil\u0117s knygoms ir siekio i\u0161gelb\u0117ti knygas nuo likimo prie konteinerio. Kas vienam nereikalingas daiktas \u2013 kitam lobis, o mes esame tarpininkai, kurie padeda abiems tapti laimingesniems ???? \u017dinome kaip nelengva i\u0161gyventi ma\u017eiems verslams, tad nuo \u0161iol, \u010dia rasite ir kit\u0173, ma\u017e\u0173 \u0161eim\u0173 versl\u0173, rank\u0173 darbo, dovan\u0173 sau ir artimiesiems.\",\"publisher\":{\"@id\":\"https:\/\/skaitytaknyga.lt\/#organization\"},\"potentialAction\":[{\"@type\":\"SearchAction\",\"target\":{\"@type\":\"EntryPoint\",\"urlTemplate\":\"https:\/\/skaitytaknyga.lt\/?s={search_term_string}\"},\"query-input\":{\"@type\":\"PropertyValueSpecification\",\"valueRequired\":true,\"valueName\":\"search_term_string\"}}],\"inLanguage\":\"en-GB\"},{\"@type\":\"Organization\",\"@id\":\"https:\/\/skaitytaknyga.lt\/#organization\",\"name\":\"skaitytaknyga.lt\",\"url\":\"https:\/\/skaitytaknyga.lt\/\",\"logo\":{\"@type\":\"ImageObject\",\"inLanguage\":\"en-GB\",\"@id\":\"https:\/\/skaitytaknyga.lt\/#\/schema\/logo\/image\/\",\"url\":\"https:\/\/skaitytaknyga.lt\/wp-content\/uploads\/2024\/05\/cropped-cropped-cropped-02_00843_jt3bggkj1j3HLc7SyY6rEUpg.jpeg\",\"contentUrl\":\"https:\/\/skaitytaknyga.lt\/wp-content\/uploads\/2024\/05\/cropped-cropped-cropped-02_00843_jt3bggkj1j3HLc7SyY6rEUpg.jpeg\",\"width\":1600,\"height\":1600,\"caption\":\"skaitytaknyga.lt\"},\"image\":{\"@id\":\"https:\/\/skaitytaknyga.lt\/#\/schema\/logo\/image\/\"},\"sameAs\":[\"https:\/\/www.facebook.com\/skaitytaknyga\/\"]}]}<\/script>\n<!-- \/ Yoast SEO plugin. -->","yoast_head_json":{"title":"A\u0161 nu\u017eud\u017eiau savo dukter\u012f","description":"Ra\u0161ytoja savo k\u016bryba, vie\u0161ais pasisakymais dr\u0105siai gina asmeninius \u012fsitikinimus, provokuoja kitok\u012f po\u017ei\u016br\u012f \u012f \u012fsisen\u0117jusias visuomen\u0117s problemas. Ma\u017eajame","robots":{"index":"index","follow":"follow","max-snippet":"max-snippet:-1","max-image-preview":"max-image-preview:large","max-video-preview":"max-video-preview:-1"},"canonical":"https:\/\/skaitytaknyga.lt\/en\/produktas\/as-nuzudziau-savo-dukteri\/","og_locale":"en_GB","og_type":"article","og_title":"[:lt]A\u0161 nu\u017eud\u017eiau savo dukter\u012f[:] - Skaitytaknyga","og_description":"Ra\u0161ytoja savo k\u016bryba, vie\u0161ais pasisakymais dr\u0105siai gina asmeninius \u012fsitikinimus, provokuoja kitok\u012f po\u017ei\u016br\u012f \u012f \u012fsisen\u0117jusias visuomen\u0117s problemas. Ma\u017eajame","og_url":"https:\/\/skaitytaknyga.lt\/en\/produktas\/as-nuzudziau-savo-dukteri\/","og_site_name":"Skaitytaknyga","article_publisher":"https:\/\/www.facebook.com\/skaitytaknyga\/","article_modified_time":"2026-01-28T09:39:52+00:00","og_image":[{"width":300,"height":472,"url":"https:\/\/skaitytaknyga.lt\/wp-content\/uploads\/2026\/01\/As-nuzudziau-savo-dukteri-1.webp","type":"image\/webp"}],"twitter_card":"summary_large_image","twitter_misc":{"Estimated reading time":"1 minute"},"schema":{"@context":"https:\/\/schema.org","@graph":[{"@type":"WebPage","@id":"https:\/\/skaitytaknyga.lt\/produktas\/as-nuzudziau-savo-dukteri\/","url":"https:\/\/skaitytaknyga.lt\/produktas\/as-nuzudziau-savo-dukteri\/","name":"A\u0161 nu\u017eud\u017eiau savo dukter\u012f","isPartOf":{"@id":"https:\/\/skaitytaknyga.lt\/#website"},"primaryImageOfPage":{"@id":"https:\/\/skaitytaknyga.lt\/produktas\/as-nuzudziau-savo-dukteri\/#primaryimage"},"image":{"@id":"https:\/\/skaitytaknyga.lt\/produktas\/as-nuzudziau-savo-dukteri\/#primaryimage"},"thumbnailUrl":"https:\/\/skaitytaknyga.lt\/wp-content\/uploads\/2026\/01\/As-nuzudziau-savo-dukteri-1.webp","datePublished":"2026-01-28T09:24:53+00:00","dateModified":"2026-01-28T09:39:52+00:00","description":"Ra\u0161ytoja savo k\u016bryba, vie\u0161ais pasisakymais dr\u0105siai gina asmeninius \u012fsitikinimus, provokuoja kitok\u012f po\u017ei\u016br\u012f \u012f \u012fsisen\u0117jusias visuomen\u0117s problemas. Ma\u017eajame","breadcrumb":{"@id":"https:\/\/skaitytaknyga.lt\/produktas\/as-nuzudziau-savo-dukteri\/#breadcrumb"},"inLanguage":"en-GB","potentialAction":[{"@type":"ReadAction","target":["https:\/\/skaitytaknyga.lt\/produktas\/as-nuzudziau-savo-dukteri\/"]}]},{"@type":"ImageObject","inLanguage":"en-GB","@id":"https:\/\/skaitytaknyga.lt\/produktas\/as-nuzudziau-savo-dukteri\/#primaryimage","url":"https:\/\/skaitytaknyga.lt\/wp-content\/uploads\/2026\/01\/As-nuzudziau-savo-dukteri-1.webp","contentUrl":"https:\/\/skaitytaknyga.lt\/wp-content\/uploads\/2026\/01\/As-nuzudziau-savo-dukteri-1.webp","width":300,"height":472},{"@type":"BreadcrumbList","@id":"https:\/\/skaitytaknyga.lt\/produktas\/as-nuzudziau-savo-dukteri\/#breadcrumb","itemListElement":[{"@type":"ListItem","position":1,"name":"Home","item":"https:\/\/skaitytaknyga.lt\/"},{"@type":"ListItem","position":2,"name":"Parduotuv\u0117","item":"https:\/\/skaitytaknyga.lt\/knygu-parduotuve\/"},{"@type":"ListItem","position":3,"name":"A\u0161 nu\u017eud\u017eiau savo dukter\u012f"}]},{"@type":"WebSite","@id":"https:\/\/skaitytaknyga.lt\/#website","url":"https:\/\/skaitytaknyga.lt\/","name":"skaitytaknyga.lt","description":"Skaitytaknyga.lt \u2013 tai ma\u017eas \u0161eimos verslas, kuris prasid\u0117jo nuo meil\u0117s knygoms ir siekio i\u0161gelb\u0117ti knygas nuo likimo prie konteinerio. Kas vienam nereikalingas daiktas \u2013 kitam lobis, o mes esame tarpininkai, kurie padeda abiems tapti laimingesniems ???? \u017dinome kaip nelengva i\u0161gyventi ma\u017eiems verslams, tad nuo \u0161iol, \u010dia rasite ir kit\u0173, ma\u017e\u0173 \u0161eim\u0173 versl\u0173, rank\u0173 darbo, dovan\u0173 sau ir artimiesiems.","publisher":{"@id":"https:\/\/skaitytaknyga.lt\/#organization"},"potentialAction":[{"@type":"SearchAction","target":{"@type":"EntryPoint","urlTemplate":"https:\/\/skaitytaknyga.lt\/?s={search_term_string}"},"query-input":{"@type":"PropertyValueSpecification","valueRequired":true,"valueName":"search_term_string"}}],"inLanguage":"en-GB"},{"@type":"Organization","@id":"https:\/\/skaitytaknyga.lt\/#organization","name":"skaitytaknyga.lt","url":"https:\/\/skaitytaknyga.lt\/","logo":{"@type":"ImageObject","inLanguage":"en-GB","@id":"https:\/\/skaitytaknyga.lt\/#\/schema\/logo\/image\/","url":"https:\/\/skaitytaknyga.lt\/wp-content\/uploads\/2024\/05\/cropped-cropped-cropped-02_00843_jt3bggkj1j3HLc7SyY6rEUpg.jpeg","contentUrl":"https:\/\/skaitytaknyga.lt\/wp-content\/uploads\/2024\/05\/cropped-cropped-cropped-02_00843_jt3bggkj1j3HLc7SyY6rEUpg.jpeg","width":1600,"height":1600,"caption":"skaitytaknyga.lt"},"image":{"@id":"https:\/\/skaitytaknyga.lt\/#\/schema\/logo\/image\/"},"sameAs":["https:\/\/www.facebook.com\/skaitytaknyga\/"]}]}},"_links":{"self":[{"href":"https:\/\/skaitytaknyga.lt\/en\/wp-json\/wp\/v2\/product\/22734","targetHints":{"allow":["GET"]}}],"collection":[{"href":"https:\/\/skaitytaknyga.lt\/en\/wp-json\/wp\/v2\/product"}],"about":[{"href":"https:\/\/skaitytaknyga.lt\/en\/wp-json\/wp\/v2\/types\/product"}],"replies":[{"embeddable":true,"href":"https:\/\/skaitytaknyga.lt\/en\/wp-json\/wp\/v2\/comments?post=22734"}],"wp:featuredmedia":[{"embeddable":true,"href":"https:\/\/skaitytaknyga.lt\/en\/wp-json\/wp\/v2\/media\/22739"}],"wp:attachment":[{"href":"https:\/\/skaitytaknyga.lt\/en\/wp-json\/wp\/v2\/media?parent=22734"}],"wp:term":[{"taxonomy":"product_brand","embeddable":true,"href":"https:\/\/skaitytaknyga.lt\/en\/wp-json\/wp\/v2\/product_brand?post=22734"},{"taxonomy":"product_cat","embeddable":true,"href":"https:\/\/skaitytaknyga.lt\/en\/wp-json\/wp\/v2\/product_cat?post=22734"},{"taxonomy":"product_tag","embeddable":true,"href":"https:\/\/skaitytaknyga.lt\/en\/wp-json\/wp\/v2\/product_tag?post=22734"}],"curies":[{"name":"wp","href":"https:\/\/api.w.org\/{rel}","templated":true}]}}