{"id":22732,"date":"2026-01-28T11:24:53","date_gmt":"2026-01-28T09:24:53","guid":{"rendered":"https:\/\/skaitytaknyga.lt\/?post_type=product&#038;p=22732"},"modified":"2026-01-28T11:39:52","modified_gmt":"2026-01-28T09:39:52","slug":"uzsiauginkite-nauja-kuna","status":"publish","type":"product","link":"https:\/\/skaitytaknyga.lt\/en\/produktas\/uzsiauginkite-nauja-kuna\/","title":{"rendered":"U\u017esiauginkite nauj\u0105 k\u016bn\u0105 (yra skaitymo \u017eymi\u0173)"},"content":{"rendered":"<p>Pripa\u017eintas \u0161amanas ir mokytojas Albertas Viloldas, remdamasis savo 25 met\u0173 medicinos antropologo patirtimi, taip pat asmenine kelione nuo mirties slenks\u010dio atgal \u012f sveikat\u0105, pasakoja, kaip detoksikuoti smegenis ir \u017earnyn\u0105, kaip dirbti su savo \u0161vytin\u010diu energijos lauku, kad gyt\u0173 k\u016bnas, ir kaip keliauti senoviniu \u0161aman\u0173 medicinos ratu, kad i\u0161silaisvintume i\u0161 gniu\u017edan\u010di\u0173 savo praeities istorij\u0173 ir paruo\u0161tume dirv\u0105 savo atgimimui.&#8221;<\/p>\n<p>\u0160i knyga \u2013 tai lengvai suprantamas ir i\u0161samus sveikatos vadovas, kuriame pateikiamos ne tik senovin\u0117s gydymosi ir transformacijos praktikos, bet ir patys naujausi moksliniai atradimai. \u010cia taip pat rasite recept\u0173 ir 7 dien\u0173 mitybos program\u0105 \u201eU\u017esiauginkite nauj\u0105 k\u016bn\u0105&#8221;.<\/p>\n<p>Taikydami knygoje apra\u0161ytus principus ir metodus, galite pasijusti geriau jau po keleto dien\u0173, per savait\u0119 gali prad\u0117ti gyti j\u016bs\u0173 smegenys ir \u0161vies\u0117ti protas, o per \u0161e\u0161ias savaites jau galite b\u016bti toli pa\u017eeng\u0119 naujo k\u016bno auginimo keliu \u2013 tai bus toks k\u016bnas, kuris spar\u010diai gyja, i\u0161saugo savo jaunatvi\u0161k\u0105 gyvybingum\u0105 ir palaiko j\u016bs\u0173 ry\u0161\u012f su Dvasia, su \u017eeme ir su naujai atrastu savo paskirties gyvenime poj\u016b\u010diu.<\/p>\n<p>\u201eKai m\u016bs\u0173 protas, emocijos, santykiai ar k\u016bno funkcijos sutrinka, esame link\u0119 ignoruoti problemas tol, kol pasidaro visi\u0161kai blogai \u2013 i\u0161girstame g\u0105sdinan\u010di\u0105 diagnoz\u0119, suyra santykiai, mir\u0161ta mylimas \u017emogus arba nebegalime \u012fprastai funkcionuoti kasdienyb\u0117je. Kai kas nors tik truput\u012f negerai, paskaitin\u0117jame savigalbos knygas arba nueiname \u012f kok\u012f seminar\u0105. Atsid\u016br\u0119 rimtoje b\u0117doje, kreipiam\u0117s \u012f ekspertus ir tikim\u0117s, kad jie i\u0161spr\u0119s m\u016bs\u0173 problem\u0105: onkologai imsis gydyti v\u0117\u017e\u012f, neurologai atkurs m\u016bs\u0173 smegenis, psichologai pad\u0117s atgauti ramyb\u0119 ir suprasti \u0161eim\u0105, i\u0161 kurios esame kil\u0119. Ta\u010diau \u0161is fragmenti\u0161kas po\u017ei\u016bris \u012f sveikat\u0105 yra tik laikina priemon\u0117. Nor\u0117dami i\u0161 ties\u0173 i\u0161gyti, privalome v\u0117l atrasti t\u0105 pradin\u012f gerov\u0117s recept\u0105, kuris buvo \u017einomas prie\u0161 t\u016bkstantme\u010dius: Vienio Dvasios medicin\u0105.&#8221;<\/p>\n<p>A. Viloldas<\/p>\n","protected":false},"excerpt":{"rendered":"<p>Pripa\u017eintas \u0161amanas ir mokytojas Albertas Viloldas, remdamasis savo 25 met\u0173 medicinos antropologo patirtimi, taip pat asmenine kelione nuo mirties slenks\u010dio atgal \u012f sveikat\u0105, pasakoja, kaip detoksikuoti smegenis ir \u017earnyn\u0105, kaip dirbti su savo \u0161vytin\u010diu energijos lauku, kad gyt\u0173 k\u016bnas, ir kaip keliauti senoviniu \u0161aman\u0173 medicinos ratu, kad i\u0161silaisvintume i\u0161 gniu\u017edan\u010di\u0173 savo praeities istorij\u0173 ir paruo\u0161tume dirv\u0105 savo atgimimui.&#8221; \u0160i knyga \u2013 tai lengvai suprantamas ir i\u0161samus sveikatos vadovas, kuriame pateikiamos ne tik senovin\u0117s gydymosi ir transformacijos praktikos, bet ir patys naujausi moksliniai atradimai. \u010cia taip pat rasite recept\u0173 ir 7 dien\u0173 mitybos program\u0105 \u201eU\u017esiauginkite nauj\u0105 k\u016bn\u0105&#8221;. Taikydami knygoje apra\u0161ytus principus ir metodus, galite pasijusti geriau jau po keleto dien\u0173, per savait\u0119 gali prad\u0117ti gyti j\u016bs\u0173 smegenys ir \u0161vies\u0117ti protas, o per \u0161e\u0161ias savaites jau galite b\u016bti toli pa\u017eeng\u0119 naujo k\u016bno auginimo keliu \u2013 tai bus toks k\u016bnas, kuris spar\u010diai gyja, i\u0161saugo savo jaunatvi\u0161k\u0105 gyvybingum\u0105 ir palaiko j\u016bs\u0173 ry\u0161\u012f su Dvasia, su \u017eeme ir su naujai atrastu savo paskirties gyvenime poj\u016b\u010diu. \u201eKai m\u016bs\u0173 protas, emocijos, santykiai ar k\u016bno funkcijos sutrinka, esame link\u0119 ignoruoti problemas tol, kol pasidaro visi\u0161kai blogai \u2013 i\u0161girstame g\u0105sdinan\u010di\u0105 diagnoz\u0119, suyra santykiai, mir\u0161ta mylimas \u017emogus arba nebegalime \u012fprastai funkcionuoti kasdienyb\u0117je. Kai kas nors tik truput\u012f negerai, paskaitin\u0117jame savigalbos knygas arba nueiname \u012f kok\u012f seminar\u0105. Atsid\u016br\u0119 rimtoje b\u0117doje, kreipiam\u0117s \u012f ekspertus ir tikim\u0117s, kad jie i\u0161spr\u0119s m\u016bs\u0173 problem\u0105: onkologai imsis gydyti v\u0117\u017e\u012f, neurologai atkurs m\u016bs\u0173 smegenis, psichologai pad\u0117s atgauti ramyb\u0119 ir suprasti \u0161eim\u0105, i\u0161 kurios esame kil\u0119. Ta\u010diau \u0161is fragmenti\u0161kas po\u017ei\u016bris \u012f sveikat\u0105 yra tik laikina priemon\u0117. Nor\u0117dami i\u0161 ties\u0173 i\u0161gyti, privalome v\u0117l atrasti t\u0105 pradin\u012f gerov\u0117s recept\u0105, kuris buvo \u017einomas prie\u0161 t\u016bkstantme\u010dius: Vienio Dvasios medicin\u0105.&#8221; A. Viloldas<\/p>\n","protected":false},"featured_media":22737,"comment_status":"open","ping_status":"closed","template":"","meta":{"_acf_changed":false,"site-sidebar-layout":"default","site-content-layout":"","ast-site-content-layout":"default","site-content-style":"default","site-sidebar-style":"default","ast-global-header-display":"","ast-banner-title-visibility":"","ast-main-header-display":"","ast-hfb-above-header-display":"","ast-hfb-below-header-display":"","ast-hfb-mobile-header-display":"","site-post-title":"","ast-breadcrumbs-content":"","ast-featured-img":"","footer-sml-layout":"","ast-disable-related-posts":"","theme-transparent-header-meta":"","adv-header-id-meta":"","stick-header-meta":"","header-above-stick-meta":"","header-main-stick-meta":"","header-below-stick-meta":"","astra-migrate-meta-layouts":"default","ast-page-background-enabled":"default","ast-page-background-meta":{"desktop":{"background-color":"","background-image":"","background-repeat":"repeat","background-position":"center center","background-size":"auto","background-attachment":"scroll","background-type":"","background-media":"","overlay-type":"","overlay-color":"","overlay-opacity":"","overlay-gradient":""},"tablet":{"background-color":"","background-image":"","background-repeat":"repeat","background-position":"center center","background-size":"auto","background-attachment":"scroll","background-type":"","background-media":"","overlay-type":"","overlay-color":"","overlay-opacity":"","overlay-gradient":""},"mobile":{"background-color":"","background-image":"","background-repeat":"repeat","background-position":"center center","background-size":"auto","background-attachment":"scroll","background-type":"","background-media":"","overlay-type":"","overlay-color":"","overlay-opacity":"","overlay-gradient":""}},"ast-content-background-meta":{"desktop":{"background-color":"var(--ast-global-color-4)","background-image":"","background-repeat":"repeat","background-position":"center center","background-size":"auto","background-attachment":"scroll","background-type":"","background-media":"","overlay-type":"","overlay-color":"","overlay-opacity":"","overlay-gradient":""},"tablet":{"background-color":"var(--ast-global-color-4)","background-image":"","background-repeat":"repeat","background-position":"center center","background-size":"auto","background-attachment":"scroll","background-type":"","background-media":"","overlay-type":"","overlay-color":"","overlay-opacity":"","overlay-gradient":""},"mobile":{"background-color":"var(--ast-global-color-4)","background-image":"","background-repeat":"repeat","background-position":"center center","background-size":"auto","background-attachment":"scroll","background-type":"","background-media":"","overlay-type":"","overlay-color":"","overlay-opacity":"","overlay-gradient":""}}},"product_brand":[],"product_cat":[55],"product_tag":[],"class_list":{"0":"post-22732","1":"product","2":"type-product","3":"status-publish","4":"has-post-thumbnail","6":"product_cat-sveikata-ir-sveika-mityba","7":"desktop-align-left","8":"tablet-align-left","9":"mobile-align-left","11":"first","12":"instock","13":"shipping-taxable","14":"purchasable","15":"product-type-simple"},"acf":[],"yoast_head":"<!-- This site is optimized with the Yoast SEO plugin v27.0 - https:\/\/yoast.com\/product\/yoast-seo-wordpress\/ -->\n<title>U\u017esiauginkite nauj\u0105 k\u016bn\u0105 (yra skaitymo \u017eymi\u0173)<\/title>\n<meta name=\"description\" content=\"Pripa\u017eintas \u0161amanas ir mokytojas Albertas Viloldas, remdamasis savo 25 met\u0173 medicinos antropologo patirtimi, taip pat asmenine kelione nuo mirties\" \/>\n<meta name=\"robots\" content=\"index, follow, max-snippet:-1, max-image-preview:large, max-video-preview:-1\" \/>\n<link rel=\"canonical\" href=\"https:\/\/skaitytaknyga.lt\/en\/produktas\/uzsiauginkite-nauja-kuna\/\" \/>\n<meta property=\"og:locale\" content=\"en_GB\" \/>\n<meta property=\"og:locale:alternate\" content=\"lt_LT\" \/>\n<meta property=\"og:type\" content=\"article\" \/>\n<meta property=\"og:title\" content=\"U\u017esiauginkite nauj\u0105 k\u016bn\u0105 (yra skaitymo \u017eymi\u0173)\" \/>\n<meta property=\"og:description\" content=\"Pripa\u017eintas \u0161amanas ir mokytojas Albertas Viloldas, remdamasis savo 25 met\u0173 medicinos antropologo patirtimi, taip pat asmenine kelione nuo mirties\" \/>\n<meta property=\"og:url\" content=\"https:\/\/skaitytaknyga.lt\/en\/produktas\/uzsiauginkite-nauja-kuna\/\" \/>\n<meta property=\"og:site_name\" content=\"Skaitytaknyga\" \/>\n<meta property=\"article:publisher\" content=\"https:\/\/www.facebook.com\/skaitytaknyga\/\" \/>\n<meta property=\"article:modified_time\" content=\"2026-01-28T09:39:52+00:00\" \/>\n<meta property=\"og:image\" content=\"https:\/\/skaitytaknyga.lt\/wp-content\/uploads\/2026\/01\/Uzsiauginkite-nauja-kuna-1.webp\" \/>\n\t<meta property=\"og:image:width\" content=\"300\" \/>\n\t<meta property=\"og:image:height\" content=\"440\" \/>\n\t<meta property=\"og:image:type\" content=\"image\/webp\" \/>\n<meta name=\"twitter:card\" content=\"summary_large_image\" \/>\n<meta name=\"twitter:label1\" content=\"Estimated reading time\" \/>\n\t<meta name=\"twitter:data1\" content=\"2 minutes\" \/>\n<script type=\"application\/ld+json\" class=\"yoast-schema-graph\">{\"@context\":\"https:\/\/schema.org\",\"@graph\":[{\"@type\":\"WebPage\",\"@id\":\"https:\/\/skaitytaknyga.lt\/produktas\/uzsiauginkite-nauja-kuna\/\",\"url\":\"https:\/\/skaitytaknyga.lt\/produktas\/uzsiauginkite-nauja-kuna\/\",\"name\":\"U\u017esiauginkite nauj\u0105 k\u016bn\u0105 (yra skaitymo \u017eymi\u0173)\",\"isPartOf\":{\"@id\":\"https:\/\/skaitytaknyga.lt\/#website\"},\"primaryImageOfPage\":{\"@id\":\"https:\/\/skaitytaknyga.lt\/produktas\/uzsiauginkite-nauja-kuna\/#primaryimage\"},\"image\":{\"@id\":\"https:\/\/skaitytaknyga.lt\/produktas\/uzsiauginkite-nauja-kuna\/#primaryimage\"},\"thumbnailUrl\":\"https:\/\/skaitytaknyga.lt\/wp-content\/uploads\/2026\/01\/Uzsiauginkite-nauja-kuna-1.webp\",\"datePublished\":\"2026-01-28T09:24:53+00:00\",\"dateModified\":\"2026-01-28T09:39:52+00:00\",\"description\":\"Pripa\u017eintas \u0161amanas ir mokytojas Albertas Viloldas, remdamasis savo 25 met\u0173 medicinos antropologo patirtimi, taip pat asmenine kelione nuo mirties\",\"breadcrumb\":{\"@id\":\"https:\/\/skaitytaknyga.lt\/produktas\/uzsiauginkite-nauja-kuna\/#breadcrumb\"},\"inLanguage\":\"en-GB\",\"potentialAction\":[{\"@type\":\"ReadAction\",\"target\":[\"https:\/\/skaitytaknyga.lt\/produktas\/uzsiauginkite-nauja-kuna\/\"]}]},{\"@type\":\"ImageObject\",\"inLanguage\":\"en-GB\",\"@id\":\"https:\/\/skaitytaknyga.lt\/produktas\/uzsiauginkite-nauja-kuna\/#primaryimage\",\"url\":\"https:\/\/skaitytaknyga.lt\/wp-content\/uploads\/2026\/01\/Uzsiauginkite-nauja-kuna-1.webp\",\"contentUrl\":\"https:\/\/skaitytaknyga.lt\/wp-content\/uploads\/2026\/01\/Uzsiauginkite-nauja-kuna-1.webp\",\"width\":300,\"height\":440,\"caption\":\"U\u017esiauginkite nauj\u0105 k\u016bn\u0105\"},{\"@type\":\"BreadcrumbList\",\"@id\":\"https:\/\/skaitytaknyga.lt\/produktas\/uzsiauginkite-nauja-kuna\/#breadcrumb\",\"itemListElement\":[{\"@type\":\"ListItem\",\"position\":1,\"name\":\"Home\",\"item\":\"https:\/\/skaitytaknyga.lt\/\"},{\"@type\":\"ListItem\",\"position\":2,\"name\":\"Parduotuv\u0117\",\"item\":\"https:\/\/skaitytaknyga.lt\/knygu-parduotuve\/\"},{\"@type\":\"ListItem\",\"position\":3,\"name\":\"U\u017esiauginkite nauj\u0105 k\u016bn\u0105 (yra skaitymo \u017eymi\u0173)\"}]},{\"@type\":\"WebSite\",\"@id\":\"https:\/\/skaitytaknyga.lt\/#website\",\"url\":\"https:\/\/skaitytaknyga.lt\/\",\"name\":\"skaitytaknyga.lt\",\"description\":\"Skaitytaknyga.lt \u2013 tai ma\u017eas \u0161eimos verslas, kuris prasid\u0117jo nuo meil\u0117s knygoms ir siekio i\u0161gelb\u0117ti knygas nuo likimo prie konteinerio. Kas vienam nereikalingas daiktas \u2013 kitam lobis, o mes esame tarpininkai, kurie padeda abiems tapti laimingesniems ???? \u017dinome kaip nelengva i\u0161gyventi ma\u017eiems verslams, tad nuo \u0161iol, \u010dia rasite ir kit\u0173, ma\u017e\u0173 \u0161eim\u0173 versl\u0173, rank\u0173 darbo, dovan\u0173 sau ir artimiesiems.\",\"publisher\":{\"@id\":\"https:\/\/skaitytaknyga.lt\/#organization\"},\"potentialAction\":[{\"@type\":\"SearchAction\",\"target\":{\"@type\":\"EntryPoint\",\"urlTemplate\":\"https:\/\/skaitytaknyga.lt\/?s={search_term_string}\"},\"query-input\":{\"@type\":\"PropertyValueSpecification\",\"valueRequired\":true,\"valueName\":\"search_term_string\"}}],\"inLanguage\":\"en-GB\"},{\"@type\":\"Organization\",\"@id\":\"https:\/\/skaitytaknyga.lt\/#organization\",\"name\":\"skaitytaknyga.lt\",\"url\":\"https:\/\/skaitytaknyga.lt\/\",\"logo\":{\"@type\":\"ImageObject\",\"inLanguage\":\"en-GB\",\"@id\":\"https:\/\/skaitytaknyga.lt\/#\/schema\/logo\/image\/\",\"url\":\"https:\/\/skaitytaknyga.lt\/wp-content\/uploads\/2024\/05\/cropped-cropped-cropped-02_00843_jt3bggkj1j3HLc7SyY6rEUpg.jpeg\",\"contentUrl\":\"https:\/\/skaitytaknyga.lt\/wp-content\/uploads\/2024\/05\/cropped-cropped-cropped-02_00843_jt3bggkj1j3HLc7SyY6rEUpg.jpeg\",\"width\":1600,\"height\":1600,\"caption\":\"skaitytaknyga.lt\"},\"image\":{\"@id\":\"https:\/\/skaitytaknyga.lt\/#\/schema\/logo\/image\/\"},\"sameAs\":[\"https:\/\/www.facebook.com\/skaitytaknyga\/\"]}]}<\/script>\n<!-- \/ Yoast SEO plugin. -->","yoast_head_json":{"title":"U\u017esiauginkite nauj\u0105 k\u016bn\u0105 (yra skaitymo \u017eymi\u0173)","description":"Pripa\u017eintas \u0161amanas ir mokytojas Albertas Viloldas, remdamasis savo 25 met\u0173 medicinos antropologo patirtimi, taip pat asmenine kelione nuo mirties","robots":{"index":"index","follow":"follow","max-snippet":"max-snippet:-1","max-image-preview":"max-image-preview:large","max-video-preview":"max-video-preview:-1"},"canonical":"https:\/\/skaitytaknyga.lt\/en\/produktas\/uzsiauginkite-nauja-kuna\/","og_locale":"en_GB","og_type":"article","og_title":"[:lt]U\u017esiauginkite nauj\u0105 k\u016bn\u0105 (yra skaitymo \u017eymi\u0173)[:] - Skaitytaknyga","og_description":"Pripa\u017eintas \u0161amanas ir mokytojas Albertas Viloldas, remdamasis savo 25 met\u0173 medicinos antropologo patirtimi, taip pat asmenine kelione nuo mirties","og_url":"https:\/\/skaitytaknyga.lt\/en\/produktas\/uzsiauginkite-nauja-kuna\/","og_site_name":"Skaitytaknyga","article_publisher":"https:\/\/www.facebook.com\/skaitytaknyga\/","article_modified_time":"2026-01-28T09:39:52+00:00","og_image":[{"width":300,"height":440,"url":"https:\/\/skaitytaknyga.lt\/wp-content\/uploads\/2026\/01\/Uzsiauginkite-nauja-kuna-1.webp","type":"image\/webp"}],"twitter_card":"summary_large_image","twitter_misc":{"Estimated reading time":"2 minutes"},"schema":{"@context":"https:\/\/schema.org","@graph":[{"@type":"WebPage","@id":"https:\/\/skaitytaknyga.lt\/produktas\/uzsiauginkite-nauja-kuna\/","url":"https:\/\/skaitytaknyga.lt\/produktas\/uzsiauginkite-nauja-kuna\/","name":"U\u017esiauginkite nauj\u0105 k\u016bn\u0105 (yra skaitymo \u017eymi\u0173)","isPartOf":{"@id":"https:\/\/skaitytaknyga.lt\/#website"},"primaryImageOfPage":{"@id":"https:\/\/skaitytaknyga.lt\/produktas\/uzsiauginkite-nauja-kuna\/#primaryimage"},"image":{"@id":"https:\/\/skaitytaknyga.lt\/produktas\/uzsiauginkite-nauja-kuna\/#primaryimage"},"thumbnailUrl":"https:\/\/skaitytaknyga.lt\/wp-content\/uploads\/2026\/01\/Uzsiauginkite-nauja-kuna-1.webp","datePublished":"2026-01-28T09:24:53+00:00","dateModified":"2026-01-28T09:39:52+00:00","description":"Pripa\u017eintas \u0161amanas ir mokytojas Albertas Viloldas, remdamasis savo 25 met\u0173 medicinos antropologo patirtimi, taip pat asmenine kelione nuo mirties","breadcrumb":{"@id":"https:\/\/skaitytaknyga.lt\/produktas\/uzsiauginkite-nauja-kuna\/#breadcrumb"},"inLanguage":"en-GB","potentialAction":[{"@type":"ReadAction","target":["https:\/\/skaitytaknyga.lt\/produktas\/uzsiauginkite-nauja-kuna\/"]}]},{"@type":"ImageObject","inLanguage":"en-GB","@id":"https:\/\/skaitytaknyga.lt\/produktas\/uzsiauginkite-nauja-kuna\/#primaryimage","url":"https:\/\/skaitytaknyga.lt\/wp-content\/uploads\/2026\/01\/Uzsiauginkite-nauja-kuna-1.webp","contentUrl":"https:\/\/skaitytaknyga.lt\/wp-content\/uploads\/2026\/01\/Uzsiauginkite-nauja-kuna-1.webp","width":300,"height":440,"caption":"U\u017esiauginkite nauj\u0105 k\u016bn\u0105"},{"@type":"BreadcrumbList","@id":"https:\/\/skaitytaknyga.lt\/produktas\/uzsiauginkite-nauja-kuna\/#breadcrumb","itemListElement":[{"@type":"ListItem","position":1,"name":"Home","item":"https:\/\/skaitytaknyga.lt\/"},{"@type":"ListItem","position":2,"name":"Parduotuv\u0117","item":"https:\/\/skaitytaknyga.lt\/knygu-parduotuve\/"},{"@type":"ListItem","position":3,"name":"U\u017esiauginkite nauj\u0105 k\u016bn\u0105 (yra skaitymo \u017eymi\u0173)"}]},{"@type":"WebSite","@id":"https:\/\/skaitytaknyga.lt\/#website","url":"https:\/\/skaitytaknyga.lt\/","name":"skaitytaknyga.lt","description":"Skaitytaknyga.lt \u2013 tai ma\u017eas \u0161eimos verslas, kuris prasid\u0117jo nuo meil\u0117s knygoms ir siekio i\u0161gelb\u0117ti knygas nuo likimo prie konteinerio. Kas vienam nereikalingas daiktas \u2013 kitam lobis, o mes esame tarpininkai, kurie padeda abiems tapti laimingesniems ???? \u017dinome kaip nelengva i\u0161gyventi ma\u017eiems verslams, tad nuo \u0161iol, \u010dia rasite ir kit\u0173, ma\u017e\u0173 \u0161eim\u0173 versl\u0173, rank\u0173 darbo, dovan\u0173 sau ir artimiesiems.","publisher":{"@id":"https:\/\/skaitytaknyga.lt\/#organization"},"potentialAction":[{"@type":"SearchAction","target":{"@type":"EntryPoint","urlTemplate":"https:\/\/skaitytaknyga.lt\/?s={search_term_string}"},"query-input":{"@type":"PropertyValueSpecification","valueRequired":true,"valueName":"search_term_string"}}],"inLanguage":"en-GB"},{"@type":"Organization","@id":"https:\/\/skaitytaknyga.lt\/#organization","name":"skaitytaknyga.lt","url":"https:\/\/skaitytaknyga.lt\/","logo":{"@type":"ImageObject","inLanguage":"en-GB","@id":"https:\/\/skaitytaknyga.lt\/#\/schema\/logo\/image\/","url":"https:\/\/skaitytaknyga.lt\/wp-content\/uploads\/2024\/05\/cropped-cropped-cropped-02_00843_jt3bggkj1j3HLc7SyY6rEUpg.jpeg","contentUrl":"https:\/\/skaitytaknyga.lt\/wp-content\/uploads\/2024\/05\/cropped-cropped-cropped-02_00843_jt3bggkj1j3HLc7SyY6rEUpg.jpeg","width":1600,"height":1600,"caption":"skaitytaknyga.lt"},"image":{"@id":"https:\/\/skaitytaknyga.lt\/#\/schema\/logo\/image\/"},"sameAs":["https:\/\/www.facebook.com\/skaitytaknyga\/"]}]}},"_links":{"self":[{"href":"https:\/\/skaitytaknyga.lt\/en\/wp-json\/wp\/v2\/product\/22732","targetHints":{"allow":["GET"]}}],"collection":[{"href":"https:\/\/skaitytaknyga.lt\/en\/wp-json\/wp\/v2\/product"}],"about":[{"href":"https:\/\/skaitytaknyga.lt\/en\/wp-json\/wp\/v2\/types\/product"}],"replies":[{"embeddable":true,"href":"https:\/\/skaitytaknyga.lt\/en\/wp-json\/wp\/v2\/comments?post=22732"}],"wp:featuredmedia":[{"embeddable":true,"href":"https:\/\/skaitytaknyga.lt\/en\/wp-json\/wp\/v2\/media\/22737"}],"wp:attachment":[{"href":"https:\/\/skaitytaknyga.lt\/en\/wp-json\/wp\/v2\/media?parent=22732"}],"wp:term":[{"taxonomy":"product_brand","embeddable":true,"href":"https:\/\/skaitytaknyga.lt\/en\/wp-json\/wp\/v2\/product_brand?post=22732"},{"taxonomy":"product_cat","embeddable":true,"href":"https:\/\/skaitytaknyga.lt\/en\/wp-json\/wp\/v2\/product_cat?post=22732"},{"taxonomy":"product_tag","embeddable":true,"href":"https:\/\/skaitytaknyga.lt\/en\/wp-json\/wp\/v2\/product_tag?post=22732"}],"curies":[{"name":"wp","href":"https:\/\/api.w.org\/{rel}","templated":true}]}}