{"id":22726,"date":"2026-01-28T11:08:01","date_gmt":"2026-01-28T09:08:01","guid":{"rendered":"https:\/\/skaitytaknyga.lt\/?post_type=product&#038;p=22726"},"modified":"2026-02-26T10:10:21","modified_gmt":"2026-02-26T08:10:21","slug":"senoles-pasakojimai","status":"publish","type":"product","link":"https:\/\/skaitytaknyga.lt\/en\/produktas\/senoles-pasakojimai\/","title":{"rendered":"Senol\u0117s pasakojimai"},"content":{"rendered":"<p>\u201eSenol\u0117s pasakojimai\u201c \u2013 tai nuostabios, gilios i\u0161minties kupinos istorijos, papasakotos prie\u0161 daugel\u012f am\u017ei\u0173. Senol\u0117 yra m\u016bs\u0173 dvasioje gl\u016bdin\u010dios am\u017einos ir nesenstan\u010dios i\u0161minties moteri\u0161kojo aspekto \u012fasmeninimas. Leiskite jai kalb\u0117ti j\u016bs\u0173 \u0161ird\u017eiai ir sielai. \u012e \u0161i\u0105 knyg\u0105 sud\u0117tos Senol\u0117s istorijos pad\u0117s i\u0161silaisvinti i\u0161 pasenusio, ribojan\u010dio po\u017ei\u016brio \u012f pasaul\u012f ir pamatyti gyvenimo si\u016blomas neribotas galimybes.<\/p>\n<p>D\u0117koju, kad perskait\u0117te mano knyg\u0105. Tikiuosi, ji patiko jums nuo prad\u017eios iki galo. Jeigu taip, skirkite \u0161iek tiek savo laiko ir pad\u0117kite \u0161i\u0105 knyg\u0105 atrasti kitiems. Papasakokite apie j\u0105 savo draugams, para\u0161ykite apie j\u0105 feisbuke, tviteryje ir pan. Dalykit\u0117s su d\u017eiaugsmu.<\/p>\n<p>Man taip pat b\u016bt\u0173 labai malonu, jeigu para\u0161ytum\u0117te atsiliepim\u0105 apie mano knyg\u0105, kad kitiems b\u016bt\u0173 lengviau j\u0105 rasti. Atsiliepime pasidalykite, kod\u0117l knyga jums patiko. Jeigu ra\u0161ysite atsiliepim\u0105, prane\u0161kite man apie tai elektroniniu pa\u0161tu (susan@susangregg.com), ir a\u0161 atsi\u0173siu jums nemokam\u0105 savo kitos knygos egzempliori\u0173.<\/p>\n<p>Jei norite gauti prane\u0161imus apie i\u0161leid\u017eiamas mano naujas knygas, apsilankykite tinklalapyje http:\/\/SusanGregg. com\/nextbook ir u\u017esiregistruokite. D\u0117koju, kad leidote man b\u016bti j\u016bs\u0173 kelion\u0117s dalimi. Jeigu turite koki\u0173 nors klausim\u0173 arba jei galiu jums kuo nors pad\u0117ti, para\u0161ykite man. \u012e visus man adresuotus elektroninius lai\u0161kus atsakau pati. Jei nesulauksite mano atsakymo, vadinasi, j\u016bs\u0173 lai\u0161ko d\u0117l koki\u0173 nors prie\u017eas\u010di\u0173 negavau. Jeigu jums nepavyks su manimi susisiekti, para\u0161ykite man per tinklalap\u012f http:\/\/www.susangregg.com\/contact\/. Kiek \u017einau, \u0161iuo b\u016bdu atsi\u0173stos \u017einut\u0117s visada mane pasiekia. Dar kart\u0105 d\u0117koju, kad perskait\u0117te mano knyg\u0105. Ji yra viena i\u0161 knyg\u0173 serijos apie tai, kaip transformuoti savo gyvenim\u0105. Jeigu turite pasi\u016blym\u0173 arba nor\u0117tum\u0117te, kad para\u0161y\u010diau kokia nors konkre\u010dia tema, prane\u0161kite man.<\/p>\n<p>Su meile ir dideliu d\u017eiaugsmu<\/p>\n","protected":false},"excerpt":{"rendered":"<p>\u201eSenol\u0117s pasakojimai\u201c \u2013 tai nuostabios, gilios i\u0161minties kupinos istorijos, papasakotos prie\u0161 daugel\u012f am\u017ei\u0173. Senol\u0117 yra m\u016bs\u0173 dvasioje gl\u016bdin\u010dios am\u017einos ir nesenstan\u010dios i\u0161minties moteri\u0161kojo aspekto \u012fasmeninimas. Leiskite jai kalb\u0117ti j\u016bs\u0173 \u0161ird\u017eiai ir sielai. \u012e \u0161i\u0105 knyg\u0105 sud\u0117tos Senol\u0117s istorijos pad\u0117s i\u0161silaisvinti i\u0161 pasenusio, ribojan\u010dio po\u017ei\u016brio \u012f pasaul\u012f ir pamatyti gyvenimo si\u016blomas neribotas galimybes. D\u0117koju, kad perskait\u0117te mano knyg\u0105. Tikiuosi, ji patiko jums nuo prad\u017eios iki galo. Jeigu taip, skirkite \u0161iek tiek savo laiko ir pad\u0117kite \u0161i\u0105 knyg\u0105 atrasti kitiems. Papasakokite apie j\u0105 savo draugams, para\u0161ykite apie j\u0105 feisbuke, tviteryje ir pan. Dalykit\u0117s su d\u017eiaugsmu. Man taip pat b\u016bt\u0173 labai malonu, jeigu para\u0161ytum\u0117te atsiliepim\u0105 apie mano knyg\u0105, kad kitiems b\u016bt\u0173 lengviau j\u0105 rasti. Atsiliepime pasidalykite, kod\u0117l knyga jums patiko. Jeigu ra\u0161ysite atsiliepim\u0105, prane\u0161kite man apie tai elektroniniu pa\u0161tu (susan@susangregg.com), ir a\u0161 atsi\u0173siu jums nemokam\u0105 savo kitos knygos egzempliori\u0173. Jei norite gauti prane\u0161imus apie i\u0161leid\u017eiamas mano naujas knygas, apsilankykite tinklalapyje http:\/\/SusanGregg. com\/nextbook ir u\u017esiregistruokite. D\u0117koju, kad leidote man b\u016bti j\u016bs\u0173 kelion\u0117s dalimi. Jeigu turite koki\u0173 nors klausim\u0173 arba jei galiu jums kuo nors pad\u0117ti, para\u0161ykite man. \u012e visus man adresuotus elektroninius lai\u0161kus atsakau pati. Jei nesulauksite mano atsakymo, vadinasi, j\u016bs\u0173 lai\u0161ko d\u0117l koki\u0173 nors prie\u017eas\u010di\u0173 negavau. Jeigu jums nepavyks su manimi susisiekti, para\u0161ykite man per tinklalap\u012f http:\/\/www.susangregg.com\/contact\/. Kiek \u017einau, \u0161iuo b\u016bdu atsi\u0173stos \u017einut\u0117s visada mane pasiekia. Dar kart\u0105 d\u0117koju, kad perskait\u0117te mano knyg\u0105. Ji yra viena i\u0161 knyg\u0173 serijos apie tai, kaip transformuoti savo gyvenim\u0105. Jeigu turite pasi\u016blym\u0173 arba nor\u0117tum\u0117te, kad para\u0161y\u010diau kokia nors konkre\u010dia tema, prane\u0161kite man. Su meile ir dideliu d\u017eiaugsmu<\/p>\n","protected":false},"featured_media":22731,"comment_status":"open","ping_status":"closed","template":"","meta":{"_acf_changed":false,"site-sidebar-layout":"default","site-content-layout":"","ast-site-content-layout":"default","site-content-style":"default","site-sidebar-style":"default","ast-global-header-display":"","ast-banner-title-visibility":"","ast-main-header-display":"","ast-hfb-above-header-display":"","ast-hfb-below-header-display":"","ast-hfb-mobile-header-display":"","site-post-title":"","ast-breadcrumbs-content":"","ast-featured-img":"","footer-sml-layout":"","ast-disable-related-posts":"","theme-transparent-header-meta":"","adv-header-id-meta":"","stick-header-meta":"","header-above-stick-meta":"","header-main-stick-meta":"","header-below-stick-meta":"","astra-migrate-meta-layouts":"default","ast-page-background-enabled":"default","ast-page-background-meta":{"desktop":{"background-color":"","background-image":"","background-repeat":"repeat","background-position":"center center","background-size":"auto","background-attachment":"scroll","background-type":"","background-media":"","overlay-type":"","overlay-color":"","overlay-opacity":"","overlay-gradient":""},"tablet":{"background-color":"","background-image":"","background-repeat":"repeat","background-position":"center center","background-size":"auto","background-attachment":"scroll","background-type":"","background-media":"","overlay-type":"","overlay-color":"","overlay-opacity":"","overlay-gradient":""},"mobile":{"background-color":"","background-image":"","background-repeat":"repeat","background-position":"center center","background-size":"auto","background-attachment":"scroll","background-type":"","background-media":"","overlay-type":"","overlay-color":"","overlay-opacity":"","overlay-gradient":""}},"ast-content-background-meta":{"desktop":{"background-color":"var(--ast-global-color-4)","background-image":"","background-repeat":"repeat","background-position":"center center","background-size":"auto","background-attachment":"scroll","background-type":"","background-media":"","overlay-type":"","overlay-color":"","overlay-opacity":"","overlay-gradient":""},"tablet":{"background-color":"var(--ast-global-color-4)","background-image":"","background-repeat":"repeat","background-position":"center center","background-size":"auto","background-attachment":"scroll","background-type":"","background-media":"","overlay-type":"","overlay-color":"","overlay-opacity":"","overlay-gradient":""},"mobile":{"background-color":"var(--ast-global-color-4)","background-image":"","background-repeat":"repeat","background-position":"center center","background-size":"auto","background-attachment":"scroll","background-type":"","background-media":"","overlay-type":"","overlay-color":"","overlay-opacity":"","overlay-gradient":""}}},"product_brand":[],"product_cat":[165],"product_tag":[9312],"class_list":{"0":"post-22726","1":"product","2":"type-product","3":"status-publish","4":"has-post-thumbnail","6":"product_cat-religija-filosofija-ir-ezoterika","7":"product_tag-ltsusan-gregg","8":"desktop-align-left","9":"tablet-align-left","10":"mobile-align-left","12":"first","13":"instock","14":"shipping-taxable","15":"purchasable","16":"product-type-simple"},"acf":[],"yoast_head":"<!-- This site is optimized with the Yoast SEO plugin v27.0 - https:\/\/yoast.com\/product\/yoast-seo-wordpress\/ -->\n<title>Senol\u0117s pasakojimai<\/title>\n<meta name=\"description\" content=\"\u201eSenol\u0117s pasakojimai\u201c \u2013 tai nuostabios, gilios i\u0161minties kupinos istorijos, papasakotos prie\u0161 daugel\u012f am\u017ei\u0173. Senol\u0117 yra m\u016bs\u0173 dvasioje gl\u016bdin\u010dios am\u017einos\" \/>\n<meta name=\"robots\" content=\"index, follow, max-snippet:-1, max-image-preview:large, max-video-preview:-1\" \/>\n<link rel=\"canonical\" href=\"https:\/\/skaitytaknyga.lt\/en\/produktas\/senoles-pasakojimai\/\" \/>\n<meta property=\"og:locale\" content=\"en_GB\" \/>\n<meta property=\"og:locale:alternate\" content=\"lt_LT\" \/>\n<meta property=\"og:type\" content=\"article\" \/>\n<meta property=\"og:title\" content=\"Senol\u0117s pasakojimai\" \/>\n<meta property=\"og:description\" content=\"\u201eSenol\u0117s pasakojimai\u201c \u2013 tai nuostabios, gilios i\u0161minties kupinos istorijos, papasakotos prie\u0161 daugel\u012f am\u017ei\u0173. Senol\u0117 yra m\u016bs\u0173 dvasioje gl\u016bdin\u010dios am\u017einos\" \/>\n<meta property=\"og:url\" content=\"https:\/\/skaitytaknyga.lt\/en\/produktas\/senoles-pasakojimai\/\" \/>\n<meta property=\"og:site_name\" content=\"Skaitytaknyga\" \/>\n<meta property=\"article:publisher\" content=\"https:\/\/www.facebook.com\/skaitytaknyga\/\" \/>\n<meta property=\"article:modified_time\" content=\"2026-02-26T08:10:21+00:00\" \/>\n<meta property=\"og:image\" content=\"https:\/\/skaitytaknyga.lt\/wp-content\/uploads\/2026\/01\/Senoles-pasakojimai-1.webp\" \/>\n\t<meta property=\"og:image:width\" content=\"300\" \/>\n\t<meta property=\"og:image:height\" content=\"458\" \/>\n\t<meta property=\"og:image:type\" content=\"image\/webp\" \/>\n<meta name=\"twitter:card\" content=\"summary_large_image\" \/>\n<meta name=\"twitter:label1\" content=\"Estimated reading time\" \/>\n\t<meta name=\"twitter:data1\" content=\"2 minutes\" \/>\n<script type=\"application\/ld+json\" class=\"yoast-schema-graph\">{\"@context\":\"https:\/\/schema.org\",\"@graph\":[{\"@type\":\"WebPage\",\"@id\":\"https:\/\/skaitytaknyga.lt\/produktas\/senoles-pasakojimai\/\",\"url\":\"https:\/\/skaitytaknyga.lt\/produktas\/senoles-pasakojimai\/\",\"name\":\"Senol\u0117s pasakojimai\",\"isPartOf\":{\"@id\":\"https:\/\/skaitytaknyga.lt\/#website\"},\"primaryImageOfPage\":{\"@id\":\"https:\/\/skaitytaknyga.lt\/produktas\/senoles-pasakojimai\/#primaryimage\"},\"image\":{\"@id\":\"https:\/\/skaitytaknyga.lt\/produktas\/senoles-pasakojimai\/#primaryimage\"},\"thumbnailUrl\":\"https:\/\/skaitytaknyga.lt\/wp-content\/uploads\/2026\/01\/Senoles-pasakojimai-1.webp\",\"datePublished\":\"2026-01-28T09:08:01+00:00\",\"dateModified\":\"2026-02-26T08:10:21+00:00\",\"description\":\"\u201eSenol\u0117s pasakojimai\u201c \u2013 tai nuostabios, gilios i\u0161minties kupinos istorijos, papasakotos prie\u0161 daugel\u012f am\u017ei\u0173. Senol\u0117 yra m\u016bs\u0173 dvasioje gl\u016bdin\u010dios am\u017einos\",\"breadcrumb\":{\"@id\":\"https:\/\/skaitytaknyga.lt\/produktas\/senoles-pasakojimai\/#breadcrumb\"},\"inLanguage\":\"en-GB\",\"potentialAction\":[{\"@type\":\"ReadAction\",\"target\":[\"https:\/\/skaitytaknyga.lt\/produktas\/senoles-pasakojimai\/\"]}]},{\"@type\":\"ImageObject\",\"inLanguage\":\"en-GB\",\"@id\":\"https:\/\/skaitytaknyga.lt\/produktas\/senoles-pasakojimai\/#primaryimage\",\"url\":\"https:\/\/skaitytaknyga.lt\/wp-content\/uploads\/2026\/01\/Senoles-pasakojimai-1.webp\",\"contentUrl\":\"https:\/\/skaitytaknyga.lt\/wp-content\/uploads\/2026\/01\/Senoles-pasakojimai-1.webp\",\"width\":300,\"height\":458,\"caption\":\"Senol\u0117s pasakojimai\"},{\"@type\":\"BreadcrumbList\",\"@id\":\"https:\/\/skaitytaknyga.lt\/produktas\/senoles-pasakojimai\/#breadcrumb\",\"itemListElement\":[{\"@type\":\"ListItem\",\"position\":1,\"name\":\"Home\",\"item\":\"https:\/\/skaitytaknyga.lt\/\"},{\"@type\":\"ListItem\",\"position\":2,\"name\":\"Parduotuv\u0117\",\"item\":\"https:\/\/skaitytaknyga.lt\/knygu-parduotuve\/\"},{\"@type\":\"ListItem\",\"position\":3,\"name\":\"Senol\u0117s pasakojimai\"}]},{\"@type\":\"WebSite\",\"@id\":\"https:\/\/skaitytaknyga.lt\/#website\",\"url\":\"https:\/\/skaitytaknyga.lt\/\",\"name\":\"skaitytaknyga.lt\",\"description\":\"Skaitytaknyga.lt \u2013 tai ma\u017eas \u0161eimos verslas, kuris prasid\u0117jo nuo meil\u0117s knygoms ir siekio i\u0161gelb\u0117ti knygas nuo likimo prie konteinerio. Kas vienam nereikalingas daiktas \u2013 kitam lobis, o mes esame tarpininkai, kurie padeda abiems tapti laimingesniems ???? \u017dinome kaip nelengva i\u0161gyventi ma\u017eiems verslams, tad nuo \u0161iol, \u010dia rasite ir kit\u0173, ma\u017e\u0173 \u0161eim\u0173 versl\u0173, rank\u0173 darbo, dovan\u0173 sau ir artimiesiems.\",\"publisher\":{\"@id\":\"https:\/\/skaitytaknyga.lt\/#organization\"},\"potentialAction\":[{\"@type\":\"SearchAction\",\"target\":{\"@type\":\"EntryPoint\",\"urlTemplate\":\"https:\/\/skaitytaknyga.lt\/?s={search_term_string}\"},\"query-input\":{\"@type\":\"PropertyValueSpecification\",\"valueRequired\":true,\"valueName\":\"search_term_string\"}}],\"inLanguage\":\"en-GB\"},{\"@type\":\"Organization\",\"@id\":\"https:\/\/skaitytaknyga.lt\/#organization\",\"name\":\"skaitytaknyga.lt\",\"url\":\"https:\/\/skaitytaknyga.lt\/\",\"logo\":{\"@type\":\"ImageObject\",\"inLanguage\":\"en-GB\",\"@id\":\"https:\/\/skaitytaknyga.lt\/#\/schema\/logo\/image\/\",\"url\":\"https:\/\/skaitytaknyga.lt\/wp-content\/uploads\/2024\/05\/cropped-cropped-cropped-02_00843_jt3bggkj1j3HLc7SyY6rEUpg.jpeg\",\"contentUrl\":\"https:\/\/skaitytaknyga.lt\/wp-content\/uploads\/2024\/05\/cropped-cropped-cropped-02_00843_jt3bggkj1j3HLc7SyY6rEUpg.jpeg\",\"width\":1600,\"height\":1600,\"caption\":\"skaitytaknyga.lt\"},\"image\":{\"@id\":\"https:\/\/skaitytaknyga.lt\/#\/schema\/logo\/image\/\"},\"sameAs\":[\"https:\/\/www.facebook.com\/skaitytaknyga\/\"]}]}<\/script>\n<!-- \/ Yoast SEO plugin. -->","yoast_head_json":{"title":"Senol\u0117s pasakojimai","description":"\u201eSenol\u0117s pasakojimai\u201c \u2013 tai nuostabios, gilios i\u0161minties kupinos istorijos, papasakotos prie\u0161 daugel\u012f am\u017ei\u0173. Senol\u0117 yra m\u016bs\u0173 dvasioje gl\u016bdin\u010dios am\u017einos","robots":{"index":"index","follow":"follow","max-snippet":"max-snippet:-1","max-image-preview":"max-image-preview:large","max-video-preview":"max-video-preview:-1"},"canonical":"https:\/\/skaitytaknyga.lt\/en\/produktas\/senoles-pasakojimai\/","og_locale":"en_GB","og_type":"article","og_title":"[:lt]Senol\u0117s pasakojimai[:] - Skaitytaknyga","og_description":"\u201eSenol\u0117s pasakojimai\u201c \u2013 tai nuostabios, gilios i\u0161minties kupinos istorijos, papasakotos prie\u0161 daugel\u012f am\u017ei\u0173. Senol\u0117 yra m\u016bs\u0173 dvasioje gl\u016bdin\u010dios am\u017einos","og_url":"https:\/\/skaitytaknyga.lt\/en\/produktas\/senoles-pasakojimai\/","og_site_name":"Skaitytaknyga","article_publisher":"https:\/\/www.facebook.com\/skaitytaknyga\/","article_modified_time":"2026-02-26T08:10:21+00:00","og_image":[{"width":300,"height":458,"url":"https:\/\/skaitytaknyga.lt\/wp-content\/uploads\/2026\/01\/Senoles-pasakojimai-1.webp","type":"image\/webp"}],"twitter_card":"summary_large_image","twitter_misc":{"Estimated reading time":"2 minutes"},"schema":{"@context":"https:\/\/schema.org","@graph":[{"@type":"WebPage","@id":"https:\/\/skaitytaknyga.lt\/produktas\/senoles-pasakojimai\/","url":"https:\/\/skaitytaknyga.lt\/produktas\/senoles-pasakojimai\/","name":"Senol\u0117s pasakojimai","isPartOf":{"@id":"https:\/\/skaitytaknyga.lt\/#website"},"primaryImageOfPage":{"@id":"https:\/\/skaitytaknyga.lt\/produktas\/senoles-pasakojimai\/#primaryimage"},"image":{"@id":"https:\/\/skaitytaknyga.lt\/produktas\/senoles-pasakojimai\/#primaryimage"},"thumbnailUrl":"https:\/\/skaitytaknyga.lt\/wp-content\/uploads\/2026\/01\/Senoles-pasakojimai-1.webp","datePublished":"2026-01-28T09:08:01+00:00","dateModified":"2026-02-26T08:10:21+00:00","description":"\u201eSenol\u0117s pasakojimai\u201c \u2013 tai nuostabios, gilios i\u0161minties kupinos istorijos, papasakotos prie\u0161 daugel\u012f am\u017ei\u0173. Senol\u0117 yra m\u016bs\u0173 dvasioje gl\u016bdin\u010dios am\u017einos","breadcrumb":{"@id":"https:\/\/skaitytaknyga.lt\/produktas\/senoles-pasakojimai\/#breadcrumb"},"inLanguage":"en-GB","potentialAction":[{"@type":"ReadAction","target":["https:\/\/skaitytaknyga.lt\/produktas\/senoles-pasakojimai\/"]}]},{"@type":"ImageObject","inLanguage":"en-GB","@id":"https:\/\/skaitytaknyga.lt\/produktas\/senoles-pasakojimai\/#primaryimage","url":"https:\/\/skaitytaknyga.lt\/wp-content\/uploads\/2026\/01\/Senoles-pasakojimai-1.webp","contentUrl":"https:\/\/skaitytaknyga.lt\/wp-content\/uploads\/2026\/01\/Senoles-pasakojimai-1.webp","width":300,"height":458,"caption":"Senol\u0117s pasakojimai"},{"@type":"BreadcrumbList","@id":"https:\/\/skaitytaknyga.lt\/produktas\/senoles-pasakojimai\/#breadcrumb","itemListElement":[{"@type":"ListItem","position":1,"name":"Home","item":"https:\/\/skaitytaknyga.lt\/"},{"@type":"ListItem","position":2,"name":"Parduotuv\u0117","item":"https:\/\/skaitytaknyga.lt\/knygu-parduotuve\/"},{"@type":"ListItem","position":3,"name":"Senol\u0117s pasakojimai"}]},{"@type":"WebSite","@id":"https:\/\/skaitytaknyga.lt\/#website","url":"https:\/\/skaitytaknyga.lt\/","name":"skaitytaknyga.lt","description":"Skaitytaknyga.lt \u2013 tai ma\u017eas \u0161eimos verslas, kuris prasid\u0117jo nuo meil\u0117s knygoms ir siekio i\u0161gelb\u0117ti knygas nuo likimo prie konteinerio. Kas vienam nereikalingas daiktas \u2013 kitam lobis, o mes esame tarpininkai, kurie padeda abiems tapti laimingesniems ???? \u017dinome kaip nelengva i\u0161gyventi ma\u017eiems verslams, tad nuo \u0161iol, \u010dia rasite ir kit\u0173, ma\u017e\u0173 \u0161eim\u0173 versl\u0173, rank\u0173 darbo, dovan\u0173 sau ir artimiesiems.","publisher":{"@id":"https:\/\/skaitytaknyga.lt\/#organization"},"potentialAction":[{"@type":"SearchAction","target":{"@type":"EntryPoint","urlTemplate":"https:\/\/skaitytaknyga.lt\/?s={search_term_string}"},"query-input":{"@type":"PropertyValueSpecification","valueRequired":true,"valueName":"search_term_string"}}],"inLanguage":"en-GB"},{"@type":"Organization","@id":"https:\/\/skaitytaknyga.lt\/#organization","name":"skaitytaknyga.lt","url":"https:\/\/skaitytaknyga.lt\/","logo":{"@type":"ImageObject","inLanguage":"en-GB","@id":"https:\/\/skaitytaknyga.lt\/#\/schema\/logo\/image\/","url":"https:\/\/skaitytaknyga.lt\/wp-content\/uploads\/2024\/05\/cropped-cropped-cropped-02_00843_jt3bggkj1j3HLc7SyY6rEUpg.jpeg","contentUrl":"https:\/\/skaitytaknyga.lt\/wp-content\/uploads\/2024\/05\/cropped-cropped-cropped-02_00843_jt3bggkj1j3HLc7SyY6rEUpg.jpeg","width":1600,"height":1600,"caption":"skaitytaknyga.lt"},"image":{"@id":"https:\/\/skaitytaknyga.lt\/#\/schema\/logo\/image\/"},"sameAs":["https:\/\/www.facebook.com\/skaitytaknyga\/"]}]}},"_links":{"self":[{"href":"https:\/\/skaitytaknyga.lt\/en\/wp-json\/wp\/v2\/product\/22726","targetHints":{"allow":["GET"]}}],"collection":[{"href":"https:\/\/skaitytaknyga.lt\/en\/wp-json\/wp\/v2\/product"}],"about":[{"href":"https:\/\/skaitytaknyga.lt\/en\/wp-json\/wp\/v2\/types\/product"}],"replies":[{"embeddable":true,"href":"https:\/\/skaitytaknyga.lt\/en\/wp-json\/wp\/v2\/comments?post=22726"}],"wp:featuredmedia":[{"embeddable":true,"href":"https:\/\/skaitytaknyga.lt\/en\/wp-json\/wp\/v2\/media\/22731"}],"wp:attachment":[{"href":"https:\/\/skaitytaknyga.lt\/en\/wp-json\/wp\/v2\/media?parent=22726"}],"wp:term":[{"taxonomy":"product_brand","embeddable":true,"href":"https:\/\/skaitytaknyga.lt\/en\/wp-json\/wp\/v2\/product_brand?post=22726"},{"taxonomy":"product_cat","embeddable":true,"href":"https:\/\/skaitytaknyga.lt\/en\/wp-json\/wp\/v2\/product_cat?post=22726"},{"taxonomy":"product_tag","embeddable":true,"href":"https:\/\/skaitytaknyga.lt\/en\/wp-json\/wp\/v2\/product_tag?post=22726"}],"curies":[{"name":"wp","href":"https:\/\/api.w.org\/{rel}","templated":true}]}}