{"id":22725,"date":"2026-01-28T11:08:01","date_gmt":"2026-01-28T09:08:01","guid":{"rendered":"https:\/\/skaitytaknyga.lt\/?post_type=product&#038;p=22725"},"modified":"2026-01-28T11:24:00","modified_gmt":"2026-01-28T09:24:00","slug":"santuokos-portretas","status":"publish","type":"product","link":"https:\/\/skaitytaknyga.lt\/en\/produktas\/santuokos-portretas\/","title":{"rendered":"Santuokos portretas"},"content":{"rendered":"<p>1561-\u0173j\u0173 \u017eiema. Lukrecija de Medi\u010di, Feraros kunigaik\u0161tien\u0117, savo vyro Alfonso netik\u0117tai atgabenama \u012f nuo\u0161al\u0173 u\u017ekamp\u012f. S\u0117sdamasi u\u017e ilgo, nu\u0161veisto iki vandens glotnumo piet\u0173 stalo, ji supranta, kad Alfonsas ketina j\u0105 nu\u017eudyti.<\/p>\n<p>Lukrecijai \u0161e\u0161iolika, po vestuvi\u0173 nepra\u0117jo n\u0117 met\u0173. Prie\u0161 tai ji gyveno visai kitok\u012f gyvenim\u0105: b\u016bdama tre\u010dioji Kozimo, Toskanos did\u017eiojo kunigaik\u0161\u010dio, dukra, gal\u0117jo laisvai klaid\u017eioti po did\u017eiuosius Florencijos r\u016bmus ir u\u017esiimti, kuo \u0161irdis geid\u017eia. Ta\u010diau savo vestuvi\u0173 su Feraros kunigaik\u0161\u010diu i\u0161vakar\u0117se mirus jos vyresniajai seseriai, Lukrecija visai to nenor\u0117dama atsiduria d\u0117mesio centre. Kunigaik\u0161tis Alfonsas netrunka papra\u0161yti Lukrecijos rankos, o jos t\u0117vas netrunka jos vardu sutikti.<\/p>\n<p>Taip prasideda naujas Lukrecijos gyvenimas naujuose nesvetinguose r\u016bmuose, kuriuose ma\u017eiausiai perprantamas jai atrodo pats Alfonsas. Ar jis \u017eaismingas ir sofistikuotas estetas, geriausiai besijau\u010diantis meno apsuptyje, ar negailestingas politikas, prie\u0161 kur\u012f, regis, g\u016b\u017eiasi net jo paties seserys?<\/p>\n<p>Maggie O&#8217;Farrell \u201eSantuokos portrete\u201c savo \u017evilgsn\u012f sutelkia \u012f gro\u017eio ir \u017eiaurumo kupin\u0105 Renesanso laik\u0173 Italijos aristokrat\u0173 \u0161eimos gyvenim\u0105, kuriame ry\u0161kiausiai spindi jaunos moters ry\u017etas kovoti u\u017e savo i\u0161likim\u0105.<\/p>\n","protected":false},"excerpt":{"rendered":"<p>1561-\u0173j\u0173 \u017eiema. Lukrecija de Medi\u010di, Feraros kunigaik\u0161tien\u0117, savo vyro Alfonso netik\u0117tai atgabenama \u012f nuo\u0161al\u0173 u\u017ekamp\u012f. S\u0117sdamasi u\u017e ilgo, nu\u0161veisto iki vandens glotnumo piet\u0173 stalo, ji supranta, kad Alfonsas ketina j\u0105 nu\u017eudyti. Lukrecijai \u0161e\u0161iolika, po vestuvi\u0173 nepra\u0117jo n\u0117 met\u0173. Prie\u0161 tai ji gyveno visai kitok\u012f gyvenim\u0105: b\u016bdama tre\u010dioji Kozimo, Toskanos did\u017eiojo kunigaik\u0161\u010dio, dukra, gal\u0117jo laisvai klaid\u017eioti po did\u017eiuosius Florencijos r\u016bmus ir u\u017esiimti, kuo \u0161irdis geid\u017eia. Ta\u010diau savo vestuvi\u0173 su Feraros kunigaik\u0161\u010diu i\u0161vakar\u0117se mirus jos vyresniajai seseriai, Lukrecija visai to nenor\u0117dama atsiduria d\u0117mesio centre. Kunigaik\u0161tis Alfonsas netrunka papra\u0161yti Lukrecijos rankos, o jos t\u0117vas netrunka jos vardu sutikti. Taip prasideda naujas Lukrecijos gyvenimas naujuose nesvetinguose r\u016bmuose, kuriuose ma\u017eiausiai perprantamas jai atrodo pats Alfonsas. Ar jis \u017eaismingas ir sofistikuotas estetas, geriausiai besijau\u010diantis meno apsuptyje, ar negailestingas politikas, prie\u0161 kur\u012f, regis, g\u016b\u017eiasi net jo paties seserys? Maggie O&#8217;Farrell \u201eSantuokos portrete\u201c savo \u017evilgsn\u012f sutelkia \u012f gro\u017eio ir \u017eiaurumo kupin\u0105 Renesanso laik\u0173 Italijos aristokrat\u0173 \u0161eimos gyvenim\u0105, kuriame ry\u0161kiausiai spindi jaunos moters ry\u017etas kovoti u\u017e savo i\u0161likim\u0105.<\/p>\n","protected":false},"featured_media":22730,"comment_status":"open","ping_status":"closed","template":"","meta":{"_acf_changed":false,"site-sidebar-layout":"default","site-content-layout":"","ast-site-content-layout":"default","site-content-style":"default","site-sidebar-style":"default","ast-global-header-display":"","ast-banner-title-visibility":"","ast-main-header-display":"","ast-hfb-above-header-display":"","ast-hfb-below-header-display":"","ast-hfb-mobile-header-display":"","site-post-title":"","ast-breadcrumbs-content":"","ast-featured-img":"","footer-sml-layout":"","ast-disable-related-posts":"","theme-transparent-header-meta":"","adv-header-id-meta":"","stick-header-meta":"","header-above-stick-meta":"","header-main-stick-meta":"","header-below-stick-meta":"","astra-migrate-meta-layouts":"default","ast-page-background-enabled":"default","ast-page-background-meta":{"desktop":{"background-color":"","background-image":"","background-repeat":"repeat","background-position":"center center","background-size":"auto","background-attachment":"scroll","background-type":"","background-media":"","overlay-type":"","overlay-color":"","overlay-opacity":"","overlay-gradient":""},"tablet":{"background-color":"","background-image":"","background-repeat":"repeat","background-position":"center center","background-size":"auto","background-attachment":"scroll","background-type":"","background-media":"","overlay-type":"","overlay-color":"","overlay-opacity":"","overlay-gradient":""},"mobile":{"background-color":"","background-image":"","background-repeat":"repeat","background-position":"center center","background-size":"auto","background-attachment":"scroll","background-type":"","background-media":"","overlay-type":"","overlay-color":"","overlay-opacity":"","overlay-gradient":""}},"ast-content-background-meta":{"desktop":{"background-color":"var(--ast-global-color-4)","background-image":"","background-repeat":"repeat","background-position":"center center","background-size":"auto","background-attachment":"scroll","background-type":"","background-media":"","overlay-type":"","overlay-color":"","overlay-opacity":"","overlay-gradient":""},"tablet":{"background-color":"var(--ast-global-color-4)","background-image":"","background-repeat":"repeat","background-position":"center center","background-size":"auto","background-attachment":"scroll","background-type":"","background-media":"","overlay-type":"","overlay-color":"","overlay-opacity":"","overlay-gradient":""},"mobile":{"background-color":"var(--ast-global-color-4)","background-image":"","background-repeat":"repeat","background-position":"center center","background-size":"auto","background-attachment":"scroll","background-type":"","background-media":"","overlay-type":"","overlay-color":"","overlay-opacity":"","overlay-gradient":""}}},"product_brand":[],"product_cat":[31],"product_tag":[],"class_list":{"0":"post-22725","1":"product","2":"type-product","3":"status-publish","4":"has-post-thumbnail","6":"product_cat-grozine-literatura","7":"desktop-align-left","8":"tablet-align-left","9":"mobile-align-left","11":"first","12":"instock","13":"shipping-taxable","14":"purchasable","15":"product-type-simple"},"acf":[],"yoast_head":"<!-- This site is optimized with the Yoast SEO plugin v27.0 - https:\/\/yoast.com\/product\/yoast-seo-wordpress\/ -->\n<title>Santuokos portretas<\/title>\n<meta name=\"description\" content=\"1561-\u0173j\u0173 \u017eiema. Lukrecija de Medi\u010di, Feraros kunigaik\u0161tien\u0117, savo vyro Alfonso netik\u0117tai atgabenama \u012f nuo\u0161al\u0173 u\u017ekamp\u012f. S\u0117sdamasi u\u017e ilgo, nu\u0161veisto iki\" \/>\n<meta name=\"robots\" content=\"index, follow, max-snippet:-1, max-image-preview:large, max-video-preview:-1\" \/>\n<link rel=\"canonical\" href=\"https:\/\/skaitytaknyga.lt\/en\/produktas\/santuokos-portretas\/\" \/>\n<meta property=\"og:locale\" content=\"en_GB\" \/>\n<meta property=\"og:locale:alternate\" content=\"lt_LT\" \/>\n<meta property=\"og:type\" content=\"article\" \/>\n<meta property=\"og:title\" content=\"Santuokos portretas\" \/>\n<meta property=\"og:description\" content=\"1561-\u0173j\u0173 \u017eiema. Lukrecija de Medi\u010di, Feraros kunigaik\u0161tien\u0117, savo vyro Alfonso netik\u0117tai atgabenama \u012f nuo\u0161al\u0173 u\u017ekamp\u012f. S\u0117sdamasi u\u017e ilgo, nu\u0161veisto iki\" \/>\n<meta property=\"og:url\" content=\"https:\/\/skaitytaknyga.lt\/en\/produktas\/santuokos-portretas\/\" \/>\n<meta property=\"og:site_name\" content=\"Skaitytaknyga\" \/>\n<meta property=\"article:publisher\" content=\"https:\/\/www.facebook.com\/skaitytaknyga\/\" \/>\n<meta property=\"article:modified_time\" content=\"2026-01-28T09:24:00+00:00\" \/>\n<meta property=\"og:image\" content=\"https:\/\/skaitytaknyga.lt\/wp-content\/uploads\/2026\/01\/Santuokos-portretas-1.webp\" \/>\n\t<meta property=\"og:image:width\" content=\"300\" \/>\n\t<meta property=\"og:image:height\" content=\"448\" \/>\n\t<meta property=\"og:image:type\" content=\"image\/webp\" \/>\n<meta name=\"twitter:card\" content=\"summary_large_image\" \/>\n<meta name=\"twitter:label1\" content=\"Estimated reading time\" \/>\n\t<meta name=\"twitter:data1\" content=\"1 minute\" \/>\n<script type=\"application\/ld+json\" class=\"yoast-schema-graph\">{\"@context\":\"https:\/\/schema.org\",\"@graph\":[{\"@type\":\"WebPage\",\"@id\":\"https:\/\/skaitytaknyga.lt\/produktas\/santuokos-portretas\/\",\"url\":\"https:\/\/skaitytaknyga.lt\/produktas\/santuokos-portretas\/\",\"name\":\"Santuokos portretas\",\"isPartOf\":{\"@id\":\"https:\/\/skaitytaknyga.lt\/#website\"},\"primaryImageOfPage\":{\"@id\":\"https:\/\/skaitytaknyga.lt\/produktas\/santuokos-portretas\/#primaryimage\"},\"image\":{\"@id\":\"https:\/\/skaitytaknyga.lt\/produktas\/santuokos-portretas\/#primaryimage\"},\"thumbnailUrl\":\"https:\/\/skaitytaknyga.lt\/wp-content\/uploads\/2026\/01\/Santuokos-portretas-1.webp\",\"datePublished\":\"2026-01-28T09:08:01+00:00\",\"dateModified\":\"2026-01-28T09:24:00+00:00\",\"description\":\"1561-\u0173j\u0173 \u017eiema. Lukrecija de Medi\u010di, Feraros kunigaik\u0161tien\u0117, savo vyro Alfonso netik\u0117tai atgabenama \u012f nuo\u0161al\u0173 u\u017ekamp\u012f. S\u0117sdamasi u\u017e ilgo, nu\u0161veisto iki\",\"breadcrumb\":{\"@id\":\"https:\/\/skaitytaknyga.lt\/produktas\/santuokos-portretas\/#breadcrumb\"},\"inLanguage\":\"en-GB\",\"potentialAction\":[{\"@type\":\"ReadAction\",\"target\":[\"https:\/\/skaitytaknyga.lt\/produktas\/santuokos-portretas\/\"]}]},{\"@type\":\"ImageObject\",\"inLanguage\":\"en-GB\",\"@id\":\"https:\/\/skaitytaknyga.lt\/produktas\/santuokos-portretas\/#primaryimage\",\"url\":\"https:\/\/skaitytaknyga.lt\/wp-content\/uploads\/2026\/01\/Santuokos-portretas-1.webp\",\"contentUrl\":\"https:\/\/skaitytaknyga.lt\/wp-content\/uploads\/2026\/01\/Santuokos-portretas-1.webp\",\"width\":300,\"height\":448},{\"@type\":\"BreadcrumbList\",\"@id\":\"https:\/\/skaitytaknyga.lt\/produktas\/santuokos-portretas\/#breadcrumb\",\"itemListElement\":[{\"@type\":\"ListItem\",\"position\":1,\"name\":\"Home\",\"item\":\"https:\/\/skaitytaknyga.lt\/\"},{\"@type\":\"ListItem\",\"position\":2,\"name\":\"Parduotuv\u0117\",\"item\":\"https:\/\/skaitytaknyga.lt\/knygu-parduotuve\/\"},{\"@type\":\"ListItem\",\"position\":3,\"name\":\"Santuokos portretas\"}]},{\"@type\":\"WebSite\",\"@id\":\"https:\/\/skaitytaknyga.lt\/#website\",\"url\":\"https:\/\/skaitytaknyga.lt\/\",\"name\":\"skaitytaknyga.lt\",\"description\":\"Skaitytaknyga.lt \u2013 tai ma\u017eas \u0161eimos verslas, kuris prasid\u0117jo nuo meil\u0117s knygoms ir siekio i\u0161gelb\u0117ti knygas nuo likimo prie konteinerio. Kas vienam nereikalingas daiktas \u2013 kitam lobis, o mes esame tarpininkai, kurie padeda abiems tapti laimingesniems ???? \u017dinome kaip nelengva i\u0161gyventi ma\u017eiems verslams, tad nuo \u0161iol, \u010dia rasite ir kit\u0173, ma\u017e\u0173 \u0161eim\u0173 versl\u0173, rank\u0173 darbo, dovan\u0173 sau ir artimiesiems.\",\"publisher\":{\"@id\":\"https:\/\/skaitytaknyga.lt\/#organization\"},\"potentialAction\":[{\"@type\":\"SearchAction\",\"target\":{\"@type\":\"EntryPoint\",\"urlTemplate\":\"https:\/\/skaitytaknyga.lt\/?s={search_term_string}\"},\"query-input\":{\"@type\":\"PropertyValueSpecification\",\"valueRequired\":true,\"valueName\":\"search_term_string\"}}],\"inLanguage\":\"en-GB\"},{\"@type\":\"Organization\",\"@id\":\"https:\/\/skaitytaknyga.lt\/#organization\",\"name\":\"skaitytaknyga.lt\",\"url\":\"https:\/\/skaitytaknyga.lt\/\",\"logo\":{\"@type\":\"ImageObject\",\"inLanguage\":\"en-GB\",\"@id\":\"https:\/\/skaitytaknyga.lt\/#\/schema\/logo\/image\/\",\"url\":\"https:\/\/skaitytaknyga.lt\/wp-content\/uploads\/2024\/05\/cropped-cropped-cropped-02_00843_jt3bggkj1j3HLc7SyY6rEUpg.jpeg\",\"contentUrl\":\"https:\/\/skaitytaknyga.lt\/wp-content\/uploads\/2024\/05\/cropped-cropped-cropped-02_00843_jt3bggkj1j3HLc7SyY6rEUpg.jpeg\",\"width\":1600,\"height\":1600,\"caption\":\"skaitytaknyga.lt\"},\"image\":{\"@id\":\"https:\/\/skaitytaknyga.lt\/#\/schema\/logo\/image\/\"},\"sameAs\":[\"https:\/\/www.facebook.com\/skaitytaknyga\/\"]}]}<\/script>\n<!-- \/ Yoast SEO plugin. -->","yoast_head_json":{"title":"Santuokos portretas","description":"1561-\u0173j\u0173 \u017eiema. Lukrecija de Medi\u010di, Feraros kunigaik\u0161tien\u0117, savo vyro Alfonso netik\u0117tai atgabenama \u012f nuo\u0161al\u0173 u\u017ekamp\u012f. S\u0117sdamasi u\u017e ilgo, nu\u0161veisto iki","robots":{"index":"index","follow":"follow","max-snippet":"max-snippet:-1","max-image-preview":"max-image-preview:large","max-video-preview":"max-video-preview:-1"},"canonical":"https:\/\/skaitytaknyga.lt\/en\/produktas\/santuokos-portretas\/","og_locale":"en_GB","og_type":"article","og_title":"[:lt]Santuokos portretas[:] - Skaitytaknyga","og_description":"1561-\u0173j\u0173 \u017eiema. Lukrecija de Medi\u010di, Feraros kunigaik\u0161tien\u0117, savo vyro Alfonso netik\u0117tai atgabenama \u012f nuo\u0161al\u0173 u\u017ekamp\u012f. S\u0117sdamasi u\u017e ilgo, nu\u0161veisto iki","og_url":"https:\/\/skaitytaknyga.lt\/en\/produktas\/santuokos-portretas\/","og_site_name":"Skaitytaknyga","article_publisher":"https:\/\/www.facebook.com\/skaitytaknyga\/","article_modified_time":"2026-01-28T09:24:00+00:00","og_image":[{"width":300,"height":448,"url":"https:\/\/skaitytaknyga.lt\/wp-content\/uploads\/2026\/01\/Santuokos-portretas-1.webp","type":"image\/webp"}],"twitter_card":"summary_large_image","twitter_misc":{"Estimated reading time":"1 minute"},"schema":{"@context":"https:\/\/schema.org","@graph":[{"@type":"WebPage","@id":"https:\/\/skaitytaknyga.lt\/produktas\/santuokos-portretas\/","url":"https:\/\/skaitytaknyga.lt\/produktas\/santuokos-portretas\/","name":"Santuokos portretas","isPartOf":{"@id":"https:\/\/skaitytaknyga.lt\/#website"},"primaryImageOfPage":{"@id":"https:\/\/skaitytaknyga.lt\/produktas\/santuokos-portretas\/#primaryimage"},"image":{"@id":"https:\/\/skaitytaknyga.lt\/produktas\/santuokos-portretas\/#primaryimage"},"thumbnailUrl":"https:\/\/skaitytaknyga.lt\/wp-content\/uploads\/2026\/01\/Santuokos-portretas-1.webp","datePublished":"2026-01-28T09:08:01+00:00","dateModified":"2026-01-28T09:24:00+00:00","description":"1561-\u0173j\u0173 \u017eiema. Lukrecija de Medi\u010di, Feraros kunigaik\u0161tien\u0117, savo vyro Alfonso netik\u0117tai atgabenama \u012f nuo\u0161al\u0173 u\u017ekamp\u012f. S\u0117sdamasi u\u017e ilgo, nu\u0161veisto iki","breadcrumb":{"@id":"https:\/\/skaitytaknyga.lt\/produktas\/santuokos-portretas\/#breadcrumb"},"inLanguage":"en-GB","potentialAction":[{"@type":"ReadAction","target":["https:\/\/skaitytaknyga.lt\/produktas\/santuokos-portretas\/"]}]},{"@type":"ImageObject","inLanguage":"en-GB","@id":"https:\/\/skaitytaknyga.lt\/produktas\/santuokos-portretas\/#primaryimage","url":"https:\/\/skaitytaknyga.lt\/wp-content\/uploads\/2026\/01\/Santuokos-portretas-1.webp","contentUrl":"https:\/\/skaitytaknyga.lt\/wp-content\/uploads\/2026\/01\/Santuokos-portretas-1.webp","width":300,"height":448},{"@type":"BreadcrumbList","@id":"https:\/\/skaitytaknyga.lt\/produktas\/santuokos-portretas\/#breadcrumb","itemListElement":[{"@type":"ListItem","position":1,"name":"Home","item":"https:\/\/skaitytaknyga.lt\/"},{"@type":"ListItem","position":2,"name":"Parduotuv\u0117","item":"https:\/\/skaitytaknyga.lt\/knygu-parduotuve\/"},{"@type":"ListItem","position":3,"name":"Santuokos portretas"}]},{"@type":"WebSite","@id":"https:\/\/skaitytaknyga.lt\/#website","url":"https:\/\/skaitytaknyga.lt\/","name":"skaitytaknyga.lt","description":"Skaitytaknyga.lt \u2013 tai ma\u017eas \u0161eimos verslas, kuris prasid\u0117jo nuo meil\u0117s knygoms ir siekio i\u0161gelb\u0117ti knygas nuo likimo prie konteinerio. Kas vienam nereikalingas daiktas \u2013 kitam lobis, o mes esame tarpininkai, kurie padeda abiems tapti laimingesniems ???? \u017dinome kaip nelengva i\u0161gyventi ma\u017eiems verslams, tad nuo \u0161iol, \u010dia rasite ir kit\u0173, ma\u017e\u0173 \u0161eim\u0173 versl\u0173, rank\u0173 darbo, dovan\u0173 sau ir artimiesiems.","publisher":{"@id":"https:\/\/skaitytaknyga.lt\/#organization"},"potentialAction":[{"@type":"SearchAction","target":{"@type":"EntryPoint","urlTemplate":"https:\/\/skaitytaknyga.lt\/?s={search_term_string}"},"query-input":{"@type":"PropertyValueSpecification","valueRequired":true,"valueName":"search_term_string"}}],"inLanguage":"en-GB"},{"@type":"Organization","@id":"https:\/\/skaitytaknyga.lt\/#organization","name":"skaitytaknyga.lt","url":"https:\/\/skaitytaknyga.lt\/","logo":{"@type":"ImageObject","inLanguage":"en-GB","@id":"https:\/\/skaitytaknyga.lt\/#\/schema\/logo\/image\/","url":"https:\/\/skaitytaknyga.lt\/wp-content\/uploads\/2024\/05\/cropped-cropped-cropped-02_00843_jt3bggkj1j3HLc7SyY6rEUpg.jpeg","contentUrl":"https:\/\/skaitytaknyga.lt\/wp-content\/uploads\/2024\/05\/cropped-cropped-cropped-02_00843_jt3bggkj1j3HLc7SyY6rEUpg.jpeg","width":1600,"height":1600,"caption":"skaitytaknyga.lt"},"image":{"@id":"https:\/\/skaitytaknyga.lt\/#\/schema\/logo\/image\/"},"sameAs":["https:\/\/www.facebook.com\/skaitytaknyga\/"]}]}},"_links":{"self":[{"href":"https:\/\/skaitytaknyga.lt\/en\/wp-json\/wp\/v2\/product\/22725","targetHints":{"allow":["GET"]}}],"collection":[{"href":"https:\/\/skaitytaknyga.lt\/en\/wp-json\/wp\/v2\/product"}],"about":[{"href":"https:\/\/skaitytaknyga.lt\/en\/wp-json\/wp\/v2\/types\/product"}],"replies":[{"embeddable":true,"href":"https:\/\/skaitytaknyga.lt\/en\/wp-json\/wp\/v2\/comments?post=22725"}],"wp:featuredmedia":[{"embeddable":true,"href":"https:\/\/skaitytaknyga.lt\/en\/wp-json\/wp\/v2\/media\/22730"}],"wp:attachment":[{"href":"https:\/\/skaitytaknyga.lt\/en\/wp-json\/wp\/v2\/media?parent=22725"}],"wp:term":[{"taxonomy":"product_brand","embeddable":true,"href":"https:\/\/skaitytaknyga.lt\/en\/wp-json\/wp\/v2\/product_brand?post=22725"},{"taxonomy":"product_cat","embeddable":true,"href":"https:\/\/skaitytaknyga.lt\/en\/wp-json\/wp\/v2\/product_cat?post=22725"},{"taxonomy":"product_tag","embeddable":true,"href":"https:\/\/skaitytaknyga.lt\/en\/wp-json\/wp\/v2\/product_tag?post=22725"}],"curies":[{"name":"wp","href":"https:\/\/api.w.org\/{rel}","templated":true}]}}